{"id":8162,"date":"1970-01-01T00:00:00","date_gmt":"1970-01-01T00:00:00","guid":{"rendered":"https:\/\/elfsight.com\/es\/?page_id=8162"},"modified":"2025-02-06T15:39:58","modified_gmt":"2025-02-06T15:39:58","slug":"drupal","status":"publish","type":"page","link":"https:\/\/elfsight.com\/es\/viber-chat-widget\/drupal\/","title":{"rendered":"Viber Chat &#8211; Drupal"},"content":{"rendered":"<div class=\"application-platform-content-item-description application-platform-content-item\" id=\"description\" data-nav-section=\"description\"> <h2>Descripci\u00f3n<\/h2><p>Viber Chat de Elfsight es una de las formas m\u00e1s pr\u00e1cticas para que los visitantes del sitio web se dirijan a usted a trav\u00e9s de su sitio web. Cada usuario obtendr\u00e1 r\u00e1pidamente soluciones a sus preguntas o asistencia de su parte. Mantente disponible en vivo en uno de los chats m\u00e1s utilizados sin parar. Puede elegir Elfsight Viber Chat para que aparezca una aplicaci\u00f3n emergente en p\u00e1ginas espec\u00edficas y dirigirla a ciertas categor\u00edas de audiencia. El widget tiene un mont\u00f3n de posibilidades de personalizaci\u00f3n: asigne iniciadores de inicio de chat, redacte su mensaje de bienvenida, seleccione \u00edconos y otras funciones. Al tener Viber Chat en tu p\u00e1gina, permanecer\u00e1s en contacto con las personas en todo momento y desde cualquier lugar.<\/p><p><b>\u00a1Agrega Viber Chat para lograr tus objetivos comerciales de forma m\u00e1s sencilla!<\/b><\/p><\/div> <div class=\"application-platform-content-item-features application-platform-content-item\" id=\"features\" data-nav-section=\"features\"> <h2>Encuentra a continuaci\u00f3n las caracter\u00edsticas b\u00e1sicas del widget:<\/h2><ul><li>Una biblioteca de \u00edconos de burbujas para elegir<\/li><li>Opci\u00f3n para editar la burbuja texto<\/li><li>Encabezado de chat con logotipo, nombre y t\u00edtulo de la p\u00e1gina<\/li><li>Nombre de chat editable<\/li><li>5 variantes de tiempo de respuesta en el t\u00edtulo de la ventana de chat<\/li><li>Una opci\u00f3n para elegir texto personalizado como t\u00edtulo de chat<\/li><li>Bot\u00f3n Iniciar chat con texto editable<\/li><\/ul><p><a href=\"#demo\">Simplemente pruebe esta demostraci\u00f3n para obtener la versi\u00f3n completa idea<\/a><\/p><\/div> <div class=\"application-platform-content-item-installation application-platform-content-item\" id=\"installation\" data-nav-section=\"installation\"> <h2>\u00bfC\u00f3mo agregar Viber Chat a mi Drupal?<\/h2><p>Simplemente aplique las instrucciones a continuaci\u00f3n para insertar la herramienta en Drupal.<\/p> <ol><li><b>Utilice nuestro editor gratuito y comience a darle forma a su Viber Chat personalizado. <\/b><br> Especifique el dise\u00f1o y los aspectos deseables del m\u00f3dulo y guarde las correcciones. <\/li> <li><b>Reciba el c\u00f3digo individual expuesto en la ventana de Elfsight Apps. <\/b><br> Una vez finalizada la generaci\u00f3n de su complemento personal, copie el c\u00f3digo personal en el cuadro que aparece y gu\u00e1rdelo para uso futuro. <\/li> <li><b>Comience a utilizar la herramienta en el sitio web de Drupal. <\/b><br>Coloca el c\u00f3digo que has guardado recientemente en tu sitio web y guarda las mejoras. <\/li> <li><b>\u00a1Listo! La configuraci\u00f3n est\u00e1 completamente realizada. <\/b><br> Visite su sitio para inspeccionar el rendimiento del m\u00f3dulo. <\/li><\/ol><p>En caso de que tengas algunas dificultades, no dudes en contactar con nuestro equipo de soporte. Nuestra gente desea ayudarle con todos los problemas que pueda tener con el widget.<\/p><div class=\"faq\" data-component=\"FAQ\"> <div class=\"faq-item\">\r\n\t\t\t\t\t<div class=\"faq-item-question\">\r\n\t\t\t\t\t\t<h3 class=\"faq-item-question-text\">\u00bfC\u00f3mo agregar Viber Chat a mi sitio web Drupal sin conocimientos de codificaci\u00f3n?<\/h3>\r\n\r\n\t\t\t\t\t\t<div class=\"faq-item-question-icon\"><\/div>\r\n\t\t\t\t\t<\/div>\r\n\r\n\t\t\t\t\t<div class=\"faq-item-answer\">\r\n\t\t\t\t\t\t<div class=\"faq-item-answer-text\"> <p>Elfsight proporciona una soluci\u00f3n SaaS que le permite crear un widget de Viber Chat usted mismo. Vea lo f\u00e1cil que es el proceso: trabaje directamente en el editor en l\u00ednea para crear un widget de Viber Chat que le gustar\u00eda ver en su sitio web Drupal. Elija una de las plantillas predise\u00f1adas y ajuste la configuraci\u00f3n de Viber Chat, agregue su contenido, cambie el dise\u00f1o y los colores sin conocimientos de codificaci\u00f3n. Guarde Viber Chat y copie su c\u00f3digo de instalaci\u00f3n, que puede insertar f\u00e1cilmente en su sitio web Drupal sin necesidad de comprar un plan pago. Con nuestro editor intuitivo, cualquier usuario de Internet puede crear un widget de Viber Chat en l\u00ednea e incrustarlo f\u00e1cilmente en su sitio web Drupal. No es necesario pagar ni ingresar las credenciales de su tarjeta para acceder al servicio. Si tiene alg\u00fan problema en cualquier paso, no dude en ponerse en contacto con nuestro equipo de soporte t\u00e9cnico.<\/p> <\/div>\r\n\t\t\t\t\t<\/div>\r\n\t\t\t\t<\/div> <\/div> <\/div>","protected":false},"excerpt":{"rendered":"","protected":false},"author":9,"featured_media":0,"parent":717,"menu_order":0,"comment_status":"closed","ping_status":"closed","template":"templates\/template-application-platform.php","meta":{"publish_to_discourse":"","publish_post_category":"","wpdc_auto_publish_overridden":"","wpdc_topic_tags":"","wpdc_pin_topic":"","wpdc_pin_until":"","discourse_post_id":"","discourse_permalink":"","wpdc_publishing_response":"","wpdc_publishing_error":"","footnotes":""},"class_list":["post-8162","page","type-page","status-publish","hentry"],"yoast_head":"<!-- This site is optimized with the Yoast SEO plugin v25.3.1 - https:\/\/yoast.com\/wordpress\/plugins\/seo\/ -->\n<title>Agregue Viber Chat al sitio web Drupal sin codificaci\u00f3n (2026)<\/title>\n<meta name=\"description\" content=\"Integre Viber con su sitio para conectarse mejor y m\u00e1s r\u00e1pidamente con los visitantes. Pruebe la demostraci\u00f3n de Elfsight para darle forma a su complemento exclusivo ahora.\" \/>\n<meta name=\"robots\" content=\"index, follow, max-snippet:-1, max-image-preview:large, max-video-preview:-1\" \/>\n<link rel=\"canonical\" href=\"https:\/\/elfsight.com\/es\/viber-chat-widget\/drupal\/\" \/>\n<meta property=\"og:locale\" content=\"es_ES\" \/>\n<meta property=\"og:type\" content=\"article\" \/>\n<meta property=\"og:title\" content=\"Agregue Viber Chat al sitio web Drupal sin codificaci\u00f3n (2026)\" \/>\n<meta property=\"og:description\" content=\"Integre Viber con su sitio para conectarse mejor y m\u00e1s r\u00e1pidamente con los visitantes. Pruebe la demostraci\u00f3n de Elfsight para darle forma a su complemento exclusivo ahora.\" \/>\n<meta property=\"og:url\" content=\"https:\/\/elfsight.com\/es\/viber-chat-widget\/drupal\/\" \/>\n<meta property=\"og:site_name\" content=\"Elfsight ES\" \/>\n<meta property=\"article:modified_time\" content=\"2025-02-06T15:39:58+00:00\" \/>\n<meta name=\"twitter:card\" content=\"summary_large_image\" \/>\n<meta name=\"twitter:label1\" content=\"Tiempo de lectura\" \/>\n\t<meta name=\"twitter:data1\" content=\"3 minutos\" \/>\n<!-- \/ Yoast SEO plugin. -->","yoast_head_json":{"title":"Agregue Viber Chat al sitio web Drupal sin codificaci\u00f3n (2026)","description":"Integre Viber con su sitio para conectarse mejor y m\u00e1s r\u00e1pidamente con los visitantes. Pruebe la demostraci\u00f3n de Elfsight para darle forma a su complemento exclusivo ahora.","robots":{"index":"index","follow":"follow","max-snippet":"max-snippet:-1","max-image-preview":"max-image-preview:large","max-video-preview":"max-video-preview:-1"},"canonical":"https:\/\/elfsight.com\/es\/viber-chat-widget\/drupal\/","og_locale":"es_ES","og_type":"article","og_title":"Agregue Viber Chat al sitio web Drupal sin codificaci\u00f3n (2026)","og_description":"Integre Viber con su sitio para conectarse mejor y m\u00e1s r\u00e1pidamente con los visitantes. Pruebe la demostraci\u00f3n de Elfsight para darle forma a su complemento exclusivo ahora.","og_url":"https:\/\/elfsight.com\/es\/viber-chat-widget\/drupal\/","og_site_name":"Elfsight ES","article_modified_time":"2025-02-06T15:39:58+00:00","twitter_card":"summary_large_image","twitter_misc":{"Tiempo de lectura":"3 minutos"},"schema":{"@context":"https:\/\/schema.org","@graph":[{"@type":"WebPage","@id":"https:\/\/elfsight.com\/es\/viber-chat-widget\/drupal\/","url":"https:\/\/elfsight.com\/es\/viber-chat-widget\/drupal\/","name":"Agregue Viber Chat al sitio web Drupal sin codificaci\u00f3n (2026)","isPartOf":{"@id":"https:\/\/elfsight.com\/es\/#website"},"datePublished":"1970-01-01T00:00:00+00:00","dateModified":"2025-02-06T15:39:58+00:00","description":"Integre Viber con su sitio para conectarse mejor y m\u00e1s r\u00e1pidamente con los visitantes. Pruebe la demostraci\u00f3n de Elfsight para darle forma a su complemento exclusivo ahora.","breadcrumb":{"@id":"https:\/\/elfsight.com\/es\/viber-chat-widget\/drupal\/#breadcrumb"},"inLanguage":"es","potentialAction":[{"@type":"ReadAction","target":["https:\/\/elfsight.com\/es\/viber-chat-widget\/drupal\/"]}]},{"@type":"BreadcrumbList","@id":"https:\/\/elfsight.com\/es\/viber-chat-widget\/drupal\/#breadcrumb","itemListElement":[{"@type":"ListItem","position":1,"name":"Home","item":"https:\/\/elfsight.com\/es\/"},{"@type":"ListItem","position":2,"name":"Viber Chat","item":"https:\/\/elfsight.com\/es\/viber-chat-widget\/"},{"@type":"ListItem","position":3,"name":"Viber Chat &#8211; Drupal"}]},{"@type":"WebSite","@id":"https:\/\/elfsight.com\/es\/#website","url":"https:\/\/elfsight.com\/es\/","name":"Elfsight ES","description":"Just another Elfsight Sites site","potentialAction":[{"@type":"SearchAction","target":{"@type":"EntryPoint","urlTemplate":"https:\/\/elfsight.com\/es\/?s={search_term_string}"},"query-input":{"@type":"PropertyValueSpecification","valueRequired":true,"valueName":"search_term_string"}}],"inLanguage":"es"}]}},"meta_box":{"industry":"","seo_heading":"","heading":"","description":"","cta_heading":"","cta_description":"","application":"716","h1":"Chat Viber Drupal","h1_caption":"Ofrezca Viber como canal de comunicaci\u00f3n en su sitio web, facilitando que los visitantes accedan a su sitio web Drupal sin esfuerzo.","application_category":[],"applications_title":"","applications_request_title":"","applications_request_button_text":"","hero_text":"","hero_video":"","hero_video_schema_markup":"","selling_points_title":"","selling_points_caption":"","selling_points":[],"selling_points_cta_text":"","features_title":"","features":"","ed_cta_examples_text":"","ed_cta_examples_hidden":"","ed_cta_demo_text":"","ed_cta_demo_hidden":"","why_caption":"","why_editor_title":"","why_editor_text":"","why_team_title":"","why_team_text":"","why_service_title":"","why_service_text":"","template_catalog_visible":"","template_catalog_title":"","template_catalog_text":"","template_catalog_categories_visible":"","demo_title":"Crea tu m\u00f3dulo de Viber Chat","demo_caption":"\u00a1Configura tu Viber Chat y agr\u00e9galo a tu sitio web Drupal gratis!","default_faq_hidden":"","app_template_category":[],"platform":"2161","template_public_id":"","codecanyon_url":"","codecanyon_item_id":"","codecanyon_price":"","pricing_caption":"","pricing_elfsight_apps_hide_column":"","pricing_elfsight_apps_url":"","pricing_codecanyon_price_caption":"","integration_category":[],"integration_request_title":"","integration_request_cta":"","integration_platform":"","integrations":[],"platform_category":[],"video_schema_markup":"","price":"desde $0 \/ mes","trial":"","benefits":[{"text":"Servicio de instalaci\u00f3n gratuito"},{"text":"Atenci\u00f3n al cliente experimentada"},{"text":"Garant\u00eda de reembolso de 14 d\u00edas"},{"text":"Actualizaciones futuras"}],"button_url":"#demo","button_target_blank":"","button_nofollow":"","attributes":[{"name":"Instalaciones","content":"10,000 - 100,000"},{"name":"Sensible","content":"S\u00ed"},{"name":"Navegadores compatibles","content":"IE11, Firefox, Safari, Opera, Chrome, Edge"}],"tags":[],"tags_disable_links":"","hide_more_platforms":"","video_object":"","demo_hide_cta":"","demo_hide_cloud_options":"","pricing_title":"","pricing":[{"pricing_icon":"platform","pricing_title":"Elfsight Apps","pricing_title_caption":"Software multiplataforma que se adapta a cualquier sitio web","pricing_price":"desde $0 \/ mes","pricing_price_caption":"comienza con el plan gratuito","pricing_benefits":[{"text":"Dominios ilimitados"},{"text":"Soporte profesional de la empresa y bien documentado."},{"text":"Ayuda de instalaci\u00f3n gratuita"},{"text":"Oferta especial para m\u00faltiples aplicaciones."}],"pricing_button_text":"A\u00f1adir al sitio web","pricing_button_url":"#demo"}],"related_apps_title":"","related_apps_hidden":"","author":"","image":[],"title":"","job":"","social_networks":[]},"_links":{"self":[{"href":"https:\/\/elfsight.com\/es\/wp-json\/wp\/v2\/pages\/8162","targetHints":{"allow":["GET"]}}],"collection":[{"href":"https:\/\/elfsight.com\/es\/wp-json\/wp\/v2\/pages"}],"about":[{"href":"https:\/\/elfsight.com\/es\/wp-json\/wp\/v2\/types\/page"}],"author":[{"embeddable":true,"href":"https:\/\/elfsight.com\/es\/wp-json\/wp\/v2\/users\/9"}],"replies":[{"embeddable":true,"href":"https:\/\/elfsight.com\/es\/wp-json\/wp\/v2\/comments?post=8162"}],"version-history":[{"count":2,"href":"https:\/\/elfsight.com\/es\/wp-json\/wp\/v2\/pages\/8162\/revisions"}],"predecessor-version":[{"id":18609,"href":"https:\/\/elfsight.com\/es\/wp-json\/wp\/v2\/pages\/8162\/revisions\/18609"}],"up":[{"embeddable":true,"href":"https:\/\/elfsight.com\/es\/wp-json\/wp\/v2\/pages\/717"}],"wp:attachment":[{"href":"https:\/\/elfsight.com\/es\/wp-json\/wp\/v2\/media?parent=8162"}],"curies":[{"name":"wp","href":"https:\/\/api.w.org\/{rel}","templated":true}]}}