{"id":8156,"date":"1970-01-01T00:00:00","date_gmt":"1970-01-01T00:00:00","guid":{"rendered":"https:\/\/elfsight.com\/es\/?page_id=8156"},"modified":"2025-02-06T15:40:08","modified_gmt":"2025-02-06T15:40:08","slug":"bigcommerce","status":"publish","type":"page","link":"https:\/\/elfsight.com\/es\/viber-chat-widget\/bigcommerce\/","title":{"rendered":"Viber Chat &#8211; BigCommerce"},"content":{"rendered":"<div class=\"application-platform-content-item-description application-platform-content-item\" id=\"description\" data-nav-section=\"description\"> <h2>Descripci\u00f3n<\/h2><p>Elfsight Viber Chat es una de las formas m\u00e1s r\u00e1pidas para que los visitantes del sitio web se dirijan a usted mientras permanece en su sitio web. Cada usuario obtendr\u00e1 r\u00e1pidamente soluciones a sus preguntas o ayuda de su parte. Podr\u00e1 permanecer disponible en l\u00ednea en uno de los chats m\u00e1s utilizados las 24 horas, los 7 d\u00edas de la semana. Puede elegir Elfsight Viber Chat para que aparezca en p\u00e1ginas seleccionadas y configurarlo para ciertos grupos de visitantes. Hay muchas posibilidades de personalizaci\u00f3n: define activadores de inicio de chat, crea tu texto de bienvenida, elige \u00edconos y mucho m\u00e1s. Al utilizar Viber Chat en su sitio, puede permanecer accesible para las personas en todo momento y desde cualquier lugar.<\/p><p><b>Haga que su sitio web sea m\u00e1s exitoso para tareas comerciales con la ayuda de Viber Chat<\/b><\/p><\/div> <div class=\"application-platform-content-item-features application-platform-content-item\" id=\"features\" data-nav-section=\"features\"> <h2>Las caracter\u00edsticas esenciales del widget contienen<\/h2><ul><li>Una colecci\u00f3n de \u00edconos de burbujas para que usted seleccione<\/li><li>Burbuja editable texto<\/li><li>Encabezado de chat con logotipo, nombre y t\u00edtulo de la p\u00e1gina<\/li><li>Elegir la imagen de la p\u00e1gina de forma predeterminada, desde la biblioteca o cargar una imagen personalizada<\/li><li>Cinco opciones de tiempo de respuesta en el t\u00edtulo de la ventana de chat<\/li><li>Configurar texto personalizado como t\u00edtulo<\/li><li>Mensaje de bienvenida editable con opciones de formato y enlaces<\/li><\/ul><p><a href=\"#demo\">Puedes ver lo que vale la pena usar el widget demo<\/a><\/p><\/div> <div class=\"application-platform-content-item-installation application-platform-content-item\" id=\"installation\" data-nav-section=\"installation\"> <h2>\u00bfC\u00f3mo incorporo Viber Chat en mi sitio web de BigCommerce?<\/h2><p>Simplemente siga las siguientes pautas para activar el widget en BigCommerce.<\/p> <ol><li><b>Administre nuestro configurador gratuito y comience a crear su aplicaci\u00f3n personalizada. <\/b><br> Especifique el aspecto y las opciones adecuadas del widget y aplique las ediciones. <\/li> <li><b>Obtenga el c\u00f3digo \u00fanico que se revela en el cuadro de Elfsight Apps. <\/b><br> Cuando finalice la personalizaci\u00f3n de su Viber Chat personal, copie el c\u00f3digo personal en la ventana que aparece y gu\u00e1rdelo para futuras ocasiones. <\/li> <li><b>Comience a usar el widget en el sitio de BigCommerce. <\/b><br>Integre el c\u00f3digo guardado anteriormente en su sitio web y aplique las correcciones. <\/li> <li><b>La instalaci\u00f3n se realiz\u00f3 exitosamente. <\/b><br>Vaya a su p\u00e1gina para ver el funcionamiento del widget. <\/li><\/ol><p>Si tiene preguntas o enfrenta alguna complicaci\u00f3n, no dude en contactar con nuestro equipo de soporte. Nuestros consultores estar\u00e1n encantados de resolver todos los problemas que pueda tener con el complemento.<\/p><div class=\"faq\" data-component=\"FAQ\"> <div class=\"faq-item\">\r\n\t\t\t\t\t<div class=\"faq-item-question\">\r\n\t\t\t\t\t\t<h3 class=\"faq-item-question-text\">\u00bfC\u00f3mo agregar Viber Chat a mi sitio web de BigCommerce sin conocimientos de codificaci\u00f3n?<\/h3>\r\n\r\n\t\t\t\t\t\t<div class=\"faq-item-question-icon\"><\/div>\r\n\t\t\t\t\t<\/div>\r\n\r\n\t\t\t\t\t<div class=\"faq-item-answer\">\r\n\t\t\t\t\t\t<div class=\"faq-item-answer-text\"> <p>Elfsight proporciona una soluci\u00f3n SaaS que le permite crear un widget de Viber Chat usted mismo. Vea lo f\u00e1cil que es el proceso: trabaje directamente en el editor en l\u00ednea para crear un widget de Viber Chat que le gustar\u00eda ver en su sitio web de BigCommerce. Elija una de las plantillas predise\u00f1adas y ajuste la configuraci\u00f3n de Viber Chat, agregue su contenido, cambie el dise\u00f1o y los colores sin conocimientos de codificaci\u00f3n. Guarde Viber Chat y copie su c\u00f3digo de instalaci\u00f3n, que puede simplemente insertar en su sitio web BigCommerce sin comprar una suscripci\u00f3n paga. Con nuestro editor intuitivo, cualquier usuario de Internet puede crear un widget de Viber Chat en l\u00ednea e incrustarlo f\u00e1cilmente en su sitio web BigCommerce. No es necesario pagar ni ingresar las credenciales de su tarjeta para acceder al servicio. Si tiene alg\u00fan problema en cualquier paso, no dude en ponerse en contacto con nuestro equipo de soporte t\u00e9cnico.<\/p> <\/div>\r\n\t\t\t\t\t<\/div>\r\n\t\t\t\t<\/div> <\/div> <\/div>","protected":false},"excerpt":{"rendered":"","protected":false},"author":9,"featured_media":0,"parent":717,"menu_order":0,"comment_status":"closed","ping_status":"closed","template":"templates\/template-application-platform.php","meta":{"publish_to_discourse":"","publish_post_category":"","wpdc_auto_publish_overridden":"","wpdc_topic_tags":"","wpdc_pin_topic":"","wpdc_pin_until":"","discourse_post_id":"","discourse_permalink":"","wpdc_publishing_response":"","wpdc_publishing_error":"","footnotes":""},"class_list":["post-8156","page","type-page","status-publish","hentry"],"yoast_head":"<!-- This site is optimized with the Yoast SEO plugin v25.3.1 - https:\/\/yoast.com\/wordpress\/plugins\/seo\/ -->\n<title>Agregue Viber Chat al sitio web de BigCommerce sin codificaci\u00f3n (2025)<\/title>\n<meta name=\"description\" content=\"Integre Viber con el sitio para conectarse m\u00e1s f\u00e1cil y r\u00e1pidamente con los clientes. Pruebe la demostraci\u00f3n de Elfsight para crear su complemento exclusivo ahora.\" \/>\n<meta name=\"robots\" content=\"index, follow, max-snippet:-1, max-image-preview:large, max-video-preview:-1\" \/>\n<link rel=\"canonical\" href=\"https:\/\/elfsight.com\/es\/viber-chat-widget\/bigcommerce\/\" \/>\n<meta property=\"og:locale\" content=\"es_ES\" \/>\n<meta property=\"og:type\" content=\"article\" \/>\n<meta property=\"og:title\" content=\"Agregue Viber Chat al sitio web de BigCommerce sin codificaci\u00f3n (2025)\" \/>\n<meta property=\"og:description\" content=\"Integre Viber con el sitio para conectarse m\u00e1s f\u00e1cil y r\u00e1pidamente con los clientes. Pruebe la demostraci\u00f3n de Elfsight para crear su complemento exclusivo ahora.\" \/>\n<meta property=\"og:url\" content=\"https:\/\/elfsight.com\/es\/viber-chat-widget\/bigcommerce\/\" \/>\n<meta property=\"og:site_name\" content=\"Elfsight ES\" \/>\n<meta property=\"article:modified_time\" content=\"2025-02-06T15:40:08+00:00\" \/>\n<meta name=\"twitter:card\" content=\"summary_large_image\" \/>\n<meta name=\"twitter:label1\" content=\"Tiempo de lectura\" \/>\n\t<meta name=\"twitter:data1\" content=\"3 minutos\" \/>\n<!-- \/ Yoast SEO plugin. -->","yoast_head_json":{"title":"Agregue Viber Chat al sitio web de BigCommerce sin codificaci\u00f3n (2025)","description":"Integre Viber con el sitio para conectarse m\u00e1s f\u00e1cil y r\u00e1pidamente con los clientes. Pruebe la demostraci\u00f3n de Elfsight para crear su complemento exclusivo ahora.","robots":{"index":"index","follow":"follow","max-snippet":"max-snippet:-1","max-image-preview":"max-image-preview:large","max-video-preview":"max-video-preview:-1"},"canonical":"https:\/\/elfsight.com\/es\/viber-chat-widget\/bigcommerce\/","og_locale":"es_ES","og_type":"article","og_title":"Agregue Viber Chat al sitio web de BigCommerce sin codificaci\u00f3n (2025)","og_description":"Integre Viber con el sitio para conectarse m\u00e1s f\u00e1cil y r\u00e1pidamente con los clientes. Pruebe la demostraci\u00f3n de Elfsight para crear su complemento exclusivo ahora.","og_url":"https:\/\/elfsight.com\/es\/viber-chat-widget\/bigcommerce\/","og_site_name":"Elfsight ES","article_modified_time":"2025-02-06T15:40:08+00:00","twitter_card":"summary_large_image","twitter_misc":{"Tiempo de lectura":"3 minutos"},"schema":{"@context":"https:\/\/schema.org","@graph":[{"@type":"WebPage","@id":"https:\/\/elfsight.com\/es\/viber-chat-widget\/bigcommerce\/","url":"https:\/\/elfsight.com\/es\/viber-chat-widget\/bigcommerce\/","name":"Agregue Viber Chat al sitio web de BigCommerce sin codificaci\u00f3n (2025)","isPartOf":{"@id":"https:\/\/elfsight.com\/es\/#website"},"datePublished":"1970-01-01T00:00:00+00:00","dateModified":"2025-02-06T15:40:08+00:00","description":"Integre Viber con el sitio para conectarse m\u00e1s f\u00e1cil y r\u00e1pidamente con los clientes. Pruebe la demostraci\u00f3n de Elfsight para crear su complemento exclusivo ahora.","breadcrumb":{"@id":"https:\/\/elfsight.com\/es\/viber-chat-widget\/bigcommerce\/#breadcrumb"},"inLanguage":"es","potentialAction":[{"@type":"ReadAction","target":["https:\/\/elfsight.com\/es\/viber-chat-widget\/bigcommerce\/"]}]},{"@type":"BreadcrumbList","@id":"https:\/\/elfsight.com\/es\/viber-chat-widget\/bigcommerce\/#breadcrumb","itemListElement":[{"@type":"ListItem","position":1,"name":"Home","item":"https:\/\/elfsight.com\/es\/"},{"@type":"ListItem","position":2,"name":"Viber Chat","item":"https:\/\/elfsight.com\/es\/viber-chat-widget\/"},{"@type":"ListItem","position":3,"name":"Viber Chat &#8211; BigCommerce"}]},{"@type":"WebSite","@id":"https:\/\/elfsight.com\/es\/#website","url":"https:\/\/elfsight.com\/es\/","name":"Elfsight ES","description":"Just another Elfsight Sites site","potentialAction":[{"@type":"SearchAction","target":{"@type":"EntryPoint","urlTemplate":"https:\/\/elfsight.com\/es\/?s={search_term_string}"},"query-input":{"@type":"PropertyValueSpecification","valueRequired":true,"valueName":"search_term_string"}}],"inLanguage":"es"}]}},"meta_box":{"industry":"","seo_heading":"","heading":"","description":"","cta_heading":"","cta_description":"","application":"716","h1":"Chat de Viber de BigCommerce","h1_caption":"Ofrezca Viber como canal de comunicaci\u00f3n en su sitio web, facilitando que los visitantes accedan a su sitio web BigCommerce sin esfuerzo.","application_category":[],"applications_title":"","applications_request_title":"","applications_request_button_text":"","hero_text":"","hero_video":"","hero_video_schema_markup":"","selling_points_title":"","selling_points_caption":"","selling_points":[],"selling_points_cta_text":"","features_title":"","features":"","ed_cta_examples_text":"","ed_cta_examples_hidden":"","ed_cta_demo_text":"","ed_cta_demo_hidden":"","why_caption":"","why_editor_title":"","why_editor_text":"","why_team_title":"","why_team_text":"","why_service_title":"","why_service_text":"","template_catalog_visible":"","template_catalog_title":"","template_catalog_text":"","template_catalog_categories_visible":"","demo_title":"Crea tu aplicaci\u00f3n Viber Chat","demo_caption":"\u00a1Configure su Viber Chat y agr\u00e9guelo a su sitio web BigCommerce gratis!","default_faq_hidden":"","app_template_category":[],"platform":"33","template_public_id":"","codecanyon_url":"","codecanyon_item_id":"","codecanyon_price":"","pricing_caption":"","pricing_elfsight_apps_hide_column":"","pricing_elfsight_apps_url":"","pricing_codecanyon_price_caption":"","integration_category":[],"integration_request_title":"","integration_request_cta":"","integration_platform":"","integrations":[],"platform_category":[],"video_schema_markup":"","price":"desde $0 \/ mes","trial":"","benefits":[{"text":"Servicio de instalaci\u00f3n gratuito"},{"text":"Servicio al cliente eficaz"},{"text":"Garant\u00eda de devoluci\u00f3n de dinero de 14 d\u00edas"},{"text":"Actualizaciones gratuitas de por vida"}],"button_url":"#demo","button_target_blank":"","button_nofollow":"","attributes":[{"name":"Instalaciones","content":"10,000 - 100,000"},{"name":"Sensible","content":"S\u00ed"},{"name":"Navegadores compatibles","content":"IE11, Firefox, Safari, Opera, Chrome, Edge"}],"tags":[],"tags_disable_links":"","hide_more_platforms":"","video_object":"","demo_hide_cta":"","demo_hide_cloud_options":"","pricing_title":"","pricing":[{"pricing_icon":"platform","pricing_title":"Elfsight Apps","pricing_title_caption":"Soluci\u00f3n digital independiente de la plataforma","pricing_price":"desde $0 \/ mes","pricing_price_caption":"comienza con el plan gratuito","pricing_benefits":[{"text":"Dominios ilimitados"},{"text":"Soporte 24 horas al d\u00eda, 7 d\u00edas a la semana"},{"text":"Ayuda de instalaci\u00f3n gratuita"},{"text":"Oferta por tiempo limitado para m\u00faltiples aplicaciones"}],"pricing_button_text":"A\u00f1adir al sitio web","pricing_button_url":"#demo"}],"related_apps_title":"","related_apps_hidden":"","author":"","image":[],"title":"","job":"","social_networks":[]},"_links":{"self":[{"href":"https:\/\/elfsight.com\/es\/wp-json\/wp\/v2\/pages\/8156","targetHints":{"allow":["GET"]}}],"collection":[{"href":"https:\/\/elfsight.com\/es\/wp-json\/wp\/v2\/pages"}],"about":[{"href":"https:\/\/elfsight.com\/es\/wp-json\/wp\/v2\/types\/page"}],"author":[{"embeddable":true,"href":"https:\/\/elfsight.com\/es\/wp-json\/wp\/v2\/users\/9"}],"replies":[{"embeddable":true,"href":"https:\/\/elfsight.com\/es\/wp-json\/wp\/v2\/comments?post=8156"}],"version-history":[{"count":2,"href":"https:\/\/elfsight.com\/es\/wp-json\/wp\/v2\/pages\/8156\/revisions"}],"predecessor-version":[{"id":18611,"href":"https:\/\/elfsight.com\/es\/wp-json\/wp\/v2\/pages\/8156\/revisions\/18611"}],"up":[{"embeddable":true,"href":"https:\/\/elfsight.com\/es\/wp-json\/wp\/v2\/pages\/717"}],"wp:attachment":[{"href":"https:\/\/elfsight.com\/es\/wp-json\/wp\/v2\/media?parent=8156"}],"curies":[{"name":"wp","href":"https:\/\/api.w.org\/{rel}","templated":true}]}}