{"id":8099,"date":"1970-01-01T00:00:00","date_gmt":"1970-01-01T00:00:00","guid":{"rendered":"https:\/\/elfsight.com\/es\/?page_id=8099"},"modified":"2025-02-06T15:41:11","modified_gmt":"2025-02-06T15:41:11","slug":"woocommerce","status":"publish","type":"page","link":"https:\/\/elfsight.com\/es\/qr-code-widget\/woocommerce\/","title":{"rendered":"QR Code &#8211; WooCommerce"},"content":{"rendered":"<div class=\"application-platform-content-item-description application-platform-content-item\" id=\"description\" data-nav-section=\"description\"> <h2>Descripci\u00f3n<\/h2> <p>Elfsight QR Code es un extraordinario complemento para WooCommerce que le permite redirigir instant\u00e1neamente a sus visitantes a cualquier p\u00e1gina web, compartir un enlace, su ubicaci\u00f3n, correo electr\u00f3nico, cualquier archivo y m\u00e1s. El complemento es altamente ajustable: puede agregar un t\u00edtulo, un pie de foto, elegir el \u00edcono y el tipo de logotipo que m\u00e1s le convenga usando nuestra biblioteca o tomar el suyo propio, cambiar el color del texto, el fondo, el marco y modificar el tama\u00f1o para que se adapte a su sitio web. Todo lo que queda por hacer es simplemente comenzar a configurar la herramienta: la instalaci\u00f3n no es sofisticada y no requerir\u00e1 ninguna habilidad de codificaci\u00f3n por su parte. <\/p> <p><b>Integre el complemento generador de c\u00f3digos QR en su p\u00e1gina web WooCommerce y redirija a los visitantes directamente a donde desea que est\u00e9n y agilice el uso del contenido<\/b><\/p> <\/div> <div class=\"application-platform-content-item-features application-platform-content-item\" id=\"features\" data-nav-section=\"features\"> <h2>Estas son solo algunas de las potentes funciones del complemento: <\/h2> <ul><li>Acceso instant\u00e1neo a su contenido<\/li><li>Adjunte cualquier texto<\/li><li>Ocho logotipos intercambiables<\/li><li>Quince iconos intercambiables disponibles<\/li><li>Repinta todas las partes del widget<\/li><\/ul><p><a href=\"#demo\">Puedes verificar si el complemento es para ti probando la demostraci\u00f3n<\/a><\/p> <\/div> <div class=\"application-platform-content-item-installation application-platform-content-item\" id=\"installation\" data-nav-section=\"installation\"> <h2>C\u00f3mo incrustar el c\u00f3digo QR en mi sitio web WooCommerce?<\/h2> <p>Simplemente siga las pautas a continuaci\u00f3n para insertar el complemento. <\/p> <ol><li><b>Utilice nuestra demostraci\u00f3n gratuita y comience a construir su instrumento \u00fanico. <\/b><br> Elija la apariencia personalizada y los rasgos funcionales del complemento y aplique las correcciones. <\/li> <li><b>Adquiera el c\u00f3digo personal que aparece en el cuadro de Elfsight Apps. <\/b><br> Cuando finalice la creaci\u00f3n de su complemento, copie el c\u00f3digo exclusivo en la ventana que aparece y gu\u00e1rdelo para usarlo en el futuro. <\/li> <li><b>Ingrese al uso del widget en su p\u00e1gina de inicio de WooCommerce. <\/b><br>Incrusta el c\u00f3digo copiado anteriormente en tu p\u00e1gina y guarda los ajustes. <\/li> <li><b>\u00a1Listo! La integraci\u00f3n se logra con \u00e9xito. <\/b><br>Visita su p\u00e1gina para ver el trabajo de la herramienta. <\/li><\/ol> <p>Si tiene alg\u00fan problema, no tema apelar a nuestro equipo de soporte. Nuestros asesores estar\u00e1n encantados de ayudarte con todas las dudas que puedas tener sobre el producto. <\/p> <div class=\"faq\" data-component=\"FAQ\"><div class=\"faq-item\">\r\n\t\t\t\t\t<div class=\"faq-item-question\">\r\n\t\t\t\t\t\t<h3 class=\"faq-item-question-text\">\u00bfDe qu\u00e9 manera puedo insertar un c\u00f3digo QR en mi sitio web WooCommerce sin experiencia en codificaci\u00f3n?<\/h3>\r\n\r\n\t\t\t\t\t\t<div class=\"faq-item-question-icon\"><\/div>\r\n\t\t\t\t\t<\/div>\r\n\r\n\t\t\t\t\t<div class=\"faq-item-answer\">\r\n\t\t\t\t\t\t<div class=\"faq-item-answer-text\"> <p>Elfsight ofrece una soluci\u00f3n en la nube que permite a los usuarios establecer un complemento de c\u00f3digo QR usted mismo; consulte la gu\u00eda sencilla: Trabaje directamente en el editor en l\u00ednea para crear una secci\u00f3n de c\u00f3digo QR que le gustar\u00eda incluir en su sitio WooCommerce. Elija una de las plantillas predise\u00f1adas y modifique la configuraci\u00f3n del c\u00f3digo QR, agregue su contenido, cambie el dise\u00f1o y los colores sin conocimientos de codificaci\u00f3n. Haga clic para guardar la configuraci\u00f3n que realiz\u00f3 en el c\u00f3digo QR y copie el c\u00f3digo de instalaci\u00f3n que se puede incluir en la p\u00e1gina de inicio de WooCommerce sin comprar una versi\u00f3n paga. Al trabajar en el Configurador f\u00e1cil de usar, cualquier usuario web puede establecer una secci\u00f3n de C\u00f3digo QR en l\u00ednea y pegarlo en cualquier p\u00e1gina de inicio de WooCommerce. No es necesario pagar ni revelar las credenciales de su tarjeta para acceder al servicio. Si tiene alg\u00fan problema en alg\u00fan paso, no dude en ponerse en contacto con nuestro personal de soporte.<\/p> <\/div>\r\n\t\t\t\t\t<\/div>\r\n\t\t\t\t<\/div> <\/div><\/div>","protected":false},"excerpt":{"rendered":"","protected":false},"author":9,"featured_media":0,"parent":757,"menu_order":0,"comment_status":"closed","ping_status":"closed","template":"templates\/template-application-platform.php","meta":{"publish_to_discourse":"","publish_post_category":"","wpdc_auto_publish_overridden":"","wpdc_topic_tags":"","wpdc_pin_topic":"","wpdc_pin_until":"","discourse_post_id":"","discourse_permalink":"","wpdc_publishing_response":"","wpdc_publishing_error":"","footnotes":""},"class_list":["post-8099","page","type-page","status-publish","hentry"],"yoast_head":"<!-- This site is optimized with the Yoast SEO plugin v25.3.1 - https:\/\/yoast.com\/wordpress\/plugins\/seo\/ -->\n<title>C\u00f3digo QR: agregue un generador de c\u00f3digos QR a WooCommerce (gratis y r\u00e1pido)<\/title>\n<meta name=\"description\" content=\"Cree f\u00e1cilmente su generador de c\u00f3digos QR personalizado para la p\u00e1gina web WooCommerce. Simplemente utilice nuestra pr\u00e1ctica demostraci\u00f3n y su complemento se crear\u00e1 en menos de dos minutos.\" \/>\n<meta name=\"robots\" content=\"index, follow, max-snippet:-1, max-image-preview:large, max-video-preview:-1\" \/>\n<link rel=\"canonical\" href=\"https:\/\/elfsight.com\/es\/qr-code-widget\/woocommerce\/\" \/>\n<meta property=\"og:locale\" content=\"es_ES\" \/>\n<meta property=\"og:type\" content=\"article\" \/>\n<meta property=\"og:title\" content=\"C\u00f3digo QR: agregue un generador de c\u00f3digos QR a WooCommerce (gratis y r\u00e1pido)\" \/>\n<meta property=\"og:description\" content=\"Cree f\u00e1cilmente su generador de c\u00f3digos QR personalizado para la p\u00e1gina web WooCommerce. Simplemente utilice nuestra pr\u00e1ctica demostraci\u00f3n y su complemento se crear\u00e1 en menos de dos minutos.\" \/>\n<meta property=\"og:url\" content=\"https:\/\/elfsight.com\/es\/qr-code-widget\/woocommerce\/\" \/>\n<meta property=\"og:site_name\" content=\"Elfsight ES\" \/>\n<meta property=\"article:modified_time\" content=\"2025-02-06T15:41:11+00:00\" \/>\n<meta name=\"twitter:card\" content=\"summary_large_image\" \/>\n<meta name=\"twitter:label1\" content=\"Tiempo de lectura\" \/>\n\t<meta name=\"twitter:data1\" content=\"3 minutos\" \/>\n<!-- \/ Yoast SEO plugin. -->","yoast_head_json":{"title":"C\u00f3digo QR: agregue un generador de c\u00f3digos QR a WooCommerce (gratis y r\u00e1pido)","description":"Cree f\u00e1cilmente su generador de c\u00f3digos QR personalizado para la p\u00e1gina web WooCommerce. Simplemente utilice nuestra pr\u00e1ctica demostraci\u00f3n y su complemento se crear\u00e1 en menos de dos minutos.","robots":{"index":"index","follow":"follow","max-snippet":"max-snippet:-1","max-image-preview":"max-image-preview:large","max-video-preview":"max-video-preview:-1"},"canonical":"https:\/\/elfsight.com\/es\/qr-code-widget\/woocommerce\/","og_locale":"es_ES","og_type":"article","og_title":"C\u00f3digo QR: agregue un generador de c\u00f3digos QR a WooCommerce (gratis y r\u00e1pido)","og_description":"Cree f\u00e1cilmente su generador de c\u00f3digos QR personalizado para la p\u00e1gina web WooCommerce. Simplemente utilice nuestra pr\u00e1ctica demostraci\u00f3n y su complemento se crear\u00e1 en menos de dos minutos.","og_url":"https:\/\/elfsight.com\/es\/qr-code-widget\/woocommerce\/","og_site_name":"Elfsight ES","article_modified_time":"2025-02-06T15:41:11+00:00","twitter_card":"summary_large_image","twitter_misc":{"Tiempo de lectura":"3 minutos"},"schema":{"@context":"https:\/\/schema.org","@graph":[{"@type":"WebPage","@id":"https:\/\/elfsight.com\/es\/qr-code-widget\/woocommerce\/","url":"https:\/\/elfsight.com\/es\/qr-code-widget\/woocommerce\/","name":"C\u00f3digo QR: agregue un generador de c\u00f3digos QR a WooCommerce (gratis y r\u00e1pido)","isPartOf":{"@id":"https:\/\/elfsight.com\/es\/#website"},"datePublished":"1970-01-01T00:00:00+00:00","dateModified":"2025-02-06T15:41:11+00:00","description":"Cree f\u00e1cilmente su generador de c\u00f3digos QR personalizado para la p\u00e1gina web WooCommerce. Simplemente utilice nuestra pr\u00e1ctica demostraci\u00f3n y su complemento se crear\u00e1 en menos de dos minutos.","breadcrumb":{"@id":"https:\/\/elfsight.com\/es\/qr-code-widget\/woocommerce\/#breadcrumb"},"inLanguage":"es","potentialAction":[{"@type":"ReadAction","target":["https:\/\/elfsight.com\/es\/qr-code-widget\/woocommerce\/"]}]},{"@type":"BreadcrumbList","@id":"https:\/\/elfsight.com\/es\/qr-code-widget\/woocommerce\/#breadcrumb","itemListElement":[{"@type":"ListItem","position":1,"name":"Home","item":"https:\/\/elfsight.com\/es\/"},{"@type":"ListItem","position":2,"name":"QR Code","item":"https:\/\/elfsight.com\/es\/qr-code-widget\/"},{"@type":"ListItem","position":3,"name":"QR Code &#8211; WooCommerce"}]},{"@type":"WebSite","@id":"https:\/\/elfsight.com\/es\/#website","url":"https:\/\/elfsight.com\/es\/","name":"Elfsight ES","description":"Just another Elfsight Sites site","potentialAction":[{"@type":"SearchAction","target":{"@type":"EntryPoint","urlTemplate":"https:\/\/elfsight.com\/es\/?s={search_term_string}"},"query-input":{"@type":"PropertyValueSpecification","valueRequired":true,"valueName":"search_term_string"}}],"inLanguage":"es"}]}},"meta_box":{"industry":"","seo_heading":"","heading":"","description":"","cta_heading":"","cta_description":"","application":"756","h1":"Generador de c\u00f3digos QR de WooCommerce","h1_caption":"Genere y muestre un c\u00f3digo QR para acceder f\u00e1cilmente a URL, Wi-Fi, tarjetas de presentaci\u00f3n y m\u00e1s en su sitio web WooCommerce sin esfuerzo.","application_category":[],"applications_title":"","applications_request_title":"","applications_request_button_text":"","hero_text":"","hero_video":"","hero_video_schema_markup":"","selling_points_title":"","selling_points_caption":"","selling_points":[],"selling_points_cta_text":"","features_title":"","features":"","ed_cta_examples_text":"","ed_cta_examples_hidden":"","ed_cta_demo_text":"","ed_cta_demo_hidden":"","why_caption":"","why_editor_title":"","why_editor_text":"","why_team_title":"","why_team_text":"","why_service_title":"","why_service_text":"","template_catalog_visible":"","template_catalog_title":"","template_catalog_text":"","template_catalog_categories_visible":"","demo_title":"Crea tu aplicaci\u00f3n de C\u00f3digo QR","demo_caption":"\u00a1Configure su c\u00f3digo QR y agr\u00e9guelo a su sitio web WooCommerce gratis!","default_faq_hidden":"","app_template_category":[],"platform":"2311","template_public_id":"","codecanyon_url":"","codecanyon_item_id":"","codecanyon_price":"","pricing_caption":"","pricing_elfsight_apps_hide_column":"","pricing_elfsight_apps_url":"","pricing_codecanyon_price_caption":"","integration_category":[],"integration_request_title":"","integration_request_cta":"","integration_platform":"","integrations":[],"platform_category":[],"video_schema_markup":"","price":"desde $0 \/ mes","trial":"","benefits":[{"text":"Servicio de instalaci\u00f3n gratuito"},{"text":"Soporte premium"},{"text":"Garant\u00eda de reembolso de 14 d\u00edas"},{"text":"Actualizaciones gratuitas continuas"}],"button_url":"#demo","button_target_blank":"","button_nofollow":"","attributes":[{"name":"Instalaciones","content":"10,000 - 100,000"},{"name":"Sensible","content":"S\u00ed"},{"name":"Navegadores compatibles","content":"Firefox, Safari, Opera, Chrome, Edge"}],"tags":[],"tags_disable_links":"","hide_more_platforms":"","video_object":"","demo_hide_cta":"","demo_hide_cloud_options":"","pricing_title":"","pricing":[{"pricing_icon":"platform","pricing_title":"Elfsight Apps","pricing_title_caption":"Software multiplataforma","pricing_price":"desde $0 \/ mes","pricing_price_caption":"comienza con un plan gratuito","pricing_benefits":[{"text":"Sitios web ilimitados"},{"text":"Soporte gratuito y puntual"},{"text":"Servicio de instalaci\u00f3n gratuito"},{"text":"Totalmente personalizable"}],"pricing_button_text":"A\u00f1adir al sitio web","pricing_button_url":"#demo"}],"related_apps_title":"","related_apps_hidden":"","author":"","image":[],"title":"","job":"","social_networks":[]},"_links":{"self":[{"href":"https:\/\/elfsight.com\/es\/wp-json\/wp\/v2\/pages\/8099","targetHints":{"allow":["GET"]}}],"collection":[{"href":"https:\/\/elfsight.com\/es\/wp-json\/wp\/v2\/pages"}],"about":[{"href":"https:\/\/elfsight.com\/es\/wp-json\/wp\/v2\/types\/page"}],"author":[{"embeddable":true,"href":"https:\/\/elfsight.com\/es\/wp-json\/wp\/v2\/users\/9"}],"replies":[{"embeddable":true,"href":"https:\/\/elfsight.com\/es\/wp-json\/wp\/v2\/comments?post=8099"}],"version-history":[{"count":2,"href":"https:\/\/elfsight.com\/es\/wp-json\/wp\/v2\/pages\/8099\/revisions"}],"predecessor-version":[{"id":18638,"href":"https:\/\/elfsight.com\/es\/wp-json\/wp\/v2\/pages\/8099\/revisions\/18638"}],"up":[{"embeddable":true,"href":"https:\/\/elfsight.com\/es\/wp-json\/wp\/v2\/pages\/757"}],"wp:attachment":[{"href":"https:\/\/elfsight.com\/es\/wp-json\/wp\/v2\/media?parent=8099"}],"curies":[{"name":"wp","href":"https:\/\/api.w.org\/{rel}","templated":true}]}}