{"id":8098,"date":"1970-01-01T00:00:00","date_gmt":"1970-01-01T00:00:00","guid":{"rendered":"https:\/\/elfsight.com\/es\/?page_id=8098"},"modified":"2025-02-06T15:41:11","modified_gmt":"2025-02-06T15:41:11","slug":"wix","status":"publish","type":"page","link":"https:\/\/elfsight.com\/es\/qr-code-widget\/wix\/","title":{"rendered":"QR Code &#8211; Wix"},"content":{"rendered":"<div class=\"application-platform-content-item-description application-platform-content-item\" id=\"description\" data-nav-section=\"description\"> <h2>Descripci\u00f3n<\/h2> <p>El generador de c\u00f3digos QR es una poderosa herramienta para Wix que te permite redirigir r\u00e1pidamente a tus visitantes a cualquier sitio web, compartir una URL, ubicaci\u00f3n, correo electr\u00f3nico, archivo y m\u00e1s. El complemento es altamente personalizable: puede agregar un t\u00edtulo, un t\u00edtulo explicativo, seleccionar el \u00edcono y el logotipo usando nuestra biblioteca o tomar el suyo propio, cambiar el color del texto, el fondo, el marco y modificar el tama\u00f1o de la forma que necesite. Todo lo que necesita hacer es comenzar a crear su caracter\u00edstica personalizada: la instalaci\u00f3n no es sofisticada y no requerir\u00e1 ninguna habilidad de codificaci\u00f3n. <\/p> <p><b>Incorpore el c\u00f3digo QR de Elfsight en su p\u00e1gina web y redirija a los usuarios directamente donde los necesite y agilice el consumo de contenido<\/b><\/p> <\/div> <div class=\"application-platform-content-item-features application-platform-content-item\" id=\"features\" data-nav-section=\"features\"> <h2>Estas son solo algunas de las amplias funciones de la aplicaci\u00f3n: <\/h2> <ul><li>Acceso instant\u00e1neo al contenido que tiene subido<\/li><li>Agregue cualquier texto<\/li><li>Ocho logotipos intercambiables<\/li><li>15 \u00edconos intercambiables disponibles<\/li><li>Recoloree todas las partes del widget<\/li><\/ul><p><a href=\"#demo\">Explore todas las opciones de personalizaci\u00f3n en una demostraci\u00f3n completamente funcional<\/a><\/p> <\/div> <div class=\"application-platform-content-item-installation application-platform-content-item\" id=\"installation\" data-nav-section=\"installation\"> <h2>C\u00f3mo agregar \u00bfC\u00f3digo QR al sitio web de Wix?<\/h2> <p>Simplemente siga un par de pasos que se describen a continuaci\u00f3n para integrar la aplicaci\u00f3n. <\/p> <ol><li><b>Administrando nuestra demostraci\u00f3n gratuita, comience a darle forma a su instrumento personalizado.<\/b><br> Encuentre el dise\u00f1o preferible y las caracter\u00edsticas funcionales de la aplicaci\u00f3n y guarde las modificaciones.<\/li> <li><b>Obtenga su c\u00f3digo individual que aparece en la ventana de Elfsight Apps.<\/b><br> Una vez finalizada la generaci\u00f3n de su herramienta personal, copie el c\u00f3digo personal en el cuadro que aparece y gu\u00e1rdelo para su uso posterior.<\/li> <li><b>Inicie el uso de la herramienta en la p\u00e1gina web de Wix.<\/b><br> Coloque el c\u00f3digo guardado anteriormente en su p\u00e1gina web y guarde las mejoras.<\/li> <li><b>La instalaci\u00f3n est\u00e1 completamente realizada.<\/b><br> Vaya a su p\u00e1gina para ver c\u00f3mo funciona el widget.<\/li><\/ol> <p>En caso de tener consultas o tener algunas complicaciones, comun\u00edquese con nuestro equipo de soporte. Nuestra gente desea ayudarle con todos los problemas que pueda tener con el complemento. <\/p> <div class=\"faq\" data-component=\"FAQ\"><div class=\"faq-item\">\r\n\t\t\t\t\t<div class=\"faq-item-question\">\r\n\t\t\t\t\t\t<h3 class=\"faq-item-question-text\">\u00bfDe qu\u00e9 manera es posible agregar un c\u00f3digo QR a mi p\u00e1gina web de Wix sin conocimientos de codificaci\u00f3n?<\/h3>\r\n\r\n\t\t\t\t\t\t<div class=\"faq-item-question-icon\"><\/div>\r\n\t\t\t\t\t<\/div>\r\n\r\n\t\t\t\t\t<div class=\"faq-item-answer\">\r\n\t\t\t\t\t\t<div class=\"faq-item-answer-text\"> <p>Elfsight ofrece una soluci\u00f3n que te permite crear una secci\u00f3n de C\u00f3digo QR t\u00fa mismo; consulta las sencillas instrucciones: Comience a trabajar directamente en el Editor en l\u00ednea para generar una aplicaci\u00f3n de C\u00f3digo QR que le gustar\u00eda incluir en la p\u00e1gina de inicio de Wix. Elija una de nuestras plantillas predise\u00f1adas y ajuste la configuraci\u00f3n del C\u00f3digo QR, cambie el dise\u00f1o y los colores, incluido su contenido, sin experiencia en codificaci\u00f3n. Guarde la configuraci\u00f3n que realiz\u00f3 en el c\u00f3digo QR y obtenga el c\u00f3digo de instalaci\u00f3n, que se puede insertar f\u00e1cilmente en la p\u00e1gina web de Wix de forma gratuita. Usando nuestro sencillo Configurador, cada usuario de Internet puede establecer una aplicaci\u00f3n de C\u00f3digo QR en l\u00ednea y pegarla f\u00e1cilmente en el sitio web de Wix. No debes pagar ni enviar los datos de tu tarjeta para ingresar a nuestro Editor. Si tiene alg\u00fan problema en alg\u00fan paso, contin\u00fae y hable con nuestro personal de soporte.<\/p> <\/div>\r\n\t\t\t\t\t<\/div>\r\n\t\t\t\t<\/div> <\/div><\/div>","protected":false},"excerpt":{"rendered":"","protected":false},"author":9,"featured_media":0,"parent":757,"menu_order":0,"comment_status":"closed","ping_status":"closed","template":"templates\/template-application-platform.php","meta":{"publish_to_discourse":"","publish_post_category":"","wpdc_auto_publish_overridden":"","wpdc_topic_tags":"","wpdc_pin_topic":"","wpdc_pin_until":"","discourse_post_id":"","discourse_permalink":"","wpdc_publishing_response":"","wpdc_publishing_error":"","footnotes":""},"class_list":["post-8098","page","type-page","status-publish","hentry"],"yoast_head":"<!-- This site is optimized with the Yoast SEO plugin v25.3.1 - https:\/\/yoast.com\/wordpress\/plugins\/seo\/ -->\n<title>Generador de c\u00f3digos QR: agregue c\u00f3digo QR al sitio web de Wix [2025]<\/title>\n<meta name=\"description\" content=\"Crea f\u00e1cilmente tu generador de c\u00f3digos QR exclusivo para la p\u00e1gina web de Wix. Simplemente utilice nuestra pr\u00e1ctica demostraci\u00f3n y su aplicaci\u00f3n estar\u00e1 lista en menos de un minuto.\" \/>\n<meta name=\"robots\" content=\"index, follow, max-snippet:-1, max-image-preview:large, max-video-preview:-1\" \/>\n<link rel=\"canonical\" href=\"https:\/\/elfsight.com\/es\/qr-code-widget\/wix\/\" \/>\n<meta property=\"og:locale\" content=\"es_ES\" \/>\n<meta property=\"og:type\" content=\"article\" \/>\n<meta property=\"og:title\" content=\"Generador de c\u00f3digos QR: agregue c\u00f3digo QR al sitio web de Wix [2025]\" \/>\n<meta property=\"og:description\" content=\"Crea f\u00e1cilmente tu generador de c\u00f3digos QR exclusivo para la p\u00e1gina web de Wix. Simplemente utilice nuestra pr\u00e1ctica demostraci\u00f3n y su aplicaci\u00f3n estar\u00e1 lista en menos de un minuto.\" \/>\n<meta property=\"og:url\" content=\"https:\/\/elfsight.com\/es\/qr-code-widget\/wix\/\" \/>\n<meta property=\"og:site_name\" content=\"Elfsight ES\" \/>\n<meta property=\"article:modified_time\" content=\"2025-02-06T15:41:11+00:00\" \/>\n<meta name=\"twitter:card\" content=\"summary_large_image\" \/>\n<meta name=\"twitter:label1\" content=\"Tiempo de lectura\" \/>\n\t<meta name=\"twitter:data1\" content=\"3 minutos\" \/>\n<!-- \/ Yoast SEO plugin. -->","yoast_head_json":{"title":"Generador de c\u00f3digos QR: agregue c\u00f3digo QR al sitio web de Wix [2025]","description":"Crea f\u00e1cilmente tu generador de c\u00f3digos QR exclusivo para la p\u00e1gina web de Wix. Simplemente utilice nuestra pr\u00e1ctica demostraci\u00f3n y su aplicaci\u00f3n estar\u00e1 lista en menos de un minuto.","robots":{"index":"index","follow":"follow","max-snippet":"max-snippet:-1","max-image-preview":"max-image-preview:large","max-video-preview":"max-video-preview:-1"},"canonical":"https:\/\/elfsight.com\/es\/qr-code-widget\/wix\/","og_locale":"es_ES","og_type":"article","og_title":"Generador de c\u00f3digos QR: agregue c\u00f3digo QR al sitio web de Wix [2025]","og_description":"Crea f\u00e1cilmente tu generador de c\u00f3digos QR exclusivo para la p\u00e1gina web de Wix. Simplemente utilice nuestra pr\u00e1ctica demostraci\u00f3n y su aplicaci\u00f3n estar\u00e1 lista en menos de un minuto.","og_url":"https:\/\/elfsight.com\/es\/qr-code-widget\/wix\/","og_site_name":"Elfsight ES","article_modified_time":"2025-02-06T15:41:11+00:00","twitter_card":"summary_large_image","twitter_misc":{"Tiempo de lectura":"3 minutos"},"schema":{"@context":"https:\/\/schema.org","@graph":[{"@type":"WebPage","@id":"https:\/\/elfsight.com\/es\/qr-code-widget\/wix\/","url":"https:\/\/elfsight.com\/es\/qr-code-widget\/wix\/","name":"Generador de c\u00f3digos QR: agregue c\u00f3digo QR al sitio web de Wix [2025]","isPartOf":{"@id":"https:\/\/elfsight.com\/es\/#website"},"datePublished":"1970-01-01T00:00:00+00:00","dateModified":"2025-02-06T15:41:11+00:00","description":"Crea f\u00e1cilmente tu generador de c\u00f3digos QR exclusivo para la p\u00e1gina web de Wix. Simplemente utilice nuestra pr\u00e1ctica demostraci\u00f3n y su aplicaci\u00f3n estar\u00e1 lista en menos de un minuto.","breadcrumb":{"@id":"https:\/\/elfsight.com\/es\/qr-code-widget\/wix\/#breadcrumb"},"inLanguage":"es","potentialAction":[{"@type":"ReadAction","target":["https:\/\/elfsight.com\/es\/qr-code-widget\/wix\/"]}]},{"@type":"BreadcrumbList","@id":"https:\/\/elfsight.com\/es\/qr-code-widget\/wix\/#breadcrumb","itemListElement":[{"@type":"ListItem","position":1,"name":"Home","item":"https:\/\/elfsight.com\/es\/"},{"@type":"ListItem","position":2,"name":"QR Code","item":"https:\/\/elfsight.com\/es\/qr-code-widget\/"},{"@type":"ListItem","position":3,"name":"QR Code &#8211; Wix"}]},{"@type":"WebSite","@id":"https:\/\/elfsight.com\/es\/#website","url":"https:\/\/elfsight.com\/es\/","name":"Elfsight ES","description":"Just another Elfsight Sites site","potentialAction":[{"@type":"SearchAction","target":{"@type":"EntryPoint","urlTemplate":"https:\/\/elfsight.com\/es\/?s={search_term_string}"},"query-input":{"@type":"PropertyValueSpecification","valueRequired":true,"valueName":"search_term_string"}}],"inLanguage":"es"}]}},"meta_box":{"industry":"","seo_heading":"","heading":"","description":"","cta_heading":"","cta_description":"","application":"756","h1":"Aplicaci\u00f3n C\u00f3digo QR Wix","h1_caption":"Genera y muestra un c\u00f3digo QR para acceder f\u00e1cilmente a URL, Wi-Fi, tarjetas de presentaci\u00f3n y m\u00e1s en tu sitio web Wix sin esfuerzo.","application_category":[],"applications_title":"","applications_request_title":"","applications_request_button_text":"","hero_text":"","hero_video":"","hero_video_schema_markup":"","selling_points_title":"","selling_points_caption":"","selling_points":[],"selling_points_cta_text":"","features_title":"","features":"","ed_cta_examples_text":"","ed_cta_examples_hidden":"","ed_cta_demo_text":"","ed_cta_demo_hidden":"","why_caption":"","why_editor_title":"","why_editor_text":"","why_team_title":"","why_team_text":"","why_service_title":"","why_service_text":"","template_catalog_visible":"","template_catalog_title":"","template_catalog_text":"","template_catalog_categories_visible":"","demo_title":"Crea tu aplicaci\u00f3n de C\u00f3digo QR","demo_caption":"\u00a1Configura tu c\u00f3digo QR y agr\u00e9galo a tu sitio web Wix gratis!","default_faq_hidden":"","app_template_category":[],"platform":"112","template_public_id":"","codecanyon_url":"","codecanyon_item_id":"","codecanyon_price":"","pricing_caption":"","pricing_elfsight_apps_hide_column":"","pricing_elfsight_apps_url":"","pricing_codecanyon_price_caption":"","integration_category":[],"integration_request_title":"","integration_request_cta":"","integration_platform":"","integrations":[],"platform_category":[],"video_schema_markup":"","price":"desde $0 \/ mes","trial":"","benefits":[{"text":"Servicio de instalaci\u00f3n gratuito"},{"text":"Soporte premium"},{"text":"Garant\u00eda de devoluci\u00f3n de dinero de 14 d\u00edas"},{"text":"Actualizaciones continuas"}],"button_url":"#demo","button_target_blank":"","button_nofollow":"","attributes":[{"name":"Instalaciones","content":"10,000 - 100,000"},{"name":"Sensible","content":"S\u00ed"},{"name":"Navegadores compatibles","content":"Opera, Firefox, Safari, Chrome, Edge"}],"tags":[],"tags_disable_links":"","hide_more_platforms":"","video_object":"","demo_hide_cta":"","demo_hide_cloud_options":"","pricing_title":"","pricing":[{"pricing_icon":"platform","pricing_title":"Elfsight Apps","pricing_title_caption":"Software multiplataforma que funciona en cualquier sitio web","pricing_price":"desde $0 \/ mes","pricing_price_caption":"comienza con el plan gratuito","pricing_benefits":[{"text":"N\u00famero ilimitado de dominios"},{"text":"Soporte dedicado"},{"text":"Soporte de instalaci\u00f3n gratuito"},{"text":"Totalmente personalizable"}],"pricing_button_text":"A\u00f1adir al sitio web","pricing_button_url":"#demo"}],"related_apps_title":"","related_apps_hidden":"","author":"","image":[],"title":"","job":"","social_networks":[]},"_links":{"self":[{"href":"https:\/\/elfsight.com\/es\/wp-json\/wp\/v2\/pages\/8098","targetHints":{"allow":["GET"]}}],"collection":[{"href":"https:\/\/elfsight.com\/es\/wp-json\/wp\/v2\/pages"}],"about":[{"href":"https:\/\/elfsight.com\/es\/wp-json\/wp\/v2\/types\/page"}],"author":[{"embeddable":true,"href":"https:\/\/elfsight.com\/es\/wp-json\/wp\/v2\/users\/9"}],"replies":[{"embeddable":true,"href":"https:\/\/elfsight.com\/es\/wp-json\/wp\/v2\/comments?post=8098"}],"version-history":[{"count":2,"href":"https:\/\/elfsight.com\/es\/wp-json\/wp\/v2\/pages\/8098\/revisions"}],"predecessor-version":[{"id":18639,"href":"https:\/\/elfsight.com\/es\/wp-json\/wp\/v2\/pages\/8098\/revisions\/18639"}],"up":[{"embeddable":true,"href":"https:\/\/elfsight.com\/es\/wp-json\/wp\/v2\/pages\/757"}],"wp:attachment":[{"href":"https:\/\/elfsight.com\/es\/wp-json\/wp\/v2\/media?parent=8098"}],"curies":[{"name":"wp","href":"https:\/\/api.w.org\/{rel}","templated":true}]}}