{"id":8092,"date":"1970-01-01T00:00:00","date_gmt":"1970-01-01T00:00:00","guid":{"rendered":"https:\/\/elfsight.com\/es\/?page_id=8092"},"modified":"2025-02-06T15:41:11","modified_gmt":"2025-02-06T15:41:11","slug":"webnode","status":"publish","type":"page","link":"https:\/\/elfsight.com\/es\/qr-code-widget\/webnode\/","title":{"rendered":"QR Code &#8211; Webnode"},"content":{"rendered":"<div class=\"application-platform-content-item-description application-platform-content-item\" id=\"description\" data-nav-section=\"description\"> <h2>Descripci\u00f3n<\/h2> <p>El generador de c\u00f3digos QR de Elfsight es una excelente herramienta para Webnode que le permite redirigir r\u00e1pidamente a los usuarios a cualquier sitio, compartir una URL, su ubicaci\u00f3n, correo electr\u00f3nico, cualquier archivo y m\u00e1s. El widget es sumamente personalizable: puede agregar un t\u00edtulo, un t\u00edtulo, seleccionar el \u00edcono y el tipo de logotipo, desde nuestra biblioteca o crear el suyo propio, volver a pintar el texto, el fondo, el marco y cambiar el tama\u00f1o seg\u00fan se adapte a su sitio web. Todo lo que necesita hacer es comenzar a construir la herramienta: la instalaci\u00f3n no es sofisticada y no requerir\u00e1 que usted tenga habilidades de codificaci\u00f3n. <\/p> <p><b>Integre el generador de c\u00f3digos QR de Elfsight en su sitio web y lleve a los usuarios directamente a donde los necesita y simplifique el uso del contenido<\/b><\/p> <\/div> <div class=\"application-platform-content-item-features application-platform-content-item\" id=\"features\" data-nav-section=\"features\"> <h2>Explore la lista de las funciones m\u00e1s importantes: <\/h2> <ul><li>Acceso inmediato a su contenido<\/li><li>Agregue cualquier texto<\/li><li>Ocho logotipos intercambiables<\/li><li>Quince \u00edconos intercambiables para que elijas<\/li><li>Recolorear todas las partes<\/li><\/ul><p><a href=\"#demo\">Puedes consultar todas las capacidades del widget en la demostraci\u00f3n aqu\u00ed mismo<\/a><\/p> <\/div> <div class=\"application-platform-content-item-installation application-platform-content-item\" id=\"installation\" data-nav-section=\"installation\"> <h2>\u00bfC\u00f3mo puedo agregar QR? \u00bfCodificar a mi p\u00e1gina web Webnode? <\/h2> <p>Simplemente siga varios pasos que se presentan a continuaci\u00f3n para insertar el widget. <\/p> <ol><li><b>Utilice nuestro editor gratuito y comience a darle forma a su widget personalizado. <\/b><br>Determine el dise\u00f1o personalizado y la funcionalidad del widget y aplique las modificaciones. <\/li> <li><b>Reciba su c\u00f3digo \u00fanico que aparece en el cuadro de Elfsight Apps. <\/b><br> Tan pronto como se complete la creaci\u00f3n de su widget, copie el c\u00f3digo personal de la ventana que aparece y gu\u00e1rdelo para futuras necesidades. <\/li> <li><b>Empieza a utilizar el widget en tu sitio web Webnode. <\/b><br> A\u00f1ade el c\u00f3digo que has copiado recientemente en tu p\u00e1gina y guarda las correcciones. <\/li> <li><b>La instalaci\u00f3n ha finalizado por completo. <\/b><br> Visite su sitio para ver c\u00f3mo funciona la herramienta. <\/li><\/ol> <p>Si tiene alg\u00fan problema, no dude en ponerse en contacto con nuestro personal de atenci\u00f3n al cliente. Nuestros consultores estar\u00e1n encantados de resolver todas las dificultades que puedas tener con el complemento. <\/p> <div class=\"faq\" data-component=\"FAQ\"><div class=\"faq-item\">\r\n\t\t\t\t\t<div class=\"faq-item-question\">\r\n\t\t\t\t\t\t<h3 class=\"faq-item-question-text\">\u00bfC\u00f3mo puedo agregar un c\u00f3digo QR a mi Webnode sin conocimientos de codificaci\u00f3n?<\/h3>\r\n\r\n\t\t\t\t\t\t<div class=\"faq-item-question-icon\"><\/div>\r\n\t\t\t\t\t<\/div>\r\n\r\n\t\t\t\t\t<div class=\"faq-item-answer\">\r\n\t\t\t\t\t\t<div class=\"faq-item-answer-text\"> <p>Elfsight ofrece una soluci\u00f3n SaaS que permite a los propietarios de sitios crear una secci\u00f3n de c\u00f3digos QR usted mismo. Compruebe lo simple que es el proceso: trabaje en el editor en vivo para crear una secci\u00f3n de c\u00f3digos QR que le gustar\u00eda agregar en la p\u00e1gina web de Webnode. Elija una de las plantillas predise\u00f1adas y ajuste la configuraci\u00f3n del C\u00f3digo QR, transforme el dise\u00f1o y el color de los elementos, incluido su contenido, sin codificaci\u00f3n. Haz clic para guardar el c\u00f3digo QR y copiar su c\u00f3digo de instalaci\u00f3n, que se puede pegar f\u00e1cilmente en la p\u00e1gina web de Webnode sin necesidad de comprar una versi\u00f3n paga. Usando el sencillo Configurador, cualquier usuario de Internet puede crear una secci\u00f3n de C\u00f3digo QR en l\u00ednea y pegarla f\u00e1cilmente en la p\u00e1gina web de Webnode. No es necesario obtener una suscripci\u00f3n paga ni enviar las credenciales de su tarjeta para ingresar a Elfsight Editor. Si encuentra alg\u00fan problema en cualquier paso, no dude en hablar con nuestro equipo de soporte t\u00e9cnico.<\/p> <\/div>\r\n\t\t\t\t\t<\/div>\r\n\t\t\t\t<\/div> <\/div><\/div>","protected":false},"excerpt":{"rendered":"","protected":false},"author":9,"featured_media":0,"parent":757,"menu_order":0,"comment_status":"closed","ping_status":"closed","template":"templates\/template-application-platform.php","meta":{"publish_to_discourse":"","publish_post_category":"","wpdc_auto_publish_overridden":"","wpdc_topic_tags":"","wpdc_pin_topic":"","wpdc_pin_until":"","discourse_post_id":"","discourse_permalink":"","wpdc_publishing_response":"","wpdc_publishing_error":"","footnotes":""},"class_list":["post-8092","page","type-page","status-publish","hentry"],"yoast_head":"<!-- This site is optimized with the Yoast SEO plugin v25.3.1 - https:\/\/yoast.com\/wordpress\/plugins\/seo\/ -->\n<title>Generador de c\u00f3digos QR - A\u00f1adir c\u00f3digo QR a Webnode [2025]<\/title>\n<meta name=\"description\" content=\"Forma f\u00e1cilmente tu c\u00f3digo QR personalizado para el sitio Webnode. Simplemente aplique nuestra pr\u00e1ctica demostraci\u00f3n y su widget se crear\u00e1 en menos de dos minutos.\" \/>\n<meta name=\"robots\" content=\"index, follow, max-snippet:-1, max-image-preview:large, max-video-preview:-1\" \/>\n<link rel=\"canonical\" href=\"https:\/\/elfsight.com\/es\/qr-code-widget\/webnode\/\" \/>\n<meta property=\"og:locale\" content=\"es_ES\" \/>\n<meta property=\"og:type\" content=\"article\" \/>\n<meta property=\"og:title\" content=\"Generador de c\u00f3digos QR - A\u00f1adir c\u00f3digo QR a Webnode [2025]\" \/>\n<meta property=\"og:description\" content=\"Forma f\u00e1cilmente tu c\u00f3digo QR personalizado para el sitio Webnode. Simplemente aplique nuestra pr\u00e1ctica demostraci\u00f3n y su widget se crear\u00e1 en menos de dos minutos.\" \/>\n<meta property=\"og:url\" content=\"https:\/\/elfsight.com\/es\/qr-code-widget\/webnode\/\" \/>\n<meta property=\"og:site_name\" content=\"Elfsight ES\" \/>\n<meta property=\"article:modified_time\" content=\"2025-02-06T15:41:11+00:00\" \/>\n<meta name=\"twitter:card\" content=\"summary_large_image\" \/>\n<meta name=\"twitter:label1\" content=\"Tiempo de lectura\" \/>\n\t<meta name=\"twitter:data1\" content=\"3 minutos\" \/>\n<!-- \/ Yoast SEO plugin. -->","yoast_head_json":{"title":"Generador de c\u00f3digos QR - A\u00f1adir c\u00f3digo QR a Webnode [2025]","description":"Forma f\u00e1cilmente tu c\u00f3digo QR personalizado para el sitio Webnode. Simplemente aplique nuestra pr\u00e1ctica demostraci\u00f3n y su widget se crear\u00e1 en menos de dos minutos.","robots":{"index":"index","follow":"follow","max-snippet":"max-snippet:-1","max-image-preview":"max-image-preview:large","max-video-preview":"max-video-preview:-1"},"canonical":"https:\/\/elfsight.com\/es\/qr-code-widget\/webnode\/","og_locale":"es_ES","og_type":"article","og_title":"Generador de c\u00f3digos QR - A\u00f1adir c\u00f3digo QR a Webnode [2025]","og_description":"Forma f\u00e1cilmente tu c\u00f3digo QR personalizado para el sitio Webnode. Simplemente aplique nuestra pr\u00e1ctica demostraci\u00f3n y su widget se crear\u00e1 en menos de dos minutos.","og_url":"https:\/\/elfsight.com\/es\/qr-code-widget\/webnode\/","og_site_name":"Elfsight ES","article_modified_time":"2025-02-06T15:41:11+00:00","twitter_card":"summary_large_image","twitter_misc":{"Tiempo de lectura":"3 minutos"},"schema":{"@context":"https:\/\/schema.org","@graph":[{"@type":"WebPage","@id":"https:\/\/elfsight.com\/es\/qr-code-widget\/webnode\/","url":"https:\/\/elfsight.com\/es\/qr-code-widget\/webnode\/","name":"Generador de c\u00f3digos QR - A\u00f1adir c\u00f3digo QR a Webnode [2025]","isPartOf":{"@id":"https:\/\/elfsight.com\/es\/#website"},"datePublished":"1970-01-01T00:00:00+00:00","dateModified":"2025-02-06T15:41:11+00:00","description":"Forma f\u00e1cilmente tu c\u00f3digo QR personalizado para el sitio Webnode. Simplemente aplique nuestra pr\u00e1ctica demostraci\u00f3n y su widget se crear\u00e1 en menos de dos minutos.","breadcrumb":{"@id":"https:\/\/elfsight.com\/es\/qr-code-widget\/webnode\/#breadcrumb"},"inLanguage":"es","potentialAction":[{"@type":"ReadAction","target":["https:\/\/elfsight.com\/es\/qr-code-widget\/webnode\/"]}]},{"@type":"BreadcrumbList","@id":"https:\/\/elfsight.com\/es\/qr-code-widget\/webnode\/#breadcrumb","itemListElement":[{"@type":"ListItem","position":1,"name":"Home","item":"https:\/\/elfsight.com\/es\/"},{"@type":"ListItem","position":2,"name":"QR Code","item":"https:\/\/elfsight.com\/es\/qr-code-widget\/"},{"@type":"ListItem","position":3,"name":"QR Code &#8211; Webnode"}]},{"@type":"WebSite","@id":"https:\/\/elfsight.com\/es\/#website","url":"https:\/\/elfsight.com\/es\/","name":"Elfsight ES","description":"Just another Elfsight Sites site","potentialAction":[{"@type":"SearchAction","target":{"@type":"EntryPoint","urlTemplate":"https:\/\/elfsight.com\/es\/?s={search_term_string}"},"query-input":{"@type":"PropertyValueSpecification","valueRequired":true,"valueName":"search_term_string"}}],"inLanguage":"es"}]}},"meta_box":{"industry":"","seo_heading":"","heading":"","description":"","cta_heading":"","cta_description":"","application":"756","h1":"Widget de c\u00f3digo QR de Webnode","h1_caption":"Genera y muestra un c\u00f3digo QR para acceder f\u00e1cilmente a URL, Wi-Fi, tarjetas de presentaci\u00f3n y m\u00e1s en tu sitio web Webnode sin esfuerzo.","application_category":[],"applications_title":"","applications_request_title":"","applications_request_button_text":"","hero_text":"","hero_video":"","hero_video_schema_markup":"","selling_points_title":"","selling_points_caption":"","selling_points":[],"selling_points_cta_text":"","features_title":"","features":"","ed_cta_examples_text":"","ed_cta_examples_hidden":"","ed_cta_demo_text":"","ed_cta_demo_hidden":"","why_caption":"","why_editor_title":"","why_editor_text":"","why_team_title":"","why_team_text":"","why_service_title":"","why_service_text":"","template_catalog_visible":"","template_catalog_title":"","template_catalog_text":"","template_catalog_categories_visible":"","demo_title":"Crea tu widget de c\u00f3digo QR","demo_caption":"\u00a1Configura tu C\u00f3digo QR y a\u00f1\u00e1delo a tu sitio web Webnode gratis!","default_faq_hidden":"","app_template_category":[],"platform":"2302","template_public_id":"","codecanyon_url":"","codecanyon_item_id":"","codecanyon_price":"","pricing_caption":"","pricing_elfsight_apps_hide_column":"","pricing_elfsight_apps_url":"","pricing_codecanyon_price_caption":"","integration_category":[],"integration_request_title":"","integration_request_cta":"","integration_platform":"","integrations":[],"platform_category":[],"video_schema_markup":"","price":"desde $0 \/ mes","trial":"","benefits":[{"text":"Servicio de instalaci\u00f3n gratuito"},{"text":"Atenci\u00f3n al cliente experimentada"},{"text":"Garant\u00eda de reembolso de 14 d\u00edas"},{"text":"Actualizando constantemente"}],"button_url":"#demo","button_target_blank":"","button_nofollow":"","attributes":[{"name":"Instalaciones","content":"10,000 - 100,000"},{"name":"Sensible","content":"S\u00ed"},{"name":"Navegadores compatibles","content":"Firefox, Safari, Opera, Chrome, Edge"}],"tags":[],"tags_disable_links":"","hide_more_platforms":"","video_object":"","demo_hide_cta":"","demo_hide_cloud_options":"","pricing_title":"","pricing":[{"pricing_icon":"platform","pricing_title":"Elfsight Apps","pricing_title_caption":"Soluci\u00f3n digital independiente de la plataforma","pricing_price":"desde $0 \/ mes","pricing_price_caption":"comienza con el plan gratuito","pricing_benefits":[{"text":"Dominios ilimitados"},{"text":"Soporte gratuito de la empresa y bien documentado."},{"text":"Soporte de instalaci\u00f3n gratuito"},{"text":"Oferta por tiempo limitado para m\u00faltiples aplicaciones"}],"pricing_button_text":"A\u00f1adir al sitio web","pricing_button_url":"#demo"}],"related_apps_title":"","related_apps_hidden":"","author":"","image":[],"title":"","job":"","social_networks":[]},"_links":{"self":[{"href":"https:\/\/elfsight.com\/es\/wp-json\/wp\/v2\/pages\/8092","targetHints":{"allow":["GET"]}}],"collection":[{"href":"https:\/\/elfsight.com\/es\/wp-json\/wp\/v2\/pages"}],"about":[{"href":"https:\/\/elfsight.com\/es\/wp-json\/wp\/v2\/types\/page"}],"author":[{"embeddable":true,"href":"https:\/\/elfsight.com\/es\/wp-json\/wp\/v2\/users\/9"}],"replies":[{"embeddable":true,"href":"https:\/\/elfsight.com\/es\/wp-json\/wp\/v2\/comments?post=8092"}],"version-history":[{"count":2,"href":"https:\/\/elfsight.com\/es\/wp-json\/wp\/v2\/pages\/8092\/revisions"}],"predecessor-version":[{"id":18641,"href":"https:\/\/elfsight.com\/es\/wp-json\/wp\/v2\/pages\/8092\/revisions\/18641"}],"up":[{"embeddable":true,"href":"https:\/\/elfsight.com\/es\/wp-json\/wp\/v2\/pages\/757"}],"wp:attachment":[{"href":"https:\/\/elfsight.com\/es\/wp-json\/wp\/v2\/media?parent=8092"}],"curies":[{"name":"wp","href":"https:\/\/api.w.org\/{rel}","templated":true}]}}