{"id":8091,"date":"1970-01-01T00:00:00","date_gmt":"1970-01-01T00:00:00","guid":{"rendered":"https:\/\/elfsight.com\/es\/?page_id=8091"},"modified":"2025-02-06T15:41:20","modified_gmt":"2025-02-06T15:41:20","slug":"webflow","status":"publish","type":"page","link":"https:\/\/elfsight.com\/es\/qr-code-widget\/webflow\/","title":{"rendered":"QR Code &#8211; Webflow"},"content":{"rendered":"<div class=\"application-platform-content-item-description application-platform-content-item\" id=\"description\" data-nav-section=\"description\"> <h2>Incorpore un c\u00f3digo QR en Webflow con el widget Elfsight<\/h2> <p>El c\u00f3digo QR es una poderosa herramienta para Webflow que le permite redirigir inmediatamente a los usuarios a cualquier p\u00e1gina web, compartir una URL, una ubicaci\u00f3n, un correo electr\u00f3nico, cualquier archivo y m\u00e1s. El widget es extraordinariamente personalizable: puede adjuntar un t\u00edtulo, un t\u00edtulo, seleccionar el icono y el logotipo que m\u00e1s le convengan de nuestra biblioteca o cargar el suyo propio, volver a pintar el texto, el fondo, el marco y ajustar el tama\u00f1o seg\u00fan se adapte a su sitio web. Todo lo que queda por hacer es comenzar a configurar la herramienta: la instalaci\u00f3n no es sofisticada y no requerir\u00e1 ninguna habilidad de codificaci\u00f3n por su parte. <\/p> <p><b>Inserte el generador de c\u00f3digos QR de Elfsight en su sitio web y lleve a los usuarios directamente a donde desea que est\u00e9n y simplifique el uso del contenido<\/b><\/p> <\/div> <div class=\"application-platform-content-item-features application-platform-content-item\" id=\"features\" data-nav-section=\"features\"> <h2>Ofrecemos funciones potentes y r\u00e1pidas, vea algunas de ellas: <\/h2> <ul><li>Acceso instant\u00e1neo al contenido que tiene subido<\/li><li>Adjuntar cualquier texto<\/li><li>8 logotipos intercambiables<\/li><li>15 iconos intercambiables disponibles<\/li><li>Recolorear todas las partes del widget<\/li><\/ul><p><a href=\"#demo\">Puedes verificar lo que ofrece el widget con la ayuda de la demostraci\u00f3n<\/a><\/p> <\/div> <div class=\"application-platform-content-item-installation application-platform-content-item\" id=\"installation\" data-nav-section=\"installation\"> <h2>\u00bfC\u00f3mo incrusto un c\u00f3digo QR en mi sitio Webflow? <\/h2> <p>Simplemente aplique las instrucciones a continuaci\u00f3n para activar el widget.<\/p> <ol><li><b>Utilice nuestro configurador gratuito y comience a crear su widget \u00fanico. <\/b><br> Encuentre la apariencia personalizada y las caracter\u00edsticas del widget y guarde las ediciones. <\/li> <li><b>Exponga su c\u00f3digo individual en la ventana de Elfsight Apps. <\/b><br> Inmediatamente despu\u00e9s de finalizar la creaci\u00f3n de su complemento, copie el c\u00f3digo individual en la ventana que aparece y gu\u00e1rdelo para usarlo en el futuro. <\/li> <li><b>Comience a utilizar la herramienta en el sitio Webflow. <\/b><br>Implemente el c\u00f3digo guardado recientemente en su sitio web y guarde las modificaciones. <\/li> <li><b>\u00a1Listo! La configuraci\u00f3n ha finalizado por completo. <\/b><br> Vaya a su p\u00e1gina para ver en acci\u00f3n c\u00f3mo funciona el widget. <\/li><\/ol> <p>En caso de tener dudas o enfrentarse a algunos obst\u00e1culos, no dude en ponerse en contacto con nuestro personal de atenci\u00f3n al cliente. Nuestros consultores est\u00e1n deseando resolver todas las dudas que puedas tener con la herramienta. <\/p> <div class=\"faq\" data-component=\"FAQ\"><div class=\"faq-item\">\r\n\t\t\t\t\t<div class=\"faq-item-question\">\r\n\t\t\t\t\t\t<h3 class=\"faq-item-question-text\">\u00bfDe qu\u00e9 manera puedo agregar un c\u00f3digo QR a mi Webflow sin codificar?<\/h3>\r\n\r\n\t\t\t\t\t\t<div class=\"faq-item-question-icon\"><\/div>\r\n\t\t\t\t\t<\/div>\r\n\r\n\t\t\t\t\t<div class=\"faq-item-answer\">\r\n\t\t\t\t\t\t<div class=\"faq-item-answer-text\"> <p>La compa\u00f1\u00eda Elfsight proporciona una soluci\u00f3n en la nube que permite a los propietarios de sitios crear un complemento de c\u00f3digo QR usted mismo. Descubra los sencillos pasos: comience a trabajar directamente en el editor en vivo para generar un widget de c\u00f3digo QR que le gustar\u00eda agregar en la p\u00e1gina web de Webflow. Elija una de las plantillas predise\u00f1adas y modifique la configuraci\u00f3n del c\u00f3digo QR, agregue su contenido, modifique el dise\u00f1o y la combinaci\u00f3n de colores sin experiencia en codificaci\u00f3n. Guarde la configuraci\u00f3n que realiz\u00f3 en el c\u00f3digo QR y obtenga su c\u00f3digo para la instalaci\u00f3n, que puede agregar f\u00e1cilmente en cualquier sitio Webflow de forma gratuita. Con nuestro editor f\u00e1cil de usar, cada usuario de Internet puede crear un c\u00f3digo QR y simplemente incluirlo en cualquier p\u00e1gina de inicio de Webflow. No es necesario pagar ni revelar las credenciales de su tarjeta para ingresar al servicio de Elfsight. Si encuentra alg\u00fan problema de cualquier tipo, no dude en ponerse en contacto con nuestro personal de soporte t\u00e9cnico.<\/p> <\/div>\r\n\t\t\t\t\t<\/div>\r\n\t\t\t\t<\/div> <\/div><\/div>","protected":false},"excerpt":{"rendered":"","protected":false},"author":9,"featured_media":0,"parent":757,"menu_order":0,"comment_status":"closed","ping_status":"closed","template":"templates\/template-application-platform.php","meta":{"publish_to_discourse":"","publish_post_category":"","wpdc_auto_publish_overridden":"","wpdc_topic_tags":"","wpdc_pin_topic":"","wpdc_pin_until":"","discourse_post_id":"","discourse_permalink":"","wpdc_publishing_response":"","wpdc_publishing_error":"","footnotes":""},"class_list":["post-8091","page","type-page","status-publish","hentry"],"yoast_head":"<!-- This site is optimized with the Yoast SEO plugin v25.3.1 - https:\/\/yoast.com\/wordpress\/plugins\/seo\/ -->\n<title>Generador de c\u00f3digos QR: agregue un widget de c\u00f3digo QR a Webflow [2025]<\/title>\n<meta name=\"description\" content=\"Cree f\u00e1cilmente su generador de c\u00f3digos QR personalizado para el sitio Webflow. Simplemente aplique nuestra demostraci\u00f3n activa y su widget se crear\u00e1 en menos de dos minutos.\" \/>\n<meta name=\"robots\" content=\"index, follow, max-snippet:-1, max-image-preview:large, max-video-preview:-1\" \/>\n<link rel=\"canonical\" href=\"https:\/\/elfsight.com\/es\/qr-code-widget\/webflow\/\" \/>\n<meta property=\"og:locale\" content=\"es_ES\" \/>\n<meta property=\"og:type\" content=\"article\" \/>\n<meta property=\"og:title\" content=\"Generador de c\u00f3digos QR: agregue un widget de c\u00f3digo QR a Webflow [2025]\" \/>\n<meta property=\"og:description\" content=\"Cree f\u00e1cilmente su generador de c\u00f3digos QR personalizado para el sitio Webflow. Simplemente aplique nuestra demostraci\u00f3n activa y su widget se crear\u00e1 en menos de dos minutos.\" \/>\n<meta property=\"og:url\" content=\"https:\/\/elfsight.com\/es\/qr-code-widget\/webflow\/\" \/>\n<meta property=\"og:site_name\" content=\"Elfsight ES\" \/>\n<meta property=\"article:modified_time\" content=\"2025-02-06T15:41:20+00:00\" \/>\n<meta name=\"twitter:card\" content=\"summary_large_image\" \/>\n<meta name=\"twitter:label1\" content=\"Tiempo de lectura\" \/>\n\t<meta name=\"twitter:data1\" content=\"3 minutos\" \/>\n<!-- \/ Yoast SEO plugin. -->","yoast_head_json":{"title":"Generador de c\u00f3digos QR: agregue un widget de c\u00f3digo QR a Webflow [2025]","description":"Cree f\u00e1cilmente su generador de c\u00f3digos QR personalizado para el sitio Webflow. Simplemente aplique nuestra demostraci\u00f3n activa y su widget se crear\u00e1 en menos de dos minutos.","robots":{"index":"index","follow":"follow","max-snippet":"max-snippet:-1","max-image-preview":"max-image-preview:large","max-video-preview":"max-video-preview:-1"},"canonical":"https:\/\/elfsight.com\/es\/qr-code-widget\/webflow\/","og_locale":"es_ES","og_type":"article","og_title":"Generador de c\u00f3digos QR: agregue un widget de c\u00f3digo QR a Webflow [2025]","og_description":"Cree f\u00e1cilmente su generador de c\u00f3digos QR personalizado para el sitio Webflow. Simplemente aplique nuestra demostraci\u00f3n activa y su widget se crear\u00e1 en menos de dos minutos.","og_url":"https:\/\/elfsight.com\/es\/qr-code-widget\/webflow\/","og_site_name":"Elfsight ES","article_modified_time":"2025-02-06T15:41:20+00:00","twitter_card":"summary_large_image","twitter_misc":{"Tiempo de lectura":"3 minutos"},"schema":{"@context":"https:\/\/schema.org","@graph":[{"@type":"WebPage","@id":"https:\/\/elfsight.com\/es\/qr-code-widget\/webflow\/","url":"https:\/\/elfsight.com\/es\/qr-code-widget\/webflow\/","name":"Generador de c\u00f3digos QR: agregue un widget de c\u00f3digo QR a Webflow [2025]","isPartOf":{"@id":"https:\/\/elfsight.com\/es\/#website"},"datePublished":"1970-01-01T00:00:00+00:00","dateModified":"2025-02-06T15:41:20+00:00","description":"Cree f\u00e1cilmente su generador de c\u00f3digos QR personalizado para el sitio Webflow. Simplemente aplique nuestra demostraci\u00f3n activa y su widget se crear\u00e1 en menos de dos minutos.","breadcrumb":{"@id":"https:\/\/elfsight.com\/es\/qr-code-widget\/webflow\/#breadcrumb"},"inLanguage":"es","potentialAction":[{"@type":"ReadAction","target":["https:\/\/elfsight.com\/es\/qr-code-widget\/webflow\/"]}]},{"@type":"BreadcrumbList","@id":"https:\/\/elfsight.com\/es\/qr-code-widget\/webflow\/#breadcrumb","itemListElement":[{"@type":"ListItem","position":1,"name":"Home","item":"https:\/\/elfsight.com\/es\/"},{"@type":"ListItem","position":2,"name":"QR Code","item":"https:\/\/elfsight.com\/es\/qr-code-widget\/"},{"@type":"ListItem","position":3,"name":"QR Code &#8211; Webflow"}]},{"@type":"WebSite","@id":"https:\/\/elfsight.com\/es\/#website","url":"https:\/\/elfsight.com\/es\/","name":"Elfsight ES","description":"Just another Elfsight Sites site","potentialAction":[{"@type":"SearchAction","target":{"@type":"EntryPoint","urlTemplate":"https:\/\/elfsight.com\/es\/?s={search_term_string}"},"query-input":{"@type":"PropertyValueSpecification","valueRequired":true,"valueName":"search_term_string"}}],"inLanguage":"es"}]}},"meta_box":{"industry":"","seo_heading":"","heading":"","description":"","cta_heading":"","cta_description":"","application":"756","h1":"Generador de c\u00f3digos QR de flujo web","h1_caption":"Genere y muestre un c\u00f3digo QR para acceder f\u00e1cilmente a URL, Wi-Fi, tarjetas de presentaci\u00f3n y m\u00e1s en su sitio web Webflow sin esfuerzo.","application_category":[],"applications_title":"","applications_request_title":"","applications_request_button_text":"","hero_text":"","hero_video":"","hero_video_schema_markup":"","selling_points_title":"","selling_points_caption":"","selling_points":[],"selling_points_cta_text":"","features_title":"","features":"","ed_cta_examples_text":"","ed_cta_examples_hidden":"","ed_cta_demo_text":"","ed_cta_demo_hidden":"","why_caption":"","why_editor_title":"","why_editor_text":"","why_team_title":"","why_team_text":"","why_service_title":"","why_service_text":"","template_catalog_visible":"","template_catalog_title":"","template_catalog_text":"","template_catalog_categories_visible":"","demo_title":"Crea tu widget de c\u00f3digo QR","demo_caption":"\u00a1Configure su c\u00f3digo QR y agr\u00e9guelo a su sitio web Webflow gratis!","default_faq_hidden":"","app_template_category":[],"platform":"106","template_public_id":"","codecanyon_url":"","codecanyon_item_id":"","codecanyon_price":"","pricing_caption":"","pricing_elfsight_apps_hide_column":"","pricing_elfsight_apps_url":"","pricing_codecanyon_price_caption":"","integration_category":[],"integration_request_title":"","integration_request_cta":"","integration_platform":"","integrations":[],"platform_category":[],"video_schema_markup":"","price":"desde $0 \/ mes","trial":"","benefits":[{"text":"Servicio de instalaci\u00f3n gratuito"},{"text":"Soporte excepcional"},{"text":"Garant\u00eda de devoluci\u00f3n de dinero de 14 d\u00edas"},{"text":"Desarrollo continuo"}],"button_url":"#demo","button_target_blank":"","button_nofollow":"","attributes":[{"name":"Instalaciones","content":"10,000 - 100,000"},{"name":"Sensible","content":"S\u00ed"},{"name":"Navegadores compatibles","content":"Safari, Firefox, Chrome, Edge, Opera"}],"tags":[],"tags_disable_links":"","hide_more_platforms":"","video_object":"","demo_hide_cta":"","demo_hide_cloud_options":"","pricing_title":"","pricing":[{"pricing_icon":"platform","pricing_title":"Elfsight Apps","pricing_title_caption":"Soluci\u00f3n multiplataforma que se adapta a cualquier sitio","pricing_price":"desde $0 \/ mes","pricing_price_caption":"comienza con el plan gratuito","pricing_benefits":[{"text":"N\u00famero ilimitado de dominios"},{"text":"Soporte gratuito y puntual"},{"text":"Ayuda de instalaci\u00f3n gratuita"},{"text":"Oferta especial para m\u00faltiples aplicaciones."}],"pricing_button_text":"A\u00f1adir al sitio web","pricing_button_url":"#demo"}],"related_apps_title":"","related_apps_hidden":"","author":"","image":[],"title":"","job":"","social_networks":[]},"_links":{"self":[{"href":"https:\/\/elfsight.com\/es\/wp-json\/wp\/v2\/pages\/8091","targetHints":{"allow":["GET"]}}],"collection":[{"href":"https:\/\/elfsight.com\/es\/wp-json\/wp\/v2\/pages"}],"about":[{"href":"https:\/\/elfsight.com\/es\/wp-json\/wp\/v2\/types\/page"}],"author":[{"embeddable":true,"href":"https:\/\/elfsight.com\/es\/wp-json\/wp\/v2\/users\/9"}],"replies":[{"embeddable":true,"href":"https:\/\/elfsight.com\/es\/wp-json\/wp\/v2\/comments?post=8091"}],"version-history":[{"count":2,"href":"https:\/\/elfsight.com\/es\/wp-json\/wp\/v2\/pages\/8091\/revisions"}],"predecessor-version":[{"id":18642,"href":"https:\/\/elfsight.com\/es\/wp-json\/wp\/v2\/pages\/8091\/revisions\/18642"}],"up":[{"embeddable":true,"href":"https:\/\/elfsight.com\/es\/wp-json\/wp\/v2\/pages\/757"}],"wp:attachment":[{"href":"https:\/\/elfsight.com\/es\/wp-json\/wp\/v2\/media?parent=8091"}],"curies":[{"name":"wp","href":"https:\/\/api.w.org\/{rel}","templated":true}]}}