{"id":8090,"date":"1970-01-01T00:00:00","date_gmt":"1970-01-01T00:00:00","guid":{"rendered":"https:\/\/elfsight.com\/es\/?page_id=8090"},"modified":"2025-02-06T15:41:20","modified_gmt":"2025-02-06T15:41:20","slug":"squarespace","status":"publish","type":"page","link":"https:\/\/elfsight.com\/es\/qr-code-widget\/squarespace\/","title":{"rendered":"QR Code &#8211; Squarespace"},"content":{"rendered":"<div class=\"application-platform-content-item-description application-platform-content-item\" id=\"description\" data-nav-section=\"description\"> <h2>Incrustar c\u00f3digo QR en Squarespace con el widget de Elfsight<\/h2> <p>El c\u00f3digo QR de Elfsight es un potente complemento para Squarespace que le permite redirigir instant\u00e1neamente a los usuarios a cualquier sitio, compartir un enlace, su ubicaci\u00f3n, correo electr\u00f3nico, archivo y mucho m\u00e1s. El complemento es extremadamente ajustable: puede adjuntar un t\u00edtulo, leyenda, elegir el \u00edcono y el tipo de logotipo, desde nuestra biblioteca o cargar el suyo propio, volver a pintar el texto, el fondo, el marco y modificar el tama\u00f1o del widget para adaptarlo a su sitio web. Todo lo que necesita hacer es comenzar a darle forma a su herramienta personalizada: la instalaci\u00f3n no es sofisticada y no requerir\u00e1 ninguna habilidad de codificaci\u00f3n por su parte. <\/p> <p><b>Integre el generador de c\u00f3digos QR en su sitio web de Squarespace y lleve a los visitantes directamente a donde desea que est\u00e9n y agilice el consumo de contenido<\/b><\/p> <\/div> <div class=\"application-platform-content-item-features application-platform-content-item\" id=\"features\" data-nav-section=\"features\"> <h2>Vea la lista de las funciones m\u00e1s importantes: <\/h2> <ul><li>Acceso instant\u00e1neo a su contenido<\/li><li>Adjunte cualquier texto<\/li><li>8 logotipos intercambiables<\/li><li>15 iconos intercambiables disponibles<\/li><li>Vuelva a colorear todas las partes del widget<\/li><\/ul><p><a href=\"#demo\">Pruebe todas las funciones de personalizaci\u00f3n en una demostraci\u00f3n completa<\/a><\/p> <\/div> <div class=\"application-platform-content-item-installation application-platform-content-item\" id=\"installation\" data-nav-section=\"installation\"> <h2>C\u00f3mo agregar un c\u00f3digo QR a mi Squarespace sitio web?<\/h2> <p>Simplemente aplique las instrucciones a continuaci\u00f3n para integrar el complemento.<\/p> <ol><li><b>Abra nuestra demostraci\u00f3n gratuita y comience a darle forma a su complemento personalizado.<\/b><br> Especifique el dise\u00f1o preferido y las caracter\u00edsticas del widget y guarde las correcciones.<\/li> <li><b>Reciba el c\u00f3digo individual expuesto en el cuadro de Elfsight Apps. <\/b><br> Una vez completada la configuraci\u00f3n de tu widget, copia el c\u00f3digo personal en el cuadro que aparece y gu\u00e1rdalo para futuras necesidades.<\/li> <li><b>Inicia la aplicaci\u00f3n del complemento en el sitio web de Squarespace.<\/b><br> Ingresa el c\u00f3digo que guardaste anteriormente en tu p\u00e1gina de inicio y aplica las correcciones.<\/li> <li><b>\u00a1Listo! La integraci\u00f3n ha finalizado por completo.<\/b><br> Vaya a su sitio para inspeccionar el rendimiento del complemento.<\/li><\/ol> <p>Con la condici\u00f3n de atender consultas o encontrar algunas dificultades, solicite nuestro equipo de atenci\u00f3n al cliente. Nuestros consultores estar\u00e1n encantados de resolver todos los problemas que pueda tener con el complemento.<\/p> <div class=\"faq\" data-component=\"FAQ\"><div class=\"faq-item\">\r\n\t\t\t\t\t<div class=\"faq-item-question\">\r\n\t\t\t\t\t\t<h3 class=\"faq-item-question-text\">\u00bfExiste alguna manera de insertar un c\u00f3digo QR en mi sitio web de Squarespace sin conocimientos de codificaci\u00f3n?<\/h3>\r\n\r\n\t\t\t\t\t\t<div class=\"faq-item-question-icon\"><\/div>\r\n\t\t\t\t\t<\/div>\r\n\r\n\t\t\t\t\t<div class=\"faq-item-answer\">\r\n\t\t\t\t\t\t<div class=\"faq-item-answer-text\"> <p>Elfsight presenta una soluci\u00f3n que permite a los usuarios crear una aplicaci\u00f3n de c\u00f3digo QR ellos mismos. Descubra lo f\u00e1cil que es el proceso: vaya al editor en vivo para crear una secci\u00f3n de c\u00f3digo QR que le gustar\u00eda insertar en su p\u00e1gina web de Squarespace. Elija una de las plantillas predise\u00f1adas y cambie la configuraci\u00f3n del C\u00f3digo QR, cambie el dise\u00f1o y el color de los elementos, agregue su contenido, sin codificaci\u00f3n. Guarde el c\u00f3digo QR y obtenga su c\u00f3digo de instalaci\u00f3n, que se puede insertar f\u00e1cilmente en el sitio de Squarespace dentro de un plan gratuito. Al trabajar en nuestro sencillo Editor, cada usuario de Internet puede formar un c\u00f3digo QR e incrustarlo f\u00e1cilmente en cualquier sitio de Squarespace. No es necesario obtener una suscripci\u00f3n paga ni enviar las credenciales de su tarjeta para acceder al servicio Elfsight. Si encuentra alg\u00fan problema de cualquier tipo, no dude en ponerse en contacto con nuestro equipo de soporte t\u00e9cnico.<\/p> <\/div>\r\n\t\t\t\t\t<\/div>\r\n\t\t\t\t<\/div> <\/div><\/div>","protected":false},"excerpt":{"rendered":"","protected":false},"author":9,"featured_media":0,"parent":757,"menu_order":0,"comment_status":"closed","ping_status":"closed","template":"templates\/template-application-platform.php","meta":{"publish_to_discourse":"","publish_post_category":"","wpdc_auto_publish_overridden":"","wpdc_topic_tags":"","wpdc_pin_topic":"","wpdc_pin_until":"","discourse_post_id":"","discourse_permalink":"","wpdc_publishing_response":"","wpdc_publishing_error":"","footnotes":""},"class_list":["post-8090","page","type-page","status-publish","hentry"],"yoast_head":"<!-- This site is optimized with the Yoast SEO plugin v25.3.1 - https:\/\/yoast.com\/wordpress\/plugins\/seo\/ -->\n<title>Generador de c\u00f3digos QR: agregue complemento de c\u00f3digos QR a Squarespace [2025]<\/title>\n<meta name=\"description\" content=\"Crea r\u00e1pidamente tu generador de c\u00f3digos QR personalizado para el sitio web de Squarespace. Simplemente aplique nuestra demostraci\u00f3n y su complemento se crear\u00e1 en menos de dos minutos.\" \/>\n<meta name=\"robots\" content=\"index, follow, max-snippet:-1, max-image-preview:large, max-video-preview:-1\" \/>\n<link rel=\"canonical\" href=\"https:\/\/elfsight.com\/es\/qr-code-widget\/squarespace\/\" \/>\n<meta property=\"og:locale\" content=\"es_ES\" \/>\n<meta property=\"og:type\" content=\"article\" \/>\n<meta property=\"og:title\" content=\"Generador de c\u00f3digos QR: agregue complemento de c\u00f3digos QR a Squarespace [2025]\" \/>\n<meta property=\"og:description\" content=\"Crea r\u00e1pidamente tu generador de c\u00f3digos QR personalizado para el sitio web de Squarespace. Simplemente aplique nuestra demostraci\u00f3n y su complemento se crear\u00e1 en menos de dos minutos.\" \/>\n<meta property=\"og:url\" content=\"https:\/\/elfsight.com\/es\/qr-code-widget\/squarespace\/\" \/>\n<meta property=\"og:site_name\" content=\"Elfsight ES\" \/>\n<meta property=\"article:modified_time\" content=\"2025-02-06T15:41:20+00:00\" \/>\n<meta name=\"twitter:card\" content=\"summary_large_image\" \/>\n<meta name=\"twitter:label1\" content=\"Tiempo de lectura\" \/>\n\t<meta name=\"twitter:data1\" content=\"3 minutos\" \/>\n<!-- \/ Yoast SEO plugin. -->","yoast_head_json":{"title":"Generador de c\u00f3digos QR: agregue complemento de c\u00f3digos QR a Squarespace [2025]","description":"Crea r\u00e1pidamente tu generador de c\u00f3digos QR personalizado para el sitio web de Squarespace. Simplemente aplique nuestra demostraci\u00f3n y su complemento se crear\u00e1 en menos de dos minutos.","robots":{"index":"index","follow":"follow","max-snippet":"max-snippet:-1","max-image-preview":"max-image-preview:large","max-video-preview":"max-video-preview:-1"},"canonical":"https:\/\/elfsight.com\/es\/qr-code-widget\/squarespace\/","og_locale":"es_ES","og_type":"article","og_title":"Generador de c\u00f3digos QR: agregue complemento de c\u00f3digos QR a Squarespace [2025]","og_description":"Crea r\u00e1pidamente tu generador de c\u00f3digos QR personalizado para el sitio web de Squarespace. Simplemente aplique nuestra demostraci\u00f3n y su complemento se crear\u00e1 en menos de dos minutos.","og_url":"https:\/\/elfsight.com\/es\/qr-code-widget\/squarespace\/","og_site_name":"Elfsight ES","article_modified_time":"2025-02-06T15:41:20+00:00","twitter_card":"summary_large_image","twitter_misc":{"Tiempo de lectura":"3 minutos"},"schema":{"@context":"https:\/\/schema.org","@graph":[{"@type":"WebPage","@id":"https:\/\/elfsight.com\/es\/qr-code-widget\/squarespace\/","url":"https:\/\/elfsight.com\/es\/qr-code-widget\/squarespace\/","name":"Generador de c\u00f3digos QR: agregue complemento de c\u00f3digos QR a Squarespace [2025]","isPartOf":{"@id":"https:\/\/elfsight.com\/es\/#website"},"datePublished":"1970-01-01T00:00:00+00:00","dateModified":"2025-02-06T15:41:20+00:00","description":"Crea r\u00e1pidamente tu generador de c\u00f3digos QR personalizado para el sitio web de Squarespace. Simplemente aplique nuestra demostraci\u00f3n y su complemento se crear\u00e1 en menos de dos minutos.","breadcrumb":{"@id":"https:\/\/elfsight.com\/es\/qr-code-widget\/squarespace\/#breadcrumb"},"inLanguage":"es","potentialAction":[{"@type":"ReadAction","target":["https:\/\/elfsight.com\/es\/qr-code-widget\/squarespace\/"]}]},{"@type":"BreadcrumbList","@id":"https:\/\/elfsight.com\/es\/qr-code-widget\/squarespace\/#breadcrumb","itemListElement":[{"@type":"ListItem","position":1,"name":"Home","item":"https:\/\/elfsight.com\/es\/"},{"@type":"ListItem","position":2,"name":"QR Code","item":"https:\/\/elfsight.com\/es\/qr-code-widget\/"},{"@type":"ListItem","position":3,"name":"QR Code &#8211; Squarespace"}]},{"@type":"WebSite","@id":"https:\/\/elfsight.com\/es\/#website","url":"https:\/\/elfsight.com\/es\/","name":"Elfsight ES","description":"Just another Elfsight Sites site","potentialAction":[{"@type":"SearchAction","target":{"@type":"EntryPoint","urlTemplate":"https:\/\/elfsight.com\/es\/?s={search_term_string}"},"query-input":{"@type":"PropertyValueSpecification","valueRequired":true,"valueName":"search_term_string"}}],"inLanguage":"es"}]}},"meta_box":{"industry":"","seo_heading":"","heading":"","description":"","cta_heading":"","cta_description":"","application":"756","h1":"Generador de c\u00f3digos QR de Squarespace","h1_caption":"Genere y muestre un c\u00f3digo QR para acceder f\u00e1cilmente a URL, Wi-Fi, tarjetas de presentaci\u00f3n y m\u00e1s en su sitio web de Squarespace sin esfuerzo.","application_category":[],"applications_title":"","applications_request_title":"","applications_request_button_text":"","hero_text":"","hero_video":"","hero_video_schema_markup":"","selling_points_title":"","selling_points_caption":"","selling_points":[],"selling_points_cta_text":"","features_title":"","features":"","ed_cta_examples_text":"","ed_cta_examples_hidden":"","ed_cta_demo_text":"","ed_cta_demo_hidden":"","why_caption":"","why_editor_title":"","why_editor_text":"","why_team_title":"","why_team_text":"","why_service_title":"","why_service_text":"","template_catalog_visible":"","template_catalog_title":"","template_catalog_text":"","template_catalog_categories_visible":"","demo_title":"Crea tu complemento de c\u00f3digo QR","demo_caption":"\u00a1Configura tu c\u00f3digo QR y agr\u00e9galo a tu sitio web de Squarespace gratis!","default_faq_hidden":"","app_template_category":[],"platform":"100","template_public_id":"","codecanyon_url":"","codecanyon_item_id":"","codecanyon_price":"","pricing_caption":"","pricing_elfsight_apps_hide_column":"","pricing_elfsight_apps_url":"","pricing_codecanyon_price_caption":"","integration_category":[],"integration_request_title":"","integration_request_cta":"","integration_platform":"","integrations":[],"platform_category":[],"video_schema_markup":"","price":"desde $0 \/ mes","trial":"","benefits":[{"text":"Ayuda de instalaci\u00f3n gratuita"},{"text":"Soporte premium"},{"text":"Garant\u00eda de reembolso de 14 d\u00edas"},{"text":"Futuras actualizaciones gratuitas"}],"button_url":"#demo","button_target_blank":"","button_nofollow":"","attributes":[{"name":"Instalaciones","content":"10,000 - 100,000"},{"name":"Sensible","content":"S\u00ed"},{"name":"Navegadores compatibles","content":"Firefox, Safari, Opera, Chrome, Edge"}],"tags":[],"tags_disable_links":"","hide_more_platforms":"","video_object":"","demo_hide_cta":"","demo_hide_cloud_options":"","pricing_title":"","pricing":[{"pricing_icon":"platform","pricing_title":"Elfsight Apps","pricing_title_caption":"Versi\u00f3n multiplataforma que funciona en cualquier sitio.","pricing_price":"desde $0 \/ mes","pricing_price_caption":"comienza con el plan gratuito","pricing_benefits":[{"text":"Dominios ilimitados"},{"text":"Soporte gratuito de la empresa"},{"text":"Soporte de instalaci\u00f3n gratuito"},{"text":"Dise\u00f1o flexible"}],"pricing_button_text":"A\u00f1adir al sitio web","pricing_button_url":"#demo"}],"related_apps_title":"","related_apps_hidden":"","author":"","image":[],"title":"","job":"","social_networks":[]},"_links":{"self":[{"href":"https:\/\/elfsight.com\/es\/wp-json\/wp\/v2\/pages\/8090","targetHints":{"allow":["GET"]}}],"collection":[{"href":"https:\/\/elfsight.com\/es\/wp-json\/wp\/v2\/pages"}],"about":[{"href":"https:\/\/elfsight.com\/es\/wp-json\/wp\/v2\/types\/page"}],"author":[{"embeddable":true,"href":"https:\/\/elfsight.com\/es\/wp-json\/wp\/v2\/users\/9"}],"replies":[{"embeddable":true,"href":"https:\/\/elfsight.com\/es\/wp-json\/wp\/v2\/comments?post=8090"}],"version-history":[{"count":2,"href":"https:\/\/elfsight.com\/es\/wp-json\/wp\/v2\/pages\/8090\/revisions"}],"predecessor-version":[{"id":18643,"href":"https:\/\/elfsight.com\/es\/wp-json\/wp\/v2\/pages\/8090\/revisions\/18643"}],"up":[{"embeddable":true,"href":"https:\/\/elfsight.com\/es\/wp-json\/wp\/v2\/pages\/757"}],"wp:attachment":[{"href":"https:\/\/elfsight.com\/es\/wp-json\/wp\/v2\/media?parent=8090"}],"curies":[{"name":"wp","href":"https:\/\/api.w.org\/{rel}","templated":true}]}}