{"id":8085,"date":"1970-01-01T00:00:00","date_gmt":"1970-01-01T00:00:00","guid":{"rendered":"https:\/\/elfsight.com\/es\/?page_id=8085"},"modified":"2025-02-06T15:41:20","modified_gmt":"2025-02-06T15:41:20","slug":"shopify","status":"publish","type":"page","link":"https:\/\/elfsight.com\/es\/qr-code-widget\/shopify\/","title":{"rendered":"QR Code &#8211; Shopify"},"content":{"rendered":"<div class=\"application-platform-content-item-description application-platform-content-item\" id=\"description\" data-nav-section=\"description\"> <h2>Incrustar c\u00f3digo QR en Shopify con el widget Elfsight<\/h2> <p>La aplicaci\u00f3n Elfsight QR Code es una excelente opci\u00f3n para Shopify que le permite redirigir inmediatamente a sus visitantes a cualquier sitio, compartir un enlace, ubicaci\u00f3n, correo electr\u00f3nico, archivo y m\u00e1s. El widget es sumamente personalizable: puede agregar un t\u00edtulo, un t\u00edtulo explicativo, elegir el \u00edcono y el logotipo de nuestra biblioteca o tomar el suyo propio, volver a pintar el texto, el fondo, el marco y modificar el tama\u00f1o del widget de la manera que necesite. Todo lo que necesitas hacer es comenzar a crear tu funci\u00f3n personalizada: la instalaci\u00f3n es muy sencilla y no requiere conocimientos de codificaci\u00f3n.<\/p> <p><b>Inserta el generador de c\u00f3digos QR de Elfsight en tu sitio web de Shopify y lleva a los usuarios directamente a donde quieres que est\u00e9n y agiliza el uso del contenido<\/b><\/p> <\/div> <div class=\"application-platform-content-item-features application-platform-content-item\" id=\"features\" data-nav-section=\"features\"> <h2>El widget ofrece funciones potentes y r\u00e1pidas, mira algunas de ellos:<\/h2> <ul><li>Acceso instant\u00e1neo al contenido que has subido<\/li><li>Agrega cualquier texto<\/li><li>8 logotipos intercambiables<\/li><li>Quince \u00edconos intercambiables disponibles<\/li><li>Repinta todas las partes<\/li><\/ul><p><a href=\"#demo\">Puedes probar la funcionalidad completa del widget en la demostraci\u00f3n a continuaci\u00f3n<\/a><\/p> <\/div> <div class=\"application-platform-content-item-installation application-platform-content-item\" id=\"installation\" data-nav-section=\"installation\"> <h2>\u00bfC\u00f3mo agrego un c\u00f3digo QR en mi sitio web de Shopify?<\/h2> <p>Simplemente siga un par de pasos presentados a continuaci\u00f3n para activar la aplicaci\u00f3n.<\/p> <ol><li><b>Abra nuestro editor gratuito y comience a crear su aplicaci\u00f3n personalizada.<\/b><br> Especifique la forma preferible y las especificaciones del widget y guarde todas las modificaciones.<\/li> <li><b>Reciba el c\u00f3digo personal que se muestra en el formulario especial en Elfsight Apps.<\/b><br> Cuando finalice la configuraci\u00f3n de su widget personal, copie su c\u00f3digo en la ventana emergente que aparece y gu\u00e1rdelo para futuras ocasiones.<\/li> <li><b>Ingrese al uso de la aplicaci\u00f3n en su sitio Shopify.<\/b><br> Pegue el c\u00f3digo copiado recientemente en su sitio web y aplique las ediciones. <\/li> <li><b>\u00a1Listo! La incrustaci\u00f3n se ha realizado completamente.<\/b><br> Abra su sitio web para ver el funcionamiento de la aplicaci\u00f3n.<\/li><\/ol><p>En caso de tener consultas o enfrentar algunas dificultades, no dude en escribir a nuestro equipo de atenci\u00f3n al cliente. Nuestros consultores estar\u00e1n encantados de resolver todos los problemas que pueda tener con el widget.<\/p> <div class=\"faq\" data-component=\"FAQ\"><div class=\"faq-item\">\r\n\t\t\t\t\t<div class=\"faq-item-question\">\r\n\t\t\t\t\t\t<h3 class=\"faq-item-question-text\">\u00bfC\u00f3mo puedo insertar un c\u00f3digo QR en mi Shopify sin experiencia en codificaci\u00f3n?<\/h3>\r\n\r\n\t\t\t\t\t\t<div class=\"faq-item-question-icon\"><\/div>\r\n\t\t\t\t\t<\/div>\r\n\r\n\t\t\t\t\t<div class=\"faq-item-answer\">\r\n\t\t\t\t\t\t<div class=\"faq-item-answer-text\"> <p>La empresa Elfsight ofrece una soluci\u00f3n en la nube que permite a una amplia audiencia generar un widget de c\u00f3digo QR usted mismo. Descubra lo sencillo que es el proceso: vaya a la demostraci\u00f3n en l\u00ednea para generar una secci\u00f3n de c\u00f3digo QR que le gustar\u00eda que aparezca en su Shopify. Elija una de las muchas plantillas predise\u00f1adas y ajuste la configuraci\u00f3n del c\u00f3digo QR, incluya su contenido, cambie el dise\u00f1o y el color de los elementos sin ning\u00fan conocimiento de codificaci\u00f3n. Guarde la configuraci\u00f3n que realiz\u00f3 en el C\u00f3digo QR y obtenga su c\u00f3digo para la instalaci\u00f3n, que se puede agregar f\u00e1cilmente en cualquier p\u00e1gina web de Shopify sin necesidad de comprar una versi\u00f3n paga. Con nuestro Configurador intuitivo, cualquier usuario web puede crear un c\u00f3digo QR y pegarlo en el sitio web de Shopify. No es necesario pagar ni revelar los datos de su tarjeta para ingresar a Elfsight Editor. Si tiene alg\u00fan problema en cualquier paso, no dude en ponerse en contacto con nuestro servicio t\u00e9cnico de atenci\u00f3n al cliente.<\/p> <\/div>\r\n\t\t\t\t\t<\/div>\r\n\t\t\t\t<\/div> <\/div><\/div>","protected":false},"excerpt":{"rendered":"","protected":false},"author":9,"featured_media":0,"parent":757,"menu_order":0,"comment_status":"closed","ping_status":"closed","template":"templates\/template-application-platform.php","meta":{"publish_to_discourse":"","publish_post_category":"","wpdc_auto_publish_overridden":"","wpdc_topic_tags":"","wpdc_pin_topic":"","wpdc_pin_until":"","discourse_post_id":"","discourse_permalink":"","wpdc_publishing_response":"","wpdc_publishing_error":"","footnotes":""},"class_list":["post-8085","page","type-page","status-publish","hentry"],"yoast_head":"<!-- This site is optimized with the Yoast SEO plugin v25.3.1 - https:\/\/yoast.com\/wordpress\/plugins\/seo\/ -->\n<title>C\u00f3digo QR: agregue un generador de c\u00f3digos QR a Shopify (gratis y r\u00e1pido)<\/title>\n<meta name=\"description\" content=\"Crea f\u00e1cilmente tu generador de c\u00f3digos QR exclusivo para la p\u00e1gina web de Shopify. Simplemente utilice nuestra demostraci\u00f3n y su herramienta se crear\u00e1 en menos de un minuto.\" \/>\n<meta name=\"robots\" content=\"index, follow, max-snippet:-1, max-image-preview:large, max-video-preview:-1\" \/>\n<link rel=\"canonical\" href=\"https:\/\/elfsight.com\/es\/qr-code-widget\/shopify\/\" \/>\n<meta property=\"og:locale\" content=\"es_ES\" \/>\n<meta property=\"og:type\" content=\"article\" \/>\n<meta property=\"og:title\" content=\"C\u00f3digo QR: agregue un generador de c\u00f3digos QR a Shopify (gratis y r\u00e1pido)\" \/>\n<meta property=\"og:description\" content=\"Crea f\u00e1cilmente tu generador de c\u00f3digos QR exclusivo para la p\u00e1gina web de Shopify. Simplemente utilice nuestra demostraci\u00f3n y su herramienta se crear\u00e1 en menos de un minuto.\" \/>\n<meta property=\"og:url\" content=\"https:\/\/elfsight.com\/es\/qr-code-widget\/shopify\/\" \/>\n<meta property=\"og:site_name\" content=\"Elfsight ES\" \/>\n<meta property=\"article:modified_time\" content=\"2025-02-06T15:41:20+00:00\" \/>\n<meta name=\"twitter:card\" content=\"summary_large_image\" \/>\n<meta name=\"twitter:label1\" content=\"Tiempo de lectura\" \/>\n\t<meta name=\"twitter:data1\" content=\"3 minutos\" \/>\n<!-- \/ Yoast SEO plugin. -->","yoast_head_json":{"title":"C\u00f3digo QR: agregue un generador de c\u00f3digos QR a Shopify (gratis y r\u00e1pido)","description":"Crea f\u00e1cilmente tu generador de c\u00f3digos QR exclusivo para la p\u00e1gina web de Shopify. Simplemente utilice nuestra demostraci\u00f3n y su herramienta se crear\u00e1 en menos de un minuto.","robots":{"index":"index","follow":"follow","max-snippet":"max-snippet:-1","max-image-preview":"max-image-preview:large","max-video-preview":"max-video-preview:-1"},"canonical":"https:\/\/elfsight.com\/es\/qr-code-widget\/shopify\/","og_locale":"es_ES","og_type":"article","og_title":"C\u00f3digo QR: agregue un generador de c\u00f3digos QR a Shopify (gratis y r\u00e1pido)","og_description":"Crea f\u00e1cilmente tu generador de c\u00f3digos QR exclusivo para la p\u00e1gina web de Shopify. Simplemente utilice nuestra demostraci\u00f3n y su herramienta se crear\u00e1 en menos de un minuto.","og_url":"https:\/\/elfsight.com\/es\/qr-code-widget\/shopify\/","og_site_name":"Elfsight ES","article_modified_time":"2025-02-06T15:41:20+00:00","twitter_card":"summary_large_image","twitter_misc":{"Tiempo de lectura":"3 minutos"},"schema":{"@context":"https:\/\/schema.org","@graph":[{"@type":"WebPage","@id":"https:\/\/elfsight.com\/es\/qr-code-widget\/shopify\/","url":"https:\/\/elfsight.com\/es\/qr-code-widget\/shopify\/","name":"C\u00f3digo QR: agregue un generador de c\u00f3digos QR a Shopify (gratis y r\u00e1pido)","isPartOf":{"@id":"https:\/\/elfsight.com\/es\/#website"},"datePublished":"1970-01-01T00:00:00+00:00","dateModified":"2025-02-06T15:41:20+00:00","description":"Crea f\u00e1cilmente tu generador de c\u00f3digos QR exclusivo para la p\u00e1gina web de Shopify. Simplemente utilice nuestra demostraci\u00f3n y su herramienta se crear\u00e1 en menos de un minuto.","breadcrumb":{"@id":"https:\/\/elfsight.com\/es\/qr-code-widget\/shopify\/#breadcrumb"},"inLanguage":"es","potentialAction":[{"@type":"ReadAction","target":["https:\/\/elfsight.com\/es\/qr-code-widget\/shopify\/"]}]},{"@type":"BreadcrumbList","@id":"https:\/\/elfsight.com\/es\/qr-code-widget\/shopify\/#breadcrumb","itemListElement":[{"@type":"ListItem","position":1,"name":"Home","item":"https:\/\/elfsight.com\/es\/"},{"@type":"ListItem","position":2,"name":"QR Code","item":"https:\/\/elfsight.com\/es\/qr-code-widget\/"},{"@type":"ListItem","position":3,"name":"QR Code &#8211; Shopify"}]},{"@type":"WebSite","@id":"https:\/\/elfsight.com\/es\/#website","url":"https:\/\/elfsight.com\/es\/","name":"Elfsight ES","description":"Just another Elfsight Sites site","potentialAction":[{"@type":"SearchAction","target":{"@type":"EntryPoint","urlTemplate":"https:\/\/elfsight.com\/es\/?s={search_term_string}"},"query-input":{"@type":"PropertyValueSpecification","valueRequired":true,"valueName":"search_term_string"}}],"inLanguage":"es"}]}},"meta_box":{"industry":"","seo_heading":"","heading":"","description":"","cta_heading":"","cta_description":"","application":"756","h1":"Generador de c\u00f3digos QR de Shopify","h1_caption":"Genera y muestra un c\u00f3digo QR para acceder f\u00e1cilmente a URL, Wi-Fi, tarjetas de presentaci\u00f3n y m\u00e1s en tu sitio web de Shopify sin esfuerzo.","application_category":[],"applications_title":"","applications_request_title":"","applications_request_button_text":"","hero_text":"","hero_video":"","hero_video_schema_markup":"","selling_points_title":"","selling_points_caption":"","selling_points":[],"selling_points_cta_text":"","features_title":"","features":"","ed_cta_examples_text":"","ed_cta_examples_hidden":"","ed_cta_demo_text":"","ed_cta_demo_hidden":"","why_caption":"","why_editor_title":"","why_editor_text":"","why_team_title":"","why_team_text":"","why_service_title":"","why_service_text":"","template_catalog_visible":"","template_catalog_title":"","template_catalog_text":"","template_catalog_categories_visible":"","demo_title":"Crea tu aplicaci\u00f3n de C\u00f3digo QR","demo_caption":"\u00a1Configura tu c\u00f3digo QR y agr\u00e9galo a tu sitio web Shopify gratis!","default_faq_hidden":"","app_template_category":[],"platform":"91","template_public_id":"","codecanyon_url":"","codecanyon_item_id":"","codecanyon_price":"","pricing_caption":"","pricing_elfsight_apps_hide_column":"","pricing_elfsight_apps_url":"","pricing_codecanyon_price_caption":"","integration_category":[],"integration_request_title":"","integration_request_cta":"","integration_platform":"","integrations":[],"platform_category":[],"video_schema_markup":"","price":"desde $0 \/ mes","trial":"","benefits":[{"text":"Servicio de instalaci\u00f3n gratuito"},{"text":"Soporte premium"},{"text":"Garant\u00eda de devoluci\u00f3n de dinero de 14 d\u00edas"},{"text":"Actualizaciones gratuitas continuas"}],"button_url":"#demo","button_target_blank":"","button_nofollow":"","attributes":[{"name":"Instalaciones","content":"10,000 - 100,000"},{"name":"Sensible","content":"S\u00ed"},{"name":"Navegadores compatibles","content":"Firefox, Safari, Opera, Chrome, Edge"}],"tags":[],"tags_disable_links":"","hide_more_platforms":"","video_object":"","demo_hide_cta":"","demo_hide_cloud_options":"","pricing_title":"","pricing":[{"pricing_icon":"cloud","pricing_title":"Elfsight Apps","pricing_title_caption":"Versi\u00f3n multiplataforma que funciona en cualquier sitio web.","pricing_price":"desde $0 \/ mes","pricing_price_caption":"comienza con el plan gratuito","pricing_benefits":[{"text":"Sitios web ilimitados"},{"text":"Soporte premium"},{"text":"Servicio de instalaci\u00f3n gratuito"},{"text":"Oferta especial para m\u00faltiples aplicaciones."}],"pricing_button_text":"A\u00f1adir al sitio web","pricing_button_url":"#demo"}],"related_apps_title":"","related_apps_hidden":"","author":"","image":[],"title":"","job":"","social_networks":[]},"_links":{"self":[{"href":"https:\/\/elfsight.com\/es\/wp-json\/wp\/v2\/pages\/8085","targetHints":{"allow":["GET"]}}],"collection":[{"href":"https:\/\/elfsight.com\/es\/wp-json\/wp\/v2\/pages"}],"about":[{"href":"https:\/\/elfsight.com\/es\/wp-json\/wp\/v2\/types\/page"}],"author":[{"embeddable":true,"href":"https:\/\/elfsight.com\/es\/wp-json\/wp\/v2\/users\/9"}],"replies":[{"embeddable":true,"href":"https:\/\/elfsight.com\/es\/wp-json\/wp\/v2\/comments?post=8085"}],"version-history":[{"count":2,"href":"https:\/\/elfsight.com\/es\/wp-json\/wp\/v2\/pages\/8085\/revisions"}],"predecessor-version":[{"id":18644,"href":"https:\/\/elfsight.com\/es\/wp-json\/wp\/v2\/pages\/8085\/revisions\/18644"}],"up":[{"embeddable":true,"href":"https:\/\/elfsight.com\/es\/wp-json\/wp\/v2\/pages\/757"}],"wp:attachment":[{"href":"https:\/\/elfsight.com\/es\/wp-json\/wp\/v2\/media?parent=8085"}],"curies":[{"name":"wp","href":"https:\/\/api.w.org\/{rel}","templated":true}]}}