{"id":8084,"date":"1970-01-01T00:00:00","date_gmt":"1970-01-01T00:00:00","guid":{"rendered":"https:\/\/elfsight.com\/es\/?page_id=8084"},"modified":"2025-02-06T15:41:20","modified_gmt":"2025-02-06T15:41:20","slug":"prestashop","status":"publish","type":"page","link":"https:\/\/elfsight.com\/es\/qr-code-widget\/prestashop\/","title":{"rendered":"QR Code &#8211; PrestaShop"},"content":{"rendered":"<div class=\"application-platform-content-item-description application-platform-content-item\" id=\"description\" data-nav-section=\"description\"> <h2>Descripci\u00f3n<\/h2> <p>El c\u00f3digo QR es una herramienta extraordinaria que le permite redirigir r\u00e1pidamente a sus visitantes a cualquier sitio web, compartir un enlace, su ubicaci\u00f3n, correo electr\u00f3nico, archivo y mucho m\u00e1s. La herramienta es sumamente personalizable: puede agregar un t\u00edtulo, un pie de foto, seleccionar el \u00edcono y el tipo de logotipo que m\u00e1s le convenga usando nuestra biblioteca o cargar el suyo propio, volver a pintar el texto, el fondo, el marco y cambiar el tama\u00f1o del widget de acuerdo con su sitio web. Todo lo que necesita hacer es simplemente comenzar a crear la herramienta: la instalaci\u00f3n no es sofisticada y no requerir\u00e1 que usted tenga habilidades de codificaci\u00f3n. <\/p> <p><b>Haga que su sitio tenga m\u00e1s \u00e9xito para fines de comercio electr\u00f3nico con la ayuda del c\u00f3digo QR<\/b><\/p> <\/div> <div class=\"application-platform-content-item-features application-platform-content-item\" id=\"features\" data-nav-section=\"features\"> <h2>Estas son solo algunas de las muchas caracter\u00edsticas del widget: <\/h2> <ul><li>Acceso instant\u00e1neo a su contenido<\/li><li>Una posibilidad de compartir URL, ubicaciones, archivos, perfiles de redes sociales y mucho m\u00e1s. m\u00e1s<\/li><li>Agregue cualquier texto<\/li><li>8 logotipos intercambiables<\/li><li>Posibilidad de cargar su logotipo personalizado<\/li><li>15 \u00edconos intercambiables disponibles<\/li><li>Marcos para presentar el c\u00f3digo de la manera m\u00e1s reveladora<\/li><li>Cambiar el tama\u00f1o del c\u00f3digo<\/li><li>Modificar el tama\u00f1o del texto<\/li><li>Adjuntar un t\u00edtulo<\/li><\/ul><p><a href=\"#demo\">Simplemente consulte esta demostraci\u00f3n para obtenga una idea completa<\/a><\/p> <\/div> <div class=\"application-platform-content-item-installation application-platform-content-item\" id=\"installation\" data-nav-section=\"installation\"> <h2>\u00bfC\u00f3mo agregar un c\u00f3digo QR a mi sitio PrestaShop? <\/h2> <p>Simplemente siga las pautas a continuaci\u00f3n para integrar el widget. <\/p> <ol><li><b>Abre nuestra demostraci\u00f3n gratuita y comienza a darle forma a tu widget personalizado. <\/b><br> Determine la forma y las opciones adecuadas del widget y guarde las correcciones. <\/li> <li><b>Obtenga el c\u00f3digo personal que aparece en el formulario especial de Elfsight Apps. <\/b><br> Cuando finalice la personalizaci\u00f3n de su complemento, copie el c\u00f3digo personal en la ventana emergente que aparece y gu\u00e1rdelo para su uso posterior. <\/li> <li><b>Inicie el uso del widget en su sitio web PrestaShop. <\/b><br>Implementa el c\u00f3digo que has copiado anteriormente en tu sitio web y guarda las correcciones. <\/li> <li><b>\u00a1Ya terminaste! La integraci\u00f3n se logra con \u00e9xito. <\/b><br>Vaya a su sitio web para revisar c\u00f3mo se est\u00e1 ejecutando el widget. <\/li><\/ol> <p>En caso de tener preguntas o encontrar alguna complicaci\u00f3n, p\u00f3ngase en contacto con nuestro personal de atenci\u00f3n al cliente. Nuestros asesores estar\u00e1n encantados de resolver todas las dificultades que puedas tener con la herramienta. <\/p> <div class=\"faq\" data-component=\"FAQ\"><div class=\"faq-item\">\r\n\t\t\t\t\t<div class=\"faq-item-question\">\r\n\t\t\t\t\t\t<h3 class=\"faq-item-question-text\">\u00bfExiste una opci\u00f3n para incrustar un c\u00f3digo QR en mi sitio web PrestaShop sin conocimientos de codificaci\u00f3n?<\/h3>\r\n\r\n\t\t\t\t\t\t<div class=\"faq-item-question-icon\"><\/div>\r\n\t\t\t\t\t<\/div>\r\n\r\n\t\t\t\t\t<div class=\"faq-item-answer\">\r\n\t\t\t\t\t\t<div class=\"faq-item-answer-text\"> <p>Elfsight proporciona una soluci\u00f3n que permite a una amplia audiencia generar un complemento de c\u00f3digo QR usted mismo. Compruebe lo simple que es el proceso: trabaje en el editor en l\u00ednea para formar una secci\u00f3n de c\u00f3digo QR que le gustar\u00eda incrustar en el sitio PrestaShop. Elija una de las plantillas predise\u00f1adas y ajuste la configuraci\u00f3n del c\u00f3digo QR, agregue su contenido, modifique el dise\u00f1o y el color de los elementos sin conocimientos de codificaci\u00f3n. Haga clic para guardar la configuraci\u00f3n que realiz\u00f3 en el c\u00f3digo QR y copie el c\u00f3digo del widget para la instalaci\u00f3n, que se puede pegar en cualquier p\u00e1gina de inicio de PrestaShop de forma gratuita. Con nuestro Configurador f\u00e1cil de usar, cualquier usuario web puede generar una secci\u00f3n de C\u00f3digo QR e incluirla f\u00e1cilmente en cualquier p\u00e1gina de inicio de PrestaShop. No debes pagar ni revelar los datos de tu tarjeta para ingresar a nuestro Editor. Si tiene alg\u00fan problema de cualquier tipo, no dude en ponerse en contacto con nuestro equipo de soporte t\u00e9cnico.<\/p> <\/div>\r\n\t\t\t\t\t<\/div>\r\n\t\t\t\t<\/div> <\/div><\/div>","protected":false},"excerpt":{"rendered":"","protected":false},"author":9,"featured_media":0,"parent":757,"menu_order":0,"comment_status":"closed","ping_status":"closed","template":"templates\/template-application-platform.php","meta":{"publish_to_discourse":"","publish_post_category":"","wpdc_auto_publish_overridden":"","wpdc_topic_tags":"","wpdc_pin_topic":"","wpdc_pin_until":"","discourse_post_id":"","discourse_permalink":"","wpdc_publishing_response":"","wpdc_publishing_error":"","footnotes":""},"class_list":["post-8084","page","type-page","status-publish","hentry"],"yoast_head":"<!-- This site is optimized with the Yoast SEO plugin v25.3.1 - https:\/\/yoast.com\/wordpress\/plugins\/seo\/ -->\n<title>Generador de c\u00f3digos QR: agregue el complemento de c\u00f3digos QR a PrestaShop [2025]<\/title>\n<meta name=\"description\" content=\"Cree r\u00e1pidamente su generador de c\u00f3digos QR personalizado para el sitio web PrestaShop. Simplemente aplique nuestra demostraci\u00f3n y su complemento se crear\u00e1 en dos minutos.\" \/>\n<meta name=\"robots\" content=\"index, follow, max-snippet:-1, max-image-preview:large, max-video-preview:-1\" \/>\n<link rel=\"canonical\" href=\"https:\/\/elfsight.com\/es\/qr-code-widget\/prestashop\/\" \/>\n<meta property=\"og:locale\" content=\"es_ES\" \/>\n<meta property=\"og:type\" content=\"article\" \/>\n<meta property=\"og:title\" content=\"Generador de c\u00f3digos QR: agregue el complemento de c\u00f3digos QR a PrestaShop [2025]\" \/>\n<meta property=\"og:description\" content=\"Cree r\u00e1pidamente su generador de c\u00f3digos QR personalizado para el sitio web PrestaShop. Simplemente aplique nuestra demostraci\u00f3n y su complemento se crear\u00e1 en dos minutos.\" \/>\n<meta property=\"og:url\" content=\"https:\/\/elfsight.com\/es\/qr-code-widget\/prestashop\/\" \/>\n<meta property=\"og:site_name\" content=\"Elfsight ES\" \/>\n<meta property=\"article:modified_time\" content=\"2025-02-06T15:41:20+00:00\" \/>\n<meta name=\"twitter:card\" content=\"summary_large_image\" \/>\n<meta name=\"twitter:label1\" content=\"Tiempo de lectura\" \/>\n\t<meta name=\"twitter:data1\" content=\"3 minutos\" \/>\n<!-- \/ Yoast SEO plugin. -->","yoast_head_json":{"title":"Generador de c\u00f3digos QR: agregue el complemento de c\u00f3digos QR a PrestaShop [2025]","description":"Cree r\u00e1pidamente su generador de c\u00f3digos QR personalizado para el sitio web PrestaShop. Simplemente aplique nuestra demostraci\u00f3n y su complemento se crear\u00e1 en dos minutos.","robots":{"index":"index","follow":"follow","max-snippet":"max-snippet:-1","max-image-preview":"max-image-preview:large","max-video-preview":"max-video-preview:-1"},"canonical":"https:\/\/elfsight.com\/es\/qr-code-widget\/prestashop\/","og_locale":"es_ES","og_type":"article","og_title":"Generador de c\u00f3digos QR: agregue el complemento de c\u00f3digos QR a PrestaShop [2025]","og_description":"Cree r\u00e1pidamente su generador de c\u00f3digos QR personalizado para el sitio web PrestaShop. Simplemente aplique nuestra demostraci\u00f3n y su complemento se crear\u00e1 en dos minutos.","og_url":"https:\/\/elfsight.com\/es\/qr-code-widget\/prestashop\/","og_site_name":"Elfsight ES","article_modified_time":"2025-02-06T15:41:20+00:00","twitter_card":"summary_large_image","twitter_misc":{"Tiempo de lectura":"3 minutos"},"schema":{"@context":"https:\/\/schema.org","@graph":[{"@type":"WebPage","@id":"https:\/\/elfsight.com\/es\/qr-code-widget\/prestashop\/","url":"https:\/\/elfsight.com\/es\/qr-code-widget\/prestashop\/","name":"Generador de c\u00f3digos QR: agregue el complemento de c\u00f3digos QR a PrestaShop [2025]","isPartOf":{"@id":"https:\/\/elfsight.com\/es\/#website"},"datePublished":"1970-01-01T00:00:00+00:00","dateModified":"2025-02-06T15:41:20+00:00","description":"Cree r\u00e1pidamente su generador de c\u00f3digos QR personalizado para el sitio web PrestaShop. Simplemente aplique nuestra demostraci\u00f3n y su complemento se crear\u00e1 en dos minutos.","breadcrumb":{"@id":"https:\/\/elfsight.com\/es\/qr-code-widget\/prestashop\/#breadcrumb"},"inLanguage":"es","potentialAction":[{"@type":"ReadAction","target":["https:\/\/elfsight.com\/es\/qr-code-widget\/prestashop\/"]}]},{"@type":"BreadcrumbList","@id":"https:\/\/elfsight.com\/es\/qr-code-widget\/prestashop\/#breadcrumb","itemListElement":[{"@type":"ListItem","position":1,"name":"Home","item":"https:\/\/elfsight.com\/es\/"},{"@type":"ListItem","position":2,"name":"QR Code","item":"https:\/\/elfsight.com\/es\/qr-code-widget\/"},{"@type":"ListItem","position":3,"name":"QR Code &#8211; PrestaShop"}]},{"@type":"WebSite","@id":"https:\/\/elfsight.com\/es\/#website","url":"https:\/\/elfsight.com\/es\/","name":"Elfsight ES","description":"Just another Elfsight Sites site","potentialAction":[{"@type":"SearchAction","target":{"@type":"EntryPoint","urlTemplate":"https:\/\/elfsight.com\/es\/?s={search_term_string}"},"query-input":{"@type":"PropertyValueSpecification","valueRequired":true,"valueName":"search_term_string"}}],"inLanguage":"es"}]}},"meta_box":{"industry":"","seo_heading":"","heading":"","description":"","cta_heading":"","cta_description":"","application":"756","h1":"Generador de c\u00f3digos QR PrestaShop","h1_caption":"Genere y muestre un c\u00f3digo QR para acceder f\u00e1cilmente a URL, Wi-Fi, tarjetas de presentaci\u00f3n y m\u00e1s en su sitio web Prestashop sin esfuerzo.","application_category":[],"applications_title":"","applications_request_title":"","applications_request_button_text":"","hero_text":"","hero_video":"","hero_video_schema_markup":"","selling_points_title":"","selling_points_caption":"","selling_points":[],"selling_points_cta_text":"","features_title":"","features":"","ed_cta_examples_text":"","ed_cta_examples_hidden":"","ed_cta_demo_text":"","ed_cta_demo_hidden":"","why_caption":"","why_editor_title":"","why_editor_text":"","why_team_title":"","why_team_text":"","why_service_title":"","why_service_text":"","template_catalog_visible":"","template_catalog_title":"","template_catalog_text":"","template_catalog_categories_visible":"","demo_title":"Crea tu complemento de c\u00f3digo QR","demo_caption":"\u00a1Configura tu C\u00f3digo QR y agr\u00e9galo a tu sitio web PrestaShop gratis!","default_faq_hidden":"","app_template_category":[],"platform":"2250","template_public_id":"","codecanyon_url":"","codecanyon_item_id":"","codecanyon_price":"","pricing_caption":"","pricing_elfsight_apps_hide_column":"","pricing_elfsight_apps_url":"","pricing_codecanyon_price_caption":"","integration_category":[],"integration_request_title":"","integration_request_cta":"","integration_platform":"","integrations":[],"platform_category":[],"video_schema_markup":"","price":"desde $0 \/ mes","trial":"","benefits":[{"text":"Asistencia de instalaci\u00f3n gratuita"},{"text":"Atenci\u00f3n al cliente experimentada"},{"text":"Garant\u00eda de reembolso de 14 d\u00edas"},{"text":"Actualizando constantemente"}],"button_url":"#demo","button_target_blank":"","button_nofollow":"","attributes":[{"name":"Instalaciones","content":"10,000 - 100,000"},{"name":"Sensible","content":"S\u00ed"},{"name":"Navegadores compatibles","content":"Firefox, Safari, Opera, Chrome, Edge"}],"tags":[],"tags_disable_links":"","hide_more_platforms":"","video_object":"","demo_hide_cta":"","demo_hide_cloud_options":"","pricing_title":"","pricing":[{"pricing_icon":"platform","pricing_title":"Elfsight Apps","pricing_title_caption":"Software independiente de la plataforma","pricing_price":"desde $0 \/ mes","pricing_price_caption":"comienza con el plan gratuito","pricing_benefits":[{"text":"Sitios web ilimitados"},{"text":"Atenci\u00f3n al cliente 24 horas al d\u00eda, 7 d\u00edas a la semana"},{"text":"Soporte de instalaci\u00f3n gratuito"},{"text":"100% personalizable"}],"pricing_button_text":"A\u00f1adir al sitio web","pricing_button_url":"#demo"}],"related_apps_title":"","related_apps_hidden":"","author":"","image":[],"title":"","job":"","social_networks":[]},"_links":{"self":[{"href":"https:\/\/elfsight.com\/es\/wp-json\/wp\/v2\/pages\/8084","targetHints":{"allow":["GET"]}}],"collection":[{"href":"https:\/\/elfsight.com\/es\/wp-json\/wp\/v2\/pages"}],"about":[{"href":"https:\/\/elfsight.com\/es\/wp-json\/wp\/v2\/types\/page"}],"author":[{"embeddable":true,"href":"https:\/\/elfsight.com\/es\/wp-json\/wp\/v2\/users\/9"}],"replies":[{"embeddable":true,"href":"https:\/\/elfsight.com\/es\/wp-json\/wp\/v2\/comments?post=8084"}],"version-history":[{"count":2,"href":"https:\/\/elfsight.com\/es\/wp-json\/wp\/v2\/pages\/8084\/revisions"}],"predecessor-version":[{"id":18645,"href":"https:\/\/elfsight.com\/es\/wp-json\/wp\/v2\/pages\/8084\/revisions\/18645"}],"up":[{"embeddable":true,"href":"https:\/\/elfsight.com\/es\/wp-json\/wp\/v2\/pages\/757"}],"wp:attachment":[{"href":"https:\/\/elfsight.com\/es\/wp-json\/wp\/v2\/media?parent=8084"}],"curies":[{"name":"wp","href":"https:\/\/api.w.org\/{rel}","templated":true}]}}