{"id":8083,"date":"1970-01-01T00:00:00","date_gmt":"1970-01-01T00:00:00","guid":{"rendered":"https:\/\/elfsight.com\/es\/?page_id=8083"},"modified":"2025-02-06T15:41:29","modified_gmt":"2025-02-06T15:41:29","slug":"opencart","status":"publish","type":"page","link":"https:\/\/elfsight.com\/es\/qr-code-widget\/opencart\/","title":{"rendered":"QR Code &#8211; OpenCart"},"content":{"rendered":"<div class=\"application-platform-content-item-description application-platform-content-item\" id=\"description\" data-nav-section=\"description\"> <h2>Descripci\u00f3n<\/h2> <p>El generador de c\u00f3digos QR de Elfsight es una excelente herramienta para OpenCart que le permite redirigir inmediatamente a los usuarios a cualquier p\u00e1gina web, compartir un enlace, una ubicaci\u00f3n, un correo electr\u00f3nico, un archivo y m\u00e1s. La herramienta es notablemente personalizable: puede agregar un t\u00edtulo, un t\u00edtulo, seleccionar el \u00edcono y el logotipo, de nuestra biblioteca o tomar el suyo propio, volver a pintar el texto, el fondo, el marco y ajustar el tama\u00f1o como necesite. Todo lo que queda por hacer es comenzar a crear su widget personalizado: la instalaci\u00f3n no es sofisticada y no requerir\u00e1 ninguna habilidad de codificaci\u00f3n.<\/p> <p><b>Integre el generador de c\u00f3digos QR en su p\u00e1gina web y lleve a los visitantes directamente a donde los necesita y simplifique el consumo de contenido.<\/b><\/p> <\/div> <div class=\"application-platform-content-item-features application-platform-content-item\" id=\"features\" data-nav-section=\"features\"> <h2>La extensi\u00f3n tiene funciones \u00fatiles y funciones sencillas, vea algunas de ellas: <\/h2> <ul><li>Acceso instant\u00e1neo al contenido que ha subido<\/li><li>Adjunte cualquier texto<\/li><li>8 logotipos intercambiables<\/li><li>Quince iconos intercambiables para que usted elija<\/li><li>Recoloree todos los elementos<\/li><\/ul><p><a href=\"#demo\">Pruebe esta demostraci\u00f3n para ver cu\u00e1nto vale la extensi\u00f3n<\/a><\/p> <\/div> <div class=\"application-platform-content-item-installation application-platform-content-item\" id=\"installation\" data-nav-section=\"installation\"> <h2>\u00bfC\u00f3mo agregar un generador de c\u00f3digos QR a mi sitio web OpenCart? <\/h2> <p>Simplemente siga las pautas a continuaci\u00f3n para comenzar a utilizar la herramienta. <\/p> <ol><li><b>Abre nuestra demostraci\u00f3n gratuita y comienza a crear tu propia extensi\u00f3n. <\/b><br> Elija la interfaz seleccionada y las funciones de la extensi\u00f3n y guarde todas las ediciones. <\/li> <li><b>Copia el c\u00f3digo \u00fanico que se muestra en la ventana de Elfsight Apps. <\/b><br> Cuando finalice la personalizaci\u00f3n de su extensi\u00f3n, copie el c\u00f3digo exclusivo del cuadro que aparece y gu\u00e1rdelo para futuras ocasiones. <\/li> <li><b>Ingrese al uso de la extensi\u00f3n en el sitio OpenCart. <\/b><br> Pega el c\u00f3digo guardado recientemente en tu sitio web y aplica las correcciones. <\/li> <li><b>La instalaci\u00f3n se ha realizado por completo. <\/b><br>Visite su sitio para ver el funcionamiento de la extensi\u00f3n. <\/li><\/ol><p>Si tienes algunas dificultades, no dudes en recurrir a nuestro equipo de soporte. Nuestros especialistas estar\u00e1n encantados de resolver todas las dificultades que puedas tener con el producto. <\/p> <div class=\"faq\" data-component=\"FAQ\"><div class=\"faq-item\">\r\n\t\t\t\t\t<div class=\"faq-item-question\">\r\n\t\t\t\t\t\t<h3 class=\"faq-item-question-text\">\u00bfDe qu\u00e9 manera es posible incrustar un c\u00f3digo QR en mi p\u00e1gina web OpenCart sin conocimientos de codificaci\u00f3n?<\/h3>\r\n\r\n\t\t\t\t\t\t<div class=\"faq-item-question-icon\"><\/div>\r\n\t\t\t\t\t<\/div>\r\n\r\n\t\t\t\t\t<div class=\"faq-item-answer\">\r\n\t\t\t\t\t\t<div class=\"faq-item-answer-text\"> <p>Elfsight ofrece una soluci\u00f3n SaaS que permite a una amplia audiencia crear una secci\u00f3n de c\u00f3digo QR usted mismo. Aprenda los sencillos pasos: comience a trabajar directamente en el editor en l\u00ednea para crear un widget de c\u00f3digo QR que le gustar\u00eda agregar en OpenCart. Haga clic en una de nuestras plantillas predise\u00f1adas y ajuste la configuraci\u00f3n del C\u00f3digo QR, transforme el dise\u00f1o y los colores y agregue su contenido, sin conocimientos de codificaci\u00f3n. Guarde el c\u00f3digo QR y obtenga el c\u00f3digo de instalaci\u00f3n del complemento, que se puede insertar f\u00e1cilmente en la p\u00e1gina web de OpenCart sin necesidad de comprar una suscripci\u00f3n paga. Con el editor intuitivo, cada usuario web puede generar c\u00f3digos QR en l\u00ednea y simplemente incrustarlos en la p\u00e1gina de inicio de OpenCart. No es necesario obtener una suscripci\u00f3n paga ni ingresar las credenciales de su tarjeta para ingresar al servicio. Si tiene alg\u00fan problema de cualquier tipo, contin\u00fae y comun\u00edquese con nuestro personal de soporte.<\/p> <\/div>\r\n\t\t\t\t\t<\/div>\r\n\t\t\t\t<\/div> <\/div><\/div>","protected":false},"excerpt":{"rendered":"","protected":false},"author":9,"featured_media":0,"parent":757,"menu_order":0,"comment_status":"closed","ping_status":"closed","template":"templates\/template-application-platform.php","meta":{"publish_to_discourse":"","publish_post_category":"","wpdc_auto_publish_overridden":"","wpdc_topic_tags":"","wpdc_pin_topic":"","wpdc_pin_until":"","discourse_post_id":"","discourse_permalink":"","wpdc_publishing_response":"","wpdc_publishing_error":"","footnotes":""},"class_list":["post-8083","page","type-page","status-publish","hentry"],"yoast_head":"<!-- This site is optimized with the Yoast SEO plugin v25.3.1 - https:\/\/yoast.com\/wordpress\/plugins\/seo\/ -->\n<title>C\u00f3digo QR: agregue un generador de c\u00f3digos QR a OpenCart (gratis y r\u00e1pido)<\/title>\n<meta name=\"description\" content=\"Configure f\u00e1cilmente su extensi\u00f3n de c\u00f3digo QR \u00fanica para la p\u00e1gina web OpenCart. Simplemente utilice nuestra pr\u00e1ctica demostraci\u00f3n y su extensi\u00f3n estar\u00e1 lista en menos de dos minutos.\" \/>\n<meta name=\"robots\" content=\"index, follow, max-snippet:-1, max-image-preview:large, max-video-preview:-1\" \/>\n<link rel=\"canonical\" href=\"https:\/\/elfsight.com\/es\/qr-code-widget\/opencart\/\" \/>\n<meta property=\"og:locale\" content=\"es_ES\" \/>\n<meta property=\"og:type\" content=\"article\" \/>\n<meta property=\"og:title\" content=\"C\u00f3digo QR: agregue un generador de c\u00f3digos QR a OpenCart (gratis y r\u00e1pido)\" \/>\n<meta property=\"og:description\" content=\"Configure f\u00e1cilmente su extensi\u00f3n de c\u00f3digo QR \u00fanica para la p\u00e1gina web OpenCart. Simplemente utilice nuestra pr\u00e1ctica demostraci\u00f3n y su extensi\u00f3n estar\u00e1 lista en menos de dos minutos.\" \/>\n<meta property=\"og:url\" content=\"https:\/\/elfsight.com\/es\/qr-code-widget\/opencart\/\" \/>\n<meta property=\"og:site_name\" content=\"Elfsight ES\" \/>\n<meta property=\"article:modified_time\" content=\"2025-02-06T15:41:29+00:00\" \/>\n<meta name=\"twitter:card\" content=\"summary_large_image\" \/>\n<meta name=\"twitter:label1\" content=\"Tiempo de lectura\" \/>\n\t<meta name=\"twitter:data1\" content=\"3 minutos\" \/>\n<!-- \/ Yoast SEO plugin. -->","yoast_head_json":{"title":"C\u00f3digo QR: agregue un generador de c\u00f3digos QR a OpenCart (gratis y r\u00e1pido)","description":"Configure f\u00e1cilmente su extensi\u00f3n de c\u00f3digo QR \u00fanica para la p\u00e1gina web OpenCart. Simplemente utilice nuestra pr\u00e1ctica demostraci\u00f3n y su extensi\u00f3n estar\u00e1 lista en menos de dos minutos.","robots":{"index":"index","follow":"follow","max-snippet":"max-snippet:-1","max-image-preview":"max-image-preview:large","max-video-preview":"max-video-preview:-1"},"canonical":"https:\/\/elfsight.com\/es\/qr-code-widget\/opencart\/","og_locale":"es_ES","og_type":"article","og_title":"C\u00f3digo QR: agregue un generador de c\u00f3digos QR a OpenCart (gratis y r\u00e1pido)","og_description":"Configure f\u00e1cilmente su extensi\u00f3n de c\u00f3digo QR \u00fanica para la p\u00e1gina web OpenCart. Simplemente utilice nuestra pr\u00e1ctica demostraci\u00f3n y su extensi\u00f3n estar\u00e1 lista en menos de dos minutos.","og_url":"https:\/\/elfsight.com\/es\/qr-code-widget\/opencart\/","og_site_name":"Elfsight ES","article_modified_time":"2025-02-06T15:41:29+00:00","twitter_card":"summary_large_image","twitter_misc":{"Tiempo de lectura":"3 minutos"},"schema":{"@context":"https:\/\/schema.org","@graph":[{"@type":"WebPage","@id":"https:\/\/elfsight.com\/es\/qr-code-widget\/opencart\/","url":"https:\/\/elfsight.com\/es\/qr-code-widget\/opencart\/","name":"C\u00f3digo QR: agregue un generador de c\u00f3digos QR a OpenCart (gratis y r\u00e1pido)","isPartOf":{"@id":"https:\/\/elfsight.com\/es\/#website"},"datePublished":"1970-01-01T00:00:00+00:00","dateModified":"2025-02-06T15:41:29+00:00","description":"Configure f\u00e1cilmente su extensi\u00f3n de c\u00f3digo QR \u00fanica para la p\u00e1gina web OpenCart. Simplemente utilice nuestra pr\u00e1ctica demostraci\u00f3n y su extensi\u00f3n estar\u00e1 lista en menos de dos minutos.","breadcrumb":{"@id":"https:\/\/elfsight.com\/es\/qr-code-widget\/opencart\/#breadcrumb"},"inLanguage":"es","potentialAction":[{"@type":"ReadAction","target":["https:\/\/elfsight.com\/es\/qr-code-widget\/opencart\/"]}]},{"@type":"BreadcrumbList","@id":"https:\/\/elfsight.com\/es\/qr-code-widget\/opencart\/#breadcrumb","itemListElement":[{"@type":"ListItem","position":1,"name":"Home","item":"https:\/\/elfsight.com\/es\/"},{"@type":"ListItem","position":2,"name":"QR Code","item":"https:\/\/elfsight.com\/es\/qr-code-widget\/"},{"@type":"ListItem","position":3,"name":"QR Code &#8211; OpenCart"}]},{"@type":"WebSite","@id":"https:\/\/elfsight.com\/es\/#website","url":"https:\/\/elfsight.com\/es\/","name":"Elfsight ES","description":"Just another Elfsight Sites site","potentialAction":[{"@type":"SearchAction","target":{"@type":"EntryPoint","urlTemplate":"https:\/\/elfsight.com\/es\/?s={search_term_string}"},"query-input":{"@type":"PropertyValueSpecification","valueRequired":true,"valueName":"search_term_string"}}],"inLanguage":"es"}]}},"meta_box":{"industry":"","seo_heading":"","heading":"","description":"","cta_heading":"","cta_description":"","application":"756","h1":"Extensi\u00f3n de c\u00f3digo QR de OpenCart","h1_caption":"Genere y muestre un c\u00f3digo QR para acceder f\u00e1cilmente a URL, Wi-Fi, tarjetas de presentaci\u00f3n y m\u00e1s en su sitio web Opencart sin esfuerzo.","application_category":[],"applications_title":"","applications_request_title":"","applications_request_button_text":"","hero_text":"","hero_video":"","hero_video_schema_markup":"","selling_points_title":"","selling_points_caption":"","selling_points":[],"selling_points_cta_text":"","features_title":"","features":"","ed_cta_examples_text":"","ed_cta_examples_hidden":"","ed_cta_demo_text":"","ed_cta_demo_hidden":"","why_caption":"","why_editor_title":"","why_editor_text":"","why_team_title":"","why_team_text":"","why_service_title":"","why_service_text":"","template_catalog_visible":"","template_catalog_title":"","template_catalog_text":"","template_catalog_categories_visible":"","demo_title":"Crea tu extensi\u00f3n de C\u00f3digo QR","demo_caption":"\u00a1Configure su c\u00f3digo QR y agr\u00e9guelo a su sitio web OpenCart gratis!","default_faq_hidden":"","app_template_category":[],"platform":"88","template_public_id":"","codecanyon_url":"","codecanyon_item_id":"","codecanyon_price":"","pricing_caption":"","pricing_elfsight_apps_hide_column":"","pricing_elfsight_apps_url":"","pricing_codecanyon_price_caption":"","integration_category":[],"integration_request_title":"","integration_request_cta":"","integration_platform":"","integrations":[],"platform_category":[],"video_schema_markup":"","price":"desde $0 \/ mes","trial":"","benefits":[{"text":"Servicio de instalaci\u00f3n gratuito"},{"text":"Soporte excepcional"},{"text":"Garant\u00eda de devoluci\u00f3n de dinero de 14 d\u00edas"},{"text":"Mejoras de por vida"}],"button_url":"#demo","button_target_blank":"","button_nofollow":"","attributes":[{"name":"Instalaciones","content":"10,000 - 100,000"},{"name":"Sensible","content":"S\u00ed"},{"name":"Navegadores compatibles","content":"Chrome, Edge, Firefox, Safari, Opera"}],"tags":[],"tags_disable_links":"","hide_more_platforms":"","video_object":"","demo_hide_cta":"","demo_hide_cloud_options":"","pricing_title":"","pricing":[{"pricing_icon":"platform","pricing_title":"Elfsight Apps","pricing_title_caption":"Soluci\u00f3n digital multiplataforma","pricing_price":"desde $0 \/ mes","pricing_price_caption":"comienza con el plan gratuito","pricing_benefits":[{"text":"Sitios web ilimitados"},{"text":"Soporte r\u00e1pido y puntual"},{"text":"Servicio de instalaci\u00f3n gratuito"},{"text":"100% personalizable"}],"pricing_button_text":"A\u00f1adir al sitio web","pricing_button_url":"#demo"}],"related_apps_title":"","related_apps_hidden":"","author":"","image":[],"title":"","job":"","social_networks":[]},"_links":{"self":[{"href":"https:\/\/elfsight.com\/es\/wp-json\/wp\/v2\/pages\/8083","targetHints":{"allow":["GET"]}}],"collection":[{"href":"https:\/\/elfsight.com\/es\/wp-json\/wp\/v2\/pages"}],"about":[{"href":"https:\/\/elfsight.com\/es\/wp-json\/wp\/v2\/types\/page"}],"author":[{"embeddable":true,"href":"https:\/\/elfsight.com\/es\/wp-json\/wp\/v2\/users\/9"}],"replies":[{"embeddable":true,"href":"https:\/\/elfsight.com\/es\/wp-json\/wp\/v2\/comments?post=8083"}],"version-history":[{"count":2,"href":"https:\/\/elfsight.com\/es\/wp-json\/wp\/v2\/pages\/8083\/revisions"}],"predecessor-version":[{"id":18646,"href":"https:\/\/elfsight.com\/es\/wp-json\/wp\/v2\/pages\/8083\/revisions\/18646"}],"up":[{"embeddable":true,"href":"https:\/\/elfsight.com\/es\/wp-json\/wp\/v2\/pages\/757"}],"wp:attachment":[{"href":"https:\/\/elfsight.com\/es\/wp-json\/wp\/v2\/media?parent=8083"}],"curies":[{"name":"wp","href":"https:\/\/api.w.org\/{rel}","templated":true}]}}