{"id":8077,"date":"1970-01-01T00:00:00","date_gmt":"1970-01-01T00:00:00","guid":{"rendered":"https:\/\/elfsight.com\/es\/?page_id=8077"},"modified":"2025-02-06T15:41:29","modified_gmt":"2025-02-06T15:41:29","slug":"magento","status":"publish","type":"page","link":"https:\/\/elfsight.com\/es\/qr-code-widget\/magento\/","title":{"rendered":"QR Code &#8211; Magento"},"content":{"rendered":"<div class=\"application-platform-content-item-description application-platform-content-item\" id=\"description\" data-nav-section=\"description\"> <h2>Descripci\u00f3n<\/h2> <p>El generador de c\u00f3digos QR de Elfsight es una herramienta impresionante para Magento que le permite redirigir r\u00e1pidamente a los usuarios a cualquier p\u00e1gina web, compartir una URL, su ubicaci\u00f3n, correo electr\u00f3nico, archivo y m\u00e1s. La extensi\u00f3n es notablemente ajustable: puede agregar un t\u00edtulo, un t\u00edtulo, elegir el \u00edcono y el tipo de logotipo, desde nuestra biblioteca o cargar el suyo propio, cambiar el color del texto, el fondo, el marco y cambiar el tama\u00f1o de la forma que necesite. Todo lo que queda por hacer es simplemente comenzar a formar la herramienta: la instalaci\u00f3n es muy sencilla y no requiere ninguna habilidad de codificaci\u00f3n. <\/p> <p><b>Inserte el generador de c\u00f3digos QR de Elfsight en su p\u00e1gina web y redirija a los usuarios directamente donde desee que est\u00e9n y simplifique el uso del contenido<\/b><\/p> <\/div> <div class=\"application-platform-content-item-features application-platform-content-item\" id=\"features\" data-nav-section=\"features\"> <h2>A continuaci\u00f3n se detallan las caracter\u00edsticas b\u00e1sicas de la extensi\u00f3n: <\/h2> <ul><li>Acceso inmediato a su contenido<\/li><li>Agregue cualquier texto<\/li><li>Ocho logotipos intercambiables<\/li><li>Quince iconos intercambiables para que elijas<\/li><li>Repintar todas las partes<\/li><\/ul><p><a href=\"#demo\">Pruebe todas las funciones de personalizaci\u00f3n en una demostraci\u00f3n completamente funcional<\/a><\/p> <\/div> <div class=\"application-platform-content-item-installation application-platform-content-item\" id=\"installation\" data-nav-section=\"installation\"> <h2>\u00bfC\u00f3mo puedo insertar la extensi\u00f3n del c\u00f3digo QR en mi sitio web Magento? <\/h2> <p>Simplemente siga los siguientes pasos que se detallan a continuaci\u00f3n para agregar el complemento. <\/p> <ol><li><b>Emplee nuestro editor gratuito y comience a trabajar con su extensi\u00f3n personalizada.<\/b><br> Elija el aspecto y la funcionalidad preferidos del complemento y aplique todas las correcciones.<\/li> <li><b>Adquiera el c\u00f3digo individual que aparece en el cuadro que aparece en Elfsight Apps.<\/b><br> Inmediatamente despu\u00e9s de finalizar la creaci\u00f3n de su complemento personal, copie el c\u00f3digo personal en la ventana emergente que aparece y gu\u00e1rdelo para usarlo en el futuro.<\/li> <li><b>Inicie el uso de la extensi\u00f3n en su sitio Magento.<\/b><br> Agregue el c\u00f3digo copiado anteriormente en su sitio y guarde las ediciones.<\/li> <li><b>La configuraci\u00f3n se realiz\u00f3 exitosamente.<\/b><br> Visite su sitio web para ver el rendimiento de la extensi\u00f3n.<\/li><\/ol><p>En caso de que tenga algunas dificultades, comun\u00edquese con nuestro personal de soporte. Nuestra gente est\u00e1 deseando ayudarle con todos los problemas que pueda tener con la extensi\u00f3n. <\/p> <div class=\"faq\" data-component=\"FAQ\"><div class=\"faq-item\">\r\n\t\t\t\t\t<div class=\"faq-item-question\">\r\n\t\t\t\t\t\t<h3 class=\"faq-item-question-text\">\u00bfExiste una opci\u00f3n para agregar un c\u00f3digo QR a mi sitio Magento sin codificaci\u00f3n?<\/h3>\r\n\r\n\t\t\t\t\t\t<div class=\"faq-item-question-icon\"><\/div>\r\n\t\t\t\t\t<\/div>\r\n\r\n\t\t\t\t\t<div class=\"faq-item-answer\">\r\n\t\t\t\t\t\t<div class=\"faq-item-answer-text\"> <p>La compa\u00f1\u00eda Elfsight ofrece una soluci\u00f3n que permite a los propietarios de sitios crear un complemento de c\u00f3digo QR usted mismo. Descubra las sencillas instrucciones: Vaya al editor en l\u00ednea para crear un widget de c\u00f3digo QR que le gustar\u00eda incrustar en su Magento. Seleccione una de las muchas plantillas predise\u00f1adas y modifique la configuraci\u00f3n del c\u00f3digo QR, cambie el dise\u00f1o y los colores, incluido el contenido, sin conocimientos de codificaci\u00f3n. Haga clic para guardar la configuraci\u00f3n que realiz\u00f3 en el c\u00f3digo QR y obtener el c\u00f3digo de instalaci\u00f3n que se puede agregar en la p\u00e1gina de inicio de Magento sin necesidad de comprar una versi\u00f3n paga. Con la ayuda del sencillo Editor, cualquier usuario de Internet puede generar una aplicaci\u00f3n de c\u00f3digo QR y simplemente incluirla en la p\u00e1gina de inicio de Magento. No debe pagar ni enviar los datos de su tarjeta para acceder a Elfsight Editor. Si encuentra alg\u00fan obst\u00e1culo de cualquier tipo, no dude en hablar con nuestro servicio t\u00e9cnico de atenci\u00f3n al cliente.<\/p> <\/div>\r\n\t\t\t\t\t<\/div>\r\n\t\t\t\t<\/div> <\/div><\/div>","protected":false},"excerpt":{"rendered":"","protected":false},"author":9,"featured_media":0,"parent":757,"menu_order":0,"comment_status":"closed","ping_status":"closed","template":"templates\/template-application-platform.php","meta":{"publish_to_discourse":"","publish_post_category":"","wpdc_auto_publish_overridden":"","wpdc_topic_tags":"","wpdc_pin_topic":"","wpdc_pin_until":"","discourse_post_id":"","discourse_permalink":"","wpdc_publishing_response":"","wpdc_publishing_error":"","footnotes":""},"class_list":["post-8077","page","type-page","status-publish","hentry"],"yoast_head":"<!-- This site is optimized with the Yoast SEO plugin v25.3.1 - https:\/\/yoast.com\/wordpress\/plugins\/seo\/ -->\n<title>Generador de c\u00f3digos QR: agregue extensi\u00f3n de c\u00f3digo QR a Magento [2025]<\/title>\n<meta name=\"description\" content=\"Da forma r\u00e1pidamente a tu extensi\u00f3n de c\u00f3digo QR personalizada para Magento. Simplemente aplique nuestra demostraci\u00f3n activa y su complemento estar\u00e1 listo en menos de un minuto.\" \/>\n<meta name=\"robots\" content=\"index, follow, max-snippet:-1, max-image-preview:large, max-video-preview:-1\" \/>\n<link rel=\"canonical\" href=\"https:\/\/elfsight.com\/es\/qr-code-widget\/magento\/\" \/>\n<meta property=\"og:locale\" content=\"es_ES\" \/>\n<meta property=\"og:type\" content=\"article\" \/>\n<meta property=\"og:title\" content=\"Generador de c\u00f3digos QR: agregue extensi\u00f3n de c\u00f3digo QR a Magento [2025]\" \/>\n<meta property=\"og:description\" content=\"Da forma r\u00e1pidamente a tu extensi\u00f3n de c\u00f3digo QR personalizada para Magento. Simplemente aplique nuestra demostraci\u00f3n activa y su complemento estar\u00e1 listo en menos de un minuto.\" \/>\n<meta property=\"og:url\" content=\"https:\/\/elfsight.com\/es\/qr-code-widget\/magento\/\" \/>\n<meta property=\"og:site_name\" content=\"Elfsight ES\" \/>\n<meta property=\"article:modified_time\" content=\"2025-02-06T15:41:29+00:00\" \/>\n<meta name=\"twitter:card\" content=\"summary_large_image\" \/>\n<meta name=\"twitter:label1\" content=\"Tiempo de lectura\" \/>\n\t<meta name=\"twitter:data1\" content=\"3 minutos\" \/>\n<!-- \/ Yoast SEO plugin. -->","yoast_head_json":{"title":"Generador de c\u00f3digos QR: agregue extensi\u00f3n de c\u00f3digo QR a Magento [2025]","description":"Da forma r\u00e1pidamente a tu extensi\u00f3n de c\u00f3digo QR personalizada para Magento. Simplemente aplique nuestra demostraci\u00f3n activa y su complemento estar\u00e1 listo en menos de un minuto.","robots":{"index":"index","follow":"follow","max-snippet":"max-snippet:-1","max-image-preview":"max-image-preview:large","max-video-preview":"max-video-preview:-1"},"canonical":"https:\/\/elfsight.com\/es\/qr-code-widget\/magento\/","og_locale":"es_ES","og_type":"article","og_title":"Generador de c\u00f3digos QR: agregue extensi\u00f3n de c\u00f3digo QR a Magento [2025]","og_description":"Da forma r\u00e1pidamente a tu extensi\u00f3n de c\u00f3digo QR personalizada para Magento. Simplemente aplique nuestra demostraci\u00f3n activa y su complemento estar\u00e1 listo en menos de un minuto.","og_url":"https:\/\/elfsight.com\/es\/qr-code-widget\/magento\/","og_site_name":"Elfsight ES","article_modified_time":"2025-02-06T15:41:29+00:00","twitter_card":"summary_large_image","twitter_misc":{"Tiempo de lectura":"3 minutos"},"schema":{"@context":"https:\/\/schema.org","@graph":[{"@type":"WebPage","@id":"https:\/\/elfsight.com\/es\/qr-code-widget\/magento\/","url":"https:\/\/elfsight.com\/es\/qr-code-widget\/magento\/","name":"Generador de c\u00f3digos QR: agregue extensi\u00f3n de c\u00f3digo QR a Magento [2025]","isPartOf":{"@id":"https:\/\/elfsight.com\/es\/#website"},"datePublished":"1970-01-01T00:00:00+00:00","dateModified":"2025-02-06T15:41:29+00:00","description":"Da forma r\u00e1pidamente a tu extensi\u00f3n de c\u00f3digo QR personalizada para Magento. Simplemente aplique nuestra demostraci\u00f3n activa y su complemento estar\u00e1 listo en menos de un minuto.","breadcrumb":{"@id":"https:\/\/elfsight.com\/es\/qr-code-widget\/magento\/#breadcrumb"},"inLanguage":"es","potentialAction":[{"@type":"ReadAction","target":["https:\/\/elfsight.com\/es\/qr-code-widget\/magento\/"]}]},{"@type":"BreadcrumbList","@id":"https:\/\/elfsight.com\/es\/qr-code-widget\/magento\/#breadcrumb","itemListElement":[{"@type":"ListItem","position":1,"name":"Home","item":"https:\/\/elfsight.com\/es\/"},{"@type":"ListItem","position":2,"name":"QR Code","item":"https:\/\/elfsight.com\/es\/qr-code-widget\/"},{"@type":"ListItem","position":3,"name":"QR Code &#8211; Magento"}]},{"@type":"WebSite","@id":"https:\/\/elfsight.com\/es\/#website","url":"https:\/\/elfsight.com\/es\/","name":"Elfsight ES","description":"Just another Elfsight Sites site","potentialAction":[{"@type":"SearchAction","target":{"@type":"EntryPoint","urlTemplate":"https:\/\/elfsight.com\/es\/?s={search_term_string}"},"query-input":{"@type":"PropertyValueSpecification","valueRequired":true,"valueName":"search_term_string"}}],"inLanguage":"es"}]}},"meta_box":{"industry":"","seo_heading":"","heading":"","description":"","cta_heading":"","cta_description":"","application":"756","h1":"Extensi\u00f3n de c\u00f3digo QR de Magento","h1_caption":"Genere y muestre un c\u00f3digo QR para acceder f\u00e1cilmente a URL, Wi-Fi, tarjetas de presentaci\u00f3n y m\u00e1s en su sitio web Magento sin esfuerzo.","application_category":[],"applications_title":"","applications_request_title":"","applications_request_button_text":"","hero_text":"","hero_video":"","hero_video_schema_markup":"","selling_points_title":"","selling_points_caption":"","selling_points":[],"selling_points_cta_text":"","features_title":"","features":"","ed_cta_examples_text":"","ed_cta_examples_hidden":"","ed_cta_demo_text":"","ed_cta_demo_hidden":"","why_caption":"","why_editor_title":"","why_editor_text":"","why_team_title":"","why_team_text":"","why_service_title":"","why_service_text":"","template_catalog_visible":"","template_catalog_title":"","template_catalog_text":"","template_catalog_categories_visible":"","demo_title":"Crea tu extensi\u00f3n de C\u00f3digo QR","demo_caption":"\u00a1Configure su c\u00f3digo QR y agr\u00e9guelo a su sitio web Magento gratis!","default_faq_hidden":"","app_template_category":[],"platform":"82","template_public_id":"","codecanyon_url":"","codecanyon_item_id":"","codecanyon_price":"","pricing_caption":"","pricing_elfsight_apps_hide_column":"","pricing_elfsight_apps_url":"","pricing_codecanyon_price_caption":"","integration_category":[],"integration_request_title":"","integration_request_cta":"","integration_platform":"","integrations":[],"platform_category":[],"video_schema_markup":"","price":"desde $0 \/ mes","trial":"","benefits":[{"text":"Servicio de instalaci\u00f3n gratuito"},{"text":"Servicio al cliente eficaz"},{"text":"Garant\u00eda de reembolso de 14 d\u00edas"},{"text":"Actualizaciones continuas"}],"button_url":"#demo","button_target_blank":"","button_nofollow":"","attributes":[{"name":"Instalaciones","content":"10,000 - 100,000"},{"name":"Sensible","content":"S\u00ed"},{"name":"Navegadores compatibles","content":"Firefox, Safari, Opera, Chrome, Edge"}],"tags":[],"tags_disable_links":"","hide_more_platforms":"","video_object":"","demo_hide_cta":"","demo_hide_cloud_options":"","pricing_title":"","pricing":[{"pricing_icon":"platform","pricing_title":"Elfsight Apps","pricing_title_caption":"Soluci\u00f3n multiplataforma que funciona en cualquier sitio","pricing_price":"desde $0 \/ mes","pricing_price_caption":"comienza con un plan gratuito","pricing_benefits":[{"text":"Dominios ilimitados"},{"text":"Soporte de la empresa 24 horas al d\u00eda, 7 d\u00edas a la semana y bien documentado."},{"text":"Servicio de instalaci\u00f3n gratuito"},{"text":"100% personalizable"}],"pricing_button_text":"A\u00f1adir al sitio web","pricing_button_url":"#demo"}],"related_apps_title":"","related_apps_hidden":"","author":"","image":[],"title":"","job":"","social_networks":[]},"_links":{"self":[{"href":"https:\/\/elfsight.com\/es\/wp-json\/wp\/v2\/pages\/8077","targetHints":{"allow":["GET"]}}],"collection":[{"href":"https:\/\/elfsight.com\/es\/wp-json\/wp\/v2\/pages"}],"about":[{"href":"https:\/\/elfsight.com\/es\/wp-json\/wp\/v2\/types\/page"}],"author":[{"embeddable":true,"href":"https:\/\/elfsight.com\/es\/wp-json\/wp\/v2\/users\/9"}],"replies":[{"embeddable":true,"href":"https:\/\/elfsight.com\/es\/wp-json\/wp\/v2\/comments?post=8077"}],"version-history":[{"count":2,"href":"https:\/\/elfsight.com\/es\/wp-json\/wp\/v2\/pages\/8077\/revisions"}],"predecessor-version":[{"id":18648,"href":"https:\/\/elfsight.com\/es\/wp-json\/wp\/v2\/pages\/8077\/revisions\/18648"}],"up":[{"embeddable":true,"href":"https:\/\/elfsight.com\/es\/wp-json\/wp\/v2\/pages\/757"}],"wp:attachment":[{"href":"https:\/\/elfsight.com\/es\/wp-json\/wp\/v2\/media?parent=8077"}],"curies":[{"name":"wp","href":"https:\/\/api.w.org\/{rel}","templated":true}]}}