{"id":8069,"date":"1970-01-01T00:00:00","date_gmt":"1970-01-01T00:00:00","guid":{"rendered":"https:\/\/elfsight.com\/es\/?page_id=8069"},"modified":"2025-02-06T15:41:38","modified_gmt":"2025-02-06T15:41:38","slug":"jimdo","status":"publish","type":"page","link":"https:\/\/elfsight.com\/es\/qr-code-widget\/jimdo\/","title":{"rendered":"QR Code &#8211; Jimdo"},"content":{"rendered":"<div class=\"application-platform-content-item-description application-platform-content-item\" id=\"description\" data-nav-section=\"description\"><h2>Descripci\u00f3n<\/h2> <p>El c\u00f3digo QR de Elfsight es una herramienta extraordinaria que le permite redirigir inmediatamente a los usuarios a cualquier p\u00e1gina web, compartir una URL, su ubicaci\u00f3n, correo electr\u00f3nico, cualquier archivo y m\u00e1s. La herramienta es extremadamente ajustable: puede agregar un t\u00edtulo, un t\u00edtulo explicativo, elegir el \u00edcono y logotipo que m\u00e1s le convenga usando nuestra biblioteca o crear el suyo propio, cambiar el color del texto, el fondo, el marco y modificar el tama\u00f1o del widget de la manera que necesite. Todo lo que queda por hacer es comenzar a crear su funci\u00f3n personalizada: la instalaci\u00f3n es muy sencilla y no requiere conocimientos de codificaci\u00f3n. <\/p> <p><b>Haga que su sitio web sea m\u00e1s eficiente para las tareas comerciales con la ayuda del c\u00f3digo QR.<\/b><\/p> <\/div> <div class=\"application-platform-content-item-features application-platform-content-item\" id=\"features\" data-nav-section=\"features\"> <h2>Las funciones de widget m\u00e1s valiosas ofrecen<\/h2> <ul><li>Acceso instant\u00e1neo a su contenido<\/li><li>La posibilidad de compartir URL, ubicaciones, archivos, perfiles de redes sociales y mucho m\u00e1s<\/li><li>Agregar cualquier texto<\/li><li>8 logotipos intercambiables<\/li><li>Posibilidad de cargar su logotipo personalizado<\/li><li>15 iconos intercambiables disponibles<\/li><li>Marcos para presentar el c\u00f3digo de la manera m\u00e1s reveladora<\/li><li>Cambiar el tama\u00f1o del c\u00f3digo<\/li><li>Modificar el tama\u00f1o del texto<\/li><li>Adjuntar un t\u00edtulo<\/li><\/ul><p><a href=\"#demo\">Explore todas las opciones de personalizaci\u00f3n en un formato 100% funcional demo<\/a><\/p> <\/div> <div class=\"application-platform-content-item-installation application-platform-content-item\" id=\"installation\" data-nav-section=\"installation\"> <h2>\u00bfC\u00f3mo agregar un c\u00f3digo QR a la p\u00e1gina web de Jimdo? <\/h2> <p>Simplemente siga las instrucciones a continuaci\u00f3n para comenzar a trabajar con el widget. <\/p> <ol><li><b>Emplea nuestro editor gratuito y comienza a darle forma a tu instrumento personalizado. <\/b><br>Elija la forma personalizada y las opciones del widget y aplique las correcciones. <\/li> <li><b>Reciba el c\u00f3digo individual que se muestra en el formulario especial en Elfsight Apps. <\/b><br> Tan pronto como finalice la personalizaci\u00f3n de su widget personal, copie el c\u00f3digo personal en el cuadro que aparece y gu\u00e1rdelo para su uso posterior. <\/li> <li><b>Empiece a utilizar el widget en el sitio web de Jimdo. <\/b><br> A\u00f1ade el c\u00f3digo que has copiado antes en tu p\u00e1gina web y guarda los ajustes. <\/li> <li><b>La configuraci\u00f3n se ha realizado por completo. <\/b><br>Visite su p\u00e1gina web para ver c\u00f3mo se ejecuta el widget. <\/li><\/ol> <p>Si tiene alg\u00fan problema, no tema recurrir a nuestro personal de soporte. Nuestra gente est\u00e1 ansiosa por ayudarte con todas las dudas que puedas tener con el producto. <\/p> <div class=\"faq\" data-component=\"FAQ\"><div class=\"faq-item\">\r\n\t\t\t\t\t<div class=\"faq-item-question\">\r\n\t\t\t\t\t\t<h3 class=\"faq-item-question-text\">\u00bfExiste alg\u00fan m\u00e9todo para agregar un c\u00f3digo QR a mi sitio Jimdo sin experiencia en codificaci\u00f3n?<\/h3>\r\n\r\n\t\t\t\t\t\t<div class=\"faq-item-question-icon\"><\/div>\r\n\t\t\t\t\t<\/div>\r\n\r\n\t\t\t\t\t<div class=\"faq-item-answer\">\r\n\t\t\t\t\t\t<div class=\"faq-item-answer-text\"> <p>Elfsight ofrece una soluci\u00f3n que permite a los usuarios crear un complemento de c\u00f3digo QR usted mismo. Descubra lo simple que es: comience a trabajar directamente en la demostraci\u00f3n en l\u00ednea para crear una secci\u00f3n de c\u00f3digo QR que le gustar\u00eda ver en la p\u00e1gina de inicio de Jimdo. Elija una de nuestras plantillas predise\u00f1adas y ajuste la configuraci\u00f3n del c\u00f3digo QR, cambie el dise\u00f1o y la combinaci\u00f3n de colores y agregue su contenido, sin experiencia en codificaci\u00f3n. Guarda el c\u00f3digo QR y obt\u00e9n el c\u00f3digo de instalaci\u00f3n del widget, que puedes insertar f\u00e1cilmente en cualquier sitio Jimdo usando un plan gratuito. Con el sencillo Configurador, cualquier usuario de Internet puede crear un complemento de c\u00f3digo QR y pegarlo sin esfuerzo en el sitio de Jimdo. No debes pagar ni revelar los datos de tu tarjeta para ingresar a nuestro Editor. Si tiene alg\u00fan problema en alg\u00fan paso, no dude en comunicarse con nuestro personal de soporte.<\/p> <\/div>\r\n\t\t\t\t\t<\/div>\r\n\t\t\t\t<\/div> <\/div><\/div>","protected":false},"excerpt":{"rendered":"","protected":false},"author":9,"featured_media":0,"parent":757,"menu_order":0,"comment_status":"closed","ping_status":"closed","template":"templates\/template-application-platform.php","meta":{"publish_to_discourse":"","publish_post_category":"","wpdc_auto_publish_overridden":"","wpdc_topic_tags":"","wpdc_pin_topic":"","wpdc_pin_until":"","discourse_post_id":"","discourse_permalink":"","wpdc_publishing_response":"","wpdc_publishing_error":"","footnotes":""},"class_list":["post-8069","page","type-page","status-publish","hentry"],"yoast_head":"<!-- This site is optimized with the Yoast SEO plugin v25.3.1 - https:\/\/yoast.com\/wordpress\/plugins\/seo\/ -->\n<title>Generador de c\u00f3digos QR: agregue complemento de c\u00f3digos QR a Jimdo [2025]<\/title>\n<meta name=\"description\" content=\"Crea r\u00e1pidamente tu generador de c\u00f3digos QR personalizado para el sitio web Jimdo. Simplemente aplique nuestra demostraci\u00f3n y su complemento se crear\u00e1 en menos de dos minutos.\" \/>\n<meta name=\"robots\" content=\"index, follow, max-snippet:-1, max-image-preview:large, max-video-preview:-1\" \/>\n<link rel=\"canonical\" href=\"https:\/\/elfsight.com\/es\/qr-code-widget\/jimdo\/\" \/>\n<meta property=\"og:locale\" content=\"es_ES\" \/>\n<meta property=\"og:type\" content=\"article\" \/>\n<meta property=\"og:title\" content=\"Generador de c\u00f3digos QR: agregue complemento de c\u00f3digos QR a Jimdo [2025]\" \/>\n<meta property=\"og:description\" content=\"Crea r\u00e1pidamente tu generador de c\u00f3digos QR personalizado para el sitio web Jimdo. Simplemente aplique nuestra demostraci\u00f3n y su complemento se crear\u00e1 en menos de dos minutos.\" \/>\n<meta property=\"og:url\" content=\"https:\/\/elfsight.com\/es\/qr-code-widget\/jimdo\/\" \/>\n<meta property=\"og:site_name\" content=\"Elfsight ES\" \/>\n<meta property=\"article:modified_time\" content=\"2025-02-06T15:41:38+00:00\" \/>\n<meta name=\"twitter:card\" content=\"summary_large_image\" \/>\n<meta name=\"twitter:label1\" content=\"Tiempo de lectura\" \/>\n\t<meta name=\"twitter:data1\" content=\"3 minutos\" \/>\n<!-- \/ Yoast SEO plugin. -->","yoast_head_json":{"title":"Generador de c\u00f3digos QR: agregue complemento de c\u00f3digos QR a Jimdo [2025]","description":"Crea r\u00e1pidamente tu generador de c\u00f3digos QR personalizado para el sitio web Jimdo. Simplemente aplique nuestra demostraci\u00f3n y su complemento se crear\u00e1 en menos de dos minutos.","robots":{"index":"index","follow":"follow","max-snippet":"max-snippet:-1","max-image-preview":"max-image-preview:large","max-video-preview":"max-video-preview:-1"},"canonical":"https:\/\/elfsight.com\/es\/qr-code-widget\/jimdo\/","og_locale":"es_ES","og_type":"article","og_title":"Generador de c\u00f3digos QR: agregue complemento de c\u00f3digos QR a Jimdo [2025]","og_description":"Crea r\u00e1pidamente tu generador de c\u00f3digos QR personalizado para el sitio web Jimdo. Simplemente aplique nuestra demostraci\u00f3n y su complemento se crear\u00e1 en menos de dos minutos.","og_url":"https:\/\/elfsight.com\/es\/qr-code-widget\/jimdo\/","og_site_name":"Elfsight ES","article_modified_time":"2025-02-06T15:41:38+00:00","twitter_card":"summary_large_image","twitter_misc":{"Tiempo de lectura":"3 minutos"},"schema":{"@context":"https:\/\/schema.org","@graph":[{"@type":"WebPage","@id":"https:\/\/elfsight.com\/es\/qr-code-widget\/jimdo\/","url":"https:\/\/elfsight.com\/es\/qr-code-widget\/jimdo\/","name":"Generador de c\u00f3digos QR: agregue complemento de c\u00f3digos QR a Jimdo [2025]","isPartOf":{"@id":"https:\/\/elfsight.com\/es\/#website"},"datePublished":"1970-01-01T00:00:00+00:00","dateModified":"2025-02-06T15:41:38+00:00","description":"Crea r\u00e1pidamente tu generador de c\u00f3digos QR personalizado para el sitio web Jimdo. Simplemente aplique nuestra demostraci\u00f3n y su complemento se crear\u00e1 en menos de dos minutos.","breadcrumb":{"@id":"https:\/\/elfsight.com\/es\/qr-code-widget\/jimdo\/#breadcrumb"},"inLanguage":"es","potentialAction":[{"@type":"ReadAction","target":["https:\/\/elfsight.com\/es\/qr-code-widget\/jimdo\/"]}]},{"@type":"BreadcrumbList","@id":"https:\/\/elfsight.com\/es\/qr-code-widget\/jimdo\/#breadcrumb","itemListElement":[{"@type":"ListItem","position":1,"name":"Home","item":"https:\/\/elfsight.com\/es\/"},{"@type":"ListItem","position":2,"name":"QR Code","item":"https:\/\/elfsight.com\/es\/qr-code-widget\/"},{"@type":"ListItem","position":3,"name":"QR Code &#8211; Jimdo"}]},{"@type":"WebSite","@id":"https:\/\/elfsight.com\/es\/#website","url":"https:\/\/elfsight.com\/es\/","name":"Elfsight ES","description":"Just another Elfsight Sites site","potentialAction":[{"@type":"SearchAction","target":{"@type":"EntryPoint","urlTemplate":"https:\/\/elfsight.com\/es\/?s={search_term_string}"},"query-input":{"@type":"PropertyValueSpecification","valueRequired":true,"valueName":"search_term_string"}}],"inLanguage":"es"}]}},"meta_box":{"industry":"","seo_heading":"","heading":"","description":"","cta_heading":"","cta_description":"","application":"756","h1":"Widget generador de c\u00f3digos QR de Jimdo","h1_caption":"Genera y muestra un c\u00f3digo QR para acceder f\u00e1cilmente a URL, Wi-Fi, tarjetas de visita y m\u00e1s en tu sitio web Jimdo sin esfuerzo.","application_category":[],"applications_title":"","applications_request_title":"","applications_request_button_text":"","hero_text":"","hero_video":"","hero_video_schema_markup":"","selling_points_title":"","selling_points_caption":"","selling_points":[],"selling_points_cta_text":"","features_title":"","features":"","ed_cta_examples_text":"","ed_cta_examples_hidden":"","ed_cta_demo_text":"","ed_cta_demo_hidden":"","why_caption":"","why_editor_title":"","why_editor_text":"","why_team_title":"","why_team_text":"","why_service_title":"","why_service_text":"","template_catalog_visible":"","template_catalog_title":"","template_catalog_text":"","template_catalog_categories_visible":"","demo_title":"Crea tu widget de c\u00f3digo QR","demo_caption":"\u00a1Configura tu c\u00f3digo QR y a\u00f1\u00e1delo gratis a tu sitio web Jimdo!","default_faq_hidden":"","app_template_category":[],"platform":"2198","template_public_id":"","codecanyon_url":"","codecanyon_item_id":"","codecanyon_price":"","pricing_caption":"","pricing_elfsight_apps_hide_column":"","pricing_elfsight_apps_url":"","pricing_codecanyon_price_caption":"","integration_category":[],"integration_request_title":"","integration_request_cta":"","integration_platform":"","integrations":[],"platform_category":[],"video_schema_markup":"","price":"desde $0 \/ mes","trial":"","benefits":[{"text":"Ayuda de instalaci\u00f3n gratuita"},{"text":"Soporte premium"},{"text":"Garant\u00eda de devoluci\u00f3n de dinero de 14 d\u00edas"},{"text":"Actualizaciones peri\u00f3dicas"}],"button_url":"#demo","button_target_blank":"","button_nofollow":"","attributes":[{"name":"Instalaciones","content":"10,000 - 100,000"},{"name":"Sensible","content":"S\u00ed"},{"name":"Navegadores compatibles","content":"Firefox, Safari, Opera, Chrome, Edge"}],"tags":[],"tags_disable_links":"","hide_more_platforms":"","video_object":"","demo_hide_cta":"","demo_hide_cloud_options":"","pricing_title":"","pricing":[{"pricing_icon":"platform","pricing_title":"Elfsight Apps","pricing_title_caption":"Soluci\u00f3n digital multiplataforma que se adapta a cualquier sitio web","pricing_price":"desde $0 \/ mes","pricing_price_caption":"comienza con el plan gratuito","pricing_benefits":[{"text":"N\u00famero ilimitado de dominios"},{"text":"Atenci\u00f3n al cliente profesional"},{"text":"Servicio de instalaci\u00f3n gratuito"},{"text":"100% personalizable"}],"pricing_button_text":"A\u00f1adir al sitio web","pricing_button_url":"#demo"}],"related_apps_title":"","related_apps_hidden":"","author":"","image":[],"title":"","job":"","social_networks":[]},"_links":{"self":[{"href":"https:\/\/elfsight.com\/es\/wp-json\/wp\/v2\/pages\/8069","targetHints":{"allow":["GET"]}}],"collection":[{"href":"https:\/\/elfsight.com\/es\/wp-json\/wp\/v2\/pages"}],"about":[{"href":"https:\/\/elfsight.com\/es\/wp-json\/wp\/v2\/types\/page"}],"author":[{"embeddable":true,"href":"https:\/\/elfsight.com\/es\/wp-json\/wp\/v2\/users\/9"}],"replies":[{"embeddable":true,"href":"https:\/\/elfsight.com\/es\/wp-json\/wp\/v2\/comments?post=8069"}],"version-history":[{"count":2,"href":"https:\/\/elfsight.com\/es\/wp-json\/wp\/v2\/pages\/8069\/revisions"}],"predecessor-version":[{"id":18652,"href":"https:\/\/elfsight.com\/es\/wp-json\/wp\/v2\/pages\/8069\/revisions\/18652"}],"up":[{"embeddable":true,"href":"https:\/\/elfsight.com\/es\/wp-json\/wp\/v2\/pages\/757"}],"wp:attachment":[{"href":"https:\/\/elfsight.com\/es\/wp-json\/wp\/v2\/media?parent=8069"}],"curies":[{"name":"wp","href":"https:\/\/api.w.org\/{rel}","templated":true}]}}