{"id":8067,"date":"1970-01-01T00:00:00","date_gmt":"1970-01-01T00:00:00","guid":{"rendered":"https:\/\/elfsight.com\/es\/?page_id=8067"},"modified":"2025-02-06T15:41:47","modified_gmt":"2025-02-06T15:41:47","slug":"html","status":"publish","type":"page","link":"https:\/\/elfsight.com\/es\/qr-code-widget\/html\/","title":{"rendered":"QR Code &#8211; HTML"},"content":{"rendered":"<div class=\"application-platform-content-item-description application-platform-content-item\" id=\"description\" data-nav-section=\"description\"> <h2>Descripci\u00f3n<\/h2> <p>El c\u00f3digo QR de Elfsight es una opci\u00f3n impresionante que le permite redirigir instant\u00e1neamente a los usuarios a cualquier sitio web, compartir una URL, ubicaci\u00f3n, correo electr\u00f3nico, archivo y mucho m\u00e1s. El complemento es extraordinariamente ajustable: puede agregar un t\u00edtulo, un t\u00edtulo, elegir el \u00edcono y el logotipo de nuestra biblioteca o crear el suyo propio, cambiar el color del texto, el fondo, el marco y cambiar el tama\u00f1o del widget de acuerdo con su sitio web. Todo lo que queda por hacer es simplemente comenzar a darle forma a la funci\u00f3n: la instalaci\u00f3n no es sofisticada y no requerir\u00e1 que usted tenga conocimientos de codificaci\u00f3n.<\/p> <p><b>Integre el generador de c\u00f3digos QR de Elfsight en su sitio web HTML y lleve a los visitantes directamente a donde desea que est\u00e9n y simplifique el uso del contenido<\/b><\/p> <\/div> <div class=\"application-platform-content-item-features application-platform-content-item\" id=\"features\" data-nav-section=\"features\"> <h2>Ofrecemos funciones pr\u00e1cticas y sencillas caracter\u00edsticas, vea algunas de ellas: <\/h2> <ul><li>Acceso inmediato al contenido que ha subido<\/li><li>Adjunte cualquier texto<\/li><li>8 logotipos intercambiables<\/li><li>Quince iconos intercambiables disponibles<\/li><li>Recoloree todos los elementos del widget<\/li><\/ul><p><a href=\"#demo\">Puede explorar la funcionalidad completa del widget en la demostraci\u00f3n de esta p\u00e1gina<\/a><\/p> <\/div> <div class=\"application-platform-content-item-installation application-platform-content-item\" id=\"installation\" data-nav-section=\"installation\"> <h2>\u00bfC\u00f3mo puedo agregar un c\u00f3digo QR en mi sitio web HTML? <\/h2> <p>Simplemente siga los siguientes pasos que se presentan a continuaci\u00f3n para activar el complemento. <\/p> <ol><li><b>Abre nuestra demostraci\u00f3n gratuita y comienza a formar tu generador personalizado. <\/b><br> Encuentre el dise\u00f1o y las especificaciones preferibles del complemento y aplique las modificaciones. <\/li> <li><b>Reciba el c\u00f3digo \u00fanico que se revela en el cuadro de Elfsight Apps. <\/b><br> Una vez completada la configuraci\u00f3n de su herramienta, copie el c\u00f3digo individual de la ventana emergente que aparece y gu\u00e1rdelo para su uso posterior. <\/li> <li><b>Empiece a utilizar la herramienta en la p\u00e1gina de inicio HTML. <\/b><br>Incrusta el c\u00f3digo copiado recientemente en tu sitio web y guarda las mejoras. <\/li> <li><b>La instalaci\u00f3n ha finalizado por completo. <\/b><br> Visite su p\u00e1gina para ver c\u00f3mo funciona el widget. <\/li><\/ol> <p>En caso de enfrentar consultas o encontrar alg\u00fan obst\u00e1culo, no dude en comunicarse con nuestro equipo de soporte. Nuestra gente estar\u00e1 encantada de resolver todas las dificultades que puedas tener con el producto. <\/p> <\/div><div class=\"faq\" data-component=\"FAQ\"><div class=\"faq-item\">\r\n\t\t\t\t\t<div class=\"faq-item-question\">\r\n\t\t\t\t\t\t<h3 class=\"faq-item-question-text\">\u00bfDe qu\u00e9 manera incrusto un c\u00f3digo QR en mi sitio web HTML? <\/h3>\r\n\r\n\t\t\t\t\t\t<div class=\"faq-item-question-icon\"><\/div>\r\n\t\t\t\t\t<\/div>\r\n\r\n\t\t\t\t\t<div class=\"faq-item-answer\">\r\n\t\t\t\t\t\t<div class=\"faq-item-answer-text\"><p>La creaci\u00f3n del widget se produce en las p\u00e1ginas de Elfsight y no es necesario aprender a codificar. Utilice nuestra demostraci\u00f3n en vivo para crear su aplicaci\u00f3n, obtenga el c\u00f3digo e ins\u00e9rtelo en su sitio. <\/p><\/div>\r\n\t\t\t\t\t<\/div>\r\n\t\t\t\t<\/div><div class=\"faq-item\">\r\n\t\t\t\t\t<div class=\"faq-item-question\">\r\n\t\t\t\t\t\t<h3 class=\"faq-item-question-text\">Los mejores ejemplos de uso del generador de c\u00f3digos QR<\/h3>\r\n\r\n\t\t\t\t\t\t<div class=\"faq-item-question-icon\"><\/div>\r\n\t\t\t\t\t<\/div>\r\n\r\n\t\t\t\t\t<div class=\"faq-item-answer\">\r\n\t\t\t\t\t\t<div class=\"faq-item-answer-text\"><p>Le brindaremos toneladas de oportunidades de ajuste: widgets a escala real para insertar en la zona de contenido, widgets flotantes para opciones de desplazamiento, miniaturas para el pie de p\u00e1gina, encabezado y todas las variaciones de opciones verticales para barras laterales y men\u00fas. <\/p><\/div>\r\n\t\t\t\t\t<\/div>\r\n\t\t\t\t<\/div><div class=\"faq-item\">\r\n\t\t\t\t\t<div class=\"faq-item-question\">\r\n\t\t\t\t\t\t<h3 class=\"faq-item-question-text\">\u00bfExiste una opci\u00f3n para crear una imagen o un c\u00f3digo QR de enlace a trav\u00e9s de la agencia de su editor? <\/h3>\r\n\r\n\t\t\t\t\t\t<div class=\"faq-item-question-icon\"><\/div>\r\n\t\t\t\t\t<\/div>\r\n\r\n\t\t\t\t\t<div class=\"faq-item-answer\">\r\n\t\t\t\t\t\t<div class=\"faq-item-answer-text\"><p>Puede crear cualquier modificaci\u00f3n del widget. Hay una gran cantidad de dise\u00f1os aplicables en el editor y todos ellos se pueden personalizar f\u00e1cilmente seg\u00fan sus necesidades. <\/p><\/div>\r\n\t\t\t\t\t<\/div>\r\n\t\t\t\t<\/div><\/div>","protected":false},"excerpt":{"rendered":"","protected":false},"author":9,"featured_media":0,"parent":757,"menu_order":0,"comment_status":"closed","ping_status":"closed","template":"templates\/template-application-platform.php","meta":{"publish_to_discourse":"","publish_post_category":"","wpdc_auto_publish_overridden":"","wpdc_topic_tags":"","wpdc_pin_topic":"","wpdc_pin_until":"","discourse_post_id":"","discourse_permalink":"","wpdc_publishing_response":"","wpdc_publishing_error":"","footnotes":""},"class_list":["post-8067","page","type-page","status-publish","hentry"],"yoast_head":"<!-- This site is optimized with the Yoast SEO plugin v25.3.1 - https:\/\/yoast.com\/wordpress\/plugins\/seo\/ -->\n<title>C\u00f3digo QR: agregue un widget generador de c\u00f3digos QR a HTML [2025]<\/title>\n<meta name=\"description\" content=\"Cree r\u00e1pidamente su generador de c\u00f3digos QR exclusivo para p\u00e1ginas web HTML. \u00a1Conoce nuestro editor interactivo y crea un c\u00f3digo QR personal gratis y r\u00e1pido!\" \/>\n<meta name=\"robots\" content=\"index, follow, max-snippet:-1, max-image-preview:large, max-video-preview:-1\" \/>\n<link rel=\"canonical\" href=\"https:\/\/elfsight.com\/es\/qr-code-widget\/html\/\" \/>\n<meta property=\"og:locale\" content=\"es_ES\" \/>\n<meta property=\"og:type\" content=\"article\" \/>\n<meta property=\"og:title\" content=\"C\u00f3digo QR: agregue un widget generador de c\u00f3digos QR a HTML [2025]\" \/>\n<meta property=\"og:description\" content=\"Cree r\u00e1pidamente su generador de c\u00f3digos QR exclusivo para p\u00e1ginas web HTML. \u00a1Conoce nuestro editor interactivo y crea un c\u00f3digo QR personal gratis y r\u00e1pido!\" \/>\n<meta property=\"og:url\" content=\"https:\/\/elfsight.com\/es\/qr-code-widget\/html\/\" \/>\n<meta property=\"og:site_name\" content=\"Elfsight ES\" \/>\n<meta property=\"article:modified_time\" content=\"2025-02-06T15:41:47+00:00\" \/>\n<meta name=\"twitter:card\" content=\"summary_large_image\" \/>\n<meta name=\"twitter:label1\" content=\"Tiempo de lectura\" \/>\n\t<meta name=\"twitter:data1\" content=\"3 minutos\" \/>\n<!-- \/ Yoast SEO plugin. -->","yoast_head_json":{"title":"C\u00f3digo QR: agregue un widget generador de c\u00f3digos QR a HTML [2025]","description":"Cree r\u00e1pidamente su generador de c\u00f3digos QR exclusivo para p\u00e1ginas web HTML. \u00a1Conoce nuestro editor interactivo y crea un c\u00f3digo QR personal gratis y r\u00e1pido!","robots":{"index":"index","follow":"follow","max-snippet":"max-snippet:-1","max-image-preview":"max-image-preview:large","max-video-preview":"max-video-preview:-1"},"canonical":"https:\/\/elfsight.com\/es\/qr-code-widget\/html\/","og_locale":"es_ES","og_type":"article","og_title":"C\u00f3digo QR: agregue un widget generador de c\u00f3digos QR a HTML [2025]","og_description":"Cree r\u00e1pidamente su generador de c\u00f3digos QR exclusivo para p\u00e1ginas web HTML. \u00a1Conoce nuestro editor interactivo y crea un c\u00f3digo QR personal gratis y r\u00e1pido!","og_url":"https:\/\/elfsight.com\/es\/qr-code-widget\/html\/","og_site_name":"Elfsight ES","article_modified_time":"2025-02-06T15:41:47+00:00","twitter_card":"summary_large_image","twitter_misc":{"Tiempo de lectura":"3 minutos"},"schema":{"@context":"https:\/\/schema.org","@graph":[{"@type":"WebPage","@id":"https:\/\/elfsight.com\/es\/qr-code-widget\/html\/","url":"https:\/\/elfsight.com\/es\/qr-code-widget\/html\/","name":"C\u00f3digo QR: agregue un widget generador de c\u00f3digos QR a HTML [2025]","isPartOf":{"@id":"https:\/\/elfsight.com\/es\/#website"},"datePublished":"1970-01-01T00:00:00+00:00","dateModified":"2025-02-06T15:41:47+00:00","description":"Cree r\u00e1pidamente su generador de c\u00f3digos QR exclusivo para p\u00e1ginas web HTML. \u00a1Conoce nuestro editor interactivo y crea un c\u00f3digo QR personal gratis y r\u00e1pido!","breadcrumb":{"@id":"https:\/\/elfsight.com\/es\/qr-code-widget\/html\/#breadcrumb"},"inLanguage":"es","potentialAction":[{"@type":"ReadAction","target":["https:\/\/elfsight.com\/es\/qr-code-widget\/html\/"]}]},{"@type":"BreadcrumbList","@id":"https:\/\/elfsight.com\/es\/qr-code-widget\/html\/#breadcrumb","itemListElement":[{"@type":"ListItem","position":1,"name":"Home","item":"https:\/\/elfsight.com\/es\/"},{"@type":"ListItem","position":2,"name":"QR Code","item":"https:\/\/elfsight.com\/es\/qr-code-widget\/"},{"@type":"ListItem","position":3,"name":"QR Code &#8211; HTML"}]},{"@type":"WebSite","@id":"https:\/\/elfsight.com\/es\/#website","url":"https:\/\/elfsight.com\/es\/","name":"Elfsight ES","description":"Just another Elfsight Sites site","potentialAction":[{"@type":"SearchAction","target":{"@type":"EntryPoint","urlTemplate":"https:\/\/elfsight.com\/es\/?s={search_term_string}"},"query-input":{"@type":"PropertyValueSpecification","valueRequired":true,"valueName":"search_term_string"}}],"inLanguage":"es"}]}},"meta_box":{"industry":"","seo_heading":"","heading":"","description":"","cta_heading":"","cta_description":"","application":"756","h1":"Generador de c\u00f3digos QR HTML","h1_caption":"Genere y muestre un c\u00f3digo QR para acceder f\u00e1cilmente a URL, Wi-Fi, tarjetas de presentaci\u00f3n y m\u00e1s en su sitio web HTML sin esfuerzo.","application_category":[],"applications_title":"","applications_request_title":"","applications_request_button_text":"","hero_text":"","hero_video":"","hero_video_schema_markup":"","selling_points_title":"","selling_points_caption":"","selling_points":[],"selling_points_cta_text":"","features_title":"","features":"","ed_cta_examples_text":"","ed_cta_examples_hidden":"","ed_cta_demo_text":"","ed_cta_demo_hidden":"","why_caption":"","why_editor_title":"","why_editor_text":"","why_team_title":"","why_team_text":"","why_service_title":"","why_service_text":"","template_catalog_visible":"","template_catalog_title":"","template_catalog_text":"","template_catalog_categories_visible":"","demo_title":"Crea tu widget de c\u00f3digo QR","demo_caption":"\u00a1Configure su c\u00f3digo QR y agr\u00e9guelo a su sitio web HTML gratis!","default_faq_hidden":"","app_template_category":[],"platform":"70","template_public_id":"","codecanyon_url":"","codecanyon_item_id":"","codecanyon_price":"","pricing_caption":"","pricing_elfsight_apps_hide_column":"","pricing_elfsight_apps_url":"","pricing_codecanyon_price_caption":"","integration_category":[],"integration_request_title":"","integration_request_cta":"","integration_platform":"","integrations":[],"platform_category":[],"video_schema_markup":"","price":"desde $0 \/ mes","trial":"","benefits":[{"text":"Asistencia de instalaci\u00f3n gratuita"},{"text":"Servicio al cliente eficaz"},{"text":"Garant\u00eda de reembolso de 14 d\u00edas"},{"text":"Mejoras futuras"}],"button_url":"#demo","button_target_blank":"","button_nofollow":"","attributes":[{"name":"Instalaciones","content":"10,000 - 100,000"},{"name":"Sensible","content":"S\u00ed"},{"name":"Navegadores compatibles","content":"Firefox, Safari, Opera, Chrome, Edge"}],"tags":[],"tags_disable_links":"","hide_more_platforms":"","video_object":"","demo_hide_cta":"","demo_hide_cloud_options":"","pricing_title":"","pricing":[{"pricing_icon":"platform","pricing_title":"Elfsight Apps","pricing_title_caption":"Soluci\u00f3n multiplataforma que se adapta a cualquier sitio.","pricing_price":"desde $0 \/ mes","pricing_price_caption":"comienza con el plan gratuito","pricing_benefits":[{"text":"Dominios ilimitados"},{"text":"Atenci\u00f3n al cliente profesional"},{"text":"Asistencia de instalaci\u00f3n gratuita"},{"text":"Oferta especial para m\u00faltiples aplicaciones."}],"pricing_button_text":"A\u00f1adir al sitio web","pricing_button_url":"#demo"}],"related_apps_title":"","related_apps_hidden":"","author":"","image":[],"title":"","job":"","social_networks":[]},"_links":{"self":[{"href":"https:\/\/elfsight.com\/es\/wp-json\/wp\/v2\/pages\/8067","targetHints":{"allow":["GET"]}}],"collection":[{"href":"https:\/\/elfsight.com\/es\/wp-json\/wp\/v2\/pages"}],"about":[{"href":"https:\/\/elfsight.com\/es\/wp-json\/wp\/v2\/types\/page"}],"author":[{"embeddable":true,"href":"https:\/\/elfsight.com\/es\/wp-json\/wp\/v2\/users\/9"}],"replies":[{"embeddable":true,"href":"https:\/\/elfsight.com\/es\/wp-json\/wp\/v2\/comments?post=8067"}],"version-history":[{"count":2,"href":"https:\/\/elfsight.com\/es\/wp-json\/wp\/v2\/pages\/8067\/revisions"}],"predecessor-version":[{"id":18654,"href":"https:\/\/elfsight.com\/es\/wp-json\/wp\/v2\/pages\/8067\/revisions\/18654"}],"up":[{"embeddable":true,"href":"https:\/\/elfsight.com\/es\/wp-json\/wp\/v2\/pages\/757"}],"wp:attachment":[{"href":"https:\/\/elfsight.com\/es\/wp-json\/wp\/v2\/media?parent=8067"}],"curies":[{"name":"wp","href":"https:\/\/api.w.org\/{rel}","templated":true}]}}