{"id":8066,"date":"1970-01-01T00:00:00","date_gmt":"1970-01-01T00:00:00","guid":{"rendered":"https:\/\/elfsight.com\/es\/?page_id=8066"},"modified":"2025-02-06T15:41:47","modified_gmt":"2025-02-06T15:41:47","slug":"google-sites","status":"publish","type":"page","link":"https:\/\/elfsight.com\/es\/qr-code-widget\/google-sites\/","title":{"rendered":"QR Code &#8211; Google Sites"},"content":{"rendered":"<div class=\"application-platform-content-item-description application-platform-content-item\" id=\"description\" data-nav-section=\"description\"> <h2>Incrustar c\u00f3digo QR en Google Sites con el widget de Elfsight<\/h2> <p>El c\u00f3digo QR de Elfsight es una extraordinaria herramienta para Google Sites que le permite redirigir instant\u00e1neamente a los usuarios a cualquier sitio web, compartir un enlace, una ubicaci\u00f3n, un correo electr\u00f3nico, cualquier archivo y mucho m\u00e1s. La herramienta es sumamente ajustable: usted es libre de agregar un t\u00edtulo, leyenda, seleccionar el \u00edcono y el tipo de logotipo, de nuestra biblioteca o tomar el suyo propio, cambiar el color del texto, el fondo, el marco y ajustar el tama\u00f1o de la forma que necesite. Todo lo que queda por hacer es comenzar a formar el widget: la instalaci\u00f3n es muy sencilla y no requiere conocimientos de codificaci\u00f3n. <\/p> <p><b>Integre el c\u00f3digo QR de Elfsight en su p\u00e1gina web y redirija a los visitantes directamente a donde desee y agilice el consumo de contenido<\/b><\/p> <\/div> <div class=\"application-platform-content-item-features application-platform-content-item\" id=\"features\" data-nav-section=\"features\"> <h2>Consulte la lista de las funciones m\u00e1s \u00fatiles: <\/h2> <ul><li>Acceso inmediato al contenido que tiene subido<\/li><li>Agrega cualquier texto<\/li><li>Ocho logotipos intercambiables<\/li><li>Quince \u00edconos intercambiables para que elijas<\/li><li>Repinta todos los elementos<\/li><\/ul><p><a href=\"#demo\">Prueba todas las configuraciones en una demostraci\u00f3n con todas las funciones<\/a><\/p> <\/div> <div class=\"application-platform-content-item-installation application-platform-content-item\" id=\"installation\" data-nav-section=\"installation\"> <h2>\u00bfC\u00f3mo puedo agregar un c\u00f3digo QR a mi sitio web de Google Sites? <\/h2> <p>Simplemente siga un par de pasos que se detallan a continuaci\u00f3n para agregar la herramienta. <\/p> <ol><li><b>Inicie nuestra demostraci\u00f3n gratuita y comience a crear su propio widget. <\/b><br> Elija el dise\u00f1o y las caracter\u00edsticas adecuadas del complemento y guarde las modificaciones. <\/li> <li><b>Copia el c\u00f3digo individual que se muestra en la ventana de Elfsight Apps. <\/b><br> Una vez finalizada la configuraci\u00f3n de su widget, copie el c\u00f3digo individual en la ventana que aparece y gu\u00e1rdelo para usarlo m\u00e1s adelante. <\/li> <li><b>Ingrese al uso de la herramienta en el sitio web de Google Sites. <\/b><br> Pega el c\u00f3digo guardado anteriormente en tu p\u00e1gina y guarda las correcciones. <\/li> <li><b>La instalaci\u00f3n est\u00e1 completamente realizada. <\/b><br> Vaya a su sitio para ver en acci\u00f3n el trabajo del widget. <\/li><\/ol> <div class=\"tip-yellow tip\"><b>Debido a las peculiaridades del trabajo de Google Sites, el widget puede tener un aspecto diferente al de la demostraci\u00f3n en l\u00ednea. Nos disculpamos por cualquier inconveniente causado.<\/b><\/div><p>Con la condici\u00f3n de atender preguntas o enfrentar algunos obst\u00e1culos, no dude en ponerse en contacto con nuestro equipo de atenci\u00f3n al cliente. Nuestra gente est\u00e1 ansiosa por ayudarle con todos los problemas que pueda tener con el widget. <\/p> <div class=\"faq\" data-component=\"FAQ\"><div class=\"faq-item\">\r\n\t\t\t\t\t<div class=\"faq-item-question\">\r\n\t\t\t\t\t\t<h3 class=\"faq-item-question-text\">\u00bfDe qu\u00e9 manera puedo incrustar un c\u00f3digo QR en mi sitio de Google Sites sin conocimientos de codificaci\u00f3n?<\/h3>\r\n\r\n\t\t\t\t\t\t<div class=\"faq-item-question-icon\"><\/div>\r\n\t\t\t\t\t<\/div>\r\n\r\n\t\t\t\t\t<div class=\"faq-item-answer\">\r\n\t\t\t\t\t\t<div class=\"faq-item-answer-text\"> <p>Elfsight ofrece una soluci\u00f3n que le permite establecer un widget de c\u00f3digo QR usted mismo. Descubra lo sencillo que es el proceso: trabaje directamente en la demostraci\u00f3n en vivo para formar un widget de c\u00f3digo QR que le gustar\u00eda que aparezca en su sitio web de Google Sites. Haga clic en una de las muchas plantillas predise\u00f1adas y modifique la configuraci\u00f3n del C\u00f3digo QR, agregue su contenido, transforme el dise\u00f1o y el color de los elementos sin codificaci\u00f3n. Guarde el c\u00f3digo QR y obtenga el c\u00f3digo para incrustarlo, que puede incluir f\u00e1cilmente en el sitio web de Google Sites mediante un plan gratuito. Al trabajar en nuestro sencillo Editor, cada usuario de Internet puede crear una aplicaci\u00f3n de c\u00f3digo QR en l\u00ednea e incrustarla f\u00e1cilmente en cualquier p\u00e1gina web de Google Sites. No es necesario pagar ni ingresar las credenciales de tu tarjeta para poder ingresar al servicio. Si se enfrenta a obst\u00e1culos de cualquier tipo, no dude en ponerse en contacto con nuestro servicio t\u00e9cnico de atenci\u00f3n al cliente.<\/p> <\/div>\r\n\t\t\t\t\t<\/div>\r\n\t\t\t\t<\/div> <\/div><\/div>","protected":false},"excerpt":{"rendered":"","protected":false},"author":9,"featured_media":0,"parent":757,"menu_order":0,"comment_status":"closed","ping_status":"closed","template":"templates\/template-application-platform.php","meta":{"publish_to_discourse":"","publish_post_category":"","wpdc_auto_publish_overridden":"","wpdc_topic_tags":"","wpdc_pin_topic":"","wpdc_pin_until":"","discourse_post_id":"","discourse_permalink":"","wpdc_publishing_response":"","wpdc_publishing_error":"","footnotes":""},"class_list":["post-8066","page","type-page","status-publish","hentry"],"yoast_head":"<!-- This site is optimized with the Yoast SEO plugin v25.3.1 - https:\/\/yoast.com\/wordpress\/plugins\/seo\/ -->\n<title>C\u00f3digo QR: agregue el widget de c\u00f3digo QR a Google Sites (2025)<\/title>\n<meta name=\"description\" content=\"Cree r\u00e1pidamente su c\u00f3digo QR personalizado para el sitio de Google Sites. Simplemente utilice nuestra pr\u00e1ctica demostraci\u00f3n y su aplicaci\u00f3n se crear\u00e1 en menos de dos minutos.\" \/>\n<meta name=\"robots\" content=\"index, follow, max-snippet:-1, max-image-preview:large, max-video-preview:-1\" \/>\n<link rel=\"canonical\" href=\"https:\/\/elfsight.com\/es\/qr-code-widget\/google-sites\/\" \/>\n<meta property=\"og:locale\" content=\"es_ES\" \/>\n<meta property=\"og:type\" content=\"article\" \/>\n<meta property=\"og:title\" content=\"C\u00f3digo QR: agregue el widget de c\u00f3digo QR a Google Sites (2025)\" \/>\n<meta property=\"og:description\" content=\"Cree r\u00e1pidamente su c\u00f3digo QR personalizado para el sitio de Google Sites. Simplemente utilice nuestra pr\u00e1ctica demostraci\u00f3n y su aplicaci\u00f3n se crear\u00e1 en menos de dos minutos.\" \/>\n<meta property=\"og:url\" content=\"https:\/\/elfsight.com\/es\/qr-code-widget\/google-sites\/\" \/>\n<meta property=\"og:site_name\" content=\"Elfsight ES\" \/>\n<meta property=\"article:modified_time\" content=\"2025-02-06T15:41:47+00:00\" \/>\n<meta name=\"twitter:card\" content=\"summary_large_image\" \/>\n<meta name=\"twitter:label1\" content=\"Tiempo de lectura\" \/>\n\t<meta name=\"twitter:data1\" content=\"3 minutos\" \/>\n<!-- \/ Yoast SEO plugin. -->","yoast_head_json":{"title":"C\u00f3digo QR: agregue el widget de c\u00f3digo QR a Google Sites (2025)","description":"Cree r\u00e1pidamente su c\u00f3digo QR personalizado para el sitio de Google Sites. Simplemente utilice nuestra pr\u00e1ctica demostraci\u00f3n y su aplicaci\u00f3n se crear\u00e1 en menos de dos minutos.","robots":{"index":"index","follow":"follow","max-snippet":"max-snippet:-1","max-image-preview":"max-image-preview:large","max-video-preview":"max-video-preview:-1"},"canonical":"https:\/\/elfsight.com\/es\/qr-code-widget\/google-sites\/","og_locale":"es_ES","og_type":"article","og_title":"C\u00f3digo QR: agregue el widget de c\u00f3digo QR a Google Sites (2025)","og_description":"Cree r\u00e1pidamente su c\u00f3digo QR personalizado para el sitio de Google Sites. Simplemente utilice nuestra pr\u00e1ctica demostraci\u00f3n y su aplicaci\u00f3n se crear\u00e1 en menos de dos minutos.","og_url":"https:\/\/elfsight.com\/es\/qr-code-widget\/google-sites\/","og_site_name":"Elfsight ES","article_modified_time":"2025-02-06T15:41:47+00:00","twitter_card":"summary_large_image","twitter_misc":{"Tiempo de lectura":"3 minutos"},"schema":{"@context":"https:\/\/schema.org","@graph":[{"@type":"WebPage","@id":"https:\/\/elfsight.com\/es\/qr-code-widget\/google-sites\/","url":"https:\/\/elfsight.com\/es\/qr-code-widget\/google-sites\/","name":"C\u00f3digo QR: agregue el widget de c\u00f3digo QR a Google Sites (2025)","isPartOf":{"@id":"https:\/\/elfsight.com\/es\/#website"},"datePublished":"1970-01-01T00:00:00+00:00","dateModified":"2025-02-06T15:41:47+00:00","description":"Cree r\u00e1pidamente su c\u00f3digo QR personalizado para el sitio de Google Sites. Simplemente utilice nuestra pr\u00e1ctica demostraci\u00f3n y su aplicaci\u00f3n se crear\u00e1 en menos de dos minutos.","breadcrumb":{"@id":"https:\/\/elfsight.com\/es\/qr-code-widget\/google-sites\/#breadcrumb"},"inLanguage":"es","potentialAction":[{"@type":"ReadAction","target":["https:\/\/elfsight.com\/es\/qr-code-widget\/google-sites\/"]}]},{"@type":"BreadcrumbList","@id":"https:\/\/elfsight.com\/es\/qr-code-widget\/google-sites\/#breadcrumb","itemListElement":[{"@type":"ListItem","position":1,"name":"Home","item":"https:\/\/elfsight.com\/es\/"},{"@type":"ListItem","position":2,"name":"QR Code","item":"https:\/\/elfsight.com\/es\/qr-code-widget\/"},{"@type":"ListItem","position":3,"name":"QR Code &#8211; Google Sites"}]},{"@type":"WebSite","@id":"https:\/\/elfsight.com\/es\/#website","url":"https:\/\/elfsight.com\/es\/","name":"Elfsight ES","description":"Just another Elfsight Sites site","potentialAction":[{"@type":"SearchAction","target":{"@type":"EntryPoint","urlTemplate":"https:\/\/elfsight.com\/es\/?s={search_term_string}"},"query-input":{"@type":"PropertyValueSpecification","valueRequired":true,"valueName":"search_term_string"}}],"inLanguage":"es"}]}},"meta_box":{"industry":"","seo_heading":"","heading":"","description":"","cta_heading":"","cta_description":"","application":"756","h1":"Widget de c\u00f3digo QR de Google Sites","h1_caption":"Genere y muestre un c\u00f3digo QR para acceder f\u00e1cilmente a URL, Wi-Fi, tarjetas de presentaci\u00f3n y m\u00e1s en sus sitios de Google sin esfuerzo.","application_category":[],"applications_title":"","applications_request_title":"","applications_request_button_text":"","hero_text":"","hero_video":"","hero_video_schema_markup":"","selling_points_title":"","selling_points_caption":"","selling_points":[],"selling_points_cta_text":"","features_title":"","features":"","ed_cta_examples_text":"","ed_cta_examples_hidden":"","ed_cta_demo_text":"","ed_cta_demo_hidden":"","why_caption":"","why_editor_title":"","why_editor_text":"","why_team_title":"","why_team_text":"","why_service_title":"","why_service_text":"","template_catalog_visible":"","template_catalog_title":"","template_catalog_text":"","template_catalog_categories_visible":"","demo_title":"Crea tu widget de c\u00f3digo QR","demo_caption":"\u00a1Configure su c\u00f3digo QR y agr\u00e9guelo a su sitio web de Google Sites gratis!","default_faq_hidden":"","app_template_category":[],"platform":"67","template_public_id":"","codecanyon_url":"","codecanyon_item_id":"","codecanyon_price":"","pricing_caption":"","pricing_elfsight_apps_hide_column":"","pricing_elfsight_apps_url":"","pricing_codecanyon_price_caption":"","integration_category":[],"integration_request_title":"","integration_request_cta":"","integration_platform":"","integrations":[],"platform_category":[],"video_schema_markup":"","price":"desde $0 \/ mes","trial":"","benefits":[{"text":"Ayuda de instalaci\u00f3n gratuita"},{"text":"Atenci\u00f3n al cliente experimentada"},{"text":"Garant\u00eda de devoluci\u00f3n de dinero de 14 d\u00edas"},{"text":"Actualizando constantemente"}],"button_url":"#demo","button_target_blank":"","button_nofollow":"","attributes":[{"name":"Instalaciones","content":"10,000 - 100,000"},{"name":"Sensible","content":"Lo mejor para m\u00f3viles"},{"name":"Navegadores compatibles","content":"Chrome, Safari, Firefox, Edge, Opera"}],"tags":[],"tags_disable_links":"","hide_more_platforms":"","video_object":"","demo_hide_cta":"","demo_hide_cloud_options":"","pricing_title":"","pricing":[{"pricing_icon":"platform","pricing_title":"Elfsight Apps","pricing_title_caption":"Versi\u00f3n independiente de la plataforma","pricing_price":"desde $0 \/ mes","pricing_price_caption":"comienza con el plan gratuito","pricing_benefits":[{"text":"Sitios web ilimitados"},{"text":"Soporte r\u00e1pido y puntual"},{"text":"Ayuda de instalaci\u00f3n gratuita"},{"text":"Oferta especial para m\u00faltiples aplicaciones."}],"pricing_button_text":"A\u00f1adir al sitio web","pricing_button_url":"#demo"}],"related_apps_title":"","related_apps_hidden":"","author":"","image":[],"title":"","job":"","social_networks":[]},"_links":{"self":[{"href":"https:\/\/elfsight.com\/es\/wp-json\/wp\/v2\/pages\/8066","targetHints":{"allow":["GET"]}}],"collection":[{"href":"https:\/\/elfsight.com\/es\/wp-json\/wp\/v2\/pages"}],"about":[{"href":"https:\/\/elfsight.com\/es\/wp-json\/wp\/v2\/types\/page"}],"author":[{"embeddable":true,"href":"https:\/\/elfsight.com\/es\/wp-json\/wp\/v2\/users\/9"}],"replies":[{"embeddable":true,"href":"https:\/\/elfsight.com\/es\/wp-json\/wp\/v2\/comments?post=8066"}],"version-history":[{"count":2,"href":"https:\/\/elfsight.com\/es\/wp-json\/wp\/v2\/pages\/8066\/revisions"}],"predecessor-version":[{"id":18655,"href":"https:\/\/elfsight.com\/es\/wp-json\/wp\/v2\/pages\/8066\/revisions\/18655"}],"up":[{"embeddable":true,"href":"https:\/\/elfsight.com\/es\/wp-json\/wp\/v2\/pages\/757"}],"wp:attachment":[{"href":"https:\/\/elfsight.com\/es\/wp-json\/wp\/v2\/media?parent=8066"}],"curies":[{"name":"wp","href":"https:\/\/api.w.org\/{rel}","templated":true}]}}