{"id":8060,"date":"1970-01-01T00:00:00","date_gmt":"1970-01-01T00:00:00","guid":{"rendered":"https:\/\/elfsight.com\/es\/?page_id=8060"},"modified":"2025-02-06T15:41:47","modified_gmt":"2025-02-06T15:41:47","slug":"facebook","status":"publish","type":"page","link":"https:\/\/elfsight.com\/es\/qr-code-widget\/facebook\/","title":{"rendered":"QR Code &#8211; Facebook"},"content":{"rendered":"<div class=\"application-platform-content-item-description application-platform-content-item\" id=\"description\" data-nav-section=\"description\"> <h2>Descripci\u00f3n<\/h2> <p>El c\u00f3digo QR es una poderosa herramienta para la p\u00e1gina de Facebook que le permite redirigir r\u00e1pidamente a sus visitantes a cualquier sitio, compartir una URL, su ubicaci\u00f3n, correo electr\u00f3nico, cualquier archivo y mucho m\u00e1s. La herramienta es extremadamente personalizable: puede agregar un t\u00edtulo, un t\u00edtulo explicativo, elegir el \u00edcono y el logotipo usando nuestra biblioteca o cargar el suyo propio, volver a pintar el texto, el fondo, el marco y cambiar el tama\u00f1o del widget de la forma que necesite. Todo lo que queda por hacer es comenzar a crear su widget personalizado: la instalaci\u00f3n es muy sencilla y no requerir\u00e1 que usted tenga conocimientos de codificaci\u00f3n. <\/p> <p><b>Cree un generador de c\u00f3digos QR de Elfsight para su p\u00e1gina comercial de Facebook y lleve a los usuarios directamente a donde desea que est\u00e9n y simplifique el consumo de contenido<\/b><\/p> <\/div> <div class=\"application-platform-content-item-features application-platform-content-item\" id=\"features\" data-nav-section=\"features\"> <h2>Las funciones de widget m\u00e1s valiosas ofrecen<\/h2> <ul><li>Acceso inmediato a su contenido<\/li><li>Adjunte cualquier texto<\/li><li>Ocho logotipos intercambiables<\/li><li>15 iconos intercambiables disponibles<\/li><li>Repinta todas las partes del widget<\/li><\/ul><p><a href=\"#demo\">Puedes comprobar c\u00f3mo funciona el widget usando la demostraci\u00f3n<\/a><\/p> <\/div> <div class=\"application-platform-content-item-installation application-platform-content-item\" id=\"installation\" data-nav-section=\"installation\"> <h2>\u00bfC\u00f3mo agrego un c\u00f3digo QR en mi Facebook? p\u00e1gina?<\/h2> <p>Simplemente siga las pautas a continuaci\u00f3n para insertar el widget.<\/p> <ol><li><b>Aplicando nuestro editor gratuito, comience a crear su widget personalizado.<\/b><br> Determine el dise\u00f1o y las opciones adecuados de la herramienta y aplique las ediciones.<\/li> <li><b>Obtenga el c\u00f3digo personal que se muestra en la ventana de Elfsight Apps.<\/b><br> Inmediatamente despu\u00e9s de finalizar la creaci\u00f3n de su widget personal, copie el c\u00f3digo individual de la ventana emergente que aparece y gu\u00e1rdelo para m\u00e1s adelante. ocasi\u00f3n.<\/li> <li><b>Agrega el widget a la p\u00e1gina de Facebook<\/b><br> Crea tu pesta\u00f1a personalizada de Facebook. Inserte el c\u00f3digo que recibi\u00f3 en las aplicaciones de elfsight en la pesta\u00f1a. Si tiene alg\u00fan problema, simplemente consulte nuestra gu\u00eda en <a href=\"https:\/\/elfsight.com\/blog\/how-to-add-custom-tab-to-facebook-page\/\" target=\"_blank\" rel=\"noopener noreferrer\">creaci\u00f3n de una pesta\u00f1a personalizada de Facebook<\/a><\/li> <li><b>\u00a1Listo! La integraci\u00f3n se realiz\u00f3 con \u00e9xito.<\/b><br> Vaya a su sitio para observar c\u00f3mo funciona el complemento.<\/li><\/ol> <p>A condici\u00f3n de afrontar consultas o afrontar cualquier dificultad, no dude en ponerse en contacto con nuestro equipo de atenci\u00f3n al cliente. Nuestros consultores desean resolver todas las dificultades que pueda tener con el widget.<\/p> <\/div><div class=\"faq\" data-component=\"FAQ\"><div class=\"faq-item\">\r\n\t\t\t\t\t<div class=\"faq-item-question\">\r\n\t\t\t\t\t\t<h3 class=\"faq-item-question-text\">\u00bfC\u00f3mo puedo insertar un c\u00f3digo QR en mi sitio web de Facebook? <\/h3>\r\n\r\n\t\t\t\t\t\t<div class=\"faq-item-question-icon\"><\/div>\r\n\t\t\t\t\t<\/div>\r\n\r\n\t\t\t\t\t<div class=\"faq-item-answer\">\r\n\t\t\t\t\t\t<div class=\"faq-item-answer-text\"><p>La base del widget se realiza dentro del sitio de Elfsight y no es necesario codificar. Utilice la demostraci\u00f3n en l\u00ednea para crear su aplicaci\u00f3n, obtener el c\u00f3digo e implementarlo en su sitio. <\/p><\/div>\r\n\t\t\t\t\t<\/div>\r\n\t\t\t\t<\/div><div class=\"faq-item\">\r\n\t\t\t\t\t<div class=\"faq-item-question\">\r\n\t\t\t\t\t\t<h3 class=\"faq-item-question-text\">Los mejores ejemplos de uso de la integraci\u00f3n del generador de c\u00f3digos QR<\/h3>\r\n\r\n\t\t\t\t\t\t<div class=\"faq-item-question-icon\"><\/div>\r\n\t\t\t\t\t<\/div>\r\n\r\n\t\t\t\t\t<div class=\"faq-item-answer\">\r\n\t\t\t\t\t\t<div class=\"faq-item-answer-text\"><p>Ofrecemos una gran cantidad de posibilidades de ajuste: widgets de tama\u00f1o completo para incrustar en la zona de contenido, widgets flotantes con funci\u00f3n de desplazamiento, dise\u00f1os para el pie de p\u00e1gina, encabezado y todo tipo de oportunidades verticales para barras laterales y men\u00fas. <\/p><\/div>\r\n\t\t\t\t\t<\/div>\r\n\t\t\t\t<\/div><div class=\"faq-item\">\r\n\t\t\t\t\t<div class=\"faq-item-question\">\r\n\t\t\t\t\t\t<h3 class=\"faq-item-question-text\">\u00bfPuedo crear un c\u00f3digo QR para escanear y pagar a trav\u00e9s de la agencia de su editor? <\/h3>\r\n\r\n\t\t\t\t\t\t<div class=\"faq-item-question-icon\"><\/div>\r\n\t\t\t\t\t<\/div>\r\n\r\n\t\t\t\t\t<div class=\"faq-item-answer\">\r\n\t\t\t\t\t\t<div class=\"faq-item-answer-text\"><p>Puede crear variaciones de cualquier widget. Hay toneladas de dise\u00f1os disponibles en el editor, y todos ellos se pueden ajustar f\u00e1cilmente seg\u00fan sus necesidades. <\/p><\/div>\r\n\t\t\t\t\t<\/div>\r\n\t\t\t\t<\/div><\/div>","protected":false},"excerpt":{"rendered":"","protected":false},"author":9,"featured_media":0,"parent":757,"menu_order":0,"comment_status":"closed","ping_status":"closed","template":"templates\/template-application-platform.php","meta":{"publish_to_discourse":"","publish_post_category":"","wpdc_auto_publish_overridden":"","wpdc_topic_tags":"","wpdc_pin_topic":"","wpdc_pin_until":"","discourse_post_id":"","discourse_permalink":"","wpdc_publishing_response":"","wpdc_publishing_error":"","footnotes":""},"class_list":["post-8060","page","type-page","status-publish","hentry"],"yoast_head":"<!-- This site is optimized with the Yoast SEO plugin v25.3.1 - https:\/\/yoast.com\/wordpress\/plugins\/seo\/ -->\n<title>Generador de c\u00f3digos QR de Facebook | Agregar c\u00f3digo QR a Facebook (gratis y r\u00e1pido)<\/title>\n<meta name=\"description\" content=\"Cree un c\u00f3digo QR para la p\u00e1gina de Facebook r\u00e1pidamente. Simplemente aplique nuestra demostraci\u00f3n activa y su herramienta se crear\u00e1 en menos de un minuto.\" \/>\n<meta name=\"robots\" content=\"index, follow, max-snippet:-1, max-image-preview:large, max-video-preview:-1\" \/>\n<link rel=\"canonical\" href=\"https:\/\/elfsight.com\/es\/qr-code-widget\/facebook\/\" \/>\n<meta property=\"og:locale\" content=\"es_ES\" \/>\n<meta property=\"og:type\" content=\"article\" \/>\n<meta property=\"og:title\" content=\"Generador de c\u00f3digos QR de Facebook | Agregar c\u00f3digo QR a Facebook (gratis y r\u00e1pido)\" \/>\n<meta property=\"og:description\" content=\"Cree un c\u00f3digo QR para la p\u00e1gina de Facebook r\u00e1pidamente. Simplemente aplique nuestra demostraci\u00f3n activa y su herramienta se crear\u00e1 en menos de un minuto.\" \/>\n<meta property=\"og:url\" content=\"https:\/\/elfsight.com\/es\/qr-code-widget\/facebook\/\" \/>\n<meta property=\"og:site_name\" content=\"Elfsight ES\" \/>\n<meta property=\"article:modified_time\" content=\"2025-02-06T15:41:47+00:00\" \/>\n<meta name=\"twitter:card\" content=\"summary_large_image\" \/>\n<meta name=\"twitter:label1\" content=\"Tiempo de lectura\" \/>\n\t<meta name=\"twitter:data1\" content=\"3 minutos\" \/>\n<!-- \/ Yoast SEO plugin. -->","yoast_head_json":{"title":"Generador de c\u00f3digos QR de Facebook | Agregar c\u00f3digo QR a Facebook (gratis y r\u00e1pido)","description":"Cree un c\u00f3digo QR para la p\u00e1gina de Facebook r\u00e1pidamente. Simplemente aplique nuestra demostraci\u00f3n activa y su herramienta se crear\u00e1 en menos de un minuto.","robots":{"index":"index","follow":"follow","max-snippet":"max-snippet:-1","max-image-preview":"max-image-preview:large","max-video-preview":"max-video-preview:-1"},"canonical":"https:\/\/elfsight.com\/es\/qr-code-widget\/facebook\/","og_locale":"es_ES","og_type":"article","og_title":"Generador de c\u00f3digos QR de Facebook | Agregar c\u00f3digo QR a Facebook (gratis y r\u00e1pido)","og_description":"Cree un c\u00f3digo QR para la p\u00e1gina de Facebook r\u00e1pidamente. Simplemente aplique nuestra demostraci\u00f3n activa y su herramienta se crear\u00e1 en menos de un minuto.","og_url":"https:\/\/elfsight.com\/es\/qr-code-widget\/facebook\/","og_site_name":"Elfsight ES","article_modified_time":"2025-02-06T15:41:47+00:00","twitter_card":"summary_large_image","twitter_misc":{"Tiempo de lectura":"3 minutos"},"schema":{"@context":"https:\/\/schema.org","@graph":[{"@type":"WebPage","@id":"https:\/\/elfsight.com\/es\/qr-code-widget\/facebook\/","url":"https:\/\/elfsight.com\/es\/qr-code-widget\/facebook\/","name":"Generador de c\u00f3digos QR de Facebook | Agregar c\u00f3digo QR a Facebook (gratis y r\u00e1pido)","isPartOf":{"@id":"https:\/\/elfsight.com\/es\/#website"},"datePublished":"1970-01-01T00:00:00+00:00","dateModified":"2025-02-06T15:41:47+00:00","description":"Cree un c\u00f3digo QR para la p\u00e1gina de Facebook r\u00e1pidamente. Simplemente aplique nuestra demostraci\u00f3n activa y su herramienta se crear\u00e1 en menos de un minuto.","breadcrumb":{"@id":"https:\/\/elfsight.com\/es\/qr-code-widget\/facebook\/#breadcrumb"},"inLanguage":"es","potentialAction":[{"@type":"ReadAction","target":["https:\/\/elfsight.com\/es\/qr-code-widget\/facebook\/"]}]},{"@type":"BreadcrumbList","@id":"https:\/\/elfsight.com\/es\/qr-code-widget\/facebook\/#breadcrumb","itemListElement":[{"@type":"ListItem","position":1,"name":"Home","item":"https:\/\/elfsight.com\/es\/"},{"@type":"ListItem","position":2,"name":"QR Code","item":"https:\/\/elfsight.com\/es\/qr-code-widget\/"},{"@type":"ListItem","position":3,"name":"QR Code &#8211; Facebook"}]},{"@type":"WebSite","@id":"https:\/\/elfsight.com\/es\/#website","url":"https:\/\/elfsight.com\/es\/","name":"Elfsight ES","description":"Just another Elfsight Sites site","potentialAction":[{"@type":"SearchAction","target":{"@type":"EntryPoint","urlTemplate":"https:\/\/elfsight.com\/es\/?s={search_term_string}"},"query-input":{"@type":"PropertyValueSpecification","valueRequired":true,"valueName":"search_term_string"}}],"inLanguage":"es"}]}},"meta_box":{"industry":"","seo_heading":"","heading":"","description":"","cta_heading":"","cta_description":"","application":"756","h1":"Generador de c\u00f3digos QR de Facebook","h1_caption":"Reenv\u00ede a los usuarios a cualquier sitio web, comparta archivos al instante y mejore la UX","application_category":[],"applications_title":"","applications_request_title":"","applications_request_button_text":"","hero_text":"","hero_video":"","hero_video_schema_markup":"","selling_points_title":"","selling_points_caption":"","selling_points":[],"selling_points_cta_text":"","features_title":"","features":"","ed_cta_examples_text":"","ed_cta_examples_hidden":"","ed_cta_demo_text":"","ed_cta_demo_hidden":"","why_caption":"","why_editor_title":"","why_editor_text":"","why_team_title":"","why_team_text":"","why_service_title":"","why_service_text":"","template_catalog_visible":"","template_catalog_title":"","template_catalog_text":"","template_catalog_categories_visible":"","demo_title":"\u00a1Date prisa para redactar un c\u00f3digo QR personalizado para la p\u00e1gina de Facebook!","demo_caption":"Aj\u00fastelo e integre el widget en su p\u00e1gina utilizando la demostraci\u00f3n en vivo.","default_faq_hidden":"","app_template_category":[],"platform":"64","template_public_id":"","codecanyon_url":"","codecanyon_item_id":"","codecanyon_price":"","pricing_caption":"","pricing_elfsight_apps_hide_column":"","pricing_elfsight_apps_url":"","pricing_codecanyon_price_caption":"","integration_category":[],"integration_request_title":"","integration_request_cta":"","integration_platform":"","integrations":[],"platform_category":[],"video_schema_markup":"","price":"desde $0 \/ mes","trial":"","benefits":[{"text":"Asistencia de instalaci\u00f3n gratuita"},{"text":"Atenci\u00f3n al cliente experimentada"},{"text":"Garant\u00eda de reembolso de 14 d\u00edas"},{"text":"Optimizado para dispositivos m\u00f3viles"}],"button_url":"#demo","button_target_blank":"","button_nofollow":"","attributes":[{"name":"Instalaciones","content":"10,000 - 100,000"},{"name":"Loading...","content":"Safari, Edge, Chrome, Firefox, \u00d3pera"},{"name":"Navegadores compatibles","content":"Safari, Edge, Chrome, Firefox, Opera"}],"tags":[],"tags_disable_links":"","hide_more_platforms":"","video_object":"","demo_hide_cta":"","demo_hide_cloud_options":"","pricing_title":"","pricing":[{"pricing_icon":"platform","pricing_title":"Elfsight Apps","pricing_title_caption":"Soluci\u00f3n digital multiplataforma","pricing_price":"desde $0 \/ mes","pricing_price_caption":"comienza con el plan gratuito","pricing_benefits":[{"text":"Dominios ilimitados"},{"text":"Atenci\u00f3n al cliente profesional"},{"text":"Servicio de instalaci\u00f3n gratuito"},{"text":"Totalmente personalizable"}],"pricing_button_text":"A\u00f1adir al sitio web","pricing_button_url":"#demo"}],"related_apps_title":"","related_apps_hidden":"","author":"","image":[],"title":"","job":"","social_networks":[]},"_links":{"self":[{"href":"https:\/\/elfsight.com\/es\/wp-json\/wp\/v2\/pages\/8060","targetHints":{"allow":["GET"]}}],"collection":[{"href":"https:\/\/elfsight.com\/es\/wp-json\/wp\/v2\/pages"}],"about":[{"href":"https:\/\/elfsight.com\/es\/wp-json\/wp\/v2\/types\/page"}],"author":[{"embeddable":true,"href":"https:\/\/elfsight.com\/es\/wp-json\/wp\/v2\/users\/9"}],"replies":[{"embeddable":true,"href":"https:\/\/elfsight.com\/es\/wp-json\/wp\/v2\/comments?post=8060"}],"version-history":[{"count":2,"href":"https:\/\/elfsight.com\/es\/wp-json\/wp\/v2\/pages\/8060\/revisions"}],"predecessor-version":[{"id":18657,"href":"https:\/\/elfsight.com\/es\/wp-json\/wp\/v2\/pages\/8060\/revisions\/18657"}],"up":[{"embeddable":true,"href":"https:\/\/elfsight.com\/es\/wp-json\/wp\/v2\/pages\/757"}],"wp:attachment":[{"href":"https:\/\/elfsight.com\/es\/wp-json\/wp\/v2\/media?parent=8060"}],"curies":[{"name":"wp","href":"https:\/\/api.w.org\/{rel}","templated":true}]}}