{"id":8059,"date":"1970-01-01T00:00:00","date_gmt":"1970-01-01T00:00:00","guid":{"rendered":"https:\/\/elfsight.com\/es\/?page_id=8059"},"modified":"2025-02-06T15:41:56","modified_gmt":"2025-02-06T15:41:56","slug":"elementor","status":"publish","type":"page","link":"https:\/\/elfsight.com\/es\/qr-code-widget\/elementor\/","title":{"rendered":"QR Code &#8211; Elementor"},"content":{"rendered":"<div class=\"application-platform-content-item-description application-platform-content-item\" id=\"description\" data-nav-section=\"description\"> <h2>Incorpore c\u00f3digo QR en Elementor con el widget Elfsight<\/h2> <p>El generador de c\u00f3digos QR es una herramienta impresionante para los sitios web de Elementor que le permite redirigir inmediatamente a sus visitantes a cualquier p\u00e1gina web, compartir una URL, su ubicaci\u00f3n, correo electr\u00f3nico, cualquier archivo y m\u00e1s. El widget es extremadamente ajustable: puede agregar un t\u00edtulo, un t\u00edtulo explicativo, elegir el \u00edcono y logotipo que m\u00e1s se adapte a nuestra biblioteca o crear el suyo propio, volver a pintar el texto, el fondo, el marco y cambiar el tama\u00f1o del widget para adaptarlo a su sitio web. Todo lo que necesitas hacer es comenzar a crear el widget: la instalaci\u00f3n es muy sencilla y no requiere conocimientos de codificaci\u00f3n. <\/p> <p><b>Integre el generador de c\u00f3digos QR en su p\u00e1gina web y lleve a los visitantes directamente donde desea que est\u00e9n y agilice el consumo de contenido<\/b><\/p> <\/div> <div class=\"application-platform-content-item-features application-platform-content-item\" id=\"features\" data-nav-section=\"features\"> <h2>Estas son las caracter\u00edsticas centrales del widget: <\/h2> <ul><li>Acceso inmediato a su contenido<\/li><li>Agregue cualquier texto<\/li><li>8 logotipos intercambiables<\/li><li>Quince iconos intercambiables para que elijas<\/li><li>Recolorear todos los elementos<\/li><\/ul><p><a href=\"#demo\">Simplemente prueba esta demostraci\u00f3n para ver cu\u00e1nto vale el widget<\/a><\/p> <\/div> <div class=\"application-platform-content-item-installation application-platform-content-item\" id=\"installation\" data-nav-section=\"installation\"> <h2>\u00bfC\u00f3mo puedo agregar un c\u00f3digo QR a mi \u00bfSitio de Elementor? <\/h2> <p>Simplemente siga las pautas a continuaci\u00f3n para agregar la herramienta. <\/p> <ol><li><b>Inicie nuestro configurador gratuito y comience a crear su complemento personalizado. <\/b><br> Elija la interfaz y los aspectos deseados del complemento y aplique las modificaciones. <\/li> <li><b>Copia el c\u00f3digo \u00fanico que aparece en el formulario especial de Elfsight Apps. <\/b><br> Cuando haya terminado de establecer su complemento personal, copie el c\u00f3digo personal en la ventana que aparece y gu\u00e1rdelo para usarlo en el futuro. <\/li> <li><b>Comience a utilizar el widget en su p\u00e1gina web de Elementor. <\/b><br>Coloca el c\u00f3digo copiado anteriormente en tu p\u00e1gina de inicio y guarda los ajustes. <\/li> <li><b>La instalaci\u00f3n ha finalizado por completo. <\/b><br> Vaya a su sitio web para ver el trabajo del complemento. <\/li><\/ol> <p>En caso de tener preguntas o enfrentar algunos problemas, no dude en ponerse en contacto con nuestro personal de atenci\u00f3n al cliente. Nuestros especialistas estar\u00e1n encantados de resolver todas las dudas que puedas tener con el producto. <\/p> <div class=\"faq\" data-component=\"FAQ\"><div class=\"faq-item\">\r\n\t\t\t\t\t<div class=\"faq-item-question\">\r\n\t\t\t\t\t\t<h3 class=\"faq-item-question-text\">\u00bfExiste alg\u00fan m\u00e9todo para incrustar un c\u00f3digo QR en mi p\u00e1gina de inicio de Elementor sin codificaci\u00f3n?<\/h3>\r\n\r\n\t\t\t\t\t\t<div class=\"faq-item-question-icon\"><\/div>\r\n\t\t\t\t\t<\/div>\r\n\r\n\t\t\t\t\t<div class=\"faq-item-answer\">\r\n\t\t\t\t\t\t<div class=\"faq-item-answer-text\"> <p>La empresa Elfsight ofrece una soluci\u00f3n en la nube que permite a los usuarios crear un complemento de c\u00f3digo QR usted mismo. Conozca la gu\u00eda sencilla: vaya a la demostraci\u00f3n en vivo para crear un widget de c\u00f3digo QR que le gustar\u00eda agregar en su p\u00e1gina de inicio de Elementor. Elija una de las plantillas predise\u00f1adas y modifique la configuraci\u00f3n del c\u00f3digo QR, cambie el dise\u00f1o y los colores y agregue su contenido, sin conocimientos de codificaci\u00f3n. Guarde el c\u00f3digo QR y obtenga el c\u00f3digo de instalaci\u00f3n, que puede insertar f\u00e1cilmente en el sitio de Elementor de forma gratuita. Con la ayuda de nuestro Configurador f\u00e1cil de usar, cada usuario de Internet puede crear una secci\u00f3n de C\u00f3digo QR en l\u00ednea e incrustarla f\u00e1cilmente en cualquier sitio de Elementor. No debe obtener un plan pago ni ingresar las credenciales de su tarjeta para acceder al servicio Elfsight. Si encuentra alg\u00fan obst\u00e1culo en alg\u00fan paso, no dude en comunicarse con nuestro servicio de atenci\u00f3n al cliente.<\/p> <\/div>\r\n\t\t\t\t\t<\/div>\r\n\t\t\t\t<\/div> <\/div><\/div>","protected":false},"excerpt":{"rendered":"","protected":false},"author":9,"featured_media":0,"parent":757,"menu_order":0,"comment_status":"closed","ping_status":"closed","template":"templates\/template-application-platform.php","meta":{"publish_to_discourse":"","publish_post_category":"","wpdc_auto_publish_overridden":"","wpdc_topic_tags":"","wpdc_pin_topic":"","wpdc_pin_until":"","discourse_post_id":"","discourse_permalink":"","wpdc_publishing_response":"","wpdc_publishing_error":"","footnotes":""},"class_list":["post-8059","page","type-page","status-publish","hentry"],"yoast_head":"<!-- This site is optimized with the Yoast SEO plugin v25.3.1 - https:\/\/yoast.com\/wordpress\/plugins\/seo\/ -->\n<title>Generador de c\u00f3digos QR: agregue un widget de c\u00f3digo QR a Elementor [2025]<\/title>\n<meta name=\"description\" content=\"Da forma r\u00e1pidamente a tu c\u00f3digo QR \u00fanico para el sitio web de Elementor. Simplemente utilice nuestra demostraci\u00f3n y su widget se crear\u00e1 en menos de un minuto.\" \/>\n<meta name=\"robots\" content=\"index, follow, max-snippet:-1, max-image-preview:large, max-video-preview:-1\" \/>\n<link rel=\"canonical\" href=\"https:\/\/elfsight.com\/es\/qr-code-widget\/elementor\/\" \/>\n<meta property=\"og:locale\" content=\"es_ES\" \/>\n<meta property=\"og:type\" content=\"article\" \/>\n<meta property=\"og:title\" content=\"Generador de c\u00f3digos QR: agregue un widget de c\u00f3digo QR a Elementor [2025]\" \/>\n<meta property=\"og:description\" content=\"Da forma r\u00e1pidamente a tu c\u00f3digo QR \u00fanico para el sitio web de Elementor. Simplemente utilice nuestra demostraci\u00f3n y su widget se crear\u00e1 en menos de un minuto.\" \/>\n<meta property=\"og:url\" content=\"https:\/\/elfsight.com\/es\/qr-code-widget\/elementor\/\" \/>\n<meta property=\"og:site_name\" content=\"Elfsight ES\" \/>\n<meta property=\"article:modified_time\" content=\"2025-02-06T15:41:56+00:00\" \/>\n<meta name=\"twitter:card\" content=\"summary_large_image\" \/>\n<meta name=\"twitter:label1\" content=\"Tiempo de lectura\" \/>\n\t<meta name=\"twitter:data1\" content=\"3 minutos\" \/>\n<!-- \/ Yoast SEO plugin. -->","yoast_head_json":{"title":"Generador de c\u00f3digos QR: agregue un widget de c\u00f3digo QR a Elementor [2025]","description":"Da forma r\u00e1pidamente a tu c\u00f3digo QR \u00fanico para el sitio web de Elementor. Simplemente utilice nuestra demostraci\u00f3n y su widget se crear\u00e1 en menos de un minuto.","robots":{"index":"index","follow":"follow","max-snippet":"max-snippet:-1","max-image-preview":"max-image-preview:large","max-video-preview":"max-video-preview:-1"},"canonical":"https:\/\/elfsight.com\/es\/qr-code-widget\/elementor\/","og_locale":"es_ES","og_type":"article","og_title":"Generador de c\u00f3digos QR: agregue un widget de c\u00f3digo QR a Elementor [2025]","og_description":"Da forma r\u00e1pidamente a tu c\u00f3digo QR \u00fanico para el sitio web de Elementor. Simplemente utilice nuestra demostraci\u00f3n y su widget se crear\u00e1 en menos de un minuto.","og_url":"https:\/\/elfsight.com\/es\/qr-code-widget\/elementor\/","og_site_name":"Elfsight ES","article_modified_time":"2025-02-06T15:41:56+00:00","twitter_card":"summary_large_image","twitter_misc":{"Tiempo de lectura":"3 minutos"},"schema":{"@context":"https:\/\/schema.org","@graph":[{"@type":"WebPage","@id":"https:\/\/elfsight.com\/es\/qr-code-widget\/elementor\/","url":"https:\/\/elfsight.com\/es\/qr-code-widget\/elementor\/","name":"Generador de c\u00f3digos QR: agregue un widget de c\u00f3digo QR a Elementor [2025]","isPartOf":{"@id":"https:\/\/elfsight.com\/es\/#website"},"datePublished":"1970-01-01T00:00:00+00:00","dateModified":"2025-02-06T15:41:56+00:00","description":"Da forma r\u00e1pidamente a tu c\u00f3digo QR \u00fanico para el sitio web de Elementor. Simplemente utilice nuestra demostraci\u00f3n y su widget se crear\u00e1 en menos de un minuto.","breadcrumb":{"@id":"https:\/\/elfsight.com\/es\/qr-code-widget\/elementor\/#breadcrumb"},"inLanguage":"es","potentialAction":[{"@type":"ReadAction","target":["https:\/\/elfsight.com\/es\/qr-code-widget\/elementor\/"]}]},{"@type":"BreadcrumbList","@id":"https:\/\/elfsight.com\/es\/qr-code-widget\/elementor\/#breadcrumb","itemListElement":[{"@type":"ListItem","position":1,"name":"Home","item":"https:\/\/elfsight.com\/es\/"},{"@type":"ListItem","position":2,"name":"QR Code","item":"https:\/\/elfsight.com\/es\/qr-code-widget\/"},{"@type":"ListItem","position":3,"name":"QR Code &#8211; Elementor"}]},{"@type":"WebSite","@id":"https:\/\/elfsight.com\/es\/#website","url":"https:\/\/elfsight.com\/es\/","name":"Elfsight ES","description":"Just another Elfsight Sites site","potentialAction":[{"@type":"SearchAction","target":{"@type":"EntryPoint","urlTemplate":"https:\/\/elfsight.com\/es\/?s={search_term_string}"},"query-input":{"@type":"PropertyValueSpecification","valueRequired":true,"valueName":"search_term_string"}}],"inLanguage":"es"}]}},"meta_box":{"industry":"","seo_heading":"","heading":"","description":"","cta_heading":"","cta_description":"","application":"756","h1":"Widget de c\u00f3digo QR de Elementor","h1_caption":"Genere y muestre un c\u00f3digo QR para acceder f\u00e1cilmente a URL, Wi-Fi, tarjetas de presentaci\u00f3n y m\u00e1s en su sitio web de Elementor sin esfuerzo.","application_category":[],"applications_title":"","applications_request_title":"","applications_request_button_text":"","hero_text":"","hero_video":"","hero_video_schema_markup":"","selling_points_title":"","selling_points_caption":"","selling_points":[],"selling_points_cta_text":"","features_title":"","features":"","ed_cta_examples_text":"","ed_cta_examples_hidden":"","ed_cta_demo_text":"","ed_cta_demo_hidden":"","why_caption":"","why_editor_title":"","why_editor_text":"","why_team_title":"","why_team_text":"","why_service_title":"","why_service_text":"","template_catalog_visible":"","template_catalog_title":"","template_catalog_text":"","template_catalog_categories_visible":"","demo_title":"Crea tu widget de c\u00f3digo QR","demo_caption":"\u00a1Configure su c\u00f3digo QR y agr\u00e9guelo a su sitio web de Elementor gratis!","default_faq_hidden":"","app_template_category":[],"platform":"58","template_public_id":"","codecanyon_url":"","codecanyon_item_id":"","codecanyon_price":"","pricing_caption":"","pricing_elfsight_apps_hide_column":"","pricing_elfsight_apps_url":"","pricing_codecanyon_price_caption":"","integration_category":[],"integration_request_title":"","integration_request_cta":"","integration_platform":"","integrations":[],"platform_category":[],"video_schema_markup":"","price":"desde $0 \/ mes","trial":"","benefits":[{"text":"Asistencia de instalaci\u00f3n gratuita"},{"text":"Servicio al cliente competente"},{"text":"Garant\u00eda de reembolso de 14 d\u00edas"},{"text":"Actualizando constantemente"}],"button_url":"#demo","button_target_blank":"","button_nofollow":"","attributes":[{"name":"Instalaciones","content":"10,000 - 100,000"},{"name":"Sensible","content":"S\u00ed"},{"name":"Navegadores compatibles","content":"IE11, Firefox, Safari, Opera, Chrome, Edge"}],"tags":[],"tags_disable_links":"","hide_more_platforms":"","video_object":"","demo_hide_cta":"","demo_hide_cloud_options":"","pricing_title":"","pricing":[{"pricing_icon":"platform","pricing_title":"Elfsight Apps","pricing_title_caption":"Versi\u00f3n multiplataforma que funciona en cualquier sitio web","pricing_price":"desde $0 \/ mes","pricing_price_caption":"comienza con el plan gratuito","pricing_benefits":[{"text":"Dominios ilimitados"},{"text":"Atenci\u00f3n al cliente premium"},{"text":"Soporte de instalaci\u00f3n gratuito"},{"text":"Precio especial para m\u00faltiples aplicaciones"}],"pricing_button_text":"A\u00f1adir al sitio web","pricing_button_url":"#demo"}],"related_apps_title":"","related_apps_hidden":"","author":"","image":[],"title":"","job":"","social_networks":[]},"_links":{"self":[{"href":"https:\/\/elfsight.com\/es\/wp-json\/wp\/v2\/pages\/8059","targetHints":{"allow":["GET"]}}],"collection":[{"href":"https:\/\/elfsight.com\/es\/wp-json\/wp\/v2\/pages"}],"about":[{"href":"https:\/\/elfsight.com\/es\/wp-json\/wp\/v2\/types\/page"}],"author":[{"embeddable":true,"href":"https:\/\/elfsight.com\/es\/wp-json\/wp\/v2\/users\/9"}],"replies":[{"embeddable":true,"href":"https:\/\/elfsight.com\/es\/wp-json\/wp\/v2\/comments?post=8059"}],"version-history":[{"count":2,"href":"https:\/\/elfsight.com\/es\/wp-json\/wp\/v2\/pages\/8059\/revisions"}],"predecessor-version":[{"id":18658,"href":"https:\/\/elfsight.com\/es\/wp-json\/wp\/v2\/pages\/8059\/revisions\/18658"}],"up":[{"embeddable":true,"href":"https:\/\/elfsight.com\/es\/wp-json\/wp\/v2\/pages\/757"}],"wp:attachment":[{"href":"https:\/\/elfsight.com\/es\/wp-json\/wp\/v2\/media?parent=8059"}],"curies":[{"name":"wp","href":"https:\/\/api.w.org\/{rel}","templated":true}]}}