{"id":8053,"date":"1970-01-01T00:00:00","date_gmt":"1970-01-01T00:00:00","guid":{"rendered":"https:\/\/elfsight.com\/es\/?page_id=8053"},"modified":"2025-02-06T15:41:56","modified_gmt":"2025-02-06T15:41:56","slug":"blogger","status":"publish","type":"page","link":"https:\/\/elfsight.com\/es\/qr-code-widget\/blogger\/","title":{"rendered":"QR Code &#8211; Blogger"},"content":{"rendered":"<div class=\"application-platform-content-item-description application-platform-content-item\" id=\"description\" data-nav-section=\"description\"> <h2>Descripci\u00f3n<\/h2> <p>El generador de c\u00f3digos QR es una opci\u00f3n poderosa para los sitios web de Blogger que le permite redirigir inmediatamente a los usuarios a cualquier p\u00e1gina web, compartir una URL, su ubicaci\u00f3n, correo electr\u00f3nico, archivo y mucho m\u00e1s. El complemento es altamente ajustable: puede agregar un t\u00edtulo, leyenda, seleccionar el \u00edcono y el logotipo, de nuestra biblioteca o tomar el suyo propio, volver a pintar el texto, el fondo, el marco y ajustar el tama\u00f1o del widget de la manera que se adapte a su sitio web. Todo lo que necesitas hacer es comenzar a crear la funci\u00f3n: la instalaci\u00f3n es muy sencilla y no requiere ninguna habilidad de codificaci\u00f3n. <\/p> <p><b>Integre el generador de c\u00f3digos QR de Blogger en su p\u00e1gina web y redirija a los visitantes directamente a donde los necesita y simplifique el uso del contenido<\/b><\/p> <\/div> <div class=\"application-platform-content-item-features application-platform-content-item\" id=\"features\" data-nav-section=\"features\"> <h2>Las caracter\u00edsticas m\u00e1s valiosas del widget incluyen<\/h2> <ul><li>Acceso instant\u00e1neo al contenido que ha subido<\/li><li>Agregue cualquier texto<\/li><li>Ocho logotipos intercambiables<\/li><li>15 iconos intercambiables disponibles<\/li><li>Repinte todos los elementos del widget<\/li><\/ul><p><a href=\"#demo\">Simplemente consulte esta demostraci\u00f3n para ver c\u00f3mo funciona<\/a><\/p> <\/div> <div class=\"application-platform-content-item-installation application-platform-content-item\" id=\"installation\" data-nav-section=\"installation\"> <h2>\u00bfC\u00f3mo puedo incrustar un c\u00f3digo QR en \u00bfMi sitio de Blogger?<\/h2> <p>Simplemente aplique las instrucciones siguientes para integrar el widget. <\/p> <ol><li><b>Realiza nuestra demostraci\u00f3n gratuita y comienza a crear tu propio complemento. <\/b><br> Encuentre el dise\u00f1o personalizado y los par\u00e1metros del complemento y aplique las ediciones. <\/li> <li><b>Reciba su c\u00f3digo personal que aparece en el formulario especial en Elfsight Apps. <\/b><br> Una vez finalizada la creaci\u00f3n de su widget personal, copie el c\u00f3digo personal de la ventana que aparece y gu\u00e1rdelo para usarlo en el futuro. <\/li> <li><b>Comience a utilizar el widget en la p\u00e1gina de inicio de Blogger. <\/b><br> Pega el c\u00f3digo que has copiado antes en tu p\u00e1gina y aplica las mejoras. <\/li> <li><b>\u00a1Ya terminaste! La configuraci\u00f3n finaliz\u00f3 exitosamente. <\/b><br> Visite su p\u00e1gina web para ver el rendimiento de la herramienta. <\/li><\/ol> <p>Si tienes dudas o te encuentras con alg\u00fan obst\u00e1culo, no dudes en buscar ayuda de nuestro equipo de atenci\u00f3n al cliente. Nuestros especialistas est\u00e1n deseosos de resolver todas las dificultades que puedas tener con el producto. <\/p> <div class=\"faq\" data-component=\"FAQ\"><div class=\"faq-item\">\r\n\t\t\t\t\t<div class=\"faq-item-question\">\r\n\t\t\t\t\t\t<h3 class=\"faq-item-question-text\">\u00bfDe qu\u00e9 manera puedo agregar Portfolio a mi sitio de Blogger sin conocimientos de codificaci\u00f3n?<\/h3>\r\n\r\n\t\t\t\t\t\t<div class=\"faq-item-question-icon\"><\/div>\r\n\t\t\t\t\t<\/div>\r\n\r\n\t\t\t\t\t<div class=\"faq-item-answer\">\r\n\t\t\t\t\t\t<div class=\"faq-item-answer-text\"> <p>La empresa Elfsight ofrece una soluci\u00f3n que le permite crear un complemento de Portfolio usted mismo. Descubra lo sencillo que es: vaya al editor en vivo para crear un complemento de Portfolio que le gustar\u00eda ver en Blogger. Elija una de las plantillas ya preparadas y modifique la configuraci\u00f3n del Portafolio, actualice su contenido, transforme el dise\u00f1o y los colores sin codificaci\u00f3n. Guarde la configuraci\u00f3n que realiz\u00f3 en Portfolio y obtenga el c\u00f3digo de instalaci\u00f3n, que puede simplemente pegar en cualquier p\u00e1gina de inicio de Blogger usando un plan gratuito. Con el editor intuitivo, cualquier usuario web puede crear un portafolio en l\u00ednea e incrustarlo f\u00e1cilmente en cualquier p\u00e1gina de inicio de Blogger. No es necesario obtener una suscripci\u00f3n paga ni revelar las credenciales de su tarjeta para acceder al servicio Elfsight. Si tiene alg\u00fan problema en alg\u00fan paso, no dude en hablar con nuestro personal de soporte.<\/p> <\/div>\r\n\t\t\t\t\t<\/div>\r\n\t\t\t\t<\/div> <\/div><\/div>","protected":false},"excerpt":{"rendered":"","protected":false},"author":9,"featured_media":0,"parent":757,"menu_order":0,"comment_status":"closed","ping_status":"closed","template":"templates\/template-application-platform.php","meta":{"publish_to_discourse":"","publish_post_category":"","wpdc_auto_publish_overridden":"","wpdc_topic_tags":"","wpdc_pin_topic":"","wpdc_pin_until":"","discourse_post_id":"","discourse_permalink":"","wpdc_publishing_response":"","wpdc_publishing_error":"","footnotes":""},"class_list":["post-8053","page","type-page","status-publish","hentry"],"yoast_head":"<!-- This site is optimized with the Yoast SEO plugin v25.3.1 - https:\/\/yoast.com\/wordpress\/plugins\/seo\/ -->\n<title>Generador de c\u00f3digos QR: agregue el widget de c\u00f3digos QR a Blogger (gratis y r\u00e1pido)<\/title>\n<meta name=\"description\" content=\"Cree r\u00e1pidamente su generador de c\u00f3digos QR personalizado para la p\u00e1gina web de Blogger. Simplemente use nuestra demostraci\u00f3n activa y su widget se crear\u00e1 en menos de dos minutos.\" \/>\n<meta name=\"robots\" content=\"index, follow, max-snippet:-1, max-image-preview:large, max-video-preview:-1\" \/>\n<link rel=\"canonical\" href=\"https:\/\/elfsight.com\/es\/qr-code-widget\/blogger\/\" \/>\n<meta property=\"og:locale\" content=\"es_ES\" \/>\n<meta property=\"og:type\" content=\"article\" \/>\n<meta property=\"og:title\" content=\"Generador de c\u00f3digos QR: agregue el widget de c\u00f3digos QR a Blogger (gratis y r\u00e1pido)\" \/>\n<meta property=\"og:description\" content=\"Cree r\u00e1pidamente su generador de c\u00f3digos QR personalizado para la p\u00e1gina web de Blogger. Simplemente use nuestra demostraci\u00f3n activa y su widget se crear\u00e1 en menos de dos minutos.\" \/>\n<meta property=\"og:url\" content=\"https:\/\/elfsight.com\/es\/qr-code-widget\/blogger\/\" \/>\n<meta property=\"og:site_name\" content=\"Elfsight ES\" \/>\n<meta property=\"article:modified_time\" content=\"2025-02-06T15:41:56+00:00\" \/>\n<meta name=\"twitter:card\" content=\"summary_large_image\" \/>\n<meta name=\"twitter:label1\" content=\"Tiempo de lectura\" \/>\n\t<meta name=\"twitter:data1\" content=\"3 minutos\" \/>\n<!-- \/ Yoast SEO plugin. -->","yoast_head_json":{"title":"Generador de c\u00f3digos QR: agregue el widget de c\u00f3digos QR a Blogger (gratis y r\u00e1pido)","description":"Cree r\u00e1pidamente su generador de c\u00f3digos QR personalizado para la p\u00e1gina web de Blogger. Simplemente use nuestra demostraci\u00f3n activa y su widget se crear\u00e1 en menos de dos minutos.","robots":{"index":"index","follow":"follow","max-snippet":"max-snippet:-1","max-image-preview":"max-image-preview:large","max-video-preview":"max-video-preview:-1"},"canonical":"https:\/\/elfsight.com\/es\/qr-code-widget\/blogger\/","og_locale":"es_ES","og_type":"article","og_title":"Generador de c\u00f3digos QR: agregue el widget de c\u00f3digos QR a Blogger (gratis y r\u00e1pido)","og_description":"Cree r\u00e1pidamente su generador de c\u00f3digos QR personalizado para la p\u00e1gina web de Blogger. Simplemente use nuestra demostraci\u00f3n activa y su widget se crear\u00e1 en menos de dos minutos.","og_url":"https:\/\/elfsight.com\/es\/qr-code-widget\/blogger\/","og_site_name":"Elfsight ES","article_modified_time":"2025-02-06T15:41:56+00:00","twitter_card":"summary_large_image","twitter_misc":{"Tiempo de lectura":"3 minutos"},"schema":{"@context":"https:\/\/schema.org","@graph":[{"@type":"WebPage","@id":"https:\/\/elfsight.com\/es\/qr-code-widget\/blogger\/","url":"https:\/\/elfsight.com\/es\/qr-code-widget\/blogger\/","name":"Generador de c\u00f3digos QR: agregue el widget de c\u00f3digos QR a Blogger (gratis y r\u00e1pido)","isPartOf":{"@id":"https:\/\/elfsight.com\/es\/#website"},"datePublished":"1970-01-01T00:00:00+00:00","dateModified":"2025-02-06T15:41:56+00:00","description":"Cree r\u00e1pidamente su generador de c\u00f3digos QR personalizado para la p\u00e1gina web de Blogger. Simplemente use nuestra demostraci\u00f3n activa y su widget se crear\u00e1 en menos de dos minutos.","breadcrumb":{"@id":"https:\/\/elfsight.com\/es\/qr-code-widget\/blogger\/#breadcrumb"},"inLanguage":"es","potentialAction":[{"@type":"ReadAction","target":["https:\/\/elfsight.com\/es\/qr-code-widget\/blogger\/"]}]},{"@type":"BreadcrumbList","@id":"https:\/\/elfsight.com\/es\/qr-code-widget\/blogger\/#breadcrumb","itemListElement":[{"@type":"ListItem","position":1,"name":"Home","item":"https:\/\/elfsight.com\/es\/"},{"@type":"ListItem","position":2,"name":"QR Code","item":"https:\/\/elfsight.com\/es\/qr-code-widget\/"},{"@type":"ListItem","position":3,"name":"QR Code &#8211; Blogger"}]},{"@type":"WebSite","@id":"https:\/\/elfsight.com\/es\/#website","url":"https:\/\/elfsight.com\/es\/","name":"Elfsight ES","description":"Just another Elfsight Sites site","potentialAction":[{"@type":"SearchAction","target":{"@type":"EntryPoint","urlTemplate":"https:\/\/elfsight.com\/es\/?s={search_term_string}"},"query-input":{"@type":"PropertyValueSpecification","valueRequired":true,"valueName":"search_term_string"}}],"inLanguage":"es"}]}},"meta_box":{"industry":"","seo_heading":"","heading":"","description":"","cta_heading":"","cta_description":"","application":"756","h1":"Widget de c\u00f3digo QR de Blogger","h1_caption":"Genere y muestre un c\u00f3digo QR para acceder f\u00e1cilmente a URL, Wi-Fi, tarjetas de presentaci\u00f3n y m\u00e1s en su sitio web de Blogger sin esfuerzo.","application_category":[],"applications_title":"","applications_request_title":"","applications_request_button_text":"","hero_text":"","hero_video":"","hero_video_schema_markup":"","selling_points_title":"","selling_points_caption":"","selling_points":[],"selling_points_cta_text":"","features_title":"","features":"","ed_cta_examples_text":"","ed_cta_examples_hidden":"","ed_cta_demo_text":"","ed_cta_demo_hidden":"","why_caption":"","why_editor_title":"","why_editor_text":"","why_team_title":"","why_team_text":"","why_service_title":"","why_service_text":"","template_catalog_visible":"","template_catalog_title":"","template_catalog_text":"","template_catalog_categories_visible":"","demo_title":"Crea tu widget de c\u00f3digo QR","demo_caption":"\u00a1Configura tu c\u00f3digo QR y agr\u00e9galo a tu sitio web de Blogger gratis!","default_faq_hidden":"","app_template_category":[],"platform":"39","template_public_id":"","codecanyon_url":"","codecanyon_item_id":"","codecanyon_price":"","pricing_caption":"","pricing_elfsight_apps_hide_column":"","pricing_elfsight_apps_url":"","pricing_codecanyon_price_caption":"","integration_category":[],"integration_request_title":"","integration_request_cta":"","integration_platform":"","integrations":[],"platform_category":[],"video_schema_markup":"","price":"desde $0 \/ mes","trial":"","benefits":[{"text":"Ayuda de instalaci\u00f3n gratuita"},{"text":"Atenci\u00f3n al cliente experimentada"},{"text":"Garant\u00eda de devoluci\u00f3n de dinero de 14 d\u00edas"},{"text":"Actualizaciones continuas"}],"button_url":"#demo","button_target_blank":"","button_nofollow":"","attributes":[{"name":"Instalaciones","content":"10,000 - 100,000"},{"name":"Sensible","content":"S\u00ed"},{"name":"Navegadores compatibles","content":"Firefox, Safari, Opera, Chrome, Edge"}],"tags":[],"tags_disable_links":"","hide_more_platforms":"","video_object":"","demo_hide_cta":"","demo_hide_cloud_options":"","pricing_title":"","pricing":[{"pricing_icon":"platform","pricing_title":"Elfsight Apps","pricing_title_caption":"Software multiplataforma que se adapta a cualquier sitio","pricing_price":"desde $0 \/ mes","pricing_price_caption":"comienza con el plan gratuito","pricing_benefits":[{"text":"Software multiplataforma que se adapta a cualquier sitio"},{"text":"Soporte r\u00e1pido de la empresa"},{"text":"Asistencia de instalaci\u00f3n gratuita"},{"text":"100% personalizable"}],"pricing_button_text":"A\u00f1adir al sitio web","pricing_button_url":"#demo"}],"related_apps_title":"","related_apps_hidden":"","author":"","image":[],"title":"","job":"","social_networks":[]},"_links":{"self":[{"href":"https:\/\/elfsight.com\/es\/wp-json\/wp\/v2\/pages\/8053","targetHints":{"allow":["GET"]}}],"collection":[{"href":"https:\/\/elfsight.com\/es\/wp-json\/wp\/v2\/pages"}],"about":[{"href":"https:\/\/elfsight.com\/es\/wp-json\/wp\/v2\/types\/page"}],"author":[{"embeddable":true,"href":"https:\/\/elfsight.com\/es\/wp-json\/wp\/v2\/users\/9"}],"replies":[{"embeddable":true,"href":"https:\/\/elfsight.com\/es\/wp-json\/wp\/v2\/comments?post=8053"}],"version-history":[{"count":2,"href":"https:\/\/elfsight.com\/es\/wp-json\/wp\/v2\/pages\/8053\/revisions"}],"predecessor-version":[{"id":18660,"href":"https:\/\/elfsight.com\/es\/wp-json\/wp\/v2\/pages\/8053\/revisions\/18660"}],"up":[{"embeddable":true,"href":"https:\/\/elfsight.com\/es\/wp-json\/wp\/v2\/pages\/757"}],"wp:attachment":[{"href":"https:\/\/elfsight.com\/es\/wp-json\/wp\/v2\/media?parent=8053"}],"curies":[{"name":"wp","href":"https:\/\/api.w.org\/{rel}","templated":true}]}}