{"id":8052,"date":"1970-01-01T00:00:00","date_gmt":"1970-01-01T00:00:00","guid":{"rendered":"https:\/\/elfsight.com\/es\/?page_id=8052"},"modified":"2025-02-06T15:41:56","modified_gmt":"2025-02-06T15:41:56","slug":"bigcommerce","status":"publish","type":"page","link":"https:\/\/elfsight.com\/es\/qr-code-widget\/bigcommerce\/","title":{"rendered":"QR Code &#8211; BigCommerce"},"content":{"rendered":"<div class=\"application-platform-content-item-description application-platform-content-item\" id=\"description\" data-nav-section=\"description\"> <h2>Descripci\u00f3n<\/h2> <p>El generador de c\u00f3digos QR de Elfsight es una excelente opci\u00f3n para BigCommerce que le permite redirigir instant\u00e1neamente a sus visitantes a cualquier sitio, compartir un enlace, su ubicaci\u00f3n, correo electr\u00f3nico, cualquier archivo y mucho m\u00e1s. El complemento es notablemente ajustable: usted es libre de agregar un t\u00edtulo, leyenda, elegir el \u00edcono y el logotipo, desde nuestra biblioteca o cargar el suyo propio, volver a pintar el texto, el fondo, el marco y cambiar el tama\u00f1o de la forma que necesite. Todo lo que necesita hacer es comenzar a crear la funci\u00f3n: la instalaci\u00f3n no es sofisticada y no requerir\u00e1 ninguna habilidad de codificaci\u00f3n. <\/p> <p><b>Inserte el generador de c\u00f3digos QR de Elfsight en su sitio web y lleve a los visitantes directamente a donde desea que est\u00e9n y agilice el uso del contenido<\/b><\/p> <\/div> <div class=\"application-platform-content-item-features application-platform-content-item\" id=\"features\" data-nav-section=\"features\"> <h2>Las caracter\u00edsticas m\u00e1s importantes de la aplicaci\u00f3n incluyen<\/h2> <ul><li>Acceso inmediato al contenido que ha subido<\/li><li>Agregue cualquier texto<\/li><li>Ocho logotipos intercambiables<\/li><li>Quince iconos intercambiables para que elijas<\/li><li>Recolorear todos los elementos<\/li><\/ul><p><a href=\"#demo\">Explora todas las funciones de personalizaci\u00f3n en una demostraci\u00f3n totalmente funcional<\/a><\/p> <\/div> <div class=\"application-platform-content-item-installation application-platform-content-item\" id=\"installation\" data-nav-section=\"installation\"> <h2>\u00bfC\u00f3mo incrusto un c\u00f3digo QR en \u00bfMi p\u00e1gina web de BigCommerce? <\/h2> <p>Simplemente siga los pasos que se describen a continuaci\u00f3n para agregar la aplicaci\u00f3n. <\/p> <ol><li><b>Abra nuestra demostraci\u00f3n gratuita y comience a crear su widget personalizado. <\/b><br> Encuentre el dise\u00f1o y el rendimiento deseados del widget y aplique todas las modificaciones. <\/li> <li><b>Reciba su c\u00f3digo \u00fanico revelado en el formulario especial en Elfsight Apps. <\/b><br> Inmediatamente despu\u00e9s de finalizar la configuraci\u00f3n de su widget, copie su c\u00f3digo en la ventana emergente que aparece y gu\u00e1rdelo para futuras ocasiones. <\/li> <li><b>Comience a utilizar el widget en su p\u00e1gina web de BigCommerce. <\/b><br>Integra el c\u00f3digo que has copiado recientemente en tu p\u00e1gina web y aplica las correcciones. <\/li> <li><b>La instalaci\u00f3n ha finalizado por completo. <\/b><br>Abre tu sitio para observar el rendimiento del widget. <\/li><\/ol> <p>Si tienes alguna dificultad, no dudes en ponerte en contacto con nuestro equipo de atenci\u00f3n al cliente. Nuestros especialistas est\u00e1n deseosos de resolver todas las dudas que puedas tener con el producto. <\/p> <div class=\"faq\" data-component=\"FAQ\"><div class=\"faq-item\">\r\n\t\t\t\t\t<div class=\"faq-item-question\">\r\n\t\t\t\t\t\t<h3 class=\"faq-item-question-text\">\u00bfExiste alg\u00fan m\u00e9todo para insertar un Portfolio en mi sitio web de BigCommerce sin conocimientos de codificaci\u00f3n?<\/h3>\r\n\r\n\t\t\t\t\t\t<div class=\"faq-item-question-icon\"><\/div>\r\n\t\t\t\t\t<\/div>\r\n\r\n\t\t\t\t\t<div class=\"faq-item-answer\">\r\n\t\t\t\t\t\t<div class=\"faq-item-answer-text\"> <p>La empresa Elfsight ofrece una soluci\u00f3n SaaS que le permite establecer un complemento de Portfolio usted mismo. Descubra las sencillas instrucciones: comience a trabajar directamente en la demostraci\u00f3n en vivo para crear una aplicaci\u00f3n de Portfolio que le gustar\u00eda ver en BigCommerce. Elija una de nuestras plantillas predise\u00f1adas y modifique la configuraci\u00f3n del Portafolio, agregue su contenido, modifique el dise\u00f1o y la combinaci\u00f3n de colores sin ning\u00fan conocimiento de codificaci\u00f3n. Guarde el Portafolio y obtenga el c\u00f3digo de instalaci\u00f3n del widget, que puede insertar en su p\u00e1gina de inicio de BigCommerce dentro de un plan gratuito. Con el Configurador intuitivo, cada usuario de Internet puede crear un widget de Portafolio en l\u00ednea y agregarlo f\u00e1cilmente a cualquier p\u00e1gina de inicio de BigCommerce. No debes pagar ni ingresar las credenciales de tu tarjeta para acceder a nuestro Editor. Si encuentra alg\u00fan problema en alg\u00fan paso, no dude en comunicarse con nuestro personal de soporte t\u00e9cnico.<\/p> <\/div>\r\n\t\t\t\t\t<\/div>\r\n\t\t\t\t<\/div> <\/div><\/div>","protected":false},"excerpt":{"rendered":"","protected":false},"author":9,"featured_media":0,"parent":757,"menu_order":0,"comment_status":"closed","ping_status":"closed","template":"templates\/template-application-platform.php","meta":{"publish_to_discourse":"","publish_post_category":"","wpdc_auto_publish_overridden":"","wpdc_topic_tags":"","wpdc_pin_topic":"","wpdc_pin_until":"","discourse_post_id":"","discourse_permalink":"","wpdc_publishing_response":"","wpdc_publishing_error":"","footnotes":""},"class_list":["post-8052","page","type-page","status-publish","hentry"],"yoast_head":"<!-- This site is optimized with the Yoast SEO plugin v25.3.1 - https:\/\/yoast.com\/wordpress\/plugins\/seo\/ -->\n<title>Generador de c\u00f3digos QR: agregue un widget de c\u00f3digo QR a BigCommerce [2025]<\/title>\n<meta name=\"description\" content=\"Forme r\u00e1pidamente su c\u00f3digo QR \u00fanico para el sitio web de BigCommerce. Simplemente utilice nuestra demostraci\u00f3n y su aplicaci\u00f3n estar\u00e1 lista en menos de un minuto.\" \/>\n<meta name=\"robots\" content=\"index, follow, max-snippet:-1, max-image-preview:large, max-video-preview:-1\" \/>\n<link rel=\"canonical\" href=\"https:\/\/elfsight.com\/es\/qr-code-widget\/bigcommerce\/\" \/>\n<meta property=\"og:locale\" content=\"es_ES\" \/>\n<meta property=\"og:type\" content=\"article\" \/>\n<meta property=\"og:title\" content=\"Generador de c\u00f3digos QR: agregue un widget de c\u00f3digo QR a BigCommerce [2025]\" \/>\n<meta property=\"og:description\" content=\"Forme r\u00e1pidamente su c\u00f3digo QR \u00fanico para el sitio web de BigCommerce. Simplemente utilice nuestra demostraci\u00f3n y su aplicaci\u00f3n estar\u00e1 lista en menos de un minuto.\" \/>\n<meta property=\"og:url\" content=\"https:\/\/elfsight.com\/es\/qr-code-widget\/bigcommerce\/\" \/>\n<meta property=\"og:site_name\" content=\"Elfsight ES\" \/>\n<meta property=\"article:modified_time\" content=\"2025-02-06T15:41:56+00:00\" \/>\n<meta name=\"twitter:card\" content=\"summary_large_image\" \/>\n<meta name=\"twitter:label1\" content=\"Tiempo de lectura\" \/>\n\t<meta name=\"twitter:data1\" content=\"3 minutos\" \/>\n<!-- \/ Yoast SEO plugin. -->","yoast_head_json":{"title":"Generador de c\u00f3digos QR: agregue un widget de c\u00f3digo QR a BigCommerce [2025]","description":"Forme r\u00e1pidamente su c\u00f3digo QR \u00fanico para el sitio web de BigCommerce. Simplemente utilice nuestra demostraci\u00f3n y su aplicaci\u00f3n estar\u00e1 lista en menos de un minuto.","robots":{"index":"index","follow":"follow","max-snippet":"max-snippet:-1","max-image-preview":"max-image-preview:large","max-video-preview":"max-video-preview:-1"},"canonical":"https:\/\/elfsight.com\/es\/qr-code-widget\/bigcommerce\/","og_locale":"es_ES","og_type":"article","og_title":"Generador de c\u00f3digos QR: agregue un widget de c\u00f3digo QR a BigCommerce [2025]","og_description":"Forme r\u00e1pidamente su c\u00f3digo QR \u00fanico para el sitio web de BigCommerce. Simplemente utilice nuestra demostraci\u00f3n y su aplicaci\u00f3n estar\u00e1 lista en menos de un minuto.","og_url":"https:\/\/elfsight.com\/es\/qr-code-widget\/bigcommerce\/","og_site_name":"Elfsight ES","article_modified_time":"2025-02-06T15:41:56+00:00","twitter_card":"summary_large_image","twitter_misc":{"Tiempo de lectura":"3 minutos"},"schema":{"@context":"https:\/\/schema.org","@graph":[{"@type":"WebPage","@id":"https:\/\/elfsight.com\/es\/qr-code-widget\/bigcommerce\/","url":"https:\/\/elfsight.com\/es\/qr-code-widget\/bigcommerce\/","name":"Generador de c\u00f3digos QR: agregue un widget de c\u00f3digo QR a BigCommerce [2025]","isPartOf":{"@id":"https:\/\/elfsight.com\/es\/#website"},"datePublished":"1970-01-01T00:00:00+00:00","dateModified":"2025-02-06T15:41:56+00:00","description":"Forme r\u00e1pidamente su c\u00f3digo QR \u00fanico para el sitio web de BigCommerce. Simplemente utilice nuestra demostraci\u00f3n y su aplicaci\u00f3n estar\u00e1 lista en menos de un minuto.","breadcrumb":{"@id":"https:\/\/elfsight.com\/es\/qr-code-widget\/bigcommerce\/#breadcrumb"},"inLanguage":"es","potentialAction":[{"@type":"ReadAction","target":["https:\/\/elfsight.com\/es\/qr-code-widget\/bigcommerce\/"]}]},{"@type":"BreadcrumbList","@id":"https:\/\/elfsight.com\/es\/qr-code-widget\/bigcommerce\/#breadcrumb","itemListElement":[{"@type":"ListItem","position":1,"name":"Home","item":"https:\/\/elfsight.com\/es\/"},{"@type":"ListItem","position":2,"name":"QR Code","item":"https:\/\/elfsight.com\/es\/qr-code-widget\/"},{"@type":"ListItem","position":3,"name":"QR Code &#8211; BigCommerce"}]},{"@type":"WebSite","@id":"https:\/\/elfsight.com\/es\/#website","url":"https:\/\/elfsight.com\/es\/","name":"Elfsight ES","description":"Just another Elfsight Sites site","potentialAction":[{"@type":"SearchAction","target":{"@type":"EntryPoint","urlTemplate":"https:\/\/elfsight.com\/es\/?s={search_term_string}"},"query-input":{"@type":"PropertyValueSpecification","valueRequired":true,"valueName":"search_term_string"}}],"inLanguage":"es"}]}},"meta_box":{"industry":"","seo_heading":"","heading":"","description":"","cta_heading":"","cta_description":"","application":"756","h1":"Aplicaci\u00f3n C\u00f3digo QR de BigCommerce","h1_caption":"Genere y muestre un c\u00f3digo QR para acceder f\u00e1cilmente a URL, Wi-Fi, tarjetas de presentaci\u00f3n y m\u00e1s en su sitio web BigCommerce sin esfuerzo.","application_category":[],"applications_title":"","applications_request_title":"","applications_request_button_text":"","hero_text":"","hero_video":"","hero_video_schema_markup":"","selling_points_title":"","selling_points_caption":"","selling_points":[],"selling_points_cta_text":"","features_title":"","features":"","ed_cta_examples_text":"","ed_cta_examples_hidden":"","ed_cta_demo_text":"","ed_cta_demo_hidden":"","why_caption":"","why_editor_title":"","why_editor_text":"","why_team_title":"","why_team_text":"","why_service_title":"","why_service_text":"","template_catalog_visible":"","template_catalog_title":"","template_catalog_text":"","template_catalog_categories_visible":"","demo_title":"Crea tu aplicaci\u00f3n de C\u00f3digo QR","demo_caption":"\u00a1Configure su c\u00f3digo QR y agr\u00e9guelo a su sitio web de BigCommerce gratis!","default_faq_hidden":"","app_template_category":[],"platform":"33","template_public_id":"","codecanyon_url":"","codecanyon_item_id":"","codecanyon_price":"","pricing_caption":"","pricing_elfsight_apps_hide_column":"","pricing_elfsight_apps_url":"","pricing_codecanyon_price_caption":"","integration_category":[],"integration_request_title":"","integration_request_cta":"","integration_platform":"","integrations":[],"platform_category":[],"video_schema_markup":"","price":"desde $0 \/ mes","trial":"","benefits":[{"text":"Servicio de instalaci\u00f3n gratuito"},{"text":"Atenci\u00f3n al cliente experimentada"},{"text":"Garant\u00eda de reembolso de 14 d\u00edas"},{"text":"Desarrollo continuo"}],"button_url":"#demo","button_target_blank":"","button_nofollow":"","attributes":[{"name":"Instalaciones","content":"10,000 - 100,000"},{"name":"Sensible","content":"S\u00ed"},{"name":"Navegadores compatibles","content":"Firefox, Safari, Opera, Chrome, Edge"}],"tags":[],"tags_disable_links":"","hide_more_platforms":"","video_object":"","demo_hide_cta":"","demo_hide_cloud_options":"","pricing_title":"","pricing":[{"pricing_icon":"platform","pricing_title":"Elfsight Apps","pricing_title_caption":"Versi\u00f3n multiplataforma que se adapta a cualquier sitio web.","pricing_price":"desde $0 \/ mes","pricing_price_caption":"comienza con un plan gratuito","pricing_benefits":[{"text":"Dominios ilimitados"},{"text":"Atenci\u00f3n al cliente r\u00e1pida y bien documentada."},{"text":"Soporte de instalaci\u00f3n gratuito"},{"text":"100% personalizable"}],"pricing_button_text":"A\u00f1adir al sitio web","pricing_button_url":"#demo"}],"related_apps_title":"","related_apps_hidden":"","author":"","image":[],"title":"","job":"","social_networks":[]},"_links":{"self":[{"href":"https:\/\/elfsight.com\/es\/wp-json\/wp\/v2\/pages\/8052","targetHints":{"allow":["GET"]}}],"collection":[{"href":"https:\/\/elfsight.com\/es\/wp-json\/wp\/v2\/pages"}],"about":[{"href":"https:\/\/elfsight.com\/es\/wp-json\/wp\/v2\/types\/page"}],"author":[{"embeddable":true,"href":"https:\/\/elfsight.com\/es\/wp-json\/wp\/v2\/users\/9"}],"replies":[{"embeddable":true,"href":"https:\/\/elfsight.com\/es\/wp-json\/wp\/v2\/comments?post=8052"}],"version-history":[{"count":2,"href":"https:\/\/elfsight.com\/es\/wp-json\/wp\/v2\/pages\/8052\/revisions"}],"predecessor-version":[{"id":18661,"href":"https:\/\/elfsight.com\/es\/wp-json\/wp\/v2\/pages\/8052\/revisions\/18661"}],"up":[{"embeddable":true,"href":"https:\/\/elfsight.com\/es\/wp-json\/wp\/v2\/pages\/757"}],"wp:attachment":[{"href":"https:\/\/elfsight.com\/es\/wp-json\/wp\/v2\/media?parent=8052"}],"curies":[{"name":"wp","href":"https:\/\/api.w.org\/{rel}","templated":true}]}}