{"id":8043,"date":"1970-01-01T00:00:00","date_gmt":"1970-01-01T00:00:00","guid":{"rendered":"https:\/\/elfsight.com\/es\/?page_id=8043"},"modified":"2025-02-06T15:42:06","modified_gmt":"2025-02-06T15:42:06","slug":"wix","status":"publish","type":"page","link":"https:\/\/elfsight.com\/es\/g2-crowd-reviews-widget\/wix\/","title":{"rendered":"G2 Crowd Reviews &#8211; Wix"},"content":{"rendered":"<div class=\"application-platform-content-item-description application-platform-content-item\" id=\"description\" data-nav-section=\"description\"><h2>Descripci\u00f3n<\/h2> <p>La aplicaci\u00f3n Elfsight G2 Reviews es una de las mejores herramientas para contribuir a la reputaci\u00f3n de su marca. Muestra opiniones de clientes reales sobre sus productos. Elija s\u00f3lo los comentarios positivos o los m\u00e1s atractivos y ord\u00e9nelos exactamente como necesite. Re\u00fana pruebas sociales demostrando a los visitantes de su sitio web que usted conf\u00eda. \u00a1Inspire a las personas a compartir m\u00e1s comentarios sobre su empresa y fomente las conversaciones de los usuarios! <\/p><p><b>Muestre las mejores rese\u00f1as en cualquier p\u00e1gina del sitio<\/b><\/p><\/div><div class=\"application-platform-content-item-features application-platform-content-item\" id=\"features\" data-nav-section=\"features\"><h2>Caracter\u00edsticas<\/h2> <p>Para tener una idea m\u00e1s clara de la aplicaci\u00f3n G2 Crowd, vea la lista de las caracter\u00edsticas principales. Hacen que nuestro widget sea m\u00e1s efectivo para usted: <\/p><ul><li>3 filtros predefinidos: por tipo, excluido por y n\u00famero de rese\u00f1as a mostrar; <\/li><li>4 opciones de dise\u00f1os: Lista, Cuadr\u00edcula, Mamposter\u00eda y Control deslizante; <\/li><li>Encabezado de aplicaci\u00f3n personalizable; <\/li><li>El bot\u00f3n de solicitud de revisi\u00f3n lleva a las personas a su cuenta G2; <\/li><li>6 unidades personalizables de la aplicaci\u00f3n: nombre del autor y foto, recomendaci\u00f3n, fecha de salida, \u00edcono G2 y calificaci\u00f3n de estrellas;<\/li><li>Dos escenarios potenciales despu\u00e9s del rechazo de la solicitud de revisi\u00f3n: mostrar su texto u ocultar el bot\u00f3n.<\/li><\/ul><p><a href=\"#demo\">Para explorar todas las funciones, vea la demostraci\u00f3n en vivo<\/a><\/p><\/div><div class=\"application-platform-content-item-installation application-platform-content-item\" id=\"installation\" data-nav-section=\"installation\"><h2>C\u00f3mo agregar G2 Crowd Reviews al sitio web de Wix<\/h2><p>Para integrar la aplicaci\u00f3n en tu sitio, simplemente sigue estos sencillos pasos. <\/p><ol><li><b>Dise\u00f1e su propio complemento G2 Crowd<\/b><br>En nuestro configurador gratuito, configure un complemento con un dise\u00f1o y una funcionalidad preferibles. <\/li><li><b>Reciba el c\u00f3digo individual para configurar el complemento<\/b><br>Despu\u00e9s de haber creado su widget, obtendr\u00e1 el c\u00f3digo de instalaci\u00f3n en la ventana que aparece en Elfsight Apps. Copie el c\u00f3digo para su uso posterior. <\/li><li><b>Integra el complemento en tu sitio web Wix<\/b><br>Encuentra el \u00e1rea a la que te gustar\u00eda agregar el complemento y pega el c\u00f3digo guardado all\u00ed. Publicar los resultados. <\/li><li><b>\u00a1Felicitaciones! \u00a1Acabas de insertar el widget! <\/b><br>Ingrese a su sitio para consultar sus testimonios. <\/li><\/ol><p>\u00bfA\u00fan tienes algo que te hace sentir inseguro? \u00bfO tienes preguntas? Simplemente dirija una solicitud a nuestro equipo de soporte, ellos resolver\u00e1n cualquier problema. <\/p><div class=\"faq\" data-component=\"FAQ\"> <div class=\"faq-item\">\r\n\t\t\t\t\t<div class=\"faq-item-question\">\r\n\t\t\t\t\t\t<h3 class=\"faq-item-question-text\">\u00bfC\u00f3mo agregar G2 Reviews a mi sitio web Wix sin conocimientos de codificaci\u00f3n?<\/h3>\r\n\r\n\t\t\t\t\t\t<div class=\"faq-item-question-icon\"><\/div>\r\n\t\t\t\t\t<\/div>\r\n\r\n\t\t\t\t\t<div class=\"faq-item-answer\">\r\n\t\t\t\t\t\t<div class=\"faq-item-answer-text\"> <p>Elfsight proporciona una soluci\u00f3n SaaS que te permite crear un widget de G2 Reviews t\u00fa mismo. Mira lo f\u00e1cil que es el proceso: trabaja directamente en el editor en l\u00ednea para crear un widget de G2 Reviews que te gustar\u00eda ver en tu sitio web Wix. Elija una de las plantillas predise\u00f1adas y ajuste la configuraci\u00f3n de G2 Reviews, agregue su contenido, cambie el dise\u00f1o y la combinaci\u00f3n de colores sin conocimientos de codificaci\u00f3n. Guarde las rese\u00f1as de G2 y copie su c\u00f3digo de instalaci\u00f3n, que puede simplemente insertar en su sitio web Wix sin comprar una suscripci\u00f3n paga. Con nuestro editor intuitivo, cualquier usuario de Internet puede crear un widget de G2 Reviews en l\u00ednea e incrustarlo f\u00e1cilmente en su sitio web Wix. No es necesario pagar ni ingresar las credenciales de su tarjeta para acceder al servicio. Si tiene alg\u00fan problema en cualquier paso, no dude en ponerse en contacto con nuestro equipo de soporte t\u00e9cnico.<\/p> <\/div>\r\n\t\t\t\t\t<\/div>\r\n\t\t\t\t<\/div> <\/div> <\/div>","protected":false},"excerpt":{"rendered":"","protected":false},"author":9,"featured_media":0,"parent":864,"menu_order":0,"comment_status":"closed","ping_status":"closed","template":"templates\/template-application-platform.php","meta":{"publish_to_discourse":"","publish_post_category":"","wpdc_auto_publish_overridden":"","wpdc_topic_tags":"","wpdc_pin_topic":"","wpdc_pin_until":"","discourse_post_id":"","discourse_permalink":"","wpdc_publishing_response":"","wpdc_publishing_error":"","footnotes":""},"class_list":["post-8043","page","type-page","status-publish","hentry"],"yoast_head":"<!-- This site is optimized with the Yoast SEO plugin v25.3.1 - https:\/\/yoast.com\/wordpress\/plugins\/seo\/ -->\n<title>Insertar G2 Crowd Reviews en el sitio web de Wix (gratis y r\u00e1pido)<\/title>\n<meta name=\"description\" content=\"Es perfectamente sencillo dise\u00f1ar tu aplicaci\u00f3n G2 Crowd Reviews y mostrarla en el sitio web de Wix. La atenci\u00f3n al cliente de Elfsight es gratuita y r\u00e1pida.\" \/>\n<meta name=\"robots\" content=\"index, follow, max-snippet:-1, max-image-preview:large, max-video-preview:-1\" \/>\n<link rel=\"canonical\" href=\"https:\/\/elfsight.com\/es\/g2-crowd-reviews-widget\/wix\/\" \/>\n<meta property=\"og:locale\" content=\"es_ES\" \/>\n<meta property=\"og:type\" content=\"article\" \/>\n<meta property=\"og:title\" content=\"Insertar G2 Crowd Reviews en el sitio web de Wix (gratis y r\u00e1pido)\" \/>\n<meta property=\"og:description\" content=\"Es perfectamente sencillo dise\u00f1ar tu aplicaci\u00f3n G2 Crowd Reviews y mostrarla en el sitio web de Wix. La atenci\u00f3n al cliente de Elfsight es gratuita y r\u00e1pida.\" \/>\n<meta property=\"og:url\" content=\"https:\/\/elfsight.com\/es\/g2-crowd-reviews-widget\/wix\/\" \/>\n<meta property=\"og:site_name\" content=\"Elfsight ES\" \/>\n<meta property=\"article:modified_time\" content=\"2025-02-06T15:42:06+00:00\" \/>\n<meta name=\"twitter:card\" content=\"summary_large_image\" \/>\n<meta name=\"twitter:label1\" content=\"Tiempo de lectura\" \/>\n\t<meta name=\"twitter:data1\" content=\"3 minutos\" \/>\n<!-- \/ Yoast SEO plugin. -->","yoast_head_json":{"title":"Insertar G2 Crowd Reviews en el sitio web de Wix (gratis y r\u00e1pido)","description":"Es perfectamente sencillo dise\u00f1ar tu aplicaci\u00f3n G2 Crowd Reviews y mostrarla en el sitio web de Wix. La atenci\u00f3n al cliente de Elfsight es gratuita y r\u00e1pida.","robots":{"index":"index","follow":"follow","max-snippet":"max-snippet:-1","max-image-preview":"max-image-preview:large","max-video-preview":"max-video-preview:-1"},"canonical":"https:\/\/elfsight.com\/es\/g2-crowd-reviews-widget\/wix\/","og_locale":"es_ES","og_type":"article","og_title":"Insertar G2 Crowd Reviews en el sitio web de Wix (gratis y r\u00e1pido)","og_description":"Es perfectamente sencillo dise\u00f1ar tu aplicaci\u00f3n G2 Crowd Reviews y mostrarla en el sitio web de Wix. La atenci\u00f3n al cliente de Elfsight es gratuita y r\u00e1pida.","og_url":"https:\/\/elfsight.com\/es\/g2-crowd-reviews-widget\/wix\/","og_site_name":"Elfsight ES","article_modified_time":"2025-02-06T15:42:06+00:00","twitter_card":"summary_large_image","twitter_misc":{"Tiempo de lectura":"3 minutos"},"schema":{"@context":"https:\/\/schema.org","@graph":[{"@type":"WebPage","@id":"https:\/\/elfsight.com\/es\/g2-crowd-reviews-widget\/wix\/","url":"https:\/\/elfsight.com\/es\/g2-crowd-reviews-widget\/wix\/","name":"Insertar G2 Crowd Reviews en el sitio web de Wix (gratis y r\u00e1pido)","isPartOf":{"@id":"https:\/\/elfsight.com\/es\/#website"},"datePublished":"1970-01-01T00:00:00+00:00","dateModified":"2025-02-06T15:42:06+00:00","description":"Es perfectamente sencillo dise\u00f1ar tu aplicaci\u00f3n G2 Crowd Reviews y mostrarla en el sitio web de Wix. La atenci\u00f3n al cliente de Elfsight es gratuita y r\u00e1pida.","breadcrumb":{"@id":"https:\/\/elfsight.com\/es\/g2-crowd-reviews-widget\/wix\/#breadcrumb"},"inLanguage":"es","potentialAction":[{"@type":"ReadAction","target":["https:\/\/elfsight.com\/es\/g2-crowd-reviews-widget\/wix\/"]}]},{"@type":"BreadcrumbList","@id":"https:\/\/elfsight.com\/es\/g2-crowd-reviews-widget\/wix\/#breadcrumb","itemListElement":[{"@type":"ListItem","position":1,"name":"Home","item":"https:\/\/elfsight.com\/es\/"},{"@type":"ListItem","position":2,"name":"G2 Crowd Reviews","item":"https:\/\/elfsight.com\/es\/g2-crowd-reviews-widget\/"},{"@type":"ListItem","position":3,"name":"G2 Crowd Reviews &#8211; Wix"}]},{"@type":"WebSite","@id":"https:\/\/elfsight.com\/es\/#website","url":"https:\/\/elfsight.com\/es\/","name":"Elfsight ES","description":"Just another Elfsight Sites site","potentialAction":[{"@type":"SearchAction","target":{"@type":"EntryPoint","urlTemplate":"https:\/\/elfsight.com\/es\/?s={search_term_string}"},"query-input":{"@type":"PropertyValueSpecification","valueRequired":true,"valueName":"search_term_string"}}],"inLanguage":"es"}]}},"meta_box":{"industry":"","seo_heading":"","heading":"","description":"","cta_heading":"","cta_description":"","application":"863","h1":"Rese\u00f1as de G2 Crowd para Wix","h1_caption":"Muestre rese\u00f1as de g2 para resaltar el \u00e9xito y la reputaci\u00f3n de su software entre los usuarios en su sitio web Wix sin esfuerzo.","application_category":[],"applications_title":"","applications_request_title":"","applications_request_button_text":"","hero_text":"","hero_video":"","hero_video_schema_markup":"","selling_points_title":"","selling_points_caption":"","selling_points":[],"selling_points_cta_text":"","features_title":"","features":"","ed_cta_examples_text":"","ed_cta_examples_hidden":"","ed_cta_demo_text":"","ed_cta_demo_hidden":"","why_caption":"","why_editor_title":"","why_editor_text":"","why_team_title":"","why_team_text":"","why_service_title":"","why_service_text":"","template_catalog_visible":"","template_catalog_title":"","template_catalog_text":"","template_catalog_categories_visible":"","demo_title":"Crea tu aplicaci\u00f3n G2 Crowd Reviews","demo_caption":"\u00a1Configura tus G2 Crowd Reviews y agr\u00e9galas a tu sitio web Wix gratis!","default_faq_hidden":"","app_template_category":[],"platform":"112","template_public_id":"","codecanyon_url":"","codecanyon_item_id":"","codecanyon_price":"","pricing_caption":"","pricing_elfsight_apps_hide_column":"","pricing_elfsight_apps_url":"","pricing_codecanyon_price_caption":"","integration_category":[],"integration_request_title":"","integration_request_cta":"","integration_platform":"","integrations":[],"platform_category":[],"video_schema_markup":"","price":"desde $0 \/ mes","trial":"","benefits":[{"text":"Ayuda de instalaci\u00f3n gratuita"},{"text":"Atenci\u00f3n al cliente experimentada"},{"text":"Garant\u00eda de reembolso de 14 d\u00edas"},{"text":"Desarrollo continuo"}],"button_url":"#demo","button_target_blank":"","button_nofollow":"","attributes":[{"name":"Instalaciones","content":"10,000 - 100,000"},{"name":"Sensible","content":"S\u00ed"},{"name":"Navegadores compatibles","content":"Firefox, Opera, Edge, Chrome, Safari"}],"tags":[],"tags_disable_links":"","hide_more_platforms":"","video_object":"","demo_hide_cta":"","demo_hide_cloud_options":"","pricing_title":"","pricing":[{"pricing_icon":"platform","pricing_title":"Elfsight Apps","pricing_title_caption":"Soluci\u00f3n independiente de la plataforma","pricing_price":"desde $0 \/ mes","pricing_price_caption":"comienza con el plan gratuito","pricing_benefits":[{"text":"Dominios ilimitados"},{"text":"Atenci\u00f3n al cliente profesional"},{"text":"Ayuda de instalaci\u00f3n gratuita"},{"text":"Oferta especial para m\u00faltiples aplicaciones."}],"pricing_button_text":"A\u00f1adir al sitio web","pricing_button_url":"#demo"}],"related_apps_title":"","related_apps_hidden":"","author":"","image":[],"title":"","job":"","social_networks":[]},"_links":{"self":[{"href":"https:\/\/elfsight.com\/es\/wp-json\/wp\/v2\/pages\/8043","targetHints":{"allow":["GET"]}}],"collection":[{"href":"https:\/\/elfsight.com\/es\/wp-json\/wp\/v2\/pages"}],"about":[{"href":"https:\/\/elfsight.com\/es\/wp-json\/wp\/v2\/types\/page"}],"author":[{"embeddable":true,"href":"https:\/\/elfsight.com\/es\/wp-json\/wp\/v2\/users\/9"}],"replies":[{"embeddable":true,"href":"https:\/\/elfsight.com\/es\/wp-json\/wp\/v2\/comments?post=8043"}],"version-history":[{"count":2,"href":"https:\/\/elfsight.com\/es\/wp-json\/wp\/v2\/pages\/8043\/revisions"}],"predecessor-version":[{"id":18665,"href":"https:\/\/elfsight.com\/es\/wp-json\/wp\/v2\/pages\/8043\/revisions\/18665"}],"up":[{"embeddable":true,"href":"https:\/\/elfsight.com\/es\/wp-json\/wp\/v2\/pages\/864"}],"wp:attachment":[{"href":"https:\/\/elfsight.com\/es\/wp-json\/wp\/v2\/media?parent=8043"}],"curies":[{"name":"wp","href":"https:\/\/api.w.org\/{rel}","templated":true}]}}