{"id":8035,"date":"1970-01-01T00:00:00","date_gmt":"1970-01-01T00:00:00","guid":{"rendered":"https:\/\/elfsight.com\/es\/?page_id=8035"},"modified":"2025-02-06T15:42:14","modified_gmt":"2025-02-06T15:42:14","slug":"squarespace","status":"publish","type":"page","link":"https:\/\/elfsight.com\/es\/g2-crowd-reviews-widget\/squarespace\/","title":{"rendered":"G2 Crowd Reviews &#8211; Squarespace"},"content":{"rendered":"<div class=\"application-platform-content-item-description application-platform-content-item\" id=\"description\" data-nav-section=\"description\"><h2>Incorpore G2 Crowd Reviews en Squarespace con el widget Elfsight<\/h2> <p>El complemento Elfsight G2 Reviews es la mejor manera de mejorar la reputaci\u00f3n de su negocio al mostrar rese\u00f1as de clientes reales sobre sus ofertas. Revele solo las rese\u00f1as positivas o las m\u00e1s atractivas y organ\u00edcelas como necesite. Recopile pruebas sociales mostrando a los visitantes de su sitio web que tiene una alta confianza del cliente. \u00a1Inspire a las personas a agregar comentarios nuevos sobre su negocio y fomente las comunicaciones de los usuarios! <\/p><p><b>Eleve el nivel de confiabilidad de su marca a trav\u00e9s de las rese\u00f1as de G2 Crowd en su sitio<\/b><\/p><\/div><div class=\"application-platform-content-item-features application-platform-content-item\" id=\"features\" data-nav-section=\"features\"><h2>Caracter\u00edsticas principales del widget de G2 Crowd Reviews<\/h2> <p>Para tener una percepci\u00f3n completa del complemento G2 Crowd, consulte la lista de las funciones principales. Hacen que este widget sea incre\u00edblemente beneficioso para usted: <\/p><ul> <li>Tres filtros disponibles: por tipo, excluir por y n\u00famero de rese\u00f1as a mostrar; <\/li><li>Cuatro dise\u00f1os listos para usar: Lista, Cuadr\u00edcula, Mamposter\u00eda y Control deslizante; <\/li><li>Encabezado del complemento personalizable; <\/li><li>El bot\u00f3n activo para publicar una rese\u00f1a m\u00e1s dirige a las personas a su cuenta G2; <\/li><li>Seis elementos personalizables de las rese\u00f1as: el nombre del autor y la foto, el texto de la rese\u00f1a, la fecha en que se comparti\u00f3, el signo G2 y la calificaci\u00f3n de estrellas; <\/li><li>Dos posibles escenarios de rechazo de solicitud de revisi\u00f3n: revelar un texto personalizado u ocultar el bot\u00f3n. <\/li><\/ul><p><a href=\"#demo\">Para explorar m\u00e1s funciones, vea la demostraci\u00f3n en vivo<\/a><\/p><\/div><div class=\"application-platform-content-item-installation application-platform-content-item\" id=\"installation\" data-nav-section=\"installation\"><h2>C\u00f3mo agregar G2 Crowd Reviews al sitio web de Squarespace<\/h2><p> Un par de acciones simples es lo \u00fanico que necesita para tener el complemento en funcionamiento. <\/p><ol><li><b>Cree su propio complemento G2 Crowd<\/b><br>Administrando nuestro editor gratuito, cree un complemento con un dise\u00f1o y funcionalidad seleccionados. <\/li> <li><b>Obtenga el c\u00f3digo individual para mostrar el complemento<\/b><br>Despu\u00e9s de haber creado su widget, obtendr\u00e1 el c\u00f3digo de instalaci\u00f3n de la notificaci\u00f3n emergente en Elfsight Apps. C\u00f3pialo para usarlo m\u00e1s adelante. <\/li> <li><b>Muestra el complemento en tu sitio de Squarespace<\/b><br>Selecciona el \u00e1rea donde planeas revelar el complemento y agrega el c\u00f3digo guardado all\u00ed. Guarde los resultados. <\/li> <li><b>\u00a1La integraci\u00f3n es exitosa! <\/b><br>Entra en la web para ver tu trabajo. <\/li><\/ol><p>\u00bfA\u00fan tienes dudas? \u00bfO tener problemas? Simplemente escriba una solicitud a nuestro departamento de atenci\u00f3n al cliente, ellos resolver\u00e1n cualquier problema.<\/p><div class=\"faq\" data-component=\"FAQ\"> <div class=\"faq-item\">\r\n\t\t\t\t\t<div class=\"faq-item-question\">\r\n\t\t\t\t\t\t<h3 class=\"faq-item-question-text\">\u00bfC\u00f3mo puedo agregar G2 Reviews a mi sitio web de Squarespace sin conocimientos de codificaci\u00f3n?<\/h3>\r\n\r\n\t\t\t\t\t\t<div class=\"faq-item-question-icon\"><\/div>\r\n\t\t\t\t\t<\/div>\r\n\r\n\t\t\t\t\t<div class=\"faq-item-answer\">\r\n\t\t\t\t\t\t<div class=\"faq-item-answer-text\"> <p>Elfsight proporciona una soluci\u00f3n SaaS que le permite crear un widget de G2 Reviews usted mismo. Vea lo f\u00e1cil que es el proceso: trabaje directamente en el editor en l\u00ednea para crear un widget de G2 Reviews que le gustar\u00eda ver en su sitio web de Squarespace. Elija una de las plantillas predise\u00f1adas y ajuste la configuraci\u00f3n de G2 Reviews, agregue su contenido, cambie el dise\u00f1o y la combinaci\u00f3n de colores sin conocimientos de codificaci\u00f3n. Guarde las rese\u00f1as de G2 y copie su c\u00f3digo de instalaci\u00f3n, que puede simplemente incluir en su sitio web de Squarespace sin comprar una suscripci\u00f3n paga. Con nuestro editor intuitivo, cualquier usuario de Internet puede crear un widget de G2 Reviews en l\u00ednea e incrustarlo f\u00e1cilmente en su sitio web de Squarespace. No es necesario pagar ni ingresar las credenciales de su tarjeta para acceder al servicio. Si tiene alg\u00fan problema en cualquier paso, no dude en ponerse en contacto con nuestro equipo de soporte t\u00e9cnico.<\/p> <\/div>\r\n\t\t\t\t\t<\/div>\r\n\t\t\t\t<\/div> <\/div> <\/div>","protected":false},"excerpt":{"rendered":"","protected":false},"author":9,"featured_media":0,"parent":864,"menu_order":0,"comment_status":"closed","ping_status":"closed","template":"templates\/template-application-platform.php","meta":{"publish_to_discourse":"","publish_post_category":"","wpdc_auto_publish_overridden":"","wpdc_topic_tags":"","wpdc_pin_topic":"","wpdc_pin_until":"","discourse_post_id":"","discourse_permalink":"","wpdc_publishing_response":"","wpdc_publishing_error":"","footnotes":""},"class_list":["post-8035","page","type-page","status-publish","hentry"],"yoast_head":"<!-- This site is optimized with the Yoast SEO plugin v25.3.1 - https:\/\/yoast.com\/wordpress\/plugins\/seo\/ -->\n<title>Incruste G2 Crowd Reviews en el sitio web de Squarespace (gratis y r\u00e1pido)<\/title>\n<meta name=\"description\" content=\"Con Elfsight, cree su complemento G2 Crowd Reviews e ins\u00e9rtelo en su sitio web de Squarespace en poco tiempo. Contamos con atenci\u00f3n al cliente gratuita y m\u00e1s bonos.\" \/>\n<meta name=\"robots\" content=\"index, follow, max-snippet:-1, max-image-preview:large, max-video-preview:-1\" \/>\n<link rel=\"canonical\" href=\"https:\/\/elfsight.com\/es\/g2-crowd-reviews-widget\/squarespace\/\" \/>\n<meta property=\"og:locale\" content=\"es_ES\" \/>\n<meta property=\"og:type\" content=\"article\" \/>\n<meta property=\"og:title\" content=\"Incruste G2 Crowd Reviews en el sitio web de Squarespace (gratis y r\u00e1pido)\" \/>\n<meta property=\"og:description\" content=\"Con Elfsight, cree su complemento G2 Crowd Reviews e ins\u00e9rtelo en su sitio web de Squarespace en poco tiempo. Contamos con atenci\u00f3n al cliente gratuita y m\u00e1s bonos.\" \/>\n<meta property=\"og:url\" content=\"https:\/\/elfsight.com\/es\/g2-crowd-reviews-widget\/squarespace\/\" \/>\n<meta property=\"og:site_name\" content=\"Elfsight ES\" \/>\n<meta property=\"article:modified_time\" content=\"2025-02-06T15:42:14+00:00\" \/>\n<meta name=\"twitter:card\" content=\"summary_large_image\" \/>\n<meta name=\"twitter:label1\" content=\"Tiempo de lectura\" \/>\n\t<meta name=\"twitter:data1\" content=\"3 minutos\" \/>\n<!-- \/ Yoast SEO plugin. -->","yoast_head_json":{"title":"Incruste G2 Crowd Reviews en el sitio web de Squarespace (gratis y r\u00e1pido)","description":"Con Elfsight, cree su complemento G2 Crowd Reviews e ins\u00e9rtelo en su sitio web de Squarespace en poco tiempo. Contamos con atenci\u00f3n al cliente gratuita y m\u00e1s bonos.","robots":{"index":"index","follow":"follow","max-snippet":"max-snippet:-1","max-image-preview":"max-image-preview:large","max-video-preview":"max-video-preview:-1"},"canonical":"https:\/\/elfsight.com\/es\/g2-crowd-reviews-widget\/squarespace\/","og_locale":"es_ES","og_type":"article","og_title":"Incruste G2 Crowd Reviews en el sitio web de Squarespace (gratis y r\u00e1pido)","og_description":"Con Elfsight, cree su complemento G2 Crowd Reviews e ins\u00e9rtelo en su sitio web de Squarespace en poco tiempo. Contamos con atenci\u00f3n al cliente gratuita y m\u00e1s bonos.","og_url":"https:\/\/elfsight.com\/es\/g2-crowd-reviews-widget\/squarespace\/","og_site_name":"Elfsight ES","article_modified_time":"2025-02-06T15:42:14+00:00","twitter_card":"summary_large_image","twitter_misc":{"Tiempo de lectura":"3 minutos"},"schema":{"@context":"https:\/\/schema.org","@graph":[{"@type":"WebPage","@id":"https:\/\/elfsight.com\/es\/g2-crowd-reviews-widget\/squarespace\/","url":"https:\/\/elfsight.com\/es\/g2-crowd-reviews-widget\/squarespace\/","name":"Incruste G2 Crowd Reviews en el sitio web de Squarespace (gratis y r\u00e1pido)","isPartOf":{"@id":"https:\/\/elfsight.com\/es\/#website"},"datePublished":"1970-01-01T00:00:00+00:00","dateModified":"2025-02-06T15:42:14+00:00","description":"Con Elfsight, cree su complemento G2 Crowd Reviews e ins\u00e9rtelo en su sitio web de Squarespace en poco tiempo. Contamos con atenci\u00f3n al cliente gratuita y m\u00e1s bonos.","breadcrumb":{"@id":"https:\/\/elfsight.com\/es\/g2-crowd-reviews-widget\/squarespace\/#breadcrumb"},"inLanguage":"es","potentialAction":[{"@type":"ReadAction","target":["https:\/\/elfsight.com\/es\/g2-crowd-reviews-widget\/squarespace\/"]}]},{"@type":"BreadcrumbList","@id":"https:\/\/elfsight.com\/es\/g2-crowd-reviews-widget\/squarespace\/#breadcrumb","itemListElement":[{"@type":"ListItem","position":1,"name":"Home","item":"https:\/\/elfsight.com\/es\/"},{"@type":"ListItem","position":2,"name":"G2 Crowd Reviews","item":"https:\/\/elfsight.com\/es\/g2-crowd-reviews-widget\/"},{"@type":"ListItem","position":3,"name":"G2 Crowd Reviews &#8211; Squarespace"}]},{"@type":"WebSite","@id":"https:\/\/elfsight.com\/es\/#website","url":"https:\/\/elfsight.com\/es\/","name":"Elfsight ES","description":"Just another Elfsight Sites site","potentialAction":[{"@type":"SearchAction","target":{"@type":"EntryPoint","urlTemplate":"https:\/\/elfsight.com\/es\/?s={search_term_string}"},"query-input":{"@type":"PropertyValueSpecification","valueRequired":true,"valueName":"search_term_string"}}],"inLanguage":"es"}]}},"meta_box":{"industry":"","seo_heading":"","heading":"","description":"","cta_heading":"","cta_description":"","application":"863","h1":"Rese\u00f1as de G2 Crowd para Squarespace","h1_caption":"Muestre rese\u00f1as de g2 para resaltar el \u00e9xito y la reputaci\u00f3n de su software entre los usuarios en su sitio web de Squarespace sin esfuerzo.","application_category":[],"applications_title":"","applications_request_title":"","applications_request_button_text":"","hero_text":"","hero_video":"","hero_video_schema_markup":"","selling_points_title":"","selling_points_caption":"","selling_points":[],"selling_points_cta_text":"","features_title":"","features":"","ed_cta_examples_text":"","ed_cta_examples_hidden":"","ed_cta_demo_text":"","ed_cta_demo_hidden":"","why_caption":"","why_editor_title":"","why_editor_text":"","why_team_title":"","why_team_text":"","why_service_title":"","why_service_text":"","template_catalog_visible":"","template_catalog_title":"","template_catalog_text":"","template_catalog_categories_visible":"","demo_title":"Crea tu complemento G2 Crowd Reviews","demo_caption":"\u00a1Configure sus G2 Crowd Reviews y agr\u00e9guelas a su sitio web de Squarespace de forma gratuita!","default_faq_hidden":"","app_template_category":[],"platform":"100","template_public_id":"","codecanyon_url":"","codecanyon_item_id":"","codecanyon_price":"","pricing_caption":"","pricing_elfsight_apps_hide_column":"","pricing_elfsight_apps_url":"","pricing_codecanyon_price_caption":"","integration_category":[],"integration_request_title":"","integration_request_cta":"","integration_platform":"","integrations":[],"platform_category":[],"video_schema_markup":"","price":"desde $0 \/ mes","trial":"","benefits":[{"text":"Servicio de instalaci\u00f3n gratuito"},{"text":"Servicio al cliente competente"},{"text":"Garant\u00eda de reembolso de 14 d\u00edas"},{"text":"Actualizaciones peri\u00f3dicas"}],"button_url":"#demo","button_target_blank":"","button_nofollow":"","attributes":[{"name":"Instalaciones","content":"10,000 - 100,000"},{"name":"Sensible","content":"S\u00ed"},{"name":"Navegadores compatibles","content":"Firefox, Safari, Opera, Chrome, Edge"}],"tags":[],"tags_disable_links":"","hide_more_platforms":"","video_object":"","demo_hide_cta":"","demo_hide_cloud_options":"","pricing_title":"","pricing":[{"pricing_icon":"platform","pricing_title":"Elfsight Apps","pricing_title_caption":"Versi\u00f3n multiplataforma que se adapta a cualquier sitio web","pricing_price":"desde $0 \/ mes","pricing_price_caption":"comienza con un plan gratuito","pricing_benefits":[{"text":"Sitios web ilimitados"},{"text":"Soporte 24 horas al d\u00eda, 7 d\u00edas a la semana, puntual y bien documentado."},{"text":"Asistencia de instalaci\u00f3n gratuita"},{"text":"Dise\u00f1o flexible"}],"pricing_button_text":"A\u00f1adir al sitio web","pricing_button_url":"#demo"}],"related_apps_title":"","related_apps_hidden":"","author":"","image":[],"title":"","job":"","social_networks":[]},"_links":{"self":[{"href":"https:\/\/elfsight.com\/es\/wp-json\/wp\/v2\/pages\/8035","targetHints":{"allow":["GET"]}}],"collection":[{"href":"https:\/\/elfsight.com\/es\/wp-json\/wp\/v2\/pages"}],"about":[{"href":"https:\/\/elfsight.com\/es\/wp-json\/wp\/v2\/types\/page"}],"author":[{"embeddable":true,"href":"https:\/\/elfsight.com\/es\/wp-json\/wp\/v2\/users\/9"}],"replies":[{"embeddable":true,"href":"https:\/\/elfsight.com\/es\/wp-json\/wp\/v2\/comments?post=8035"}],"version-history":[{"count":2,"href":"https:\/\/elfsight.com\/es\/wp-json\/wp\/v2\/pages\/8035\/revisions"}],"predecessor-version":[{"id":18669,"href":"https:\/\/elfsight.com\/es\/wp-json\/wp\/v2\/pages\/8035\/revisions\/18669"}],"up":[{"embeddable":true,"href":"https:\/\/elfsight.com\/es\/wp-json\/wp\/v2\/pages\/864"}],"wp:attachment":[{"href":"https:\/\/elfsight.com\/es\/wp-json\/wp\/v2\/media?parent=8035"}],"curies":[{"name":"wp","href":"https:\/\/api.w.org\/{rel}","templated":true}]}}