{"id":8034,"date":"1970-01-01T00:00:00","date_gmt":"1970-01-01T00:00:00","guid":{"rendered":"https:\/\/elfsight.com\/es\/?page_id=8034"},"modified":"2025-02-06T15:42:23","modified_gmt":"2025-02-06T15:42:23","slug":"shopify","status":"publish","type":"page","link":"https:\/\/elfsight.com\/es\/g2-crowd-reviews-widget\/shopify\/","title":{"rendered":"G2 Crowd Reviews &#8211; Shopify"},"content":{"rendered":"<div class=\"application-platform-content-item-description application-platform-content-item\" id=\"description\" data-nav-section=\"description\"><h2>Integre G2 Crowd Reviews en Shopify con el widget Elfsight<\/h2> <p>La aplicaci\u00f3n Elfsight G2 Reviews es la forma m\u00e1s c\u00f3moda de dar forma a la reputaci\u00f3n de su negocio mostrando rese\u00f1as de clientes reales sobre sus ofertas. Publique solo las rese\u00f1as positivas o m\u00e1s significativas y organ\u00edcelas exactamente como desee. Re\u00fana pruebas sociales que demuestren a su audiencia que tiene una alta credibilidad. \u00a1Inspire a los visitantes a agregar comentarios nuevos sobre su negocio y fomente las conversaciones con los clientes! <\/p><p><b>Integre rese\u00f1as de G2 Crowd en su sitio sin esfuerzo y en poco tiempo<\/b><\/p><\/div><div class=\"application-platform-content-item-features application-platform-content-item\" id=\"features\" data-nav-section=\"features\"><h2>Caracter\u00edsticas principales del widget de rese\u00f1as de G2 Crowd<\/h2> <p>Para comprender mejor la aplicaci\u00f3n G2 Crowd, descubra la lista de sus caracter\u00edsticas principales. Hacen que el widget sea incre\u00edblemente efectivo para tu negocio: <\/p><ul><li>3 filtros predefinidos: por tipo, excluir por y la cantidad de rese\u00f1as a mostrar; <\/li><li>4 tipos de dise\u00f1os: lista, cuadr\u00edcula, mamposter\u00eda y control deslizante; <\/li><li>Una oportunidad para activar\/desactivar el encabezado de la aplicaci\u00f3n; <\/li><li>El bot\u00f3n activo para compartir una nueva rese\u00f1a lleva a los clientes a la p\u00e1gina G2; <\/li><li>Seis unidades flexibles de rese\u00f1as: nombre del autor y foto, texto de recomendaci\u00f3n, fecha de publicaci\u00f3n, signo G2 y calificaci\u00f3n de estrellas; <\/li><li>2 opciones de escenarios tras el rechazo de la solicitud de revisi\u00f3n: mostrar un mensaje o eliminar el bot\u00f3n. <\/li><\/ul><p><a href=\"#demo\"> la demostraci\u00f3n en vivo le mostrar\u00e1 m\u00e1s funciones<\/a><\/p><\/div><div class=\"application-platform-content-item-installation application-platform-content-item\" id=\"installation\" data-nav-section=\"installation\"><h2>C\u00f3mo agregar G2 Crowd Reviews al sitio web de Shopify<\/h2><p> Lo \u00fanico que necesita agregar son un par de sencillos pasos. <\/p><ol><li><b>Inicie nuestro configurador gratuito y comience a crear su aplicaci\u00f3n personalizada. <\/b><br> Encuentre la disposici\u00f3n y las especificaciones preferibles de la aplicaci\u00f3n y guarde todas las correcciones. <\/li> <li><b>Adquiera el c\u00f3digo \u00fanico que aparece en la ventana de Elfsight Apps. <\/b><br> Una vez finalizada la generaci\u00f3n de tu aplicaci\u00f3n, copia el c\u00f3digo exclusivo en la ventana que aparece y gu\u00e1rdalo para futuras ocasiones. <\/li> <li><b>Comienza a aplicar la aplicaci\u00f3n en tu sitio Shopify. <\/b><br> Introduce el c\u00f3digo que has copiado recientemente en tu sitio web y guarda las mejoras. <\/li> <li><b>La instalaci\u00f3n finaliz\u00f3 exitosamente. <\/b><br>Visite su sitio para observar c\u00f3mo se ejecuta la aplicaci\u00f3n. <\/li><\/ol><p>\u00bfA\u00fan no te decides? \u00bfO tener problemas? Simplemente env\u00ede una solicitud a nuestro servicio de atenci\u00f3n al cliente. Haremos nuestro mejor esfuerzo para resolver cada problema. <\/p><div class=\"faq\" data-component=\"FAQ\"><\/div> <div class=\"faq-item\">\r\n\t\t\t\t\t<div class=\"faq-item-question\">\r\n\t\t\t\t\t\t<h3 class=\"faq-item-question-text\"><\/h3>\r\n\r\n\t\t\t\t\t\t<div class=\"faq-item-question-icon\"><\/div>\r\n\t\t\t\t\t<\/div>\r\n\r\n\t\t\t\t\t<div class=\"faq-item-answer\">\r\n\t\t\t\t\t\t<div class=\"faq-item-answer-text\"><\/div>\r\n\t\t\t\t\t<\/div>\r\n\t\t\t\t<\/div> <p>Elfsight proporciona una soluci\u00f3n SaaS que te permite crear un widget de G2 Reviews t\u00fa mismo. Mira lo f\u00e1cil que es el proceso: trabaja directamente en el editor en l\u00ednea para crear un widget de G2 Reviews que te gustar\u00eda ver en tu sitio web de Shopify. Elige una de las plantillas predise\u00f1adas y ajusta la configuraci\u00f3n de G2 Reviews, agrega tu contenido, cambia el dise\u00f1o y los colores sin ning\u00fan tipo de Guarde las rese\u00f1as de G2 y copie su c\u00f3digo de instalaci\u00f3n, que puede simplemente agregar en su sitio web de Shopify sin comprar un plan pago. Con nuestro editor intuitivo, cualquier usuario de Internet puede crear un widget de rese\u00f1as de G2 en l\u00ednea e incrustarlo f\u00e1cilmente en su sitio web de Shopify. No es necesario pagar ni ingresar las credenciales de su tarjeta para acceder al servicio. <\/div>","protected":false},"excerpt":{"rendered":"","protected":false},"author":9,"featured_media":0,"parent":864,"menu_order":0,"comment_status":"closed","ping_status":"closed","template":"templates\/template-application-platform.php","meta":{"publish_to_discourse":"","publish_post_category":"","wpdc_auto_publish_overridden":"","wpdc_topic_tags":"","wpdc_pin_topic":"","wpdc_pin_until":"","discourse_post_id":"","discourse_permalink":"","wpdc_publishing_response":"","wpdc_publishing_error":"","footnotes":""},"class_list":["post-8034","page","type-page","status-publish","hentry"],"yoast_head":"<!-- This site is optimized with the Yoast SEO plugin v25.3.1 - https:\/\/yoast.com\/wordpress\/plugins\/seo\/ -->\n<title>Incruste G2 Crowd Reviews en el sitio web de Shopify (gratis y r\u00e1pido)<\/title>\n<meta name=\"description\" content=\"Es f\u00e1cil crear tu aplicaci\u00f3n G2 Crowd Reviews y colocarla en tu sitio web de Shopify. La atenci\u00f3n al cliente de Elfsight es gratuita y r\u00e1pida.\" \/>\n<meta name=\"robots\" content=\"index, follow, max-snippet:-1, max-image-preview:large, max-video-preview:-1\" \/>\n<link rel=\"canonical\" href=\"https:\/\/elfsight.com\/es\/g2-crowd-reviews-widget\/shopify\/\" \/>\n<meta property=\"og:locale\" content=\"es_ES\" \/>\n<meta property=\"og:type\" content=\"article\" \/>\n<meta property=\"og:title\" content=\"Incruste G2 Crowd Reviews en el sitio web de Shopify (gratis y r\u00e1pido)\" \/>\n<meta property=\"og:description\" content=\"Es f\u00e1cil crear tu aplicaci\u00f3n G2 Crowd Reviews y colocarla en tu sitio web de Shopify. La atenci\u00f3n al cliente de Elfsight es gratuita y r\u00e1pida.\" \/>\n<meta property=\"og:url\" content=\"https:\/\/elfsight.com\/es\/g2-crowd-reviews-widget\/shopify\/\" \/>\n<meta property=\"og:site_name\" content=\"Elfsight ES\" \/>\n<meta property=\"article:modified_time\" content=\"2025-02-06T15:42:23+00:00\" \/>\n<meta name=\"twitter:card\" content=\"summary_large_image\" \/>\n<meta name=\"twitter:label1\" content=\"Tiempo de lectura\" \/>\n\t<meta name=\"twitter:data1\" content=\"3 minutos\" \/>\n<!-- \/ Yoast SEO plugin. -->","yoast_head_json":{"title":"Incruste G2 Crowd Reviews en el sitio web de Shopify (gratis y r\u00e1pido)","description":"Es f\u00e1cil crear tu aplicaci\u00f3n G2 Crowd Reviews y colocarla en tu sitio web de Shopify. La atenci\u00f3n al cliente de Elfsight es gratuita y r\u00e1pida.","robots":{"index":"index","follow":"follow","max-snippet":"max-snippet:-1","max-image-preview":"max-image-preview:large","max-video-preview":"max-video-preview:-1"},"canonical":"https:\/\/elfsight.com\/es\/g2-crowd-reviews-widget\/shopify\/","og_locale":"es_ES","og_type":"article","og_title":"Incruste G2 Crowd Reviews en el sitio web de Shopify (gratis y r\u00e1pido)","og_description":"Es f\u00e1cil crear tu aplicaci\u00f3n G2 Crowd Reviews y colocarla en tu sitio web de Shopify. La atenci\u00f3n al cliente de Elfsight es gratuita y r\u00e1pida.","og_url":"https:\/\/elfsight.com\/es\/g2-crowd-reviews-widget\/shopify\/","og_site_name":"Elfsight ES","article_modified_time":"2025-02-06T15:42:23+00:00","twitter_card":"summary_large_image","twitter_misc":{"Tiempo de lectura":"3 minutos"},"schema":{"@context":"https:\/\/schema.org","@graph":[{"@type":"WebPage","@id":"https:\/\/elfsight.com\/es\/g2-crowd-reviews-widget\/shopify\/","url":"https:\/\/elfsight.com\/es\/g2-crowd-reviews-widget\/shopify\/","name":"Incruste G2 Crowd Reviews en el sitio web de Shopify (gratis y r\u00e1pido)","isPartOf":{"@id":"https:\/\/elfsight.com\/es\/#website"},"datePublished":"1970-01-01T00:00:00+00:00","dateModified":"2025-02-06T15:42:23+00:00","description":"Es f\u00e1cil crear tu aplicaci\u00f3n G2 Crowd Reviews y colocarla en tu sitio web de Shopify. La atenci\u00f3n al cliente de Elfsight es gratuita y r\u00e1pida.","breadcrumb":{"@id":"https:\/\/elfsight.com\/es\/g2-crowd-reviews-widget\/shopify\/#breadcrumb"},"inLanguage":"es","potentialAction":[{"@type":"ReadAction","target":["https:\/\/elfsight.com\/es\/g2-crowd-reviews-widget\/shopify\/"]}]},{"@type":"BreadcrumbList","@id":"https:\/\/elfsight.com\/es\/g2-crowd-reviews-widget\/shopify\/#breadcrumb","itemListElement":[{"@type":"ListItem","position":1,"name":"Home","item":"https:\/\/elfsight.com\/es\/"},{"@type":"ListItem","position":2,"name":"G2 Crowd Reviews","item":"https:\/\/elfsight.com\/es\/g2-crowd-reviews-widget\/"},{"@type":"ListItem","position":3,"name":"G2 Crowd Reviews &#8211; Shopify"}]},{"@type":"WebSite","@id":"https:\/\/elfsight.com\/es\/#website","url":"https:\/\/elfsight.com\/es\/","name":"Elfsight ES","description":"Just another Elfsight Sites site","potentialAction":[{"@type":"SearchAction","target":{"@type":"EntryPoint","urlTemplate":"https:\/\/elfsight.com\/es\/?s={search_term_string}"},"query-input":{"@type":"PropertyValueSpecification","valueRequired":true,"valueName":"search_term_string"}}],"inLanguage":"es"}]}},"meta_box":{"industry":"","seo_heading":"","heading":"","description":"","cta_heading":"","cta_description":"","application":"863","h1":"Rese\u00f1as de G2 Crowd para Shopify","h1_caption":"Muestre rese\u00f1as de g2 para resaltar el \u00e9xito y la reputaci\u00f3n de su software entre los usuarios en su sitio web de Shopify sin esfuerzo.","application_category":[],"applications_title":"","applications_request_title":"","applications_request_button_text":"","hero_text":"","hero_video":"","hero_video_schema_markup":"","selling_points_title":"","selling_points_caption":"","selling_points":[],"selling_points_cta_text":"","features_title":"","features":"","ed_cta_examples_text":"","ed_cta_examples_hidden":"","ed_cta_demo_text":"","ed_cta_demo_hidden":"","why_caption":"","why_editor_title":"","why_editor_text":"","why_team_title":"","why_team_text":"","why_service_title":"","why_service_text":"","template_catalog_visible":"","template_catalog_title":"","template_catalog_text":"","template_catalog_categories_visible":"","demo_title":"Crea tu aplicaci\u00f3n G2 Crowd Reviews","demo_caption":"\u00a1Configura tus G2 Crowd Reviews y agr\u00e9galas a tu sitio web de Shopify gratis!","default_faq_hidden":"","app_template_category":[],"platform":"91","template_public_id":"","codecanyon_url":"","codecanyon_item_id":"","codecanyon_price":"","pricing_caption":"","pricing_elfsight_apps_hide_column":"","pricing_elfsight_apps_url":"","pricing_codecanyon_price_caption":"","integration_category":[],"integration_request_title":"","integration_request_cta":"","integration_platform":"","integrations":[],"platform_category":[],"video_schema_markup":"","price":"desde $0 \/ mes","trial":"","benefits":[{"text":"Servicio de instalaci\u00f3n gratuito"},{"text":"Soporte premium"},{"text":"Garant\u00eda de devoluci\u00f3n de dinero de 14 d\u00edas"},{"text":"Actualizaciones gratuitas continuas"}],"button_url":"#demo","button_target_blank":"","button_nofollow":"","attributes":[{"name":"Instalaciones","content":"10,000 - 100,000"},{"name":"Sensible","content":"S\u00ed"},{"name":"Navegadores compatibles","content":"IE11, Firefox, Safari, Opera, Chrome, Edge"}],"tags":[],"tags_disable_links":"","hide_more_platforms":"","video_object":"","demo_hide_cta":"","demo_hide_cloud_options":"","pricing_title":"","pricing":[{"pricing_icon":"cloud","pricing_title":"Elfsight Apps","pricing_title_caption":"Versi\u00f3n multiplataforma que funciona en cualquier sitio web.","pricing_price":"desde $0 \/ mes","pricing_price_caption":"comienza con el plan gratuito","pricing_benefits":[{"text":"Sitios web ilimitados"},{"text":"Soporte premium"},{"text":"Servicio de instalaci\u00f3n gratuito"},{"text":"Oferta especial para m\u00faltiples aplicaciones."}],"pricing_button_text":"A\u00f1adir al sitio web","pricing_button_url":"#demo"}],"related_apps_title":"","related_apps_hidden":"","author":"","image":[],"title":"","job":"","social_networks":[]},"_links":{"self":[{"href":"https:\/\/elfsight.com\/es\/wp-json\/wp\/v2\/pages\/8034","targetHints":{"allow":["GET"]}}],"collection":[{"href":"https:\/\/elfsight.com\/es\/wp-json\/wp\/v2\/pages"}],"about":[{"href":"https:\/\/elfsight.com\/es\/wp-json\/wp\/v2\/types\/page"}],"author":[{"embeddable":true,"href":"https:\/\/elfsight.com\/es\/wp-json\/wp\/v2\/users\/9"}],"replies":[{"embeddable":true,"href":"https:\/\/elfsight.com\/es\/wp-json\/wp\/v2\/comments?post=8034"}],"version-history":[{"count":2,"href":"https:\/\/elfsight.com\/es\/wp-json\/wp\/v2\/pages\/8034\/revisions"}],"predecessor-version":[{"id":18670,"href":"https:\/\/elfsight.com\/es\/wp-json\/wp\/v2\/pages\/8034\/revisions\/18670"}],"up":[{"embeddable":true,"href":"https:\/\/elfsight.com\/es\/wp-json\/wp\/v2\/pages\/864"}],"wp:attachment":[{"href":"https:\/\/elfsight.com\/es\/wp-json\/wp\/v2\/media?parent=8034"}],"curies":[{"name":"wp","href":"https:\/\/api.w.org\/{rel}","templated":true}]}}