{"id":8019,"date":"1970-01-01T00:00:00","date_gmt":"1970-01-01T00:00:00","guid":{"rendered":"https:\/\/elfsight.com\/es\/?page_id=8019"},"modified":"2025-02-06T15:42:32","modified_gmt":"2025-02-06T15:42:32","slug":"joomla","status":"publish","type":"page","link":"https:\/\/elfsight.com\/es\/g2-crowd-reviews-widget\/joomla\/","title":{"rendered":"G2 Crowd Reviews &#8211; Joomla"},"content":{"rendered":"<div class=\"application-platform-content-item-description application-platform-content-item\" id=\"description\" data-nav-section=\"description\"><h2>Descripci\u00f3n<\/h2> <p>Elfsight G2 Reviews es la forma m\u00e1s c\u00f3moda de mejorar la reputaci\u00f3n de su empresa mostrando opiniones de usuarios reales sobre sus servicios. Publique solo los mejores comentarios o los m\u00e1s significativos y organ\u00edcelos exactamente como desee. Re\u00fana pruebas sociales demostrando a los visitantes de su sitio web que tiene un buen nivel de confianza. \u00a1Ayude a los usuarios a agregar m\u00e1s comentarios sobre sus ofertas y servicios y fomente las comunicaciones de los usuarios! <\/p><p><b>Agregue rese\u00f1as de G2 Crowd en su sitio sin esfuerzo y en poco tiempo<\/b><\/p><\/div><div class=\"application-platform-content-item-features application-platform-content-item\" id=\"features\" data-nav-section=\"features\"><h2>Caracter\u00edsticas<\/h2> <p>Para dar forma a una percepci\u00f3n clara de la extensi\u00f3n G2 Crowd, consulte la lista de las funciones principales. Hacen que nuestro widget sea realmente beneficioso para su sitio web: <\/p><ul> <li>Tres filtros predefinidos: por tipo, excluir por y la cantidad de rese\u00f1as a mostrar; <\/li><li>Cuatro dise\u00f1os disponibles: Lista, Cuadr\u00edcula, Mamposter\u00eda y Control deslizante; <\/li><li>Una oportunidad para activar\/desactivar el encabezado de extensi\u00f3n; <\/li><li>El bot\u00f3n para solicitar una revisi\u00f3n lleva a las personas a su cuenta G2; <\/li><li>Seis elementos flexibles de las rese\u00f1as: el nombre del autor y la foto, el texto de la recomendaci\u00f3n, la fecha de salida, el \u00edcono G2 y la calificaci\u00f3n de estrellas; <\/li><li>Dos variantes de escenarios de rechazo de solicitud de revisi\u00f3n: mostrar su texto u ocultar el bot\u00f3n. <\/li><\/ul><p><a href=\"#demo\"> La demostraci\u00f3n en vivo le mostrar\u00e1 m\u00e1s funciones<\/a><\/p><\/div><div class=\"application-platform-content-item-installation application-platform-content-item\" id=\"installation\" data-nav-section=\"installation\"><h2>C\u00f3mo agregar G2 Crowd Reviews al sitio web de Joomla<\/h2><p>Simplemente siga varios pasos que se detallan a continuaci\u00f3n para activar la extensi\u00f3n en Joomla.<\/p> <ol><li><b>Inicie nuestro editor gratuito y comience a crear su extensi\u00f3n G2 Crowd Reviews personalizada. <\/b><br> Elija el aspecto y la funcionalidad deseados de la herramienta y aplique las ediciones. <\/li> <li><b>Adquiera el c\u00f3digo \u00fanico que aparece en el cuadro de Elfsight Apps. <\/b><br> Tan pronto como finalice la configuraci\u00f3n de su widget, copie el c\u00f3digo exclusivo de la ventana que aparece y gu\u00e1rdelo para usarlo en el futuro. <\/li> <li><b>Comience a usar la extensi\u00f3n en el sitio web Joomla. <\/b><br>Incrusta el c\u00f3digo que has copiado recientemente en tu p\u00e1gina y guarda los ajustes. <\/li> <li><b>\u00a1Ya terminaste! La incrustaci\u00f3n est\u00e1 totalmente realizada. <\/b><br> Vaya a su sitio para ver c\u00f3mo funciona la herramienta. <\/li><\/ol><p>\u00bfA\u00fan no est\u00e1s seguro? \u00bfO tienes preguntas que hacer? Simplemente escriba una solicitud a nuestro equipo de atenci\u00f3n al cliente, ellos resolver\u00e1n cualquier asunto. <\/p><div class=\"faq\" data-component=\"FAQ\"> <div class=\"faq-item\">\r\n\t\t\t\t\t<div class=\"faq-item-question\">\r\n\t\t\t\t\t\t<h3 class=\"faq-item-question-text\">\u00bfC\u00f3mo puedo agregar G2 Reviews a mi sitio web Joomla sin conocimientos de codificaci\u00f3n?<\/h3>\r\n\r\n\t\t\t\t\t\t<div class=\"faq-item-question-icon\"><\/div>\r\n\t\t\t\t\t<\/div>\r\n\r\n\t\t\t\t\t<div class=\"faq-item-answer\">\r\n\t\t\t\t\t\t<div class=\"faq-item-answer-text\"> <p>Elfsight proporciona una soluci\u00f3n SaaS que le permite crear un widget G2 Reviews usted mismo. Vea lo f\u00e1cil que es el proceso: trabaje directamente en el editor en l\u00ednea para crear un widget G2 Reviews que le gustar\u00eda ver en su sitio web Joomla. Elija una de las plantillas predise\u00f1adas y ajuste la configuraci\u00f3n de G2 Reviews, agregue su contenido, cambie el dise\u00f1o y la combinaci\u00f3n de colores sin conocimientos de codificaci\u00f3n. Guarde las rese\u00f1as de G2 y copie su c\u00f3digo de instalaci\u00f3n, que puede simplemente incluir en su sitio web Joomla sin necesidad de comprar un plan pago. Con nuestro editor intuitivo, cualquier usuario de Internet puede crear un widget de G2 Reviews en l\u00ednea e incrustarlo f\u00e1cilmente en su sitio web Joomla. No es necesario pagar ni ingresar las credenciales de su tarjeta para acceder al servicio. Si tiene alg\u00fan problema en cualquier paso, no dude en ponerse en contacto con nuestro equipo de soporte t\u00e9cnico.<\/p> <\/div>\r\n\t\t\t\t\t<\/div>\r\n\t\t\t\t<\/div> <\/div> <\/div><p><\/p>","protected":false},"excerpt":{"rendered":"","protected":false},"author":9,"featured_media":0,"parent":864,"menu_order":0,"comment_status":"closed","ping_status":"closed","template":"templates\/template-application-platform.php","meta":{"publish_to_discourse":"","publish_post_category":"","wpdc_auto_publish_overridden":"","wpdc_topic_tags":"","wpdc_pin_topic":"","wpdc_pin_until":"","discourse_post_id":"","discourse_permalink":"","wpdc_publishing_response":"","wpdc_publishing_error":"","footnotes":""},"class_list":["post-8019","page","type-page","status-publish","hentry"],"yoast_head":"<!-- This site is optimized with the Yoast SEO plugin v25.3.1 - https:\/\/yoast.com\/wordpress\/plugins\/seo\/ -->\n<title>Incruste G2 Crowd Reviews en el sitio web Joomla (gratis y r\u00e1pido)<\/title>\n<meta name=\"description\" content=\"Esta es una oportunidad para dise\u00f1ar la extensi\u00f3n G2 Crowd Reviews y mostrarla en su sitio web Joomla. Obtenga servicio al cliente gratuito y otras bonificaciones de Elfsight.\" \/>\n<meta name=\"robots\" content=\"index, follow, max-snippet:-1, max-image-preview:large, max-video-preview:-1\" \/>\n<link rel=\"canonical\" href=\"https:\/\/elfsight.com\/es\/g2-crowd-reviews-widget\/joomla\/\" \/>\n<meta property=\"og:locale\" content=\"es_ES\" \/>\n<meta property=\"og:type\" content=\"article\" \/>\n<meta property=\"og:title\" content=\"Incruste G2 Crowd Reviews en el sitio web Joomla (gratis y r\u00e1pido)\" \/>\n<meta property=\"og:description\" content=\"Esta es una oportunidad para dise\u00f1ar la extensi\u00f3n G2 Crowd Reviews y mostrarla en su sitio web Joomla. Obtenga servicio al cliente gratuito y otras bonificaciones de Elfsight.\" \/>\n<meta property=\"og:url\" content=\"https:\/\/elfsight.com\/es\/g2-crowd-reviews-widget\/joomla\/\" \/>\n<meta property=\"og:site_name\" content=\"Elfsight ES\" \/>\n<meta property=\"article:modified_time\" content=\"2025-02-06T15:42:32+00:00\" \/>\n<meta name=\"twitter:card\" content=\"summary_large_image\" \/>\n<meta name=\"twitter:label1\" content=\"Tiempo de lectura\" \/>\n\t<meta name=\"twitter:data1\" content=\"3 minutos\" \/>\n<!-- \/ Yoast SEO plugin. -->","yoast_head_json":{"title":"Incruste G2 Crowd Reviews en el sitio web Joomla (gratis y r\u00e1pido)","description":"Esta es una oportunidad para dise\u00f1ar la extensi\u00f3n G2 Crowd Reviews y mostrarla en su sitio web Joomla. Obtenga servicio al cliente gratuito y otras bonificaciones de Elfsight.","robots":{"index":"index","follow":"follow","max-snippet":"max-snippet:-1","max-image-preview":"max-image-preview:large","max-video-preview":"max-video-preview:-1"},"canonical":"https:\/\/elfsight.com\/es\/g2-crowd-reviews-widget\/joomla\/","og_locale":"es_ES","og_type":"article","og_title":"Incruste G2 Crowd Reviews en el sitio web Joomla (gratis y r\u00e1pido)","og_description":"Esta es una oportunidad para dise\u00f1ar la extensi\u00f3n G2 Crowd Reviews y mostrarla en su sitio web Joomla. Obtenga servicio al cliente gratuito y otras bonificaciones de Elfsight.","og_url":"https:\/\/elfsight.com\/es\/g2-crowd-reviews-widget\/joomla\/","og_site_name":"Elfsight ES","article_modified_time":"2025-02-06T15:42:32+00:00","twitter_card":"summary_large_image","twitter_misc":{"Tiempo de lectura":"3 minutos"},"schema":{"@context":"https:\/\/schema.org","@graph":[{"@type":"WebPage","@id":"https:\/\/elfsight.com\/es\/g2-crowd-reviews-widget\/joomla\/","url":"https:\/\/elfsight.com\/es\/g2-crowd-reviews-widget\/joomla\/","name":"Incruste G2 Crowd Reviews en el sitio web Joomla (gratis y r\u00e1pido)","isPartOf":{"@id":"https:\/\/elfsight.com\/es\/#website"},"datePublished":"1970-01-01T00:00:00+00:00","dateModified":"2025-02-06T15:42:32+00:00","description":"Esta es una oportunidad para dise\u00f1ar la extensi\u00f3n G2 Crowd Reviews y mostrarla en su sitio web Joomla. Obtenga servicio al cliente gratuito y otras bonificaciones de Elfsight.","breadcrumb":{"@id":"https:\/\/elfsight.com\/es\/g2-crowd-reviews-widget\/joomla\/#breadcrumb"},"inLanguage":"es","potentialAction":[{"@type":"ReadAction","target":["https:\/\/elfsight.com\/es\/g2-crowd-reviews-widget\/joomla\/"]}]},{"@type":"BreadcrumbList","@id":"https:\/\/elfsight.com\/es\/g2-crowd-reviews-widget\/joomla\/#breadcrumb","itemListElement":[{"@type":"ListItem","position":1,"name":"Home","item":"https:\/\/elfsight.com\/es\/"},{"@type":"ListItem","position":2,"name":"G2 Crowd Reviews","item":"https:\/\/elfsight.com\/es\/g2-crowd-reviews-widget\/"},{"@type":"ListItem","position":3,"name":"G2 Crowd Reviews &#8211; Joomla"}]},{"@type":"WebSite","@id":"https:\/\/elfsight.com\/es\/#website","url":"https:\/\/elfsight.com\/es\/","name":"Elfsight ES","description":"Just another Elfsight Sites site","potentialAction":[{"@type":"SearchAction","target":{"@type":"EntryPoint","urlTemplate":"https:\/\/elfsight.com\/es\/?s={search_term_string}"},"query-input":{"@type":"PropertyValueSpecification","valueRequired":true,"valueName":"search_term_string"}}],"inLanguage":"es"}]}},"meta_box":{"industry":"","seo_heading":"","heading":"","description":"","cta_heading":"","cta_description":"","application":"863","h1":"Rese\u00f1as de G2 Crowd para Joomla","h1_caption":"Muestre rese\u00f1as de g2 para resaltar el \u00e9xito y la reputaci\u00f3n de su software entre los usuarios en su sitio web Joomla sin esfuerzo.","application_category":[],"applications_title":"","applications_request_title":"","applications_request_button_text":"","hero_text":"","hero_video":"","hero_video_schema_markup":"","selling_points_title":"","selling_points_caption":"","selling_points":[],"selling_points_cta_text":"","features_title":"","features":"","ed_cta_examples_text":"","ed_cta_examples_hidden":"","ed_cta_demo_text":"","ed_cta_demo_hidden":"","why_caption":"","why_editor_title":"","why_editor_text":"","why_team_title":"","why_team_text":"","why_service_title":"","why_service_text":"","template_catalog_visible":"","template_catalog_title":"","template_catalog_text":"","template_catalog_categories_visible":"","demo_title":"Crea tu complemento G2 Crowd Reviews","demo_caption":"Configure sus G2 Crowd Reviews y agr\u00e9guelo a su sitio web Joomla de forma gratuita.","default_faq_hidden":"","app_template_category":[],"platform":"73","template_public_id":"","codecanyon_url":"","codecanyon_item_id":"","codecanyon_price":"","pricing_caption":"","pricing_elfsight_apps_hide_column":"","pricing_elfsight_apps_url":"","pricing_codecanyon_price_caption":"","integration_category":[],"integration_request_title":"","integration_request_cta":"","integration_platform":"","integrations":[],"platform_category":[],"video_schema_markup":"","price":"desde $0 \/ mes","trial":"","benefits":[{"text":"Ayuda de instalaci\u00f3n gratuita"},{"text":"Soporte excepcional"},{"text":"Garant\u00eda de reembolso de 14 d\u00edas"},{"text":"Mejoras futuras"}],"button_url":"#demo","button_target_blank":"","button_nofollow":"","attributes":[{"name":"Instalaciones","content":"10,000 - 100,000"},{"name":"Sensible","content":"S\u00ed"},{"name":"Navegadores compatibles","content":"IE11, Firefox, Safari, Opera, Chrome, Edge"}],"tags":[],"tags_disable_links":"","hide_more_platforms":"","video_object":"","demo_hide_cta":"","demo_hide_cloud_options":"","pricing_title":"","pricing":[{"pricing_icon":"platform","pricing_title":"Elfsight Apps","pricing_title_caption":"Software independiente de la plataforma que se adapta a cualquier sitio","pricing_price":"desde $0 \/ mes","pricing_price_caption":"comienza con el plan gratuito","pricing_benefits":[{"text":"Dominios ilimitados"},{"text":"Soporte r\u00e1pido de la empresa y bien documentado."},{"text":"Ayuda de instalaci\u00f3n gratuita"},{"text":"Gran oferta para m\u00faltiples aplicaciones"}],"pricing_button_text":"A\u00f1adir al sitio web","pricing_button_url":"#demo"}],"related_apps_title":"","related_apps_hidden":"","author":"","image":[],"title":"","job":"","social_networks":[]},"_links":{"self":[{"href":"https:\/\/elfsight.com\/es\/wp-json\/wp\/v2\/pages\/8019","targetHints":{"allow":["GET"]}}],"collection":[{"href":"https:\/\/elfsight.com\/es\/wp-json\/wp\/v2\/pages"}],"about":[{"href":"https:\/\/elfsight.com\/es\/wp-json\/wp\/v2\/types\/page"}],"author":[{"embeddable":true,"href":"https:\/\/elfsight.com\/es\/wp-json\/wp\/v2\/users\/9"}],"replies":[{"embeddable":true,"href":"https:\/\/elfsight.com\/es\/wp-json\/wp\/v2\/comments?post=8019"}],"version-history":[{"count":2,"href":"https:\/\/elfsight.com\/es\/wp-json\/wp\/v2\/pages\/8019\/revisions"}],"predecessor-version":[{"id":18677,"href":"https:\/\/elfsight.com\/es\/wp-json\/wp\/v2\/pages\/8019\/revisions\/18677"}],"up":[{"embeddable":true,"href":"https:\/\/elfsight.com\/es\/wp-json\/wp\/v2\/pages\/864"}],"wp:attachment":[{"href":"https:\/\/elfsight.com\/es\/wp-json\/wp\/v2\/media?parent=8019"}],"curies":[{"name":"wp","href":"https:\/\/api.w.org\/{rel}","templated":true}]}}