{"id":8018,"date":"1970-01-01T00:00:00","date_gmt":"1970-01-01T00:00:00","guid":{"rendered":"https:\/\/elfsight.com\/es\/?page_id=8018"},"modified":"2025-02-06T15:42:42","modified_gmt":"2025-02-06T15:42:42","slug":"jimdo","status":"publish","type":"page","link":"https:\/\/elfsight.com\/es\/g2-crowd-reviews-widget\/jimdo\/","title":{"rendered":"G2 Crowd Reviews &#8211; Jimdo"},"content":{"rendered":"<div class=\"application-platform-content-item-description application-platform-content-item\" id=\"description\" data-nav-section=\"description\"> <h2>Descripci\u00f3n<\/h2> <p>G2 Crowd Reviews es un pr\u00e1ctico widget que le ofrece la posibilidad de revelar las rese\u00f1as de sus ofertas directamente en su sitio desde todos los sitios de rese\u00f1as de buena reputaci\u00f3n. Con la ayuda de nuestro widget, podr\u00e1 aplicar filtros para ocultar las rese\u00f1as no deseadas, mostrar su calificaci\u00f3n de estrellas y de n\u00fameros directamente desde su p\u00e1gina en cualquier sitio web de rese\u00f1as, agregar informaci\u00f3n sobre los autores de las rese\u00f1as y adjuntar un bot\u00f3n de CTA que motivar\u00e1 a los visitantes a escribir sus pensamientos. El widget G2 Crowd Reviews lo impulsar\u00e1 a mostrar su maravillosa prueba social directamente en la p\u00e1gina web y comenzar a obtener m\u00e1s ventas nuevas. <\/p> <p><b>\u00a1Utilice G2 Crowd Reviews para lograr sus objetivos de comercio electr\u00f3nico de manera m\u00e1s eficiente! <\/b><\/p> <\/div> <div class=\"application-platform-content-item-features application-platform-content-item\" id=\"features\" data-nav-section=\"features\"> <h2>A continuaci\u00f3n encontrar\u00e1 las caracter\u00edsticas clave del widget: <\/h2> <ul><li>Insertar rese\u00f1as de clientes de la cuenta de G2 Crowd<\/li><li>Tres tipos de filtros: por tipo, cantidad de rese\u00f1as y exclusi\u00f3n por<\/li><li>Cuatro tipos de dise\u00f1o: control deslizante, mamposter\u00eda, lista y Cuadr\u00edcula<\/li><li>arrastra los tipos de navegaci\u00f3n y flechas en el dise\u00f1o del control deslizante<\/li><li>Establece la velocidad de reproducci\u00f3n autom\u00e1tica y la velocidad de diapositivas<\/li><li>Selecciona el tipo de paginaci\u00f3n en el dise\u00f1o del control deslizante<\/li><li>Bot\u00f3n de llamada a la acci\u00f3n para obtener rese\u00f1as de nuevos usuarios en la p\u00e1gina de G2 Crowd<\/li><li>Tres plantillas de rese\u00f1as: Cl\u00e1sica, Burbuja, Destacada<\/li><li>6 elementos flexibles de las rese\u00f1as: \u00edcono y foto de G2 Crowd, recomendaci\u00f3n, calificaci\u00f3n de estrellas, fecha y nombre del autor<\/li><li>Un opci\u00f3n para cambiar el tama\u00f1o de fuente del texto de la rese\u00f1a<\/li><\/ul><p><a href=\"#demo\">Puedes ver cu\u00e1nto vale el widget con la ayuda de la demostraci\u00f3n<\/a><\/p> <\/div> <div class=\"application-platform-content-item-installation application-platform-content-item\" id=\"installation\" data-nav-section=\"installation\"> <h2>\u00bfC\u00f3mo incrustar G2 Crowd Reviews en mi sitio web Jimdo? <\/h2> <p>Simplemente siga las pautas a continuaci\u00f3n para insertar la herramienta. <\/p> <ol><li><b>Realiza nuestra demostraci\u00f3n gratuita y comienza a darle forma a tu widget personalizado. <\/b><br> Elija el aspecto y los par\u00e1metros preferidos del widget y guarde las ediciones. <\/li> <li><b>Adquiera el c\u00f3digo personal revelado en el formulario especial en Elfsight Apps. <\/b><br> Tan pronto como se complete la configuraci\u00f3n de su widget, copie el c\u00f3digo personal en el cuadro y gu\u00e1rdelo para su uso posterior. <\/li> <li><b>Inicia el uso del widget en tu p\u00e1gina web Jimdo. <\/b><br>Integra el c\u00f3digo que has copiado recientemente en tu sitio web y guarda las mejoras. <\/li> <li><b>La instalaci\u00f3n se realiz\u00f3 correctamente. <\/b><br> Vaya a su sitio para observar c\u00f3mo funciona la herramienta. <\/li><\/ol> <p>En caso de que tenga consultas o tenga alg\u00fan problema, no dude en comunicarse con nuestro equipo de soporte. Nuestra gente estar\u00e1 encantada de resolver todas las dudas que puedas tener con el widget. <\/p> <div class=\"faq\" data-component=\"FAQ\"> <div class=\"faq-item\">\r\n\t\t\t\t\t<div class=\"faq-item-question\">\r\n\t\t\t\t\t\t<h3 class=\"faq-item-question-text\">\u00bfC\u00f3mo puedo a\u00f1adir G2 Reviews a mi sitio web Jimdo sin conocimientos de codificaci\u00f3n?<\/h3>\r\n\r\n\t\t\t\t\t\t<div class=\"faq-item-question-icon\"><\/div>\r\n\t\t\t\t\t<\/div>\r\n\r\n\t\t\t\t\t<div class=\"faq-item-answer\">\r\n\t\t\t\t\t\t<div class=\"faq-item-answer-text\"> <p>Elfsight proporciona una soluci\u00f3n SaaS que te permite crear un widget G2 Reviews t\u00fa mismo. Mira lo f\u00e1cil que es el proceso: trabaja directamente en el editor en l\u00ednea para crear un widget G2 Reviews que te gustar\u00eda ver en tu sitio web Jimdo. Elija una de las plantillas predise\u00f1adas y ajuste la configuraci\u00f3n de G2 Reviews, agregue su contenido, cambie el dise\u00f1o y la combinaci\u00f3n de colores sin conocimientos de codificaci\u00f3n. Guarda las rese\u00f1as de G2 y copia su c\u00f3digo de instalaci\u00f3n, que podr\u00e1s pegar f\u00e1cilmente en tu sitio web Jimdo sin comprar una suscripci\u00f3n paga. Con nuestro intuitivo editor, cualquier usuario de Internet puede crear un widget de G2 Reviews online e incrustarlo f\u00e1cilmente en su sitio web Jimdo. No es necesario pagar ni ingresar las credenciales de su tarjeta para acceder al servicio. Si tiene alg\u00fan problema en cualquier paso, no dude en ponerse en contacto con nuestro equipo de soporte t\u00e9cnico.<\/p> <\/div>\r\n\t\t\t\t\t<\/div>\r\n\t\t\t\t<\/div> <\/div> <\/div>","protected":false},"excerpt":{"rendered":"","protected":false},"author":9,"featured_media":0,"parent":864,"menu_order":0,"comment_status":"closed","ping_status":"closed","template":"templates\/template-application-platform.php","meta":{"publish_to_discourse":"","publish_post_category":"","wpdc_auto_publish_overridden":"","wpdc_topic_tags":"","wpdc_pin_topic":"","wpdc_pin_until":"","discourse_post_id":"","discourse_permalink":"","wpdc_publishing_response":"","wpdc_publishing_error":"","footnotes":""},"class_list":["post-8018","page","type-page","status-publish","hentry"],"yoast_head":"<!-- This site is optimized with the Yoast SEO plugin v25.3.1 - https:\/\/yoast.com\/wordpress\/plugins\/seo\/ -->\n<title>Insertar G2 Crowd Reviews en el sitio web de Jimdo (gratis y r\u00e1pido)<\/title>\n<meta name=\"description\" content=\"Con Elfsight, crea tu widget G2 Crowd Reviews e ins\u00e9rtalo en tu sitio web Jimdo en poco tiempo. Contamos con atenci\u00f3n al cliente gratuita y m\u00e1s bonos.\" \/>\n<meta name=\"robots\" content=\"index, follow, max-snippet:-1, max-image-preview:large, max-video-preview:-1\" \/>\n<link rel=\"canonical\" href=\"https:\/\/elfsight.com\/es\/g2-crowd-reviews-widget\/jimdo\/\" \/>\n<meta property=\"og:locale\" content=\"es_ES\" \/>\n<meta property=\"og:type\" content=\"article\" \/>\n<meta property=\"og:title\" content=\"Insertar G2 Crowd Reviews en el sitio web de Jimdo (gratis y r\u00e1pido)\" \/>\n<meta property=\"og:description\" content=\"Con Elfsight, crea tu widget G2 Crowd Reviews e ins\u00e9rtalo en tu sitio web Jimdo en poco tiempo. Contamos con atenci\u00f3n al cliente gratuita y m\u00e1s bonos.\" \/>\n<meta property=\"og:url\" content=\"https:\/\/elfsight.com\/es\/g2-crowd-reviews-widget\/jimdo\/\" \/>\n<meta property=\"og:site_name\" content=\"Elfsight ES\" \/>\n<meta property=\"article:modified_time\" content=\"2025-02-06T15:42:42+00:00\" \/>\n<meta name=\"twitter:card\" content=\"summary_large_image\" \/>\n<meta name=\"twitter:label1\" content=\"Tiempo de lectura\" \/>\n\t<meta name=\"twitter:data1\" content=\"4 minutos\" \/>\n<!-- \/ Yoast SEO plugin. -->","yoast_head_json":{"title":"Insertar G2 Crowd Reviews en el sitio web de Jimdo (gratis y r\u00e1pido)","description":"Con Elfsight, crea tu widget G2 Crowd Reviews e ins\u00e9rtalo en tu sitio web Jimdo en poco tiempo. Contamos con atenci\u00f3n al cliente gratuita y m\u00e1s bonos.","robots":{"index":"index","follow":"follow","max-snippet":"max-snippet:-1","max-image-preview":"max-image-preview:large","max-video-preview":"max-video-preview:-1"},"canonical":"https:\/\/elfsight.com\/es\/g2-crowd-reviews-widget\/jimdo\/","og_locale":"es_ES","og_type":"article","og_title":"Insertar G2 Crowd Reviews en el sitio web de Jimdo (gratis y r\u00e1pido)","og_description":"Con Elfsight, crea tu widget G2 Crowd Reviews e ins\u00e9rtalo en tu sitio web Jimdo en poco tiempo. Contamos con atenci\u00f3n al cliente gratuita y m\u00e1s bonos.","og_url":"https:\/\/elfsight.com\/es\/g2-crowd-reviews-widget\/jimdo\/","og_site_name":"Elfsight ES","article_modified_time":"2025-02-06T15:42:42+00:00","twitter_card":"summary_large_image","twitter_misc":{"Tiempo de lectura":"4 minutos"},"schema":{"@context":"https:\/\/schema.org","@graph":[{"@type":"WebPage","@id":"https:\/\/elfsight.com\/es\/g2-crowd-reviews-widget\/jimdo\/","url":"https:\/\/elfsight.com\/es\/g2-crowd-reviews-widget\/jimdo\/","name":"Insertar G2 Crowd Reviews en el sitio web de Jimdo (gratis y r\u00e1pido)","isPartOf":{"@id":"https:\/\/elfsight.com\/es\/#website"},"datePublished":"1970-01-01T00:00:00+00:00","dateModified":"2025-02-06T15:42:42+00:00","description":"Con Elfsight, crea tu widget G2 Crowd Reviews e ins\u00e9rtalo en tu sitio web Jimdo en poco tiempo. Contamos con atenci\u00f3n al cliente gratuita y m\u00e1s bonos.","breadcrumb":{"@id":"https:\/\/elfsight.com\/es\/g2-crowd-reviews-widget\/jimdo\/#breadcrumb"},"inLanguage":"es","potentialAction":[{"@type":"ReadAction","target":["https:\/\/elfsight.com\/es\/g2-crowd-reviews-widget\/jimdo\/"]}]},{"@type":"BreadcrumbList","@id":"https:\/\/elfsight.com\/es\/g2-crowd-reviews-widget\/jimdo\/#breadcrumb","itemListElement":[{"@type":"ListItem","position":1,"name":"Home","item":"https:\/\/elfsight.com\/es\/"},{"@type":"ListItem","position":2,"name":"G2 Crowd Reviews","item":"https:\/\/elfsight.com\/es\/g2-crowd-reviews-widget\/"},{"@type":"ListItem","position":3,"name":"G2 Crowd Reviews &#8211; Jimdo"}]},{"@type":"WebSite","@id":"https:\/\/elfsight.com\/es\/#website","url":"https:\/\/elfsight.com\/es\/","name":"Elfsight ES","description":"Just another Elfsight Sites site","potentialAction":[{"@type":"SearchAction","target":{"@type":"EntryPoint","urlTemplate":"https:\/\/elfsight.com\/es\/?s={search_term_string}"},"query-input":{"@type":"PropertyValueSpecification","valueRequired":true,"valueName":"search_term_string"}}],"inLanguage":"es"}]}},"meta_box":{"industry":"","seo_heading":"","heading":"","description":"","cta_heading":"","cta_description":"","application":"863","h1":"Rese\u00f1as de G2 Crowd sobre Jimdo","h1_caption":"Muestre rese\u00f1as de g2 para resaltar el \u00e9xito y la reputaci\u00f3n de su software entre los usuarios en su sitio web Jimdo sin esfuerzo.","application_category":[],"applications_title":"","applications_request_title":"","applications_request_button_text":"","hero_text":"","hero_video":"","hero_video_schema_markup":"","selling_points_title":"","selling_points_caption":"","selling_points":[],"selling_points_cta_text":"","features_title":"","features":"","ed_cta_examples_text":"","ed_cta_examples_hidden":"","ed_cta_demo_text":"","ed_cta_demo_hidden":"","why_caption":"","why_editor_title":"","why_editor_text":"","why_team_title":"","why_team_text":"","why_service_title":"","why_service_text":"","template_catalog_visible":"","template_catalog_title":"","template_catalog_text":"","template_catalog_categories_visible":"","demo_title":"Crea tu widget G2 Crowd Reviews","demo_caption":"\u00a1Configura tu G2 Crowd Reviews y a\u00f1\u00e1delo a tu sitio web Jimdo gratis!","default_faq_hidden":"","app_template_category":[],"platform":"2198","template_public_id":"","codecanyon_url":"","codecanyon_item_id":"","codecanyon_price":"","pricing_caption":"","pricing_elfsight_apps_hide_column":"","pricing_elfsight_apps_url":"","pricing_codecanyon_price_caption":"","integration_category":[],"integration_request_title":"","integration_request_cta":"","integration_platform":"","integrations":[],"platform_category":[],"video_schema_markup":"","price":"desde $0 \/ mes","trial":"","benefits":[{"text":"Servicio de instalaci\u00f3n gratuito"},{"text":"Servicio al cliente competente"},{"text":"Garant\u00eda de reembolso de 14 d\u00edas"},{"text":"Actualizaciones peri\u00f3dicas"}],"button_url":"#demo","button_target_blank":"","button_nofollow":"","attributes":[{"name":"Instalaciones","content":"10,000 - 100,000"},{"name":"Sensible","content":"S\u00ed"},{"name":"Navegadores compatibles","content":"Firefox, Safari, Opera, Chrome, Edge"}],"tags":[],"tags_disable_links":"","hide_more_platforms":"","video_object":"","demo_hide_cta":"","demo_hide_cloud_options":"","pricing_title":"","pricing":[{"pricing_icon":"platform","pricing_title":"Elfsight Apps","pricing_title_caption":"Versi\u00f3n multiplataforma que se adapta a cualquier sitio web","pricing_price":"desde $0 \/ mes","pricing_price_caption":"comienza con un plan gratuito","pricing_benefits":[{"text":"Sitios web ilimitados"},{"text":"Soporte 24 horas al d\u00eda, 7 d\u00edas a la semana, puntual y bien documentado."},{"text":"Asistencia de instalaci\u00f3n gratuita"},{"text":"Dise\u00f1o flexible"}],"pricing_button_text":"A\u00f1adir al sitio web","pricing_button_url":"#demo"}],"related_apps_title":"","related_apps_hidden":"","author":"","image":[],"title":"","job":"","social_networks":[]},"_links":{"self":[{"href":"https:\/\/elfsight.com\/es\/wp-json\/wp\/v2\/pages\/8018","targetHints":{"allow":["GET"]}}],"collection":[{"href":"https:\/\/elfsight.com\/es\/wp-json\/wp\/v2\/pages"}],"about":[{"href":"https:\/\/elfsight.com\/es\/wp-json\/wp\/v2\/types\/page"}],"author":[{"embeddable":true,"href":"https:\/\/elfsight.com\/es\/wp-json\/wp\/v2\/users\/9"}],"replies":[{"embeddable":true,"href":"https:\/\/elfsight.com\/es\/wp-json\/wp\/v2\/comments?post=8018"}],"version-history":[{"count":2,"href":"https:\/\/elfsight.com\/es\/wp-json\/wp\/v2\/pages\/8018\/revisions"}],"predecessor-version":[{"id":18678,"href":"https:\/\/elfsight.com\/es\/wp-json\/wp\/v2\/pages\/8018\/revisions\/18678"}],"up":[{"embeddable":true,"href":"https:\/\/elfsight.com\/es\/wp-json\/wp\/v2\/pages\/864"}],"wp:attachment":[{"href":"https:\/\/elfsight.com\/es\/wp-json\/wp\/v2\/media?parent=8018"}],"curies":[{"name":"wp","href":"https:\/\/api.w.org\/{rel}","templated":true}]}}