{"id":8011,"date":"1970-01-01T00:00:00","date_gmt":"1970-01-01T00:00:00","guid":{"rendered":"https:\/\/elfsight.com\/es\/?page_id=8011"},"modified":"2025-02-06T15:42:42","modified_gmt":"2025-02-06T15:42:42","slug":"google-sites","status":"publish","type":"page","link":"https:\/\/elfsight.com\/es\/g2-crowd-reviews-widget\/google-sites\/","title":{"rendered":"G2 Crowd Reviews &#8211; Google Sites"},"content":{"rendered":"<div class=\"application-platform-content-item-description application-platform-content-item\" id=\"description\" data-nav-section=\"description\"> <h2>Integre G2 Crowd Reviews en Google Sites con el widget Elfsight<\/h2> <p>Elfsight G2 Crowd Reviews para Google Sites es el m\u00e9todo m\u00e1s pr\u00e1ctico para mantener la reputaci\u00f3n de su marca mostrando rese\u00f1as de clientes reales en sus ofertas. Elija solo las rese\u00f1as positivas o las m\u00e1s atractivas y organ\u00edcelas como necesite. Recopile pruebas sociales demostrando a su audiencia que su nivel de credibilidad es alto. \u00a1Inspire a las personas a publicar nuevos comentarios sobre su empresa y fomente las comunicaciones con los clientes!<\/p> <p><b>\u00a1Agregue las mejores rese\u00f1as en cualquier p\u00e1gina de su sitio web!<\/b><\/p> <\/div> <div class=\"application-platform-content-item-features application-platform-content-item\" id=\"features\" data-nav-section=\"features\"> <h2>Estas son solo algunas de las numerosas funciones del widget: <\/h2> <ul> <li>3 filtros disponibles: por tipo, excluir por y cantidad de rese\u00f1as para espect\u00e1culo; <\/li><li>Cuatro dise\u00f1os disponibles: Lista, Cuadr\u00edcula, Mamposter\u00eda y Control deslizante; <\/li><li>Encabezado de widget adaptable; <\/li><li>El bot\u00f3n para solicitar una revisi\u00f3n lleva a los clientes a la p\u00e1gina de G2 Crowd; <\/li><li>Seis elementos intercambiables de la interfaz: nombre del autor y la imagen, texto de rese\u00f1a, fecha, signo de multitud G2 y calificaci\u00f3n de estrellas; <\/li><li>Dos posibles escenarios de rechazo de solicitud de revisi\u00f3n: mostrar su mensaje o eliminar el bot\u00f3n. <\/li><\/ul><p><a href=\"#demo\">Puedes probar todas las capacidades del widget en la demostraci\u00f3n de esta p\u00e1gina<\/a><\/p> <\/div> <div class=\"application-platform-content-item-installation application-platform-content-item\" id=\"installation\" data-nav-section=\"installation\"> <h2>\u00bfC\u00f3mo incorporo G2 Crowd Reviews en mi p\u00e1gina web de Google Sites? <\/h2> <p>Simplemente siga las pautas a continuaci\u00f3n para integrar el complemento. <\/p> <ol><li><b>Emplee nuestra demostraci\u00f3n gratuita y comience a crear su complemento personalizado. <\/b><br> Elija el dise\u00f1o y las caracter\u00edsticas funcionales adecuadas de la herramienta y aplique las modificaciones. <\/li> <li><b>Reciba su c\u00f3digo individual que aparece en el formulario especial en Elfsight Apps. <\/b><br> Inmediatamente despu\u00e9s de finalizar el establecimiento de su herramienta personal, copie el c\u00f3digo exclusivo en la ventana que aparece y gu\u00e1rdelo para futuras necesidades. <\/li> <li><b>Inicie la aplicaci\u00f3n de la herramienta en su p\u00e1gina web de Google Sites. <\/b><br> <\/li><li>Inserte el c\u00f3digo copiado anteriormente en su p\u00e1gina web y guarde las ediciones. <\/li> <li><b>\u00a1Ya terminaste! La integraci\u00f3n se realiza con \u00e9xito. <\/b><br>Visite su sitio web para ver en acci\u00f3n el funcionamiento del complemento. <\/li><\/ol> <div class=\"tip-yellow tip\"><b>Debido a las peculiaridades del trabajo de Google Sites, el widget puede tener un aspecto diferente al de la demostraci\u00f3n en l\u00ednea. Nos disculpamos por cualquier inconveniente causado.<\/b><\/div><p>Si tiene alguna complicaci\u00f3n, no dude en ponerse en contacto con nuestro personal de soporte. Nuestra gente est\u00e1 ansiosa por ayudarlo con todas las preguntas que pueda tener sobre la herramienta. <\/p><div class=\"faq\" data-component=\"FAQ\"> <div class=\"faq-item\">\r\n\t\t\t\t\t<div class=\"faq-item-question\">\r\n\t\t\t\t\t\t<h3 class=\"faq-item-question-text\">\u00bfC\u00f3mo puedo agregar G2 Reviews a mi sitio web de Google Sites sin conocimientos de codificaci\u00f3n?<\/h3>\r\n\r\n\t\t\t\t\t\t<div class=\"faq-item-question-icon\"><\/div>\r\n\t\t\t\t\t<\/div>\r\n\r\n\t\t\t\t\t<div class=\"faq-item-answer\">\r\n\t\t\t\t\t\t<div class=\"faq-item-answer-text\"> <p>Elfsight proporciona una soluci\u00f3n SaaS que le permite crear un widget de G2 Reviews usted mismo. Vea lo f\u00e1cil que es el proceso: trabaje directamente en el editor en l\u00ednea para crear un widget de G2 Reviews que le gustar\u00eda ver en su sitio web de Google Sites. Elija una de las plantillas predise\u00f1adas y ajuste la configuraci\u00f3n de G2 Reviews, agregue su contenido, cambie el dise\u00f1o y los colores sin conocimientos de codificaci\u00f3n. Guarde las Rese\u00f1as de G2 y copie su c\u00f3digo de instalaci\u00f3n, que podr\u00e1 agregar f\u00e1cilmente en su sitio web de Google Sites sin necesidad de comprar una versi\u00f3n paga. Con nuestro editor intuitivo, cualquier usuario de Internet puede crear un widget de G2 Reviews en l\u00ednea e incrustarlo f\u00e1cilmente en su sitio web de Google Sites. No es necesario pagar ni ingresar las credenciales de su tarjeta para acceder al servicio. Si tiene alg\u00fan problema en cualquier paso, no dude en ponerse en contacto con nuestro equipo de soporte t\u00e9cnico.<\/p> <\/div>\r\n\t\t\t\t\t<\/div>\r\n\t\t\t\t<\/div> <\/div> <\/div>","protected":false},"excerpt":{"rendered":"","protected":false},"author":9,"featured_media":0,"parent":864,"menu_order":0,"comment_status":"closed","ping_status":"closed","template":"templates\/template-application-platform.php","meta":{"publish_to_discourse":"","publish_post_category":"","wpdc_auto_publish_overridden":"","wpdc_topic_tags":"","wpdc_pin_topic":"","wpdc_pin_until":"","discourse_post_id":"","discourse_permalink":"","wpdc_publishing_response":"","wpdc_publishing_error":"","footnotes":""},"class_list":["post-8011","page","type-page","status-publish","hentry"],"yoast_head":"<!-- This site is optimized with the Yoast SEO plugin v25.3.1 - https:\/\/yoast.com\/wordpress\/plugins\/seo\/ -->\n<title>G2 Crowd Reviews: agregue el widget de rese\u00f1as a Google Sites (2025)<\/title>\n<meta name=\"description\" content=\"Agregue un widget responsivo de G2 Crowd Reviews en su sitio web de Google Sites y obtenga plena confianza. Utilice la demostraci\u00f3n f\u00e1cil de usar de Elfsight para crear su herramienta \u00fanica.\" \/>\n<meta name=\"robots\" content=\"index, follow, max-snippet:-1, max-image-preview:large, max-video-preview:-1\" \/>\n<link rel=\"canonical\" href=\"https:\/\/elfsight.com\/es\/g2-crowd-reviews-widget\/google-sites\/\" \/>\n<meta property=\"og:locale\" content=\"es_ES\" \/>\n<meta property=\"og:type\" content=\"article\" \/>\n<meta property=\"og:title\" content=\"G2 Crowd Reviews: agregue el widget de rese\u00f1as a Google Sites (2025)\" \/>\n<meta property=\"og:description\" content=\"Agregue un widget responsivo de G2 Crowd Reviews en su sitio web de Google Sites y obtenga plena confianza. Utilice la demostraci\u00f3n f\u00e1cil de usar de Elfsight para crear su herramienta \u00fanica.\" \/>\n<meta property=\"og:url\" content=\"https:\/\/elfsight.com\/es\/g2-crowd-reviews-widget\/google-sites\/\" \/>\n<meta property=\"og:site_name\" content=\"Elfsight ES\" \/>\n<meta property=\"article:modified_time\" content=\"2025-02-06T15:42:42+00:00\" \/>\n<meta name=\"twitter:card\" content=\"summary_large_image\" \/>\n<meta name=\"twitter:label1\" content=\"Tiempo de lectura\" \/>\n\t<meta name=\"twitter:data1\" content=\"3 minutos\" \/>\n<!-- \/ Yoast SEO plugin. -->","yoast_head_json":{"title":"G2 Crowd Reviews: agregue el widget de rese\u00f1as a Google Sites (2025)","description":"Agregue un widget responsivo de G2 Crowd Reviews en su sitio web de Google Sites y obtenga plena confianza. Utilice la demostraci\u00f3n f\u00e1cil de usar de Elfsight para crear su herramienta \u00fanica.","robots":{"index":"index","follow":"follow","max-snippet":"max-snippet:-1","max-image-preview":"max-image-preview:large","max-video-preview":"max-video-preview:-1"},"canonical":"https:\/\/elfsight.com\/es\/g2-crowd-reviews-widget\/google-sites\/","og_locale":"es_ES","og_type":"article","og_title":"G2 Crowd Reviews: agregue el widget de rese\u00f1as a Google Sites (2025)","og_description":"Agregue un widget responsivo de G2 Crowd Reviews en su sitio web de Google Sites y obtenga plena confianza. Utilice la demostraci\u00f3n f\u00e1cil de usar de Elfsight para crear su herramienta \u00fanica.","og_url":"https:\/\/elfsight.com\/es\/g2-crowd-reviews-widget\/google-sites\/","og_site_name":"Elfsight ES","article_modified_time":"2025-02-06T15:42:42+00:00","twitter_card":"summary_large_image","twitter_misc":{"Tiempo de lectura":"3 minutos"},"schema":{"@context":"https:\/\/schema.org","@graph":[{"@type":"WebPage","@id":"https:\/\/elfsight.com\/es\/g2-crowd-reviews-widget\/google-sites\/","url":"https:\/\/elfsight.com\/es\/g2-crowd-reviews-widget\/google-sites\/","name":"G2 Crowd Reviews: agregue el widget de rese\u00f1as a Google Sites (2025)","isPartOf":{"@id":"https:\/\/elfsight.com\/es\/#website"},"datePublished":"1970-01-01T00:00:00+00:00","dateModified":"2025-02-06T15:42:42+00:00","description":"Agregue un widget responsivo de G2 Crowd Reviews en su sitio web de Google Sites y obtenga plena confianza. Utilice la demostraci\u00f3n f\u00e1cil de usar de Elfsight para crear su herramienta \u00fanica.","breadcrumb":{"@id":"https:\/\/elfsight.com\/es\/g2-crowd-reviews-widget\/google-sites\/#breadcrumb"},"inLanguage":"es","potentialAction":[{"@type":"ReadAction","target":["https:\/\/elfsight.com\/es\/g2-crowd-reviews-widget\/google-sites\/"]}]},{"@type":"BreadcrumbList","@id":"https:\/\/elfsight.com\/es\/g2-crowd-reviews-widget\/google-sites\/#breadcrumb","itemListElement":[{"@type":"ListItem","position":1,"name":"Home","item":"https:\/\/elfsight.com\/es\/"},{"@type":"ListItem","position":2,"name":"G2 Crowd Reviews","item":"https:\/\/elfsight.com\/es\/g2-crowd-reviews-widget\/"},{"@type":"ListItem","position":3,"name":"G2 Crowd Reviews &#8211; Google Sites"}]},{"@type":"WebSite","@id":"https:\/\/elfsight.com\/es\/#website","url":"https:\/\/elfsight.com\/es\/","name":"Elfsight ES","description":"Just another Elfsight Sites site","potentialAction":[{"@type":"SearchAction","target":{"@type":"EntryPoint","urlTemplate":"https:\/\/elfsight.com\/es\/?s={search_term_string}"},"query-input":{"@type":"PropertyValueSpecification","valueRequired":true,"valueName":"search_term_string"}}],"inLanguage":"es"}]}},"meta_box":{"industry":"","seo_heading":"","heading":"","description":"","cta_heading":"","cta_description":"","application":"863","h1":"Widget de rese\u00f1as colectivas de Google Sites G2","h1_caption":"Muestre rese\u00f1as de g2 para resaltar el \u00e9xito y la reputaci\u00f3n de su software entre los usuarios en sus sitios de Google sin esfuerzo.","application_category":[],"applications_title":"","applications_request_title":"","applications_request_button_text":"","hero_text":"","hero_video":"","hero_video_schema_markup":"","selling_points_title":"","selling_points_caption":"","selling_points":[],"selling_points_cta_text":"","features_title":"","features":"","ed_cta_examples_text":"","ed_cta_examples_hidden":"","ed_cta_demo_text":"","ed_cta_demo_hidden":"","why_caption":"","why_editor_title":"","why_editor_text":"","why_team_title":"","why_team_text":"","why_service_title":"","why_service_text":"","template_catalog_visible":"","template_catalog_title":"","template_catalog_text":"","template_catalog_categories_visible":"","demo_title":"Crea tu widget G2 Crowd Reviews","demo_caption":"\u00a1Configure su G2 Crowd Reviews y agr\u00e9guelo a su sitio web de Google Sites de forma gratuita!","default_faq_hidden":"","app_template_category":[],"platform":"67","template_public_id":"","codecanyon_url":"","codecanyon_item_id":"","codecanyon_price":"","pricing_caption":"","pricing_elfsight_apps_hide_column":"","pricing_elfsight_apps_url":"","pricing_codecanyon_price_caption":"","integration_category":[],"integration_request_title":"","integration_request_cta":"","integration_platform":"","integrations":[],"platform_category":[],"video_schema_markup":"","price":"desde $0 \/ mes","trial":"","benefits":[{"text":"Servicio de instalaci\u00f3n gratuito"},{"text":"Atenci\u00f3n al cliente experimentada"},{"text":"Garant\u00eda de devoluci\u00f3n de dinero de 14 d\u00edas"},{"text":"Mejoras continuas"}],"button_url":"#demo","button_target_blank":"","button_nofollow":"","attributes":[{"name":"Instalaciones","content":"10,000 - 100,000"},{"name":"Loading...","content":"Funciona y se ve perfectamente en m\u00f3viles."},{"name":"Navegadores compatibles","content":"Safari, Firefox, Chrome, Opera, Edge"}],"tags":[],"tags_disable_links":"","hide_more_platforms":"","video_object":"","demo_hide_cta":"","demo_hide_cloud_options":"","pricing_title":"","pricing":[{"pricing_icon":"platform","pricing_title":"Elfsight Apps","pricing_title_caption":"Soluci\u00f3n multiplataforma que se adapta a cualquier sitio web","pricing_price":"desde $0 \/ mes","pricing_price_caption":"comienza con el plan gratuito","pricing_benefits":[{"text":"N\u00famero ilimitado de sitios web"},{"text":"Soporte gratuito y puntual"},{"text":"Ayuda de instalaci\u00f3n gratuita"},{"text":"Precio especial para m\u00faltiples aplicaciones"}],"pricing_button_text":"A\u00f1adir al sitio web","pricing_button_url":"#demo"}],"related_apps_title":"","related_apps_hidden":"","author":"","image":[],"title":"","job":"","social_networks":[]},"_links":{"self":[{"href":"https:\/\/elfsight.com\/es\/wp-json\/wp\/v2\/pages\/8011","targetHints":{"allow":["GET"]}}],"collection":[{"href":"https:\/\/elfsight.com\/es\/wp-json\/wp\/v2\/pages"}],"about":[{"href":"https:\/\/elfsight.com\/es\/wp-json\/wp\/v2\/types\/page"}],"author":[{"embeddable":true,"href":"https:\/\/elfsight.com\/es\/wp-json\/wp\/v2\/users\/9"}],"replies":[{"embeddable":true,"href":"https:\/\/elfsight.com\/es\/wp-json\/wp\/v2\/comments?post=8011"}],"version-history":[{"count":2,"href":"https:\/\/elfsight.com\/es\/wp-json\/wp\/v2\/pages\/8011\/revisions"}],"predecessor-version":[{"id":18681,"href":"https:\/\/elfsight.com\/es\/wp-json\/wp\/v2\/pages\/8011\/revisions\/18681"}],"up":[{"embeddable":true,"href":"https:\/\/elfsight.com\/es\/wp-json\/wp\/v2\/pages\/864"}],"wp:attachment":[{"href":"https:\/\/elfsight.com\/es\/wp-json\/wp\/v2\/media?parent=8011"}],"curies":[{"name":"wp","href":"https:\/\/api.w.org\/{rel}","templated":true}]}}