{"id":8004,"date":"1970-01-01T00:00:00","date_gmt":"1970-01-01T00:00:00","guid":{"rendered":"https:\/\/elfsight.com\/es\/?page_id=8004"},"modified":"2025-02-06T15:42:50","modified_gmt":"2025-02-06T15:42:50","slug":"drupal","status":"publish","type":"page","link":"https:\/\/elfsight.com\/es\/g2-crowd-reviews-widget\/drupal\/","title":{"rendered":"G2 Crowd Reviews &#8211; Drupal"},"content":{"rendered":"<div class=\"application-platform-content-item-description application-platform-content-item\" id=\"description\" data-nav-section=\"description\"><h2>Descripci\u00f3n<\/h2> <p>Elfsight G2 Reviews es el m\u00e9todo m\u00e1s c\u00f3modo para contribuir a la reputaci\u00f3n de su empresa mostrando opiniones de clientes reales sobre sus productos. Elija s\u00f3lo los comentarios positivos o los m\u00e1s significativos y ord\u00e9nelos exactamente como necesite. Re\u00fana pruebas sociales demostrando a su audiencia que tiene credibilidad. \u00a1Inspire a los usuarios a publicar comentarios nuevos sobre su negocio y fomente las conversaciones con los clientes! <\/p><p><b>Eleve el nivel de confianza en su empresa utilizando las rese\u00f1as de G2 Crowd en su sitio web<\/b><\/p><\/div><div class=\"application-platform-content-item-features application-platform-content-item\" id=\"features\" data-nav-section=\"features\"><h2>Caracter\u00edsticas<\/h2> <p>Para tener una comprensi\u00f3n m\u00e1s clara del m\u00f3dulo, examine la lista de sus caracter\u00edsticas principales. Hacen que el widget sea incre\u00edblemente efectivo para usted: <\/p><ul> <li>Tres filtros disponibles: por tipo, excluir por y la cantidad de rese\u00f1as a mostrar; <\/li><li>4 dise\u00f1os disponibles: Lista, Cuadr\u00edcula, Mamposter\u00eda y Control deslizante; <\/li><li>Una oportunidad para mostrar u ocultar el encabezado del m\u00f3dulo; <\/li><li>El bot\u00f3n de solicitud de revisi\u00f3n lleva a los clientes a la cuenta G2; <\/li><li>Seis unidades intercambiables de la interfaz: el nombre del autor y la imagen, rese\u00f1a, fecha de uso compartido, \u00edcono G2 y calificaci\u00f3n de estrellas; <\/li><li>Dos opciones de escenarios de rechazo de solicitud de revisi\u00f3n: mostrar un texto u ocultar el bot\u00f3n. <\/li><\/ul><p><a href=\"#demo\">Para explorar una lista completa de funciones, consulte nuestra demostraci\u00f3n<\/a><\/p><\/div><div class=\"application-platform-content-item-installation application-platform-content-item\" id=\"installation\" data-nav-section=\"installation\"><h2>C\u00f3mo agregar G2 Crowd Reviews al sitio web de Drupal<\/h2><p>Simplemente siga los pasos que se indican a continuaci\u00f3n para integrar el m\u00f3dulo en Drupal.<\/p> <ol><li><b>Inicie nuestra demostraci\u00f3n gratuita y comience a construir su instrumento personalizado. <\/b><br>Elija la forma seleccionada y las opciones del m\u00f3dulo y guarde las modificaciones. <\/li> <li><b>Copia tu c\u00f3digo individual que se muestra en la ventana de Elfsight Apps. <\/b><br> Inmediatamente despu\u00e9s de finalizar la creaci\u00f3n de su m\u00f3dulo G2 Crowd Reviews, copie el c\u00f3digo exclusivo del cuadro que aparece y gu\u00e1rdelo para su uso posterior. <\/li> <li><b>Inicie el uso de la herramienta en su sitio web Drupal. <\/b><br> A\u00f1ade el c\u00f3digo copiado anteriormente en tu sitio web y aplica las modificaciones. <\/li> <li><b>La instalaci\u00f3n se realiz\u00f3 exitosamente. <\/b><br> Vaya a su sitio para observar el rendimiento de la herramienta. <\/li><\/ol><p>\u00bfA\u00fan dudas de algo? \u00bfO tienes consultas? Su solicitud a nuestro equipo de soporte le ayudar\u00e1 con cada problema. <\/p><div class=\"faq\" data-component=\"FAQ\"> <div class=\"faq-item\">\r\n\t\t\t\t\t<div class=\"faq-item-question\">\r\n\t\t\t\t\t\t<h3 class=\"faq-item-question-text\">\u00bfC\u00f3mo puedo agregar G2 Reviews a mi sitio web Drupal sin conocimientos de codificaci\u00f3n?<\/h3>\r\n\r\n\t\t\t\t\t\t<div class=\"faq-item-question-icon\"><\/div>\r\n\t\t\t\t\t<\/div>\r\n\r\n\t\t\t\t\t<div class=\"faq-item-answer\">\r\n\t\t\t\t\t\t<div class=\"faq-item-answer-text\"> <p>Elfsight proporciona una soluci\u00f3n SaaS que le permite crear un widget de G2 Reviews usted mismo. Vea lo f\u00e1cil que es el proceso: trabaje directamente en el editor en l\u00ednea para crear un widget de G2 Reviews que le gustar\u00eda ver en su sitio web Drupal. Elija una de las plantillas predise\u00f1adas y ajuste la configuraci\u00f3n de G2 Reviews, agregue su contenido, cambie el dise\u00f1o y los colores sin conocimientos de codificaci\u00f3n. Guarde las rese\u00f1as de G2 y copie su c\u00f3digo de instalaci\u00f3n, que puede incluir f\u00e1cilmente en su sitio web Drupal sin comprar una suscripci\u00f3n paga. Con nuestro editor intuitivo, cualquier usuario de Internet puede crear un widget de G2 Reviews en l\u00ednea e incrustarlo f\u00e1cilmente en su sitio web Drupal. No es necesario pagar ni ingresar las credenciales de su tarjeta para acceder al servicio. Si tiene alg\u00fan problema en cualquier paso, no dude en ponerse en contacto con nuestro equipo de soporte t\u00e9cnico.<\/p> <\/div>\r\n\t\t\t\t\t<\/div>\r\n\t\t\t\t<\/div> <\/div> <\/div>","protected":false},"excerpt":{"rendered":"","protected":false},"author":9,"featured_media":0,"parent":864,"menu_order":0,"comment_status":"closed","ping_status":"closed","template":"templates\/template-application-platform.php","meta":{"publish_to_discourse":"","publish_post_category":"","wpdc_auto_publish_overridden":"","wpdc_topic_tags":"","wpdc_pin_topic":"","wpdc_pin_until":"","discourse_post_id":"","discourse_permalink":"","wpdc_publishing_response":"","wpdc_publishing_error":"","footnotes":""},"class_list":["post-8004","page","type-page","status-publish","hentry"],"yoast_head":"<!-- This site is optimized with the Yoast SEO plugin v25.3.1 - https:\/\/yoast.com\/wordpress\/plugins\/seo\/ -->\n<title>Incruste G2 Crowd Reviews en el sitio web de Drupal (gratis y r\u00e1pido)<\/title>\n<meta name=\"description\" content=\"Aqu\u00ed existe la posibilidad de darle forma a un m\u00f3dulo G2 Crowd Reviews e incrustarlo en su sitio Drupal. Disfrute del servicio de atenci\u00f3n al cliente gratuito y otras bonificaciones de Elfsight.\" \/>\n<meta name=\"robots\" content=\"index, follow, max-snippet:-1, max-image-preview:large, max-video-preview:-1\" \/>\n<link rel=\"canonical\" href=\"https:\/\/elfsight.com\/es\/g2-crowd-reviews-widget\/drupal\/\" \/>\n<meta property=\"og:locale\" content=\"es_ES\" \/>\n<meta property=\"og:type\" content=\"article\" \/>\n<meta property=\"og:title\" content=\"Incruste G2 Crowd Reviews en el sitio web de Drupal (gratis y r\u00e1pido)\" \/>\n<meta property=\"og:description\" content=\"Aqu\u00ed existe la posibilidad de darle forma a un m\u00f3dulo G2 Crowd Reviews e incrustarlo en su sitio Drupal. Disfrute del servicio de atenci\u00f3n al cliente gratuito y otras bonificaciones de Elfsight.\" \/>\n<meta property=\"og:url\" content=\"https:\/\/elfsight.com\/es\/g2-crowd-reviews-widget\/drupal\/\" \/>\n<meta property=\"og:site_name\" content=\"Elfsight ES\" \/>\n<meta property=\"article:modified_time\" content=\"2025-02-06T15:42:50+00:00\" \/>\n<meta name=\"twitter:card\" content=\"summary_large_image\" \/>\n<meta name=\"twitter:label1\" content=\"Tiempo de lectura\" \/>\n\t<meta name=\"twitter:data1\" content=\"3 minutos\" \/>\n<!-- \/ Yoast SEO plugin. -->","yoast_head_json":{"title":"Incruste G2 Crowd Reviews en el sitio web de Drupal (gratis y r\u00e1pido)","description":"Aqu\u00ed existe la posibilidad de darle forma a un m\u00f3dulo G2 Crowd Reviews e incrustarlo en su sitio Drupal. Disfrute del servicio de atenci\u00f3n al cliente gratuito y otras bonificaciones de Elfsight.","robots":{"index":"index","follow":"follow","max-snippet":"max-snippet:-1","max-image-preview":"max-image-preview:large","max-video-preview":"max-video-preview:-1"},"canonical":"https:\/\/elfsight.com\/es\/g2-crowd-reviews-widget\/drupal\/","og_locale":"es_ES","og_type":"article","og_title":"Incruste G2 Crowd Reviews en el sitio web de Drupal (gratis y r\u00e1pido)","og_description":"Aqu\u00ed existe la posibilidad de darle forma a un m\u00f3dulo G2 Crowd Reviews e incrustarlo en su sitio Drupal. Disfrute del servicio de atenci\u00f3n al cliente gratuito y otras bonificaciones de Elfsight.","og_url":"https:\/\/elfsight.com\/es\/g2-crowd-reviews-widget\/drupal\/","og_site_name":"Elfsight ES","article_modified_time":"2025-02-06T15:42:50+00:00","twitter_card":"summary_large_image","twitter_misc":{"Tiempo de lectura":"3 minutos"},"schema":{"@context":"https:\/\/schema.org","@graph":[{"@type":"WebPage","@id":"https:\/\/elfsight.com\/es\/g2-crowd-reviews-widget\/drupal\/","url":"https:\/\/elfsight.com\/es\/g2-crowd-reviews-widget\/drupal\/","name":"Incruste G2 Crowd Reviews en el sitio web de Drupal (gratis y r\u00e1pido)","isPartOf":{"@id":"https:\/\/elfsight.com\/es\/#website"},"datePublished":"1970-01-01T00:00:00+00:00","dateModified":"2025-02-06T15:42:50+00:00","description":"Aqu\u00ed existe la posibilidad de darle forma a un m\u00f3dulo G2 Crowd Reviews e incrustarlo en su sitio Drupal. Disfrute del servicio de atenci\u00f3n al cliente gratuito y otras bonificaciones de Elfsight.","breadcrumb":{"@id":"https:\/\/elfsight.com\/es\/g2-crowd-reviews-widget\/drupal\/#breadcrumb"},"inLanguage":"es","potentialAction":[{"@type":"ReadAction","target":["https:\/\/elfsight.com\/es\/g2-crowd-reviews-widget\/drupal\/"]}]},{"@type":"BreadcrumbList","@id":"https:\/\/elfsight.com\/es\/g2-crowd-reviews-widget\/drupal\/#breadcrumb","itemListElement":[{"@type":"ListItem","position":1,"name":"Home","item":"https:\/\/elfsight.com\/es\/"},{"@type":"ListItem","position":2,"name":"G2 Crowd Reviews","item":"https:\/\/elfsight.com\/es\/g2-crowd-reviews-widget\/"},{"@type":"ListItem","position":3,"name":"G2 Crowd Reviews &#8211; Drupal"}]},{"@type":"WebSite","@id":"https:\/\/elfsight.com\/es\/#website","url":"https:\/\/elfsight.com\/es\/","name":"Elfsight ES","description":"Just another Elfsight Sites site","potentialAction":[{"@type":"SearchAction","target":{"@type":"EntryPoint","urlTemplate":"https:\/\/elfsight.com\/es\/?s={search_term_string}"},"query-input":{"@type":"PropertyValueSpecification","valueRequired":true,"valueName":"search_term_string"}}],"inLanguage":"es"}]}},"meta_box":{"industry":"","seo_heading":"","heading":"","description":"","cta_heading":"","cta_description":"","application":"863","h1":"Rese\u00f1as de G2 Crowd para Drupal","h1_caption":"Muestre rese\u00f1as de g2 para resaltar el \u00e9xito y la reputaci\u00f3n de su software entre los usuarios en su sitio web Drupal sin esfuerzo.","application_category":[],"applications_title":"","applications_request_title":"","applications_request_button_text":"","hero_text":"","hero_video":"","hero_video_schema_markup":"","selling_points_title":"","selling_points_caption":"","selling_points":[],"selling_points_cta_text":"","features_title":"","features":"","ed_cta_examples_text":"","ed_cta_examples_hidden":"","ed_cta_demo_text":"","ed_cta_demo_hidden":"","why_caption":"","why_editor_title":"","why_editor_text":"","why_team_title":"","why_team_text":"","why_service_title":"","why_service_text":"","template_catalog_visible":"","template_catalog_title":"","template_catalog_text":"","template_catalog_categories_visible":"","demo_title":"Crea tu m\u00f3dulo G2 Crowd Reviews","demo_caption":"\u00a1Configure sus G2 Crowd Reviews y agr\u00e9guelas a su sitio web Drupal de forma gratuita!","default_faq_hidden":"","app_template_category":[],"platform":"2161","template_public_id":"","codecanyon_url":"","codecanyon_item_id":"","codecanyon_price":"","pricing_caption":"","pricing_elfsight_apps_hide_column":"","pricing_elfsight_apps_url":"","pricing_codecanyon_price_caption":"","integration_category":[],"integration_request_title":"","integration_request_cta":"","integration_platform":"","integrations":[],"platform_category":[],"video_schema_markup":"","price":"desde $0 \/ mes","trial":"","benefits":[{"text":"Servicio de instalaci\u00f3n gratuito"},{"text":"Atenci\u00f3n al cliente eficaz"},{"text":"Garant\u00eda de devoluci\u00f3n de dinero de 14 d\u00edas"},{"text":"Actualizaciones futuras"}],"button_url":"#demo","button_target_blank":"","button_nofollow":"","attributes":[{"name":"Instalaciones","content":"10,000 - 100,000"},{"name":"Sensible","content":"S\u00ed"},{"name":"Navegadores compatibles","content":"IE11, Firefox, Safari, Opera, Chrome, Edge"}],"tags":[],"tags_disable_links":"","hide_more_platforms":"","video_object":"","demo_hide_cta":"","demo_hide_cloud_options":"","pricing_title":"","pricing":[{"pricing_icon":"platform","pricing_title":"Elfsight Apps","pricing_title_caption":"Versi\u00f3n multiplataforma que se adapta a cualquier sitio web.","pricing_price":"desde $0 \/ mes","pricing_price_caption":"comienza con el plan gratuito","pricing_benefits":[{"text":"Dominios ilimitados"},{"text":"Soporte r\u00e1pido, puntual y bien documentado."},{"text":"Servicio de instalaci\u00f3n gratuito"},{"text":"Oferta especial para m\u00faltiples aplicaciones"}],"pricing_button_text":"A\u00f1adir al sitio web","pricing_button_url":"#demo"}],"related_apps_title":"","related_apps_hidden":"","author":"","image":[],"title":"","job":"","social_networks":[]},"_links":{"self":[{"href":"https:\/\/elfsight.com\/es\/wp-json\/wp\/v2\/pages\/8004","targetHints":{"allow":["GET"]}}],"collection":[{"href":"https:\/\/elfsight.com\/es\/wp-json\/wp\/v2\/pages"}],"about":[{"href":"https:\/\/elfsight.com\/es\/wp-json\/wp\/v2\/types\/page"}],"author":[{"embeddable":true,"href":"https:\/\/elfsight.com\/es\/wp-json\/wp\/v2\/users\/9"}],"replies":[{"embeddable":true,"href":"https:\/\/elfsight.com\/es\/wp-json\/wp\/v2\/comments?post=8004"}],"version-history":[{"count":2,"href":"https:\/\/elfsight.com\/es\/wp-json\/wp\/v2\/pages\/8004\/revisions"}],"predecessor-version":[{"id":18684,"href":"https:\/\/elfsight.com\/es\/wp-json\/wp\/v2\/pages\/8004\/revisions\/18684"}],"up":[{"embeddable":true,"href":"https:\/\/elfsight.com\/es\/wp-json\/wp\/v2\/pages\/864"}],"wp:attachment":[{"href":"https:\/\/elfsight.com\/es\/wp-json\/wp\/v2\/media?parent=8004"}],"curies":[{"name":"wp","href":"https:\/\/api.w.org\/{rel}","templated":true}]}}