{"id":7994,"date":"1970-01-01T00:00:00","date_gmt":"1970-01-01T00:00:00","guid":{"rendered":"https:\/\/elfsight.com\/es\/?page_id=7994"},"modified":"2025-02-06T15:42:59","modified_gmt":"2025-02-06T15:42:59","slug":"wix","status":"publish","type":"page","link":"https:\/\/elfsight.com\/es\/file-embed-widget\/wix\/","title":{"rendered":"File Embed &#8211; Wix"},"content":{"rendered":"<div class=\"application-platform-content-item-description application-platform-content-item\" id=\"description\" data-nav-section=\"description\"> <h2>Descripci\u00f3n<\/h2> <p>El widget de inserci\u00f3n de archivos de Elfsight es el widget m\u00e1s sencillo para insertar sus archivos en un sitio. Inserte todos los formatos populares: PDF, Docx, Xlsx, Pptx; en total, alrededor de 20 tipos. Para mayor comodidad, los archivos se pueden agregar simplemente carg\u00e1ndolos, ingresando sus URL o seleccion\u00e1ndolos entre los cargados recientemente. Eres libre de darle un nombre a cada documento, cargar tu propio \u00edcono o imagen, elegir el dise\u00f1o de los archivos y otros. Los usuarios del sitio pueden estudiar los archivos directamente en el sitio web, abrirlos en una nueva pesta\u00f1a del navegador y descargarlos. <\/p> <div class=\"faq\" data-component=\"FAQ\"> <div class=\"faq-item\">\r\n\t\t\t\t\t<div class=\"faq-item-question\">\r\n\t\t\t\t\t\t<h3 class=\"faq-item-question-text\">\u00bfD\u00f3nde puedo publicar File Embed?<\/h3>\r\n\r\n\t\t\t\t\t\t<div class=\"faq-item-question-icon\"><\/div>\r\n\t\t\t\t\t<\/div>\r\n\r\n\t\t\t\t\t<div class=\"faq-item-answer\">\r\n\t\t\t\t\t\t<div class=\"faq-item-answer-text\"> <p>Es f\u00e1cil aplicar File Embed para cualquiera o todas las p\u00e1ginas del sitio web. Por ejemplo, con \u00e9l puede publicar sus documentos tecnol\u00f3gicos o directrices en las p\u00e1ginas de productos y presumir de sus diplomas y cualificaciones en la p\u00e1gina de destino. <\/p> <\/div>\r\n\t\t\t\t\t<\/div>\r\n\t\t\t\t<\/div> <div class=\"faq-item\">\r\n\t\t\t\t\t<div class=\"faq-item-question\">\r\n\t\t\t\t\t\t<h3 class=\"faq-item-question-text\">\u00bfC\u00f3mo me beneficiar\u00e9 de File Embed?<\/h3>\r\n\r\n\t\t\t\t\t\t<div class=\"faq-item-question-icon\"><\/div>\r\n\t\t\t\t\t<\/div>\r\n\r\n\t\t\t\t\t<div class=\"faq-item-answer\">\r\n\t\t\t\t\t\t<div class=\"faq-item-answer-text\"> <p>Nuestro widget puede ahorrarle mucho tiempo, ya que con su ayuda, agregar archivos a su sitio web toma solo unos segundos. Adem\u00e1s, puede publicar una gran cantidad de datos valiosos sobre sus ofertas y servicios para aumentar la comprensi\u00f3n de sus art\u00edculos por parte de los clientes. <\/p> <\/div>\r\n\t\t\t\t\t<\/div>\r\n\t\t\t\t<\/div> <div class=\"faq-item\">\r\n\t\t\t\t\t<div class=\"faq-item-question\">\r\n\t\t\t\t\t\t<h3 class=\"faq-item-question-text\">\u00bfC\u00f3mo puedo insertar archivos en mi sitio web Wix?<\/h3>\r\n\r\n\t\t\t\t\t\t<div class=\"faq-item-question-icon\"><\/div>\r\n\t\t\t\t\t<\/div>\r\n\r\n\t\t\t\t\t<div class=\"faq-item-answer\">\r\n\t\t\t\t\t\t<div class=\"faq-item-answer-text\"> <p>Te tomar\u00e1 tres minutos de tu tiempo comenzar a usar el widget. El proceso de integraci\u00f3n es s\u00faper r\u00e1pido, gratuito y no incluye codificaci\u00f3n. <\/p> <ol> <li>Existe una opci\u00f3n para pegar Archivo Incrustado en su sitio web directamente a trav\u00e9s de nuestro servicio. Simplemente consulte la gu\u00eda en esta p\u00e1gina. <\/li> <li>Elfsight File Embed se puede integrar a trav\u00e9s de nuestro servicio o del mercado. Aqu\u00ed puedes ver m\u00e1s detalles sobre estas opciones y elegir una m\u00e1s adecuada. <\/li> <\/ol> <\/div>\r\n\t\t\t\t\t<\/div>\r\n\t\t\t\t<\/div> <\/div> <\/div> <div class=\"application-platform-content-item-features application-platform-content-item\" id=\"features\" data-nav-section=\"features\"> <h2>Caracter\u00edsticas<\/h2> <p>Para dar forma a una mejor percepci\u00f3n del widget, consulte la lista de sus funciones principales. Hacen que este widget sea m\u00e1s eficiente para usted: <\/p> <ul><li>Inserte archivos ilimitados; <\/li> <li>Opci\u00f3n de dise\u00f1o del Visor de archivos para leer documentos en el sitio; <\/li> <li>Sube im\u00e1genes para \u00edconos y vistas previas; <\/li> <li>Mostrar u ocultar Descargar texto del documento; <\/li> <li> Detalles de la interfaz de Color 6. <\/li> <\/ul><p>Vea todas las funciones en nuestra demostraci\u00f3n en vivo <\/p> <\/div> <div class=\"application-platform-content-item-installation application-platform-content-item\" id=\"installation\" data-nav-section=\"installation\"> <h2>Descubra c\u00f3mo insertar el widget File Embed en su sitio Wix. Es sencillo.<\/h2> <div class=\"video-container\"><iframe width=\"720\" height=\"405\" src=\"https:\/\/www.youtube.com\/embed\/QMT_L_FRewE\" frameborder=\"0\"><\/iframe><\/div><p>Los siguientes pasos son lo \u00fanico que necesita realizar para realizar la demostraci\u00f3n. <\/p> <ol><li><b>Cree su propio complemento para insertar archivos<\/b><br> En nuestro configurador gratuito, cree un complemento con una composici\u00f3n seleccionada y caracter\u00edsticas funcionales. <\/li><li><b>Obtenga el c\u00f3digo individual para mostrar el complemento<\/b><br> Despu\u00e9s de haber configurado su widget, obtendr\u00e1 el c\u00f3digo de instalaci\u00f3n en la ventana que aparece en Elfsight Apps. Copia este c\u00f3digo. <\/li> <li><b>Muestra el complemento en tu sitio web Wix<\/b><br> Define el \u00e1rea donde planeas agregar el complemento y pega el c\u00f3digo copiado all\u00ed. Guarde los resultados. <\/li> <li><b>\u00a1La incrustaci\u00f3n se realiz\u00f3 correctamente! <\/b><br>Visita tu tienda, para echar un vistazo a tu trabajo. <\/li> <\/ol><p>\u00bfA\u00fan est\u00e1s inquieto? \u00bfO experimentando problemas? Simplemente escriba una solicitud a nuestro equipo de soporte, ellos har\u00e1n todo lo posible para ayudarlo. <\/p> <\/div>","protected":false},"excerpt":{"rendered":"","protected":false},"author":9,"featured_media":0,"parent":912,"menu_order":0,"comment_status":"closed","ping_status":"closed","template":"templates\/template-application-platform.php","meta":{"publish_to_discourse":"","publish_post_category":"","wpdc_auto_publish_overridden":"","wpdc_topic_tags":"","wpdc_pin_topic":"","wpdc_pin_until":"","discourse_post_id":"","discourse_permalink":"","wpdc_publishing_response":"","wpdc_publishing_error":"","footnotes":""},"class_list":["post-7994","page","type-page","status-publish","hentry"],"yoast_head":"<!-- This site is optimized with the Yoast SEO plugin v25.3.1 - https:\/\/yoast.com\/wordpress\/plugins\/seo\/ -->\n<title>Aplicaci\u00f3n File Viewer: inserta cualquier archivo en tu sitio web Wix (2025)<\/title>\n<meta name=\"description\" content=\"No es complicado crear tu aplicaci\u00f3n File Embed y colocarla en el sitio web de Wix. La atenci\u00f3n al cliente de Elfsight es gratuita y r\u00e1pida.\" \/>\n<meta name=\"robots\" content=\"index, follow, max-snippet:-1, max-image-preview:large, max-video-preview:-1\" \/>\n<link rel=\"canonical\" href=\"https:\/\/elfsight.com\/es\/file-embed-widget\/wix\/\" \/>\n<meta property=\"og:locale\" content=\"es_ES\" \/>\n<meta property=\"og:type\" content=\"article\" \/>\n<meta property=\"og:title\" content=\"Aplicaci\u00f3n File Viewer: inserta cualquier archivo en tu sitio web Wix (2025)\" \/>\n<meta property=\"og:description\" content=\"No es complicado crear tu aplicaci\u00f3n File Embed y colocarla en el sitio web de Wix. La atenci\u00f3n al cliente de Elfsight es gratuita y r\u00e1pida.\" \/>\n<meta property=\"og:url\" content=\"https:\/\/elfsight.com\/es\/file-embed-widget\/wix\/\" \/>\n<meta property=\"og:site_name\" content=\"Elfsight ES\" \/>\n<meta property=\"article:modified_time\" content=\"2025-02-06T15:42:59+00:00\" \/>\n<meta name=\"twitter:card\" content=\"summary_large_image\" \/>\n<meta name=\"twitter:label1\" content=\"Tiempo de lectura\" \/>\n\t<meta name=\"twitter:data1\" content=\"3 minutos\" \/>\n<!-- \/ Yoast SEO plugin. -->","yoast_head_json":{"title":"Aplicaci\u00f3n File Viewer: inserta cualquier archivo en tu sitio web Wix (2025)","description":"No es complicado crear tu aplicaci\u00f3n File Embed y colocarla en el sitio web de Wix. La atenci\u00f3n al cliente de Elfsight es gratuita y r\u00e1pida.","robots":{"index":"index","follow":"follow","max-snippet":"max-snippet:-1","max-image-preview":"max-image-preview:large","max-video-preview":"max-video-preview:-1"},"canonical":"https:\/\/elfsight.com\/es\/file-embed-widget\/wix\/","og_locale":"es_ES","og_type":"article","og_title":"Aplicaci\u00f3n File Viewer: inserta cualquier archivo en tu sitio web Wix (2025)","og_description":"No es complicado crear tu aplicaci\u00f3n File Embed y colocarla en el sitio web de Wix. La atenci\u00f3n al cliente de Elfsight es gratuita y r\u00e1pida.","og_url":"https:\/\/elfsight.com\/es\/file-embed-widget\/wix\/","og_site_name":"Elfsight ES","article_modified_time":"2025-02-06T15:42:59+00:00","twitter_card":"summary_large_image","twitter_misc":{"Tiempo de lectura":"3 minutos"},"schema":{"@context":"https:\/\/schema.org","@graph":[{"@type":"WebPage","@id":"https:\/\/elfsight.com\/es\/file-embed-widget\/wix\/","url":"https:\/\/elfsight.com\/es\/file-embed-widget\/wix\/","name":"Aplicaci\u00f3n File Viewer: inserta cualquier archivo en tu sitio web Wix (2025)","isPartOf":{"@id":"https:\/\/elfsight.com\/es\/#website"},"datePublished":"1970-01-01T00:00:00+00:00","dateModified":"2025-02-06T15:42:59+00:00","description":"No es complicado crear tu aplicaci\u00f3n File Embed y colocarla en el sitio web de Wix. La atenci\u00f3n al cliente de Elfsight es gratuita y r\u00e1pida.","breadcrumb":{"@id":"https:\/\/elfsight.com\/es\/file-embed-widget\/wix\/#breadcrumb"},"inLanguage":"es","potentialAction":[{"@type":"ReadAction","target":["https:\/\/elfsight.com\/es\/file-embed-widget\/wix\/"]}]},{"@type":"BreadcrumbList","@id":"https:\/\/elfsight.com\/es\/file-embed-widget\/wix\/#breadcrumb","itemListElement":[{"@type":"ListItem","position":1,"name":"Home","item":"https:\/\/elfsight.com\/es\/"},{"@type":"ListItem","position":2,"name":"File Embed","item":"https:\/\/elfsight.com\/es\/file-embed-widget\/"},{"@type":"ListItem","position":3,"name":"File Embed &#8211; Wix"}]},{"@type":"WebSite","@id":"https:\/\/elfsight.com\/es\/#website","url":"https:\/\/elfsight.com\/es\/","name":"Elfsight ES","description":"Just another Elfsight Sites site","potentialAction":[{"@type":"SearchAction","target":{"@type":"EntryPoint","urlTemplate":"https:\/\/elfsight.com\/es\/?s={search_term_string}"},"query-input":{"@type":"PropertyValueSpecification","valueRequired":true,"valueName":"search_term_string"}}],"inLanguage":"es"}]}},"meta_box":{"industry":"","seo_heading":"","heading":"","description":"","cta_heading":"","cta_description":"","application":"911","h1":"Aplicaci\u00f3n Wix File Insert","h1_caption":"Incrusta documentos, hojas de c\u00e1lculo y otros archivos en tu sitio web para verlos y descargarlos f\u00e1cilmente en tu sitio web Wix sin esfuerzo.","application_category":[],"applications_title":"","applications_request_title":"","applications_request_button_text":"","hero_text":"","hero_video":"","hero_video_schema_markup":"","selling_points_title":"","selling_points_caption":"","selling_points":[],"selling_points_cta_text":"","features_title":"","features":"","ed_cta_examples_text":"","ed_cta_examples_hidden":"","ed_cta_demo_text":"","ed_cta_demo_hidden":"","why_caption":"","why_editor_title":"","why_editor_text":"","why_team_title":"","why_team_text":"","why_service_title":"","why_service_text":"","template_catalog_visible":"","template_catalog_title":"","template_catalog_text":"","template_catalog_categories_visible":"","demo_title":"Crea tu aplicaci\u00f3n File Embed","demo_caption":"\u00a1Configura tu File Embed y agr\u00e9galo a tu sitio web Wix gratis!","default_faq_hidden":"","app_template_category":[],"platform":"112","template_public_id":"","codecanyon_url":"","codecanyon_item_id":"","codecanyon_price":"","pricing_caption":"","pricing_elfsight_apps_hide_column":"","pricing_elfsight_apps_url":"","pricing_codecanyon_price_caption":"","integration_category":[],"integration_request_title":"","integration_request_cta":"","integration_platform":"","integrations":[],"platform_category":[],"video_schema_markup":"","price":"desde $0 \/ mes","trial":"","benefits":[{"text":"Ayuda de instalaci\u00f3n gratuita"},{"text":"Servicio al cliente eficaz"},{"text":"Garant\u00eda de devoluci\u00f3n de dinero de 14 d\u00edas"},{"text":"Actualizando constantemente"}],"button_url":"#demo","button_target_blank":"","button_nofollow":"","attributes":[{"name":"Instalaciones","content":"10,000 - 100,000"},{"name":"Sensible","content":"S\u00ed"},{"name":"Navegadores compatibles","content":"Firefox, Edge, Chrome, Safari, Opera"}],"tags":[],"tags_disable_links":"","hide_more_platforms":"","video_object":"","demo_hide_cta":"","demo_hide_cloud_options":"","pricing_title":"","pricing":[{"pricing_icon":"platform","pricing_title":"Elfsight Apps","pricing_title_caption":"Software independiente de la plataforma que funciona en cualquier sitio web","pricing_price":"desde $0 \/ mes","pricing_price_caption":"comienza con el plan gratuito","pricing_benefits":[{"text":"Dominios ilimitados"},{"text":"Atenci\u00f3n al cliente r\u00e1pida"},{"text":"Servicio de instalaci\u00f3n gratuito"},{"text":"Oferta especial para m\u00faltiples aplicaciones."}],"pricing_button_text":"A\u00f1adir al sitio web","pricing_button_url":"#demo"}],"related_apps_title":"","related_apps_hidden":"","author":"","image":[],"title":"","job":"","social_networks":[]},"_links":{"self":[{"href":"https:\/\/elfsight.com\/es\/wp-json\/wp\/v2\/pages\/7994","targetHints":{"allow":["GET"]}}],"collection":[{"href":"https:\/\/elfsight.com\/es\/wp-json\/wp\/v2\/pages"}],"about":[{"href":"https:\/\/elfsight.com\/es\/wp-json\/wp\/v2\/types\/page"}],"author":[{"embeddable":true,"href":"https:\/\/elfsight.com\/es\/wp-json\/wp\/v2\/users\/9"}],"replies":[{"embeddable":true,"href":"https:\/\/elfsight.com\/es\/wp-json\/wp\/v2\/comments?post=7994"}],"version-history":[{"count":2,"href":"https:\/\/elfsight.com\/es\/wp-json\/wp\/v2\/pages\/7994\/revisions"}],"predecessor-version":[{"id":18689,"href":"https:\/\/elfsight.com\/es\/wp-json\/wp\/v2\/pages\/7994\/revisions\/18689"}],"up":[{"embeddable":true,"href":"https:\/\/elfsight.com\/es\/wp-json\/wp\/v2\/pages\/912"}],"wp:attachment":[{"href":"https:\/\/elfsight.com\/es\/wp-json\/wp\/v2\/media?parent=7994"}],"curies":[{"name":"wp","href":"https:\/\/api.w.org\/{rel}","templated":true}]}}