{"id":7987,"date":"1970-01-01T00:00:00","date_gmt":"1970-01-01T00:00:00","guid":{"rendered":"https:\/\/elfsight.com\/es\/?page_id=7987"},"modified":"2025-02-06T15:43:07","modified_gmt":"2025-02-06T15:43:07","slug":"webflow","status":"publish","type":"page","link":"https:\/\/elfsight.com\/es\/file-embed-widget\/webflow\/","title":{"rendered":"File Embed &#8211; Webflow"},"content":{"rendered":"<div class=\"application-platform-content-item-description application-platform-content-item\" id=\"description\" data-nav-section=\"description\"> <h2>Insertar archivo Incrustar en Webflow con el widget Elfsight<\/h2> <p>Elfsight File Embed es la herramienta m\u00e1s f\u00e1cil y r\u00e1pida para pegar archivos en su sitio. Presente todos los archivos m\u00e1s utilizados: PDF, Docx, Jpg, Pptx; en total, alrededor de 20 tipos. Para mayor facilidad de uso, los documentos se pueden insertar carg\u00e1ndolos directamente, ingresando las URL o seleccion\u00e1ndolos desde el \u00faltimo cargado. Puede darle a cada documento su propio nombre, cargar un \u00edcono o una vista previa de la imagen, elegir la opci\u00f3n de dise\u00f1o de archivos y m\u00e1s. Los visitantes del sitio web pueden ver los archivos directamente en su p\u00e1gina, abrirlos en una nueva pesta\u00f1a y descargarlos. <\/p> <div class=\"faq\" data-component=\"FAQ\"> <div class=\"faq-item\">\r\n\t\t\t\t\t<div class=\"faq-item-question\">\r\n\t\t\t\t\t\t<h3 class=\"faq-item-question-text\">\u00bfD\u00f3nde puedo agregar este complemento?<\/h3>\r\n\r\n\t\t\t\t\t\t<div class=\"faq-item-question-icon\"><\/div>\r\n\t\t\t\t\t<\/div>\r\n\r\n\t\t\t\t\t<div class=\"faq-item-answer\">\r\n\t\t\t\t\t\t<div class=\"faq-item-answer-text\"> <p>Puede mostrar File Embed en todas y cada una de las p\u00e1ginas de su sitio web. Por ejemplo, se puede utilizar para insertar su documentaci\u00f3n o directrices tecnol\u00f3gicas en las p\u00e1ginas de productos correspondientes y demostrar sus diplomas y certificados en la p\u00e1gina de inicio. <\/p> <\/div>\r\n\t\t\t\t\t<\/div>\r\n\t\t\t\t<\/div> <div class=\"faq-item\">\r\n\t\t\t\t\t<div class=\"faq-item-question\">\r\n\t\t\t\t\t\t<h3 class=\"faq-item-question-text\">\u00bfQu\u00e9 beneficios me aporta?<\/h3>\r\n\r\n\t\t\t\t\t\t<div class=\"faq-item-question-icon\"><\/div>\r\n\t\t\t\t\t<\/div>\r\n\r\n\t\t\t\t\t<div class=\"faq-item-answer\">\r\n\t\t\t\t\t\t<div class=\"faq-item-answer-text\"> <p>El widget de Elfsight te ahorrar\u00e1 una gran cantidad de tiempo, ya que con \u00e9l, integrar documentos en tu sitio web lleva s\u00f3lo unos segundos. Adem\u00e1s, podr\u00e1 proporcionar muchos detalles significativos sobre sus art\u00edculos y servicios y lograr una mejor comprensi\u00f3n de sus ofertas entre los usuarios. <\/p> <\/div>\r\n\t\t\t\t\t<\/div>\r\n\t\t\t\t<\/div> <div class=\"faq-item\">\r\n\t\t\t\t\t<div class=\"faq-item-question\">\r\n\t\t\t\t\t\t<h3 class=\"faq-item-question-text\">\u00bfQu\u00e9 necesito para insertar File Embed en mi sitio web Webflow?<\/h3>\r\n\r\n\t\t\t\t\t\t<div class=\"faq-item-question-icon\"><\/div>\r\n\t\t\t\t\t<\/div>\r\n\r\n\t\t\t\t\t<div class=\"faq-item-answer\">\r\n\t\t\t\t\t\t<div class=\"faq-item-answer-text\"> <p>Solo lleva tres minutos insertar el widget. Agregar es realmente r\u00e1pido, gratuito y no requiere codificaci\u00f3n. <\/p> <ol> <li>Existe una opci\u00f3n para introducir File Embed en la p\u00e1gina web a trav\u00e9s de nuestro servicio. Para ello utilice la breve descripci\u00f3n que aparece en esta p\u00e1gina. <\/li> <li>Elfsight File Embed se puede integrar a trav\u00e9s de nuestro servicio o a trav\u00e9s del mercado. Podr\u00e1s ver todos los detalles de ambas variantes y elegir la tuya. <\/li> <\/ol> <\/div>\r\n\t\t\t\t\t<\/div>\r\n\t\t\t\t<\/div> <\/div> <\/div> <div class=\"application-platform-content-item-features application-platform-content-item\" id=\"features\" data-nav-section=\"features\"> <h2>Caracter\u00edsticas principales del widget File Embed<\/h2> <p>Para comprender mejor File Embed, descubra la lista de las caracter\u00edsticas esenciales. Hacen que el widget sea incre\u00edblemente beneficioso para su promoci\u00f3n: <\/p> <ul><li>Mostrar una cantidad ilimitada de documentos; <\/li> <li>Opci\u00f3n de dise\u00f1o del Visor de archivos para ver archivos en el sitio web; <\/li> <li>Subir im\u00e1genes para iconos de archivos y vistas previas; <\/li> <li>La opci\u00f3n para mostrar u ocultar el texto de descarga del archivo; <\/li> <li>Colorea seis detalles de la interfaz. <\/li> <\/ul><p>Para conocer m\u00e1s funciones, vea la demostraci\u00f3n<\/p> <\/div> <div class=\"application-platform-content-item-installation application-platform-content-item\" id=\"installation\" data-nav-section=\"installation\"> <h2>Descubra c\u00f3mo colocar el widget de inserci\u00f3n de archivos en su sitio Webflow. Es f\u00e1cil<\/h2> <div class=\"video-container\"><iframe width=\"720\" height=\"405\" src=\"https:\/\/www.youtube.com\/embed\/p0rwdqYR5z8\" frameborder=\"0\"><\/iframe><\/div><p>Las siguientes acciones son lo \u00fanico que debe realizar para insertar. <\/p> <ol><li><b>Cree su complemento de inserci\u00f3n de archivos personalizado<\/b><br> Al administrar nuestro editor gratuito, cree un complemento con un dise\u00f1o seleccionado y caracter\u00edsticas funcionales. <\/li><li><b>Copia el c\u00f3digo personal para instalar el complemento<\/b><br> Despu\u00e9s de haber creado tu widget, recibir\u00e1s el c\u00f3digo de instalaci\u00f3n en la ventana que aparece en Elfsight Apps. Copia este c\u00f3digo. <\/li> <li><b>Publique el complemento en su sitio Webflow<\/b><br> Elija el \u00e1rea en la que le gustar\u00eda integrar el complemento e inserte el c\u00f3digo copiado all\u00ed. Publicar los resultados. <\/li> <li><b>\u00a1Felicitaciones! \u00a1Acabas de integrar el widget! <\/b><br>Visite el sitio web para ver su complemento. <\/li> <\/ol><p>\u00bfA\u00fan no puedes decidirte? \u00bfO tienes preguntas? Simplemente escriba una solicitud a nuestro servicio de atenci\u00f3n al cliente para resolver todos los problemas. <\/p> <\/div>","protected":false},"excerpt":{"rendered":"","protected":false},"author":9,"featured_media":0,"parent":912,"menu_order":0,"comment_status":"closed","ping_status":"closed","template":"templates\/template-application-platform.php","meta":{"publish_to_discourse":"","publish_post_category":"","wpdc_auto_publish_overridden":"","wpdc_topic_tags":"","wpdc_pin_topic":"","wpdc_pin_until":"","discourse_post_id":"","discourse_permalink":"","wpdc_publishing_response":"","wpdc_publishing_error":"","footnotes":""},"class_list":["post-7987","page","type-page","status-publish","hentry"],"yoast_head":"<!-- This site is optimized with the Yoast SEO plugin v25.3.1 - https:\/\/yoast.com\/wordpress\/plugins\/seo\/ -->\n<title>Visor de archivos: incruste cualquier archivo en su sitio web Webflow (2025)<\/title>\n<meta name=\"description\" content=\"Es perfectamente sencillo crear su widget File Embed y agregarlo a su sitio web Webflow. La atenci\u00f3n al cliente de Elfsight es gratuita.\" \/>\n<meta name=\"robots\" content=\"index, follow, max-snippet:-1, max-image-preview:large, max-video-preview:-1\" \/>\n<link rel=\"canonical\" href=\"https:\/\/elfsight.com\/es\/file-embed-widget\/webflow\/\" \/>\n<meta property=\"og:locale\" content=\"es_ES\" \/>\n<meta property=\"og:type\" content=\"article\" \/>\n<meta property=\"og:title\" content=\"Visor de archivos: incruste cualquier archivo en su sitio web Webflow (2025)\" \/>\n<meta property=\"og:description\" content=\"Es perfectamente sencillo crear su widget File Embed y agregarlo a su sitio web Webflow. La atenci\u00f3n al cliente de Elfsight es gratuita.\" \/>\n<meta property=\"og:url\" content=\"https:\/\/elfsight.com\/es\/file-embed-widget\/webflow\/\" \/>\n<meta property=\"og:site_name\" content=\"Elfsight ES\" \/>\n<meta property=\"article:modified_time\" content=\"2025-02-06T15:43:07+00:00\" \/>\n<meta name=\"twitter:card\" content=\"summary_large_image\" \/>\n<meta name=\"twitter:label1\" content=\"Tiempo de lectura\" \/>\n\t<meta name=\"twitter:data1\" content=\"3 minutos\" \/>\n<!-- \/ Yoast SEO plugin. -->","yoast_head_json":{"title":"Visor de archivos: incruste cualquier archivo en su sitio web Webflow (2025)","description":"Es perfectamente sencillo crear su widget File Embed y agregarlo a su sitio web Webflow. La atenci\u00f3n al cliente de Elfsight es gratuita.","robots":{"index":"index","follow":"follow","max-snippet":"max-snippet:-1","max-image-preview":"max-image-preview:large","max-video-preview":"max-video-preview:-1"},"canonical":"https:\/\/elfsight.com\/es\/file-embed-widget\/webflow\/","og_locale":"es_ES","og_type":"article","og_title":"Visor de archivos: incruste cualquier archivo en su sitio web Webflow (2025)","og_description":"Es perfectamente sencillo crear su widget File Embed y agregarlo a su sitio web Webflow. La atenci\u00f3n al cliente de Elfsight es gratuita.","og_url":"https:\/\/elfsight.com\/es\/file-embed-widget\/webflow\/","og_site_name":"Elfsight ES","article_modified_time":"2025-02-06T15:43:07+00:00","twitter_card":"summary_large_image","twitter_misc":{"Tiempo de lectura":"3 minutos"},"schema":{"@context":"https:\/\/schema.org","@graph":[{"@type":"WebPage","@id":"https:\/\/elfsight.com\/es\/file-embed-widget\/webflow\/","url":"https:\/\/elfsight.com\/es\/file-embed-widget\/webflow\/","name":"Visor de archivos: incruste cualquier archivo en su sitio web Webflow (2025)","isPartOf":{"@id":"https:\/\/elfsight.com\/es\/#website"},"datePublished":"1970-01-01T00:00:00+00:00","dateModified":"2025-02-06T15:43:07+00:00","description":"Es perfectamente sencillo crear su widget File Embed y agregarlo a su sitio web Webflow. La atenci\u00f3n al cliente de Elfsight es gratuita.","breadcrumb":{"@id":"https:\/\/elfsight.com\/es\/file-embed-widget\/webflow\/#breadcrumb"},"inLanguage":"es","potentialAction":[{"@type":"ReadAction","target":["https:\/\/elfsight.com\/es\/file-embed-widget\/webflow\/"]}]},{"@type":"BreadcrumbList","@id":"https:\/\/elfsight.com\/es\/file-embed-widget\/webflow\/#breadcrumb","itemListElement":[{"@type":"ListItem","position":1,"name":"Home","item":"https:\/\/elfsight.com\/es\/"},{"@type":"ListItem","position":2,"name":"File Embed","item":"https:\/\/elfsight.com\/es\/file-embed-widget\/"},{"@type":"ListItem","position":3,"name":"File Embed &#8211; Webflow"}]},{"@type":"WebSite","@id":"https:\/\/elfsight.com\/es\/#website","url":"https:\/\/elfsight.com\/es\/","name":"Elfsight ES","description":"Just another Elfsight Sites site","potentialAction":[{"@type":"SearchAction","target":{"@type":"EntryPoint","urlTemplate":"https:\/\/elfsight.com\/es\/?s={search_term_string}"},"query-input":{"@type":"PropertyValueSpecification","valueRequired":true,"valueName":"search_term_string"}}],"inLanguage":"es"}]}},"meta_box":{"industry":"","seo_heading":"","heading":"","description":"","cta_heading":"","cta_description":"","application":"911","h1":"Widget de inserci\u00f3n de archivos de flujo web","h1_caption":"Incruste documentos, hojas de c\u00e1lculo y otros archivos en su sitio web para verlos y descargarlos f\u00e1cilmente en su sitio web Webflow sin esfuerzo.","application_category":[],"applications_title":"","applications_request_title":"","applications_request_button_text":"","hero_text":"","hero_video":"","hero_video_schema_markup":"","selling_points_title":"","selling_points_caption":"","selling_points":[],"selling_points_cta_text":"","features_title":"","features":"","ed_cta_examples_text":"","ed_cta_examples_hidden":"","ed_cta_demo_text":"","ed_cta_demo_hidden":"","why_caption":"","why_editor_title":"","why_editor_text":"","why_team_title":"","why_team_text":"","why_service_title":"","why_service_text":"","template_catalog_visible":"","template_catalog_title":"","template_catalog_text":"","template_catalog_categories_visible":"","demo_title":"Crea tu widget de inserci\u00f3n de archivos","demo_caption":"\u00a1Configure su File Embed y agr\u00e9guelo a su sitio web Webflow gratis!","default_faq_hidden":"","app_template_category":[],"platform":"106","template_public_id":"","codecanyon_url":"","codecanyon_item_id":"","codecanyon_price":"","pricing_caption":"","pricing_elfsight_apps_hide_column":"","pricing_elfsight_apps_url":"","pricing_codecanyon_price_caption":"","integration_category":[],"integration_request_title":"","integration_request_cta":"","integration_platform":"","integrations":[],"platform_category":[],"video_schema_markup":"","price":"desde $0 \/ mes","trial":"","benefits":[{"text":"Asistencia de instalaci\u00f3n gratuita"},{"text":"Servicio al cliente eficaz"},{"text":"Garant\u00eda de devoluci\u00f3n de dinero de 14 d\u00edas"},{"text":"Mejoras futuras"}],"button_url":"#demo","button_target_blank":"","button_nofollow":"","attributes":[{"name":"Instalaciones","content":"10,000 - 100,000"},{"name":"Sensible","content":"S\u00ed"},{"name":"Navegadores compatibles","content":"Edge, Opera, Firefox, Safari, Chrome"}],"tags":[],"tags_disable_links":"","hide_more_platforms":"","video_object":"","demo_hide_cta":"","demo_hide_cloud_options":"","pricing_title":"","pricing":[{"pricing_icon":"platform","pricing_title":"Elfsight Apps","pricing_title_caption":"Soluci\u00f3n digital multiplataforma que funciona en cualquier sitio web","pricing_price":"desde $0 \/ mes","pricing_price_caption":"comienza con el plan gratuito","pricing_benefits":[{"text":"N\u00famero ilimitado de sitios web"},{"text":"Soporte premium"},{"text":"Servicio de instalaci\u00f3n gratuito"},{"text":"Oferta especial para m\u00faltiples aplicaciones"}],"pricing_button_text":"A\u00f1adir al sitio web","pricing_button_url":"#demo"}],"related_apps_title":"","related_apps_hidden":"","author":"","image":[],"title":"","job":"","social_networks":[]},"_links":{"self":[{"href":"https:\/\/elfsight.com\/es\/wp-json\/wp\/v2\/pages\/7987","targetHints":{"allow":["GET"]}}],"collection":[{"href":"https:\/\/elfsight.com\/es\/wp-json\/wp\/v2\/pages"}],"about":[{"href":"https:\/\/elfsight.com\/es\/wp-json\/wp\/v2\/types\/page"}],"author":[{"embeddable":true,"href":"https:\/\/elfsight.com\/es\/wp-json\/wp\/v2\/users\/9"}],"replies":[{"embeddable":true,"href":"https:\/\/elfsight.com\/es\/wp-json\/wp\/v2\/comments?post=7987"}],"version-history":[{"count":2,"href":"https:\/\/elfsight.com\/es\/wp-json\/wp\/v2\/pages\/7987\/revisions"}],"predecessor-version":[{"id":18692,"href":"https:\/\/elfsight.com\/es\/wp-json\/wp\/v2\/pages\/7987\/revisions\/18692"}],"up":[{"embeddable":true,"href":"https:\/\/elfsight.com\/es\/wp-json\/wp\/v2\/pages\/912"}],"wp:attachment":[{"href":"https:\/\/elfsight.com\/es\/wp-json\/wp\/v2\/media?parent=7987"}],"curies":[{"name":"wp","href":"https:\/\/api.w.org\/{rel}","templated":true}]}}