{"id":7981,"date":"1970-01-01T00:00:00","date_gmt":"1970-01-01T00:00:00","guid":{"rendered":"https:\/\/elfsight.com\/es\/?page_id=7981"},"modified":"2025-02-06T15:43:15","modified_gmt":"2025-02-06T15:43:15","slug":"shopify","status":"publish","type":"page","link":"https:\/\/elfsight.com\/es\/file-embed-widget\/shopify\/","title":{"rendered":"File Embed &#8211; Shopify"},"content":{"rendered":"<div class=\"application-platform-content-item-description application-platform-content-item\" id=\"description\" data-nav-section=\"description\"> <h2>Insertar archivo Incrustar en Shopify con el widget Elfsight<\/h2> <p>El widget Elfsight File Embed es la forma m\u00e1s pr\u00e1ctica y r\u00e1pida de agregar archivos a un sitio. Integre todos los formatos de archivos m\u00e1s comunes: PDF, Docx, Jpg, Pptx, en total alrededor de 20 formatos. Para facilitar su uso, los documentos se pueden incrustar simplemente carg\u00e1ndolos, ingresando sus URL o eligiendo entre los \u00faltimos cargados. Puede darle a cada archivo su propio t\u00edtulo, cargar su propio \u00edcono e imagen, elegir una variante de dise\u00f1o y m\u00e1s. La audiencia del sitio web puede ver los archivos directamente en la p\u00e1gina, abrirlos en una nueva pesta\u00f1a del navegador y descargarlos. <\/p> <div class=\"faq\" data-component=\"FAQ\"> <div class=\"faq-item\">\r\n\t\t\t\t\t<div class=\"faq-item-question\">\r\n\t\t\t\t\t\t<h3 class=\"faq-item-question-text\">\u00bfD\u00f3nde puedo mostrarlo en mi sitio web?<\/h3>\r\n\r\n\t\t\t\t\t\t<div class=\"faq-item-question-icon\"><\/div>\r\n\t\t\t\t\t<\/div>\r\n\r\n\t\t\t\t\t<div class=\"faq-item-answer\">\r\n\t\t\t\t\t\t<div class=\"faq-item-answer-text\"> <p>Puede agregar el widget File Embed en cualquiera o en todas las p\u00e1ginas de su sitio web. Por lo tanto, con \u00e9l puede agregar su documentaci\u00f3n o especificaciones tecnol\u00f3gicas en las p\u00e1ginas de productos, o agregar sus diplomas y calificaciones en la p\u00e1gina Acerca de nosotros. <\/p> <\/div>\r\n\t\t\t\t\t<\/div>\r\n\t\t\t\t<\/div> <div class=\"faq-item\">\r\n\t\t\t\t\t<div class=\"faq-item-question\">\r\n\t\t\t\t\t\t<h3 class=\"faq-item-question-text\">\u00bfCu\u00e1les son los beneficios de tener File Embed para m\u00ed?<\/h3>\r\n\r\n\t\t\t\t\t\t<div class=\"faq-item-question-icon\"><\/div>\r\n\t\t\t\t\t<\/div>\r\n\r\n\t\t\t\t\t<div class=\"faq-item-answer\">\r\n\t\t\t\t\t\t<div class=\"faq-item-answer-text\"> <p>Este widget puede ahorrarle mucho tiempo, ya que con \u00e9l, agregar documentos a su sitio se realiza en solo segundos. M\u00e1s a\u00fan, presentar\u00e1 una gran cantidad de datos valiosos sobre sus productos o servicios para mejorar la comprensi\u00f3n de sus ofertas por parte de los usuarios. <\/p> <\/div>\r\n\t\t\t\t\t<\/div>\r\n\t\t\t\t<\/div> <div class=\"faq-item\">\r\n\t\t\t\t\t<div class=\"faq-item-question\">\r\n\t\t\t\t\t\t<h3 class=\"faq-item-question-text\">\u00bfC\u00f3mo agrego File Embed a mi sitio web de Shopify?<\/h3>\r\n\r\n\t\t\t\t\t\t<div class=\"faq-item-question-icon\"><\/div>\r\n\t\t\t\t\t<\/div>\r\n\r\n\t\t\t\t\t<div class=\"faq-item-answer\">\r\n\t\t\t\t\t\t<div class=\"faq-item-answer-text\"> <p>Solo toma dos minutos comenzar a usar el widget. El proceso es realmente r\u00e1pido, gratuito y sin codificaci\u00f3n. <\/p> <ol> <li>Puede agregar el widget al sitio directamente a trav\u00e9s de nuestro servicio. Para ello, siga la gu\u00eda que se encuentra a continuaci\u00f3n en esta p\u00e1gina. <\/li> <li>El widget se puede integrar directamente a trav\u00e9s de nuestro servicio o a trav\u00e9s del mercado. Puedes ver informaci\u00f3n sobre las dos opciones y elegir la tuya. <\/li> <\/ol> <\/div>\r\n\t\t\t\t\t<\/div>\r\n\t\t\t\t<\/div> <\/div> <\/div> <div class=\"application-platform-content-item-features application-platform-content-item\" id=\"features\" data-nav-section=\"features\"> <h2>Caracter\u00edsticas principales del widget File Embed<\/h2> <p>Para tener una idea completa de File Embed, descubra la lista de las funciones principales. Hacen que nuestro widget sea incre\u00edblemente beneficioso para usted: <\/p> <ul><li>Integre documentos ilimitados; <\/li> <li>Opci\u00f3n de dise\u00f1o del Visor de archivos para ver documentos en la p\u00e1gina; <\/li> <li>Cargar im\u00e1genes para \u00edconos y vistas previas; <\/li> <li>Mostrar u ocultar Descargar etiqueta de archivo; <\/li> <li>6 elementos coloreables de la interfaz. <\/li> <\/ul><p>Para conocer todas las funciones, vea la demostraci\u00f3n en vivo<\/p> <\/div> <div class=\"application-platform-content-item-installation application-platform-content-item\" id=\"installation\" data-nav-section=\"installation\"> <h2>Aqu\u00ed se explica c\u00f3mo agregar el widget de inserci\u00f3n de archivos a su tienda Shopify. Es incre\u00edblemente simple.<\/h2> <div class=\"video-container\"><iframe width=\"720\" height=\"405\" src=\"https:\/\/www.youtube.com\/embed\/_5fIgCodjcA\" frameborder=\"0\"><\/iframe><\/div><p>Estos varios pasos son lo \u00fanico que debes hacer. <\/p> <ol><li><b>Emplee nuestra demostraci\u00f3n gratuita y comience a trabajar con su aplicaci\u00f3n personalizada. <\/b><br> Elija el dise\u00f1o y los aspectos adecuados de la aplicaci\u00f3n y aplique todas las ediciones. <\/li> <li><b>Obtenga su c\u00f3digo individual que se muestra en el formulario especial en Elfsight Apps. <\/b><br> Inmediatamente despu\u00e9s de configurar su aplicaci\u00f3n personal, copie el c\u00f3digo exclusivo en el cuadro que aparece y gu\u00e1rdelo para usarlo en el futuro. <\/li> <li><b>Comience a utilizar la aplicaci\u00f3n en el sitio de Shopify. <\/b><br> Implemente el c\u00f3digo guardado anteriormente en su sitio y aplique las mejoras. <\/li> <li><b>La instalaci\u00f3n est\u00e1 completamente realizada. <\/b><br> Vaya a su sitio para examinar el rendimiento de la aplicaci\u00f3n. <\/li><\/ol><p>\u00bfA\u00fan est\u00e1s inquieto? \u00bfO tener problemas? Una sola petici\u00f3n a nuestro servicio de atenci\u00f3n al cliente solucionar\u00e1 cualquier problema. <\/p> <\/div>","protected":false},"excerpt":{"rendered":"","protected":false},"author":9,"featured_media":0,"parent":912,"menu_order":0,"comment_status":"closed","ping_status":"closed","template":"templates\/template-application-platform.php","meta":{"publish_to_discourse":"","publish_post_category":"","wpdc_auto_publish_overridden":"","wpdc_topic_tags":"","wpdc_pin_topic":"","wpdc_pin_until":"","discourse_post_id":"","discourse_permalink":"","wpdc_publishing_response":"","wpdc_publishing_error":"","footnotes":""},"class_list":["post-7981","page","type-page","status-publish","hentry"],"yoast_head":"<!-- This site is optimized with the Yoast SEO plugin v25.3.1 - https:\/\/yoast.com\/wordpress\/plugins\/seo\/ -->\n<title>Aplicaci\u00f3n File Viewer: incrusta cualquier archivo en tu sitio web de Shopify (2026)<\/title>\n<meta name=\"description\" content=\"Con Elfsight, dise\u00f1a tu aplicaci\u00f3n File Embed e ins\u00e9rtala en tu tienda Shopify con facilidad. Disponemos de atenci\u00f3n al cliente gratuita y otros bonos.\" \/>\n<meta name=\"robots\" content=\"index, follow, max-snippet:-1, max-image-preview:large, max-video-preview:-1\" \/>\n<link rel=\"canonical\" href=\"https:\/\/elfsight.com\/es\/file-embed-widget\/shopify\/\" \/>\n<meta property=\"og:locale\" content=\"es_ES\" \/>\n<meta property=\"og:type\" content=\"article\" \/>\n<meta property=\"og:title\" content=\"Aplicaci\u00f3n File Viewer: incrusta cualquier archivo en tu sitio web de Shopify (2026)\" \/>\n<meta property=\"og:description\" content=\"Con Elfsight, dise\u00f1a tu aplicaci\u00f3n File Embed e ins\u00e9rtala en tu tienda Shopify con facilidad. Disponemos de atenci\u00f3n al cliente gratuita y otros bonos.\" \/>\n<meta property=\"og:url\" content=\"https:\/\/elfsight.com\/es\/file-embed-widget\/shopify\/\" \/>\n<meta property=\"og:site_name\" content=\"Elfsight ES\" \/>\n<meta property=\"article:modified_time\" content=\"2025-02-06T15:43:15+00:00\" \/>\n<meta name=\"twitter:card\" content=\"summary_large_image\" \/>\n<meta name=\"twitter:label1\" content=\"Tiempo de lectura\" \/>\n\t<meta name=\"twitter:data1\" content=\"3 minutos\" \/>\n<!-- \/ Yoast SEO plugin. -->","yoast_head_json":{"title":"Aplicaci\u00f3n File Viewer: incrusta cualquier archivo en tu sitio web de Shopify (2026)","description":"Con Elfsight, dise\u00f1a tu aplicaci\u00f3n File Embed e ins\u00e9rtala en tu tienda Shopify con facilidad. Disponemos de atenci\u00f3n al cliente gratuita y otros bonos.","robots":{"index":"index","follow":"follow","max-snippet":"max-snippet:-1","max-image-preview":"max-image-preview:large","max-video-preview":"max-video-preview:-1"},"canonical":"https:\/\/elfsight.com\/es\/file-embed-widget\/shopify\/","og_locale":"es_ES","og_type":"article","og_title":"Aplicaci\u00f3n File Viewer: incrusta cualquier archivo en tu sitio web de Shopify (2026)","og_description":"Con Elfsight, dise\u00f1a tu aplicaci\u00f3n File Embed e ins\u00e9rtala en tu tienda Shopify con facilidad. Disponemos de atenci\u00f3n al cliente gratuita y otros bonos.","og_url":"https:\/\/elfsight.com\/es\/file-embed-widget\/shopify\/","og_site_name":"Elfsight ES","article_modified_time":"2025-02-06T15:43:15+00:00","twitter_card":"summary_large_image","twitter_misc":{"Tiempo de lectura":"3 minutos"},"schema":{"@context":"https:\/\/schema.org","@graph":[{"@type":"WebPage","@id":"https:\/\/elfsight.com\/es\/file-embed-widget\/shopify\/","url":"https:\/\/elfsight.com\/es\/file-embed-widget\/shopify\/","name":"Aplicaci\u00f3n File Viewer: incrusta cualquier archivo en tu sitio web de Shopify (2026)","isPartOf":{"@id":"https:\/\/elfsight.com\/es\/#website"},"datePublished":"1970-01-01T00:00:00+00:00","dateModified":"2025-02-06T15:43:15+00:00","description":"Con Elfsight, dise\u00f1a tu aplicaci\u00f3n File Embed e ins\u00e9rtala en tu tienda Shopify con facilidad. Disponemos de atenci\u00f3n al cliente gratuita y otros bonos.","breadcrumb":{"@id":"https:\/\/elfsight.com\/es\/file-embed-widget\/shopify\/#breadcrumb"},"inLanguage":"es","potentialAction":[{"@type":"ReadAction","target":["https:\/\/elfsight.com\/es\/file-embed-widget\/shopify\/"]}]},{"@type":"BreadcrumbList","@id":"https:\/\/elfsight.com\/es\/file-embed-widget\/shopify\/#breadcrumb","itemListElement":[{"@type":"ListItem","position":1,"name":"Home","item":"https:\/\/elfsight.com\/es\/"},{"@type":"ListItem","position":2,"name":"File Embed","item":"https:\/\/elfsight.com\/es\/file-embed-widget\/"},{"@type":"ListItem","position":3,"name":"File Embed &#8211; Shopify"}]},{"@type":"WebSite","@id":"https:\/\/elfsight.com\/es\/#website","url":"https:\/\/elfsight.com\/es\/","name":"Elfsight ES","description":"Just another Elfsight Sites site","potentialAction":[{"@type":"SearchAction","target":{"@type":"EntryPoint","urlTemplate":"https:\/\/elfsight.com\/es\/?s={search_term_string}"},"query-input":{"@type":"PropertyValueSpecification","valueRequired":true,"valueName":"search_term_string"}}],"inLanguage":"es"}]}},"meta_box":{"industry":"","seo_heading":"","heading":"","description":"","cta_heading":"","cta_description":"","application":"911","h1":"Aplicaci\u00f3n Shopify File Insert","h1_caption":"Incrusta documentos, hojas de c\u00e1lculo y otros archivos en tu sitio web para verlos y descargarlos f\u00e1cilmente en tu sitio web de Shopify sin esfuerzo.","application_category":[],"applications_title":"","applications_request_title":"","applications_request_button_text":"","hero_text":"","hero_video":"","hero_video_schema_markup":"","selling_points_title":"","selling_points_caption":"","selling_points":[],"selling_points_cta_text":"","features_title":"","features":"","ed_cta_examples_text":"","ed_cta_examples_hidden":"","ed_cta_demo_text":"","ed_cta_demo_hidden":"","why_caption":"","why_editor_title":"","why_editor_text":"","why_team_title":"","why_team_text":"","why_service_title":"","why_service_text":"","template_catalog_visible":"","template_catalog_title":"","template_catalog_text":"","template_catalog_categories_visible":"","demo_title":"Crea tu aplicaci\u00f3n File Embed","demo_caption":"\u00a1Configura tu File Embed y agr\u00e9galo a tu sitio web de Shopify gratis!","default_faq_hidden":"","app_template_category":[],"platform":"91","template_public_id":"","codecanyon_url":"","codecanyon_item_id":"","codecanyon_price":"","pricing_caption":"","pricing_elfsight_apps_hide_column":"","pricing_elfsight_apps_url":"","pricing_codecanyon_price_caption":"","integration_category":[],"integration_request_title":"","integration_request_cta":"","integration_platform":"","integrations":[],"platform_category":[],"video_schema_markup":"","price":"desde $0 \/ mes","trial":"","benefits":[{"text":"Servicio de instalaci\u00f3n gratuito"},{"text":"Soporte premium"},{"text":"Garant\u00eda de devoluci\u00f3n de dinero de 14 d\u00edas"},{"text":"Actualizaciones gratuitas continuas"}],"button_url":"#demo","button_target_blank":"","button_nofollow":"","attributes":[{"name":"Instalaciones","content":"10,000 - 100,000"},{"name":"Sensible","content":"S\u00ed"},{"name":"Navegadores compatibles","content":"Firefox, Safari, Opera, Chrome, Edge"}],"tags":[],"tags_disable_links":"","hide_more_platforms":"","video_object":"","demo_hide_cta":"","demo_hide_cloud_options":"","pricing_title":"","pricing":[{"pricing_icon":"cloud","pricing_title":"Elfsight Apps","pricing_title_caption":"Versi\u00f3n multiplataforma que funciona en cualquier sitio web.","pricing_price":"desde $0 \/ mes","pricing_price_caption":"comienza con el plan gratuito","pricing_benefits":[{"text":"Sitios web ilimitados"},{"text":"Soporte premium"},{"text":"Servicio de instalaci\u00f3n gratuito"},{"text":"Oferta especial para m\u00faltiples aplicaciones."}],"pricing_button_text":"A\u00f1adir al sitio web","pricing_button_url":"#demo"}],"related_apps_title":"","related_apps_hidden":"","author":"","image":[],"title":"","job":"","social_networks":[]},"_links":{"self":[{"href":"https:\/\/elfsight.com\/es\/wp-json\/wp\/v2\/pages\/7981","targetHints":{"allow":["GET"]}}],"collection":[{"href":"https:\/\/elfsight.com\/es\/wp-json\/wp\/v2\/pages"}],"about":[{"href":"https:\/\/elfsight.com\/es\/wp-json\/wp\/v2\/types\/page"}],"author":[{"embeddable":true,"href":"https:\/\/elfsight.com\/es\/wp-json\/wp\/v2\/users\/9"}],"replies":[{"embeddable":true,"href":"https:\/\/elfsight.com\/es\/wp-json\/wp\/v2\/comments?post=7981"}],"version-history":[{"count":2,"href":"https:\/\/elfsight.com\/es\/wp-json\/wp\/v2\/pages\/7981\/revisions"}],"predecessor-version":[{"id":18694,"href":"https:\/\/elfsight.com\/es\/wp-json\/wp\/v2\/pages\/7981\/revisions\/18694"}],"up":[{"embeddable":true,"href":"https:\/\/elfsight.com\/es\/wp-json\/wp\/v2\/pages\/912"}],"wp:attachment":[{"href":"https:\/\/elfsight.com\/es\/wp-json\/wp\/v2\/media?parent=7981"}],"curies":[{"name":"wp","href":"https:\/\/api.w.org\/{rel}","templated":true}]}}