{"id":7965,"date":"1970-01-01T00:00:00","date_gmt":"1970-01-01T00:00:00","guid":{"rendered":"https:\/\/elfsight.com\/es\/?page_id=7965"},"modified":"2025-02-06T15:43:32","modified_gmt":"2025-02-06T15:43:32","slug":"jimdo","status":"publish","type":"page","link":"https:\/\/elfsight.com\/es\/file-embed-widget\/jimdo\/","title":{"rendered":"File Embed &#8211; Jimdo"},"content":{"rendered":"<div class=\"application-platform-content-item-description application-platform-content-item\" id=\"description\" data-nav-section=\"description\"> <h2>Descripci\u00f3n<\/h2> <p>Elfsight File Embed es una de las herramientas m\u00e1s simples e inmediatas para incrustar archivos en un sitio. Integre todos los archivos m\u00e1s utilizados: PDF, Docx, Xlsx, Jpeg; en total, alrededor de 20 formatos. Para mayor facilidad de uso, los archivos se pueden pegar simplemente carg\u00e1ndolos, ingresando sus URL o seleccion\u00e1ndolos entre los cargados recientemente. Las funciones le permiten asignar un t\u00edtulo a cada archivo, cargar su propio \u00edcono e imagen, elegir opciones de dise\u00f1o y mucho m\u00e1s. Los visitantes del sitio web pueden consultar los documentos directamente en el sitio, abrirlos en una nueva pesta\u00f1a del navegador y descargarlos. <\/p><p><b>Con File Embed, tenga un desarrollo empresarial activo y mejore las ventas <\/b><\/p> <\/div> <div class=\"application-platform-content-item-features application-platform-content-item\" id=\"features\" data-nav-section=\"features\"> <h2>Estas son las caracter\u00edsticas clave del widget: <\/h2> <ul><li>Incruste m\u00e1s de 20 formatos de archivos para descargar y ver<\/li><li>Agregue archivos ilimitados<\/li><li>Duplicar, eliminar, clonar y reordene sus archivos<\/li><li>Inserte eligiendo el archivo cargado recientemente, por URL o subi\u00e9ndolo<\/li><li>3 dise\u00f1os incluidos: lista, cuadr\u00edcula y visor de archivos<\/li><li>Dise\u00f1o del visor de archivos para ver archivos en la p\u00e1gina<\/li><li>zoom, desplazamiento y paginaci\u00f3n compatibles con el dise\u00f1o del visor de archivos<\/li><li>Opci\u00f3n para mostrar o descargar la etiqueta del archivo<\/li><li>Icono de archivo intercambiable<\/li><li>Opci\u00f3n para pintar el archivo icon<\/li><\/ul><p><a href=\"#demo\">Puedes probar la funcionalidad completa del widget en la demostraci\u00f3n de esta p\u00e1gina<\/a><\/p> <\/div> <div class=\"application-platform-content-item-installation application-platform-content-item\" id=\"installation\" data-nav-section=\"installation\"> <h2>\u00bfC\u00f3mo agregar File Embed al sitio web de Jimdo? <\/h2> <p>Simplemente siga las instrucciones a continuaci\u00f3n para integrar la herramienta. <\/p> <ol><li><b>Utiliza nuestro editor gratuito y comienza a crear tu widget personalizado. <\/b><br> Especifique el dise\u00f1o personalizado y las caracter\u00edsticas funcionales de la herramienta y guarde las modificaciones. <\/li> <li><b>Obtenga su c\u00f3digo personal apareciendo en la ventana de Elfsight Apps. <\/b><br> Cuando finalice la personalizaci\u00f3n de su widget, copie el c\u00f3digo exclusivo en el cuadro y gu\u00e1rdelo para usarlo m\u00e1s adelante. <\/li> <li><b>Iniciar la aplicaci\u00f3n del widget en la p\u00e1gina de inicio de Jimdo. <\/b><br> Pega el c\u00f3digo que has copiado recientemente en tu sitio web y guarda las mejoras. <\/li> <li><b>La configuraci\u00f3n ha finalizado por completo. <\/b><br> Vaya a su sitio para comprobar c\u00f3mo est\u00e1 funcionando el widget. <\/li><\/ol> <p>Si tienes dudas o repasas alg\u00fan problema, no dudes en dirigirte a nuestro equipo de soporte. Nuestra gente estar\u00e1 encantada de resolver todas las dificultades que puedas tener con la herramienta. <\/p> <div class=\"faq\" data-component=\"FAQ\"><div class=\"faq-item\">\r\n\t\t\t\t\t<div class=\"faq-item-question\">\r\n\t\t\t\t\t\t<h3 class=\"faq-item-question-text\">\u00bfC\u00f3mo a\u00f1adir preguntas frecuentes a mi sitio web Jimdo sin conocimientos de codificaci\u00f3n?<\/h3>\r\n\r\n\t\t\t\t\t\t<div class=\"faq-item-question-icon\"><\/div>\r\n\t\t\t\t\t<\/div>\r\n\r\n\t\t\t\t\t<div class=\"faq-item-answer\">\r\n\t\t\t\t\t\t<div class=\"faq-item-answer-text\"> <p>Elfsight proporciona una soluci\u00f3n SaaS que te permite crear un widget de preguntas frecuentes t\u00fa mismo. Mira lo f\u00e1cil que es el proceso: trabaja directamente en el editor en l\u00ednea para crear un widget de preguntas frecuentes que te gustar\u00eda ver en tu sitio web Jimdo. Elija una de las plantillas predise\u00f1adas y ajuste la configuraci\u00f3n de preguntas frecuentes, agregue su contenido, cambie el dise\u00f1o y los colores sin conocimientos de codificaci\u00f3n. Guarda las preguntas frecuentes y copia su c\u00f3digo de instalaci\u00f3n, que puedes incluir f\u00e1cilmente en tu sitio web Jimdo sin comprar una suscripci\u00f3n paga. Con nuestro editor intuitivo, cualquier usuario de Internet puede crear un widget de preguntas frecuentes online e incrustarlo f\u00e1cilmente en su sitio web Jimdo. No es necesario pagar ni ingresar las credenciales de su tarjeta para acceder al servicio. Si tiene alg\u00fan problema en cualquier paso, no dude en ponerse en contacto con nuestro equipo de soporte t\u00e9cnico.<\/p> <\/div>\r\n\t\t\t\t\t<\/div>\r\n\t\t\t\t<\/div> <\/div><\/div>","protected":false},"excerpt":{"rendered":"","protected":false},"author":9,"featured_media":0,"parent":912,"menu_order":0,"comment_status":"closed","ping_status":"closed","template":"templates\/template-application-platform.php","meta":{"publish_to_discourse":"","publish_post_category":"","wpdc_auto_publish_overridden":"","wpdc_topic_tags":"","wpdc_pin_topic":"","wpdc_pin_until":"","discourse_post_id":"","discourse_permalink":"","wpdc_publishing_response":"","wpdc_publishing_error":"","footnotes":""},"class_list":["post-7965","page","type-page","status-publish","hentry"],"yoast_head":"<!-- This site is optimized with the Yoast SEO plugin v25.3.1 - https:\/\/yoast.com\/wordpress\/plugins\/seo\/ -->\n<title>Widget de visor de archivos: incrusta cualquier archivo en tu sitio web Jimdo (2025)<\/title>\n<meta name=\"description\" content=\"Aqu\u00ed tienes la posibilidad de crear un widget de inserci\u00f3n de archivos y a\u00f1adirlo a tu sitio web Jimdo. Disfrute de soporte gratuito y otras bonificaciones de Elfsight.\" \/>\n<meta name=\"robots\" content=\"index, follow, max-snippet:-1, max-image-preview:large, max-video-preview:-1\" \/>\n<link rel=\"canonical\" href=\"https:\/\/elfsight.com\/es\/file-embed-widget\/jimdo\/\" \/>\n<meta property=\"og:locale\" content=\"es_ES\" \/>\n<meta property=\"og:type\" content=\"article\" \/>\n<meta property=\"og:title\" content=\"Widget de visor de archivos: incrusta cualquier archivo en tu sitio web Jimdo (2025)\" \/>\n<meta property=\"og:description\" content=\"Aqu\u00ed tienes la posibilidad de crear un widget de inserci\u00f3n de archivos y a\u00f1adirlo a tu sitio web Jimdo. Disfrute de soporte gratuito y otras bonificaciones de Elfsight.\" \/>\n<meta property=\"og:url\" content=\"https:\/\/elfsight.com\/es\/file-embed-widget\/jimdo\/\" \/>\n<meta property=\"og:site_name\" content=\"Elfsight ES\" \/>\n<meta property=\"article:modified_time\" content=\"2025-02-06T15:43:32+00:00\" \/>\n<meta name=\"twitter:card\" content=\"summary_large_image\" \/>\n<meta name=\"twitter:label1\" content=\"Tiempo de lectura\" \/>\n\t<meta name=\"twitter:data1\" content=\"3 minutos\" \/>\n<!-- \/ Yoast SEO plugin. -->","yoast_head_json":{"title":"Widget de visor de archivos: incrusta cualquier archivo en tu sitio web Jimdo (2025)","description":"Aqu\u00ed tienes la posibilidad de crear un widget de inserci\u00f3n de archivos y a\u00f1adirlo a tu sitio web Jimdo. Disfrute de soporte gratuito y otras bonificaciones de Elfsight.","robots":{"index":"index","follow":"follow","max-snippet":"max-snippet:-1","max-image-preview":"max-image-preview:large","max-video-preview":"max-video-preview:-1"},"canonical":"https:\/\/elfsight.com\/es\/file-embed-widget\/jimdo\/","og_locale":"es_ES","og_type":"article","og_title":"Widget de visor de archivos: incrusta cualquier archivo en tu sitio web Jimdo (2025)","og_description":"Aqu\u00ed tienes la posibilidad de crear un widget de inserci\u00f3n de archivos y a\u00f1adirlo a tu sitio web Jimdo. Disfrute de soporte gratuito y otras bonificaciones de Elfsight.","og_url":"https:\/\/elfsight.com\/es\/file-embed-widget\/jimdo\/","og_site_name":"Elfsight ES","article_modified_time":"2025-02-06T15:43:32+00:00","twitter_card":"summary_large_image","twitter_misc":{"Tiempo de lectura":"3 minutos"},"schema":{"@context":"https:\/\/schema.org","@graph":[{"@type":"WebPage","@id":"https:\/\/elfsight.com\/es\/file-embed-widget\/jimdo\/","url":"https:\/\/elfsight.com\/es\/file-embed-widget\/jimdo\/","name":"Widget de visor de archivos: incrusta cualquier archivo en tu sitio web Jimdo (2025)","isPartOf":{"@id":"https:\/\/elfsight.com\/es\/#website"},"datePublished":"1970-01-01T00:00:00+00:00","dateModified":"2025-02-06T15:43:32+00:00","description":"Aqu\u00ed tienes la posibilidad de crear un widget de inserci\u00f3n de archivos y a\u00f1adirlo a tu sitio web Jimdo. Disfrute de soporte gratuito y otras bonificaciones de Elfsight.","breadcrumb":{"@id":"https:\/\/elfsight.com\/es\/file-embed-widget\/jimdo\/#breadcrumb"},"inLanguage":"es","potentialAction":[{"@type":"ReadAction","target":["https:\/\/elfsight.com\/es\/file-embed-widget\/jimdo\/"]}]},{"@type":"BreadcrumbList","@id":"https:\/\/elfsight.com\/es\/file-embed-widget\/jimdo\/#breadcrumb","itemListElement":[{"@type":"ListItem","position":1,"name":"Home","item":"https:\/\/elfsight.com\/es\/"},{"@type":"ListItem","position":2,"name":"File Embed","item":"https:\/\/elfsight.com\/es\/file-embed-widget\/"},{"@type":"ListItem","position":3,"name":"File Embed &#8211; Jimdo"}]},{"@type":"WebSite","@id":"https:\/\/elfsight.com\/es\/#website","url":"https:\/\/elfsight.com\/es\/","name":"Elfsight ES","description":"Just another Elfsight Sites site","potentialAction":[{"@type":"SearchAction","target":{"@type":"EntryPoint","urlTemplate":"https:\/\/elfsight.com\/es\/?s={search_term_string}"},"query-input":{"@type":"PropertyValueSpecification","valueRequired":true,"valueName":"search_term_string"}}],"inLanguage":"es"}]}},"meta_box":{"industry":"","seo_heading":"","heading":"","description":"","cta_heading":"","cta_description":"","application":"911","h1":"Widget de inserci\u00f3n de archivos Jimdo","h1_caption":"Incrusta documentos, hojas de c\u00e1lculo y otros archivos en tu sitio web para verlos y descargarlos f\u00e1cilmente en tu sitio web Jimdo.","application_category":[],"applications_title":"","applications_request_title":"","applications_request_button_text":"","hero_text":"","hero_video":"","hero_video_schema_markup":"","selling_points_title":"","selling_points_caption":"","selling_points":[],"selling_points_cta_text":"","features_title":"","features":"","ed_cta_examples_text":"","ed_cta_examples_hidden":"","ed_cta_demo_text":"","ed_cta_demo_hidden":"","why_caption":"","why_editor_title":"","why_editor_text":"","why_team_title":"","why_team_text":"","why_service_title":"","why_service_text":"","template_catalog_visible":"","template_catalog_title":"","template_catalog_text":"","template_catalog_categories_visible":"","demo_title":"Crea tu widget de inserci\u00f3n de archivos","demo_caption":"\u00a1Configura tu File Embed y a\u00f1\u00e1delo a tu sitio web Jimdo gratis!","default_faq_hidden":"","app_template_category":[],"platform":"2198","template_public_id":"","codecanyon_url":"","codecanyon_item_id":"","codecanyon_price":"","pricing_caption":"","pricing_elfsight_apps_hide_column":"","pricing_elfsight_apps_url":"","pricing_codecanyon_price_caption":"","integration_category":[],"integration_request_title":"","integration_request_cta":"","integration_platform":"","integrations":[],"platform_category":[],"video_schema_markup":"","price":"desde $0 \/ mes","trial":"","benefits":[{"text":"Ayuda de instalaci\u00f3n gratuita"},{"text":"Servicio al cliente eficaz"},{"text":"Garant\u00eda de reembolso de 14 d\u00edas"},{"text":"Desarrollo continuo"}],"button_url":"#demo","button_target_blank":"","button_nofollow":"","attributes":[{"name":"Instalaciones","content":"10,000 - 100,000"},{"name":"Sensible","content":"S\u00ed"},{"name":"Navegadores compatibles","content":"Firefox, Safari, Opera, Chrome, Edge"}],"tags":[],"tags_disable_links":"","hide_more_platforms":"","video_object":"","demo_hide_cta":"","demo_hide_cloud_options":"","pricing_title":"","pricing":[{"pricing_icon":"platform","pricing_title":"Elfsight Apps","pricing_title_caption":"Versi\u00f3n multiplataforma","pricing_price":"desde $0 \/ mes","pricing_price_caption":"comienza con un plan gratuito","pricing_benefits":[{"text":"Dominios ilimitados"},{"text":"Soporte premium, puntual y bien documentado."},{"text":"Servicio de instalaci\u00f3n gratuito"},{"text":"100% personalizable"}],"pricing_button_text":"A\u00f1adir al sitio web","pricing_button_url":"#demo"}],"related_apps_title":"","related_apps_hidden":"","author":"","image":[],"title":"","job":"","social_networks":[]},"_links":{"self":[{"href":"https:\/\/elfsight.com\/es\/wp-json\/wp\/v2\/pages\/7965","targetHints":{"allow":["GET"]}}],"collection":[{"href":"https:\/\/elfsight.com\/es\/wp-json\/wp\/v2\/pages"}],"about":[{"href":"https:\/\/elfsight.com\/es\/wp-json\/wp\/v2\/types\/page"}],"author":[{"embeddable":true,"href":"https:\/\/elfsight.com\/es\/wp-json\/wp\/v2\/users\/9"}],"replies":[{"embeddable":true,"href":"https:\/\/elfsight.com\/es\/wp-json\/wp\/v2\/comments?post=7965"}],"version-history":[{"count":2,"href":"https:\/\/elfsight.com\/es\/wp-json\/wp\/v2\/pages\/7965\/revisions"}],"predecessor-version":[{"id":18702,"href":"https:\/\/elfsight.com\/es\/wp-json\/wp\/v2\/pages\/7965\/revisions\/18702"}],"up":[{"embeddable":true,"href":"https:\/\/elfsight.com\/es\/wp-json\/wp\/v2\/pages\/912"}],"wp:attachment":[{"href":"https:\/\/elfsight.com\/es\/wp-json\/wp\/v2\/media?parent=7965"}],"curies":[{"name":"wp","href":"https:\/\/api.w.org\/{rel}","templated":true}]}}