{"id":7963,"date":"1970-01-01T00:00:00","date_gmt":"1970-01-01T00:00:00","guid":{"rendered":"https:\/\/elfsight.com\/es\/?page_id=7963"},"modified":"2025-02-06T15:43:32","modified_gmt":"2025-02-06T15:43:32","slug":"html","status":"publish","type":"page","link":"https:\/\/elfsight.com\/es\/file-embed-widget\/html\/","title":{"rendered":"File Embed &#8211; HTML"},"content":{"rendered":"<div class=\"application-platform-content-item-description application-platform-content-item\" id=\"description\" data-nav-section=\"description\"> <h2>Descripci\u00f3n<\/h2> <p>El widget Elfsight File Embed es la herramienta m\u00e1s f\u00e1cil y r\u00e1pida para insertar archivos en su sitio. Pegue todos los formatos m\u00e1s utilizados: PDF, Docx, Jpg, Jpeg; en total, alrededor de 20 tipos. Para mayor comodidad, los archivos se pueden pegar simplemente carg\u00e1ndolos, ingresando las URL o seleccion\u00e1ndolos entre los \u00faltimos cargados. Puede darle a cada archivo su propio nombre, cargar un \u00edcono o una vista previa de la imagen, elegir el dise\u00f1o y m\u00e1s. Los visitantes del sitio web pueden consultar los documentos directamente en su sitio web, verlos en una nueva pesta\u00f1a y descargarlos. <\/p> <div class=\"faq\" data-component=\"FAQ\"> <div class=\"faq-item\">\r\n\t\t\t\t\t<div class=\"faq-item-question\">\r\n\t\t\t\t\t\t<h3 class=\"faq-item-question-text\">\u00bfD\u00f3nde puedo instalar File Embed?<\/h3>\r\n\r\n\t\t\t\t\t\t<div class=\"faq-item-question-icon\"><\/div>\r\n\t\t\t\t\t<\/div>\r\n\r\n\t\t\t\t\t<div class=\"faq-item-answer\">\r\n\t\t\t\t\t\t<div class=\"faq-item-answer-text\"> <p>Puedes mostrar el widget File Embed en cualquier p\u00e1gina del sitio. Por ejemplo, puede usarlo para publicar sus documentos tecnol\u00f3gicos o directrices en las p\u00e1ginas de productos, o mostrar sus diplomas y certificados en la p\u00e1gina de destino. <\/p> <\/div>\r\n\t\t\t\t\t<\/div>\r\n\t\t\t\t<\/div> <div class=\"faq-item\">\r\n\t\t\t\t\t<div class=\"faq-item-question\">\r\n\t\t\t\t\t\t<h3 class=\"faq-item-question-text\">\u00bfQu\u00e9 beneficios me brinda?<\/h3>\r\n\r\n\t\t\t\t\t\t<div class=\"faq-item-question-icon\"><\/div>\r\n\t\t\t\t\t<\/div>\r\n\r\n\t\t\t\t\t<div class=\"faq-item-answer\">\r\n\t\t\t\t\t\t<div class=\"faq-item-answer-text\"> <p>Nuestro widget puede ahorrarle una gran cantidad de tiempo, porque con su ayuda, la integraci\u00f3n de archivos en su sitio es en solo segundos. Adem\u00e1s, le ayuda a mostrar muchos datos \u00fatiles sobre sus ofertas o servicios para lograr que los clientes conozcan mejor sus art\u00edculos. <\/p> <\/div>\r\n\t\t\t\t\t<\/div>\r\n\t\t\t\t<\/div> <div class=\"faq-item\">\r\n\t\t\t\t\t<div class=\"faq-item-question\">\r\n\t\t\t\t\t\t<h3 class=\"faq-item-question-text\">\u00bfQu\u00e9 necesito para agregar File Embed a mi sitio web HTML?<\/h3>\r\n\r\n\t\t\t\t\t\t<div class=\"faq-item-question-icon\"><\/div>\r\n\t\t\t\t\t<\/div>\r\n\r\n\t\t\t\t\t<div class=\"faq-item-answer\">\r\n\t\t\t\t\t\t<div class=\"faq-item-answer-text\"> <p>Solo te llevar\u00e1 un minuto de tu tiempo comenzar a usar el widget. El proceso de integraci\u00f3n es muy r\u00e1pido, gratuito y sin codificaci\u00f3n. <\/p> <ol> <li>Puedes pegar File Embed en el sitio web directamente en nuestro servicio. Para ello, debe consultar las instrucciones que aparecen en esta p\u00e1gina. <\/li> <li>El widget se puede integrar a trav\u00e9s de nuestro servicio o a trav\u00e9s del mercado. Aqu\u00ed podr\u00e1s conocer todos los detalles de ambas variantes y decidir cu\u00e1l es la tuya. <\/li> <\/ol> <\/div>\r\n\t\t\t\t\t<\/div>\r\n\t\t\t\t<\/div> <\/div> <\/div> <div class=\"application-platform-content-item-features application-platform-content-item\" id=\"features\" data-nav-section=\"features\"> <h2>Caracter\u00edsticas<\/h2> <p>Obtenga una idea clara de File Embed, consultando una lista de las caracter\u00edsticas principales. Hacen que el widget sea m\u00e1s efectivo para su promoci\u00f3n: <\/p> <ul><li>Inserte una cantidad ilimitada de documentos; <\/li> <li>Opci\u00f3n de dise\u00f1o del Visor de archivos para revisar los documentos del sitio web; <\/li> <li>La opci\u00f3n de cargar im\u00e1genes para iconos de documentos y vistas previas; <\/li> <li>Mostrar o eliminar la etiqueta Descargar documento; <\/li> <li>Seis detalles que se pueden pintar de la interfaz del widget. <\/li> <\/ul><p>Para ver todas las funciones, vea la demostraci\u00f3n en vivo<\/p> <\/div> <div class=\"application-platform-content-item-installation application-platform-content-item\" id=\"installation\" data-nav-section=\"installation\"> <h2>Veamos c\u00f3mo colocar el widget de inserci\u00f3n de archivos en su sitio web HTML. Es incre\u00edblemente simple.<\/h2> <div class=\"video-container\"><iframe width=\"720\" height=\"405\" src=\"https:\/\/www.youtube.com\/embed\/Wn6XsosWI8M\" frameborder=\"0\"><\/iframe><\/div><p>Las siguientes acciones son lo \u00fanico que debes realizar para que est\u00e9 libre de codificaci\u00f3n. <\/p> <ol><li><b>Cree su complemento de inserci\u00f3n de archivos personalizado<\/b><br> Mediante nuestro configurador gratuito, obtenga un complemento con la composici\u00f3n y funcionalidad preferidas. <\/li><li><b>Copia el c\u00f3digo individual para mostrar el complemento<\/b><br> Despu\u00e9s de haber configurado tu widget, recibir\u00e1s el c\u00f3digo de instalaci\u00f3n en la ventana que aparece en Elfsight Apps. C\u00f3pialo. <\/li> <li><b>Agregue el complemento en su sitio HTML<\/b><br> Elija el lugar en la edad donde desea mostrar el complemento y pegue el c\u00f3digo copiado all\u00ed. Aplicar los resultados. <\/li> <li><b>\u00a1Listo! <\/b><br>Visite su sitio para ver su trabajo. <\/li> <\/ol><p>\u00bfA\u00fan est\u00e1s inquieto? \u00bfO tropez\u00f3 con algo? Simplemente env\u00ede una solicitud a nuestro equipo de soporte y resolver\u00e1 todos los problemas. <\/p> <\/div>","protected":false},"excerpt":{"rendered":"","protected":false},"author":9,"featured_media":0,"parent":912,"menu_order":0,"comment_status":"closed","ping_status":"closed","template":"templates\/template-application-platform.php","meta":{"publish_to_discourse":"","publish_post_category":"","wpdc_auto_publish_overridden":"","wpdc_topic_tags":"","wpdc_pin_topic":"","wpdc_pin_until":"","discourse_post_id":"","discourse_permalink":"","wpdc_publishing_response":"","wpdc_publishing_error":"","footnotes":""},"class_list":["post-7963","page","type-page","status-publish","hentry"],"yoast_head":"<!-- This site is optimized with the Yoast SEO plugin v25.3.1 - https:\/\/yoast.com\/wordpress\/plugins\/seo\/ -->\n<title>Widget de visor de archivos: incruste cualquier archivo en su sitio web HTML (2025)<\/title>\n<meta name=\"description\" content=\"Es f\u00e1cil crear su widget File Embed y publicarlo en su sitio web HTML. El servicio al cliente de Elfsight es gratuito y r\u00e1pido.\" \/>\n<meta name=\"robots\" content=\"index, follow, max-snippet:-1, max-image-preview:large, max-video-preview:-1\" \/>\n<link rel=\"canonical\" href=\"https:\/\/elfsight.com\/es\/file-embed-widget\/html\/\" \/>\n<meta property=\"og:locale\" content=\"es_ES\" \/>\n<meta property=\"og:type\" content=\"article\" \/>\n<meta property=\"og:title\" content=\"Widget de visor de archivos: incruste cualquier archivo en su sitio web HTML (2025)\" \/>\n<meta property=\"og:description\" content=\"Es f\u00e1cil crear su widget File Embed y publicarlo en su sitio web HTML. El servicio al cliente de Elfsight es gratuito y r\u00e1pido.\" \/>\n<meta property=\"og:url\" content=\"https:\/\/elfsight.com\/es\/file-embed-widget\/html\/\" \/>\n<meta property=\"og:site_name\" content=\"Elfsight ES\" \/>\n<meta property=\"article:modified_time\" content=\"2025-02-06T15:43:32+00:00\" \/>\n<meta name=\"twitter:card\" content=\"summary_large_image\" \/>\n<meta name=\"twitter:label1\" content=\"Tiempo de lectura\" \/>\n\t<meta name=\"twitter:data1\" content=\"3 minutos\" \/>\n<!-- \/ Yoast SEO plugin. -->","yoast_head_json":{"title":"Widget de visor de archivos: incruste cualquier archivo en su sitio web HTML (2025)","description":"Es f\u00e1cil crear su widget File Embed y publicarlo en su sitio web HTML. El servicio al cliente de Elfsight es gratuito y r\u00e1pido.","robots":{"index":"index","follow":"follow","max-snippet":"max-snippet:-1","max-image-preview":"max-image-preview:large","max-video-preview":"max-video-preview:-1"},"canonical":"https:\/\/elfsight.com\/es\/file-embed-widget\/html\/","og_locale":"es_ES","og_type":"article","og_title":"Widget de visor de archivos: incruste cualquier archivo en su sitio web HTML (2025)","og_description":"Es f\u00e1cil crear su widget File Embed y publicarlo en su sitio web HTML. El servicio al cliente de Elfsight es gratuito y r\u00e1pido.","og_url":"https:\/\/elfsight.com\/es\/file-embed-widget\/html\/","og_site_name":"Elfsight ES","article_modified_time":"2025-02-06T15:43:32+00:00","twitter_card":"summary_large_image","twitter_misc":{"Tiempo de lectura":"3 minutos"},"schema":{"@context":"https:\/\/schema.org","@graph":[{"@type":"WebPage","@id":"https:\/\/elfsight.com\/es\/file-embed-widget\/html\/","url":"https:\/\/elfsight.com\/es\/file-embed-widget\/html\/","name":"Widget de visor de archivos: incruste cualquier archivo en su sitio web HTML (2025)","isPartOf":{"@id":"https:\/\/elfsight.com\/es\/#website"},"datePublished":"1970-01-01T00:00:00+00:00","dateModified":"2025-02-06T15:43:32+00:00","description":"Es f\u00e1cil crear su widget File Embed y publicarlo en su sitio web HTML. El servicio al cliente de Elfsight es gratuito y r\u00e1pido.","breadcrumb":{"@id":"https:\/\/elfsight.com\/es\/file-embed-widget\/html\/#breadcrumb"},"inLanguage":"es","potentialAction":[{"@type":"ReadAction","target":["https:\/\/elfsight.com\/es\/file-embed-widget\/html\/"]}]},{"@type":"BreadcrumbList","@id":"https:\/\/elfsight.com\/es\/file-embed-widget\/html\/#breadcrumb","itemListElement":[{"@type":"ListItem","position":1,"name":"Home","item":"https:\/\/elfsight.com\/es\/"},{"@type":"ListItem","position":2,"name":"File Embed","item":"https:\/\/elfsight.com\/es\/file-embed-widget\/"},{"@type":"ListItem","position":3,"name":"File Embed &#8211; HTML"}]},{"@type":"WebSite","@id":"https:\/\/elfsight.com\/es\/#website","url":"https:\/\/elfsight.com\/es\/","name":"Elfsight ES","description":"Just another Elfsight Sites site","potentialAction":[{"@type":"SearchAction","target":{"@type":"EntryPoint","urlTemplate":"https:\/\/elfsight.com\/es\/?s={search_term_string}"},"query-input":{"@type":"PropertyValueSpecification","valueRequired":true,"valueName":"search_term_string"}}],"inLanguage":"es"}]}},"meta_box":{"industry":"","seo_heading":"","heading":"","description":"","cta_heading":"","cta_description":"","application":"911","h1":"Widget de inserci\u00f3n de archivos HTML","h1_caption":"Incruste documentos, hojas de c\u00e1lculo y otros archivos en su sitio web para verlos y descargarlos f\u00e1cilmente en su sitio web HTML sin esfuerzo.","application_category":[],"applications_title":"","applications_request_title":"","applications_request_button_text":"","hero_text":"","hero_video":"","hero_video_schema_markup":"","selling_points_title":"","selling_points_caption":"","selling_points":[],"selling_points_cta_text":"","features_title":"","features":"","ed_cta_examples_text":"","ed_cta_examples_hidden":"","ed_cta_demo_text":"","ed_cta_demo_hidden":"","why_caption":"","why_editor_title":"","why_editor_text":"","why_team_title":"","why_team_text":"","why_service_title":"","why_service_text":"","template_catalog_visible":"","template_catalog_title":"","template_catalog_text":"","template_catalog_categories_visible":"","demo_title":"Crea tu widget de inserci\u00f3n de archivos","demo_caption":"\u00a1Configure su archivo incrustado y agr\u00e9guelo a su sitio web HTML de forma gratuita!","default_faq_hidden":"","app_template_category":[],"platform":"70","template_public_id":"","codecanyon_url":"","codecanyon_item_id":"","codecanyon_price":"","pricing_caption":"","pricing_elfsight_apps_hide_column":"","pricing_elfsight_apps_url":"","pricing_codecanyon_price_caption":"","integration_category":[],"integration_request_title":"","integration_request_cta":"","integration_platform":"","integrations":[],"platform_category":[],"video_schema_markup":"","price":"desde $0 \/ mes","trial":"","benefits":[{"text":"Servicio de instalaci\u00f3n gratuito"},{"text":"Atenci\u00f3n al cliente experimentada"},{"text":"Garant\u00eda de reembolso de 14 d\u00edas"},{"text":"Actualizando constantemente"}],"button_url":"#demo","button_target_blank":"","button_nofollow":"","attributes":[{"name":"Instalaciones","content":"10,000 - 100,000"},{"name":"Sensible","content":"S\u00ed"},{"name":"Navegadores compatibles","content":"Firefox, Safari, Opera, Chrome, Edge"}],"tags":[],"tags_disable_links":"","hide_more_platforms":"","video_object":"","demo_hide_cta":"","demo_hide_cloud_options":"","pricing_title":"","pricing":[{"pricing_icon":"platform","pricing_title":"Elfsight Apps","pricing_title_caption":"Versi\u00f3n multiplataforma","pricing_price":"desde $0 \/ mes","pricing_price_caption":"comienza con el plan gratuito","pricing_benefits":[{"text":"Sitios web ilimitados"},{"text":"Soporte premium y puntual"},{"text":"Asistencia de instalaci\u00f3n gratuita"},{"text":"Precio especial para m\u00faltiples aplicaciones"}],"pricing_button_text":"A\u00f1adir al sitio web","pricing_button_url":"#demo"}],"related_apps_title":"","related_apps_hidden":"","author":"","image":[],"title":"","job":"","social_networks":[]},"_links":{"self":[{"href":"https:\/\/elfsight.com\/es\/wp-json\/wp\/v2\/pages\/7963","targetHints":{"allow":["GET"]}}],"collection":[{"href":"https:\/\/elfsight.com\/es\/wp-json\/wp\/v2\/pages"}],"about":[{"href":"https:\/\/elfsight.com\/es\/wp-json\/wp\/v2\/types\/page"}],"author":[{"embeddable":true,"href":"https:\/\/elfsight.com\/es\/wp-json\/wp\/v2\/users\/9"}],"replies":[{"embeddable":true,"href":"https:\/\/elfsight.com\/es\/wp-json\/wp\/v2\/comments?post=7963"}],"version-history":[{"count":2,"href":"https:\/\/elfsight.com\/es\/wp-json\/wp\/v2\/pages\/7963\/revisions"}],"predecessor-version":[{"id":18704,"href":"https:\/\/elfsight.com\/es\/wp-json\/wp\/v2\/pages\/7963\/revisions\/18704"}],"up":[{"embeddable":true,"href":"https:\/\/elfsight.com\/es\/wp-json\/wp\/v2\/pages\/912"}],"wp:attachment":[{"href":"https:\/\/elfsight.com\/es\/wp-json\/wp\/v2\/media?parent=7963"}],"curies":[{"name":"wp","href":"https:\/\/api.w.org\/{rel}","templated":true}]}}