{"id":7962,"date":"1970-01-01T00:00:00","date_gmt":"1970-01-01T00:00:00","guid":{"rendered":"https:\/\/elfsight.com\/es\/?page_id=7962"},"modified":"2025-02-06T15:43:32","modified_gmt":"2025-02-06T15:43:32","slug":"google-sites","status":"publish","type":"page","link":"https:\/\/elfsight.com\/es\/file-embed-widget\/google-sites\/","title":{"rendered":"File Embed &#8211; Google Sites"},"content":{"rendered":"<div class=\"application-platform-content-item-description application-platform-content-item\" id=\"description\" data-nav-section=\"description\"> <h2>Insertar archivo Incrustar en Google Sites con el widget Elfsight<\/h2> <p>Elfsight File Embed para Google es el widget m\u00e1s pr\u00e1ctico y r\u00e1pido para cargar archivos en su sitio. Agregue todos los formatos de archivo m\u00e1s utilizados: PDF, Docx, Xlsx, Jpeg; en total, alrededor de 20 tipos. Para mayor comodidad, los documentos se pueden integrar carg\u00e1ndolos, agregando las URL o eligi\u00e9ndolos de la lista de los \u00faltimos cargados. Puedes darle a cada documento tu propio t\u00edtulo, cargar un \u00edcono o imagen, elegir una opci\u00f3n de dise\u00f1o y mucho m\u00e1s. Los usuarios del sitio web pueden ver los archivos directamente en su sitio web, verlos en una nueva pesta\u00f1a del navegador y descargarlos. <\/p> <p><b>\u00a1Empiece a aplicar el Visor de archivos para alcanzar los picos de su negocio m\u00e1s f\u00e1cilmente!<\/b><\/p> <\/div> <div class=\"application-platform-content-item-features application-platform-content-item\" id=\"features\" data-nav-section=\"features\"> <h2>Encuentre las siguientes funciones b\u00e1sicas del widget: <\/h2> <ul><li>Pegue cualquier cantidad de documentos; <\/li> <li>Variante de dise\u00f1o del Visor de archivos para leer documentos en el sitio; <\/li> <li>Cargar im\u00e1genes para iconos de documentos y vistas previas; <\/li> <li>Mostrar o desactivar Descargar texto del archivo; <\/li> <li> Elija colores para seis elementos de la interfaz. <\/li> <\/ul><p><a href=\"#demo\">Puedes sentir lo que ofrece el widget con la ayuda de la demostraci\u00f3n<\/a><\/p> <\/div> <div class=\"application-platform-content-item-installation application-platform-content-item\" id=\"installation\" data-nav-section=\"installation\"> <h2>\u00bfC\u00f3mo cargar un widget de Visor de archivos en Google Sites?<\/h2> <p>Simplemente sigue varios pasos que se presentan a continuaci\u00f3n para comenzar a trabajar con la herramienta.<\/p> <ol><li><b>Utilice nuestro configurador gratuito y comience a crear su complemento personalizado.<\/b><br> Determine el dise\u00f1o y las caracter\u00edsticas preferibles del complemento y guarde las correcciones.<\/li> <li><b>Obtenga su c\u00f3digo individual mostrado en la ventana de Elfsight Apps.<\/b><br> Inmediatamente despu\u00e9s de configurar su complemento personal, copie el c\u00f3digo personal en el cuadro que aparece y gu\u00e1rdelo para su uso posterior.<\/li> <li><b>Inicie el uso de File Embed en Google Sites.<\/b><br> Ingrese el c\u00f3digo copiado anteriormente en su sitio web y aplique las mejoras.<\/li> <li><b>La instalaci\u00f3n se realiz\u00f3 exitosamente.<\/b><br> Visite su sitio para ver c\u00f3mo funciona la herramienta.<\/li><\/ol> [consejo]<b>Debido a las peculiaridades del trabajo de Google Sites, el widget puede tener un aspecto diferente al de la demostraci\u00f3n en l\u00ednea. Nos disculpamos por cualquier inconveniente causado.<\/b>[\/tip]<p>Con la condici\u00f3n de resolver preguntas o enfrentar algunos problemas, comun\u00edquese con nuestro equipo de soporte. Nuestros especialistas desean ayudarlo con todos los problemas que pueda tener con el complemento.<\/p> <div class=\"faq\" data-component=\"FAQ\"><div class=\"faq-item\">\r\n\t\t\t\t\t<div class=\"faq-item-question\">\r\n\t\t\t\t\t\t<h3 class=\"faq-item-question-text\">\u00bfC\u00f3mo agregar preguntas frecuentes a mi sitio web de Google Sites sin conocimientos de codificaci\u00f3n?<\/h3>\r\n\r\n\t\t\t\t\t\t<div class=\"faq-item-question-icon\"><\/div>\r\n\t\t\t\t\t<\/div>\r\n\r\n\t\t\t\t\t<div class=\"faq-item-answer\">\r\n\t\t\t\t\t\t<div class=\"faq-item-answer-text\"> <p>Elfsight proporciona una soluci\u00f3n SaaS que le permite crear un widget de preguntas frecuentes usted mismo. Vea lo f\u00e1cil que es el proceso: trabaje directamente en el editor en l\u00ednea para crear un widget de preguntas frecuentes que le gustar\u00eda ver en su sitio web de Google Sites. Elija una de las plantillas predise\u00f1adas y ajuste la configuraci\u00f3n de preguntas frecuentes, agregue su contenido, cambie el dise\u00f1o y los colores sin conocimientos de codificaci\u00f3n. Guarde las preguntas frecuentes y copie su c\u00f3digo de instalaci\u00f3n, que puede insertar f\u00e1cilmente en su sitio web de Google Sites sin necesidad de comprar un plan pago. Con nuestro editor intuitivo, cualquier usuario de Internet puede crear un widget de preguntas frecuentes en l\u00ednea e incrustarlo f\u00e1cilmente en su sitio web de Google Sites. No es necesario pagar ni ingresar las credenciales de su tarjeta para acceder al servicio. Si tiene alg\u00fan problema en cualquier paso, no dude en ponerse en contacto con nuestro equipo de soporte t\u00e9cnico.<\/p> <\/div>\r\n\t\t\t\t\t<\/div>\r\n\t\t\t\t<\/div> <\/div><\/div>","protected":false},"excerpt":{"rendered":"","protected":false},"author":9,"featured_media":0,"parent":912,"menu_order":0,"comment_status":"closed","ping_status":"closed","template":"templates\/template-application-platform.php","meta":{"publish_to_discourse":"","publish_post_category":"","wpdc_auto_publish_overridden":"","wpdc_topic_tags":"","wpdc_pin_topic":"","wpdc_pin_until":"","discourse_post_id":"","discourse_permalink":"","wpdc_publishing_response":"","wpdc_publishing_error":"","footnotes":""},"class_list":["post-7962","page","type-page","status-publish","hentry"],"yoast_head":"<!-- This site is optimized with the Yoast SEO plugin v25.3.1 - https:\/\/yoast.com\/wordpress\/plugins\/seo\/ -->\n<title>Visor de archivos: cargue cualquier archivo en Google Sites en 1 minuto (2025)<\/title>\n<meta name=\"description\" content=\"Agregue un widget de visor de archivos responsivo en sus sitios de Google y consiga plena confianza. Utilice la \u00fatil demostraci\u00f3n de Elfsight para crear su widget exclusivo de inserci\u00f3n de archivos.\" \/>\n<meta name=\"robots\" content=\"index, follow, max-snippet:-1, max-image-preview:large, max-video-preview:-1\" \/>\n<link rel=\"canonical\" href=\"https:\/\/elfsight.com\/es\/file-embed-widget\/google-sites\/\" \/>\n<meta property=\"og:locale\" content=\"es_ES\" \/>\n<meta property=\"og:type\" content=\"article\" \/>\n<meta property=\"og:title\" content=\"Visor de archivos: cargue cualquier archivo en Google Sites en 1 minuto (2025)\" \/>\n<meta property=\"og:description\" content=\"Agregue un widget de visor de archivos responsivo en sus sitios de Google y consiga plena confianza. Utilice la \u00fatil demostraci\u00f3n de Elfsight para crear su widget exclusivo de inserci\u00f3n de archivos.\" \/>\n<meta property=\"og:url\" content=\"https:\/\/elfsight.com\/es\/file-embed-widget\/google-sites\/\" \/>\n<meta property=\"og:site_name\" content=\"Elfsight ES\" \/>\n<meta property=\"article:modified_time\" content=\"2025-02-06T15:43:32+00:00\" \/>\n<meta name=\"twitter:card\" content=\"summary_large_image\" \/>\n<meta name=\"twitter:label1\" content=\"Tiempo de lectura\" \/>\n\t<meta name=\"twitter:data1\" content=\"3 minutos\" \/>\n<!-- \/ Yoast SEO plugin. -->","yoast_head_json":{"title":"Visor de archivos: cargue cualquier archivo en Google Sites en 1 minuto (2025)","description":"Agregue un widget de visor de archivos responsivo en sus sitios de Google y consiga plena confianza. Utilice la \u00fatil demostraci\u00f3n de Elfsight para crear su widget exclusivo de inserci\u00f3n de archivos.","robots":{"index":"index","follow":"follow","max-snippet":"max-snippet:-1","max-image-preview":"max-image-preview:large","max-video-preview":"max-video-preview:-1"},"canonical":"https:\/\/elfsight.com\/es\/file-embed-widget\/google-sites\/","og_locale":"es_ES","og_type":"article","og_title":"Visor de archivos: cargue cualquier archivo en Google Sites en 1 minuto (2025)","og_description":"Agregue un widget de visor de archivos responsivo en sus sitios de Google y consiga plena confianza. Utilice la \u00fatil demostraci\u00f3n de Elfsight para crear su widget exclusivo de inserci\u00f3n de archivos.","og_url":"https:\/\/elfsight.com\/es\/file-embed-widget\/google-sites\/","og_site_name":"Elfsight ES","article_modified_time":"2025-02-06T15:43:32+00:00","twitter_card":"summary_large_image","twitter_misc":{"Tiempo de lectura":"3 minutos"},"schema":{"@context":"https:\/\/schema.org","@graph":[{"@type":"WebPage","@id":"https:\/\/elfsight.com\/es\/file-embed-widget\/google-sites\/","url":"https:\/\/elfsight.com\/es\/file-embed-widget\/google-sites\/","name":"Visor de archivos: cargue cualquier archivo en Google Sites en 1 minuto (2025)","isPartOf":{"@id":"https:\/\/elfsight.com\/es\/#website"},"datePublished":"1970-01-01T00:00:00+00:00","dateModified":"2025-02-06T15:43:32+00:00","description":"Agregue un widget de visor de archivos responsivo en sus sitios de Google y consiga plena confianza. Utilice la \u00fatil demostraci\u00f3n de Elfsight para crear su widget exclusivo de inserci\u00f3n de archivos.","breadcrumb":{"@id":"https:\/\/elfsight.com\/es\/file-embed-widget\/google-sites\/#breadcrumb"},"inLanguage":"es","potentialAction":[{"@type":"ReadAction","target":["https:\/\/elfsight.com\/es\/file-embed-widget\/google-sites\/"]}]},{"@type":"BreadcrumbList","@id":"https:\/\/elfsight.com\/es\/file-embed-widget\/google-sites\/#breadcrumb","itemListElement":[{"@type":"ListItem","position":1,"name":"Home","item":"https:\/\/elfsight.com\/es\/"},{"@type":"ListItem","position":2,"name":"File Embed","item":"https:\/\/elfsight.com\/es\/file-embed-widget\/"},{"@type":"ListItem","position":3,"name":"File Embed &#8211; Google Sites"}]},{"@type":"WebSite","@id":"https:\/\/elfsight.com\/es\/#website","url":"https:\/\/elfsight.com\/es\/","name":"Elfsight ES","description":"Just another Elfsight Sites site","potentialAction":[{"@type":"SearchAction","target":{"@type":"EntryPoint","urlTemplate":"https:\/\/elfsight.com\/es\/?s={search_term_string}"},"query-input":{"@type":"PropertyValueSpecification","valueRequired":true,"valueName":"search_term_string"}}],"inLanguage":"es"}]}},"meta_box":{"industry":"","seo_heading":"","heading":"","description":"","cta_heading":"","cta_description":"","application":"911","h1":"Widget del visor de archivos de Google Sites","h1_caption":"Incruste documentos, hojas de c\u00e1lculo y otros archivos en su sitio web para verlos y descargarlos f\u00e1cilmente en sus sitios de Google.","application_category":[],"applications_title":"","applications_request_title":"","applications_request_button_text":"","hero_text":"","hero_video":"","hero_video_schema_markup":"","selling_points_title":"","selling_points_caption":"","selling_points":[],"selling_points_cta_text":"","features_title":"","features":"","ed_cta_examples_text":"","ed_cta_examples_hidden":"","ed_cta_demo_text":"","ed_cta_demo_hidden":"","why_caption":"","why_editor_title":"","why_editor_text":"","why_team_title":"","why_team_text":"","why_service_title":"","why_service_text":"","template_catalog_visible":"","template_catalog_title":"","template_catalog_text":"","template_catalog_categories_visible":"","demo_title":"Crea tu widget de inserci\u00f3n de archivos","demo_caption":"Configure su File Embed y agr\u00e9guelo a su sitio web de Google Sites de forma gratuita.","default_faq_hidden":"","app_template_category":[],"platform":"67","template_public_id":"","codecanyon_url":"","codecanyon_item_id":"","codecanyon_price":"","pricing_caption":"","pricing_elfsight_apps_hide_column":"","pricing_elfsight_apps_url":"","pricing_codecanyon_price_caption":"","integration_category":[],"integration_request_title":"","integration_request_cta":"","integration_platform":"","integrations":[],"platform_category":[],"video_schema_markup":"","price":"desde $0 \/ mes","trial":"","benefits":[{"text":"Ayuda de instalaci\u00f3n gratuita"},{"text":"Atenci\u00f3n al cliente experimentada"},{"text":"Garant\u00eda de reembolso de 14 d\u00edas"},{"text":"Actualizando constantemente"}],"button_url":"#demo","button_target_blank":"","button_nofollow":"","attributes":[{"name":"Instalaciones","content":"10,000 - 100,000"},{"name":"Sensible","content":"S\u00ed"},{"name":"Navegadores compatibles","content":"Safari, Firefox, Chrome, Edge, Opera"}],"tags":[],"tags_disable_links":"","hide_more_platforms":"","video_object":"","demo_hide_cta":"","demo_hide_cloud_options":"","pricing_title":"","pricing":[{"pricing_icon":"platform","pricing_title":"Elfsight Apps","pricing_title_caption":"Software multiplataforma que se adapta a cualquier sitio web","pricing_price":"desde $0 \/ mes","pricing_price_caption":"comienza con el plan gratuito","pricing_benefits":[{"text":"Sitios web ilimitados"},{"text":"Soporte premium"},{"text":"Asistencia de instalaci\u00f3n gratuita"},{"text":"Oferta limitada para m\u00faltiples aplicaciones."}],"pricing_button_text":"A\u00f1adir al sitio web","pricing_button_url":"#demo"}],"related_apps_title":"","related_apps_hidden":"","author":"","image":[],"title":"","job":"","social_networks":[]},"_links":{"self":[{"href":"https:\/\/elfsight.com\/es\/wp-json\/wp\/v2\/pages\/7962","targetHints":{"allow":["GET"]}}],"collection":[{"href":"https:\/\/elfsight.com\/es\/wp-json\/wp\/v2\/pages"}],"about":[{"href":"https:\/\/elfsight.com\/es\/wp-json\/wp\/v2\/types\/page"}],"author":[{"embeddable":true,"href":"https:\/\/elfsight.com\/es\/wp-json\/wp\/v2\/users\/9"}],"replies":[{"embeddable":true,"href":"https:\/\/elfsight.com\/es\/wp-json\/wp\/v2\/comments?post=7962"}],"version-history":[{"count":2,"href":"https:\/\/elfsight.com\/es\/wp-json\/wp\/v2\/pages\/7962\/revisions"}],"predecessor-version":[{"id":18705,"href":"https:\/\/elfsight.com\/es\/wp-json\/wp\/v2\/pages\/7962\/revisions\/18705"}],"up":[{"embeddable":true,"href":"https:\/\/elfsight.com\/es\/wp-json\/wp\/v2\/pages\/912"}],"wp:attachment":[{"href":"https:\/\/elfsight.com\/es\/wp-json\/wp\/v2\/media?parent=7962"}],"curies":[{"name":"wp","href":"https:\/\/api.w.org\/{rel}","templated":true}]}}