{"id":7957,"date":"1970-01-01T00:00:00","date_gmt":"1970-01-01T00:00:00","guid":{"rendered":"https:\/\/elfsight.com\/es\/?page_id=7957"},"modified":"2025-02-06T15:43:42","modified_gmt":"2025-02-06T15:43:42","slug":"godaddy","status":"publish","type":"page","link":"https:\/\/elfsight.com\/es\/file-embed-widget\/godaddy\/","title":{"rendered":"File Embed &#8211; GoDaddy"},"content":{"rendered":"<div class=\"application-platform-content-item-description application-platform-content-item\" id=\"description\" data-nav-section=\"description\"> <h2>Insertar archivo Incrustar en GoDaddy con el widget Elfsight<\/h2> <p>El complemento de inserci\u00f3n de archivos Elfsight para GoDaddy es la forma m\u00e1s sencilla de insertar un archivo en la p\u00e1gina de su sitio web. Puede adjuntar cualquier tipo de archivo popular: PDF, Docx, Xlsx, Jpeg y otros formatos, con un par de clics. Elija uno de los dise\u00f1os que permiten ver los archivos directamente en la p\u00e1gina o mostrar sus \u00edconos. Ofrecemos \u00edconos de todos los formatos populares, elementos de interfaz que se pueden pintar, opciones de tama\u00f1o de fuente y encabezado de complemento editable. \u00a1Incorpore sus certificados, documentaci\u00f3n t\u00e9cnica, instrucciones y m\u00e1s en unos segundos!<\/p> <p><b>M\u00e1s conocimiento del cliente sobre sus productos<\/b><\/p> <\/div> <div class=\"application-platform-content-item-features application-platform-content-item\" id=\"features\" data-nav-section=\"features\"> <h2>Estas son s\u00f3lo algunas de las valiosas caracter\u00edsticas del complemento: <\/h2> <ul><li>Integre un n\u00famero ilimitado de archivos; <\/li> <li>Variante de dise\u00f1o del Visor de archivos para leer archivos en el sitio; <\/li> <li>Sube im\u00e1genes para \u00edconos y vistas previas; <\/li> <li>Mostrar o eliminar Descargar texto del documento; <\/li> <li>Seis detalles coloreables de la interfaz. <\/li> <\/ul><p><a href=\"#demo\">Simplemente pruebe esta demostraci\u00f3n para tener una idea completa<\/a><\/p> <\/div> <div class=\"application-platform-content-item-installation application-platform-content-item\" id=\"installation\" data-nav-section=\"installation\"> <h2>\u00bfC\u00f3mo incrustar File Embed en mi p\u00e1gina web de GoDaddy? <\/h2> <p>Simplemente siga las pautas a continuaci\u00f3n para integrar la herramienta. <\/p> <ol><li><b>Inicie nuestro configurador gratuito y comience a formar su propio instrumento. <\/b><br>Elija el dise\u00f1o y las caracter\u00edsticas adecuadas de la herramienta y aplique las correcciones. <\/li> <li><b>Obtenga el c\u00f3digo \u00fanico que aparece en el cuadro de Elfsight Apps. <\/b><br> Tan pronto como finalice la generaci\u00f3n de su herramienta, copie el c\u00f3digo individual de la ventana emergente que aparece y gu\u00e1rdelo para futuras necesidades. <\/li> <li><b>Comience a utilizar la herramienta en su sitio web de GoDaddy. <\/b><br> Pega el c\u00f3digo que has copiado recientemente en tu p\u00e1gina web y aplica las modificaciones. <\/li> <li><b>La configuraci\u00f3n se realiz\u00f3 por completo. <\/b><br> Vaya a su p\u00e1gina para ver c\u00f3mo funciona el complemento. <\/li><\/ol> <p>Si tiene preguntas o enfrenta alguna dificultad, no dude en comunicarse con nuestro personal de soporte. Nuestros especialistas estar\u00e1n encantados de resolver todas las dudas que puedas tener con el producto. <\/p> <div class=\"faq\" data-component=\"FAQ\"><div class=\"faq-item\">\r\n\t\t\t\t\t<div class=\"faq-item-question\">\r\n\t\t\t\t\t\t<h3 class=\"faq-item-question-text\">\u00bfC\u00f3mo agregar preguntas frecuentes a mi sitio web de GoDaddy sin conocimientos de codificaci\u00f3n?<\/h3>\r\n\r\n\t\t\t\t\t\t<div class=\"faq-item-question-icon\"><\/div>\r\n\t\t\t\t\t<\/div>\r\n\r\n\t\t\t\t\t<div class=\"faq-item-answer\">\r\n\t\t\t\t\t\t<div class=\"faq-item-answer-text\"> <p>Elfsight proporciona una soluci\u00f3n SaaS que le permite crear un widget de preguntas frecuentes usted mismo. Vea lo f\u00e1cil que es el proceso: trabaje directamente en el editor en l\u00ednea para crear un widget de preguntas frecuentes que le gustar\u00eda ver en su sitio web de GoDaddy. Elija una de las plantillas predise\u00f1adas y ajuste la configuraci\u00f3n de preguntas frecuentes, agregue su contenido, cambie el dise\u00f1o y los colores sin conocimientos de codificaci\u00f3n. Guarde las preguntas frecuentes y copie su c\u00f3digo de instalaci\u00f3n, que puede insertar f\u00e1cilmente en su sitio web de GoDaddy sin necesidad de comprar una suscripci\u00f3n paga. Con nuestro editor intuitivo, cualquier usuario de Internet puede crear un widget de preguntas frecuentes en l\u00ednea e incrustarlo f\u00e1cilmente en su sitio web GoDaddy. No es necesario pagar ni ingresar las credenciales de su tarjeta para acceder al servicio. Si tiene alg\u00fan problema en cualquier paso, no dude en ponerse en contacto con nuestro equipo de soporte t\u00e9cnico.<\/p> <\/div>\r\n\t\t\t\t\t<\/div>\r\n\t\t\t\t<\/div> <\/div><\/div>","protected":false},"excerpt":{"rendered":"","protected":false},"author":9,"featured_media":0,"parent":912,"menu_order":0,"comment_status":"closed","ping_status":"closed","template":"templates\/template-application-platform.php","meta":{"publish_to_discourse":"","publish_post_category":"","wpdc_auto_publish_overridden":"","wpdc_topic_tags":"","wpdc_pin_topic":"","wpdc_pin_until":"","discourse_post_id":"","discourse_permalink":"","wpdc_publishing_response":"","wpdc_publishing_error":"","footnotes":""},"class_list":["post-7957","page","type-page","status-publish","hentry"],"yoast_head":"<!-- This site is optimized with the Yoast SEO plugin v25.3.1 - https:\/\/yoast.com\/wordpress\/plugins\/seo\/ -->\n<title>Complemento para insertar archivos: agregue el complemento para insertar archivos al sitio web de GoDaddy.<\/title>\n<meta name=\"description\" content=\"Incruste un archivo de cualquier tipo en su sitio web mediante el complemento de inserci\u00f3n de archivos Elfsight para GoDaddy. \u00a1Suave y f\u00e1cil!\" \/>\n<meta name=\"robots\" content=\"index, follow, max-snippet:-1, max-image-preview:large, max-video-preview:-1\" \/>\n<link rel=\"canonical\" href=\"https:\/\/elfsight.com\/es\/file-embed-widget\/godaddy\/\" \/>\n<meta property=\"og:locale\" content=\"es_ES\" \/>\n<meta property=\"og:type\" content=\"article\" \/>\n<meta property=\"og:title\" content=\"Complemento para insertar archivos: agregue el complemento para insertar archivos al sitio web de GoDaddy.\" \/>\n<meta property=\"og:description\" content=\"Incruste un archivo de cualquier tipo en su sitio web mediante el complemento de inserci\u00f3n de archivos Elfsight para GoDaddy. \u00a1Suave y f\u00e1cil!\" \/>\n<meta property=\"og:url\" content=\"https:\/\/elfsight.com\/es\/file-embed-widget\/godaddy\/\" \/>\n<meta property=\"og:site_name\" content=\"Elfsight ES\" \/>\n<meta property=\"article:modified_time\" content=\"2025-02-06T15:43:42+00:00\" \/>\n<meta name=\"twitter:card\" content=\"summary_large_image\" \/>\n<meta name=\"twitter:label1\" content=\"Tiempo de lectura\" \/>\n\t<meta name=\"twitter:data1\" content=\"3 minutos\" \/>\n<!-- \/ Yoast SEO plugin. -->","yoast_head_json":{"title":"Complemento para insertar archivos: agregue el complemento para insertar archivos al sitio web de GoDaddy.","description":"Incruste un archivo de cualquier tipo en su sitio web mediante el complemento de inserci\u00f3n de archivos Elfsight para GoDaddy. \u00a1Suave y f\u00e1cil!","robots":{"index":"index","follow":"follow","max-snippet":"max-snippet:-1","max-image-preview":"max-image-preview:large","max-video-preview":"max-video-preview:-1"},"canonical":"https:\/\/elfsight.com\/es\/file-embed-widget\/godaddy\/","og_locale":"es_ES","og_type":"article","og_title":"Complemento para insertar archivos: agregue el complemento para insertar archivos al sitio web de GoDaddy.","og_description":"Incruste un archivo de cualquier tipo en su sitio web mediante el complemento de inserci\u00f3n de archivos Elfsight para GoDaddy. \u00a1Suave y f\u00e1cil!","og_url":"https:\/\/elfsight.com\/es\/file-embed-widget\/godaddy\/","og_site_name":"Elfsight ES","article_modified_time":"2025-02-06T15:43:42+00:00","twitter_card":"summary_large_image","twitter_misc":{"Tiempo de lectura":"3 minutos"},"schema":{"@context":"https:\/\/schema.org","@graph":[{"@type":"WebPage","@id":"https:\/\/elfsight.com\/es\/file-embed-widget\/godaddy\/","url":"https:\/\/elfsight.com\/es\/file-embed-widget\/godaddy\/","name":"Complemento para insertar archivos: agregue el complemento para insertar archivos al sitio web de GoDaddy.","isPartOf":{"@id":"https:\/\/elfsight.com\/es\/#website"},"datePublished":"1970-01-01T00:00:00+00:00","dateModified":"2025-02-06T15:43:42+00:00","description":"Incruste un archivo de cualquier tipo en su sitio web mediante el complemento de inserci\u00f3n de archivos Elfsight para GoDaddy. \u00a1Suave y f\u00e1cil!","breadcrumb":{"@id":"https:\/\/elfsight.com\/es\/file-embed-widget\/godaddy\/#breadcrumb"},"inLanguage":"es","potentialAction":[{"@type":"ReadAction","target":["https:\/\/elfsight.com\/es\/file-embed-widget\/godaddy\/"]}]},{"@type":"BreadcrumbList","@id":"https:\/\/elfsight.com\/es\/file-embed-widget\/godaddy\/#breadcrumb","itemListElement":[{"@type":"ListItem","position":1,"name":"Home","item":"https:\/\/elfsight.com\/es\/"},{"@type":"ListItem","position":2,"name":"File Embed","item":"https:\/\/elfsight.com\/es\/file-embed-widget\/"},{"@type":"ListItem","position":3,"name":"File Embed &#8211; GoDaddy"}]},{"@type":"WebSite","@id":"https:\/\/elfsight.com\/es\/#website","url":"https:\/\/elfsight.com\/es\/","name":"Elfsight ES","description":"Just another Elfsight Sites site","potentialAction":[{"@type":"SearchAction","target":{"@type":"EntryPoint","urlTemplate":"https:\/\/elfsight.com\/es\/?s={search_term_string}"},"query-input":{"@type":"PropertyValueSpecification","valueRequired":true,"valueName":"search_term_string"}}],"inLanguage":"es"}]}},"meta_box":{"industry":"","seo_heading":"","heading":"","description":"","cta_heading":"","cta_description":"","application":"911","h1":"Complemento de inserci\u00f3n de archivos de GoDaddy","h1_caption":"Incruste documentos, hojas de c\u00e1lculo y otros archivos en su sitio web para verlos y descargarlos f\u00e1cilmente en su sitio web de GoDaddy sin esfuerzo.","application_category":[],"applications_title":"","applications_request_title":"","applications_request_button_text":"","hero_text":"","hero_video":"","hero_video_schema_markup":"","selling_points_title":"","selling_points_caption":"","selling_points":[],"selling_points_cta_text":"","features_title":"","features":"","ed_cta_examples_text":"","ed_cta_examples_hidden":"","ed_cta_demo_text":"","ed_cta_demo_hidden":"","why_caption":"","why_editor_title":"","why_editor_text":"","why_team_title":"","why_team_text":"","why_service_title":"","why_service_text":"","template_catalog_visible":"","template_catalog_title":"","template_catalog_text":"","template_catalog_categories_visible":"","demo_title":"Crea tu complemento de inserci\u00f3n de archivos","demo_caption":"\u00a1Configura tu File Embed y agr\u00e9galo a tu sitio web de GoDaddy gratis!","default_faq_hidden":"","app_template_category":[],"platform":"2183","template_public_id":"","codecanyon_url":"","codecanyon_item_id":"","codecanyon_price":"","pricing_caption":"","pricing_elfsight_apps_hide_column":"","pricing_elfsight_apps_url":"","pricing_codecanyon_price_caption":"","integration_category":[],"integration_request_title":"","integration_request_cta":"","integration_platform":"","integrations":[],"platform_category":[],"video_schema_markup":"","price":"desde $0 \/ mes","trial":"","benefits":[{"text":"Asistencia de instalaci\u00f3n gratuita"},{"text":"Servicio al cliente eficaz"},{"text":"Garant\u00eda de reembolso de 14 d\u00edas"},{"text":"Desarrollo continuo"}],"button_url":"#demo","button_target_blank":"","button_nofollow":"","attributes":[{"name":"Instalaciones","content":"10,000 - 100,000"},{"name":"Sensible","content":"S\u00ed"},{"name":"Navegadores compatibles","content":"IE11, Firefox, Safari, Opera, Chrome, Edge"}],"tags":[],"tags_disable_links":"","hide_more_platforms":"","video_object":"","demo_hide_cta":"","demo_hide_cloud_options":"","pricing_title":"","pricing":[{"pricing_icon":"platform","pricing_title":"Elfsight Apps","pricing_title_caption":"Software multiplataforma","pricing_price":"desde $0 \/ mes","pricing_price_caption":"comienza con el plan gratuito","pricing_benefits":[{"text":"Dominios ilimitados"},{"text":"Soporte dedicado, puntual y bien documentado."},{"text":"Ayuda de instalaci\u00f3n gratuita"},{"text":"100% personalizable"}],"pricing_button_text":"A\u00f1adir al sitio web","pricing_button_url":"#demo"}],"related_apps_title":"","related_apps_hidden":"","author":"","image":[],"title":"","job":"","social_networks":[]},"_links":{"self":[{"href":"https:\/\/elfsight.com\/es\/wp-json\/wp\/v2\/pages\/7957","targetHints":{"allow":["GET"]}}],"collection":[{"href":"https:\/\/elfsight.com\/es\/wp-json\/wp\/v2\/pages"}],"about":[{"href":"https:\/\/elfsight.com\/es\/wp-json\/wp\/v2\/types\/page"}],"author":[{"embeddable":true,"href":"https:\/\/elfsight.com\/es\/wp-json\/wp\/v2\/users\/9"}],"replies":[{"embeddable":true,"href":"https:\/\/elfsight.com\/es\/wp-json\/wp\/v2\/comments?post=7957"}],"version-history":[{"count":2,"href":"https:\/\/elfsight.com\/es\/wp-json\/wp\/v2\/pages\/7957\/revisions"}],"predecessor-version":[{"id":18706,"href":"https:\/\/elfsight.com\/es\/wp-json\/wp\/v2\/pages\/7957\/revisions\/18706"}],"up":[{"embeddable":true,"href":"https:\/\/elfsight.com\/es\/wp-json\/wp\/v2\/pages\/912"}],"wp:attachment":[{"href":"https:\/\/elfsight.com\/es\/wp-json\/wp\/v2\/media?parent=7957"}],"curies":[{"name":"wp","href":"https:\/\/api.w.org\/{rel}","templated":true}]}}