{"id":7956,"date":"1970-01-01T00:00:00","date_gmt":"1970-01-01T00:00:00","guid":{"rendered":"https:\/\/elfsight.com\/es\/?page_id=7956"},"modified":"2025-02-06T15:43:42","modified_gmt":"2025-02-06T15:43:42","slug":"facebook","status":"publish","type":"page","link":"https:\/\/elfsight.com\/es\/file-embed-widget\/facebook\/","title":{"rendered":"File Embed &#8211; Facebook Page"},"content":{"rendered":"<div class=\"application-platform-content-item-description application-platform-content-item\" id=\"description\" data-nav-section=\"description\"><h2>Descripci\u00f3n<\/h2><p>El widget de archivo Elfsight es una de las herramientas m\u00e1s simples y r\u00e1pidas para cargar archivos en su p\u00e1gina. Integre todos los archivos m\u00e1s utilizados: PDF, Docx, Jpg, Jpeg; en total, alrededor de 20 tipos. Para comodidad del usuario, los archivos se pueden agregar carg\u00e1ndolos directamente, agregando sus URL o eligiendo entre los cargados recientemente. Puede darle un t\u00edtulo a cada documento, cargar un \u00edcono o imagen personalizado, seleccionar el dise\u00f1o y mucho m\u00e1s. Los usuarios de la p\u00e1gina pueden leer los archivos directamente en la p\u00e1gina, verlos en una nueva pesta\u00f1a del navegador y descargarlos. <\/p><p><b>\u00a1Sube textos, documentos, im\u00e1genes y m\u00e1s a tu p\u00e1gina de Facebook en segundos!<\/b><\/p><\/div><div class=\"application-platform-content-item-features application-platform-content-item\" id=\"features\" data-nav-section=\"features\"><h2>Caracter\u00edsticas<\/h2><p>Comprueba todas las caracter\u00edsticas funcionales del producto. Est\u00e1n disponibles directamente en el editor y le ayudar\u00e1n a configurar el widget especialmente para su caso de uso. <\/p><ul><li>Sube documentos ilimitados; <\/li><li>Opci\u00f3n de dise\u00f1o del Visor de archivos para leer documentos en la p\u00e1gina; <\/li><li>Cargar im\u00e1genes para \u00edconos y vistas previas; <\/li><li>Mostrar o eliminar Descargar texto del documento; <\/li><li>6 elementos coloreables de la interfaz. <\/li><\/ul><p><a href=\"#demo\">Verifique todas las dem\u00e1s funciones en la demostraci\u00f3n<\/a><\/p><\/div> <div class=\"application-platform-content-item-installation application-platform-content-item\" id=\"installation\" data-nav-section=\"installation\"><h2>\u00bfC\u00f3mo cargar un archivo en una p\u00e1gina de Facebook?<\/h2><p>Para agregar el widget a su p\u00e1gina comercial de Facebook, simplemente siga las pautas a continuaci\u00f3n<\/p><ul><li><b>Dise\u00f1e su archivo personalizado widget<\/b><br>Administre nuestra demostraci\u00f3n gratuita, d\u00e9 forma a un complemento: seleccione un dise\u00f1o, elija colores y agregue archivos.<\/li><li><b>Adquiera el c\u00f3digo personal para publicar el complemento<\/b><br>Despu\u00e9s de haber personalizado su widget, obtendr\u00e1 un c\u00f3digo de instalaci\u00f3n en la ventana que aparece en Elfsight Apps. Copie este c\u00f3digo para uso futuro. <\/li><li><b>Agregue el widget Archivo a la p\u00e1gina de Facebook<\/b><br> Cree su pesta\u00f1a personalizada de Facebook. Inserte el c\u00f3digo que recibi\u00f3 en las aplicaciones de elfsight en la pesta\u00f1a. Si tiene alg\u00fan problema, consulte nuestra gu\u00eda sobre <a href=\"https:\/\/elfsight.com\/blog\/how-to-add-custom-tab-to-facebook-page\/\" target=\"_blank\" rel=\"noopener noreferrer\">creaci\u00f3n de una pesta\u00f1a personalizada de Facebook<\/a><\/li><li><b>Logr\u00f3 con \u00e9xito la instalaci\u00f3n<\/b><br>Visite su p\u00e1gina para ver su trabajo.<\/li><\/ul><p>Eche un vistazo minuto para dirigirse al servicio de atenci\u00f3n al cliente si necesita ayuda o tiene problemas. Estaremos encantados de ayudarle con cada consulta.<\/p><div class=\"faq\" data-component=\"FAQ\"><div class=\"faq-item\">\r\n\t\t\t\t\t<div class=\"faq-item-question\">\r\n\t\t\t\t\t\t<h3 class=\"faq-item-question-text\">\u00bfC\u00f3mo puedo agregar preguntas frecuentes al sitio web de mi p\u00e1gina de Facebook sin conocimientos de codificaci\u00f3n?<\/h3>\r\n\r\n\t\t\t\t\t\t<div class=\"faq-item-question-icon\"><\/div>\r\n\t\t\t\t\t<\/div>\r\n\r\n\t\t\t\t\t<div class=\"faq-item-answer\">\r\n\t\t\t\t\t\t<div class=\"faq-item-answer-text\"> <p>Elfsight proporciona una soluci\u00f3n SaaS que le permite crear un widget de preguntas frecuentes usted mismo. Vea lo f\u00e1cil que es el proceso: trabaje directamente en el editor en l\u00ednea para crear un widget de preguntas frecuentes que le gustar\u00eda ver en el sitio web de su p\u00e1gina de Facebook. Elija una de las plantillas predise\u00f1adas y ajuste la configuraci\u00f3n de preguntas frecuentes, agregue su contenido, cambie el dise\u00f1o y los colores sin conocimientos de codificaci\u00f3n. Guarde las preguntas frecuentes y copie su c\u00f3digo de instalaci\u00f3n, que puede simplemente incluir en el sitio web de su p\u00e1gina de Facebook sin comprar una suscripci\u00f3n paga. Con nuestro editor intuitivo, cualquier usuario de Internet puede crear un widget de preguntas frecuentes en l\u00ednea e incrustarlo f\u00e1cilmente en el sitio web de su p\u00e1gina de Facebook. No es necesario pagar ni ingresar las credenciales de su tarjeta para acceder al servicio. Si tiene alg\u00fan problema en cualquier paso, no dude en ponerse en contacto con nuestro equipo de soporte t\u00e9cnico.<\/p> <\/div>\r\n\t\t\t\t\t<\/div>\r\n\t\t\t\t<\/div> <\/div><\/div>","protected":false},"excerpt":{"rendered":"","protected":false},"author":9,"featured_media":0,"parent":912,"menu_order":0,"comment_status":"closed","ping_status":"closed","template":"templates\/template-application-platform.php","meta":{"publish_to_discourse":"","publish_post_category":"","wpdc_auto_publish_overridden":"","wpdc_topic_tags":"","wpdc_pin_topic":"","wpdc_pin_until":"","discourse_post_id":"","discourse_permalink":"","wpdc_publishing_response":"","wpdc_publishing_error":"","footnotes":""},"class_list":["post-7956","page","type-page","status-publish","hentry"],"yoast_head":"<!-- This site is optimized with the Yoast SEO plugin v25.3.1 - https:\/\/yoast.com\/wordpress\/plugins\/seo\/ -->\n<title>C\u00f3mo agregar un archivo a la p\u00e1gina de Facebook: cargador y visor de archivos (2025)<\/title>\n<meta name=\"description\" content=\"Con Elfsight, cree su cargador y visor de archivos y agregue archivos a su p\u00e1gina de Facebook r\u00e1pidamente. Ofrecemos servicio al cliente gratuito y otros bonos.\" \/>\n<meta name=\"robots\" content=\"index, follow, max-snippet:-1, max-image-preview:large, max-video-preview:-1\" \/>\n<link rel=\"canonical\" href=\"https:\/\/elfsight.com\/es\/file-embed-widget\/facebook\/\" \/>\n<meta property=\"og:locale\" content=\"es_ES\" \/>\n<meta property=\"og:type\" content=\"article\" \/>\n<meta property=\"og:title\" content=\"C\u00f3mo agregar un archivo a la p\u00e1gina de Facebook: cargador y visor de archivos (2025)\" \/>\n<meta property=\"og:description\" content=\"Con Elfsight, cree su cargador y visor de archivos y agregue archivos a su p\u00e1gina de Facebook r\u00e1pidamente. Ofrecemos servicio al cliente gratuito y otros bonos.\" \/>\n<meta property=\"og:url\" content=\"https:\/\/elfsight.com\/es\/file-embed-widget\/facebook\/\" \/>\n<meta property=\"og:site_name\" content=\"Elfsight ES\" \/>\n<meta property=\"article:modified_time\" content=\"2025-02-06T15:43:42+00:00\" \/>\n<meta name=\"twitter:card\" content=\"summary_large_image\" \/>\n<meta name=\"twitter:label1\" content=\"Tiempo de lectura\" \/>\n\t<meta name=\"twitter:data1\" content=\"3 minutos\" \/>\n<!-- \/ Yoast SEO plugin. -->","yoast_head_json":{"title":"C\u00f3mo agregar un archivo a la p\u00e1gina de Facebook: cargador y visor de archivos (2025)","description":"Con Elfsight, cree su cargador y visor de archivos y agregue archivos a su p\u00e1gina de Facebook r\u00e1pidamente. Ofrecemos servicio al cliente gratuito y otros bonos.","robots":{"index":"index","follow":"follow","max-snippet":"max-snippet:-1","max-image-preview":"max-image-preview:large","max-video-preview":"max-video-preview:-1"},"canonical":"https:\/\/elfsight.com\/es\/file-embed-widget\/facebook\/","og_locale":"es_ES","og_type":"article","og_title":"C\u00f3mo agregar un archivo a la p\u00e1gina de Facebook: cargador y visor de archivos (2025)","og_description":"Con Elfsight, cree su cargador y visor de archivos y agregue archivos a su p\u00e1gina de Facebook r\u00e1pidamente. Ofrecemos servicio al cliente gratuito y otros bonos.","og_url":"https:\/\/elfsight.com\/es\/file-embed-widget\/facebook\/","og_site_name":"Elfsight ES","article_modified_time":"2025-02-06T15:43:42+00:00","twitter_card":"summary_large_image","twitter_misc":{"Tiempo de lectura":"3 minutos"},"schema":{"@context":"https:\/\/schema.org","@graph":[{"@type":"WebPage","@id":"https:\/\/elfsight.com\/es\/file-embed-widget\/facebook\/","url":"https:\/\/elfsight.com\/es\/file-embed-widget\/facebook\/","name":"C\u00f3mo agregar un archivo a la p\u00e1gina de Facebook: cargador y visor de archivos (2025)","isPartOf":{"@id":"https:\/\/elfsight.com\/es\/#website"},"datePublished":"1970-01-01T00:00:00+00:00","dateModified":"2025-02-06T15:43:42+00:00","description":"Con Elfsight, cree su cargador y visor de archivos y agregue archivos a su p\u00e1gina de Facebook r\u00e1pidamente. Ofrecemos servicio al cliente gratuito y otros bonos.","breadcrumb":{"@id":"https:\/\/elfsight.com\/es\/file-embed-widget\/facebook\/#breadcrumb"},"inLanguage":"es","potentialAction":[{"@type":"ReadAction","target":["https:\/\/elfsight.com\/es\/file-embed-widget\/facebook\/"]}]},{"@type":"BreadcrumbList","@id":"https:\/\/elfsight.com\/es\/file-embed-widget\/facebook\/#breadcrumb","itemListElement":[{"@type":"ListItem","position":1,"name":"Home","item":"https:\/\/elfsight.com\/es\/"},{"@type":"ListItem","position":2,"name":"File Embed","item":"https:\/\/elfsight.com\/es\/file-embed-widget\/"},{"@type":"ListItem","position":3,"name":"File Embed &#8211; Facebook Page"}]},{"@type":"WebSite","@id":"https:\/\/elfsight.com\/es\/#website","url":"https:\/\/elfsight.com\/es\/","name":"Elfsight ES","description":"Just another Elfsight Sites site","potentialAction":[{"@type":"SearchAction","target":{"@type":"EntryPoint","urlTemplate":"https:\/\/elfsight.com\/es\/?s={search_term_string}"},"query-input":{"@type":"PropertyValueSpecification","valueRequired":true,"valueName":"search_term_string"}}],"inLanguage":"es"}]}},"meta_box":{"industry":"","seo_heading":"","heading":"","description":"","cta_heading":"","cta_description":"","application":"911","h1":"C\u00f3mo agregar un archivo a la p\u00e1gina de Facebook","h1_caption":"Incruste documentos, hojas de c\u00e1lculo y otros archivos en su sitio web para verlos y descargarlos f\u00e1cilmente en el sitio web de su p\u00e1gina de Facebook sin esfuerzo.","application_category":[],"applications_title":"","applications_request_title":"","applications_request_button_text":"","hero_text":"","hero_video":"","hero_video_schema_markup":"","selling_points_title":"","selling_points_caption":"","selling_points":[],"selling_points_cta_text":"","features_title":"","features":"","ed_cta_examples_text":"","ed_cta_examples_hidden":"","ed_cta_demo_text":"","ed_cta_demo_hidden":"","why_caption":"","why_editor_title":"","why_editor_text":"","why_team_title":"","why_team_text":"","why_service_title":"","why_service_text":"","template_catalog_visible":"","template_catalog_title":"","template_catalog_text":"","template_catalog_categories_visible":"","demo_title":"Crea tu widget de inserci\u00f3n de archivos","demo_caption":"\u00a1Configure su archivo integrado y agr\u00e9guelo al sitio web de su p\u00e1gina de Facebook de forma gratuita!","default_faq_hidden":"","app_template_category":[],"platform":"64","template_public_id":"","codecanyon_url":"","codecanyon_item_id":"","codecanyon_price":"","pricing_caption":"","pricing_elfsight_apps_hide_column":"","pricing_elfsight_apps_url":"","pricing_codecanyon_price_caption":"","integration_category":[],"integration_request_title":"","integration_request_cta":"","integration_platform":"","integrations":[],"platform_category":[],"video_schema_markup":"","price":"desde $0 \/ mes","trial":"","benefits":[{"text":"Servicio de instalaci\u00f3n gratuito"},{"text":"Atenci\u00f3n al cliente experimentada"},{"text":"Garant\u00eda de devoluci\u00f3n de dinero de 14 d\u00edas"},{"text":"Actualizaciones continuas"}],"button_url":"#demo","button_target_blank":"","button_nofollow":"","attributes":[{"name":"Instalaciones","content":"10,000 - 100,000"},{"name":"Loading...","content":"Funciona en sitios web m\u00f3viles"},{"name":"Navegadores compatibles","content":"Edge, Opera, Safari, Firefox, Chrome"}],"tags":[],"tags_disable_links":"","hide_more_platforms":"","video_object":"","demo_hide_cta":"","demo_hide_cloud_options":"","pricing_title":"","pricing":[{"pricing_icon":"platform","pricing_title":"Elfsight Apps","pricing_title_caption":"Software multiplataforma","pricing_price":"desde $0 \/ mes","pricing_price_caption":"comienza con el plan gratuito","pricing_benefits":[{"text":"Sitios web ilimitados"},{"text":"Soporte empresarial premium"},{"text":"Soporte de instalaci\u00f3n gratuito"},{"text":"100% personalizable"}],"pricing_button_text":"A\u00f1adir al sitio web","pricing_button_url":"#demo"}],"related_apps_title":"","related_apps_hidden":"","author":"","image":[],"title":"","job":"","social_networks":[]},"_links":{"self":[{"href":"https:\/\/elfsight.com\/es\/wp-json\/wp\/v2\/pages\/7956","targetHints":{"allow":["GET"]}}],"collection":[{"href":"https:\/\/elfsight.com\/es\/wp-json\/wp\/v2\/pages"}],"about":[{"href":"https:\/\/elfsight.com\/es\/wp-json\/wp\/v2\/types\/page"}],"author":[{"embeddable":true,"href":"https:\/\/elfsight.com\/es\/wp-json\/wp\/v2\/users\/9"}],"replies":[{"embeddable":true,"href":"https:\/\/elfsight.com\/es\/wp-json\/wp\/v2\/comments?post=7956"}],"version-history":[{"count":2,"href":"https:\/\/elfsight.com\/es\/wp-json\/wp\/v2\/pages\/7956\/revisions"}],"predecessor-version":[{"id":18707,"href":"https:\/\/elfsight.com\/es\/wp-json\/wp\/v2\/pages\/7956\/revisions\/18707"}],"up":[{"embeddable":true,"href":"https:\/\/elfsight.com\/es\/wp-json\/wp\/v2\/pages\/912"}],"wp:attachment":[{"href":"https:\/\/elfsight.com\/es\/wp-json\/wp\/v2\/media?parent=7956"}],"curies":[{"name":"wp","href":"https:\/\/api.w.org\/{rel}","templated":true}]}}