{"id":7949,"date":"1970-01-01T00:00:00","date_gmt":"1970-01-01T00:00:00","guid":{"rendered":"https:\/\/elfsight.com\/es\/?page_id=7949"},"modified":"2025-02-06T15:43:50","modified_gmt":"2025-02-06T15:43:50","slug":"blogger","status":"publish","type":"page","link":"https:\/\/elfsight.com\/es\/file-embed-widget\/blogger\/","title":{"rendered":"File Embed &#8211; Blogger"},"content":{"rendered":"<div class=\"application-platform-content-item-description application-platform-content-item\" id=\"description\" data-nav-section=\"description\"> <h2>Descripci\u00f3n<\/h2> <p>Elfsight File Embed es la herramienta m\u00e1s f\u00e1cil e inmediata para agregar archivos en su sitio web. Agregue todos los formatos habituales: PDF, Docx, Xlsx, Pptx; en total, alrededor de 20 tipos. Para facilitar su uso, los archivos se pueden incrustar carg\u00e1ndolos, agregando las URL o eligiendo entre los \u00faltimos cargados. Eres libre de darle un t\u00edtulo a cada archivo, cargar tu propio \u00edcono o imagen, elegir el dise\u00f1o de los archivos y otros. Los visitantes del sitio pueden leer los documentos directamente en su sitio, verlos en una nueva pesta\u00f1a y descargarlos. <\/p> <div class=\"faq\" data-component=\"FAQ\"> <div class=\"faq-item\">\r\n\t\t\t\t\t<div class=\"faq-item-question\">\r\n\t\t\t\t\t\t<h3 class=\"faq-item-question-text\">\u00bfD\u00f3nde puedo mostrar File Embed?<\/h3>\r\n\r\n\t\t\t\t\t\t<div class=\"faq-item-question-icon\"><\/div>\r\n\t\t\t\t\t<\/div>\r\n\r\n\t\t\t\t\t<div class=\"faq-item-answer\">\r\n\t\t\t\t\t\t<div class=\"faq-item-answer-text\"> <p>Puedes mostrar File Embed en cualquier p\u00e1gina de tu sitio web. Por ejemplo, se puede aplicar para pegar su documentaci\u00f3n tecnol\u00f3gica o especificaciones en las p\u00e1ginas de productos correspondientes, o publicar sus diplomas y calificaciones en la p\u00e1gina de inicio. <\/p> <\/div>\r\n\t\t\t\t\t<\/div>\r\n\t\t\t\t<\/div> <div class=\"faq-item\">\r\n\t\t\t\t\t<div class=\"faq-item-question\">\r\n\t\t\t\t\t\t<h3 class=\"faq-item-question-text\">\u00bfC\u00f3mo me beneficiar\u00e9 del widget?<\/h3>\r\n\r\n\t\t\t\t\t\t<div class=\"faq-item-question-icon\"><\/div>\r\n\t\t\t\t\t<\/div>\r\n\r\n\t\t\t\t\t<div class=\"faq-item-answer\">\r\n\t\t\t\t\t\t<div class=\"faq-item-answer-text\"> <p>Este widget le ahorrar\u00e1 mucho tiempo, ya que con \u00e9l, la publicaci\u00f3n de documentos en su sitio se realiza en s\u00f3lo unos segundos. Adem\u00e1s, le ayuda a ofrecer mucha informaci\u00f3n \u00fatil sobre sus productos y servicios y a aumentar el conocimiento de sus art\u00edculos por parte de los usuarios. <\/p> <\/div>\r\n\t\t\t\t\t<\/div>\r\n\t\t\t\t<\/div> <div class=\"faq-item\">\r\n\t\t\t\t\t<div class=\"faq-item-question\">\r\n\t\t\t\t\t\t<h3 class=\"faq-item-question-text\">\u00bfQu\u00e9 necesito para agregar File Embed a mi sitio web de Blogger?<\/h3>\r\n\r\n\t\t\t\t\t\t<div class=\"faq-item-question-icon\"><\/div>\r\n\t\t\t\t\t<\/div>\r\n\r\n\t\t\t\t\t<div class=\"faq-item-answer\">\r\n\t\t\t\t\t\t<div class=\"faq-item-answer-text\"> <p>Solo necesitas un par de minutos para comenzar a usar el widget. La instalaci\u00f3n es s\u00faper r\u00e1pida, gratuita y sin codificaci\u00f3n. <\/p> <ol> <li>Puedes colocar el widget en tu p\u00e1gina web en nuestro servicio. Simplemente consulte las instrucciones que aparecen a continuaci\u00f3n en esta p\u00e1gina. <\/li> <li>Elfsight File Embed se puede insertar directamente a trav\u00e9s de nuestro servicio o del mercado. Aqu\u00ed puedes leer m\u00e1s sobre estas opciones y elegir la tuya. <\/li> <\/ol> <\/div>\r\n\t\t\t\t\t<\/div>\r\n\t\t\t\t<\/div> <\/div> <\/div> <div class=\"application-platform-content-item-features application-platform-content-item\" id=\"features\" data-nav-section=\"features\"> <h2>Caracter\u00edsticas<\/h2> <p>Para comprender mejor File Embed, aqu\u00ed est\u00e1 la lista de sus caracter\u00edsticas principales. Hacen que el widget sea m\u00e1s eficiente para su promoci\u00f3n: <\/p> <ul><li>Pegue cualquier cantidad de archivos; <\/li> <li>Opci\u00f3n de dise\u00f1o del Visor de archivos para leer documentos en la p\u00e1gina; <\/li> <li>Subir im\u00e1genes para iconos de archivos y vistas previas; <\/li> <li>Mostrar u ocultar la etiqueta Descargar documento; <\/li> <li>Seis detalles coloreables de la interfaz. <\/li> <\/ul><p>Nuestra demostraci\u00f3n en vivo le mostrar\u00e1 todas las funciones<\/p> <\/div> <div class=\"application-platform-content-item-installation application-platform-content-item\" id=\"installation\" data-nav-section=\"installation\"> <h2>Vea c\u00f3mo pegar el widget de inserci\u00f3n de archivos en su p\u00e1gina de Blogger. Es f\u00e1cil y simple.<\/h2> <div class=\"video-container\"><iframe width=\"720\" height=\"405\" src=\"https:\/\/www.youtube.com\/embed\/BZoWoCp1_jo\" frameborder=\"0\"><\/iframe><\/div><p>Las siguientes acciones son lo \u00fanico que necesita realizar para establecer el widget. <\/p> <ol><li><b>Construya su propio complemento para insertar archivos<\/b><br> Al administrar nuestro editor gratuito, configure un complemento con un dise\u00f1o y funciones personalizados. <\/li><li><b>Obtenga el c\u00f3digo individual para publicar el complemento<\/b><br> Despu\u00e9s de haber personalizado su widget, recibir\u00e1 el c\u00f3digo \u00fanico de la notificaci\u00f3n que aparece en Elfsight Apps. Copie este c\u00f3digo para uso futuro. <\/li> <li><b>Insertar el complemento en su sitio de Blogger<\/b><br> Defina el \u00e1rea en la que planea insertar el complemento y agregue el c\u00f3digo guardado all\u00ed. Publicar las ediciones. <\/li> <li><b>\u00a1Listo! <\/b><br>Vaya a su tienda para ver su complemento. <\/li> <\/ol><p>\u00bfA\u00fan no puedes decidirte? \u00bfO tener problemas? Simplemente env\u00ede una solicitud a nuestro equipo de atenci\u00f3n al cliente. Ellos resolver\u00e1n todos los problemas. <\/p> <\/div>","protected":false},"excerpt":{"rendered":"","protected":false},"author":9,"featured_media":0,"parent":912,"menu_order":0,"comment_status":"closed","ping_status":"closed","template":"templates\/template-application-platform.php","meta":{"publish_to_discourse":"","publish_post_category":"","wpdc_auto_publish_overridden":"","wpdc_topic_tags":"","wpdc_pin_topic":"","wpdc_pin_until":"","discourse_post_id":"","discourse_permalink":"","wpdc_publishing_response":"","wpdc_publishing_error":"","footnotes":""},"class_list":["post-7949","page","type-page","status-publish","hentry"],"yoast_head":"<!-- This site is optimized with the Yoast SEO plugin v25.3.1 - https:\/\/yoast.com\/wordpress\/plugins\/seo\/ -->\n<title>Widget de visor de archivos: incruste cualquier archivo en su sitio web de Blogger (2025)<\/title>\n<meta name=\"description\" content=\"Con Elfsight, d\u00e9 forma a su widget File Embed y agr\u00e9guelo r\u00e1pidamente al sitio web de Blogger. Ofrecemos servicio al cliente gratuito y m\u00e1s bonos.\" \/>\n<meta name=\"robots\" content=\"index, follow, max-snippet:-1, max-image-preview:large, max-video-preview:-1\" \/>\n<link rel=\"canonical\" href=\"https:\/\/elfsight.com\/es\/file-embed-widget\/blogger\/\" \/>\n<meta property=\"og:locale\" content=\"es_ES\" \/>\n<meta property=\"og:type\" content=\"article\" \/>\n<meta property=\"og:title\" content=\"Widget de visor de archivos: incruste cualquier archivo en su sitio web de Blogger (2025)\" \/>\n<meta property=\"og:description\" content=\"Con Elfsight, d\u00e9 forma a su widget File Embed y agr\u00e9guelo r\u00e1pidamente al sitio web de Blogger. Ofrecemos servicio al cliente gratuito y m\u00e1s bonos.\" \/>\n<meta property=\"og:url\" content=\"https:\/\/elfsight.com\/es\/file-embed-widget\/blogger\/\" \/>\n<meta property=\"og:site_name\" content=\"Elfsight ES\" \/>\n<meta property=\"article:modified_time\" content=\"2025-02-06T15:43:50+00:00\" \/>\n<meta name=\"twitter:card\" content=\"summary_large_image\" \/>\n<meta name=\"twitter:label1\" content=\"Tiempo de lectura\" \/>\n\t<meta name=\"twitter:data1\" content=\"3 minutos\" \/>\n<!-- \/ Yoast SEO plugin. -->","yoast_head_json":{"title":"Widget de visor de archivos: incruste cualquier archivo en su sitio web de Blogger (2025)","description":"Con Elfsight, d\u00e9 forma a su widget File Embed y agr\u00e9guelo r\u00e1pidamente al sitio web de Blogger. Ofrecemos servicio al cliente gratuito y m\u00e1s bonos.","robots":{"index":"index","follow":"follow","max-snippet":"max-snippet:-1","max-image-preview":"max-image-preview:large","max-video-preview":"max-video-preview:-1"},"canonical":"https:\/\/elfsight.com\/es\/file-embed-widget\/blogger\/","og_locale":"es_ES","og_type":"article","og_title":"Widget de visor de archivos: incruste cualquier archivo en su sitio web de Blogger (2025)","og_description":"Con Elfsight, d\u00e9 forma a su widget File Embed y agr\u00e9guelo r\u00e1pidamente al sitio web de Blogger. Ofrecemos servicio al cliente gratuito y m\u00e1s bonos.","og_url":"https:\/\/elfsight.com\/es\/file-embed-widget\/blogger\/","og_site_name":"Elfsight ES","article_modified_time":"2025-02-06T15:43:50+00:00","twitter_card":"summary_large_image","twitter_misc":{"Tiempo de lectura":"3 minutos"},"schema":{"@context":"https:\/\/schema.org","@graph":[{"@type":"WebPage","@id":"https:\/\/elfsight.com\/es\/file-embed-widget\/blogger\/","url":"https:\/\/elfsight.com\/es\/file-embed-widget\/blogger\/","name":"Widget de visor de archivos: incruste cualquier archivo en su sitio web de Blogger (2025)","isPartOf":{"@id":"https:\/\/elfsight.com\/es\/#website"},"datePublished":"1970-01-01T00:00:00+00:00","dateModified":"2025-02-06T15:43:50+00:00","description":"Con Elfsight, d\u00e9 forma a su widget File Embed y agr\u00e9guelo r\u00e1pidamente al sitio web de Blogger. Ofrecemos servicio al cliente gratuito y m\u00e1s bonos.","breadcrumb":{"@id":"https:\/\/elfsight.com\/es\/file-embed-widget\/blogger\/#breadcrumb"},"inLanguage":"es","potentialAction":[{"@type":"ReadAction","target":["https:\/\/elfsight.com\/es\/file-embed-widget\/blogger\/"]}]},{"@type":"BreadcrumbList","@id":"https:\/\/elfsight.com\/es\/file-embed-widget\/blogger\/#breadcrumb","itemListElement":[{"@type":"ListItem","position":1,"name":"Home","item":"https:\/\/elfsight.com\/es\/"},{"@type":"ListItem","position":2,"name":"File Embed","item":"https:\/\/elfsight.com\/es\/file-embed-widget\/"},{"@type":"ListItem","position":3,"name":"File Embed &#8211; Blogger"}]},{"@type":"WebSite","@id":"https:\/\/elfsight.com\/es\/#website","url":"https:\/\/elfsight.com\/es\/","name":"Elfsight ES","description":"Just another Elfsight Sites site","potentialAction":[{"@type":"SearchAction","target":{"@type":"EntryPoint","urlTemplate":"https:\/\/elfsight.com\/es\/?s={search_term_string}"},"query-input":{"@type":"PropertyValueSpecification","valueRequired":true,"valueName":"search_term_string"}}],"inLanguage":"es"}]}},"meta_box":{"industry":"","seo_heading":"","heading":"","description":"","cta_heading":"","cta_description":"","application":"911","h1":"Widget para insertar archivos de Blogger","h1_caption":"Incruste documentos, hojas de c\u00e1lculo y otros archivos en su sitio web para verlos y descargarlos f\u00e1cilmente en su sitio web de Blogger sin esfuerzo.","application_category":[],"applications_title":"","applications_request_title":"","applications_request_button_text":"","hero_text":"","hero_video":"","hero_video_schema_markup":"","selling_points_title":"","selling_points_caption":"","selling_points":[],"selling_points_cta_text":"","features_title":"","features":"","ed_cta_examples_text":"","ed_cta_examples_hidden":"","ed_cta_demo_text":"","ed_cta_demo_hidden":"","why_caption":"","why_editor_title":"","why_editor_text":"","why_team_title":"","why_team_text":"","why_service_title":"","why_service_text":"","template_catalog_visible":"","template_catalog_title":"","template_catalog_text":"","template_catalog_categories_visible":"","demo_title":"Crea tu widget de inserci\u00f3n de archivos","demo_caption":"\u00a1Configure su archivo integrado y agr\u00e9guelo a su sitio web de Blogger de forma gratuita!","default_faq_hidden":"","app_template_category":[],"platform":"39","template_public_id":"","codecanyon_url":"","codecanyon_item_id":"","codecanyon_price":"","pricing_caption":"","pricing_elfsight_apps_hide_column":"","pricing_elfsight_apps_url":"","pricing_codecanyon_price_caption":"","integration_category":[],"integration_request_title":"","integration_request_cta":"","integration_platform":"","integrations":[],"platform_category":[],"video_schema_markup":"","price":"desde $0 \/ mes","trial":"","benefits":[{"text":"Ayuda de instalaci\u00f3n gratuita"},{"text":"Atenci\u00f3n al cliente experimentada"},{"text":"Garant\u00eda de reembolso de 14 d\u00edas"},{"text":"Mejoras peri\u00f3dicas"}],"button_url":"#demo","button_target_blank":"","button_nofollow":"","attributes":[{"name":"Instalaciones","content":"10,000 - 100,000"},{"name":"Sensible","content":"S\u00ed"},{"name":"Navegadores compatibles","content":"Firefox, Safari, Opera, Chrome, Edge"}],"tags":[],"tags_disable_links":"","hide_more_platforms":"","video_object":"","demo_hide_cta":"","demo_hide_cloud_options":"","pricing_title":"","pricing":[{"pricing_icon":"platform","pricing_title":"Elfsight Apps","pricing_title_caption":"Versi\u00f3n multiplataforma que se adapta a cualquier sitio web","pricing_price":"desde $0 \/ mes","pricing_price_caption":"comienza con un plan gratuito","pricing_benefits":[{"text":"Dominios ilimitados"},{"text":"Atenci\u00f3n al cliente profesional y bien documentada."},{"text":"Asistencia de instalaci\u00f3n gratuita"},{"text":"100% personalizable"}],"pricing_button_text":"A\u00f1adir al sitio web","pricing_button_url":"#demo"}],"related_apps_title":"","related_apps_hidden":"","author":"","image":[],"title":"","job":"","social_networks":[]},"_links":{"self":[{"href":"https:\/\/elfsight.com\/es\/wp-json\/wp\/v2\/pages\/7949","targetHints":{"allow":["GET"]}}],"collection":[{"href":"https:\/\/elfsight.com\/es\/wp-json\/wp\/v2\/pages"}],"about":[{"href":"https:\/\/elfsight.com\/es\/wp-json\/wp\/v2\/types\/page"}],"author":[{"embeddable":true,"href":"https:\/\/elfsight.com\/es\/wp-json\/wp\/v2\/users\/9"}],"replies":[{"embeddable":true,"href":"https:\/\/elfsight.com\/es\/wp-json\/wp\/v2\/comments?post=7949"}],"version-history":[{"count":2,"href":"https:\/\/elfsight.com\/es\/wp-json\/wp\/v2\/pages\/7949\/revisions"}],"predecessor-version":[{"id":18710,"href":"https:\/\/elfsight.com\/es\/wp-json\/wp\/v2\/pages\/7949\/revisions\/18710"}],"up":[{"embeddable":true,"href":"https:\/\/elfsight.com\/es\/wp-json\/wp\/v2\/pages\/912"}],"wp:attachment":[{"href":"https:\/\/elfsight.com\/es\/wp-json\/wp\/v2\/media?parent=7949"}],"curies":[{"name":"wp","href":"https:\/\/api.w.org\/{rel}","templated":true}]}}