{"id":7948,"date":"1970-01-01T00:00:00","date_gmt":"1970-01-01T00:00:00","guid":{"rendered":"https:\/\/elfsight.com\/es\/?page_id=7948"},"modified":"2025-02-06T15:43:50","modified_gmt":"2025-02-06T15:43:50","slug":"bigcommerce","status":"publish","type":"page","link":"https:\/\/elfsight.com\/es\/file-embed-widget\/bigcommerce\/","title":{"rendered":"File Embed &#8211; BigCommerce"},"content":{"rendered":"<div class=\"application-platform-content-item-description application-platform-content-item\" id=\"description\" data-nav-section=\"description\"> <h2>Descripci\u00f3n<\/h2> <p>Elfsight File Embed es uno de los widgets m\u00e1s simples y r\u00e1pidos para insertar archivos en un sitio web. Incruste todos los formatos populares: PDF, Docx, Jpg, Pptx, en total alrededor de 20 formatos. Para mayor facilidad de uso, los documentos se pueden insertar carg\u00e1ndolos directamente, por sus URL o seleccion\u00e1ndolos de la lista de los \u00faltimos cargados. Puede darle un nombre a cada documento, cargar un \u00edcono personalizado y una vista previa de la imagen, elegir la opci\u00f3n de dise\u00f1o de archivos y m\u00e1s. Su audiencia puede ver los documentos directamente en la p\u00e1gina, en una nueva pesta\u00f1a del navegador, y descargarlos. <\/p> <div class=\"faq\" data-component=\"FAQ\"> <div class=\"faq-item\">\r\n\t\t\t\t\t<div class=\"faq-item-question\">\r\n\t\t\t\t\t\t<h3 class=\"faq-item-question-text\">\u00bfD\u00f3nde puedo publicar el widget en mi sitio?<\/h3>\r\n\r\n\t\t\t\t\t\t<div class=\"faq-item-question-icon\"><\/div>\r\n\t\t\t\t\t<\/div>\r\n\r\n\t\t\t\t\t<div class=\"faq-item-answer\">\r\n\t\t\t\t\t\t<div class=\"faq-item-answer-text\"> <p>Si\u00e9ntete libre de aplicar el widget File Embed en cada p\u00e1gina de tu sitio. Por lo tanto, puede aplicarlo para mostrar sus documentos t\u00e9cnicos o instrucciones en las p\u00e1ginas de productos, o presumir de sus diplomas y certificados en la p\u00e1gina Acerca de nosotros. <\/p> <\/div>\r\n\t\t\t\t\t<\/div>\r\n\t\t\t\t<\/div> <div class=\"faq-item\">\r\n\t\t\t\t\t<div class=\"faq-item-question\">\r\n\t\t\t\t\t\t<h3 class=\"faq-item-question-text\">\u00bfCu\u00e1les son las ventajas de tener File Embed para m\u00ed?<\/h3>\r\n\r\n\t\t\t\t\t\t<div class=\"faq-item-question-icon\"><\/div>\r\n\t\t\t\t\t<\/div>\r\n\r\n\t\t\t\t\t<div class=\"faq-item-answer\">\r\n\t\t\t\t\t\t<div class=\"faq-item-answer-text\"> <p>Nuestro widget puede ahorrarle mucho tiempo, porque con \u00e9l, agregar documentos a su sitio toma solo unos segundos. M\u00e1s a\u00fan, puede proporcionar una gran cantidad de datos significativos sobre sus art\u00edculos y servicios para mejorar la comprensi\u00f3n de sus ofertas por parte de los clientes. <\/p> <\/div>\r\n\t\t\t\t\t<\/div>\r\n\t\t\t\t<\/div> <div class=\"faq-item\">\r\n\t\t\t\t\t<div class=\"faq-item-question\">\r\n\t\t\t\t\t\t<h3 class=\"faq-item-question-text\">\u00bfC\u00f3mo puedo incrustar File Embed en mi sitio web de Bigcommerce?<\/h3>\r\n\r\n\t\t\t\t\t\t<div class=\"faq-item-question-icon\"><\/div>\r\n\t\t\t\t\t<\/div>\r\n\r\n\t\t\t\t\t<div class=\"faq-item-answer\">\r\n\t\t\t\t\t\t<div class=\"faq-item-answer-text\"> <p>Incrustar el widget lleva tres minutos de su tiempo. La instalaci\u00f3n es realmente r\u00e1pida, gratuita y sin codificaci\u00f3n. <\/p> <ol> <li>Puede colocar el widget en su p\u00e1gina web directamente a trav\u00e9s de nuestro servicio. Simplemente siga la gu\u00eda que aparece en esta p\u00e1gina. <\/li> <li>El widget se puede insertar a trav\u00e9s de nuestro servicio o del mercado. Aqu\u00ed puedes leer m\u00e1s detalles sobre las dos opciones y elegir la tuya. <\/li> <\/ol> <\/div>\r\n\t\t\t\t\t<\/div>\r\n\t\t\t\t<\/div> <\/div> <\/div> <div class=\"application-platform-content-item-features application-platform-content-item\" id=\"features\" data-nav-section=\"features\"> <h2>Caracter\u00edsticas<\/h2> <p>Para tener un conocimiento completo del widget, consulte la lista de las caracter\u00edsticas esenciales. Hacen que nuestro widget sea m\u00e1s eficiente para usted: <\/p> <ul><li>Inserte documentos ilimitados; <\/li> <li>Opci\u00f3n de dise\u00f1o del Visor de archivos para examinar los archivos del sitio; <\/li> <li>Cargar im\u00e1genes para iconos de documentos y vistas previas; <\/li> <li>Mostrar u ocultar el texto de descarga del archivo; <\/li> <li> Pinta seis detalles de la interfaz. <\/li> <\/ul><p>La demostraci\u00f3n le revelar\u00e1 todas las funciones<\/p> <\/div> <div class=\"application-platform-content-item-installation application-platform-content-item\" id=\"installation\" data-nav-section=\"installation\"> <h2>Compruebe c\u00f3mo incrustar el widget File Embed en su sitio web de BigCommerce<\/h2> <div class=\"video-container\"><iframe width=\"720\" height=\"405\" src=\"https:\/\/www.youtube.com\/embed\/ZCni6DklpOM\" frameborder=\"0\"><\/iframe><\/div><p>Simplemente aplique las instrucciones a continuaci\u00f3n para comenzar a usar la aplicaci\u00f3n en BigCommerce.<\/p> <ol><li><b>Inicie nuestro configurador gratuito y comience a crear su widget personalizado. <\/b><br> Determine el dise\u00f1o y los par\u00e1metros seleccionados de la aplicaci\u00f3n File Embed y aplique las ediciones. <\/li> <li><b>Reciba el c\u00f3digo \u00fanico que se revela en el cuadro de Elfsight Apps. <\/b><br> Inmediatamente despu\u00e9s de completar la creaci\u00f3n de su widget personal, copie el c\u00f3digo individual de la ventana emergente que aparece y gu\u00e1rdelo para usarlo m\u00e1s adelante. <\/li> <li><b>Inicie la utilizaci\u00f3n del widget en su sitio web de BigCommerce. <\/b><br> A\u00f1ade el c\u00f3digo que has copiado recientemente en tu sitio y guarda los ajustes. <\/li> <li><b>La instalaci\u00f3n ha finalizado por completo. <\/b><br> Vaya a su sitio para observar c\u00f3mo est\u00e1 funcionando la herramienta. <\/li><\/ol><p>\u00bfA\u00fan no puedes tomar una decisi\u00f3n? \u00bfO tienes consultas? Simplemente dirija una solicitud a nuestro servicio de atenci\u00f3n al cliente, ellos resolver\u00e1n todos los problemas. <\/p> <\/div>","protected":false},"excerpt":{"rendered":"","protected":false},"author":9,"featured_media":0,"parent":912,"menu_order":0,"comment_status":"closed","ping_status":"closed","template":"templates\/template-application-platform.php","meta":{"publish_to_discourse":"","publish_post_category":"","wpdc_auto_publish_overridden":"","wpdc_topic_tags":"","wpdc_pin_topic":"","wpdc_pin_until":"","discourse_post_id":"","discourse_permalink":"","wpdc_publishing_response":"","wpdc_publishing_error":"","footnotes":""},"class_list":["post-7948","page","type-page","status-publish","hentry"],"yoast_head":"<!-- This site is optimized with the Yoast SEO plugin v25.3.1 - https:\/\/yoast.com\/wordpress\/plugins\/seo\/ -->\n<title>Aplicaci\u00f3n File Viewer: incruste cualquier archivo en su sitio web de BigCommerce (2026)<\/title>\n<meta name=\"description\" content=\"Es muy sencillo darle forma a su widget File Embed y agregarlo a su sitio web de BigCommerce. La atenci\u00f3n al cliente de Elfsight es gratuita y r\u00e1pida.\" \/>\n<meta name=\"robots\" content=\"index, follow, max-snippet:-1, max-image-preview:large, max-video-preview:-1\" \/>\n<link rel=\"canonical\" href=\"https:\/\/elfsight.com\/es\/file-embed-widget\/bigcommerce\/\" \/>\n<meta property=\"og:locale\" content=\"es_ES\" \/>\n<meta property=\"og:type\" content=\"article\" \/>\n<meta property=\"og:title\" content=\"Aplicaci\u00f3n File Viewer: incruste cualquier archivo en su sitio web de BigCommerce (2026)\" \/>\n<meta property=\"og:description\" content=\"Es muy sencillo darle forma a su widget File Embed y agregarlo a su sitio web de BigCommerce. La atenci\u00f3n al cliente de Elfsight es gratuita y r\u00e1pida.\" \/>\n<meta property=\"og:url\" content=\"https:\/\/elfsight.com\/es\/file-embed-widget\/bigcommerce\/\" \/>\n<meta property=\"og:site_name\" content=\"Elfsight ES\" \/>\n<meta property=\"article:modified_time\" content=\"2025-02-06T15:43:50+00:00\" \/>\n<meta name=\"twitter:card\" content=\"summary_large_image\" \/>\n<meta name=\"twitter:label1\" content=\"Tiempo de lectura\" \/>\n\t<meta name=\"twitter:data1\" content=\"3 minutos\" \/>\n<!-- \/ Yoast SEO plugin. -->","yoast_head_json":{"title":"Aplicaci\u00f3n File Viewer: incruste cualquier archivo en su sitio web de BigCommerce (2026)","description":"Es muy sencillo darle forma a su widget File Embed y agregarlo a su sitio web de BigCommerce. La atenci\u00f3n al cliente de Elfsight es gratuita y r\u00e1pida.","robots":{"index":"index","follow":"follow","max-snippet":"max-snippet:-1","max-image-preview":"max-image-preview:large","max-video-preview":"max-video-preview:-1"},"canonical":"https:\/\/elfsight.com\/es\/file-embed-widget\/bigcommerce\/","og_locale":"es_ES","og_type":"article","og_title":"Aplicaci\u00f3n File Viewer: incruste cualquier archivo en su sitio web de BigCommerce (2026)","og_description":"Es muy sencillo darle forma a su widget File Embed y agregarlo a su sitio web de BigCommerce. La atenci\u00f3n al cliente de Elfsight es gratuita y r\u00e1pida.","og_url":"https:\/\/elfsight.com\/es\/file-embed-widget\/bigcommerce\/","og_site_name":"Elfsight ES","article_modified_time":"2025-02-06T15:43:50+00:00","twitter_card":"summary_large_image","twitter_misc":{"Tiempo de lectura":"3 minutos"},"schema":{"@context":"https:\/\/schema.org","@graph":[{"@type":"WebPage","@id":"https:\/\/elfsight.com\/es\/file-embed-widget\/bigcommerce\/","url":"https:\/\/elfsight.com\/es\/file-embed-widget\/bigcommerce\/","name":"Aplicaci\u00f3n File Viewer: incruste cualquier archivo en su sitio web de BigCommerce (2026)","isPartOf":{"@id":"https:\/\/elfsight.com\/es\/#website"},"datePublished":"1970-01-01T00:00:00+00:00","dateModified":"2025-02-06T15:43:50+00:00","description":"Es muy sencillo darle forma a su widget File Embed y agregarlo a su sitio web de BigCommerce. La atenci\u00f3n al cliente de Elfsight es gratuita y r\u00e1pida.","breadcrumb":{"@id":"https:\/\/elfsight.com\/es\/file-embed-widget\/bigcommerce\/#breadcrumb"},"inLanguage":"es","potentialAction":[{"@type":"ReadAction","target":["https:\/\/elfsight.com\/es\/file-embed-widget\/bigcommerce\/"]}]},{"@type":"BreadcrumbList","@id":"https:\/\/elfsight.com\/es\/file-embed-widget\/bigcommerce\/#breadcrumb","itemListElement":[{"@type":"ListItem","position":1,"name":"Home","item":"https:\/\/elfsight.com\/es\/"},{"@type":"ListItem","position":2,"name":"File Embed","item":"https:\/\/elfsight.com\/es\/file-embed-widget\/"},{"@type":"ListItem","position":3,"name":"File Embed &#8211; BigCommerce"}]},{"@type":"WebSite","@id":"https:\/\/elfsight.com\/es\/#website","url":"https:\/\/elfsight.com\/es\/","name":"Elfsight ES","description":"Just another Elfsight Sites site","potentialAction":[{"@type":"SearchAction","target":{"@type":"EntryPoint","urlTemplate":"https:\/\/elfsight.com\/es\/?s={search_term_string}"},"query-input":{"@type":"PropertyValueSpecification","valueRequired":true,"valueName":"search_term_string"}}],"inLanguage":"es"}]}},"meta_box":{"industry":"","seo_heading":"","heading":"","description":"","cta_heading":"","cta_description":"","application":"911","h1":"Aplicaci\u00f3n BigCommerce FIle Insert","h1_caption":"Incruste documentos, hojas de c\u00e1lculo y otros archivos en su sitio web para verlos y descargarlos f\u00e1cilmente en su sitio web de BigCommerce sin esfuerzo.","application_category":[],"applications_title":"","applications_request_title":"","applications_request_button_text":"","hero_text":"","hero_video":"","hero_video_schema_markup":"","selling_points_title":"","selling_points_caption":"","selling_points":[],"selling_points_cta_text":"","features_title":"","features":"","ed_cta_examples_text":"","ed_cta_examples_hidden":"","ed_cta_demo_text":"","ed_cta_demo_hidden":"","why_caption":"","why_editor_title":"","why_editor_text":"","why_team_title":"","why_team_text":"","why_service_title":"","why_service_text":"","template_catalog_visible":"","template_catalog_title":"","template_catalog_text":"","template_catalog_categories_visible":"","demo_title":"Crea tu aplicaci\u00f3n File Embed","demo_caption":"\u00a1Configure su File Embed y agr\u00e9guelo a su sitio web de BigCommerce gratis!","default_faq_hidden":"","app_template_category":[],"platform":"33","template_public_id":"","codecanyon_url":"","codecanyon_item_id":"","codecanyon_price":"","pricing_caption":"","pricing_elfsight_apps_hide_column":"","pricing_elfsight_apps_url":"","pricing_codecanyon_price_caption":"","integration_category":[],"integration_request_title":"","integration_request_cta":"","integration_platform":"","integrations":[],"platform_category":[],"video_schema_markup":"","price":"desde $0 \/ mes","trial":"","benefits":[{"text":"Servicio de instalaci\u00f3n gratuito"},{"text":"Servicio al cliente profesional"},{"text":"Garant\u00eda de devoluci\u00f3n de dinero de 14 d\u00edas"},{"text":"Desarrollo continuo"}],"button_url":"#demo","button_target_blank":"","button_nofollow":"","attributes":[{"name":"Instalaciones","content":"10,000 - 100,000"},{"name":"Sensible","content":"S\u00ed"},{"name":"Navegadores compatibles","content":"Firefox, Safari, Opera, Chrome, Edge"}],"tags":[],"tags_disable_links":"","hide_more_platforms":"","video_object":"","demo_hide_cta":"","demo_hide_cloud_options":"","pricing_title":"","pricing":[{"pricing_icon":"platform","pricing_title":"Elfsight Apps","pricing_title_caption":"Software multiplataforma que funciona en cualquier sitio","pricing_price":"desde $0 \/ mes","pricing_price_caption":"comienza con un plan gratuito","pricing_benefits":[{"text":"Dominios ilimitados"},{"text":"Soporte dedicado y puntual"},{"text":"Asistencia de instalaci\u00f3n gratuita"},{"text":"100% personalizable"}],"pricing_button_text":"A\u00f1adir al sitio web","pricing_button_url":"#demo"}],"related_apps_title":"","related_apps_hidden":"","author":"","image":[],"title":"","job":"","social_networks":[]},"_links":{"self":[{"href":"https:\/\/elfsight.com\/es\/wp-json\/wp\/v2\/pages\/7948","targetHints":{"allow":["GET"]}}],"collection":[{"href":"https:\/\/elfsight.com\/es\/wp-json\/wp\/v2\/pages"}],"about":[{"href":"https:\/\/elfsight.com\/es\/wp-json\/wp\/v2\/types\/page"}],"author":[{"embeddable":true,"href":"https:\/\/elfsight.com\/es\/wp-json\/wp\/v2\/users\/9"}],"replies":[{"embeddable":true,"href":"https:\/\/elfsight.com\/es\/wp-json\/wp\/v2\/comments?post=7948"}],"version-history":[{"count":2,"href":"https:\/\/elfsight.com\/es\/wp-json\/wp\/v2\/pages\/7948\/revisions"}],"predecessor-version":[{"id":18711,"href":"https:\/\/elfsight.com\/es\/wp-json\/wp\/v2\/pages\/7948\/revisions\/18711"}],"up":[{"embeddable":true,"href":"https:\/\/elfsight.com\/es\/wp-json\/wp\/v2\/pages\/912"}],"wp:attachment":[{"href":"https:\/\/elfsight.com\/es\/wp-json\/wp\/v2\/media?parent=7948"}],"curies":[{"name":"wp","href":"https:\/\/api.w.org\/{rel}","templated":true}]}}