{"id":7940,"date":"1970-01-01T00:00:00","date_gmt":"1970-01-01T00:00:00","guid":{"rendered":"https:\/\/elfsight.com\/es\/?page_id=7940"},"modified":"2025-02-06T15:43:59","modified_gmt":"2025-02-06T15:43:59","slug":"woocommerce","status":"publish","type":"page","link":"https:\/\/elfsight.com\/es\/pinterest-feed-widget\/woocommerce\/","title":{"rendered":"Pinterest Feed &#8211; WooCommerce"},"content":{"rendered":"<div class=\"application-platform-content-item-description application-platform-content-item\" id=\"description\" data-nav-section=\"description\"><h2>Descripci\u00f3n<\/h2><p>Con el complemento Pinterest Feed de Elfsight, puedes insertar en tu sitio web incre\u00edbles im\u00e1genes de Pinterest r\u00e1pidamente. Elfsight Pinterest Feed permite integrar pines, tableros y su perfil completo en su sitio web. Atraiga a sus futuros clientes utilizando im\u00e1genes y tableros tem\u00e1ticos cuidadosamente seleccionados y cree sus propias galer\u00edas originales. Ampl\u00ede el alcance de las im\u00e1genes de su cuenta, aumente la participaci\u00f3n en su sitio y atraiga m\u00e1s suscriptores para su perfil simult\u00e1neamente.<\/p><p><b>Acompa\u00f1e las im\u00e1genes de su sitio web desde Pinterest de manera inmediata y conveniente.<\/b><\/p><\/div> <div class=\"application-platform-content-item-features application-platform-content-item\" id=\"features\" data-nav-section=\"features\"><h2>Las caracter\u00edsticas m\u00e1s importantes del widget contienen<\/h2><ul><li>T\u00edtulo del widget editable;<\/li><li>Elija el ancho y el ancho del widget. altura;<\/li><li>Mostrar u ocultar encabezado;<\/li><li>Mostrar u ocultar recuentos de tableros y pines.<\/li><\/ul><p><a href=\"#demo\">Puedes sentir si el widget es para ti con la ayuda de la demostraci\u00f3n<\/a><\/p><\/div><div class=\"application-platform-content-item-installation application-platform-content-item\" id=\"installation\" data-nav-section=\"installation\"><h2>\u00bfC\u00f3mo agrego Pinterest Feed en mi WooCommerce? sitio web?<\/h2><p>Simplemente siga las instrucciones a continuaci\u00f3n para comenzar a usar el widget.<\/p><ol><li><b>Administre nuestra demostraci\u00f3n gratuita y comience a crear su complemento personalizado.<\/b><br>Especifique la forma adecuada y las caracter\u00edsticas funcionales del complemento y aplique las ediciones.<\/li><li><b>Adquiera su c\u00f3digo \u00fanico que se muestra en el cuadro de Elfsight Apps.<\/b><br>Cuando se complete la generaci\u00f3n de su herramienta personal, copie el c\u00f3digo exclusivo en la ventana emergente que aparece y cons\u00e9rvelo para necesidad futura.<\/li><li><b>Ingrese al uso de la herramienta en el sitio web WooCommerce.<\/b><br>Integre el c\u00f3digo que copi\u00f3 anteriormente en su p\u00e1gina de inicio y guarde las ediciones.<\/li><li><b>\u00a1Listo! La integraci\u00f3n est\u00e1 completamente realizada.<\/b><br>Vaya a su p\u00e1gina para revisar c\u00f3mo est\u00e1 funcionando la herramienta.<\/li><\/ol><p>En caso de tener preguntas o tener algunas complicaciones, no dude en ponerse en contacto con nuestro equipo de atenci\u00f3n al cliente. Nuestros especialistas desean resolver todas las dificultades que pueda tener con el producto.<\/p><\/div><div class=\"faq\" data-component=\"FAQ\"><div class=\"faq-item\">\r\n\t\t\t\t\t<div class=\"faq-item-question\">\r\n\t\t\t\t\t\t<h3 class=\"faq-item-question-text\">\u00bfDe qu\u00e9 manera puedo insertar Pinterest Feed en mi sitio WooCommerce sin codificaci\u00f3n?<\/h3>\r\n\r\n\t\t\t\t\t\t<div class=\"faq-item-question-icon\"><\/div>\r\n\t\t\t\t\t<\/div>\r\n\r\n\t\t\t\t\t<div class=\"faq-item-answer\">\r\n\t\t\t\t\t\t<div class=\"faq-item-answer-text\"><p>La empresa Elfsight presenta una soluci\u00f3n en la nube que permite al usuario generar un widget de Pinterest Feed usted mismo; consulte los sencillos pasos: <\/p><ul><li>Vaya al sitio web en l\u00ednea Editor para generar una secci\u00f3n de Feed de Pinterest que le gustar\u00eda agregar en la p\u00e1gina de inicio de WooCommerce.<\/li><li>Elija una de las muchas plantillas predise\u00f1adas y modifique la configuraci\u00f3n del Feed de Pinterest, incluya su contenido, cambie el dise\u00f1o y los colores sin conocimientos de codificaci\u00f3n.<\/li><li>Guarde el Feed de Pinterest y copie el c\u00f3digo de instalaci\u00f3n del widget, que se puede agregar sin esfuerzo en su sitio WooCommerce dentro de un plan gratuito. <\/li><\/ul><p>Con nuestro editor f\u00e1cil de usar, cualquier usuario web puede crear la aplicaci\u00f3n Pinterest Feed y agregarla f\u00e1cilmente a la p\u00e1gina de inicio de WooCommerce. No debe obtener un plan pago ni revelar los datos de su tarjeta para ingresar al servicio Elfsight. Si encuentra alg\u00fan problema de cualquier tipo, no dude en comunicarse con nuestro equipo de soporte.<\/p><\/div>\r\n\t\t\t\t\t<\/div>\r\n\t\t\t\t<\/div><\/div>","protected":false},"excerpt":{"rendered":"","protected":false},"author":9,"featured_media":0,"parent":956,"menu_order":0,"comment_status":"closed","ping_status":"closed","template":"templates\/template-application-platform.php","meta":{"publish_to_discourse":"","publish_post_category":"","wpdc_auto_publish_overridden":"","wpdc_topic_tags":"","wpdc_pin_topic":"","wpdc_pin_until":"","discourse_post_id":"","discourse_permalink":"","wpdc_publishing_response":"","wpdc_publishing_error":"","footnotes":""},"class_list":["post-7940","page","type-page","status-publish","hentry"],"yoast_head":"<!-- This site is optimized with the Yoast SEO plugin v25.3.1 - https:\/\/yoast.com\/wordpress\/plugins\/seo\/ -->\n<title>Complemento WooCommerce Pinterest Feed para su sitio web (2025)<\/title>\n<meta name=\"description\" content=\"Puede personalizar el complemento Pinterest Feed con un par de clics e integrarlo en su sitio web WooCommerce directamente a trav\u00e9s de la demostraci\u00f3n.\" \/>\n<meta name=\"robots\" content=\"index, follow, max-snippet:-1, max-image-preview:large, max-video-preview:-1\" \/>\n<link rel=\"canonical\" href=\"https:\/\/elfsight.com\/es\/pinterest-feed-widget\/woocommerce\/\" \/>\n<meta property=\"og:locale\" content=\"es_ES\" \/>\n<meta property=\"og:type\" content=\"article\" \/>\n<meta property=\"og:title\" content=\"Complemento WooCommerce Pinterest Feed para su sitio web (2025)\" \/>\n<meta property=\"og:description\" content=\"Puede personalizar el complemento Pinterest Feed con un par de clics e integrarlo en su sitio web WooCommerce directamente a trav\u00e9s de la demostraci\u00f3n.\" \/>\n<meta property=\"og:url\" content=\"https:\/\/elfsight.com\/es\/pinterest-feed-widget\/woocommerce\/\" \/>\n<meta property=\"og:site_name\" content=\"Elfsight ES\" \/>\n<meta property=\"article:modified_time\" content=\"2025-02-06T15:43:59+00:00\" \/>\n<meta name=\"twitter:card\" content=\"summary_large_image\" \/>\n<meta name=\"twitter:label1\" content=\"Tiempo de lectura\" \/>\n\t<meta name=\"twitter:data1\" content=\"3 minutos\" \/>\n<!-- \/ Yoast SEO plugin. -->","yoast_head_json":{"title":"Complemento WooCommerce Pinterest Feed para su sitio web (2025)","description":"Puede personalizar el complemento Pinterest Feed con un par de clics e integrarlo en su sitio web WooCommerce directamente a trav\u00e9s de la demostraci\u00f3n.","robots":{"index":"index","follow":"follow","max-snippet":"max-snippet:-1","max-image-preview":"max-image-preview:large","max-video-preview":"max-video-preview:-1"},"canonical":"https:\/\/elfsight.com\/es\/pinterest-feed-widget\/woocommerce\/","og_locale":"es_ES","og_type":"article","og_title":"Complemento WooCommerce Pinterest Feed para su sitio web (2025)","og_description":"Puede personalizar el complemento Pinterest Feed con un par de clics e integrarlo en su sitio web WooCommerce directamente a trav\u00e9s de la demostraci\u00f3n.","og_url":"https:\/\/elfsight.com\/es\/pinterest-feed-widget\/woocommerce\/","og_site_name":"Elfsight ES","article_modified_time":"2025-02-06T15:43:59+00:00","twitter_card":"summary_large_image","twitter_misc":{"Tiempo de lectura":"3 minutos"},"schema":{"@context":"https:\/\/schema.org","@graph":[{"@type":"WebPage","@id":"https:\/\/elfsight.com\/es\/pinterest-feed-widget\/woocommerce\/","url":"https:\/\/elfsight.com\/es\/pinterest-feed-widget\/woocommerce\/","name":"Complemento WooCommerce Pinterest Feed para su sitio web (2025)","isPartOf":{"@id":"https:\/\/elfsight.com\/es\/#website"},"datePublished":"1970-01-01T00:00:00+00:00","dateModified":"2025-02-06T15:43:59+00:00","description":"Puede personalizar el complemento Pinterest Feed con un par de clics e integrarlo en su sitio web WooCommerce directamente a trav\u00e9s de la demostraci\u00f3n.","breadcrumb":{"@id":"https:\/\/elfsight.com\/es\/pinterest-feed-widget\/woocommerce\/#breadcrumb"},"inLanguage":"es","potentialAction":[{"@type":"ReadAction","target":["https:\/\/elfsight.com\/es\/pinterest-feed-widget\/woocommerce\/"]}]},{"@type":"BreadcrumbList","@id":"https:\/\/elfsight.com\/es\/pinterest-feed-widget\/woocommerce\/#breadcrumb","itemListElement":[{"@type":"ListItem","position":1,"name":"Home","item":"https:\/\/elfsight.com\/es\/"},{"@type":"ListItem","position":2,"name":"Pinterest Feed","item":"https:\/\/elfsight.com\/es\/pinterest-feed-widget\/"},{"@type":"ListItem","position":3,"name":"Pinterest Feed &#8211; WooCommerce"}]},{"@type":"WebSite","@id":"https:\/\/elfsight.com\/es\/#website","url":"https:\/\/elfsight.com\/es\/","name":"Elfsight ES","description":"Just another Elfsight Sites site","potentialAction":[{"@type":"SearchAction","target":{"@type":"EntryPoint","urlTemplate":"https:\/\/elfsight.com\/es\/?s={search_term_string}"},"query-input":{"@type":"PropertyValueSpecification","valueRequired":true,"valueName":"search_term_string"}}],"inLanguage":"es"}]}},"meta_box":{"industry":"","seo_heading":"","heading":"","description":"","cta_heading":"","cta_description":"","application":"955","h1":"Complemento de alimentaci\u00f3n de Pinterest de WooCommerce","h1_caption":"Inserte una fuente de pines desde su cuenta de Pinterest para mostrar contenido din\u00e1mico y visualmente atractivo en su sitio web WooCommerce sin esfuerzo.","application_category":[],"applications_title":"","applications_request_title":"","applications_request_button_text":"","hero_text":"","hero_video":"","hero_video_schema_markup":"","selling_points_title":"","selling_points_caption":"","selling_points":[],"selling_points_cta_text":"","features_title":"","features":"","ed_cta_examples_text":"","ed_cta_examples_hidden":"","ed_cta_demo_text":"","ed_cta_demo_hidden":"","why_caption":"","why_editor_title":"","why_editor_text":"","why_team_title":"","why_team_text":"","why_service_title":"","why_service_text":"","template_catalog_visible":"","template_catalog_title":"","template_catalog_text":"","template_catalog_categories_visible":"","demo_title":"Crea tu aplicaci\u00f3n Pinterest Feed","demo_caption":"\u00a1Configure su feed de Pinterest y agr\u00e9guelo a su sitio web WooCommerce de forma gratuita!","default_faq_hidden":"","app_template_category":[],"platform":"2311","template_public_id":"","codecanyon_url":"","codecanyon_item_id":"","codecanyon_price":"","pricing_caption":"","pricing_elfsight_apps_hide_column":"","pricing_elfsight_apps_url":"","pricing_codecanyon_price_caption":"","integration_category":[],"integration_request_title":"","integration_request_cta":"","integration_platform":"","integrations":[],"platform_category":[],"video_schema_markup":"","price":"desde $0 \/ mes","trial":"","benefits":[{"text":"Asistencia de instalaci\u00f3n gratuita"},{"text":"Atenci\u00f3n al cliente experimentada"},{"text":"Garant\u00eda de devoluci\u00f3n de dinero de 14 d\u00edas"},{"text":"Actualizando constantemente"}],"button_url":"#demo","button_target_blank":"","button_nofollow":"","attributes":[{"name":"Instalaciones","content":"10,000 - 100,000"},{"name":"Sensible","content":"S\u00ed"},{"name":"Navegadores compatibles","content":"Firefox, Safari, Opera, Chrome, Edge"}],"tags":[],"tags_disable_links":"","hide_more_platforms":"","video_object":"","demo_hide_cta":"","demo_hide_cloud_options":"","pricing_title":"","pricing":[{"pricing_icon":"platform","pricing_title":"Elfsight Apps","pricing_title_caption":"Versi\u00f3n independiente de la plataforma que funciona en cualquier sitio","pricing_price":"desde $0 \/ mes","pricing_price_caption":"comienza con un plan gratuito","pricing_benefits":[{"text":"Dominios ilimitados"},{"text":"Soporte profesional de la empresa y bien documentado."},{"text":"Ayuda de instalaci\u00f3n gratuita"},{"text":"Dise\u00f1o flexible"}],"pricing_button_text":"A\u00f1adir al sitio web","pricing_button_url":"#demo"}],"related_apps_title":"","related_apps_hidden":"","author":"","image":[],"title":"","job":"","social_networks":[]},"_links":{"self":[{"href":"https:\/\/elfsight.com\/es\/wp-json\/wp\/v2\/pages\/7940","targetHints":{"allow":["GET"]}}],"collection":[{"href":"https:\/\/elfsight.com\/es\/wp-json\/wp\/v2\/pages"}],"about":[{"href":"https:\/\/elfsight.com\/es\/wp-json\/wp\/v2\/types\/page"}],"author":[{"embeddable":true,"href":"https:\/\/elfsight.com\/es\/wp-json\/wp\/v2\/users\/9"}],"replies":[{"embeddable":true,"href":"https:\/\/elfsight.com\/es\/wp-json\/wp\/v2\/comments?post=7940"}],"version-history":[{"count":2,"href":"https:\/\/elfsight.com\/es\/wp-json\/wp\/v2\/pages\/7940\/revisions"}],"predecessor-version":[{"id":18714,"href":"https:\/\/elfsight.com\/es\/wp-json\/wp\/v2\/pages\/7940\/revisions\/18714"}],"up":[{"embeddable":true,"href":"https:\/\/elfsight.com\/es\/wp-json\/wp\/v2\/pages\/956"}],"wp:attachment":[{"href":"https:\/\/elfsight.com\/es\/wp-json\/wp\/v2\/media?parent=7940"}],"curies":[{"name":"wp","href":"https:\/\/api.w.org\/{rel}","templated":true}]}}