{"id":7938,"date":"1970-01-01T00:00:00","date_gmt":"1970-01-01T00:00:00","guid":{"rendered":"https:\/\/elfsight.com\/es\/?page_id=7938"},"modified":"2025-02-06T15:43:59","modified_gmt":"2025-02-06T15:43:59","slug":"weebly","status":"publish","type":"page","link":"https:\/\/elfsight.com\/es\/pinterest-feed-widget\/weebly\/","title":{"rendered":"Pinterest Feed &#8211; Weebly"},"content":{"rendered":"<div class=\"application-platform-content-item-description application-platform-content-item\" id=\"description\" data-nav-section=\"description\"><h2>Descripci\u00f3n<\/h2><p>Utilizando Pinterest Feed de Elfsight, puedes introducir en tu sitio web las mejores im\u00e1genes de Pinterest r\u00e1pidamente. El widget de Elfsight permite introducir pines, tableros y su perfil completo en el sitio web. Atraiga a sus futuros clientes utilizando contenido cuidadosamente seleccionado, tableros tem\u00e1ticos y d\u00e9 forma a sus propios decorados de dise\u00f1o exclusivo. Ampl\u00ede la difusi\u00f3n de sus im\u00e1genes, aumente la participaci\u00f3n en el sitio web y tenga m\u00e1s suscriptores para su cuenta de Pinterest simult\u00e1neamente.<\/p><p><b> Agregue a su sitio fotos de Pinterest de inmediato y sin esfuerzo.<\/b><\/p><ul><li><b>Fortalezca la participaci\u00f3n de los visitantes en su sitio<\/b><br> Las fotos cuidadosamente elegidas en su sitio atraer\u00e1n la m\u00e1xima atenci\u00f3n de los usuarios y mantendr\u00e1n a las personas interesadas.<\/li><li><b>Ampl\u00ede el alcance social de sus im\u00e1genes de Pinterest<\/b><br> Otorgue una oportunidad a aquellos que lo est\u00e1n no en Pinterest, para ver el contenido seleccionado y mostrarlo en el sitio.<\/li><li><b>Aumente el n\u00famero de ventas con im\u00e1genes atractivas<\/b><br> Seleccione las im\u00e1genes m\u00e1s atractivas de sus art\u00edculos; muestra las \u00faltimas tendencias e im\u00e1genes inspiradoras para que los usuarios no puedan evitar comprar.<\/li><\/ul><\/div><div class=\"application-platform-content-item-features application-platform-content-item\" id=\"features\" data-nav-section=\"features\"><h2>Caracter\u00edsticas<\/h2><p>Estas son las funciones que transforman el widget de Elfsight en una herramienta imprescindible para el sitio web de Weebly:<\/p><ul><li>Mostrar el t\u00edtulo de la cuenta, los seguidores y el recuento de seguidores.<\/li><li>22 populares idiomas disponibles;<\/li><li>Mostrar u ocultar encabezado;<\/li><li>Mostrar u ocultar recuentos de tableros y pines;<\/li><\/ul><p><a href=\"#demo\">Conozca todas las caracter\u00edsticas del panel<\/a><\/p><\/div><div class=\"application-platform-content-item-installation application-platform-content-item\" id=\"installation\" data-nav-section=\"installation\"><h2>C\u00f3mo agregar Pinterest Feed al sitio web de Weebly<\/h2><div class=\"video-container\"><iframe width=\"720\" height=\"405\" src=\"https:\/\/www.youtube.com\/embed\/6cqfFuxtNP8\" frameborder=\"0\"><\/iframe><\/div><p>Un tutorial sencillo sobre c\u00f3mo agregar un widget en una p\u00e1gina web sin competencia en desarrollo. El tiempo total de instalaci\u00f3n es de aproximadamente 2 minutos.<\/p><ol><li><b>Utilice nuestro editor gratuito y comience a crear su aplicaci\u00f3n personalizada. <\/b><br> Encuentre el dise\u00f1o y los par\u00e1metros deseados de la aplicaci\u00f3n y guarde todas las ediciones. <\/li> <li><b>Reciba su c\u00f3digo \u00fanico mostrado en el cuadro de Elfsight Apps. <\/b><br> Cuando finalice la configuraci\u00f3n de su aplicaci\u00f3n personal, copie el c\u00f3digo individual del cuadro que aparece y gu\u00e1rdelo para futuras ocasiones. <\/li> <li><b>Iniciar el uso de la aplicaci\u00f3n en la p\u00e1gina web de Weebly. <\/b><br>Incrusta el c\u00f3digo que has guardado anteriormente en tu sitio web y aplica las modificaciones. <\/li> <li><b>\u00a1Listo! La integraci\u00f3n se logra con \u00e9xito. <\/b><br>Visita su p\u00e1gina web para ver el funcionamiento de la aplicaci\u00f3n. <\/li><\/ol><p>\u00bfTienes alg\u00fan problema al configurar o ajustar la aplicaci\u00f3n? Deje una consulta en nuestro Centro de soporte.<\/p><\/div><div class=\"faq\" data-component=\"FAQ\"><div class=\"faq-item\">\r\n\t\t\t\t\t<div class=\"faq-item-question\">\r\n\t\t\t\t\t\t<h3 class=\"faq-item-question-text\">\u00bfDe qu\u00e9 manera es posible insertar Pinterest Feed en mi p\u00e1gina de inicio de Weebly sin conocimientos de codificaci\u00f3n?<\/h3>\r\n\r\n\t\t\t\t\t\t<div class=\"faq-item-question-icon\"><\/div>\r\n\t\t\t\t\t<\/div>\r\n\r\n\t\t\t\t\t<div class=\"faq-item-answer\">\r\n\t\t\t\t\t\t<div class=\"faq-item-answer-text\"><p>La empresa Elfsight presenta una soluci\u00f3n que permite a los usuarios crear un widget de Pinterest Feed usted mismo; aprenda las sencillas instrucciones: <\/p><ul><li>Comience a trabajar en el editor en vivo. para crear una secci\u00f3n de Pinterest Feed que le gustar\u00eda agregar en el sitio Weebly.<\/li><li>Elija una de las plantillas predise\u00f1adas y modifique la configuraci\u00f3n de Pinterest Feed, actualice su contenido, transforme el dise\u00f1o y los colores sin experiencia en codificaci\u00f3n.<\/li><li>Haga clic para guardar la configuraci\u00f3n que realiz\u00f3 en Pinterest Feed y obtenga el c\u00f3digo para incrustar, que se puede incluir f\u00e1cilmente en el sitio web de Weebly sin comprar una suscripci\u00f3n paga. <\/li><\/ul><p>Con nuestro Configurador f\u00e1cil de usar, cualquier usuario web puede generar feeds de Pinterest y pegarlos en el sitio Weebly. No debe obtener un plan pago ni enviar los datos de su tarjeta para acceder al servicio. Si tiene alg\u00fan problema en cualquier paso, no dude en comunicarse con nuestro equipo de soporte t\u00e9cnico.<\/p><\/div>\r\n\t\t\t\t\t<\/div>\r\n\t\t\t\t<\/div><\/div>","protected":false},"excerpt":{"rendered":"","protected":false},"author":9,"featured_media":0,"parent":956,"menu_order":0,"comment_status":"closed","ping_status":"closed","template":"templates\/template-application-platform.php","meta":{"publish_to_discourse":"","publish_post_category":"","wpdc_auto_publish_overridden":"","wpdc_topic_tags":"","wpdc_pin_topic":"","wpdc_pin_until":"","discourse_post_id":"","discourse_permalink":"","wpdc_publishing_response":"","wpdc_publishing_error":"","footnotes":""},"class_list":["post-7938","page","type-page","status-publish","hentry"],"yoast_head":"<!-- This site is optimized with the Yoast SEO plugin v25.3.1 - https:\/\/yoast.com\/wordpress\/plugins\/seo\/ -->\n<title>Feed de Pinterest: agregue la aplicaci\u00f3n Pinterest al sitio web de Weebly (2025)<\/title>\n<meta name=\"description\" content=\"Genere su aplicaci\u00f3n Pinterest Feed exclusiva para Weebly y agr\u00e9guela a su sitio web. \u00a1Editor gratuito, soporte para la configuraci\u00f3n y muchas m\u00e1s bonificaciones de Elfsight!\" \/>\n<meta name=\"robots\" content=\"index, follow, max-snippet:-1, max-image-preview:large, max-video-preview:-1\" \/>\n<link rel=\"canonical\" href=\"https:\/\/elfsight.com\/es\/pinterest-feed-widget\/weebly\/\" \/>\n<meta property=\"og:locale\" content=\"es_ES\" \/>\n<meta property=\"og:type\" content=\"article\" \/>\n<meta property=\"og:title\" content=\"Feed de Pinterest: agregue la aplicaci\u00f3n Pinterest al sitio web de Weebly (2025)\" \/>\n<meta property=\"og:description\" content=\"Genere su aplicaci\u00f3n Pinterest Feed exclusiva para Weebly y agr\u00e9guela a su sitio web. \u00a1Editor gratuito, soporte para la configuraci\u00f3n y muchas m\u00e1s bonificaciones de Elfsight!\" \/>\n<meta property=\"og:url\" content=\"https:\/\/elfsight.com\/es\/pinterest-feed-widget\/weebly\/\" \/>\n<meta property=\"og:site_name\" content=\"Elfsight ES\" \/>\n<meta property=\"article:modified_time\" content=\"2025-02-06T15:43:59+00:00\" \/>\n<meta name=\"twitter:card\" content=\"summary_large_image\" \/>\n<meta name=\"twitter:label1\" content=\"Tiempo de lectura\" \/>\n\t<meta name=\"twitter:data1\" content=\"3 minutos\" \/>\n<!-- \/ Yoast SEO plugin. -->","yoast_head_json":{"title":"Feed de Pinterest: agregue la aplicaci\u00f3n Pinterest al sitio web de Weebly (2025)","description":"Genere su aplicaci\u00f3n Pinterest Feed exclusiva para Weebly y agr\u00e9guela a su sitio web. \u00a1Editor gratuito, soporte para la configuraci\u00f3n y muchas m\u00e1s bonificaciones de Elfsight!","robots":{"index":"index","follow":"follow","max-snippet":"max-snippet:-1","max-image-preview":"max-image-preview:large","max-video-preview":"max-video-preview:-1"},"canonical":"https:\/\/elfsight.com\/es\/pinterest-feed-widget\/weebly\/","og_locale":"es_ES","og_type":"article","og_title":"Feed de Pinterest: agregue la aplicaci\u00f3n Pinterest al sitio web de Weebly (2025)","og_description":"Genere su aplicaci\u00f3n Pinterest Feed exclusiva para Weebly y agr\u00e9guela a su sitio web. \u00a1Editor gratuito, soporte para la configuraci\u00f3n y muchas m\u00e1s bonificaciones de Elfsight!","og_url":"https:\/\/elfsight.com\/es\/pinterest-feed-widget\/weebly\/","og_site_name":"Elfsight ES","article_modified_time":"2025-02-06T15:43:59+00:00","twitter_card":"summary_large_image","twitter_misc":{"Tiempo de lectura":"3 minutos"},"schema":{"@context":"https:\/\/schema.org","@graph":[{"@type":"WebPage","@id":"https:\/\/elfsight.com\/es\/pinterest-feed-widget\/weebly\/","url":"https:\/\/elfsight.com\/es\/pinterest-feed-widget\/weebly\/","name":"Feed de Pinterest: agregue la aplicaci\u00f3n Pinterest al sitio web de Weebly (2025)","isPartOf":{"@id":"https:\/\/elfsight.com\/es\/#website"},"datePublished":"1970-01-01T00:00:00+00:00","dateModified":"2025-02-06T15:43:59+00:00","description":"Genere su aplicaci\u00f3n Pinterest Feed exclusiva para Weebly y agr\u00e9guela a su sitio web. \u00a1Editor gratuito, soporte para la configuraci\u00f3n y muchas m\u00e1s bonificaciones de Elfsight!","breadcrumb":{"@id":"https:\/\/elfsight.com\/es\/pinterest-feed-widget\/weebly\/#breadcrumb"},"inLanguage":"es","potentialAction":[{"@type":"ReadAction","target":["https:\/\/elfsight.com\/es\/pinterest-feed-widget\/weebly\/"]}]},{"@type":"BreadcrumbList","@id":"https:\/\/elfsight.com\/es\/pinterest-feed-widget\/weebly\/#breadcrumb","itemListElement":[{"@type":"ListItem","position":1,"name":"Home","item":"https:\/\/elfsight.com\/es\/"},{"@type":"ListItem","position":2,"name":"Pinterest Feed","item":"https:\/\/elfsight.com\/es\/pinterest-feed-widget\/"},{"@type":"ListItem","position":3,"name":"Pinterest Feed &#8211; Weebly"}]},{"@type":"WebSite","@id":"https:\/\/elfsight.com\/es\/#website","url":"https:\/\/elfsight.com\/es\/","name":"Elfsight ES","description":"Just another Elfsight Sites site","potentialAction":[{"@type":"SearchAction","target":{"@type":"EntryPoint","urlTemplate":"https:\/\/elfsight.com\/es\/?s={search_term_string}"},"query-input":{"@type":"PropertyValueSpecification","valueRequired":true,"valueName":"search_term_string"}}],"inLanguage":"es"}]}},"meta_box":{"industry":"","seo_heading":"","heading":"","description":"","cta_heading":"","cta_description":"","application":"955","h1":"Aplicaci\u00f3n Weebly Pinterest Feed","h1_caption":"Inserte una fuente de pines de su cuenta de Pinterest para mostrar contenido din\u00e1mico y visualmente atractivo en su sitio web Weebly sin esfuerzo.","application_category":[],"applications_title":"","applications_request_title":"","applications_request_button_text":"","hero_text":"","hero_video":"","hero_video_schema_markup":"","selling_points_title":"","selling_points_caption":"","selling_points":[],"selling_points_cta_text":"","features_title":"","features":"","ed_cta_examples_text":"","ed_cta_examples_hidden":"","ed_cta_demo_text":"","ed_cta_demo_hidden":"","why_caption":"","why_editor_title":"","why_editor_text":"","why_team_title":"","why_team_text":"","why_service_title":"","why_service_text":"","template_catalog_visible":"","template_catalog_title":"","template_catalog_text":"","template_catalog_categories_visible":"","demo_title":"Crea tu aplicaci\u00f3n Pinterest Feed","demo_caption":"\u00a1Configura tu feed de Pinterest y agr\u00e9galo a tu sitio web Weebly gratis!","default_faq_hidden":"","app_template_category":[],"platform":"109","template_public_id":"","codecanyon_url":"","codecanyon_item_id":"","codecanyon_price":"","pricing_caption":"","pricing_elfsight_apps_hide_column":"","pricing_elfsight_apps_url":"","pricing_codecanyon_price_caption":"","integration_category":[],"integration_request_title":"","integration_request_cta":"","integration_platform":"","integrations":[],"platform_category":[],"video_schema_markup":"","price":"desde $0 \/ mes","trial":"","benefits":[{"text":"Servicio de instalaci\u00f3n gratuito"},{"text":"Servicio al cliente eficaz"},{"text":"Garant\u00eda de devoluci\u00f3n de dinero de 14 d\u00edas"},{"text":"Actualizaciones peri\u00f3dicas"}],"button_url":"#demo","button_target_blank":"","button_nofollow":"","attributes":[{"name":"Instalaciones","content":"10,000 - 100,000"},{"name":"Sensible","content":"S\u00ed"},{"name":"Navegadores compatibles","content":"Firefox, Safari, Opera, Chrome, Edge"}],"tags":[],"tags_disable_links":"","hide_more_platforms":"","video_object":"","demo_hide_cta":"","demo_hide_cloud_options":"","pricing_title":"","pricing":[{"pricing_icon":"platform","pricing_title":"Elfsight Apps","pricing_title_caption":"Soluci\u00f3n digital multiplataforma que se adapta a cualquier sitio.","pricing_price":"desde $0 \/ mes","pricing_price_caption":"empezar con un plan","pricing_benefits":[{"text":"Dominios ilimitados"},{"text":"Atenci\u00f3n al cliente gratuita"},{"text":"Ayuda de instalaci\u00f3n gratuita"},{"text":"100% personalizable"}],"pricing_button_text":"A\u00f1adir al sitio web","pricing_button_url":"#demo"}],"related_apps_title":"","related_apps_hidden":"","author":"","image":[],"title":"","job":"","social_networks":[]},"_links":{"self":[{"href":"https:\/\/elfsight.com\/es\/wp-json\/wp\/v2\/pages\/7938","targetHints":{"allow":["GET"]}}],"collection":[{"href":"https:\/\/elfsight.com\/es\/wp-json\/wp\/v2\/pages"}],"about":[{"href":"https:\/\/elfsight.com\/es\/wp-json\/wp\/v2\/types\/page"}],"author":[{"embeddable":true,"href":"https:\/\/elfsight.com\/es\/wp-json\/wp\/v2\/users\/9"}],"replies":[{"embeddable":true,"href":"https:\/\/elfsight.com\/es\/wp-json\/wp\/v2\/comments?post=7938"}],"version-history":[{"count":2,"href":"https:\/\/elfsight.com\/es\/wp-json\/wp\/v2\/pages\/7938\/revisions"}],"predecessor-version":[{"id":18716,"href":"https:\/\/elfsight.com\/es\/wp-json\/wp\/v2\/pages\/7938\/revisions\/18716"}],"up":[{"embeddable":true,"href":"https:\/\/elfsight.com\/es\/wp-json\/wp\/v2\/pages\/956"}],"wp:attachment":[{"href":"https:\/\/elfsight.com\/es\/wp-json\/wp\/v2\/media?parent=7938"}],"curies":[{"name":"wp","href":"https:\/\/api.w.org\/{rel}","templated":true}]}}