{"id":7933,"date":"1970-01-01T00:00:00","date_gmt":"1970-01-01T00:00:00","guid":{"rendered":"https:\/\/elfsight.com\/es\/?page_id=7933"},"modified":"2025-02-06T15:43:59","modified_gmt":"2025-02-06T15:43:59","slug":"webnode","status":"publish","type":"page","link":"https:\/\/elfsight.com\/es\/pinterest-feed-widget\/webnode\/","title":{"rendered":"Pinterest Feed &#8211; Webnode"},"content":{"rendered":"<div class=\"application-platform-content-item-description application-platform-content-item\" id=\"description\" data-nav-section=\"description\"><h2>Descripci\u00f3n<\/h2><p>Elfsight Pinterest Feed permite mostrar su cuenta y cualquier pin y tablero de Pinterest en su sitio. Con nuestro complemento, no solo puede integrar su perfil sino tambi\u00e9n recopilar pines y tableros para demostrar grupos de fotos para su sitio. Muestre la historia de su negocio, inspire a sus futuros clientes a explorar nuevas ideas o simplemente visualice su sitio. Un complemento flexible lo ayudar\u00e1 a ampliar el alcance de su contenido, aumentar la participaci\u00f3n del sitio y obtener m\u00e1s seguidores en Pinterest.<\/p><p><b>\u00a1Muestre sus ofertas, servicios y proyectos en el sitio web con pines y tableros!<\/b><\/p><ul><li><b>Aumente la participaci\u00f3n de los usuarios en su sitio<\/b><br> Las im\u00e1genes cuidadosamente seleccionadas en su sitio web captar\u00e1n la m\u00e1xima atenci\u00f3n de los usuarios y mantendr\u00e1n a los clientes interesados.<\/li><li><b>Atraiga seguidores en Pinterest<\/b><br> Gracias al bot\u00f3n Seguir disponible en el feed, m\u00e1s clientes potenciales tendr\u00e1n la oportunidad de unirse a sus suscriptores.<\/li><li><b>Eleve el nivel de ventas utilizando im\u00e1genes irresistibles<\/b><br> Seleccione las im\u00e1genes m\u00e1s atractivas de sus art\u00edculos; muestra las \u00faltimas tendencias e im\u00e1genes inspiradoras para que los usuarios quieran comprar.<\/li><\/ul><\/div><div class=\"application-platform-content-item-features application-platform-content-item\" id=\"features\" data-nav-section=\"features\"><h2>Caracter\u00edsticas<\/h2><p>\u00bfPor qu\u00e9 el complemento Elfsight es el mejor entre otros widgets eficaces de Webnode? Explore nuestras funciones principales:<\/p><ul><li>Agregue pines y tableros por URL;<\/li><li>22 idiomas populares disponibles;<\/li><li>Mostrar u ocultar encabezado;<\/li><li>Responsivo para dispositivos m\u00f3viles en cualquier tama\u00f1o y proporci\u00f3n.<\/li><\/ul><p><a href=\"#demo\">Consulte todas las funciones<\/a><\/p><\/div><div class=\"application-platform-content-item-installation application-platform-content-item\" id=\"installation\" data-nav-section=\"installation\"><h2>C\u00f3mo agregar Pinterest Feed a un sitio web de Webnode<\/h2><p>Una breve instrucci\u00f3n sobre c\u00f3mo agregar Pinterest Feed sin conocimientos de programaci\u00f3n ni contrataci\u00f3n de un desarrollador web remoto. Necesitar\u00e1 unos minutos para implementar el tutorial.<\/p><ol><li><b>Construya su feed de Pinterest personalizado<\/b><br>Mediante nuestro editor gratuito, genere un complemento con el dise\u00f1o y la configuraci\u00f3n preferibles.<\/li><li><b>Obtenga un c\u00f3digo para instalar el complemento<\/b><br> Despu\u00e9s de personalizar el widget, obtenga un c\u00f3digo para el complemento de Pinterest en la notificaci\u00f3n emergente en Elfsight Apps. Guarde el c\u00f3digo.<\/li><li><b>Muestre el complemento en el sitio Webnode<\/b><br> Incruste el complemento en el lugar deseado de la p\u00e1gina y publique los resultados.<\/li><li><b>\u00a1Listo!<\/b><br> Ingrese a su sitio para verificar su complemento.<\/li><\/ol><p>\u00bfLe resulta dif\u00edcil incrustar el widget? Dir\u00edjase a nuestro equipo de soporte con una explicaci\u00f3n completa de las dificultades. Haremos nuestro mejor esfuerzo para asesorarle.<\/p><\/div><div class=\"faq\" data-component=\"FAQ\"><div class=\"faq-item\">\r\n\t\t\t\t\t<div class=\"faq-item-question\">\r\n\t\t\t\t\t\t<h3 class=\"faq-item-question-text\">\u00bfDe qu\u00e9 manera es posible incrustar Pinterest Feed en mi Webnode sin experiencia en codificaci\u00f3n?<\/h3>\r\n\r\n\t\t\t\t\t\t<div class=\"faq-item-question-icon\"><\/div>\r\n\t\t\t\t\t<\/div>\r\n\r\n\t\t\t\t\t<div class=\"faq-item-answer\">\r\n\t\t\t\t\t\t<div class=\"faq-item-answer-text\"><p>La empresa Elfsight ofrece una soluci\u00f3n en la nube que permite a los usuarios crear un widget de Pinterest Feed usted mismo, observe lo sencillo que es: <\/p><ul><li>Vaya a la demostraci\u00f3n en l\u00ednea para formar un Complemento de Pinterest Feed que te gustar\u00eda integrar en tu sitio web Webnode.<\/li><li>Selecciona una de las muchas plantillas predise\u00f1adas y adapta la configuraci\u00f3n de Pinterest Feed, actualiza tu contenido, cambia el dise\u00f1o y el color de los elementos sin ning\u00fan tipo de codificaci\u00f3n.<\/li><li>Haz clic para guardar Pinterest Feed y copia el c\u00f3digo del widget para incrustarlo, que puedes agregar sin esfuerzo en el sitio de Webnode dentro de un plan gratuito. <\/li><\/ul><p>Al trabajar en nuestro sencillo Configurador, cada usuario de Internet puede configurar la aplicaci\u00f3n Pinterest Feed e incluirla f\u00e1cilmente en el sitio web de Webnode. No es necesario obtener un plan pago ni revelar los datos de su tarjeta para ingresar al servicio. Si encuentra alg\u00fan problema en alg\u00fan paso, no dude en ponerse en contacto con nuestro servicio de atenci\u00f3n al cliente.<\/p><\/div>\r\n\t\t\t\t\t<\/div>\r\n\t\t\t\t<\/div><\/div>","protected":false},"excerpt":{"rendered":"","protected":false},"author":9,"featured_media":0,"parent":956,"menu_order":0,"comment_status":"closed","ping_status":"closed","template":"templates\/template-application-platform.php","meta":{"publish_to_discourse":"","publish_post_category":"","wpdc_auto_publish_overridden":"","wpdc_topic_tags":"","wpdc_pin_topic":"","wpdc_pin_until":"","discourse_post_id":"","discourse_permalink":"","wpdc_publishing_response":"","wpdc_publishing_error":"","footnotes":""},"class_list":["post-7933","page","type-page","status-publish","hentry"],"yoast_head":"<!-- This site is optimized with the Yoast SEO plugin v25.3.1 - https:\/\/yoast.com\/wordpress\/plugins\/seo\/ -->\n<title>Feed de Pinterest: agregue el widget de Pinterest al sitio web de Webnode<\/title>\n<meta name=\"description\" content=\"Prueba gratis el mejor complemento de Pinterest Feed para Webnode. Una integraci\u00f3n f\u00e1cil y r\u00e1pida sin conocimientos de programaci\u00f3n en s\u00f3lo 3 minutos.\" \/>\n<meta name=\"robots\" content=\"index, follow, max-snippet:-1, max-image-preview:large, max-video-preview:-1\" \/>\n<link rel=\"canonical\" href=\"https:\/\/elfsight.com\/es\/pinterest-feed-widget\/webnode\/\" \/>\n<meta property=\"og:locale\" content=\"es_ES\" \/>\n<meta property=\"og:type\" content=\"article\" \/>\n<meta property=\"og:title\" content=\"Feed de Pinterest: agregue el widget de Pinterest al sitio web de Webnode\" \/>\n<meta property=\"og:description\" content=\"Prueba gratis el mejor complemento de Pinterest Feed para Webnode. Una integraci\u00f3n f\u00e1cil y r\u00e1pida sin conocimientos de programaci\u00f3n en s\u00f3lo 3 minutos.\" \/>\n<meta property=\"og:url\" content=\"https:\/\/elfsight.com\/es\/pinterest-feed-widget\/webnode\/\" \/>\n<meta property=\"og:site_name\" content=\"Elfsight ES\" \/>\n<meta property=\"article:modified_time\" content=\"2025-02-06T15:43:59+00:00\" \/>\n<meta name=\"twitter:card\" content=\"summary_large_image\" \/>\n<meta name=\"twitter:label1\" content=\"Tiempo de lectura\" \/>\n\t<meta name=\"twitter:data1\" content=\"3 minutos\" \/>\n<!-- \/ Yoast SEO plugin. -->","yoast_head_json":{"title":"Feed de Pinterest: agregue el widget de Pinterest al sitio web de Webnode","description":"Prueba gratis el mejor complemento de Pinterest Feed para Webnode. Una integraci\u00f3n f\u00e1cil y r\u00e1pida sin conocimientos de programaci\u00f3n en s\u00f3lo 3 minutos.","robots":{"index":"index","follow":"follow","max-snippet":"max-snippet:-1","max-image-preview":"max-image-preview:large","max-video-preview":"max-video-preview:-1"},"canonical":"https:\/\/elfsight.com\/es\/pinterest-feed-widget\/webnode\/","og_locale":"es_ES","og_type":"article","og_title":"Feed de Pinterest: agregue el widget de Pinterest al sitio web de Webnode","og_description":"Prueba gratis el mejor complemento de Pinterest Feed para Webnode. Una integraci\u00f3n f\u00e1cil y r\u00e1pida sin conocimientos de programaci\u00f3n en s\u00f3lo 3 minutos.","og_url":"https:\/\/elfsight.com\/es\/pinterest-feed-widget\/webnode\/","og_site_name":"Elfsight ES","article_modified_time":"2025-02-06T15:43:59+00:00","twitter_card":"summary_large_image","twitter_misc":{"Tiempo de lectura":"3 minutos"},"schema":{"@context":"https:\/\/schema.org","@graph":[{"@type":"WebPage","@id":"https:\/\/elfsight.com\/es\/pinterest-feed-widget\/webnode\/","url":"https:\/\/elfsight.com\/es\/pinterest-feed-widget\/webnode\/","name":"Feed de Pinterest: agregue el widget de Pinterest al sitio web de Webnode","isPartOf":{"@id":"https:\/\/elfsight.com\/es\/#website"},"datePublished":"1970-01-01T00:00:00+00:00","dateModified":"2025-02-06T15:43:59+00:00","description":"Prueba gratis el mejor complemento de Pinterest Feed para Webnode. Una integraci\u00f3n f\u00e1cil y r\u00e1pida sin conocimientos de programaci\u00f3n en s\u00f3lo 3 minutos.","breadcrumb":{"@id":"https:\/\/elfsight.com\/es\/pinterest-feed-widget\/webnode\/#breadcrumb"},"inLanguage":"es","potentialAction":[{"@type":"ReadAction","target":["https:\/\/elfsight.com\/es\/pinterest-feed-widget\/webnode\/"]}]},{"@type":"BreadcrumbList","@id":"https:\/\/elfsight.com\/es\/pinterest-feed-widget\/webnode\/#breadcrumb","itemListElement":[{"@type":"ListItem","position":1,"name":"Home","item":"https:\/\/elfsight.com\/es\/"},{"@type":"ListItem","position":2,"name":"Pinterest Feed","item":"https:\/\/elfsight.com\/es\/pinterest-feed-widget\/"},{"@type":"ListItem","position":3,"name":"Pinterest Feed &#8211; Webnode"}]},{"@type":"WebSite","@id":"https:\/\/elfsight.com\/es\/#website","url":"https:\/\/elfsight.com\/es\/","name":"Elfsight ES","description":"Just another Elfsight Sites site","potentialAction":[{"@type":"SearchAction","target":{"@type":"EntryPoint","urlTemplate":"https:\/\/elfsight.com\/es\/?s={search_term_string}"},"query-input":{"@type":"PropertyValueSpecification","valueRequired":true,"valueName":"search_term_string"}}],"inLanguage":"es"}]}},"meta_box":{"industry":"","seo_heading":"","heading":"","description":"","cta_heading":"","cta_description":"","application":"955","h1":"Feed de Pinterest de Webnode","h1_caption":"Inserta un feed de pines desde tu cuenta de Pinterest para mostrar contenido din\u00e1mico y visualmente atractivo en tu sitio web Webnode sin esfuerzo.","application_category":[],"applications_title":"","applications_request_title":"","applications_request_button_text":"","hero_text":"","hero_video":"","hero_video_schema_markup":"","selling_points_title":"","selling_points_caption":"","selling_points":[],"selling_points_cta_text":"","features_title":"","features":"","ed_cta_examples_text":"","ed_cta_examples_hidden":"","ed_cta_demo_text":"","ed_cta_demo_hidden":"","why_caption":"","why_editor_title":"","why_editor_text":"","why_team_title":"","why_team_text":"","why_service_title":"","why_service_text":"","template_catalog_visible":"","template_catalog_title":"","template_catalog_text":"","template_catalog_categories_visible":"","demo_title":"Crea tu widget de feed de Pinterest","demo_caption":"\u00a1Configura tu Feed de Pinterest y agr\u00e9galo a tu sitio web Webnode gratis!","default_faq_hidden":"","app_template_category":[],"platform":"2302","template_public_id":"","codecanyon_url":"","codecanyon_item_id":"","codecanyon_price":"","pricing_caption":"","pricing_elfsight_apps_hide_column":"","pricing_elfsight_apps_url":"","pricing_codecanyon_price_caption":"","integration_category":[],"integration_request_title":"","integration_request_cta":"","integration_platform":"","integrations":[],"platform_category":[],"video_schema_markup":"","price":"desde $0 \/ mes","trial":"","benefits":[{"text":"Asistencia de instalaci\u00f3n gratuita"},{"text":"Servicio al cliente profesional"},{"text":"Garant\u00eda de reembolso de 14 d\u00edas"},{"text":"Desarrollo continuo"}],"button_url":"#demo","button_target_blank":"","button_nofollow":"","attributes":[{"name":"Instalaciones","content":"10,000 - 100,000"},{"name":"Sensible","content":"S\u00ed"},{"name":"Navegadores compatibles","content":"Firefox, Safari, Opera, Chrome, Edge"}],"tags":[],"tags_disable_links":"","hide_more_platforms":"","video_object":"","demo_hide_cta":"","demo_hide_cloud_options":"","pricing_title":"","pricing":[{"pricing_icon":"platform","pricing_title":"Elfsight Apps","pricing_title_caption":"Soluci\u00f3n digital multiplataforma que funciona en cualquier sitio web","pricing_price":"desde $0 \/ mes","pricing_price_caption":"comienza con el plan gratuito","pricing_benefits":[{"text":"Sitios web ilimitados"},{"text":"Soporte premium"},{"text":"Asistencia de instalaci\u00f3n gratuita"},{"text":"Oferta especial para m\u00faltiples aplicaciones"}],"pricing_button_text":"A\u00f1adir al sitio web","pricing_button_url":"#demo"}],"related_apps_title":"","related_apps_hidden":"","author":"","image":[],"title":"","job":"","social_networks":[]},"_links":{"self":[{"href":"https:\/\/elfsight.com\/es\/wp-json\/wp\/v2\/pages\/7933","targetHints":{"allow":["GET"]}}],"collection":[{"href":"https:\/\/elfsight.com\/es\/wp-json\/wp\/v2\/pages"}],"about":[{"href":"https:\/\/elfsight.com\/es\/wp-json\/wp\/v2\/types\/page"}],"author":[{"embeddable":true,"href":"https:\/\/elfsight.com\/es\/wp-json\/wp\/v2\/users\/9"}],"replies":[{"embeddable":true,"href":"https:\/\/elfsight.com\/es\/wp-json\/wp\/v2\/comments?post=7933"}],"version-history":[{"count":2,"href":"https:\/\/elfsight.com\/es\/wp-json\/wp\/v2\/pages\/7933\/revisions"}],"predecessor-version":[{"id":18717,"href":"https:\/\/elfsight.com\/es\/wp-json\/wp\/v2\/pages\/7933\/revisions\/18717"}],"up":[{"embeddable":true,"href":"https:\/\/elfsight.com\/es\/wp-json\/wp\/v2\/pages\/956"}],"wp:attachment":[{"href":"https:\/\/elfsight.com\/es\/wp-json\/wp\/v2\/media?parent=7933"}],"curies":[{"name":"wp","href":"https:\/\/api.w.org\/{rel}","templated":true}]}}