{"id":7932,"date":"1970-01-01T00:00:00","date_gmt":"1970-01-01T00:00:00","guid":{"rendered":"https:\/\/elfsight.com\/es\/?page_id=7932"},"modified":"2025-02-06T15:44:08","modified_gmt":"2025-02-06T15:44:08","slug":"webflow","status":"publish","type":"page","link":"https:\/\/elfsight.com\/es\/pinterest-feed-widget\/webflow\/","title":{"rendered":"Pinterest Feed &#8211; Webflow"},"content":{"rendered":"<div class=\"application-platform-content-item-description application-platform-content-item\" id=\"description\" data-nav-section=\"description\"><h2>Incrustar el feed de Pinterest en Webflow con el widget de Elfsight<\/h2><p>El feed de Pinterest de Elfsight ayuda a mostrar su perfil y los pines y tableros de Pinterest en un sitio web. Con la ayuda de nuestro widget, no solo puede presentar su cuenta sino tambi\u00e9n seleccionar pines y tableros para crear categor\u00edas tem\u00e1ticas de im\u00e1genes para su sitio web. Revele los logros de su negocio, estimule a sus clientes a descubrir nuevas tendencias o simplemente inserte bellas im\u00e1genes en su sitio. Un widget flexible lo ayudar\u00e1 a ampliar el alcance de sus materiales visuales, aumentar el nivel de participaci\u00f3n en el sitio y obtener m\u00e1s seguidores en Pinterest.<\/p><p><b>Agregue a su sitio im\u00e1genes desde Pinterest sin ning\u00fan esfuerzo.<\/b><\/p><ul><li><b>Aumente la participaci\u00f3n de los usuarios en su sitio web<\/b><br> El contenido cuidadosamente seleccionado en su sitio web atraer\u00e1 la m\u00e1xima atenci\u00f3n y mantendr\u00e1 a los clientes interesados.<\/li><li><b>Atraiga seguidores en Pinterest<\/b><br> Con el bot\u00f3n Seguir en el feed, m\u00e1s clientes potenciales tendr\u00e1n la oportunidad de convi\u00e9rtete en tus seguidores.<\/li><li><b>Contenido visual m\u00e1s atractivo en tu sitio web<\/b><br> Con la ayuda de pines y tableros a tu disposici\u00f3n, si\u00e9ntete libre de elegir las mejores im\u00e1genes para tu sitio web para atraer a tus futuros clientes.<\/li><\/ul><\/div><div class=\"application-platform-content-item-features application-platform-content-item\" id=\"features\" data-nav-section=\"features\"><h2>Caracter\u00edsticas principales del widget Feed de Pinterest<\/h2><p>Varios atributos que convierten nuestro widget en el complemento m\u00e1s importante para cada sitio web de Webflow.<\/p><ul><li>T\u00edtulo del widget editable;<\/li><li>22 idiomas populares disponibles;<\/li><li>Elementos de pines intercambiables: Autor, Texto, bot\u00f3n Compartir, Icono.<\/li><li>Mostrar u ocultar tableros y recuentos de pines;<\/li><\/ul><p><a href=\"#demo\">Otras caracter\u00edsticas de forma gratuita constructor<\/a><\/p><\/div><div class=\"application-platform-content-item-installation application-platform-content-item\" id=\"installation\" data-nav-section=\"installation\"><h2>C\u00f3mo agregar Pinterest Feed al sitio web de Webflow<\/h2><div class=\"video-container\"><iframe width=\"720\" height=\"405\" src=\"https:\/\/www.youtube.com\/embed\/c7rOfI5p-yg\" frameborder=\"0\"><\/iframe><\/div><p>Aqu\u00ed hay un breve tutorial de Elfsight sobre la configuraci\u00f3n y personalizaci\u00f3n del widget. No se necesitan habilidades en desarrollo web. La duraci\u00f3n aproximada de la implementaci\u00f3n de las instrucciones es de menos de 3 minutos.<\/p><ol><li><b>Construya su widget de feed de Pinterest individual<\/b><br> Usando nuestro configurador gratuito, genere un complemento con la interfaz que desee.<\/li><li><b>Reciba un c\u00f3digo para publicar el complemento<\/b><br> Despu\u00e9s de generar el widget, reciba un c\u00f3digo para el complemento de Pinterest en la notificaci\u00f3n emergente en Elfsight Apps. Copie el c\u00f3digo.<\/li><li><b>Incruste el complemento en el sitio<\/b><br> Integre el complemento en el lugar necesario de la p\u00e1gina y aplique los cambios.<\/li><li><b>\u00a1La incrustaci\u00f3n fue exitosa!<\/b><br> Visite su sitio para revisar su Pinterest.<\/li><\/ol><p>\u00bfNecesita consejos para configurar o personalizar el complemento? \u00a1El equipo de Elfsight estar\u00e1 encantado de asesorarle y ofrecerle una soluci\u00f3n!<\/p><\/div><div class=\"faq\" data-component=\"FAQ\"><div class=\"faq-item\">\r\n\t\t\t\t\t<div class=\"faq-item-question\">\r\n\t\t\t\t\t\t<h3 class=\"faq-item-question-text\">\u00bfC\u00f3mo agregar Pinterest Feed a mi sitio Webflow sin codificaci\u00f3n?<\/h3>\r\n\r\n\t\t\t\t\t\t<div class=\"faq-item-question-icon\"><\/div>\r\n\t\t\t\t\t<\/div>\r\n\r\n\t\t\t\t\t<div class=\"faq-item-answer\">\r\n\t\t\t\t\t\t<div class=\"faq-item-answer-text\"><p>La empresa Elfsight ofrece una soluci\u00f3n en la nube que le permite crear una aplicaci\u00f3n Pinterest Feed usted mismo. Descubra las sencillas instrucciones: <\/p><ul><li>Trabaja en el editor en l\u00ednea para generar un Pinterest Feed widget que le gustar\u00eda que aparezca en su sitio Webflow.<\/li><li>Seleccione una de las plantillas predise\u00f1adas y adapte la configuraci\u00f3n del Feed de Pinterest, modifique el dise\u00f1o y la combinaci\u00f3n de colores, incluya su contenido sin ning\u00fan conocimiento de codificaci\u00f3n.<\/li><li>Haga clic para guardar el Feed de Pinterest y copie el c\u00f3digo para la instalaci\u00f3n, que se puede agregar en el sitio Webflow usando un plan gratuito. <\/li><\/ul><p>Utilizando nuestro Configurador f\u00e1cil de usar, cada usuario web puede crear un widget de Feed de Pinterest y pegarlo sin esfuerzo en cualquier p\u00e1gina web de Webflow. No es necesario pagar ni revelar los datos de su tarjeta para acceder a nuestro servicio. Si tiene alg\u00fan problema de cualquier tipo, contin\u00fae y comun\u00edquese con nuestro equipo de soporte.<\/p><\/div>\r\n\t\t\t\t\t<\/div>\r\n\t\t\t\t<\/div><\/div>","protected":false},"excerpt":{"rendered":"","protected":false},"author":9,"featured_media":0,"parent":956,"menu_order":0,"comment_status":"closed","ping_status":"closed","template":"templates\/template-application-platform.php","meta":{"publish_to_discourse":"","publish_post_category":"","wpdc_auto_publish_overridden":"","wpdc_topic_tags":"","wpdc_pin_topic":"","wpdc_pin_until":"","discourse_post_id":"","discourse_permalink":"","wpdc_publishing_response":"","wpdc_publishing_error":"","footnotes":""},"class_list":["post-7932","page","type-page","status-publish","hentry"],"yoast_head":"<!-- This site is optimized with the Yoast SEO plugin v25.3.1 - https:\/\/yoast.com\/wordpress\/plugins\/seo\/ -->\n<title>Feed de Pinterest: agregue el widget de Pinterest al sitio web de Webflow (2025)<\/title>\n<meta name=\"description\" content=\"Examine el mejor widget de Pinterest Feed para Webflow de forma gratuita. Una instalaci\u00f3n sencilla y r\u00e1pida sin conocimientos de desarrollo en tan s\u00f3lo unos minutos.\" \/>\n<meta name=\"robots\" content=\"index, follow, max-snippet:-1, max-image-preview:large, max-video-preview:-1\" \/>\n<link rel=\"canonical\" href=\"https:\/\/elfsight.com\/es\/pinterest-feed-widget\/webflow\/\" \/>\n<meta property=\"og:locale\" content=\"es_ES\" \/>\n<meta property=\"og:type\" content=\"article\" \/>\n<meta property=\"og:title\" content=\"Feed de Pinterest: agregue el widget de Pinterest al sitio web de Webflow (2025)\" \/>\n<meta property=\"og:description\" content=\"Examine el mejor widget de Pinterest Feed para Webflow de forma gratuita. Una instalaci\u00f3n sencilla y r\u00e1pida sin conocimientos de desarrollo en tan s\u00f3lo unos minutos.\" \/>\n<meta property=\"og:url\" content=\"https:\/\/elfsight.com\/es\/pinterest-feed-widget\/webflow\/\" \/>\n<meta property=\"og:site_name\" content=\"Elfsight ES\" \/>\n<meta property=\"article:modified_time\" content=\"2025-02-06T15:44:08+00:00\" \/>\n<meta name=\"twitter:card\" content=\"summary_large_image\" \/>\n<meta name=\"twitter:label1\" content=\"Tiempo de lectura\" \/>\n\t<meta name=\"twitter:data1\" content=\"3 minutos\" \/>\n<!-- \/ Yoast SEO plugin. -->","yoast_head_json":{"title":"Feed de Pinterest: agregue el widget de Pinterest al sitio web de Webflow (2025)","description":"Examine el mejor widget de Pinterest Feed para Webflow de forma gratuita. Una instalaci\u00f3n sencilla y r\u00e1pida sin conocimientos de desarrollo en tan s\u00f3lo unos minutos.","robots":{"index":"index","follow":"follow","max-snippet":"max-snippet:-1","max-image-preview":"max-image-preview:large","max-video-preview":"max-video-preview:-1"},"canonical":"https:\/\/elfsight.com\/es\/pinterest-feed-widget\/webflow\/","og_locale":"es_ES","og_type":"article","og_title":"Feed de Pinterest: agregue el widget de Pinterest al sitio web de Webflow (2025)","og_description":"Examine el mejor widget de Pinterest Feed para Webflow de forma gratuita. Una instalaci\u00f3n sencilla y r\u00e1pida sin conocimientos de desarrollo en tan s\u00f3lo unos minutos.","og_url":"https:\/\/elfsight.com\/es\/pinterest-feed-widget\/webflow\/","og_site_name":"Elfsight ES","article_modified_time":"2025-02-06T15:44:08+00:00","twitter_card":"summary_large_image","twitter_misc":{"Tiempo de lectura":"3 minutos"},"schema":{"@context":"https:\/\/schema.org","@graph":[{"@type":"WebPage","@id":"https:\/\/elfsight.com\/es\/pinterest-feed-widget\/webflow\/","url":"https:\/\/elfsight.com\/es\/pinterest-feed-widget\/webflow\/","name":"Feed de Pinterest: agregue el widget de Pinterest al sitio web de Webflow (2025)","isPartOf":{"@id":"https:\/\/elfsight.com\/es\/#website"},"datePublished":"1970-01-01T00:00:00+00:00","dateModified":"2025-02-06T15:44:08+00:00","description":"Examine el mejor widget de Pinterest Feed para Webflow de forma gratuita. Una instalaci\u00f3n sencilla y r\u00e1pida sin conocimientos de desarrollo en tan s\u00f3lo unos minutos.","breadcrumb":{"@id":"https:\/\/elfsight.com\/es\/pinterest-feed-widget\/webflow\/#breadcrumb"},"inLanguage":"es","potentialAction":[{"@type":"ReadAction","target":["https:\/\/elfsight.com\/es\/pinterest-feed-widget\/webflow\/"]}]},{"@type":"BreadcrumbList","@id":"https:\/\/elfsight.com\/es\/pinterest-feed-widget\/webflow\/#breadcrumb","itemListElement":[{"@type":"ListItem","position":1,"name":"Home","item":"https:\/\/elfsight.com\/es\/"},{"@type":"ListItem","position":2,"name":"Pinterest Feed","item":"https:\/\/elfsight.com\/es\/pinterest-feed-widget\/"},{"@type":"ListItem","position":3,"name":"Pinterest Feed &#8211; Webflow"}]},{"@type":"WebSite","@id":"https:\/\/elfsight.com\/es\/#website","url":"https:\/\/elfsight.com\/es\/","name":"Elfsight ES","description":"Just another Elfsight Sites site","potentialAction":[{"@type":"SearchAction","target":{"@type":"EntryPoint","urlTemplate":"https:\/\/elfsight.com\/es\/?s={search_term_string}"},"query-input":{"@type":"PropertyValueSpecification","valueRequired":true,"valueName":"search_term_string"}}],"inLanguage":"es"}]}},"meta_box":{"industry":"","seo_heading":"","heading":"","description":"","cta_heading":"","cta_description":"","application":"955","h1":"Widget de feed de Pinterest de flujo web","h1_caption":"Inserte una fuente de pines de su cuenta de Pinterest para mostrar contenido din\u00e1mico y visualmente atractivo en su sitio web Webflow sin esfuerzo.","application_category":[],"applications_title":"","applications_request_title":"","applications_request_button_text":"","hero_text":"","hero_video":"","hero_video_schema_markup":"","selling_points_title":"","selling_points_caption":"","selling_points":[],"selling_points_cta_text":"","features_title":"","features":"","ed_cta_examples_text":"","ed_cta_examples_hidden":"","ed_cta_demo_text":"","ed_cta_demo_hidden":"","why_caption":"","why_editor_title":"","why_editor_text":"","why_team_title":"","why_team_text":"","why_service_title":"","why_service_text":"","template_catalog_visible":"","template_catalog_title":"","template_catalog_text":"","template_catalog_categories_visible":"","demo_title":"Crea tu widget de feed de Pinterest","demo_caption":"\u00a1Configure su feed de Pinterest y agr\u00e9guelo a su sitio web Webflow de forma gratuita!","default_faq_hidden":"","app_template_category":[],"platform":"106","template_public_id":"","codecanyon_url":"","codecanyon_item_id":"","codecanyon_price":"","pricing_caption":"","pricing_elfsight_apps_hide_column":"","pricing_elfsight_apps_url":"","pricing_codecanyon_price_caption":"","integration_category":[],"integration_request_title":"","integration_request_cta":"","integration_platform":"","integrations":[],"platform_category":[],"video_schema_markup":"","price":"desde $0 \/ mes","trial":"","benefits":[{"text":"Servicio de instalaci\u00f3n gratuito"},{"text":"Servicio al cliente competente"},{"text":"Garant\u00eda de devoluci\u00f3n de dinero de 14 d\u00edas"},{"text":"Actualizaciones gratuitas continuas"}],"button_url":"#demo","button_target_blank":"","button_nofollow":"","attributes":[{"name":"Instalaciones","content":"10,000 - 100,000"},{"name":"Sensible","content":"S\u00ed"},{"name":"Navegadores compatibles","content":"Edge, Opera, Chrome, Firefox, Safari"}],"tags":[],"tags_disable_links":"","hide_more_platforms":"","video_object":"","demo_hide_cta":"","demo_hide_cloud_options":"","pricing_title":"","pricing":[{"pricing_icon":"platform","pricing_title":"Elfsight Apps","pricing_title_caption":"Soluci\u00f3n digital multiplataforma","pricing_price":"desde $0 \/ mes","pricing_price_caption":"comienza con el plan gratuito","pricing_benefits":[{"text":"Dominios ilimitados"},{"text":"Atenci\u00f3n al cliente profesional"},{"text":"Asistencia de instalaci\u00f3n gratuita"},{"text":"Oferta especial para m\u00faltiples aplicaciones."}],"pricing_button_text":"A\u00f1adir al sitio web","pricing_button_url":"#demo"}],"related_apps_title":"","related_apps_hidden":"","author":"","image":[],"title":"","job":"","social_networks":[]},"_links":{"self":[{"href":"https:\/\/elfsight.com\/es\/wp-json\/wp\/v2\/pages\/7932","targetHints":{"allow":["GET"]}}],"collection":[{"href":"https:\/\/elfsight.com\/es\/wp-json\/wp\/v2\/pages"}],"about":[{"href":"https:\/\/elfsight.com\/es\/wp-json\/wp\/v2\/types\/page"}],"author":[{"embeddable":true,"href":"https:\/\/elfsight.com\/es\/wp-json\/wp\/v2\/users\/9"}],"replies":[{"embeddable":true,"href":"https:\/\/elfsight.com\/es\/wp-json\/wp\/v2\/comments?post=7932"}],"version-history":[{"count":2,"href":"https:\/\/elfsight.com\/es\/wp-json\/wp\/v2\/pages\/7932\/revisions"}],"predecessor-version":[{"id":18718,"href":"https:\/\/elfsight.com\/es\/wp-json\/wp\/v2\/pages\/7932\/revisions\/18718"}],"up":[{"embeddable":true,"href":"https:\/\/elfsight.com\/es\/wp-json\/wp\/v2\/pages\/956"}],"wp:attachment":[{"href":"https:\/\/elfsight.com\/es\/wp-json\/wp\/v2\/media?parent=7932"}],"curies":[{"name":"wp","href":"https:\/\/api.w.org\/{rel}","templated":true}]}}