{"id":7930,"date":"1970-01-01T00:00:00","date_gmt":"1970-01-01T00:00:00","guid":{"rendered":"https:\/\/elfsight.com\/es\/?page_id=7930"},"modified":"2025-02-06T15:44:08","modified_gmt":"2025-02-06T15:44:08","slug":"shopify","status":"publish","type":"page","link":"https:\/\/elfsight.com\/es\/pinterest-feed-widget\/shopify\/","title":{"rendered":"Pinterest Feed &#8211; Shopify"},"content":{"rendered":"<div class=\"application-platform-content-item-description application-platform-content-item\" id=\"description\" data-nav-section=\"description\"><h2>Insertar feed de Pinterest en Shopify con el widget de Elfsight<\/h2><p>Con nuestra aplicaci\u00f3n Pinterest, puedes insertar en tu sitio web cualquier foto de Pinterest. El widget de Elfsight le permite agregar pines, tableros y su perfil completo en particular a su sitio web. Atraiga a sus clientes potenciales utilizando las mejores fotograf\u00edas, tableros tem\u00e1ticos y sus propias colecciones de dise\u00f1o exclusivo. Mientras tanto, logre un mejor alcance de sus im\u00e1genes, fortalezca la participaci\u00f3n en el sitio y obtenga m\u00e1s seguidores para su perfil.<\/p><p><b>Agregue a su sitio web im\u00e1genes desde Pinterest de forma r\u00e1pida y sencilla.<\/b><\/p><ul><li><b>Aumente la participaci\u00f3n de los visitantes del sitio web en su sitio web<\/b><br> El contenido elegido con precisi\u00f3n en su sitio atraer\u00e1 la m\u00e1xima atenci\u00f3n y mantendr\u00e1 a los usuarios interesados.<\/li><li><b>Consiga nuevos seguidores en Pinterest<\/b><br> Gracias al bot\u00f3n Seguir disponible en el feed, m\u00e1s personas lo har\u00e1n. tenga la oportunidad de unirse a sus suscriptores.<\/li><li><b>Aumente el n\u00famero de ventas con la ayuda de im\u00e1genes irresistibles<\/b><br> Elija las mejores im\u00e1genes de sus ofertas; demuestre las \u00faltimas tendencias e im\u00e1genes inspiradoras para que los clientes est\u00e9n condenados a comprar.<\/li><\/ul><\/div><div class=\"application-platform-content-item-features application-platform-content-item\" id=\"features\" data-nav-section=\"features\"><h2>Caracter\u00edsticas principales del widget Feed de Pinterest<\/h2><p>Estas son las caracter\u00edsticas que hacen de nuestro widget el instrumento de Shopify m\u00e1s eficaz para Pinterest:<\/p><ul><li>Muestre pines, tableros e integre su cuenta de Pinterest;<\/li><li>Elija el color del tema principal;<\/li><li>Bot\u00f3n Seguir en el encabezado para seguir tu cuenta sin problemas;<\/li><li>Responsivo para dispositivos m\u00f3viles en cualquier tama\u00f1o y proporci\u00f3n.<\/li><\/ul><p><a href=\"#demo\">M\u00e1s funciones en demostraci\u00f3n gratuita<\/a><\/p><\/div><div class=\"application-platform-content-item-installation application-platform-content-item\" id=\"installation\" data-nav-section=\"installation\"><h2>C\u00f3mo agregar Pinterest Feed al sitio web de Shopify<\/h2><div class=\"video-class\"><iframe width=\"720\" height=\"405\" src=\"https:\/\/www.youtube.com\/embed\/W1j15RRs8dE\"><\/iframe><\/div><p>Un tutorial sencillo sobre c\u00f3mo generar iconos para un sitio web sin conocimientos en desarrollo. S\u00f3lo necesitar\u00e1s 2 minutos para completar las instrucciones.<\/p><ol><li><b>Utiliza nuestro configurador gratuito y comienza a crear tu propia aplicaci\u00f3n. <\/b><br> Encuentra la forma personalizada y las caracter\u00edsticas de la aplicaci\u00f3n y aplica todas las modificaciones. <\/li> <li><b>Obtenga el c\u00f3digo personal que se muestra en la ventana de Elfsight Apps. <\/b><br> Una vez finalizada la configuraci\u00f3n de su aplicaci\u00f3n, copie su c\u00f3digo de la ventana que aparece y gu\u00e1rdelo para futuras ocasiones. <\/li> <li><b>Ingrese al uso de la aplicaci\u00f3n en el sitio web de Shopify. <\/b><br> Inserta el c\u00f3digo que has copiado recientemente en tu sitio web y guarda las modificaciones. <\/li> <li><b>\u00a1Listo! La incrustaci\u00f3n finaliz\u00f3 exitosamente. <\/b><br>Visita su p\u00e1gina web para ver en acci\u00f3n el funcionamiento de la aplicaci\u00f3n. <\/li><\/ol><p>\u00bfTienes dudas sobre la gu\u00eda? Env\u00ede una consulta a nuestro servicio de soporte.<\/p><\/div><div class=\"faq\" data-component=\"FAQ\"><div class=\"faq-item\">\r\n\t\t\t\t\t<div class=\"faq-item-question\">\r\n\t\t\t\t\t\t<h3 class=\"faq-item-question-text\">\u00bfExiste una opci\u00f3n para incrustar Pinterest Feed en mi sitio Shopify sin codificaci\u00f3n?<\/h3>\r\n\r\n\t\t\t\t\t\t<div class=\"faq-item-question-icon\"><\/div>\r\n\t\t\t\t\t<\/div>\r\n\r\n\t\t\t\t\t<div class=\"faq-item-answer\">\r\n\t\t\t\t\t\t<div class=\"faq-item-answer-text\"><p>La empresa Elfsight ofrece una soluci\u00f3n SaaS que permite a las personas generar una aplicaci\u00f3n Pinterest Feed usted mismo, compruebe lo simple que es el proceso: <\/p><ul><li>Trabaja en el editor en vivo para establecer un widget de Feed de Pinterest que te gustar\u00eda integrar en la p\u00e1gina de inicio de Shopify.<\/li><li>Elige una de las plantillas predise\u00f1adas y cambia la configuraci\u00f3n del Feed de Pinterest, transforma el dise\u00f1o y los colores, incluye tu contenido sin conocimientos de codificaci\u00f3n.<\/li><li>Haz clic para guardar el Feed de Pinterest y copia el c\u00f3digo del widget para instalarlo, que se puede pegar f\u00e1cilmente en el sitio de Shopify sin necesidad de comprar una suscripci\u00f3n paga. <\/li><\/ul><p>Con nuestro Configurador f\u00e1cil de usar, cualquier usuario web puede generar Pinterest Feed en l\u00ednea e incrustarlo sin esfuerzo en su p\u00e1gina de inicio de Shopify. No es necesario pagar ni introducir los datos de tu tarjeta para acceder al servicio de Elfsight. Si encuentra alg\u00fan obst\u00e1culo en alg\u00fan paso, no dude en ponerse en contacto con nuestro personal de soporte.<\/p><\/div>\r\n\t\t\t\t\t<\/div>\r\n\t\t\t\t<\/div><\/div>","protected":false},"excerpt":{"rendered":"","protected":false},"author":9,"featured_media":0,"parent":956,"menu_order":0,"comment_status":"closed","ping_status":"closed","template":"templates\/template-application-platform.php","meta":{"publish_to_discourse":"","publish_post_category":"","wpdc_auto_publish_overridden":"","wpdc_topic_tags":"","wpdc_pin_topic":"","wpdc_pin_until":"","discourse_post_id":"","discourse_permalink":"","wpdc_publishing_response":"","wpdc_publishing_error":"","footnotes":""},"class_list":["post-7930","page","type-page","status-publish","hentry"],"yoast_head":"<!-- This site is optimized with the Yoast SEO plugin v25.3.1 - https:\/\/yoast.com\/wordpress\/plugins\/seo\/ -->\n<title>Feed de Pinterest: agregue la aplicaci\u00f3n Pinterest al sitio web de Shopify (2025)<\/title>\n<meta name=\"description\" content=\"Dise\u00f1e una aplicaci\u00f3n Pinterest Feed responsiva para la tienda Shopify. Con la demostraci\u00f3n en l\u00ednea m\u00e1s r\u00e1pida, cree varias aplicaciones en solo tres minutos.\" \/>\n<meta name=\"robots\" content=\"index, follow, max-snippet:-1, max-image-preview:large, max-video-preview:-1\" \/>\n<link rel=\"canonical\" href=\"https:\/\/elfsight.com\/es\/pinterest-feed-widget\/shopify\/\" \/>\n<meta property=\"og:locale\" content=\"es_ES\" \/>\n<meta property=\"og:type\" content=\"article\" \/>\n<meta property=\"og:title\" content=\"Feed de Pinterest: agregue la aplicaci\u00f3n Pinterest al sitio web de Shopify (2025)\" \/>\n<meta property=\"og:description\" content=\"Dise\u00f1e una aplicaci\u00f3n Pinterest Feed responsiva para la tienda Shopify. Con la demostraci\u00f3n en l\u00ednea m\u00e1s r\u00e1pida, cree varias aplicaciones en solo tres minutos.\" \/>\n<meta property=\"og:url\" content=\"https:\/\/elfsight.com\/es\/pinterest-feed-widget\/shopify\/\" \/>\n<meta property=\"og:site_name\" content=\"Elfsight ES\" \/>\n<meta property=\"article:modified_time\" content=\"2025-02-06T15:44:08+00:00\" \/>\n<meta name=\"twitter:card\" content=\"summary_large_image\" \/>\n<meta name=\"twitter:label1\" content=\"Tiempo de lectura\" \/>\n\t<meta name=\"twitter:data1\" content=\"3 minutos\" \/>\n<!-- \/ Yoast SEO plugin. -->","yoast_head_json":{"title":"Feed de Pinterest: agregue la aplicaci\u00f3n Pinterest al sitio web de Shopify (2025)","description":"Dise\u00f1e una aplicaci\u00f3n Pinterest Feed responsiva para la tienda Shopify. Con la demostraci\u00f3n en l\u00ednea m\u00e1s r\u00e1pida, cree varias aplicaciones en solo tres minutos.","robots":{"index":"index","follow":"follow","max-snippet":"max-snippet:-1","max-image-preview":"max-image-preview:large","max-video-preview":"max-video-preview:-1"},"canonical":"https:\/\/elfsight.com\/es\/pinterest-feed-widget\/shopify\/","og_locale":"es_ES","og_type":"article","og_title":"Feed de Pinterest: agregue la aplicaci\u00f3n Pinterest al sitio web de Shopify (2025)","og_description":"Dise\u00f1e una aplicaci\u00f3n Pinterest Feed responsiva para la tienda Shopify. Con la demostraci\u00f3n en l\u00ednea m\u00e1s r\u00e1pida, cree varias aplicaciones en solo tres minutos.","og_url":"https:\/\/elfsight.com\/es\/pinterest-feed-widget\/shopify\/","og_site_name":"Elfsight ES","article_modified_time":"2025-02-06T15:44:08+00:00","twitter_card":"summary_large_image","twitter_misc":{"Tiempo de lectura":"3 minutos"},"schema":{"@context":"https:\/\/schema.org","@graph":[{"@type":"WebPage","@id":"https:\/\/elfsight.com\/es\/pinterest-feed-widget\/shopify\/","url":"https:\/\/elfsight.com\/es\/pinterest-feed-widget\/shopify\/","name":"Feed de Pinterest: agregue la aplicaci\u00f3n Pinterest al sitio web de Shopify (2025)","isPartOf":{"@id":"https:\/\/elfsight.com\/es\/#website"},"datePublished":"1970-01-01T00:00:00+00:00","dateModified":"2025-02-06T15:44:08+00:00","description":"Dise\u00f1e una aplicaci\u00f3n Pinterest Feed responsiva para la tienda Shopify. Con la demostraci\u00f3n en l\u00ednea m\u00e1s r\u00e1pida, cree varias aplicaciones en solo tres minutos.","breadcrumb":{"@id":"https:\/\/elfsight.com\/es\/pinterest-feed-widget\/shopify\/#breadcrumb"},"inLanguage":"es","potentialAction":[{"@type":"ReadAction","target":["https:\/\/elfsight.com\/es\/pinterest-feed-widget\/shopify\/"]}]},{"@type":"BreadcrumbList","@id":"https:\/\/elfsight.com\/es\/pinterest-feed-widget\/shopify\/#breadcrumb","itemListElement":[{"@type":"ListItem","position":1,"name":"Home","item":"https:\/\/elfsight.com\/es\/"},{"@type":"ListItem","position":2,"name":"Pinterest Feed","item":"https:\/\/elfsight.com\/es\/pinterest-feed-widget\/"},{"@type":"ListItem","position":3,"name":"Pinterest Feed &#8211; Shopify"}]},{"@type":"WebSite","@id":"https:\/\/elfsight.com\/es\/#website","url":"https:\/\/elfsight.com\/es\/","name":"Elfsight ES","description":"Just another Elfsight Sites site","potentialAction":[{"@type":"SearchAction","target":{"@type":"EntryPoint","urlTemplate":"https:\/\/elfsight.com\/es\/?s={search_term_string}"},"query-input":{"@type":"PropertyValueSpecification","valueRequired":true,"valueName":"search_term_string"}}],"inLanguage":"es"}]}},"meta_box":{"industry":"","seo_heading":"","heading":"","description":"","cta_heading":"","cta_description":"","application":"955","h1":"Aplicaci\u00f3n Shopify Pinterest Feed","h1_caption":"Inserta una fuente de pines de tu cuenta de Pinterest para mostrar contenido din\u00e1mico y visualmente atractivo en tu sitio web de Shopify sin esfuerzo.","application_category":[],"applications_title":"","applications_request_title":"","applications_request_button_text":"","hero_text":"","hero_video":"","hero_video_schema_markup":"","selling_points_title":"","selling_points_caption":"","selling_points":[],"selling_points_cta_text":"","features_title":"","features":"","ed_cta_examples_text":"","ed_cta_examples_hidden":"","ed_cta_demo_text":"","ed_cta_demo_hidden":"","why_caption":"","why_editor_title":"","why_editor_text":"","why_team_title":"","why_team_text":"","why_service_title":"","why_service_text":"","template_catalog_visible":"","template_catalog_title":"","template_catalog_text":"","template_catalog_categories_visible":"","demo_title":"Crea tu aplicaci\u00f3n Pinterest Feed","demo_caption":"\u00a1Configura tu feed de Pinterest y agr\u00e9galo a tu sitio web de Shopify gratis!","default_faq_hidden":"","app_template_category":[],"platform":"91","template_public_id":"","codecanyon_url":"","codecanyon_item_id":"","codecanyon_price":"","pricing_caption":"","pricing_elfsight_apps_hide_column":"","pricing_elfsight_apps_url":"","pricing_codecanyon_price_caption":"","integration_category":[],"integration_request_title":"","integration_request_cta":"","integration_platform":"","integrations":[],"platform_category":[],"video_schema_markup":"","price":"desde $0 \/ mes","trial":"","benefits":[{"text":"Servicio de instalaci\u00f3n gratuito"},{"text":"Soporte premium"},{"text":"Garant\u00eda de devoluci\u00f3n de dinero de 14 d\u00edas"},{"text":"Actualizaciones gratuitas continuas"}],"button_url":"#demo","button_target_blank":"","button_nofollow":"","attributes":[{"name":"Instalaciones","content":"10,000 - 100,000"},{"name":"Sensible","content":"S\u00ed"},{"name":"Navegadores compatibles","content":"Firefox, Safari, Opera, Chrome, Edge"}],"tags":[],"tags_disable_links":"","hide_more_platforms":"","video_object":"","demo_hide_cta":"","demo_hide_cloud_options":"","pricing_title":"","pricing":[{"pricing_icon":"cloud","pricing_title":"Elfsight Apps","pricing_title_caption":"Versi\u00f3n multiplataforma que funciona en cualquier sitio web.","pricing_price":"desde $0 \/ mes","pricing_price_caption":"comienza con el plan gratuito","pricing_benefits":[{"text":"Sitios web ilimitados"},{"text":"Soporte premium"},{"text":"Servicio de instalaci\u00f3n gratuito"},{"text":"Oferta especial para m\u00faltiples aplicaciones."}],"pricing_button_text":"A\u00f1adir al sitio web","pricing_button_url":"#demo"}],"related_apps_title":"","related_apps_hidden":"","author":"","image":[],"title":"","job":"","social_networks":[]},"_links":{"self":[{"href":"https:\/\/elfsight.com\/es\/wp-json\/wp\/v2\/pages\/7930","targetHints":{"allow":["GET"]}}],"collection":[{"href":"https:\/\/elfsight.com\/es\/wp-json\/wp\/v2\/pages"}],"about":[{"href":"https:\/\/elfsight.com\/es\/wp-json\/wp\/v2\/types\/page"}],"author":[{"embeddable":true,"href":"https:\/\/elfsight.com\/es\/wp-json\/wp\/v2\/users\/9"}],"replies":[{"embeddable":true,"href":"https:\/\/elfsight.com\/es\/wp-json\/wp\/v2\/comments?post=7930"}],"version-history":[{"count":2,"href":"https:\/\/elfsight.com\/es\/wp-json\/wp\/v2\/pages\/7930\/revisions"}],"predecessor-version":[{"id":18720,"href":"https:\/\/elfsight.com\/es\/wp-json\/wp\/v2\/pages\/7930\/revisions\/18720"}],"up":[{"embeddable":true,"href":"https:\/\/elfsight.com\/es\/wp-json\/wp\/v2\/pages\/956"}],"wp:attachment":[{"href":"https:\/\/elfsight.com\/es\/wp-json\/wp\/v2\/media?parent=7930"}],"curies":[{"name":"wp","href":"https:\/\/api.w.org\/{rel}","templated":true}]}}