{"id":7922,"date":"1970-01-01T00:00:00","date_gmt":"1970-01-01T00:00:00","guid":{"rendered":"https:\/\/elfsight.com\/es\/?page_id=7922"},"modified":"2025-02-06T15:44:17","modified_gmt":"2025-02-06T15:44:17","slug":"magento","status":"publish","type":"page","link":"https:\/\/elfsight.com\/es\/pinterest-feed-widget\/magento\/","title":{"rendered":"Pinterest Feed &#8211; Magento"},"content":{"rendered":"<div class=\"application-platform-content-item-description application-platform-content-item\" id=\"description\" data-nav-section=\"description\"><h2>Descripci\u00f3n<\/h2><p>La extensi\u00f3n Elfsight Pinterest permite mostrar su cuenta y cualquier pin y tablero de Pinterest en su sitio web. Con nuestra herramienta, no s\u00f3lo puede insertar su perfil, sino tambi\u00e9n ordenar pines y tableros para demostrar colecciones de im\u00e1genes para su sitio. Muestre sus ofertas, estimule a sus futuros clientes a descubrir cosas nuevas o simplemente elija magn\u00edficas im\u00e1genes para su sitio. Un widget flexible lo ayudar\u00e1 a ampliar la cobertura de sus materiales visuales, aumentar la participaci\u00f3n en el sitio y atraer m\u00e1s suscriptores en Pinterest.<\/p><p><b> Agregue a su sitio contenido visual desde Pinterest r\u00e1pidamente y sin esfuerzo.<\/b><\/p><ul><li><b>Atraiga ventas demostrando sus art\u00edculos<\/b><br> Cree sus propias galer\u00edas de fotos originales con sus trabajos o \u00faltimas tendencias y art\u00edculos imprescindibles para inspirar a las personas a comprar.<\/li><li><b>Ampl\u00ede la cobertura social de su contenido<\/b><br> Otorgue la oportunidad a los usuarios que no est\u00e1n en Pinterest de ver su contenido fascinante, revel\u00e1ndolo en el sitio web.<\/li><li><b>Fortalezca el n\u00famero de ventas con la ayuda de im\u00e1genes que generan ventas<\/b><br> Elija las im\u00e1genes m\u00e1s atractivas de sus ofertas; muestra las \u00faltimas tendencias e im\u00e1genes inspiradoras para que los usuarios quieran comprar.<\/li><\/ul><\/div><div class=\"application-platform-content-item-features application-platform-content-item\" id=\"features\" data-nav-section=\"features\"><h2>Caracter\u00edsticas<\/h2><p>Estas son las funciones que hacen de nuestra extensi\u00f3n la mejor para cada sitio web de Magento:<\/p><ul><li>Muestra pines, tableros e integra tu cuenta de Pinterest;<\/li><li>Elige el ancho y el ancho del widget. altura;<\/li><li>Mostrar u ocultar encabezado;<\/li><li>Mostrar u ocultar recuentos de tableros y pines;<\/li><\/ul><p><a href=\"#demo\">Ver todas las caracter\u00edsticas<\/a><\/p><\/div><div class=\"application-platform-content-item-installation application-platform-content-item\" id=\"installation\" data-nav-section=\"installation\"><h2>C\u00f3mo agregar Pinterest Feed al sitio web de Magento<\/h2><p>Simplemente siga un par de pasos que se indican a continuaci\u00f3n para insertar el widget en Magento.<\/p> <ol><li><b>Inicie nuestra demostraci\u00f3n gratuita y comience a crear su instrumento personalizado. <\/b><br> Especifique la interfaz y los aspectos preferibles del widget y aplique las ediciones. <\/li> <li><b>Reciba su c\u00f3digo \u00fanico que se muestra en el formulario especial en Elfsight Apps. <\/b><br> Cuando finalice la personalizaci\u00f3n de su extensi\u00f3n personal de Pinterest Feed, copie el c\u00f3digo individual del cuadro que aparece y gu\u00e1rdelo para ocasiones posteriores. <\/li> <li><b>Comience a utilizar la extensi\u00f3n en el sitio web de Magento. <\/b><br> A\u00f1ade el c\u00f3digo copiado anteriormente en tu p\u00e1gina web y aplica las modificaciones. <\/li> <li><b>La instalaci\u00f3n se realiz\u00f3 correctamente. <\/b><br>Vaya a su p\u00e1gina web para ver el funcionamiento del widget. <\/li><\/ol><p>\u00bfNo puedes crear o mostrar la extensi\u00f3n en un sitio? Dir\u00edjase a nuestro centro de ayuda.<\/p><\/div><div class=\"faq\" data-component=\"FAQ\"><div class=\"faq-item\">\r\n\t\t\t\t\t<div class=\"faq-item-question\">\r\n\t\t\t\t\t\t<h3 class=\"faq-item-question-text\">\u00bfDe qu\u00e9 manera puedo agregar Pinterest Feed a mi Magento sin codificaci\u00f3n?<\/h3>\r\n\r\n\t\t\t\t\t\t<div class=\"faq-item-question-icon\"><\/div>\r\n\t\t\t\t\t<\/div>\r\n\r\n\t\t\t\t\t<div class=\"faq-item-answer\">\r\n\t\t\t\t\t\t<div class=\"faq-item-answer-text\"><p>La empresa Elfsight ofrece una soluci\u00f3n que permite a las personas crear una aplicaci\u00f3n Pinterest Feed usted mismo, consulte la gu\u00eda sencilla: <\/p><ul><li>Trabaja en la demostraci\u00f3n en l\u00ednea para establecer una aplicaci\u00f3n Pinterest Feed en la que te gustar\u00eda insertar Sitio Magento.<\/li><li>Elija una de las plantillas predise\u00f1adas y cambie la configuraci\u00f3n de Pinterest Feed, agregue su contenido, cambie el dise\u00f1o y los colores sin conocimientos de codificaci\u00f3n.<\/li><li>Haga clic para guardar Pinterest Feed y obtenga el c\u00f3digo del complemento para incrustar, que puede agregar f\u00e1cilmente en cualquier p\u00e1gina de inicio de Magento usando un plan gratuito. <\/li><\/ul><p>Al trabajar en el editor intuitivo, cualquier usuario web puede crear el complemento Pinterest Feed en l\u00ednea e incluirlo sin esfuerzo en cualquier sitio web de Magento. No es necesario obtener un plan pago ni revelar los datos de su tarjeta para ingresar a nuestro Editor. Si encuentra alg\u00fan problema de cualquier tipo, no dude en hablar con nuestro personal de soporte.<\/p><\/div>\r\n\t\t\t\t\t<\/div>\r\n\t\t\t\t<\/div><\/div>","protected":false},"excerpt":{"rendered":"","protected":false},"author":9,"featured_media":0,"parent":956,"menu_order":0,"comment_status":"closed","ping_status":"closed","template":"templates\/template-application-platform.php","meta":{"publish_to_discourse":"","publish_post_category":"","wpdc_auto_publish_overridden":"","wpdc_topic_tags":"","wpdc_pin_topic":"","wpdc_pin_until":"","discourse_post_id":"","discourse_permalink":"","wpdc_publishing_response":"","wpdc_publishing_error":"","footnotes":""},"class_list":["post-7922","page","type-page","status-publish","hentry"],"yoast_head":"<!-- This site is optimized with the Yoast SEO plugin v25.3.1 - https:\/\/yoast.com\/wordpress\/plugins\/seo\/ -->\n<title>Feed de Pinterest: agregue la extensi\u00f3n de Pinterest al sitio web de Magento (2025)<\/title>\n<meta name=\"description\" content=\"Muestre una extensi\u00f3n de Pinterest Feed en su sitio web Magento sin habilidades en desarrollo web. Utilice el pr\u00e1ctico constructor de Elfsight y cree su widget personal.\" \/>\n<meta name=\"robots\" content=\"index, follow, max-snippet:-1, max-image-preview:large, max-video-preview:-1\" \/>\n<link rel=\"canonical\" href=\"https:\/\/elfsight.com\/es\/pinterest-feed-widget\/magento\/\" \/>\n<meta property=\"og:locale\" content=\"es_ES\" \/>\n<meta property=\"og:type\" content=\"article\" \/>\n<meta property=\"og:title\" content=\"Feed de Pinterest: agregue la extensi\u00f3n de Pinterest al sitio web de Magento (2025)\" \/>\n<meta property=\"og:description\" content=\"Muestre una extensi\u00f3n de Pinterest Feed en su sitio web Magento sin habilidades en desarrollo web. Utilice el pr\u00e1ctico constructor de Elfsight y cree su widget personal.\" \/>\n<meta property=\"og:url\" content=\"https:\/\/elfsight.com\/es\/pinterest-feed-widget\/magento\/\" \/>\n<meta property=\"og:site_name\" content=\"Elfsight ES\" \/>\n<meta property=\"article:modified_time\" content=\"2025-02-06T15:44:17+00:00\" \/>\n<meta name=\"twitter:card\" content=\"summary_large_image\" \/>\n<meta name=\"twitter:label1\" content=\"Tiempo de lectura\" \/>\n\t<meta name=\"twitter:data1\" content=\"3 minutos\" \/>\n<!-- \/ Yoast SEO plugin. -->","yoast_head_json":{"title":"Feed de Pinterest: agregue la extensi\u00f3n de Pinterest al sitio web de Magento (2025)","description":"Muestre una extensi\u00f3n de Pinterest Feed en su sitio web Magento sin habilidades en desarrollo web. Utilice el pr\u00e1ctico constructor de Elfsight y cree su widget personal.","robots":{"index":"index","follow":"follow","max-snippet":"max-snippet:-1","max-image-preview":"max-image-preview:large","max-video-preview":"max-video-preview:-1"},"canonical":"https:\/\/elfsight.com\/es\/pinterest-feed-widget\/magento\/","og_locale":"es_ES","og_type":"article","og_title":"Feed de Pinterest: agregue la extensi\u00f3n de Pinterest al sitio web de Magento (2025)","og_description":"Muestre una extensi\u00f3n de Pinterest Feed en su sitio web Magento sin habilidades en desarrollo web. Utilice el pr\u00e1ctico constructor de Elfsight y cree su widget personal.","og_url":"https:\/\/elfsight.com\/es\/pinterest-feed-widget\/magento\/","og_site_name":"Elfsight ES","article_modified_time":"2025-02-06T15:44:17+00:00","twitter_card":"summary_large_image","twitter_misc":{"Tiempo de lectura":"3 minutos"},"schema":{"@context":"https:\/\/schema.org","@graph":[{"@type":"WebPage","@id":"https:\/\/elfsight.com\/es\/pinterest-feed-widget\/magento\/","url":"https:\/\/elfsight.com\/es\/pinterest-feed-widget\/magento\/","name":"Feed de Pinterest: agregue la extensi\u00f3n de Pinterest al sitio web de Magento (2025)","isPartOf":{"@id":"https:\/\/elfsight.com\/es\/#website"},"datePublished":"1970-01-01T00:00:00+00:00","dateModified":"2025-02-06T15:44:17+00:00","description":"Muestre una extensi\u00f3n de Pinterest Feed en su sitio web Magento sin habilidades en desarrollo web. Utilice el pr\u00e1ctico constructor de Elfsight y cree su widget personal.","breadcrumb":{"@id":"https:\/\/elfsight.com\/es\/pinterest-feed-widget\/magento\/#breadcrumb"},"inLanguage":"es","potentialAction":[{"@type":"ReadAction","target":["https:\/\/elfsight.com\/es\/pinterest-feed-widget\/magento\/"]}]},{"@type":"BreadcrumbList","@id":"https:\/\/elfsight.com\/es\/pinterest-feed-widget\/magento\/#breadcrumb","itemListElement":[{"@type":"ListItem","position":1,"name":"Home","item":"https:\/\/elfsight.com\/es\/"},{"@type":"ListItem","position":2,"name":"Pinterest Feed","item":"https:\/\/elfsight.com\/es\/pinterest-feed-widget\/"},{"@type":"ListItem","position":3,"name":"Pinterest Feed &#8211; Magento"}]},{"@type":"WebSite","@id":"https:\/\/elfsight.com\/es\/#website","url":"https:\/\/elfsight.com\/es\/","name":"Elfsight ES","description":"Just another Elfsight Sites site","potentialAction":[{"@type":"SearchAction","target":{"@type":"EntryPoint","urlTemplate":"https:\/\/elfsight.com\/es\/?s={search_term_string}"},"query-input":{"@type":"PropertyValueSpecification","valueRequired":true,"valueName":"search_term_string"}}],"inLanguage":"es"}]}},"meta_box":{"industry":"","seo_heading":"","heading":"","description":"","cta_heading":"","cta_description":"","application":"955","h1":"Extensi\u00f3n de feed de Pinterest de Magento","h1_caption":"Inserte una fuente de pines de su cuenta de Pinterest para mostrar contenido din\u00e1mico y visualmente atractivo en su sitio web Magento sin esfuerzo.","application_category":[],"applications_title":"","applications_request_title":"","applications_request_button_text":"","hero_text":"","hero_video":"","hero_video_schema_markup":"","selling_points_title":"","selling_points_caption":"","selling_points":[],"selling_points_cta_text":"","features_title":"","features":"","ed_cta_examples_text":"","ed_cta_examples_hidden":"","ed_cta_demo_text":"","ed_cta_demo_hidden":"","why_caption":"","why_editor_title":"","why_editor_text":"","why_team_title":"","why_team_text":"","why_service_title":"","why_service_text":"","template_catalog_visible":"","template_catalog_title":"","template_catalog_text":"","template_catalog_categories_visible":"","demo_title":"Crea tu extensi\u00f3n de Feed de Pinterest","demo_caption":"\u00a1Configura tu feed de Pinterest y agr\u00e9galo a tu sitio web Magento gratis!","default_faq_hidden":"","app_template_category":[],"platform":"82","template_public_id":"","codecanyon_url":"","codecanyon_item_id":"","codecanyon_price":"","pricing_caption":"","pricing_elfsight_apps_hide_column":"","pricing_elfsight_apps_url":"","pricing_codecanyon_price_caption":"","integration_category":[],"integration_request_title":"","integration_request_cta":"","integration_platform":"","integrations":[],"platform_category":[],"video_schema_markup":"","price":"desde $0 \/ mes","trial":"","benefits":[{"text":"Asistencia de instalaci\u00f3n gratuita"},{"text":"Servicio al cliente competente"},{"text":"Garant\u00eda de reembolso de 14 d\u00edas"},{"text":"Actualizaciones gratuitas peri\u00f3dicas"}],"button_url":"#demo","button_target_blank":"","button_nofollow":"","attributes":[{"name":"Instalaciones","content":"10,000 - 100,000"},{"name":"Sensible","content":"S\u00ed"},{"name":"Navegadores compatibles","content":"Firefox, Safari, Opera, Chrome, Edge"}],"tags":[],"tags_disable_links":"","hide_more_platforms":"","video_object":"","demo_hide_cta":"","demo_hide_cloud_options":"","pricing_title":"","pricing":[{"pricing_icon":"platform","pricing_title":"Elfsight Apps","pricing_title_caption":"Software independiente de la plataforma","pricing_price":"desde $0 \/ mes","pricing_price_caption":"comienza con un plan gratuito","pricing_benefits":[{"text":"Dominios ilimitados"},{"text":"Soporte dedicado, puntual y bien documentado."},{"text":"Soporte de instalaci\u00f3n gratuito"},{"text":"Totalmente personalizable"}],"pricing_button_text":"A\u00f1adir al sitio web","pricing_button_url":"#demo"}],"related_apps_title":"","related_apps_hidden":"","author":"","image":[],"title":"","job":"","social_networks":[]},"_links":{"self":[{"href":"https:\/\/elfsight.com\/es\/wp-json\/wp\/v2\/pages\/7922","targetHints":{"allow":["GET"]}}],"collection":[{"href":"https:\/\/elfsight.com\/es\/wp-json\/wp\/v2\/pages"}],"about":[{"href":"https:\/\/elfsight.com\/es\/wp-json\/wp\/v2\/types\/page"}],"author":[{"embeddable":true,"href":"https:\/\/elfsight.com\/es\/wp-json\/wp\/v2\/users\/9"}],"replies":[{"embeddable":true,"href":"https:\/\/elfsight.com\/es\/wp-json\/wp\/v2\/comments?post=7922"}],"version-history":[{"count":2,"href":"https:\/\/elfsight.com\/es\/wp-json\/wp\/v2\/pages\/7922\/revisions"}],"predecessor-version":[{"id":18724,"href":"https:\/\/elfsight.com\/es\/wp-json\/wp\/v2\/pages\/7922\/revisions\/18724"}],"up":[{"embeddable":true,"href":"https:\/\/elfsight.com\/es\/wp-json\/wp\/v2\/pages\/956"}],"wp:attachment":[{"href":"https:\/\/elfsight.com\/es\/wp-json\/wp\/v2\/media?parent=7922"}],"curies":[{"name":"wp","href":"https:\/\/api.w.org\/{rel}","templated":true}]}}