{"id":7909,"date":"1970-01-01T00:00:00","date_gmt":"1970-01-01T00:00:00","guid":{"rendered":"https:\/\/elfsight.com\/es\/?page_id=7909"},"modified":"2025-02-06T15:44:25","modified_gmt":"2025-02-06T15:44:25","slug":"iframe","status":"publish","type":"page","link":"https:\/\/elfsight.com\/es\/pinterest-feed-widget\/iframe\/","title":{"rendered":"Pinterest Feed &#8211; iFrame"},"content":{"rendered":"<div class=\"application-platform-content-item-description application-platform-content-item\" id=\"description\" data-nav-section=\"description\"> <h2>Incorpore el feed de Pinterest en iFrame con el widget de Elfsight<\/h2><p>Utilizando el feed de Pinterest de Elfsight, puede agregar a su sitio web im\u00e1genes sorprendentes de Pinterest en muy poco tiempo. El complemento Elfsight ayuda a mostrar pines, tableros y todo su perfil de Pinterest en su sitio web. Atraiga a sus clientes con la ayuda de im\u00e1genes y tableros tem\u00e1ticos cuidadosamente seleccionados y cree sus propios decorados originales. Ampl\u00ede el alcance de sus im\u00e1genes de Pinterest, aumente la participaci\u00f3n en su sitio y tenga m\u00e1s seguidores para su perfil de Pinterest al mismo tiempo.<\/p><p><b>\u00a1Muestre su perfil, agregue tableros y seleccione pines para el contenido visual m\u00e1s atractivo de su sitio!<\/b><\/p><ul><li><b>Suba de nivel la participaci\u00f3n de los usuarios del sitio web en su sitio web<\/b> <br>Las im\u00e1genes cuidadosamente seleccionadas en su sitio atraen la m\u00e1xima atenci\u00f3n de las personas y mantienen a los clientes interesados.<\/li><li><b>Atraiga seguidores en Pinterest<\/b> <br>Con la ayuda del bot\u00f3n Seguir que se muestra en el feed, m\u00e1s usuarios tendr\u00e1n la oportunidad de convertirse en sus seguidores.<\/li><li><b>Aumente el n\u00famero de ventas utilizando im\u00e1genes atractivas<\/b> <br>Seleccione las im\u00e1genes m\u00e1s tentadoras de sus ofertas; muestre las \u00faltimas tendencias y fotograf\u00edas persuasivas para que la gente quiera comprar.<\/li><\/ul><\/div><div class=\"application-platform-content-item-features application-platform-content-item\" id=\"features\" data-nav-section=\"features\"> <h2>Caracter\u00edsticas principales del widget Feed de Pinterest<\/h2><p>Consulte la lista de las opciones m\u00e1s importantes del Feed de Pinterest. Hacen que nuestro widget sea incre\u00edblemente efectivo para su promoci\u00f3n: <\/p> <ul><li>Mostrar el t\u00edtulo de la cuenta, los seguidores y el recuento de seguidores.<\/li><li>22 idiomas populares disponibles;<\/li><li>Bot\u00f3n Seguir en el encabezado para seguir su cuenta sin problemas;<\/li><li>Mostrar u ocultar tableros y recuento de pines;<\/li><\/ul><p><a href=\"#demo\">Disfrute de todas las funciones en la demostraci\u00f3n en vivo<\/a><\/p> <\/div><div class=\"application-platform-content-item-installation application-platform-content-item\" id=\"installation\" data-nav-section=\"installation\"><h2>C\u00f3mo agregar el widget de Pinterest Feed al sitio web iFrame<\/h2><p>Los pasos a continuaci\u00f3n son lo \u00fanico que necesita para tener el widget activado. <\/p> <ol><li><b>Construya su propio complemento de Pinterest<\/b><br> En nuestra demostraci\u00f3n gratuita, cree un complemento con un dise\u00f1o y funciones preferibles. <\/li><li><b>Reciba el c\u00f3digo individual para publicar el complemento<\/b><br> Despu\u00e9s de haber configurado su widget, obtendr\u00e1 su c\u00f3digo de instalaci\u00f3n en la notificaci\u00f3n que aparece en Elfsight Apps. C\u00f3pialo. <\/li> <li><b>Integre el complemento en su sitio web iFrame<\/b><br> Vaya al \u00e1rea donde planea mostrar el complemento y pegue el c\u00f3digo guardado all\u00ed. Aplicar las ediciones. <\/li> <li><b>\u00a1Felicitaciones! \u00a1Acabas de configurar el widget! <\/b><br> Ingrese al sitio para ver su complemento. <\/li> <\/ol><p>Para obtener sugerencias y procedimientos, comun\u00edquese con nuestro equipo de atenci\u00f3n al cliente. Estaremos encantados de ayudarle en caso de que tenga alg\u00fan problema <\/p> <\/div><div class=\"faq\" data-component=\"FAQ\"><div class=\"faq-item\">\r\n\t\t\t\t\t<div class=\"faq-item-question\">\r\n\t\t\t\t\t\t<h3 class=\"faq-item-question-text\">\u00bfDe qu\u00e9 manera puedo agregar Pinterest Feed a mi sitio web iFrame sin experiencia en codificaci\u00f3n?<\/h3>\r\n\r\n\t\t\t\t\t\t<div class=\"faq-item-question-icon\"><\/div>\r\n\t\t\t\t\t<\/div>\r\n\r\n\t\t\t\t\t<div class=\"faq-item-answer\">\r\n\t\t\t\t\t\t<div class=\"faq-item-answer-text\"><p>La empresa Elfsight presenta una soluci\u00f3n que le permite generar un complemento de Pinterest Feed usted mismo. Descubra las sencillas instrucciones: <\/p><ul><li>Trabaje directamente en el editor en vivo para cree un complemento de Pinterest Feed que le gustar\u00eda agregar a su iFrame.<\/li><li>Decida una de las plantillas predise\u00f1adas y ajuste la configuraci\u00f3n de Pinterest Feed, cambie el dise\u00f1o y la combinaci\u00f3n de colores, incluya su contenido sin ninguna experiencia en codificaci\u00f3n.<\/li><li>Guarde el Pinterest Feed y copie el c\u00f3digo de instalaci\u00f3n, que se puede incrustar en la p\u00e1gina de inicio de iFrame de forma gratuita. <\/li><\/ul><p>Con nuestro editor f\u00e1cil de usar, cualquier usuario web puede establecer el complemento Pinterest Feed en l\u00ednea e incrustarlo sin esfuerzo en su sitio iFrame. No es necesario pagar ni introducir los datos de tu tarjeta para acceder al Editor. Si encuentra alg\u00fan problema en cualquier paso, no dude en comunicarse con nuestro servicio t\u00e9cnico de atenci\u00f3n al cliente.<\/p><\/div>\r\n\t\t\t\t\t<\/div>\r\n\t\t\t\t<\/div><\/div>","protected":false},"excerpt":{"rendered":"","protected":false},"author":9,"featured_media":0,"parent":956,"menu_order":0,"comment_status":"closed","ping_status":"closed","template":"templates\/template-application-platform.php","meta":{"publish_to_discourse":"","publish_post_category":"","wpdc_auto_publish_overridden":"","wpdc_topic_tags":"","wpdc_pin_topic":"","wpdc_pin_until":"","discourse_post_id":"","discourse_permalink":"","wpdc_publishing_response":"","wpdc_publishing_error":"","footnotes":""},"class_list":["post-7909","page","type-page","status-publish","hentry"],"yoast_head":"<!-- This site is optimized with the Yoast SEO plugin v25.3.1 - https:\/\/yoast.com\/wordpress\/plugins\/seo\/ -->\n<title>Complemento iFrame Pinterest Feed para su sitio web (gratis y r\u00e1pido)<\/title>\n<meta name=\"description\" content=\"Es muy sencillo crear su widget de Pinterest Feed y publicarlo en el sitio web iFrame. El servicio de atenci\u00f3n al cliente de Elfsight es gratuito y r\u00e1pido.\" \/>\n<meta name=\"robots\" content=\"index, follow, max-snippet:-1, max-image-preview:large, max-video-preview:-1\" \/>\n<link rel=\"canonical\" href=\"https:\/\/elfsight.com\/es\/pinterest-feed-widget\/iframe\/\" \/>\n<meta property=\"og:locale\" content=\"es_ES\" \/>\n<meta property=\"og:type\" content=\"article\" \/>\n<meta property=\"og:title\" content=\"Complemento iFrame Pinterest Feed para su sitio web (gratis y r\u00e1pido)\" \/>\n<meta property=\"og:description\" content=\"Es muy sencillo crear su widget de Pinterest Feed y publicarlo en el sitio web iFrame. El servicio de atenci\u00f3n al cliente de Elfsight es gratuito y r\u00e1pido.\" \/>\n<meta property=\"og:url\" content=\"https:\/\/elfsight.com\/es\/pinterest-feed-widget\/iframe\/\" \/>\n<meta property=\"og:site_name\" content=\"Elfsight ES\" \/>\n<meta property=\"article:modified_time\" content=\"2025-02-06T15:44:25+00:00\" \/>\n<meta name=\"twitter:card\" content=\"summary_large_image\" \/>\n<meta name=\"twitter:label1\" content=\"Tiempo de lectura\" \/>\n\t<meta name=\"twitter:data1\" content=\"3 minutos\" \/>\n<!-- \/ Yoast SEO plugin. -->","yoast_head_json":{"title":"Complemento iFrame Pinterest Feed para su sitio web (gratis y r\u00e1pido)","description":"Es muy sencillo crear su widget de Pinterest Feed y publicarlo en el sitio web iFrame. El servicio de atenci\u00f3n al cliente de Elfsight es gratuito y r\u00e1pido.","robots":{"index":"index","follow":"follow","max-snippet":"max-snippet:-1","max-image-preview":"max-image-preview:large","max-video-preview":"max-video-preview:-1"},"canonical":"https:\/\/elfsight.com\/es\/pinterest-feed-widget\/iframe\/","og_locale":"es_ES","og_type":"article","og_title":"Complemento iFrame Pinterest Feed para su sitio web (gratis y r\u00e1pido)","og_description":"Es muy sencillo crear su widget de Pinterest Feed y publicarlo en el sitio web iFrame. El servicio de atenci\u00f3n al cliente de Elfsight es gratuito y r\u00e1pido.","og_url":"https:\/\/elfsight.com\/es\/pinterest-feed-widget\/iframe\/","og_site_name":"Elfsight ES","article_modified_time":"2025-02-06T15:44:25+00:00","twitter_card":"summary_large_image","twitter_misc":{"Tiempo de lectura":"3 minutos"},"schema":{"@context":"https:\/\/schema.org","@graph":[{"@type":"WebPage","@id":"https:\/\/elfsight.com\/es\/pinterest-feed-widget\/iframe\/","url":"https:\/\/elfsight.com\/es\/pinterest-feed-widget\/iframe\/","name":"Complemento iFrame Pinterest Feed para su sitio web (gratis y r\u00e1pido)","isPartOf":{"@id":"https:\/\/elfsight.com\/es\/#website"},"datePublished":"1970-01-01T00:00:00+00:00","dateModified":"2025-02-06T15:44:25+00:00","description":"Es muy sencillo crear su widget de Pinterest Feed y publicarlo en el sitio web iFrame. El servicio de atenci\u00f3n al cliente de Elfsight es gratuito y r\u00e1pido.","breadcrumb":{"@id":"https:\/\/elfsight.com\/es\/pinterest-feed-widget\/iframe\/#breadcrumb"},"inLanguage":"es","potentialAction":[{"@type":"ReadAction","target":["https:\/\/elfsight.com\/es\/pinterest-feed-widget\/iframe\/"]}]},{"@type":"BreadcrumbList","@id":"https:\/\/elfsight.com\/es\/pinterest-feed-widget\/iframe\/#breadcrumb","itemListElement":[{"@type":"ListItem","position":1,"name":"Home","item":"https:\/\/elfsight.com\/es\/"},{"@type":"ListItem","position":2,"name":"Pinterest Feed","item":"https:\/\/elfsight.com\/es\/pinterest-feed-widget\/"},{"@type":"ListItem","position":3,"name":"Pinterest Feed &#8211; iFrame"}]},{"@type":"WebSite","@id":"https:\/\/elfsight.com\/es\/#website","url":"https:\/\/elfsight.com\/es\/","name":"Elfsight ES","description":"Just another Elfsight Sites site","potentialAction":[{"@type":"SearchAction","target":{"@type":"EntryPoint","urlTemplate":"https:\/\/elfsight.com\/es\/?s={search_term_string}"},"query-input":{"@type":"PropertyValueSpecification","valueRequired":true,"valueName":"search_term_string"}}],"inLanguage":"es"}]}},"meta_box":{"industry":"","seo_heading":"","heading":"","description":"","cta_heading":"","cta_description":"","application":"955","h1":"Widget de feed de Pinterest de iFrame","h1_caption":"Inserte una fuente de pines de su cuenta de Pinterest para mostrar contenido din\u00e1mico y visualmente atractivo en su sitio web iFrame sin esfuerzo.","application_category":[],"applications_title":"","applications_request_title":"","applications_request_button_text":"","hero_text":"","hero_video":"","hero_video_schema_markup":"","selling_points_title":"","selling_points_caption":"","selling_points":[],"selling_points_cta_text":"","features_title":"","features":"","ed_cta_examples_text":"","ed_cta_examples_hidden":"","ed_cta_demo_text":"","ed_cta_demo_hidden":"","why_caption":"","why_editor_title":"","why_editor_text":"","why_team_title":"","why_team_text":"","why_service_title":"","why_service_text":"","template_catalog_visible":"","template_catalog_title":"","template_catalog_text":"","template_catalog_categories_visible":"","demo_title":"Crea tu widget de feed de Pinterest","demo_caption":"\u00a1Configure su feed de Pinterest y agr\u00e9guelo a su sitio web iFrame de forma gratuita!","default_faq_hidden":"","app_template_category":[],"platform":"2192","template_public_id":"","codecanyon_url":"","codecanyon_item_id":"","codecanyon_price":"","pricing_caption":"","pricing_elfsight_apps_hide_column":"","pricing_elfsight_apps_url":"","pricing_codecanyon_price_caption":"","integration_category":[],"integration_request_title":"","integration_request_cta":"","integration_platform":"","integrations":[],"platform_category":[],"video_schema_markup":"","price":"desde $0 \/ mes","trial":"","benefits":[{"text":"Ayuda de instalaci\u00f3n gratuita"},{"text":"Servicio al cliente competente"},{"text":"Garant\u00eda de reembolso de 14 d\u00edas"},{"text":"Desarrollo continuo"}],"button_url":"#demo","button_target_blank":"","button_nofollow":"","attributes":[{"name":"Instalaciones","content":"10,000 - 100,000"},{"name":"Sensible","content":"S\u00ed"},{"name":"Navegadores compatibles","content":"Firefox, Safari, Opera, Chrome, Edge"}],"tags":[],"tags_disable_links":"","hide_more_platforms":"","video_object":"","demo_hide_cta":"","demo_hide_cloud_options":"","pricing_title":"","pricing":[{"pricing_icon":"platform","pricing_title":"Elfsight Apps","pricing_title_caption":"Versi\u00f3n multiplataforma que funciona en cualquier sitio web","pricing_price":"desde $0 \/ mes","pricing_price_caption":"comienza con el plan gratuito","pricing_benefits":[{"text":"Dominios ilimitados"},{"text":"Atenci\u00f3n al cliente dedicada"},{"text":"Servicio de instalaci\u00f3n gratuito"},{"text":"Dise\u00f1o flexible"}],"pricing_button_text":"A\u00f1adir al sitio web","pricing_button_url":"#demo"}],"related_apps_title":"","related_apps_hidden":"","author":"","image":[],"title":"","job":"","social_networks":[]},"_links":{"self":[{"href":"https:\/\/elfsight.com\/es\/wp-json\/wp\/v2\/pages\/7909","targetHints":{"allow":["GET"]}}],"collection":[{"href":"https:\/\/elfsight.com\/es\/wp-json\/wp\/v2\/pages"}],"about":[{"href":"https:\/\/elfsight.com\/es\/wp-json\/wp\/v2\/types\/page"}],"author":[{"embeddable":true,"href":"https:\/\/elfsight.com\/es\/wp-json\/wp\/v2\/users\/9"}],"replies":[{"embeddable":true,"href":"https:\/\/elfsight.com\/es\/wp-json\/wp\/v2\/comments?post=7909"}],"version-history":[{"count":2,"href":"https:\/\/elfsight.com\/es\/wp-json\/wp\/v2\/pages\/7909\/revisions"}],"predecessor-version":[{"id":18729,"href":"https:\/\/elfsight.com\/es\/wp-json\/wp\/v2\/pages\/7909\/revisions\/18729"}],"up":[{"embeddable":true,"href":"https:\/\/elfsight.com\/es\/wp-json\/wp\/v2\/pages\/956"}],"wp:attachment":[{"href":"https:\/\/elfsight.com\/es\/wp-json\/wp\/v2\/media?parent=7909"}],"curies":[{"name":"wp","href":"https:\/\/api.w.org\/{rel}","templated":true}]}}