{"id":7906,"date":"1970-01-01T00:00:00","date_gmt":"1970-01-01T00:00:00","guid":{"rendered":"https:\/\/elfsight.com\/es\/?page_id=7906"},"modified":"2025-02-06T15:44:34","modified_gmt":"2025-02-06T15:44:34","slug":"facebook","status":"publish","type":"page","link":"https:\/\/elfsight.com\/es\/pinterest-feed-widget\/facebook\/","title":{"rendered":"Pinterest Feed &#8211; Facebook Page"},"content":{"rendered":"<div class=\"application-platform-content-item-description application-platform-content-item\" id=\"description\" data-nav-section=\"description\"><h2>Descripci\u00f3n<\/h2><p>Con la aplicaci\u00f3n Pinterest de Elfsight, podr\u00e1s agregar fotos fascinantes a tu p\u00e1gina r\u00e1pidamente. La herramienta Elfsight ayuda a mostrar pines, tableros y su cuenta completa de Pinterest en particular en la p\u00e1gina de su empresa. Atraiga a sus clientes con contenido cuidadosamente seleccionado, tableros tem\u00e1ticos y cree sus propias colecciones originales. Ampl\u00ede la cobertura del contenido de su perfil, aumente la participaci\u00f3n en la p\u00e1gina y encuentre nuevos seguidores para su cuenta al mismo tiempo.<\/p><p><b>\u00a1Muestre su cuenta, agregue tableros y elija pines para demostrar los mejores materiales visuales en su p\u00e1gina de Facebook!<\/b><\/p><\/div><div class=\"application-platform-content-item-features application-platform-content-item\" id=\"features\" data-nav-section=\"features\"><h2>Caracter\u00edsticas<\/h2><p>Aqu\u00ed hay una lista de todas las funciones de producto. Puedes configurarlos directamente en el editor y te ayudar\u00e1n a crear el widget adecuado a tus necesidades.<\/p><ul><li>T\u00edtulo del widget editable;<\/li><li>Elige el ancho y alto del widget;<\/li><li>Elementos de pin intercambiables: Autor, Texto, bot\u00f3n Compartir, Icono de Pinterest.<\/li><li>Haz clic en la imagen para abrirla en Pinterest;<\/li><\/ul><p><a href=\"#demo\">Pruebe todas las dem\u00e1s funciones en el demostraci\u00f3n<\/a><\/p><\/div> <div class=\"application-platform-content-item-installation application-platform-content-item\" id=\"installation\" data-nav-section=\"installation\"><h2>C\u00f3mo agregar la pesta\u00f1a Pinterest a la p\u00e1gina comercial de Facebook<\/h2><p>Para incrustar el widget, siga las pautas a continuaci\u00f3n<\/p><ul><li><b>Cree su aplicaci\u00f3n Pinterest personalizada<\/b><br>Obtenga un complemento con una interfaz y funcionalidad seleccionadas en nuestro editor gratuito. <\/li><li><b>Copia el c\u00f3digo individual para integrar el complemento<\/b><br>Despu\u00e9s de haber configurado tu widget, obtendr\u00e1s el c\u00f3digo individual en la ventana emergente de Elfsight Apps. Copia este c\u00f3digo. <\/li><li><b>Agrega el widget a la p\u00e1gina de Facebook<\/b><br> Crea tu pesta\u00f1a personalizada de Facebook. Inserte el c\u00f3digo que recibi\u00f3 en las aplicaciones de elfsight en la pesta\u00f1a. Si tiene alg\u00fan problema, simplemente consulte nuestra gu\u00eda en <a href=\"https:\/\/elfsight.com\/blog\/how-to-add-custom-tab-to-facebook-page\/\" target=\"_blank\" rel=\"noopener noreferrer\">creaci\u00f3n de una pesta\u00f1a personalizada de Facebook<\/a><\/li><li><b>La instalaci\u00f3n est\u00e1 completa<\/b><br>Visite la p\u00e1gina para verificar su trabajo. <\/li><\/ul><p>No dude en comunicarse con el servicio de soporte de Elfsight si necesita ayuda o tiene algo que preguntar. Estaremos encantados de ayudarle con cada solicitud. <\/p><\/div>","protected":false},"excerpt":{"rendered":"","protected":false},"author":9,"featured_media":0,"parent":956,"menu_order":0,"comment_status":"closed","ping_status":"closed","template":"templates\/template-application-platform.php","meta":{"publish_to_discourse":"","publish_post_category":"","wpdc_auto_publish_overridden":"","wpdc_topic_tags":"","wpdc_pin_topic":"","wpdc_pin_until":"","discourse_post_id":"","discourse_permalink":"","wpdc_publishing_response":"","wpdc_publishing_error":"","footnotes":""},"class_list":["post-7906","page","type-page","status-publish","hentry"],"yoast_head":"<!-- This site is optimized with the Yoast SEO plugin v25.3.1 - https:\/\/yoast.com\/wordpress\/plugins\/seo\/ -->\n<title>Agregar pesta\u00f1a Pinterest a la p\u00e1gina comercial de Facebook (2025)<\/title>\n<meta name=\"description\" content=\"Aqu\u00ed tienes la oportunidad de crear una pesta\u00f1a de Pinterest y agregarla a tu p\u00e1gina comercial de Facebook. Obtenga asistencia al cliente gratuita y otras ventajas de Elfsight.\" \/>\n<meta name=\"robots\" content=\"index, follow, max-snippet:-1, max-image-preview:large, max-video-preview:-1\" \/>\n<link rel=\"canonical\" href=\"https:\/\/elfsight.com\/es\/pinterest-feed-widget\/facebook\/\" \/>\n<meta property=\"og:locale\" content=\"es_ES\" \/>\n<meta property=\"og:type\" content=\"article\" \/>\n<meta property=\"og:title\" content=\"Agregar pesta\u00f1a Pinterest a la p\u00e1gina comercial de Facebook (2025)\" \/>\n<meta property=\"og:description\" content=\"Aqu\u00ed tienes la oportunidad de crear una pesta\u00f1a de Pinterest y agregarla a tu p\u00e1gina comercial de Facebook. Obtenga asistencia al cliente gratuita y otras ventajas de Elfsight.\" \/>\n<meta property=\"og:url\" content=\"https:\/\/elfsight.com\/es\/pinterest-feed-widget\/facebook\/\" \/>\n<meta property=\"og:site_name\" content=\"Elfsight ES\" \/>\n<meta property=\"article:modified_time\" content=\"2025-02-06T15:44:34+00:00\" \/>\n<meta name=\"twitter:card\" content=\"summary_large_image\" \/>\n<meta name=\"twitter:label1\" content=\"Tiempo de lectura\" \/>\n\t<meta name=\"twitter:data1\" content=\"2 minutos\" \/>\n<!-- \/ Yoast SEO plugin. -->","yoast_head_json":{"title":"Agregar pesta\u00f1a Pinterest a la p\u00e1gina comercial de Facebook (2025)","description":"Aqu\u00ed tienes la oportunidad de crear una pesta\u00f1a de Pinterest y agregarla a tu p\u00e1gina comercial de Facebook. Obtenga asistencia al cliente gratuita y otras ventajas de Elfsight.","robots":{"index":"index","follow":"follow","max-snippet":"max-snippet:-1","max-image-preview":"max-image-preview:large","max-video-preview":"max-video-preview:-1"},"canonical":"https:\/\/elfsight.com\/es\/pinterest-feed-widget\/facebook\/","og_locale":"es_ES","og_type":"article","og_title":"Agregar pesta\u00f1a Pinterest a la p\u00e1gina comercial de Facebook (2025)","og_description":"Aqu\u00ed tienes la oportunidad de crear una pesta\u00f1a de Pinterest y agregarla a tu p\u00e1gina comercial de Facebook. Obtenga asistencia al cliente gratuita y otras ventajas de Elfsight.","og_url":"https:\/\/elfsight.com\/es\/pinterest-feed-widget\/facebook\/","og_site_name":"Elfsight ES","article_modified_time":"2025-02-06T15:44:34+00:00","twitter_card":"summary_large_image","twitter_misc":{"Tiempo de lectura":"2 minutos"},"schema":{"@context":"https:\/\/schema.org","@graph":[{"@type":"WebPage","@id":"https:\/\/elfsight.com\/es\/pinterest-feed-widget\/facebook\/","url":"https:\/\/elfsight.com\/es\/pinterest-feed-widget\/facebook\/","name":"Agregar pesta\u00f1a Pinterest a la p\u00e1gina comercial de Facebook (2025)","isPartOf":{"@id":"https:\/\/elfsight.com\/es\/#website"},"datePublished":"1970-01-01T00:00:00+00:00","dateModified":"2025-02-06T15:44:34+00:00","description":"Aqu\u00ed tienes la oportunidad de crear una pesta\u00f1a de Pinterest y agregarla a tu p\u00e1gina comercial de Facebook. Obtenga asistencia al cliente gratuita y otras ventajas de Elfsight.","breadcrumb":{"@id":"https:\/\/elfsight.com\/es\/pinterest-feed-widget\/facebook\/#breadcrumb"},"inLanguage":"es","potentialAction":[{"@type":"ReadAction","target":["https:\/\/elfsight.com\/es\/pinterest-feed-widget\/facebook\/"]}]},{"@type":"BreadcrumbList","@id":"https:\/\/elfsight.com\/es\/pinterest-feed-widget\/facebook\/#breadcrumb","itemListElement":[{"@type":"ListItem","position":1,"name":"Home","item":"https:\/\/elfsight.com\/es\/"},{"@type":"ListItem","position":2,"name":"Pinterest Feed","item":"https:\/\/elfsight.com\/es\/pinterest-feed-widget\/"},{"@type":"ListItem","position":3,"name":"Pinterest Feed &#8211; Facebook Page"}]},{"@type":"WebSite","@id":"https:\/\/elfsight.com\/es\/#website","url":"https:\/\/elfsight.com\/es\/","name":"Elfsight ES","description":"Just another Elfsight Sites site","potentialAction":[{"@type":"SearchAction","target":{"@type":"EntryPoint","urlTemplate":"https:\/\/elfsight.com\/es\/?s={search_term_string}"},"query-input":{"@type":"PropertyValueSpecification","valueRequired":true,"valueName":"search_term_string"}}],"inLanguage":"es"}]}},"meta_box":{"industry":"","seo_heading":"","heading":"","description":"","cta_heading":"","cta_description":"","application":"955","h1":"Pesta\u00f1a de Pinterest para la p\u00e1gina comercial de Facebook","h1_caption":"Inserta una fuente de pines de tu cuenta de Pinterest para mostrar contenido din\u00e1mico y visualmente atractivo en el sitio web de tu p\u00e1gina de Facebook sin esfuerzo.","application_category":[],"applications_title":"","applications_request_title":"","applications_request_button_text":"","hero_text":"","hero_video":"","hero_video_schema_markup":"","selling_points_title":"","selling_points_caption":"","selling_points":[],"selling_points_cta_text":"","features_title":"","features":"","ed_cta_examples_text":"","ed_cta_examples_hidden":"","ed_cta_demo_text":"","ed_cta_demo_hidden":"","why_caption":"","why_editor_title":"","why_editor_text":"","why_team_title":"","why_team_text":"","why_service_title":"","why_service_text":"","template_catalog_visible":"","template_catalog_title":"","template_catalog_text":"","template_catalog_categories_visible":"","demo_title":"Crea tu widget de feed de Pinterest","demo_caption":"\u00a1Configure su feed de Pinterest y agr\u00e9guelo al sitio web de su p\u00e1gina de Facebook de forma gratuita!","default_faq_hidden":"","app_template_category":[],"platform":"64","template_public_id":"","codecanyon_url":"","codecanyon_item_id":"","codecanyon_price":"","pricing_caption":"","pricing_elfsight_apps_hide_column":"","pricing_elfsight_apps_url":"","pricing_codecanyon_price_caption":"","integration_category":[],"integration_request_title":"","integration_request_cta":"","integration_platform":"","integrations":[],"platform_category":[],"video_schema_markup":"","price":"desde $0 \/ mes","trial":"","benefits":[{"text":"Ayuda de instalaci\u00f3n gratuita"},{"text":"Soporte excepcional"},{"text":"Garant\u00eda de devoluci\u00f3n de dinero de 14 d\u00edas"},{"text":"Mejoras futuras"}],"button_url":"#demo","button_target_blank":"","button_nofollow":"","attributes":[{"name":"Instalaciones","content":"10,000 - 100,000"},{"name":"Sensible","content":"S\u00ed"},{"name":"Navegadores compatibles","content":"Opera, Safari, Edge, Chrome, Firefox"}],"tags":[],"tags_disable_links":"","hide_more_platforms":"","video_object":"","demo_hide_cta":"","demo_hide_cloud_options":"","pricing_title":"","pricing":[{"pricing_icon":"platform","pricing_title":"Elfsight Apps","pricing_title_caption":"Software multiplataforma","pricing_price":"desde $0 \/ mes","pricing_price_caption":"comienza con el plan gratuito","pricing_benefits":[{"text":"Dominios ilimitados"},{"text":"Soporte profesional de la empresa"},{"text":"100% personalizable"},{"text":"Oferta especial para m\u00faltiples aplicaciones"}],"pricing_button_text":"A\u00f1adir al sitio web","pricing_button_url":"#demo"}],"related_apps_title":"","related_apps_hidden":"","author":"","image":[],"title":"","job":"","social_networks":[]},"_links":{"self":[{"href":"https:\/\/elfsight.com\/es\/wp-json\/wp\/v2\/pages\/7906","targetHints":{"allow":["GET"]}}],"collection":[{"href":"https:\/\/elfsight.com\/es\/wp-json\/wp\/v2\/pages"}],"about":[{"href":"https:\/\/elfsight.com\/es\/wp-json\/wp\/v2\/types\/page"}],"author":[{"embeddable":true,"href":"https:\/\/elfsight.com\/es\/wp-json\/wp\/v2\/users\/9"}],"replies":[{"embeddable":true,"href":"https:\/\/elfsight.com\/es\/wp-json\/wp\/v2\/comments?post=7906"}],"version-history":[{"count":2,"href":"https:\/\/elfsight.com\/es\/wp-json\/wp\/v2\/pages\/7906\/revisions"}],"predecessor-version":[{"id":18732,"href":"https:\/\/elfsight.com\/es\/wp-json\/wp\/v2\/pages\/7906\/revisions\/18732"}],"up":[{"embeddable":true,"href":"https:\/\/elfsight.com\/es\/wp-json\/wp\/v2\/pages\/956"}],"wp:attachment":[{"href":"https:\/\/elfsight.com\/es\/wp-json\/wp\/v2\/media?parent=7906"}],"curies":[{"name":"wp","href":"https:\/\/api.w.org\/{rel}","templated":true}]}}