{"id":7900,"date":"1970-01-01T00:00:00","date_gmt":"1970-01-01T00:00:00","guid":{"rendered":"https:\/\/elfsight.com\/es\/?page_id=7900"},"modified":"2025-02-06T15:44:43","modified_gmt":"2025-02-06T15:44:43","slug":"drupal","status":"publish","type":"page","link":"https:\/\/elfsight.com\/es\/pinterest-feed-widget\/drupal\/","title":{"rendered":"Pinterest Feed &#8211; Drupal"},"content":{"rendered":"<div class=\"application-platform-content-item-description application-platform-content-item\" id=\"description\" data-nav-section=\"description\"><h2>Descripci\u00f3n<\/h2><p>Elfsight Pinterest Feed permite mostrar su cuenta y cualquier pin y tablero de Pinterest en su sitio. Con la ayuda de nuestro m\u00f3dulo, no s\u00f3lo puede insertar su perfil, sino tambi\u00e9n obtener pines y tableros para mostrar selecciones de im\u00e1genes para su sitio web. Revele los logros de su negocio, inspire a sus usuarios a explorar nuevas tendencias o simplemente agregue contenido visual a su sitio web. Un m\u00f3dulo personalizable te ayudar\u00e1 a ampliar la cobertura de tus materiales visuales, aumentar la participaci\u00f3n y atraer m\u00e1s suscriptores en Pinterest.<\/p><p><b>Acompa\u00f1a el contenido de tu sitio web con im\u00e1genes de Pinterest, de forma inmediata y sin esfuerzo.<\/b><\/p><ul><li><b>Obt\u00e9n m\u00e1s ventas mostrando tus productos y servicios<\/b><br> Crea tus propias galer\u00edas de fotos \u00fanicas con tus trabajos o \u00faltimas tendencias y art\u00edculos imprescindibles para que la gente descubra qu\u00e9 comprar.<\/li><li><b>Aumenta suscriptores en Pinterest<\/b><br> Gracias al bot\u00f3n Seguir que se muestra en el feed, m\u00e1s personas tendr\u00e1n la oportunidad de convertirse en sus seguidores.<\/li><li><b>Suba de nivel el n\u00famero de ventas con im\u00e1genes atractivas<\/b><br> Seleccione las im\u00e1genes m\u00e1s irresistibles de sus productos o servicios; muestre las \u00faltimas tendencias e im\u00e1genes inspiradoras para que las personas est\u00e9n ansiosas por comprar.<\/li><\/ul><\/div><div class=\"application-platform-content-item-features application-platform-content-item\" id=\"features\" data-nav-section=\"features\"><h2>Caracter\u00edsticas<\/h2><p>5 caracter\u00edsticas que hacen de nuestro widget una opci\u00f3n ideal para cualquier sitio Drupal:<\/p><ul><li>T\u00edtulo del widget editable;<\/li><li>El colorizador inteligente elegir\u00e1 autom\u00e1ticamente los colores m\u00e1s adecuados del interfaz.<\/li><li>Muestra u oculta el encabezado;<\/li><li>Haz clic en la imagen para abrirla en Pinterest;<\/li><\/ul><p><a href=\"#demo\">\u00a1Eval\u00faa todo el conjunto de ventajas en el editor!<\/a><\/p><\/div><div class=\"application-platform-content-item-installation application-platform-content-item\" id=\"installation\" data-nav-section=\"installation\"><h2>C\u00f3mo agregar Pinterest Feed al sitio web de Drupal<\/h2><div class=\"video-container\"><iframe width=\"720\" height=\"405\" src=\"https:\/\/www.youtube.com\/embed\/fVkzo1E-SwU\" frameborder=\"0\"><\/iframe><\/div><p>Simplemente siga las pautas a continuaci\u00f3n para integrar el m\u00f3dulo en Drupal.<\/p> <ol><li><b>Abra nuestro editor gratuito y comience a formar su instrumento \u00fanico. <\/b><br> Encuentre el aspecto y las especificaciones deseables de la herramienta y aplique las correcciones. <\/li> <li><b>Copia el c\u00f3digo \u00fanico expuesto en la ventana de Elfsight Apps. <\/b><br> Una vez completada la configuraci\u00f3n de su m\u00f3dulo, copie el c\u00f3digo exclusivo en la ventana que aparece y gu\u00e1rdelo para su uso posterior. <\/li> <li><b>Ingrese al uso del m\u00f3dulo Pinterest Feed en el sitio web de Drupal. <\/b><br> A\u00f1ade el c\u00f3digo guardado anteriormente en tu sitio y aplica las correcciones. <\/li> <li><b>\u00a1Ya terminaste! La integraci\u00f3n est\u00e1 plenamente lograda. <\/b><br>Visite su sitio para observar el rendimiento del m\u00f3dulo. <\/li><\/ol><p>\u00bfTiene alg\u00fan problema al mostrar o dar forma al m\u00f3dulo? Env\u00ede una consulta a nuestro Centro de soporte.<\/p><\/div><div class=\"faq\" data-component=\"FAQ\"><div class=\"faq-item\">\r\n\t\t\t\t\t<div class=\"faq-item-question\">\r\n\t\t\t\t\t\t<h3 class=\"faq-item-question-text\">\u00bfC\u00f3mo incrustar Pinterest Feed en mi p\u00e1gina de inicio de Drupal sin conocimientos de codificaci\u00f3n?<\/h3>\r\n\r\n\t\t\t\t\t\t<div class=\"faq-item-question-icon\"><\/div>\r\n\t\t\t\t\t<\/div>\r\n\r\n\t\t\t\t\t<div class=\"faq-item-answer\">\r\n\t\t\t\t\t\t<div class=\"faq-item-answer-text\"><p>La empresa Elfsight ofrece una soluci\u00f3n en la nube que permite a las personas crear una secci\u00f3n de Pinterest Feed usted mismo. Observe lo simple que es el proceso: <\/p><ul><li>Comience a trabajar en el editor en vivo para establecer un Widget de Pinterest Feed que le gustar\u00eda integrar en su Drupal.<\/li><li>Elija una de las plantillas predise\u00f1adas y ajuste la configuraci\u00f3n de Pinterest Feed, incluya su contenido, modifique el dise\u00f1o y la combinaci\u00f3n de colores sin conocimientos de codificaci\u00f3n.<\/li><li>Guarde las configuraciones que ha realizado en Pinterest Feed y obtenga su c\u00f3digo para incrustarlo, que se puede incrustar f\u00e1cilmente en el sitio web de Drupal sin comprar una versi\u00f3n paga. <\/li><\/ul><p>Con nuestro editor f\u00e1cil de usar, cada usuario web puede crear Pinterest Feed en l\u00ednea y agregarlo sin esfuerzo a su sitio web Drupal. No debe pagar ni revelar las credenciales de su tarjeta para acceder al servicio de Elfsight. Si tiene alg\u00fan problema en alg\u00fan paso, contin\u00fae y hable con nuestro servicio t\u00e9cnico de atenci\u00f3n al cliente.<\/p><\/div>\r\n\t\t\t\t\t<\/div>\r\n\t\t\t\t<\/div><\/div>","protected":false},"excerpt":{"rendered":"","protected":false},"author":9,"featured_media":0,"parent":956,"menu_order":0,"comment_status":"closed","ping_status":"closed","template":"templates\/template-application-platform.php","meta":{"publish_to_discourse":"","publish_post_category":"","wpdc_auto_publish_overridden":"","wpdc_topic_tags":"","wpdc_pin_topic":"","wpdc_pin_until":"","discourse_post_id":"","discourse_permalink":"","wpdc_publishing_response":"","wpdc_publishing_error":"","footnotes":""},"class_list":["post-7900","page","type-page","status-publish","hentry"],"yoast_head":"<!-- This site is optimized with the Yoast SEO plugin v25.3.1 - https:\/\/yoast.com\/wordpress\/plugins\/seo\/ -->\n<title>Feed de Pinterest: agregue el m\u00f3dulo de Pinterest al sitio web de Drupal<\/title>\n<meta name=\"description\" content=\"\u00a1Consulta el mejor m\u00f3dulo de Pinterest Feed para el sitio Drupal ahora mismo! Cree un widget de Pinterest individual con Elfsight en solo 3 minutos.\" \/>\n<meta name=\"robots\" content=\"index, follow, max-snippet:-1, max-image-preview:large, max-video-preview:-1\" \/>\n<link rel=\"canonical\" href=\"https:\/\/elfsight.com\/es\/pinterest-feed-widget\/drupal\/\" \/>\n<meta property=\"og:locale\" content=\"es_ES\" \/>\n<meta property=\"og:type\" content=\"article\" \/>\n<meta property=\"og:title\" content=\"Feed de Pinterest: agregue el m\u00f3dulo de Pinterest al sitio web de Drupal\" \/>\n<meta property=\"og:description\" content=\"\u00a1Consulta el mejor m\u00f3dulo de Pinterest Feed para el sitio Drupal ahora mismo! Cree un widget de Pinterest individual con Elfsight en solo 3 minutos.\" \/>\n<meta property=\"og:url\" content=\"https:\/\/elfsight.com\/es\/pinterest-feed-widget\/drupal\/\" \/>\n<meta property=\"og:site_name\" content=\"Elfsight ES\" \/>\n<meta property=\"article:modified_time\" content=\"2025-02-06T15:44:43+00:00\" \/>\n<meta name=\"twitter:card\" content=\"summary_large_image\" \/>\n<meta name=\"twitter:label1\" content=\"Tiempo de lectura\" \/>\n\t<meta name=\"twitter:data1\" content=\"3 minutos\" \/>\n<!-- \/ Yoast SEO plugin. -->","yoast_head_json":{"title":"Feed de Pinterest: agregue el m\u00f3dulo de Pinterest al sitio web de Drupal","description":"\u00a1Consulta el mejor m\u00f3dulo de Pinterest Feed para el sitio Drupal ahora mismo! Cree un widget de Pinterest individual con Elfsight en solo 3 minutos.","robots":{"index":"index","follow":"follow","max-snippet":"max-snippet:-1","max-image-preview":"max-image-preview:large","max-video-preview":"max-video-preview:-1"},"canonical":"https:\/\/elfsight.com\/es\/pinterest-feed-widget\/drupal\/","og_locale":"es_ES","og_type":"article","og_title":"Feed de Pinterest: agregue el m\u00f3dulo de Pinterest al sitio web de Drupal","og_description":"\u00a1Consulta el mejor m\u00f3dulo de Pinterest Feed para el sitio Drupal ahora mismo! Cree un widget de Pinterest individual con Elfsight en solo 3 minutos.","og_url":"https:\/\/elfsight.com\/es\/pinterest-feed-widget\/drupal\/","og_site_name":"Elfsight ES","article_modified_time":"2025-02-06T15:44:43+00:00","twitter_card":"summary_large_image","twitter_misc":{"Tiempo de lectura":"3 minutos"},"schema":{"@context":"https:\/\/schema.org","@graph":[{"@type":"WebPage","@id":"https:\/\/elfsight.com\/es\/pinterest-feed-widget\/drupal\/","url":"https:\/\/elfsight.com\/es\/pinterest-feed-widget\/drupal\/","name":"Feed de Pinterest: agregue el m\u00f3dulo de Pinterest al sitio web de Drupal","isPartOf":{"@id":"https:\/\/elfsight.com\/es\/#website"},"datePublished":"1970-01-01T00:00:00+00:00","dateModified":"2025-02-06T15:44:43+00:00","description":"\u00a1Consulta el mejor m\u00f3dulo de Pinterest Feed para el sitio Drupal ahora mismo! Cree un widget de Pinterest individual con Elfsight en solo 3 minutos.","breadcrumb":{"@id":"https:\/\/elfsight.com\/es\/pinterest-feed-widget\/drupal\/#breadcrumb"},"inLanguage":"es","potentialAction":[{"@type":"ReadAction","target":["https:\/\/elfsight.com\/es\/pinterest-feed-widget\/drupal\/"]}]},{"@type":"BreadcrumbList","@id":"https:\/\/elfsight.com\/es\/pinterest-feed-widget\/drupal\/#breadcrumb","itemListElement":[{"@type":"ListItem","position":1,"name":"Home","item":"https:\/\/elfsight.com\/es\/"},{"@type":"ListItem","position":2,"name":"Pinterest Feed","item":"https:\/\/elfsight.com\/es\/pinterest-feed-widget\/"},{"@type":"ListItem","position":3,"name":"Pinterest Feed &#8211; Drupal"}]},{"@type":"WebSite","@id":"https:\/\/elfsight.com\/es\/#website","url":"https:\/\/elfsight.com\/es\/","name":"Elfsight ES","description":"Just another Elfsight Sites site","potentialAction":[{"@type":"SearchAction","target":{"@type":"EntryPoint","urlTemplate":"https:\/\/elfsight.com\/es\/?s={search_term_string}"},"query-input":{"@type":"PropertyValueSpecification","valueRequired":true,"valueName":"search_term_string"}}],"inLanguage":"es"}]}},"meta_box":{"industry":"","seo_heading":"","heading":"","description":"","cta_heading":"","cta_description":"","application":"955","h1":"M\u00f3dulo de alimentaci\u00f3n de Pinterest de Drupal","h1_caption":"Inserte una fuente de pines de su cuenta de Pinterest para mostrar contenido din\u00e1mico y visualmente atractivo en su sitio web Drupal sin esfuerzo.","application_category":[],"applications_title":"","applications_request_title":"","applications_request_button_text":"","hero_text":"","hero_video":"","hero_video_schema_markup":"","selling_points_title":"","selling_points_caption":"","selling_points":[],"selling_points_cta_text":"","features_title":"","features":"","ed_cta_examples_text":"","ed_cta_examples_hidden":"","ed_cta_demo_text":"","ed_cta_demo_hidden":"","why_caption":"","why_editor_title":"","why_editor_text":"","why_team_title":"","why_team_text":"","why_service_title":"","why_service_text":"","template_catalog_visible":"","template_catalog_title":"","template_catalog_text":"","template_catalog_categories_visible":"","demo_title":"Crea tu m\u00f3dulo Feed de Pinterest","demo_caption":"\u00a1Configura tu Feed de Pinterest y agr\u00e9galo a tu sitio web Drupal gratis!","default_faq_hidden":"","app_template_category":[],"platform":"2161","template_public_id":"","codecanyon_url":"","codecanyon_item_id":"","codecanyon_price":"","pricing_caption":"","pricing_elfsight_apps_hide_column":"","pricing_elfsight_apps_url":"","pricing_codecanyon_price_caption":"","integration_category":[],"integration_request_title":"","integration_request_cta":"","integration_platform":"","integrations":[],"platform_category":[],"video_schema_markup":"","price":"desde $0 \/ mes","trial":"","benefits":[{"text":"Servicio de instalaci\u00f3n gratuito"},{"text":"Servicio al cliente profesional"},{"text":"Garant\u00eda de devoluci\u00f3n de dinero de 14 d\u00edas"},{"text":"Mejoras peri\u00f3dicas"}],"button_url":"#demo","button_target_blank":"","button_nofollow":"","attributes":[{"name":"Instalaciones","content":"10,000 - 100,000"},{"name":"Sensible","content":"S\u00ed"},{"name":"Navegadores compatibles","content":"Firefox, Safari, Opera, Chrome, Edge"}],"tags":[],"tags_disable_links":"","hide_more_platforms":"","video_object":"","demo_hide_cta":"","demo_hide_cloud_options":"","pricing_title":"","pricing":[{"pricing_icon":"platform","pricing_title":"Elfsight Apps","pricing_title_caption":"Software independiente de la plataforma que funciona en cualquier sitio web","pricing_price":"desde $0 \/ mes","pricing_price_caption":"comienza con el plan gratuito","pricing_benefits":[{"text":"Sitios web ilimitados"},{"text":"Atenci\u00f3n al cliente dedicada"},{"text":"Asistencia de instalaci\u00f3n gratuita"},{"text":"Oferta por tiempo limitado para m\u00faltiples aplicaciones"}],"pricing_button_text":"A\u00f1adir al sitio web","pricing_button_url":"#demo"}],"related_apps_title":"","related_apps_hidden":"","author":"","image":[],"title":"","job":"","social_networks":[]},"_links":{"self":[{"href":"https:\/\/elfsight.com\/es\/wp-json\/wp\/v2\/pages\/7900","targetHints":{"allow":["GET"]}}],"collection":[{"href":"https:\/\/elfsight.com\/es\/wp-json\/wp\/v2\/pages"}],"about":[{"href":"https:\/\/elfsight.com\/es\/wp-json\/wp\/v2\/types\/page"}],"author":[{"embeddable":true,"href":"https:\/\/elfsight.com\/es\/wp-json\/wp\/v2\/users\/9"}],"replies":[{"embeddable":true,"href":"https:\/\/elfsight.com\/es\/wp-json\/wp\/v2\/comments?post=7900"}],"version-history":[{"count":2,"href":"https:\/\/elfsight.com\/es\/wp-json\/wp\/v2\/pages\/7900\/revisions"}],"predecessor-version":[{"id":18734,"href":"https:\/\/elfsight.com\/es\/wp-json\/wp\/v2\/pages\/7900\/revisions\/18734"}],"up":[{"embeddable":true,"href":"https:\/\/elfsight.com\/es\/wp-json\/wp\/v2\/pages\/956"}],"wp:attachment":[{"href":"https:\/\/elfsight.com\/es\/wp-json\/wp\/v2\/media?parent=7900"}],"curies":[{"name":"wp","href":"https:\/\/api.w.org\/{rel}","templated":true}]}}