{"id":7899,"date":"1970-01-01T00:00:00","date_gmt":"1970-01-01T00:00:00","guid":{"rendered":"https:\/\/elfsight.com\/es\/?page_id=7899"},"modified":"2025-02-06T15:44:43","modified_gmt":"2025-02-06T15:44:43","slug":"blogger","status":"publish","type":"page","link":"https:\/\/elfsight.com\/es\/pinterest-feed-widget\/blogger\/","title":{"rendered":"Pinterest Feed &#8211; Blogger"},"content":{"rendered":"<div class=\"application-platform-content-item-description application-platform-content-item\" id=\"description\" data-nav-section=\"description\"><h2>Descripci\u00f3n<\/h2><p>Con la ayuda del widget de Pinterest de Elfsight, puedes agregar a tu sitio web magn\u00edficas im\u00e1genes de Pinterest. El widget de Elfsight ayuda a mostrar los pines, tableros y su cuenta completa seleccionados en su sitio web. Atraiga a sus clientes con la ayuda de im\u00e1genes y tableros tem\u00e1ticos cuidadosamente seleccionados y dise\u00f1e sus propias colecciones \u00fanicas. Logre una mejor cobertura de sus fotograf\u00edas, fortalezca la participaci\u00f3n en su sitio y atraiga m\u00e1s seguidores para su perfil de Pinterest.<\/p><p><b>\u00a1Muestre sus productos, servicios y proyectos en el sitio con pines y tableros!<\/b><\/p><ul><li><b>Suba el nivel de participaci\u00f3n de los usuarios en su sitio web<\/b><br>Las fotograf\u00edas cuidadosamente seleccionadas en su sitio web obtendr\u00e1n la m\u00e1xima atenci\u00f3n de los usuarios y mantendr\u00e1n a los futuros clientes interesados.<\/li><li><b>Logre una mejor difusi\u00f3n social de su Pinterest. perfil<\/b><br>Otorga la oportunidad a las personas que no est\u00e1n en Pinterest de admirar tu contenido cuidadosamente seleccionado y mostrarlo en el sitio web.<\/li><li><b> Aporta contenido m\u00e1s atractivo a tu sitio<\/b><br>Gracias a los pines y tableros de Pinterest que tienes a tu disposici\u00f3n, eres libre de elegir las mejores im\u00e1genes para tu sitio web para atraer a tu gente.<\/li><\/ul><\/div><div class=\"application-platform-content-item-features application-platform-content-item\" id=\"features\" data-nav-section=\"features\"><h2>Caracter\u00edsticas<\/h2><p>Varias ventajas que convierten nuestro gadget de Pinterest en una soluci\u00f3n inigualable para el sitio web de Blogger:<\/p><ul><li>Mostrar el t\u00edtulo de la cuenta, los seguidores y el recuento de seguidores.<\/li><li>Elegir el color del tema principal;<\/li><li>Elementos de pines intercambiables: Autor, Texto, bot\u00f3n Compartir, Icono de Pinterest.<\/li><li>Mostrar u ocultar tableros y pines. counts;<\/li><\/ul><p><a href=\"#demo\">Comprueba todas las funciones<\/a><\/p><\/div><div class=\"application-platform-content-item-installation application-platform-content-item\" id=\"installation\" data-nav-section=\"installation\"><h2>C\u00f3mo agregar un widget de Pinterest al sitio web de Blogger<\/h2><div class=\"video-container\"><iframe width=\"720\" height=\"405\" src=\"https:\/\/www.youtube.com\/embed\/JYeG5sgqmGg\" frameborder=\"0\"><\/iframe><\/div><p>Una peque\u00f1a instrucci\u00f3n sobre c\u00f3mo generar el widget sin conocimientos de desarrollo web ni contrataci\u00f3n de un programador temporal. Solo necesita unos minutos para implementar la gu\u00eda.<\/p><ol><li><b>Construya su feed de Pinterest personalizado<\/b><br> Con nuestra demostraci\u00f3n gratuita, genere un widget con la apariencia y las capacidades adecuadas para su caso de uso.<\/li><li><b>Reciba un c\u00f3digo para integrar el widget<\/b><br> Despu\u00e9s del ajuste fino del widget, copie un c\u00f3digo para el widget de Pinterest de la notificaci\u00f3n que aparece en Elfsight Apps.<\/li><li><b>Coloque el widget en Blogger sitio<\/b><br> Agregue el widget al elemento deseado de la p\u00e1gina y guarde los resultados.<\/li><li><b>\u00a1La incrustaci\u00f3n fue exitosa!<\/b><br> Visite su sitio web para ver su trabajo.<\/li><\/ol><p>\u00bfTiene problemas al usar las instrucciones? Dir\u00edjase al servicio de soporte de Elfsight.<\/p><\/div><div class=\"faq\" data-component=\"FAQ\"><div class=\"faq-item\">\r\n\t\t\t\t\t<div class=\"faq-item-question\">\r\n\t\t\t\t\t\t<h3 class=\"faq-item-question-text\">\u00bfExiste alg\u00fan m\u00e9todo para agregar Pinterest Feed a mi sitio web de Blogger sin conocimientos de codificaci\u00f3n?<\/h3>\r\n\r\n\t\t\t\t\t\t<div class=\"faq-item-question-icon\"><\/div>\r\n\t\t\t\t\t<\/div>\r\n\r\n\t\t\t\t\t<div class=\"faq-item-answer\">\r\n\t\t\t\t\t\t<div class=\"faq-item-answer-text\"><p>La empresa Elfsight ofrece una soluci\u00f3n en la nube que permite a los propietarios de sitios establecer un complemento de Pinterest Feed usted mismo; consulte los sencillos pasos: <\/p><ul><li>Trabaja directamente en el editor en l\u00ednea para crear un Pinterest Feed secci\u00f3n que le gustar\u00eda insertar en el sitio de Blogger.<\/li><li>Elija una de nuestras plantillas predise\u00f1adas y modifique la configuraci\u00f3n del feed de Pinterest, cambie el dise\u00f1o y los colores, incluya su contenido sin codificaci\u00f3n.<\/li><li>Guarde el feed de Pinterest y copie el c\u00f3digo de instalaci\u00f3n, que se puede agregar f\u00e1cilmente en la p\u00e1gina de inicio de Blogger de forma gratuita. <\/li><\/ul><p>Con la ayuda del Configurador intuitivo, cualquier usuario web puede crear un complemento de Pinterest Feed en l\u00ednea e incrustarlo en su p\u00e1gina de inicio de Blogger. No es necesario obtener un plan pago ni enviar los datos de su tarjeta para ingresar al servicio Elfsight. Si tiene alg\u00fan problema en cualquier paso, no dude en hablar con nuestro personal de soporte.<\/p><\/div>\r\n\t\t\t\t\t<\/div>\r\n\t\t\t\t<\/div><\/div>","protected":false},"excerpt":{"rendered":"","protected":false},"author":9,"featured_media":0,"parent":956,"menu_order":0,"comment_status":"closed","ping_status":"closed","template":"templates\/template-application-platform.php","meta":{"publish_to_discourse":"","publish_post_category":"","wpdc_auto_publish_overridden":"","wpdc_topic_tags":"","wpdc_pin_topic":"","wpdc_pin_until":"","discourse_post_id":"","discourse_permalink":"","wpdc_publishing_response":"","wpdc_publishing_error":"","footnotes":""},"class_list":["post-7899","page","type-page","status-publish","hentry"],"yoast_head":"<!-- This site is optimized with the Yoast SEO plugin v25.3.1 - https:\/\/yoast.com\/wordpress\/plugins\/seo\/ -->\n<title>Feed de Pinterest: agregue el widget de Pinterest al sitio web de Blogger (\u00a1f\u00e1cil y gratis!)<\/title>\n<meta name=\"description\" content=\"Genera tu widget exclusivo de Pinterest Feed para Blogger en solo 1 minuto. Pruebe un editor r\u00e1pido para dise\u00f1ar widgets de Elfsight de forma totalmente gratuita.\" \/>\n<meta name=\"robots\" content=\"index, follow, max-snippet:-1, max-image-preview:large, max-video-preview:-1\" \/>\n<link rel=\"canonical\" href=\"https:\/\/elfsight.com\/es\/pinterest-feed-widget\/blogger\/\" \/>\n<meta property=\"og:locale\" content=\"es_ES\" \/>\n<meta property=\"og:type\" content=\"article\" \/>\n<meta property=\"og:title\" content=\"Feed de Pinterest: agregue el widget de Pinterest al sitio web de Blogger (\u00a1f\u00e1cil y gratis!)\" \/>\n<meta property=\"og:description\" content=\"Genera tu widget exclusivo de Pinterest Feed para Blogger en solo 1 minuto. Pruebe un editor r\u00e1pido para dise\u00f1ar widgets de Elfsight de forma totalmente gratuita.\" \/>\n<meta property=\"og:url\" content=\"https:\/\/elfsight.com\/es\/pinterest-feed-widget\/blogger\/\" \/>\n<meta property=\"og:site_name\" content=\"Elfsight ES\" \/>\n<meta property=\"article:modified_time\" content=\"2025-02-06T15:44:43+00:00\" \/>\n<meta name=\"twitter:card\" content=\"summary_large_image\" \/>\n<meta name=\"twitter:label1\" content=\"Tiempo de lectura\" \/>\n\t<meta name=\"twitter:data1\" content=\"3 minutos\" \/>\n<!-- \/ Yoast SEO plugin. -->","yoast_head_json":{"title":"Feed de Pinterest: agregue el widget de Pinterest al sitio web de Blogger (\u00a1f\u00e1cil y gratis!)","description":"Genera tu widget exclusivo de Pinterest Feed para Blogger en solo 1 minuto. Pruebe un editor r\u00e1pido para dise\u00f1ar widgets de Elfsight de forma totalmente gratuita.","robots":{"index":"index","follow":"follow","max-snippet":"max-snippet:-1","max-image-preview":"max-image-preview:large","max-video-preview":"max-video-preview:-1"},"canonical":"https:\/\/elfsight.com\/es\/pinterest-feed-widget\/blogger\/","og_locale":"es_ES","og_type":"article","og_title":"Feed de Pinterest: agregue el widget de Pinterest al sitio web de Blogger (\u00a1f\u00e1cil y gratis!)","og_description":"Genera tu widget exclusivo de Pinterest Feed para Blogger en solo 1 minuto. Pruebe un editor r\u00e1pido para dise\u00f1ar widgets de Elfsight de forma totalmente gratuita.","og_url":"https:\/\/elfsight.com\/es\/pinterest-feed-widget\/blogger\/","og_site_name":"Elfsight ES","article_modified_time":"2025-02-06T15:44:43+00:00","twitter_card":"summary_large_image","twitter_misc":{"Tiempo de lectura":"3 minutos"},"schema":{"@context":"https:\/\/schema.org","@graph":[{"@type":"WebPage","@id":"https:\/\/elfsight.com\/es\/pinterest-feed-widget\/blogger\/","url":"https:\/\/elfsight.com\/es\/pinterest-feed-widget\/blogger\/","name":"Feed de Pinterest: agregue el widget de Pinterest al sitio web de Blogger (\u00a1f\u00e1cil y gratis!)","isPartOf":{"@id":"https:\/\/elfsight.com\/es\/#website"},"datePublished":"1970-01-01T00:00:00+00:00","dateModified":"2025-02-06T15:44:43+00:00","description":"Genera tu widget exclusivo de Pinterest Feed para Blogger en solo 1 minuto. Pruebe un editor r\u00e1pido para dise\u00f1ar widgets de Elfsight de forma totalmente gratuita.","breadcrumb":{"@id":"https:\/\/elfsight.com\/es\/pinterest-feed-widget\/blogger\/#breadcrumb"},"inLanguage":"es","potentialAction":[{"@type":"ReadAction","target":["https:\/\/elfsight.com\/es\/pinterest-feed-widget\/blogger\/"]}]},{"@type":"BreadcrumbList","@id":"https:\/\/elfsight.com\/es\/pinterest-feed-widget\/blogger\/#breadcrumb","itemListElement":[{"@type":"ListItem","position":1,"name":"Home","item":"https:\/\/elfsight.com\/es\/"},{"@type":"ListItem","position":2,"name":"Pinterest Feed","item":"https:\/\/elfsight.com\/es\/pinterest-feed-widget\/"},{"@type":"ListItem","position":3,"name":"Pinterest Feed &#8211; Blogger"}]},{"@type":"WebSite","@id":"https:\/\/elfsight.com\/es\/#website","url":"https:\/\/elfsight.com\/es\/","name":"Elfsight ES","description":"Just another Elfsight Sites site","potentialAction":[{"@type":"SearchAction","target":{"@type":"EntryPoint","urlTemplate":"https:\/\/elfsight.com\/es\/?s={search_term_string}"},"query-input":{"@type":"PropertyValueSpecification","valueRequired":true,"valueName":"search_term_string"}}],"inLanguage":"es"}]}},"meta_box":{"industry":"","seo_heading":"","heading":"","description":"","cta_heading":"","cta_description":"","application":"955","h1":"Widget de alimentaci\u00f3n de Pinterest de Blogger","h1_caption":"Inserta un feed de pines desde tu cuenta de Pinterest para mostrar contenido din\u00e1mico y visualmente atractivo en tu sitio web de Blogger sin esfuerzo.","application_category":[],"applications_title":"","applications_request_title":"","applications_request_button_text":"","hero_text":"","hero_video":"","hero_video_schema_markup":"","selling_points_title":"","selling_points_caption":"","selling_points":[],"selling_points_cta_text":"","features_title":"","features":"","ed_cta_examples_text":"","ed_cta_examples_hidden":"","ed_cta_demo_text":"","ed_cta_demo_hidden":"","why_caption":"","why_editor_title":"","why_editor_text":"","why_team_title":"","why_team_text":"","why_service_title":"","why_service_text":"","template_catalog_visible":"","template_catalog_title":"","template_catalog_text":"","template_catalog_categories_visible":"","demo_title":"Crea tu widget de feed de Pinterest","demo_caption":"\u00a1Configura tu feed de Pinterest y agr\u00e9galo a tu sitio web de Blogger de forma gratuita!","default_faq_hidden":"","app_template_category":[],"platform":"39","template_public_id":"","codecanyon_url":"","codecanyon_item_id":"","codecanyon_price":"","pricing_caption":"","pricing_elfsight_apps_hide_column":"","pricing_elfsight_apps_url":"","pricing_codecanyon_price_caption":"","integration_category":[],"integration_request_title":"","integration_request_cta":"","integration_platform":"","integrations":[],"platform_category":[],"video_schema_markup":"","price":"desde $0 \/ mes","trial":"","benefits":[{"text":"Servicio de instalaci\u00f3n gratuito"},{"text":"Atenci\u00f3n al cliente experimentada"},{"text":"Garant\u00eda de reembolso de 14 d\u00edas"},{"text":"Mejoras continuas"}],"button_url":"#demo","button_target_blank":"","button_nofollow":"","attributes":[{"name":"Instalaciones","content":"10,000 - 100,000"},{"name":"Sensible","content":"S\u00ed"},{"name":"Navegadores compatibles","content":"Firefox, Safari, Opera, Chrome, Edge"}],"tags":[],"tags_disable_links":"","hide_more_platforms":"","video_object":"","demo_hide_cta":"","demo_hide_cloud_options":"","pricing_title":"","pricing":[{"pricing_icon":"platform","pricing_title":"Elfsight Apps","pricing_title_caption":"Soluci\u00f3n digital multiplataforma que se adapta a cualquier sitio.","pricing_price":"desde $0 \/ mes","pricing_price_caption":"comienza con un plan gratuito","pricing_benefits":[{"text":"Dominios ilimitados"},{"text":"Soporte 24 horas al d\u00eda, 7 d\u00edas a la semana y a tiempo"},{"text":"Servicio de instalaci\u00f3n gratuito"},{"text":"100% personalizable"}],"pricing_button_text":"A\u00f1adir al sitio web","pricing_button_url":"#demo"}],"related_apps_title":"","related_apps_hidden":"","author":"","image":[],"title":"","job":"","social_networks":[]},"_links":{"self":[{"href":"https:\/\/elfsight.com\/es\/wp-json\/wp\/v2\/pages\/7899","targetHints":{"allow":["GET"]}}],"collection":[{"href":"https:\/\/elfsight.com\/es\/wp-json\/wp\/v2\/pages"}],"about":[{"href":"https:\/\/elfsight.com\/es\/wp-json\/wp\/v2\/types\/page"}],"author":[{"embeddable":true,"href":"https:\/\/elfsight.com\/es\/wp-json\/wp\/v2\/users\/9"}],"replies":[{"embeddable":true,"href":"https:\/\/elfsight.com\/es\/wp-json\/wp\/v2\/comments?post=7899"}],"version-history":[{"count":2,"href":"https:\/\/elfsight.com\/es\/wp-json\/wp\/v2\/pages\/7899\/revisions"}],"predecessor-version":[{"id":18735,"href":"https:\/\/elfsight.com\/es\/wp-json\/wp\/v2\/pages\/7899\/revisions\/18735"}],"up":[{"embeddable":true,"href":"https:\/\/elfsight.com\/es\/wp-json\/wp\/v2\/pages\/956"}],"wp:attachment":[{"href":"https:\/\/elfsight.com\/es\/wp-json\/wp\/v2\/media?parent=7899"}],"curies":[{"name":"wp","href":"https:\/\/api.w.org\/{rel}","templated":true}]}}