{"id":7884,"date":"1970-01-01T00:00:00","date_gmt":"1970-01-01T00:00:00","guid":{"rendered":"https:\/\/elfsight.com\/es\/?page_id=7884"},"modified":"2025-02-06T15:44:51","modified_gmt":"2025-02-06T15:44:51","slug":"weebly","status":"publish","type":"page","link":"https:\/\/elfsight.com\/es\/radio-player-widget\/weebly\/","title":{"rendered":"Radio Player &#8211; Weebly"},"content":{"rendered":"<div class=\"application-platform-content-item-description application-platform-content-item\" id=\"description\" data-nav-section=\"description\"> <h2>Descripci\u00f3n<\/h2> <p>Elfsight Radio es una aplicaci\u00f3n sencilla que le brinda la oportunidad de transmitir estaciones de radio directamente en las p\u00e1ginas de su sitio. La herramienta es extremadamente personalizable: puede cambiar su ubicaci\u00f3n, configurarla en cualquier lugar de la p\u00e1gina, alterar su tama\u00f1o, cambiar el color del fondo y otros elementos para mezclarlo con el estilo de su sitio web, aplicar un tema oscuro, revelar portadas y demostrar u ocultar tres componentes adicionales del reproductor como t\u00edtulo, estado y otros. Agrega tantas estaciones como quieras para deleitar a tus usuarios, activa la reproducci\u00f3n autom\u00e1tica y no tengas dudas: \u00a1tus usuarios no abandonar\u00e1n tu sitio web r\u00e1pidamente! <\/p> <p><b>Equipe a su audiencia con una nueva fuente de contenido \u00fatil y atractivo aplicando el widget Elfsight Radio Player<\/b><\/p> <\/div> <div class=\"application-platform-content-item-features application-platform-content-item\" id=\"features\" data-nav-section=\"features\"> <h2>Aqu\u00ed est\u00e1 la lista de las caracter\u00edsticas m\u00e1s valiosas: <\/h2> <ul><li>Alteraciones de color ilimitadas. <\/li><li>Tema de color oscuro\/claro. <\/li><li>2 dise\u00f1os listos para usar. <\/li><li>Una oportunidad para utilizar una imagen de fondo. <\/li><li>Agregar un n\u00famero infinito de estaciones<\/li><\/ul><p><a href=\"#demo\">Puedes sentir c\u00f3mo funciona la aplicaci\u00f3n probando la demostraci\u00f3n<\/a><\/p> <\/div> <div class=\"application-platform-content-item-installation application-platform-content-item\" id=\"installation\" data-nav-section=\"installation\"> <h2>\u00bfC\u00f3mo agregar Radio Player a mi sitio web Weebly? <\/h2><div class=\"video-container\"><iframe width=\"720\" height=\"405\" src=\"https:\/\/www.youtube.com\/embed\/cxyrYbFUOgQ\" frameborder=\"0\"><\/iframe><\/div><p>Simplemente siga las pautas a continuaci\u00f3n para insertar la aplicaci\u00f3n. <\/p> <ol><li><b>Utilice nuestra demostraci\u00f3n gratuita y comience a darle forma a su aplicaci\u00f3n personalizada. <\/b><br> Determine la interfaz personalizada y los rasgos funcionales de la aplicaci\u00f3n y guarde todas las ediciones. <\/li> <li><b>Adquiera el c\u00f3digo individual que se muestra en el formulario especial en Elfsight Apps. <\/b><br> Cuando finalice la creaci\u00f3n de su aplicaci\u00f3n personal, copie su c\u00f3digo en la ventana que aparece y gu\u00e1rdelo para usarlo en el futuro. <\/li> <li><b>Inicie el uso de la aplicaci\u00f3n en su sitio web Weebly. <\/b><br> A\u00f1ade el c\u00f3digo copiado recientemente en tu p\u00e1gina y aplica las correcciones. <\/li> <li><b>La configuraci\u00f3n se ha realizado por completo. <\/b><br>Abre tu p\u00e1gina web para ver el funcionamiento de la aplicaci\u00f3n. <\/li><\/ol><p>Si tiene que afrontar consultas o enfrentarse a obst\u00e1culos, no dude en ponerse en contacto con nuestro equipo de atenci\u00f3n al cliente. Nuestros especialistas est\u00e1n deseando ayudarle con todos los problemas que pueda tener con el widget. <\/p> <\/div>","protected":false},"excerpt":{"rendered":"","protected":false},"author":9,"featured_media":0,"parent":975,"menu_order":0,"comment_status":"closed","ping_status":"closed","template":"templates\/template-application-platform.php","meta":{"publish_to_discourse":"","publish_post_category":"","wpdc_auto_publish_overridden":"","wpdc_topic_tags":"","wpdc_pin_topic":"","wpdc_pin_until":"","discourse_post_id":"","discourse_permalink":"","wpdc_publishing_response":"","wpdc_publishing_error":"","footnotes":""},"class_list":["post-7884","page","type-page","status-publish","hentry"],"yoast_head":"<!-- This site is optimized with the Yoast SEO plugin v25.3.1 - https:\/\/yoast.com\/wordpress\/plugins\/seo\/ -->\n<title>Elfsight Radio Player para sitios web Weebly (r\u00e1pido y gratuito)<\/title>\n<meta name=\"description\" content=\"Introduzca una aplicaci\u00f3n de reproductor de radio receptiva en su sitio. \u00a1Aplique nuestra pr\u00e1ctica demostraci\u00f3n y cree su herramienta con solo unos pocos clics!\" \/>\n<meta name=\"robots\" content=\"index, follow, max-snippet:-1, max-image-preview:large, max-video-preview:-1\" \/>\n<link rel=\"canonical\" href=\"https:\/\/elfsight.com\/es\/radio-player-widget\/weebly\/\" \/>\n<meta property=\"og:locale\" content=\"es_ES\" \/>\n<meta property=\"og:type\" content=\"article\" \/>\n<meta property=\"og:title\" content=\"Elfsight Radio Player para sitios web Weebly (r\u00e1pido y gratuito)\" \/>\n<meta property=\"og:description\" content=\"Introduzca una aplicaci\u00f3n de reproductor de radio receptiva en su sitio. \u00a1Aplique nuestra pr\u00e1ctica demostraci\u00f3n y cree su herramienta con solo unos pocos clics!\" \/>\n<meta property=\"og:url\" content=\"https:\/\/elfsight.com\/es\/radio-player-widget\/weebly\/\" \/>\n<meta property=\"og:site_name\" content=\"Elfsight ES\" \/>\n<meta property=\"article:modified_time\" content=\"2025-02-06T15:44:51+00:00\" \/>\n<meta name=\"twitter:card\" content=\"summary_large_image\" \/>\n<meta name=\"twitter:label1\" content=\"Tiempo de lectura\" \/>\n\t<meta name=\"twitter:data1\" content=\"2 minutos\" \/>\n<!-- \/ Yoast SEO plugin. -->","yoast_head_json":{"title":"Elfsight Radio Player para sitios web Weebly (r\u00e1pido y gratuito)","description":"Introduzca una aplicaci\u00f3n de reproductor de radio receptiva en su sitio. \u00a1Aplique nuestra pr\u00e1ctica demostraci\u00f3n y cree su herramienta con solo unos pocos clics!","robots":{"index":"index","follow":"follow","max-snippet":"max-snippet:-1","max-image-preview":"max-image-preview:large","max-video-preview":"max-video-preview:-1"},"canonical":"https:\/\/elfsight.com\/es\/radio-player-widget\/weebly\/","og_locale":"es_ES","og_type":"article","og_title":"Elfsight Radio Player para sitios web Weebly (r\u00e1pido y gratuito)","og_description":"Introduzca una aplicaci\u00f3n de reproductor de radio receptiva en su sitio. \u00a1Aplique nuestra pr\u00e1ctica demostraci\u00f3n y cree su herramienta con solo unos pocos clics!","og_url":"https:\/\/elfsight.com\/es\/radio-player-widget\/weebly\/","og_site_name":"Elfsight ES","article_modified_time":"2025-02-06T15:44:51+00:00","twitter_card":"summary_large_image","twitter_misc":{"Tiempo de lectura":"2 minutos"},"schema":{"@context":"https:\/\/schema.org","@graph":[{"@type":"WebPage","@id":"https:\/\/elfsight.com\/es\/radio-player-widget\/weebly\/","url":"https:\/\/elfsight.com\/es\/radio-player-widget\/weebly\/","name":"Elfsight Radio Player para sitios web Weebly (r\u00e1pido y gratuito)","isPartOf":{"@id":"https:\/\/elfsight.com\/es\/#website"},"datePublished":"1970-01-01T00:00:00+00:00","dateModified":"2025-02-06T15:44:51+00:00","description":"Introduzca una aplicaci\u00f3n de reproductor de radio receptiva en su sitio. \u00a1Aplique nuestra pr\u00e1ctica demostraci\u00f3n y cree su herramienta con solo unos pocos clics!","breadcrumb":{"@id":"https:\/\/elfsight.com\/es\/radio-player-widget\/weebly\/#breadcrumb"},"inLanguage":"es","potentialAction":[{"@type":"ReadAction","target":["https:\/\/elfsight.com\/es\/radio-player-widget\/weebly\/"]}]},{"@type":"BreadcrumbList","@id":"https:\/\/elfsight.com\/es\/radio-player-widget\/weebly\/#breadcrumb","itemListElement":[{"@type":"ListItem","position":1,"name":"Home","item":"https:\/\/elfsight.com\/es\/"},{"@type":"ListItem","position":2,"name":"Radio Player","item":"https:\/\/elfsight.com\/es\/radio-player-widget\/"},{"@type":"ListItem","position":3,"name":"Radio Player &#8211; Weebly"}]},{"@type":"WebSite","@id":"https:\/\/elfsight.com\/es\/#website","url":"https:\/\/elfsight.com\/es\/","name":"Elfsight ES","description":"Just another Elfsight Sites site","potentialAction":[{"@type":"SearchAction","target":{"@type":"EntryPoint","urlTemplate":"https:\/\/elfsight.com\/es\/?s={search_term_string}"},"query-input":{"@type":"PropertyValueSpecification","valueRequired":true,"valueName":"search_term_string"}}],"inLanguage":"es"}]}},"meta_box":{"industry":"","seo_heading":"","heading":"","description":"","cta_heading":"","cta_description":"","application":"974","h1":"Aplicaci\u00f3n Weebly Radio Player","h1_caption":"Varie sus variantes de contenido y destaque entre sus competidores","application_category":[],"applications_title":"","applications_request_title":"","applications_request_button_text":"","hero_text":"","hero_video":"","hero_video_schema_markup":"","selling_points_title":"","selling_points_caption":"","selling_points":[],"selling_points_cta_text":"","features_title":"","features":"","ed_cta_examples_text":"","ed_cta_examples_hidden":"","ed_cta_demo_text":"","ed_cta_demo_hidden":"","why_caption":"","why_editor_title":"","why_editor_text":"","why_team_title":"","why_team_text":"","why_service_title":"","why_service_text":"","template_catalog_visible":"","template_catalog_title":"","template_catalog_text":"","template_catalog_categories_visible":"","demo_title":"Crea tu aplicaci\u00f3n Reproductor de Radio","demo_caption":"\u00a1Configura tu reproductor de radio y agr\u00e9galo a tu sitio web Weebly gratis!","default_faq_hidden":"","app_template_category":[],"platform":"109","template_public_id":"","codecanyon_url":"","codecanyon_item_id":"","codecanyon_price":"","pricing_caption":"","pricing_elfsight_apps_hide_column":"","pricing_elfsight_apps_url":"","pricing_codecanyon_price_caption":"","integration_category":[],"integration_request_title":"","integration_request_cta":"","integration_platform":"","integrations":[],"platform_category":[],"video_schema_markup":"","price":"desde $0 \/ mes","trial":"","benefits":[{"text":"Asistencia de instalaci\u00f3n gratuita"},{"text":"Servicio al cliente competente"},{"text":"Garant\u00eda de reembolso de 14 d\u00edas"},{"text":"Actualizaciones gratuitas continuas"}],"button_url":"#demo","button_target_blank":"","button_nofollow":"","attributes":[{"name":"Instalaciones","content":"10,000 - 100,000"},{"name":"Sensible","content":"S\u00ed"},{"name":"Navegadores compatibles","content":"Firefox, Safari, Opera, Chrome, Edge"}],"tags":[],"tags_disable_links":"","hide_more_platforms":"","video_object":"","demo_hide_cta":"","demo_hide_cloud_options":"","pricing_title":"","pricing":[{"pricing_icon":"platform","pricing_title":"Elfsight Apps","pricing_title_caption":"Soluci\u00f3n digital multiplataforma que funciona en cualquier sitio","pricing_price":"desde $0 \/ mes","pricing_price_caption":"comienza con un plan gratuito","pricing_benefits":[{"text":"Dominios ilimitados"},{"text":"Atenci\u00f3n al cliente dedicada"},{"text":"Ayuda de instalaci\u00f3n gratuita"},{"text":"Totalmente personalizable"}],"pricing_button_text":"A\u00f1adir al sitio web","pricing_button_url":"#demo"}],"related_apps_title":"","related_apps_hidden":"","author":"","image":[],"title":"","job":"","social_networks":[]},"_links":{"self":[{"href":"https:\/\/elfsight.com\/es\/wp-json\/wp\/v2\/pages\/7884","targetHints":{"allow":["GET"]}}],"collection":[{"href":"https:\/\/elfsight.com\/es\/wp-json\/wp\/v2\/pages"}],"about":[{"href":"https:\/\/elfsight.com\/es\/wp-json\/wp\/v2\/types\/page"}],"author":[{"embeddable":true,"href":"https:\/\/elfsight.com\/es\/wp-json\/wp\/v2\/users\/9"}],"replies":[{"embeddable":true,"href":"https:\/\/elfsight.com\/es\/wp-json\/wp\/v2\/comments?post=7884"}],"version-history":[{"count":2,"href":"https:\/\/elfsight.com\/es\/wp-json\/wp\/v2\/pages\/7884\/revisions"}],"predecessor-version":[{"id":18741,"href":"https:\/\/elfsight.com\/es\/wp-json\/wp\/v2\/pages\/7884\/revisions\/18741"}],"up":[{"embeddable":true,"href":"https:\/\/elfsight.com\/es\/wp-json\/wp\/v2\/pages\/975"}],"wp:attachment":[{"href":"https:\/\/elfsight.com\/es\/wp-json\/wp\/v2\/media?parent=7884"}],"curies":[{"name":"wp","href":"https:\/\/api.w.org\/{rel}","templated":true}]}}