{"id":7883,"date":"1970-01-01T00:00:00","date_gmt":"1970-01-01T00:00:00","guid":{"rendered":"https:\/\/elfsight.com\/es\/?page_id=7883"},"modified":"2025-02-06T15:45:01","modified_gmt":"2025-02-06T15:45:01","slug":"webnode","status":"publish","type":"page","link":"https:\/\/elfsight.com\/es\/radio-player-widget\/webnode\/","title":{"rendered":"Radio Player &#8211; Webnode"},"content":{"rendered":"<div class=\"application-platform-content-item-description application-platform-content-item\" id=\"description\" data-nav-section=\"description\"> <h2>Descripci\u00f3n<\/h2> <p>Elfsight Radio widget es un widget sencillo que le permite reproducir estaciones de radio en las p\u00e1ginas de su sitio web. El widget es sumamente modificable: puede cambiar su ubicaci\u00f3n, insertarlo en cualquier lugar de la p\u00e1gina, alterar su tama\u00f1o, cambiar el color del fondo y todas las dem\u00e1s partes para combinarlo con el estilo de su sitio, emplear una combinaci\u00f3n de colores oscuros, mostrar im\u00e1genes y mostrar u ocultar tres partes adicionales del reproductor como encabezado, estado y otras. Agrega tantas estaciones como desees para entretener a tus usuarios, activa la reproducci\u00f3n autom\u00e1tica y no lo dudes: \u00a1tu audiencia no abandonar\u00e1 tu sitio web r\u00e1pidamente! <\/p> <p><b>Presente a sus usuarios una nueva fuente de contenido \u00fatil y atractivo a trav\u00e9s de Elfsight Radio Player<\/b><\/p> <\/div> <div class=\"application-platform-content-item-features application-platform-content-item\" id=\"features\" data-nav-section=\"features\"> <h2>Estas son solo algunas de las muchas caracter\u00edsticas del widget: <\/h2> <ul><li>Varias alteraciones de color. <\/li><li>Esquema de colores oscuros\/claros. <\/li><li>2 dise\u00f1os aplicables. <\/li><li>Posibilidad de a\u00f1adir imagen de fondo. <\/li><li>Una cantidad infinita de estaciones<\/li><\/ul><p><a href=\"#demo\">Simplemente mira esta demostraci\u00f3n para tener una idea completa<\/a><\/p> <\/div> <div class=\"application-platform-content-item-installation application-platform-content-item\" id=\"installation\" data-nav-section=\"installation\"> <h2>\u00bfC\u00f3mo puedo integrar Radio Player en mi sitio web Webnode? <\/h2> <p>Simplemente siga los pasos que se presentan a continuaci\u00f3n para comenzar a trabajar con el widget. <\/p> <ol><li><b>Emplee nuestro editor gratuito y comience a crear su instrumento personalizado. <\/b><br> Encuentre el dise\u00f1o y las caracter\u00edsticas adecuadas del complemento y guarde las ediciones. <\/li> <li><b>Reciba su c\u00f3digo individual revelado en el formulario especial en Elfsight Apps. <\/b><br> Una vez finalizada la configuraci\u00f3n de su complemento, copie el c\u00f3digo exclusivo de la ventana emergente que aparece y gu\u00e1rdelo para futuras necesidades. <\/li> <li><b>Iniciar la utilizaci\u00f3n del widget en el sitio web de Webnode. <\/b><br>Coloca el c\u00f3digo que has copiado antes en tu sitio web y guarda los ajustes. <\/li> <li><b>La configuraci\u00f3n se realiz\u00f3 por completo. <\/b><br>Vaya a su sitio web para observar el rendimiento del widget. <\/li><\/ol> <p>En caso de que tenga alguna dificultad, no dude en escribir a nuestro equipo de soporte. Nuestros consultores est\u00e1n ansiosos por resolver todas las preguntas que pueda tener con el complemento. <\/p> <\/div>","protected":false},"excerpt":{"rendered":"","protected":false},"author":9,"featured_media":0,"parent":975,"menu_order":0,"comment_status":"closed","ping_status":"closed","template":"templates\/template-application-platform.php","meta":{"publish_to_discourse":"","publish_post_category":"","wpdc_auto_publish_overridden":"","wpdc_topic_tags":"","wpdc_pin_topic":"","wpdc_pin_until":"","discourse_post_id":"","discourse_permalink":"","wpdc_publishing_response":"","wpdc_publishing_error":"","footnotes":""},"class_list":["post-7883","page","type-page","status-publish","hentry"],"yoast_head":"<!-- This site is optimized with the Yoast SEO plugin v25.3.1 - https:\/\/yoast.com\/wordpress\/plugins\/seo\/ -->\n<title>Elfsight Radio Player para sitios web de Webnode (f\u00e1cil de insertar y gratuito)<\/title>\n<meta name=\"description\" content=\"Implemente un widget de reproductor de radio responsivo en su p\u00e1gina web. \u00a1Utilice nuestra pr\u00e1ctica demostraci\u00f3n y construya su herramienta sin esfuerzo!\" \/>\n<meta name=\"robots\" content=\"index, follow, max-snippet:-1, max-image-preview:large, max-video-preview:-1\" \/>\n<link rel=\"canonical\" href=\"https:\/\/elfsight.com\/es\/radio-player-widget\/webnode\/\" \/>\n<meta property=\"og:locale\" content=\"es_ES\" \/>\n<meta property=\"og:type\" content=\"article\" \/>\n<meta property=\"og:title\" content=\"Elfsight Radio Player para sitios web de Webnode (f\u00e1cil de insertar y gratuito)\" \/>\n<meta property=\"og:description\" content=\"Implemente un widget de reproductor de radio responsivo en su p\u00e1gina web. \u00a1Utilice nuestra pr\u00e1ctica demostraci\u00f3n y construya su herramienta sin esfuerzo!\" \/>\n<meta property=\"og:url\" content=\"https:\/\/elfsight.com\/es\/radio-player-widget\/webnode\/\" \/>\n<meta property=\"og:site_name\" content=\"Elfsight ES\" \/>\n<meta property=\"article:modified_time\" content=\"2025-02-06T15:45:01+00:00\" \/>\n<meta name=\"twitter:card\" content=\"summary_large_image\" \/>\n<meta name=\"twitter:label1\" content=\"Tiempo de lectura\" \/>\n\t<meta name=\"twitter:data1\" content=\"2 minutos\" \/>\n<!-- \/ Yoast SEO plugin. -->","yoast_head_json":{"title":"Elfsight Radio Player para sitios web de Webnode (f\u00e1cil de insertar y gratuito)","description":"Implemente un widget de reproductor de radio responsivo en su p\u00e1gina web. \u00a1Utilice nuestra pr\u00e1ctica demostraci\u00f3n y construya su herramienta sin esfuerzo!","robots":{"index":"index","follow":"follow","max-snippet":"max-snippet:-1","max-image-preview":"max-image-preview:large","max-video-preview":"max-video-preview:-1"},"canonical":"https:\/\/elfsight.com\/es\/radio-player-widget\/webnode\/","og_locale":"es_ES","og_type":"article","og_title":"Elfsight Radio Player para sitios web de Webnode (f\u00e1cil de insertar y gratuito)","og_description":"Implemente un widget de reproductor de radio responsivo en su p\u00e1gina web. \u00a1Utilice nuestra pr\u00e1ctica demostraci\u00f3n y construya su herramienta sin esfuerzo!","og_url":"https:\/\/elfsight.com\/es\/radio-player-widget\/webnode\/","og_site_name":"Elfsight ES","article_modified_time":"2025-02-06T15:45:01+00:00","twitter_card":"summary_large_image","twitter_misc":{"Tiempo de lectura":"2 minutos"},"schema":{"@context":"https:\/\/schema.org","@graph":[{"@type":"WebPage","@id":"https:\/\/elfsight.com\/es\/radio-player-widget\/webnode\/","url":"https:\/\/elfsight.com\/es\/radio-player-widget\/webnode\/","name":"Elfsight Radio Player para sitios web de Webnode (f\u00e1cil de insertar y gratuito)","isPartOf":{"@id":"https:\/\/elfsight.com\/es\/#website"},"datePublished":"1970-01-01T00:00:00+00:00","dateModified":"2025-02-06T15:45:01+00:00","description":"Implemente un widget de reproductor de radio responsivo en su p\u00e1gina web. \u00a1Utilice nuestra pr\u00e1ctica demostraci\u00f3n y construya su herramienta sin esfuerzo!","breadcrumb":{"@id":"https:\/\/elfsight.com\/es\/radio-player-widget\/webnode\/#breadcrumb"},"inLanguage":"es","potentialAction":[{"@type":"ReadAction","target":["https:\/\/elfsight.com\/es\/radio-player-widget\/webnode\/"]}]},{"@type":"BreadcrumbList","@id":"https:\/\/elfsight.com\/es\/radio-player-widget\/webnode\/#breadcrumb","itemListElement":[{"@type":"ListItem","position":1,"name":"Home","item":"https:\/\/elfsight.com\/es\/"},{"@type":"ListItem","position":2,"name":"Radio Player","item":"https:\/\/elfsight.com\/es\/radio-player-widget\/"},{"@type":"ListItem","position":3,"name":"Radio Player &#8211; Webnode"}]},{"@type":"WebSite","@id":"https:\/\/elfsight.com\/es\/#website","url":"https:\/\/elfsight.com\/es\/","name":"Elfsight ES","description":"Just another Elfsight Sites site","potentialAction":[{"@type":"SearchAction","target":{"@type":"EntryPoint","urlTemplate":"https:\/\/elfsight.com\/es\/?s={search_term_string}"},"query-input":{"@type":"PropertyValueSpecification","valueRequired":true,"valueName":"search_term_string"}}],"inLanguage":"es"}]}},"meta_box":{"industry":"","seo_heading":"","heading":"","description":"","cta_heading":"","cta_description":"","application":"974","h1":"Widget de reproductor de radio Webnode","h1_caption":"Ampl\u00ede sus opciones de contenido y sobresalga de sus competidores","application_category":[],"applications_title":"","applications_request_title":"","applications_request_button_text":"","hero_text":"","hero_video":"","hero_video_schema_markup":"","selling_points_title":"","selling_points_caption":"","selling_points":[],"selling_points_cta_text":"","features_title":"","features":"","ed_cta_examples_text":"","ed_cta_examples_hidden":"","ed_cta_demo_text":"","ed_cta_demo_hidden":"","why_caption":"","why_editor_title":"","why_editor_text":"","why_team_title":"","why_team_text":"","why_service_title":"","why_service_text":"","template_catalog_visible":"","template_catalog_title":"","template_catalog_text":"","template_catalog_categories_visible":"","demo_title":"Crea tu widget de reproductor de radio","demo_caption":"\u00a1Configura tu Reproductor de Radio y a\u00f1\u00e1delo a tu sitio web Webnode gratis!","default_faq_hidden":"","app_template_category":[],"platform":"2302","template_public_id":"","codecanyon_url":"","codecanyon_item_id":"","codecanyon_price":"","pricing_caption":"","pricing_elfsight_apps_hide_column":"","pricing_elfsight_apps_url":"","pricing_codecanyon_price_caption":"","integration_category":[],"integration_request_title":"","integration_request_cta":"","integration_platform":"","integrations":[],"platform_category":[],"video_schema_markup":"","price":"desde $0 \/ mes","trial":"","benefits":[{"text":"Servicio de instalaci\u00f3n gratuito"},{"text":"Atenci\u00f3n al cliente profesional"},{"text":"Garant\u00eda de reembolso de 14 d\u00edas"},{"text":"Actualizaciones continuas"}],"button_url":"#demo","button_target_blank":"","button_nofollow":"","attributes":[{"name":"Instalaciones","content":"10,000 - 100,000"},{"name":"Sensible","content":"S\u00ed"},{"name":"Navegadores compatibles","content":"Firefox, Safari, Opera, Chrome, Edge"}],"tags":[],"tags_disable_links":"","hide_more_platforms":"","video_object":"","demo_hide_cta":"","demo_hide_cloud_options":"","pricing_title":"","pricing":[{"pricing_icon":"platform","pricing_title":"Elfsight Apps","pricing_title_caption":"Soluci\u00f3n digital multiplataforma","pricing_price":"desde $0 \/ mes","pricing_price_caption":"comienza con el plan gratuito","pricing_benefits":[{"text":"Dominios ilimitados"},{"text":"Soporte premium y puntual"},{"text":"Asistencia de instalaci\u00f3n gratuita"},{"text":"Oferta por tiempo limitado para m\u00faltiples aplicaciones"}],"pricing_button_text":"A\u00f1adir al sitio web","pricing_button_url":"#demo"}],"related_apps_title":"","related_apps_hidden":"","author":"","image":[],"title":"","job":"","social_networks":[]},"_links":{"self":[{"href":"https:\/\/elfsight.com\/es\/wp-json\/wp\/v2\/pages\/7883","targetHints":{"allow":["GET"]}}],"collection":[{"href":"https:\/\/elfsight.com\/es\/wp-json\/wp\/v2\/pages"}],"about":[{"href":"https:\/\/elfsight.com\/es\/wp-json\/wp\/v2\/types\/page"}],"author":[{"embeddable":true,"href":"https:\/\/elfsight.com\/es\/wp-json\/wp\/v2\/users\/9"}],"replies":[{"embeddable":true,"href":"https:\/\/elfsight.com\/es\/wp-json\/wp\/v2\/comments?post=7883"}],"version-history":[{"count":2,"href":"https:\/\/elfsight.com\/es\/wp-json\/wp\/v2\/pages\/7883\/revisions"}],"predecessor-version":[{"id":18742,"href":"https:\/\/elfsight.com\/es\/wp-json\/wp\/v2\/pages\/7883\/revisions\/18742"}],"up":[{"embeddable":true,"href":"https:\/\/elfsight.com\/es\/wp-json\/wp\/v2\/pages\/975"}],"wp:attachment":[{"href":"https:\/\/elfsight.com\/es\/wp-json\/wp\/v2\/media?parent=7883"}],"curies":[{"name":"wp","href":"https:\/\/api.w.org\/{rel}","templated":true}]}}