{"id":7882,"date":"1970-01-01T00:00:00","date_gmt":"1970-01-01T00:00:00","guid":{"rendered":"https:\/\/elfsight.com\/es\/?page_id=7882"},"modified":"2025-02-06T15:45:01","modified_gmt":"2025-02-06T15:45:01","slug":"webflow","status":"publish","type":"page","link":"https:\/\/elfsight.com\/es\/radio-player-widget\/webflow\/","title":{"rendered":"Radio Player &#8211; Webflow"},"content":{"rendered":"<div class=\"application-platform-content-item-description application-platform-content-item\" id=\"description\" data-nav-section=\"description\"> <h2>Incrustar Radio Player en Webflow con el widget Elfsight<\/h2> <p>El widget Elfsight Radio es una herramienta sencilla que le permite transmitir estaciones de radio en las p\u00e1ginas de su sitio web. El complemento es extremadamente ajustable: puede alterar su posici\u00f3n, configurarlo en cualquier lugar de la p\u00e1gina, cambiar su tama\u00f1o, modificar el fondo y otras partes para combinarlo con el dise\u00f1o de su sitio, emplear una combinaci\u00f3n de colores oscuros, revelar im\u00e1genes y mostrar u ocultar 3 componentes adicionales del reproductor como encabezado, estado y m\u00e1s. Puede cargar tantas estaciones como desee para atraer a su audiencia, active la opci\u00f3n de reproducci\u00f3n autom\u00e1tica y aseg\u00farese de que sus visitantes no abandonen su sitio web inmediatamente.<\/p> <p><b>Proporcione a sus visitantes una nueva fuente de contenido \u00fatil e interesante aplicando Radio Player.<\/b><\/p> <\/div> <div class=\"application-platform-content-item-features application-platform-content-item\" id=\"features\" data-nav-section=\"features\"> <h2>El widget incluye funciones \u00fatiles y r\u00e1pidas, vea algunas de ellos:<\/h2> <ul><li>Varias variaciones de color.<\/li><li>Tema de color oscuro\/claro.<\/li><li>Dos dise\u00f1os aplicables.<\/li><li>Una opci\u00f3n para agregar una imagen de fondo.<\/li><li>Un n\u00famero ilimitado de estaciones.<\/li><\/ul><p><a href=\"#demo\">Puedes explorar c\u00f3mo funciona el widget probando la demostraci\u00f3n<\/a><\/p> <\/div> <div class=\"application-platform-content-item-installation application-platform-content-item\" id=\"installation\" data-nav-section=\"installation\"> <h2>\u00bfC\u00f3mo puedo insertar Radio Player en mi sitio Webflow?<\/h2><div class=\"video-container\"><iframe width=\"720\" height=\"405\" src=\"https:\/\/www.youtube.com\/embed\/SN1x_pYrglc\" frameborder=\"0\"><\/iframe><\/div><p>Simplemente aplique las instrucciones a continuaci\u00f3n para insertar la herramienta.<\/p> <ol><li><b>Utilice nuestro configurador gratuito y comience a crear su widget personalizado.<\/b><br> Especifique el dise\u00f1o preferido y las especificaciones del complemento y guarde las ediciones.<\/li> <li><b>Obtenga su c\u00f3digo \u00fanico revelado en la ventana de Elfsight Apps.<\/b><br> Inmediatamente despu\u00e9s de finalizar la personalizaci\u00f3n de su herramienta personal, copie el c\u00f3digo exclusivo de la ventana emergente que aparece y gu\u00e1rdelo para futuras necesidades.<\/li> <li><b>Comience a aplicar el widget en su sitio Webflow.<\/b><br> Coloque el c\u00f3digo que guard\u00f3 anteriormente en su p\u00e1gina web y guarde los ajustes. <\/li> <li><b>La instalaci\u00f3n se realiz\u00f3 completamente.<\/b><br> Visite su sitio para ver c\u00f3mo funciona el complemento.<\/li><\/ol> <p>Si tiene alguna consulta o tiene alg\u00fan problema, no dude en comunicarse con nuestro equipo de soporte. Nuestros consultores est\u00e1n ansiosos por resolver todas las preguntas que pueda tener con el widget.<\/p> <div class=\"faq\" data-component=\"FAQ\"><div class=\"faq-item\">\r\n\t\t\t\t\t<div class=\"faq-item-question\">\r\n\t\t\t\t\t\t<h3 class=\"faq-item-question-text\">\u00bfC\u00f3mo puedo incrustar un widget de Radio Player en mi sitio Webflow sin conocimientos de codificaci\u00f3n?<\/h3>\r\n\r\n\t\t\t\t\t\t<div class=\"faq-item-question-icon\"><\/div>\r\n\t\t\t\t\t<\/div>\r\n\r\n\t\t\t\t\t<div class=\"faq-item-answer\">\r\n\t\t\t\t\t\t<div class=\"faq-item-answer-text\"><p>Elfsight proporciona una soluci\u00f3n basada en la nube que permite a los usuarios crear un widget de Radio Player por su cuenta. Vea lo sencillo que es el proceso:<\/p><ul><li>Acceda al editor en l\u00ednea para generar una secci\u00f3n de widget de Radio Player que le gustar\u00eda integrar en su Webflow. sitio.<\/li><li>Elija una de nuestras plantillas predise\u00f1adas y personalice la configuraci\u00f3n del widget del Reproductor de Radio, modifique el dise\u00f1o y la combinaci\u00f3n de colores, incluya su contenido sin necesidad de codificaci\u00f3n.<\/li><li>Guarde los ajustes que ha configurado para el widget del Reproductor de Radio y obtenga el c\u00f3digo para incrustar el widget, que puede agregarse f\u00e1cilmente a su sitio Webflow sin costo alguno.<\/li><\/ul><p>Al trabajar en el Editor f\u00e1cil de usar, cualquier usuario de Internet puede crear una secci\u00f3n del widget del Reproductor de Radio y incrustarlo en su sitio web Webflow. No es necesario realizar ning\u00fan pago ni revelar la informaci\u00f3n de su tarjeta para acceder al Editor de Elfsight. Si encuentra alguna dificultad en cualquier etapa, no dude en comunicarse con nuestro servicio de atenci\u00f3n al cliente.<\/p><\/div>\r\n\t\t\t\t\t<\/div>\r\n\t\t\t\t<\/div><\/div><\/div>","protected":false},"excerpt":{"rendered":"","protected":false},"author":9,"featured_media":0,"parent":975,"menu_order":0,"comment_status":"closed","ping_status":"closed","template":"templates\/template-application-platform.php","meta":{"publish_to_discourse":"","publish_post_category":"","wpdc_auto_publish_overridden":"","wpdc_topic_tags":"","wpdc_pin_topic":"","wpdc_pin_until":"","discourse_post_id":"","discourse_permalink":"","wpdc_publishing_response":"","wpdc_publishing_error":"","footnotes":""},"class_list":["post-7882","page","type-page","status-publish","hentry"],"yoast_head":"<!-- This site is optimized with the Yoast SEO plugin v25.3.1 - https:\/\/yoast.com\/wordpress\/plugins\/seo\/ -->\n<title>Elfsight Radio Player para el sitio web Webflow (gratis y f\u00e1cil de agregar)<\/title>\n<meta name=\"description\" content=\"Implemente un widget de reproductor de radio responsivo en su p\u00e1gina de inicio. \u00a1Utilice nuestra demostraci\u00f3n pr\u00e1ctica y constr\u00fayala con solo unos pocos clics!\" \/>\n<meta name=\"robots\" content=\"index, follow, max-snippet:-1, max-image-preview:large, max-video-preview:-1\" \/>\n<link rel=\"canonical\" href=\"https:\/\/elfsight.com\/es\/radio-player-widget\/webflow\/\" \/>\n<meta property=\"og:locale\" content=\"es_ES\" \/>\n<meta property=\"og:type\" content=\"article\" \/>\n<meta property=\"og:title\" content=\"Elfsight Radio Player para el sitio web Webflow (gratis y f\u00e1cil de agregar)\" \/>\n<meta property=\"og:description\" content=\"Implemente un widget de reproductor de radio responsivo en su p\u00e1gina de inicio. \u00a1Utilice nuestra demostraci\u00f3n pr\u00e1ctica y constr\u00fayala con solo unos pocos clics!\" \/>\n<meta property=\"og:url\" content=\"https:\/\/elfsight.com\/es\/radio-player-widget\/webflow\/\" \/>\n<meta property=\"og:site_name\" content=\"Elfsight ES\" \/>\n<meta property=\"article:modified_time\" content=\"2025-02-06T15:45:01+00:00\" \/>\n<meta name=\"twitter:card\" content=\"summary_large_image\" \/>\n<meta name=\"twitter:label1\" content=\"Tiempo de lectura\" \/>\n\t<meta name=\"twitter:data1\" content=\"3 minutos\" \/>\n<!-- \/ Yoast SEO plugin. -->","yoast_head_json":{"title":"Elfsight Radio Player para el sitio web Webflow (gratis y f\u00e1cil de agregar)","description":"Implemente un widget de reproductor de radio responsivo en su p\u00e1gina de inicio. \u00a1Utilice nuestra demostraci\u00f3n pr\u00e1ctica y constr\u00fayala con solo unos pocos clics!","robots":{"index":"index","follow":"follow","max-snippet":"max-snippet:-1","max-image-preview":"max-image-preview:large","max-video-preview":"max-video-preview:-1"},"canonical":"https:\/\/elfsight.com\/es\/radio-player-widget\/webflow\/","og_locale":"es_ES","og_type":"article","og_title":"Elfsight Radio Player para el sitio web Webflow (gratis y f\u00e1cil de agregar)","og_description":"Implemente un widget de reproductor de radio responsivo en su p\u00e1gina de inicio. \u00a1Utilice nuestra demostraci\u00f3n pr\u00e1ctica y constr\u00fayala con solo unos pocos clics!","og_url":"https:\/\/elfsight.com\/es\/radio-player-widget\/webflow\/","og_site_name":"Elfsight ES","article_modified_time":"2025-02-06T15:45:01+00:00","twitter_card":"summary_large_image","twitter_misc":{"Tiempo de lectura":"3 minutos"},"schema":{"@context":"https:\/\/schema.org","@graph":[{"@type":"WebPage","@id":"https:\/\/elfsight.com\/es\/radio-player-widget\/webflow\/","url":"https:\/\/elfsight.com\/es\/radio-player-widget\/webflow\/","name":"Elfsight Radio Player para el sitio web Webflow (gratis y f\u00e1cil de agregar)","isPartOf":{"@id":"https:\/\/elfsight.com\/es\/#website"},"datePublished":"1970-01-01T00:00:00+00:00","dateModified":"2025-02-06T15:45:01+00:00","description":"Implemente un widget de reproductor de radio responsivo en su p\u00e1gina de inicio. \u00a1Utilice nuestra demostraci\u00f3n pr\u00e1ctica y constr\u00fayala con solo unos pocos clics!","breadcrumb":{"@id":"https:\/\/elfsight.com\/es\/radio-player-widget\/webflow\/#breadcrumb"},"inLanguage":"es","potentialAction":[{"@type":"ReadAction","target":["https:\/\/elfsight.com\/es\/radio-player-widget\/webflow\/"]}]},{"@type":"BreadcrumbList","@id":"https:\/\/elfsight.com\/es\/radio-player-widget\/webflow\/#breadcrumb","itemListElement":[{"@type":"ListItem","position":1,"name":"Home","item":"https:\/\/elfsight.com\/es\/"},{"@type":"ListItem","position":2,"name":"Radio Player","item":"https:\/\/elfsight.com\/es\/radio-player-widget\/"},{"@type":"ListItem","position":3,"name":"Radio Player &#8211; Webflow"}]},{"@type":"WebSite","@id":"https:\/\/elfsight.com\/es\/#website","url":"https:\/\/elfsight.com\/es\/","name":"Elfsight ES","description":"Just another Elfsight Sites site","potentialAction":[{"@type":"SearchAction","target":{"@type":"EntryPoint","urlTemplate":"https:\/\/elfsight.com\/es\/?s={search_term_string}"},"query-input":{"@type":"PropertyValueSpecification","valueRequired":true,"valueName":"search_term_string"}}],"inLanguage":"es"}]}},"meta_box":{"industry":"","seo_heading":"","heading":"","description":"","cta_heading":"","cta_description":"","application":"974","h1":"Widget de reproductor de radio Webflow","h1_caption":"Varia tus variantes de contenido y destaca entre la multitud","application_category":[],"applications_title":"","applications_request_title":"","applications_request_button_text":"","hero_text":"","hero_video":"","hero_video_schema_markup":"","selling_points_title":"","selling_points_caption":"","selling_points":[],"selling_points_cta_text":"","features_title":"","features":"","ed_cta_examples_text":"","ed_cta_examples_hidden":"","ed_cta_demo_text":"","ed_cta_demo_hidden":"","why_caption":"","why_editor_title":"","why_editor_text":"","why_team_title":"","why_team_text":"","why_service_title":"","why_service_text":"","template_catalog_visible":"","template_catalog_title":"","template_catalog_text":"","template_catalog_categories_visible":"","demo_title":"Crea tu widget de reproductor de radio","demo_caption":"\u00a1Configura tu reproductor de radio y agr\u00e9galo a tu sitio web Webflow gratis!","default_faq_hidden":"","app_template_category":[],"platform":"106","template_public_id":"","codecanyon_url":"","codecanyon_item_id":"","codecanyon_price":"","pricing_caption":"","pricing_elfsight_apps_hide_column":"","pricing_elfsight_apps_url":"","pricing_codecanyon_price_caption":"","integration_category":[],"integration_request_title":"","integration_request_cta":"","integration_platform":"","integrations":[],"platform_category":[],"video_schema_markup":"","price":"desde $0 \/ mes","trial":"","benefits":[{"text":"Asistencia de instalaci\u00f3n gratuita"},{"text":"Soporte excepcional"},{"text":"Garant\u00eda de devoluci\u00f3n de dinero de 14 d\u00edas"},{"text":"Actualizaciones gratuitas de por vida"}],"button_url":"#demo","button_target_blank":"","button_nofollow":"","attributes":[{"name":"Instalaciones","content":"10,000 - 100,000"},{"name":"Sensible","content":"S\u00ed"},{"name":"Navegadores compatibles","content":"Chrome, Firefox, Safari, Opera, Edge"}],"tags":[],"tags_disable_links":"","hide_more_platforms":"","video_object":"","demo_hide_cta":"","demo_hide_cloud_options":"","pricing_title":"","pricing":[{"pricing_icon":"platform","pricing_title":"Elfsight Apps","pricing_title_caption":"Soluci\u00f3n digital independiente de plataforma que se adapta a cualquier sitio","pricing_price":"desde $0 \/ mes","pricing_price_caption":"comienza con el plan gratuito","pricing_benefits":[{"text":"Dominios ilimitados"},{"text":"Atenci\u00f3n al cliente dedicada"},{"text":"Servicio de instalaci\u00f3n gratuito"},{"text":"Oferta especial para m\u00faltiples aplicaciones"}],"pricing_button_text":"A\u00f1adir al sitio web","pricing_button_url":"#demo"}],"related_apps_title":"","related_apps_hidden":"","author":"","image":[],"title":"","job":"","social_networks":[]},"_links":{"self":[{"href":"https:\/\/elfsight.com\/es\/wp-json\/wp\/v2\/pages\/7882","targetHints":{"allow":["GET"]}}],"collection":[{"href":"https:\/\/elfsight.com\/es\/wp-json\/wp\/v2\/pages"}],"about":[{"href":"https:\/\/elfsight.com\/es\/wp-json\/wp\/v2\/types\/page"}],"author":[{"embeddable":true,"href":"https:\/\/elfsight.com\/es\/wp-json\/wp\/v2\/users\/9"}],"replies":[{"embeddable":true,"href":"https:\/\/elfsight.com\/es\/wp-json\/wp\/v2\/comments?post=7882"}],"version-history":[{"count":2,"href":"https:\/\/elfsight.com\/es\/wp-json\/wp\/v2\/pages\/7882\/revisions"}],"predecessor-version":[{"id":18743,"href":"https:\/\/elfsight.com\/es\/wp-json\/wp\/v2\/pages\/7882\/revisions\/18743"}],"up":[{"embeddable":true,"href":"https:\/\/elfsight.com\/es\/wp-json\/wp\/v2\/pages\/975"}],"wp:attachment":[{"href":"https:\/\/elfsight.com\/es\/wp-json\/wp\/v2\/media?parent=7882"}],"curies":[{"name":"wp","href":"https:\/\/api.w.org\/{rel}","templated":true}]}}