{"id":7877,"date":"1970-01-01T00:00:00","date_gmt":"1970-01-01T00:00:00","guid":{"rendered":"https:\/\/elfsight.com\/es\/?page_id=7877"},"modified":"2025-02-06T15:45:01","modified_gmt":"2025-02-06T15:45:01","slug":"squarespace","status":"publish","type":"page","link":"https:\/\/elfsight.com\/es\/radio-player-widget\/squarespace\/","title":{"rendered":"Radio Player &#8211; Squarespace"},"content":{"rendered":"<div class=\"application-platform-content-item-description application-platform-content-item\" id=\"description\" data-nav-section=\"description\"> <h2>Integrar Radio Player en Squarespace con el widget Elfsight<\/h2> <p>Elfsight Radio es un complemento simple que le brinda la oportunidad de transmitir estaciones de radio en las p\u00e1ginas de su sitio web. El widget es extremadamente ajustable: puede cambiar su ubicaci\u00f3n, ubicarlo en cualquier lugar de la p\u00e1gina, modificar su tama\u00f1o, cambiar el fondo y otros elementos para combinarlo con el dise\u00f1o de su sitio, usar un tema oscuro, mostrar im\u00e1genes y mostrar u ocultar tres detalles adicionales del reproductor como encabezado, estado y otros. Incluye tantas estaciones como necesites para deleitar a tus usuarios, activa la reproducci\u00f3n autom\u00e1tica y aseg\u00farate: \u00a1tus visitantes no abandonar\u00e1n tu p\u00e1gina web r\u00e1pidamente!<\/p> <p><b>Equipa a tus visitantes con una nueva fuente de contenido \u00fatil e interesante usando Elfsight Radio Player.<\/b><\/p> <\/div> <div class=\"application-platform-content-item-features application-platform-content-item\" id=\"features\" data-nav-section=\"features\"> <h2>Estos son solo algunos de los diversos complementos caracter\u00edsticas:<\/h2> <ul><li>Numerosas modificaciones de color.<\/li><li>Esquema de colores oscuro\/claro.<\/li><li>Dos dise\u00f1os disponibles.<\/li><li>Posibilidad de agregar una imagen de fondo.<\/li><li>A\u00f1ada una cantidad ilimitada de estaciones.<\/li><\/ul><p><a href=\"#demo\">Puede probar la funcionalidad completa del complemento en la demostraci\u00f3n de esta p\u00e1gina<\/a><\/p> <\/div> <div class=\"application-platform-content-item-installation application-platform-content-item\" id=\"installation\" data-nav-section=\"installation\"> <h2>\u00bfC\u00f3mo agregar Radio Player a mi sitio web de Squarespace?<\/h2><div class=\"video-container\"><iframe width=\"720\" height=\"405\" src=\"https:\/\/www.youtube.com\/embed\/Ng7k1VrE4Fg\" frameborder=\"0\"><\/iframe><\/div><p>Simplemente siga las instrucciones a continuaci\u00f3n para integrar el complemento.<\/p> <ol><li><b>Emplee nuestro configurador gratuito y comience a crear su complemento personalizado.<\/b><br> Especifique el dise\u00f1o preferido y las especificaciones del widget y guarde las ediciones.<\/li> <li><b>Reciba el c\u00f3digo individual que aparece en el cuadro de Elfsight Apps.<\/b><br> Cuando se complete la generaci\u00f3n de su widget personal, copie el c\u00f3digo individual desde la ventana que aparece y gu\u00e1rdelo para ocasiones posteriores.<\/li> <li><b>Comience a usar el complemento en su p\u00e1gina web de Squarespace.<\/b><br> Agregue el c\u00f3digo que guard\u00f3 antes en su p\u00e1gina web y aplique las mejoras.<\/li> <li><b>La instalaci\u00f3n se realiz\u00f3 exitosamente.<\/b><br> Vaya a su p\u00e1gina web para inspeccionar el trabajo del complemento.<\/li><\/ol> <p>Si tiene alg\u00fan obst\u00e1culo, no tema comunicarse con nuestro personal de servicio al cliente. Nuestros consultores estar\u00e1n encantados de resolver todas las dificultades que pueda tener con el producto.<\/p> <div class=\"faq\" data-component=\"FAQ\"><div class=\"faq-item\">\r\n\t\t\t\t\t<div class=\"faq-item-question\">\r\n\t\t\t\t\t\t<h3 class=\"faq-item-question-text\">\u00bfC\u00f3mo puedo insertar el complemento Radio Player en mi sitio web de Squarespace?<\/h3>\r\n\r\n\t\t\t\t\t\t<div class=\"faq-item-question-icon\"><\/div>\r\n\t\t\t\t\t<\/div>\r\n\r\n\t\t\t\t\t<div class=\"faq-item-answer\">\r\n\t\t\t\t\t\t<div class=\"faq-item-answer-text\"><p>Puede integrar el complemento Radio Player en su sitio web de Squarespace para permitir a sus usuarios escuchar transmisiones de radio. Simplemente dir\u00edgete al panel de administraci\u00f3n y sigue estos pasos:<\/p><ol><li>Accede a la configuraci\u00f3n del tema.<\/li><li>Selecciona la secci\u00f3n de tu sitio de Squarespace donde deseas agregar el reproductor de radio.<\/li><li>Inserta el c\u00f3digo del servicio Elfsight Apps y guarda los cambios.<\/li><li>Todo listo.<\/li><\/ol><\/div>\r\n\t\t\t\t\t<\/div>\r\n\t\t\t\t<\/div><\/div><\/div>","protected":false},"excerpt":{"rendered":"","protected":false},"author":9,"featured_media":0,"parent":975,"menu_order":0,"comment_status":"closed","ping_status":"closed","template":"templates\/template-application-platform.php","meta":{"publish_to_discourse":"","publish_post_category":"","wpdc_auto_publish_overridden":"","wpdc_topic_tags":"","wpdc_pin_topic":"","wpdc_pin_until":"","discourse_post_id":"","discourse_permalink":"","wpdc_publishing_response":"","wpdc_publishing_error":"","footnotes":""},"class_list":["post-7877","page","type-page","status-publish","hentry"],"yoast_head":"<!-- This site is optimized with the Yoast SEO plugin v25.3.1 - https:\/\/yoast.com\/wordpress\/plugins\/seo\/ -->\n<title>Complemento Elfsight Radio Player para sitios web de Squarespace (gratis y r\u00e1pido)<\/title>\n<meta name=\"description\" content=\"Implemente un complemento de Radio Player responsivo en su sitio. \u00a1Utilice nuestra demostraci\u00f3n pr\u00e1ctica y cree su complemento sin esfuerzo!\" \/>\n<meta name=\"robots\" content=\"index, follow, max-snippet:-1, max-image-preview:large, max-video-preview:-1\" \/>\n<link rel=\"canonical\" href=\"https:\/\/elfsight.com\/es\/radio-player-widget\/squarespace\/\" \/>\n<meta property=\"og:locale\" content=\"es_ES\" \/>\n<meta property=\"og:type\" content=\"article\" \/>\n<meta property=\"og:title\" content=\"Complemento Elfsight Radio Player para sitios web de Squarespace (gratis y r\u00e1pido)\" \/>\n<meta property=\"og:description\" content=\"Implemente un complemento de Radio Player responsivo en su sitio. \u00a1Utilice nuestra demostraci\u00f3n pr\u00e1ctica y cree su complemento sin esfuerzo!\" \/>\n<meta property=\"og:url\" content=\"https:\/\/elfsight.com\/es\/radio-player-widget\/squarespace\/\" \/>\n<meta property=\"og:site_name\" content=\"Elfsight ES\" \/>\n<meta property=\"article:modified_time\" content=\"2025-02-06T15:45:01+00:00\" \/>\n<meta name=\"twitter:card\" content=\"summary_large_image\" \/>\n<meta name=\"twitter:label1\" content=\"Tiempo de lectura\" \/>\n\t<meta name=\"twitter:data1\" content=\"2 minutos\" \/>\n<!-- \/ Yoast SEO plugin. -->","yoast_head_json":{"title":"Complemento Elfsight Radio Player para sitios web de Squarespace (gratis y r\u00e1pido)","description":"Implemente un complemento de Radio Player responsivo en su sitio. \u00a1Utilice nuestra demostraci\u00f3n pr\u00e1ctica y cree su complemento sin esfuerzo!","robots":{"index":"index","follow":"follow","max-snippet":"max-snippet:-1","max-image-preview":"max-image-preview:large","max-video-preview":"max-video-preview:-1"},"canonical":"https:\/\/elfsight.com\/es\/radio-player-widget\/squarespace\/","og_locale":"es_ES","og_type":"article","og_title":"Complemento Elfsight Radio Player para sitios web de Squarespace (gratis y r\u00e1pido)","og_description":"Implemente un complemento de Radio Player responsivo en su sitio. \u00a1Utilice nuestra demostraci\u00f3n pr\u00e1ctica y cree su complemento sin esfuerzo!","og_url":"https:\/\/elfsight.com\/es\/radio-player-widget\/squarespace\/","og_site_name":"Elfsight ES","article_modified_time":"2025-02-06T15:45:01+00:00","twitter_card":"summary_large_image","twitter_misc":{"Tiempo de lectura":"2 minutos"},"schema":{"@context":"https:\/\/schema.org","@graph":[{"@type":"WebPage","@id":"https:\/\/elfsight.com\/es\/radio-player-widget\/squarespace\/","url":"https:\/\/elfsight.com\/es\/radio-player-widget\/squarespace\/","name":"Complemento Elfsight Radio Player para sitios web de Squarespace (gratis y r\u00e1pido)","isPartOf":{"@id":"https:\/\/elfsight.com\/es\/#website"},"datePublished":"1970-01-01T00:00:00+00:00","dateModified":"2025-02-06T15:45:01+00:00","description":"Implemente un complemento de Radio Player responsivo en su sitio. \u00a1Utilice nuestra demostraci\u00f3n pr\u00e1ctica y cree su complemento sin esfuerzo!","breadcrumb":{"@id":"https:\/\/elfsight.com\/es\/radio-player-widget\/squarespace\/#breadcrumb"},"inLanguage":"es","potentialAction":[{"@type":"ReadAction","target":["https:\/\/elfsight.com\/es\/radio-player-widget\/squarespace\/"]}]},{"@type":"BreadcrumbList","@id":"https:\/\/elfsight.com\/es\/radio-player-widget\/squarespace\/#breadcrumb","itemListElement":[{"@type":"ListItem","position":1,"name":"Home","item":"https:\/\/elfsight.com\/es\/"},{"@type":"ListItem","position":2,"name":"Radio Player","item":"https:\/\/elfsight.com\/es\/radio-player-widget\/"},{"@type":"ListItem","position":3,"name":"Radio Player &#8211; Squarespace"}]},{"@type":"WebSite","@id":"https:\/\/elfsight.com\/es\/#website","url":"https:\/\/elfsight.com\/es\/","name":"Elfsight ES","description":"Just another Elfsight Sites site","potentialAction":[{"@type":"SearchAction","target":{"@type":"EntryPoint","urlTemplate":"https:\/\/elfsight.com\/es\/?s={search_term_string}"},"query-input":{"@type":"PropertyValueSpecification","valueRequired":true,"valueName":"search_term_string"}}],"inLanguage":"es"}]}},"meta_box":{"industry":"","seo_heading":"","heading":"","description":"","cta_heading":"","cta_description":"","application":"974","h1":"Complemento del reproductor de radio Squarespace","h1_caption":"Intercale sus opciones de contenido y destaque entre la multitud","application_category":[],"applications_title":"","applications_request_title":"","applications_request_button_text":"","hero_text":"","hero_video":"","hero_video_schema_markup":"","selling_points_title":"","selling_points_caption":"","selling_points":[],"selling_points_cta_text":"","features_title":"","features":"","ed_cta_examples_text":"","ed_cta_examples_hidden":"","ed_cta_demo_text":"","ed_cta_demo_hidden":"","why_caption":"","why_editor_title":"","why_editor_text":"","why_team_title":"","why_team_text":"","why_service_title":"","why_service_text":"","template_catalog_visible":"","template_catalog_title":"","template_catalog_text":"","template_catalog_categories_visible":"","demo_title":"Crea tu complemento de reproductor de radio","demo_caption":"\u00a1Configura tu reproductor de radio y agr\u00e9galo a tu sitio web de Squarespace gratis!","default_faq_hidden":"","app_template_category":[],"platform":"100","template_public_id":"","codecanyon_url":"","codecanyon_item_id":"","codecanyon_price":"","pricing_caption":"","pricing_elfsight_apps_hide_column":"","pricing_elfsight_apps_url":"","pricing_codecanyon_price_caption":"","integration_category":[],"integration_request_title":"","integration_request_cta":"","integration_platform":"","integrations":[],"platform_category":[],"video_schema_markup":"","price":"desde $0 \/ mes","trial":"","benefits":[{"text":"Servicio de instalaci\u00f3n gratuito"},{"text":"Atenci\u00f3n al cliente experimentada"},{"text":"Garant\u00eda de devoluci\u00f3n de dinero de 14 d\u00edas"},{"text":"Mejoras peri\u00f3dicas gratuitas"}],"button_url":"#demo","button_target_blank":"","button_nofollow":"","attributes":[{"name":"Instalaciones","content":"10,000 - 100,000"},{"name":"Sensible","content":"S\u00ed"},{"name":"Navegadores compatibles","content":"Firefox, Safari, Opera, Chrome, Edge"}],"tags":[],"tags_disable_links":"","hide_more_platforms":"","video_object":"","demo_hide_cta":"","demo_hide_cloud_options":"","pricing_title":"","pricing":[{"pricing_icon":"platform","pricing_title":"Elfsight Apps","pricing_title_caption":"Versi\u00f3n multiplataforma que funciona en cualquier sitio web.","pricing_price":"desde $0 \/ mes","pricing_price_caption":"comienza con un plan gratuito","pricing_benefits":[{"text":"Sitios web ilimitados"},{"text":"Soporte profesional, puntual y bien documentado."},{"text":"Soporte de instalaci\u00f3n gratuito"},{"text":"100% personalizable"}],"pricing_button_text":"A\u00f1adir al sitio web","pricing_button_url":"#demo"}],"related_apps_title":"","related_apps_hidden":"","author":"","image":[],"title":"","job":"","social_networks":[]},"_links":{"self":[{"href":"https:\/\/elfsight.com\/es\/wp-json\/wp\/v2\/pages\/7877","targetHints":{"allow":["GET"]}}],"collection":[{"href":"https:\/\/elfsight.com\/es\/wp-json\/wp\/v2\/pages"}],"about":[{"href":"https:\/\/elfsight.com\/es\/wp-json\/wp\/v2\/types\/page"}],"author":[{"embeddable":true,"href":"https:\/\/elfsight.com\/es\/wp-json\/wp\/v2\/users\/9"}],"replies":[{"embeddable":true,"href":"https:\/\/elfsight.com\/es\/wp-json\/wp\/v2\/comments?post=7877"}],"version-history":[{"count":2,"href":"https:\/\/elfsight.com\/es\/wp-json\/wp\/v2\/pages\/7877\/revisions"}],"predecessor-version":[{"id":18744,"href":"https:\/\/elfsight.com\/es\/wp-json\/wp\/v2\/pages\/7877\/revisions\/18744"}],"up":[{"embeddable":true,"href":"https:\/\/elfsight.com\/es\/wp-json\/wp\/v2\/pages\/975"}],"wp:attachment":[{"href":"https:\/\/elfsight.com\/es\/wp-json\/wp\/v2\/media?parent=7877"}],"curies":[{"name":"wp","href":"https:\/\/api.w.org\/{rel}","templated":true}]}}