{"id":7876,"date":"1970-01-01T00:00:00","date_gmt":"1970-01-01T00:00:00","guid":{"rendered":"https:\/\/elfsight.com\/es\/?page_id=7876"},"modified":"2025-02-06T15:45:01","modified_gmt":"2025-02-06T15:45:01","slug":"shopify","status":"publish","type":"page","link":"https:\/\/elfsight.com\/es\/radio-player-widget\/shopify\/","title":{"rendered":"Radio Player &#8211; Shopify"},"content":{"rendered":"<div class=\"application-platform-content-item-description application-platform-content-item\" id=\"description\" data-nav-section=\"description\"> <h2>Insertar Radio Player en Shopify con el widget Elfsight<\/h2> <p>Elfsight Radio es una aplicaci\u00f3n sencilla que te permite transmitir estaciones de radio directamente en tu sitio web. La aplicaci\u00f3n es altamente personalizable: puede alterar su ubicaci\u00f3n, ubicarla en cualquier lugar de la p\u00e1gina, alterar su tama\u00f1o, cambiar el color del fondo y otros elementos para mezclarlos con el dise\u00f1o de su sitio web, usar una combinaci\u00f3n de colores oscuros, mostrar im\u00e1genes y mostrar u ocultar otras tres partes del reproductor, por ejemplo, encabezado, estado y m\u00e1s. Puede cargar tantas estaciones como necesite para entretener a sus usuarios, active la reproducci\u00f3n autom\u00e1tica y aseg\u00farese de que sus visitantes no abandonen su sitio inmediatamente.<\/p> <p><b>Proporcione a sus visitantes una fuente m\u00e1s de contenido \u00fatil y atractivo mediante Radio Player<\/b><\/p> <\/div> <div class=\"application-platform-content-item-features application-platform-content-item\" id=\"features\" data-nav-section=\"features\"> <h2>Estas son solo algunas de las diversas funciones de la aplicaci\u00f3n:<\/h2> <ul><li>Numerosas variaciones de color.<\/li><li>Tema de color oscuro\/claro.<\/li><li>Dos dise\u00f1os aplicables.<\/li><li>Una oportunidad para usar una imagen de fondo.<\/li><li>Agrega una cantidad infinita de estaciones.<\/li><\/ul><p><a href=\"#demo\">Puedes ver cu\u00e1ndo ofrece la aplicaci\u00f3n usando la demostraci\u00f3n<\/a><\/p> <\/div> <div class=\"application-platform-content-item-installation application-platform-content-item\" id=\"installation\" data-nav-section=\"installation\"> <h2>\u00bfC\u00f3mo incrustar Radio Player en mi sitio web de Shopify?<\/h2><div class=\"video-container\"><iframe width=\"720\" height=\"405\" src=\"https:\/\/www.youtube.com\/embed\/XBI3KIu9iHI\" frameborder=\"0\"><\/iframe><\/div><p>Simplemente sigue las siguientes pautas para insertar la aplicaci\u00f3n.<\/p> <ol><li><b>Utilice nuestro editor gratuito y comience a crear su aplicaci\u00f3n personalizada. <\/b><br> Elija el aspecto y los par\u00e1metros preferidos de la aplicaci\u00f3n y guarde todas las correcciones. <\/li> <li><b>Obtenga su c\u00f3digo \u00fanico revelado en la ventana de Elfsight Apps. <\/b><br> Inmediatamente despu\u00e9s de que finalice la generaci\u00f3n de su aplicaci\u00f3n, copie el c\u00f3digo personal en el cuadro que aparece y gu\u00e1rdelo para usarlo en el futuro. <\/li> <li><b>Iniciar el uso de la aplicaci\u00f3n en el sitio web de Shopify. <\/b><br> A\u00f1ade el c\u00f3digo copiado anteriormente en tu p\u00e1gina y guarda las modificaciones. <\/li> <li><b>\u00a1Ya terminaste! La incrustaci\u00f3n se realiza con \u00e9xito. <\/b><br> Vaya a su p\u00e1gina web para ver c\u00f3mo funciona la aplicaci\u00f3n. <\/li><\/ol><p>A condici\u00f3n de afrontar consultas o afrontar algunas dificultades, no dude en dirigirse a nuestro personal de atenci\u00f3n al cliente. Nuestros especialistas estar\u00e1n encantados de ayudarle con todas las dificultades que pueda tener con el widget. <\/p> <div class=\"faq\" data-component=\"FAQ\"><div class=\"faq-item\">\r\n\t\t\t\t\t<div class=\"faq-item-question\">\r\n\t\t\t\t\t\t<h3 class=\"faq-item-question-text\">\u00bfC\u00f3mo puedo integrar un reproductor de radio en Shopify sin conocimientos de codificaci\u00f3n?<\/h3>\r\n\r\n\t\t\t\t\t\t<div class=\"faq-item-question-icon\"><\/div>\r\n\t\t\t\t\t<\/div>\r\n\r\n\t\t\t\t\t<div class=\"faq-item-answer\">\r\n\t\t\t\t\t\t<div class=\"faq-item-answer-text\"><p>Elfsight ofrece una soluci\u00f3n basada en la nube que permite a los usuarios crear un reproductor de radio para Shopify por su cuenta. Explora lo sencillo que puede ser el proceso:<\/p><ul><li>Accede al Editor en l\u00ednea para generar una secci\u00f3n del Reproductor de radio que te gustar\u00eda integrar en tu tienda Shopify.<\/li><li>Elige una de nuestras plantillas predise\u00f1adas y personaliza la configuraci\u00f3n del Reproductor de radio, ajustando el dise\u00f1o y la combinaci\u00f3n de colores, e incluyendo tu contenido sin necesidad de codificaci\u00f3n.<\/li><li>Guarda los ajustes que has configurado para el Reproductor de radio y obt\u00e9n el c\u00f3digo para incrustarlo, que se puede agregar sin esfuerzo a tu Tienda Shopify sin costo.<\/li><\/ul><p>Al trabajar en el Editor f\u00e1cil de usar, cualquier usuario de Internet puede crear una secci\u00f3n de Reproductor de radio e incrustarla en su tienda Shopify. No hay ning\u00fan requisito de pago ni la necesidad de revelar la informaci\u00f3n de su tarjeta para acceder al Editor de Elfsight. Si encuentra alguna dificultad en cualquier etapa, no dude en comunicarse con nuestro servicio de atenci\u00f3n al cliente.<\/p><\/div>\r\n\t\t\t\t\t<\/div>\r\n\t\t\t\t<\/div><\/div><\/div>","protected":false},"excerpt":{"rendered":"","protected":false},"author":9,"featured_media":0,"parent":975,"menu_order":0,"comment_status":"closed","ping_status":"closed","template":"templates\/template-application-platform.php","meta":{"publish_to_discourse":"","publish_post_category":"","wpdc_auto_publish_overridden":"","wpdc_topic_tags":"","wpdc_pin_topic":"","wpdc_pin_until":"","discourse_post_id":"","discourse_permalink":"","wpdc_publishing_response":"","wpdc_publishing_error":"","footnotes":""},"class_list":["post-7876","page","type-page","status-publish","hentry"],"yoast_head":"<!-- This site is optimized with the Yoast SEO plugin v25.3.1 - https:\/\/yoast.com\/wordpress\/plugins\/seo\/ -->\n<title>Elfsight Radio Player para sitios web de Shopify (gratis y r\u00e1pido)<\/title>\n<meta name=\"description\" content=\"Agregue una aplicaci\u00f3n de reproductor de radio receptiva a su p\u00e1gina de inicio. \u00a1Aplica nuestra pr\u00e1ctica demostraci\u00f3n y construye tu herramienta con solo unos pocos clics!\" \/>\n<meta name=\"robots\" content=\"index, follow, max-snippet:-1, max-image-preview:large, max-video-preview:-1\" \/>\n<link rel=\"canonical\" href=\"https:\/\/elfsight.com\/es\/radio-player-widget\/shopify\/\" \/>\n<meta property=\"og:locale\" content=\"es_ES\" \/>\n<meta property=\"og:type\" content=\"article\" \/>\n<meta property=\"og:title\" content=\"Elfsight Radio Player para sitios web de Shopify (gratis y r\u00e1pido)\" \/>\n<meta property=\"og:description\" content=\"Agregue una aplicaci\u00f3n de reproductor de radio receptiva a su p\u00e1gina de inicio. \u00a1Aplica nuestra pr\u00e1ctica demostraci\u00f3n y construye tu herramienta con solo unos pocos clics!\" \/>\n<meta property=\"og:url\" content=\"https:\/\/elfsight.com\/es\/radio-player-widget\/shopify\/\" \/>\n<meta property=\"og:site_name\" content=\"Elfsight ES\" \/>\n<meta property=\"article:modified_time\" content=\"2025-02-06T15:45:01+00:00\" \/>\n<meta name=\"twitter:card\" content=\"summary_large_image\" \/>\n<meta name=\"twitter:label1\" content=\"Tiempo de lectura\" \/>\n\t<meta name=\"twitter:data1\" content=\"3 minutos\" \/>\n<!-- \/ Yoast SEO plugin. -->","yoast_head_json":{"title":"Elfsight Radio Player para sitios web de Shopify (gratis y r\u00e1pido)","description":"Agregue una aplicaci\u00f3n de reproductor de radio receptiva a su p\u00e1gina de inicio. \u00a1Aplica nuestra pr\u00e1ctica demostraci\u00f3n y construye tu herramienta con solo unos pocos clics!","robots":{"index":"index","follow":"follow","max-snippet":"max-snippet:-1","max-image-preview":"max-image-preview:large","max-video-preview":"max-video-preview:-1"},"canonical":"https:\/\/elfsight.com\/es\/radio-player-widget\/shopify\/","og_locale":"es_ES","og_type":"article","og_title":"Elfsight Radio Player para sitios web de Shopify (gratis y r\u00e1pido)","og_description":"Agregue una aplicaci\u00f3n de reproductor de radio receptiva a su p\u00e1gina de inicio. \u00a1Aplica nuestra pr\u00e1ctica demostraci\u00f3n y construye tu herramienta con solo unos pocos clics!","og_url":"https:\/\/elfsight.com\/es\/radio-player-widget\/shopify\/","og_site_name":"Elfsight ES","article_modified_time":"2025-02-06T15:45:01+00:00","twitter_card":"summary_large_image","twitter_misc":{"Tiempo de lectura":"3 minutos"},"schema":{"@context":"https:\/\/schema.org","@graph":[{"@type":"WebPage","@id":"https:\/\/elfsight.com\/es\/radio-player-widget\/shopify\/","url":"https:\/\/elfsight.com\/es\/radio-player-widget\/shopify\/","name":"Elfsight Radio Player para sitios web de Shopify (gratis y r\u00e1pido)","isPartOf":{"@id":"https:\/\/elfsight.com\/es\/#website"},"datePublished":"1970-01-01T00:00:00+00:00","dateModified":"2025-02-06T15:45:01+00:00","description":"Agregue una aplicaci\u00f3n de reproductor de radio receptiva a su p\u00e1gina de inicio. \u00a1Aplica nuestra pr\u00e1ctica demostraci\u00f3n y construye tu herramienta con solo unos pocos clics!","breadcrumb":{"@id":"https:\/\/elfsight.com\/es\/radio-player-widget\/shopify\/#breadcrumb"},"inLanguage":"es","potentialAction":[{"@type":"ReadAction","target":["https:\/\/elfsight.com\/es\/radio-player-widget\/shopify\/"]}]},{"@type":"BreadcrumbList","@id":"https:\/\/elfsight.com\/es\/radio-player-widget\/shopify\/#breadcrumb","itemListElement":[{"@type":"ListItem","position":1,"name":"Home","item":"https:\/\/elfsight.com\/es\/"},{"@type":"ListItem","position":2,"name":"Radio Player","item":"https:\/\/elfsight.com\/es\/radio-player-widget\/"},{"@type":"ListItem","position":3,"name":"Radio Player &#8211; Shopify"}]},{"@type":"WebSite","@id":"https:\/\/elfsight.com\/es\/#website","url":"https:\/\/elfsight.com\/es\/","name":"Elfsight ES","description":"Just another Elfsight Sites site","potentialAction":[{"@type":"SearchAction","target":{"@type":"EntryPoint","urlTemplate":"https:\/\/elfsight.com\/es\/?s={search_term_string}"},"query-input":{"@type":"PropertyValueSpecification","valueRequired":true,"valueName":"search_term_string"}}],"inLanguage":"es"}]}},"meta_box":{"industry":"","seo_heading":"","heading":"","description":"","cta_heading":"","cta_description":"","application":"974","h1":"Aplicaci\u00f3n Shopify Radio Player","h1_caption":"Ampl\u00ede sus opciones de contenido y destaque entre sus competidores","application_category":[],"applications_title":"","applications_request_title":"","applications_request_button_text":"","hero_text":"","hero_video":"","hero_video_schema_markup":"","selling_points_title":"","selling_points_caption":"","selling_points":[],"selling_points_cta_text":"","features_title":"","features":"","ed_cta_examples_text":"","ed_cta_examples_hidden":"","ed_cta_demo_text":"","ed_cta_demo_hidden":"","why_caption":"","why_editor_title":"","why_editor_text":"","why_team_title":"","why_team_text":"","why_service_title":"","why_service_text":"","template_catalog_visible":"","template_catalog_title":"","template_catalog_text":"","template_catalog_categories_visible":"","demo_title":"Crea tu aplicaci\u00f3n Reproductor de Radio","demo_caption":"\u00a1Configura tu reproductor de radio y agr\u00e9galo a tu sitio web Shopify gratis!","default_faq_hidden":"","app_template_category":[],"platform":"91","template_public_id":"","codecanyon_url":"","codecanyon_item_id":"","codecanyon_price":"","pricing_caption":"","pricing_elfsight_apps_hide_column":"","pricing_elfsight_apps_url":"","pricing_codecanyon_price_caption":"","integration_category":[],"integration_request_title":"","integration_request_cta":"","integration_platform":"","integrations":[],"platform_category":[],"video_schema_markup":"","price":"desde $0 \/ mes","trial":"","benefits":[{"text":"Servicio de instalaci\u00f3n gratuito"},{"text":"Soporte premium"},{"text":"Garant\u00eda de devoluci\u00f3n de dinero de 14 d\u00edas"},{"text":"Actualizaciones gratuitas continuas"}],"button_url":"#demo","button_target_blank":"","button_nofollow":"","attributes":[{"name":"Instalaciones","content":"10,000 - 100,000"},{"name":"Sensible","content":"S\u00ed"},{"name":"Navegadores compatibles","content":"Firefox, Safari, Opera, Chrome, Edge"}],"tags":[],"tags_disable_links":"","hide_more_platforms":"","video_object":"","demo_hide_cta":"","demo_hide_cloud_options":"","pricing_title":"","pricing":[{"pricing_icon":"cloud","pricing_title":"Elfsight Apps","pricing_title_caption":"Versi\u00f3n multiplataforma que funciona en cualquier sitio web.","pricing_price":"desde $0 \/ mes","pricing_price_caption":"comienza con el plan gratuito","pricing_benefits":[{"text":"Sitios web ilimitados"},{"text":"Soporte premium"},{"text":"Servicio de instalaci\u00f3n gratuito"},{"text":"Oferta especial para m\u00faltiples aplicaciones."}],"pricing_button_text":"A\u00f1adir al sitio web","pricing_button_url":"#demo"}],"related_apps_title":"","related_apps_hidden":"","author":"","image":[],"title":"","job":"","social_networks":[]},"_links":{"self":[{"href":"https:\/\/elfsight.com\/es\/wp-json\/wp\/v2\/pages\/7876","targetHints":{"allow":["GET"]}}],"collection":[{"href":"https:\/\/elfsight.com\/es\/wp-json\/wp\/v2\/pages"}],"about":[{"href":"https:\/\/elfsight.com\/es\/wp-json\/wp\/v2\/types\/page"}],"author":[{"embeddable":true,"href":"https:\/\/elfsight.com\/es\/wp-json\/wp\/v2\/users\/9"}],"replies":[{"embeddable":true,"href":"https:\/\/elfsight.com\/es\/wp-json\/wp\/v2\/comments?post=7876"}],"version-history":[{"count":2,"href":"https:\/\/elfsight.com\/es\/wp-json\/wp\/v2\/pages\/7876\/revisions"}],"predecessor-version":[{"id":18745,"href":"https:\/\/elfsight.com\/es\/wp-json\/wp\/v2\/pages\/7876\/revisions\/18745"}],"up":[{"embeddable":true,"href":"https:\/\/elfsight.com\/es\/wp-json\/wp\/v2\/pages\/975"}],"wp:attachment":[{"href":"https:\/\/elfsight.com\/es\/wp-json\/wp\/v2\/media?parent=7876"}],"curies":[{"name":"wp","href":"https:\/\/api.w.org\/{rel}","templated":true}]}}